{"id":108989,"date":"2025-09-19T12:58:39","date_gmt":"2025-09-19T10:58:39","guid":{"rendered":"https:\/\/theworldbilliards.com\/service-dnettoyage-desinfection-et-polissage-de-boules-de-billard\/"},"modified":"2026-02-16T12:50:37","modified_gmt":"2026-02-16T11:50:37","slug":"service-dnettoyage-desinfection-et-polissage-de-boules-de-billard","status":"publish","type":"page","link":"https:\/\/theworldbilliards.com\/fr\/service-dnettoyage-desinfection-et-polissage-de-boules-de-billard\/","title":{"rendered":"Service d\u2019nettoyage, d\u00e9sinfection et polissage de boules de billard"},"content":{"rendered":"\n<h1 class=\"wp-block-heading\">Service d\u2019nettoyage, d\u00e9sinfection et polissage de boules de billard<\/h1>\n\n<p>Nettoie, d\u00e9sinfecte et polit vos boules de billard ou de snooker pour votre entreprise ou votre domicile.<\/p>\n\n<hr class=\"wp-block-separator has-alpha-channel-opacity\"\/>\n\n<div class=\"wp-block-group is-nowrap is-layout-flex wp-container-core-group-is-layout-6c531013 wp-block-group-is-layout-flex\">\n<figure class=\"wp-block-video\"><video height=\"864\" style=\"aspect-ratio: 480 \/ 864;\" width=\"480\" controls=\"\" src=\"https:\/\/theworldbilliards.com\/wp-content\/uploads\/2020\/09\/limpiabolas.mp4\"><\/video><\/figure>\n\n\n\n<figure class=\"wp-block-image size-large\"><img loading=\"lazy\" decoding=\"async\" width=\"592\" height=\"1024\" src=\"https:\/\/theworldbilliards.com\/wp-content\/uploads\/2026\/02\/antes-y-despues-2-592x1024.png\" alt=\"\" class=\"wp-image-111715\" srcset=\"https:\/\/theworldbilliards.com\/wp-content\/uploads\/2026\/02\/antes-y-despues-2-592x1024.png 592w, https:\/\/theworldbilliards.com\/wp-content\/uploads\/2026\/02\/antes-y-despues-2-174x300.png 174w, https:\/\/theworldbilliards.com\/wp-content\/uploads\/2026\/02\/antes-y-despues-2-600x1037.png 600w, https:\/\/theworldbilliards.com\/wp-content\/uploads\/2026\/02\/antes-y-despues-2.png 748w\" sizes=\"auto, (max-width: 592px) 100vw, 592px\" \/><\/figure>\n\n\n\n<figure class=\"wp-block-gallery has-nested-images columns-default is-cropped wp-block-gallery-1 is-layout-flex wp-block-gallery-is-layout-flex\">\n<figure class=\"wp-block-image size-large\"><img loading=\"lazy\" decoding=\"async\" width=\"892\" height=\"1024\" data-id=\"108907\" src=\"https:\/\/theworldbilliards.com\/wp-content\/uploads\/2020\/09\/limpiabolas-892x1024.jpg\" alt=\"\" class=\"wp-image-108907\" srcset=\"https:\/\/theworldbilliards.com\/wp-content\/uploads\/2020\/09\/limpiabolas-892x1024.jpg 892w, https:\/\/theworldbilliards.com\/wp-content\/uploads\/2020\/09\/limpiabolas-261x300.jpg 261w, https:\/\/theworldbilliards.com\/wp-content\/uploads\/2020\/09\/limpiabolas-768x882.jpg 768w, https:\/\/theworldbilliards.com\/wp-content\/uploads\/2020\/09\/limpiabolas-600x689.jpg 600w, https:\/\/theworldbilliards.com\/wp-content\/uploads\/2020\/09\/limpiabolas.jpg 1080w\" sizes=\"auto, (max-width: 892px) 100vw, 892px\" \/><\/figure>\n\n\n\n<figure class=\"wp-block-image size-large\"><img loading=\"lazy\" decoding=\"async\" width=\"743\" height=\"743\" data-id=\"108934\" src=\"https:\/\/theworldbilliards.com\/wp-content\/uploads\/2020\/09\/maquina-limpia-bolas-1.png\" alt=\"\" class=\"wp-image-108934\" srcset=\"https:\/\/theworldbilliards.com\/wp-content\/uploads\/2020\/09\/maquina-limpia-bolas-1.png 743w, https:\/\/theworldbilliards.com\/wp-content\/uploads\/2020\/09\/maquina-limpia-bolas-1-300x300.png 300w, https:\/\/theworldbilliards.com\/wp-content\/uploads\/2020\/09\/maquina-limpia-bolas-1-150x150.png 150w, https:\/\/theworldbilliards.com\/wp-content\/uploads\/2020\/09\/maquina-limpia-bolas-1-250x250.png 250w, https:\/\/theworldbilliards.com\/wp-content\/uploads\/2020\/09\/maquina-limpia-bolas-1-600x600.png 600w, https:\/\/theworldbilliards.com\/wp-content\/uploads\/2020\/09\/maquina-limpia-bolas-1-100x100.png 100w\" sizes=\"auto, (max-width: 743px) 100vw, 743px\" \/><\/figure>\n<\/figure>\n<\/div>\n\n<p>Machine disponible \u00e0 la vente<\/p>\n\n<h3 class=\"wp-block-heading\">Demander un devis<\/h3>\n\n<div class=\"wp-block-contact-form-7-contact-form-selector\"><p class=\"wpcf7-contact-form-not-found\"><strong>Erreur\u00a0:<\/strong> Formulaire de contact non trouv\u00e9\u00a0!<\/p><\/div><br>\n\n<p><\/p>\n","protected":false},"excerpt":{"rendered":"<p>Service d\u2019nettoyage, d\u00e9sinfection et polissage de boules de billard Nettoie, d\u00e9sinfecte et polit vos boules de billard ou de snooker [&hellip;]<\/p>\n","protected":false},"author":321,"featured_media":0,"parent":0,"menu_order":0,"comment_status":"closed","ping_status":"closed","template":"","meta":{"site-sidebar-layout":"default","site-content-layout":"","ast-site-content-layout":"default","site-content-style":"default","site-sidebar-style":"default","ast-global-header-display":"","ast-banner-title-visibility":"","ast-main-header-display":"","ast-hfb-above-header-display":"","ast-hfb-below-header-display":"","ast-hfb-mobile-header-display":"","site-post-title":"","ast-breadcrumbs-content":"","ast-featured-img":"","footer-sml-layout":"","ast-disable-related-posts":"","theme-transparent-header-meta":"","adv-header-id-meta":"","stick-header-meta":"","header-above-stick-meta":"","header-main-stick-meta":"","header-below-stick-meta":"","astra-migrate-meta-layouts":"default","ast-page-background-enabled":"default","ast-page-background-meta":{"desktop":{"background-color":"var(--ast-global-color-4)","background-image":"","background-repeat":"repeat","background-position":"center center","background-size":"auto","background-attachment":"scroll","background-type":"","background-media":"","overlay-type":"","overlay-color":"","overlay-opacity":"","overlay-gradient":""},"tablet":{"background-color":"","background-image":"","background-repeat":"repeat","background-position":"center center","background-size":"auto","background-attachment":"scroll","background-type":"","background-media":"","overlay-type":"","overlay-color":"","overlay-opacity":"","overlay-gradient":""},"mobile":{"background-color":"","background-image":"","background-repeat":"repeat","background-position":"center center","background-size":"auto","background-attachment":"scroll","background-type":"","background-media":"","overlay-type":"","overlay-color":"","overlay-opacity":"","overlay-gradient":""}},"ast-content-background-meta":{"desktop":{"background-color":"var(--ast-global-color-5)","background-image":"","background-repeat":"repeat","background-position":"center center","background-size":"auto","background-attachment":"scroll","background-type":"","background-media":"","overlay-type":"","overlay-color":"","overlay-opacity":"","overlay-gradient":""},"tablet":{"background-color":"var(--ast-global-color-5)","background-image":"","background-repeat":"repeat","background-position":"center center","background-size":"auto","background-attachment":"scroll","background-type":"","background-media":"","overlay-type":"","overlay-color":"","overlay-opacity":"","overlay-gradient":""},"mobile":{"background-color":"var(--ast-global-color-5)","background-image":"","background-repeat":"repeat","background-position":"center center","background-size":"auto","background-attachment":"scroll","background-type":"","background-media":"","overlay-type":"","overlay-color":"","overlay-opacity":"","overlay-gradient":""}},"footnotes":""},"class_list":["post-108989","page","type-page","status-publish","hentry"],"yoast_head":"<!-- This site is optimized with the Yoast SEO plugin v27.5 - https:\/\/yoast.com\/product\/yoast-seo-wordpress\/ -->\n<title>Service d\u2019nettoyage, d\u00e9sinfection et polissage de boules de billard - The World Billiards<\/title>\n<meta name=\"description\" content=\"Service d\u2019nettoyage, d\u00e9sinfection et polissage de boules de billard Nettoie, d\u00e9sinfecte et polit vos boules de billard ou de snooker pour votre entreprise ou votre domicile.           Machine disponible \u00e0 la vente Demander un devis\" \/>\n<meta name=\"robots\" content=\"index, follow, max-snippet:-1, max-image-preview:large, max-video-preview:-1\" \/>\n<link rel=\"canonical\" href=\"https:\/\/theworldbilliards.com\/fr\/service-dnettoyage-desinfection-et-polissage-de-boules-de-billard\/\" \/>\n<meta property=\"og:locale\" content=\"fr_FR\" \/>\n<meta property=\"og:type\" content=\"article\" \/>\n<meta property=\"og:title\" content=\"Service d\u2019nettoyage, d\u00e9sinfection et polissage de boules de billard - The World Billiards\" \/>\n<meta property=\"og:description\" content=\"Service d\u2019nettoyage, d\u00e9sinfection et polissage de boules de billard Nettoie, d\u00e9sinfecte et polit vos boules de billard ou de snooker pour votre entreprise ou votre domicile.           Machine disponible \u00e0 la vente Demander un devis\" \/>\n<meta property=\"og:url\" content=\"https:\/\/theworldbilliards.com\/fr\/service-dnettoyage-desinfection-et-polissage-de-boules-de-billard\/\" \/>\n<meta property=\"og:site_name\" content=\"The World Billiards\" \/>\n<meta property=\"article:publisher\" content=\"https:\/\/www.facebook.com\/baby.foot.superbes\" \/>\n<meta property=\"article:modified_time\" content=\"2026-02-16T11:50:37+00:00\" \/>\n<meta property=\"og:image\" content=\"https:\/\/theworldbilliards.com\/wp-content\/uploads\/2026\/02\/antes-y-despues-2.png\" \/>\n\t<meta property=\"og:image:width\" content=\"748\" \/>\n\t<meta property=\"og:image:height\" content=\"1293\" \/>\n\t<meta property=\"og:image:type\" content=\"image\/png\" \/>\n<meta name=\"twitter:card\" content=\"summary_large_image\" \/>\n<script type=\"application\/ld+json\" class=\"yoast-schema-graph\">{\"@context\":\"https:\\\/\\\/schema.org\",\"@graph\":[{\"@type\":\"WebPage\",\"@id\":\"https:\\\/\\\/theworldbilliards.com\\\/fr\\\/service-dnettoyage-desinfection-et-polissage-de-boules-de-billard\\\/\",\"url\":\"https:\\\/\\\/theworldbilliards.com\\\/fr\\\/service-dnettoyage-desinfection-et-polissage-de-boules-de-billard\\\/\",\"name\":\"Service d\u2019nettoyage, d\u00e9sinfection et polissage de boules de billard - The World Billiards\",\"isPartOf\":{\"@id\":\"https:\\\/\\\/theworldbilliards.com\\\/fr\\\/#website\"},\"primaryImageOfPage\":{\"@id\":\"https:\\\/\\\/theworldbilliards.com\\\/fr\\\/service-dnettoyage-desinfection-et-polissage-de-boules-de-billard\\\/#primaryimage\"},\"image\":{\"@id\":\"https:\\\/\\\/theworldbilliards.com\\\/fr\\\/service-dnettoyage-desinfection-et-polissage-de-boules-de-billard\\\/#primaryimage\"},\"thumbnailUrl\":\"https:\\\/\\\/theworldbilliards.com\\\/wp-content\\\/uploads\\\/2026\\\/02\\\/antes-y-despues-2-592x1024.png\",\"datePublished\":\"2025-09-19T10:58:39+00:00\",\"dateModified\":\"2026-02-16T11:50:37+00:00\",\"description\":\"Service d\u2019nettoyage, d\u00e9sinfection et polissage de boules de billard Nettoie, d\u00e9sinfecte et polit vos boules de billard ou de snooker pour votre entreprise ou votre domicile. Machine disponible \u00e0 la vente Demander un devis\",\"breadcrumb\":{\"@id\":\"https:\\\/\\\/theworldbilliards.com\\\/fr\\\/service-dnettoyage-desinfection-et-polissage-de-boules-de-billard\\\/#breadcrumb\"},\"inLanguage\":\"fr-FR\",\"potentialAction\":[{\"@type\":\"ReadAction\",\"target\":[\"https:\\\/\\\/theworldbilliards.com\\\/fr\\\/service-dnettoyage-desinfection-et-polissage-de-boules-de-billard\\\/\"]}]},{\"@type\":\"ImageObject\",\"inLanguage\":\"fr-FR\",\"@id\":\"https:\\\/\\\/theworldbilliards.com\\\/fr\\\/service-dnettoyage-desinfection-et-polissage-de-boules-de-billard\\\/#primaryimage\",\"url\":\"https:\\\/\\\/theworldbilliards.com\\\/wp-content\\\/uploads\\\/2026\\\/02\\\/antes-y-despues-2-592x1024.png\",\"contentUrl\":\"https:\\\/\\\/theworldbilliards.com\\\/wp-content\\\/uploads\\\/2026\\\/02\\\/antes-y-despues-2-592x1024.png\"},{\"@type\":\"BreadcrumbList\",\"@id\":\"https:\\\/\\\/theworldbilliards.com\\\/fr\\\/service-dnettoyage-desinfection-et-polissage-de-boules-de-billard\\\/#breadcrumb\",\"itemListElement\":[{\"@type\":\"ListItem\",\"position\":1,\"name\":\"In\u00edcio\",\"item\":\"https:\\\/\\\/theworldbilliards.com\\\/fr\\\/\"},{\"@type\":\"ListItem\",\"position\":2,\"name\":\"Service d\u2019nettoyage, d\u00e9sinfection et polissage de boules de billard\"}]},{\"@type\":\"WebSite\",\"@id\":\"https:\\\/\\\/theworldbilliards.com\\\/fr\\\/#website\",\"url\":\"https:\\\/\\\/theworldbilliards.com\\\/fr\\\/\",\"name\":\"TheWorldBilliards\",\"description\":\"Achetez ici billard, baby-foot, ping-pong et bowling\",\"publisher\":{\"@id\":\"https:\\\/\\\/theworldbilliards.com\\\/fr\\\/#organization\"},\"alternateName\":\"The world billiards\",\"potentialAction\":[{\"@type\":\"SearchAction\",\"target\":{\"@type\":\"EntryPoint\",\"urlTemplate\":\"https:\\\/\\\/theworldbilliards.com\\\/fr\\\/?s={search_term_string}\"},\"query-input\":{\"@type\":\"PropertyValueSpecification\",\"valueRequired\":true,\"valueName\":\"search_term_string\"}}],\"inLanguage\":\"fr-FR\"},{\"@type\":\"Organization\",\"@id\":\"https:\\\/\\\/theworldbilliards.com\\\/fr\\\/#organization\",\"name\":\"The World Billiards\",\"alternateName\":\"The World Billiards\",\"url\":\"https:\\\/\\\/theworldbilliards.com\\\/fr\\\/\",\"logo\":{\"@type\":\"ImageObject\",\"inLanguage\":\"fr-FR\",\"@id\":\"https:\\\/\\\/theworldbilliards.com\\\/fr\\\/#\\\/schema\\\/logo\\\/image\\\/\",\"url\":\"\",\"contentUrl\":\"\",\"caption\":\"The World Billiards\"},\"image\":{\"@id\":\"https:\\\/\\\/theworldbilliards.com\\\/fr\\\/#\\\/schema\\\/logo\\\/image\\\/\"},\"sameAs\":[\"https:\\\/\\\/www.facebook.com\\\/baby.foot.superbes\",\"https:\\\/\\\/www.youtube.com\\\/channel\\\/UCIMuOVAaUcH6UpZcsZlH0Tg\",\"https:\\\/\\\/www.facebook.com\\\/people\\\/Brunswick-Billiards-EspaaPortugal\\\/100066446264309\\\/\",\"https:\\\/\\\/www.instagram.com\\\/the_world_billiards\\\/\",\"https:\\\/\\\/www.pinterest.es\\\/Theworldbilliards\\\/\"]}]}<\/script>\n<!-- \/ Yoast SEO plugin. -->","yoast_head_json":{"title":"Service d\u2019nettoyage, d\u00e9sinfection et polissage de boules de billard - The World Billiards","description":"Service d\u2019nettoyage, d\u00e9sinfection et polissage de boules de billard Nettoie, d\u00e9sinfecte et polit vos boules de billard ou de snooker pour votre entreprise ou votre domicile.           Machine disponible \u00e0 la vente Demander un devis","robots":{"index":"index","follow":"follow","max-snippet":"max-snippet:-1","max-image-preview":"max-image-preview:large","max-video-preview":"max-video-preview:-1"},"canonical":"https:\/\/theworldbilliards.com\/fr\/service-dnettoyage-desinfection-et-polissage-de-boules-de-billard\/","og_locale":"fr_FR","og_type":"article","og_title":"Service d\u2019nettoyage, d\u00e9sinfection et polissage de boules de billard - The World Billiards","og_description":"Service d\u2019nettoyage, d\u00e9sinfection et polissage de boules de billard Nettoie, d\u00e9sinfecte et polit vos boules de billard ou de snooker pour votre entreprise ou votre domicile.           Machine disponible \u00e0 la vente Demander un devis","og_url":"https:\/\/theworldbilliards.com\/fr\/service-dnettoyage-desinfection-et-polissage-de-boules-de-billard\/","og_site_name":"The World Billiards","article_publisher":"https:\/\/www.facebook.com\/baby.foot.superbes","article_modified_time":"2026-02-16T11:50:37+00:00","og_image":[{"width":748,"height":1293,"url":"https:\/\/theworldbilliards.com\/wp-content\/uploads\/2026\/02\/antes-y-despues-2.png","type":"image\/png"}],"twitter_card":"summary_large_image","schema":{"@context":"https:\/\/schema.org","@graph":[{"@type":"WebPage","@id":"https:\/\/theworldbilliards.com\/fr\/service-dnettoyage-desinfection-et-polissage-de-boules-de-billard\/","url":"https:\/\/theworldbilliards.com\/fr\/service-dnettoyage-desinfection-et-polissage-de-boules-de-billard\/","name":"Service d\u2019nettoyage, d\u00e9sinfection et polissage de boules de billard - The World Billiards","isPartOf":{"@id":"https:\/\/theworldbilliards.com\/fr\/#website"},"primaryImageOfPage":{"@id":"https:\/\/theworldbilliards.com\/fr\/service-dnettoyage-desinfection-et-polissage-de-boules-de-billard\/#primaryimage"},"image":{"@id":"https:\/\/theworldbilliards.com\/fr\/service-dnettoyage-desinfection-et-polissage-de-boules-de-billard\/#primaryimage"},"thumbnailUrl":"https:\/\/theworldbilliards.com\/wp-content\/uploads\/2026\/02\/antes-y-despues-2-592x1024.png","datePublished":"2025-09-19T10:58:39+00:00","dateModified":"2026-02-16T11:50:37+00:00","description":"Service d\u2019nettoyage, d\u00e9sinfection et polissage de boules de billard Nettoie, d\u00e9sinfecte et polit vos boules de billard ou de snooker pour votre entreprise ou votre domicile. Machine disponible \u00e0 la vente Demander un devis","breadcrumb":{"@id":"https:\/\/theworldbilliards.com\/fr\/service-dnettoyage-desinfection-et-polissage-de-boules-de-billard\/#breadcrumb"},"inLanguage":"fr-FR","potentialAction":[{"@type":"ReadAction","target":["https:\/\/theworldbilliards.com\/fr\/service-dnettoyage-desinfection-et-polissage-de-boules-de-billard\/"]}]},{"@type":"ImageObject","inLanguage":"fr-FR","@id":"https:\/\/theworldbilliards.com\/fr\/service-dnettoyage-desinfection-et-polissage-de-boules-de-billard\/#primaryimage","url":"https:\/\/theworldbilliards.com\/wp-content\/uploads\/2026\/02\/antes-y-despues-2-592x1024.png","contentUrl":"https:\/\/theworldbilliards.com\/wp-content\/uploads\/2026\/02\/antes-y-despues-2-592x1024.png"},{"@type":"BreadcrumbList","@id":"https:\/\/theworldbilliards.com\/fr\/service-dnettoyage-desinfection-et-polissage-de-boules-de-billard\/#breadcrumb","itemListElement":[{"@type":"ListItem","position":1,"name":"In\u00edcio","item":"https:\/\/theworldbilliards.com\/fr\/"},{"@type":"ListItem","position":2,"name":"Service d\u2019nettoyage, d\u00e9sinfection et polissage de boules de billard"}]},{"@type":"WebSite","@id":"https:\/\/theworldbilliards.com\/fr\/#website","url":"https:\/\/theworldbilliards.com\/fr\/","name":"TheWorldBilliards","description":"Achetez ici billard, baby-foot, ping-pong et bowling","publisher":{"@id":"https:\/\/theworldbilliards.com\/fr\/#organization"},"alternateName":"The world billiards","potentialAction":[{"@type":"SearchAction","target":{"@type":"EntryPoint","urlTemplate":"https:\/\/theworldbilliards.com\/fr\/?s={search_term_string}"},"query-input":{"@type":"PropertyValueSpecification","valueRequired":true,"valueName":"search_term_string"}}],"inLanguage":"fr-FR"},{"@type":"Organization","@id":"https:\/\/theworldbilliards.com\/fr\/#organization","name":"The World Billiards","alternateName":"The World Billiards","url":"https:\/\/theworldbilliards.com\/fr\/","logo":{"@type":"ImageObject","inLanguage":"fr-FR","@id":"https:\/\/theworldbilliards.com\/fr\/#\/schema\/logo\/image\/","url":"","contentUrl":"","caption":"The World Billiards"},"image":{"@id":"https:\/\/theworldbilliards.com\/fr\/#\/schema\/logo\/image\/"},"sameAs":["https:\/\/www.facebook.com\/baby.foot.superbes","https:\/\/www.youtube.com\/channel\/UCIMuOVAaUcH6UpZcsZlH0Tg","https:\/\/www.facebook.com\/people\/Brunswick-Billiards-EspaaPortugal\/100066446264309\/","https:\/\/www.instagram.com\/the_world_billiards\/","https:\/\/www.pinterest.es\/Theworldbilliards\/"]}]}},"_links":{"self":[{"href":"https:\/\/theworldbilliards.com\/fr\/wp-json\/wp\/v2\/pages\/108989","targetHints":{"allow":["GET"]}}],"collection":[{"href":"https:\/\/theworldbilliards.com\/fr\/wp-json\/wp\/v2\/pages"}],"about":[{"href":"https:\/\/theworldbilliards.com\/fr\/wp-json\/wp\/v2\/types\/page"}],"author":[{"embeddable":true,"href":"https:\/\/theworldbilliards.com\/fr\/wp-json\/wp\/v2\/users\/321"}],"replies":[{"embeddable":true,"href":"https:\/\/theworldbilliards.com\/fr\/wp-json\/wp\/v2\/comments?post=108989"}],"version-history":[{"count":0,"href":"https:\/\/theworldbilliards.com\/fr\/wp-json\/wp\/v2\/pages\/108989\/revisions"}],"wp:attachment":[{"href":"https:\/\/theworldbilliards.com\/fr\/wp-json\/wp\/v2\/media?parent=108989"}],"curies":[{"name":"wp","href":"https:\/\/api.w.org\/{rel}","templated":true}]}}