{"id":109007,"date":"2025-09-22T11:18:26","date_gmt":"2025-09-22T09:18:26","guid":{"rendered":"https:\/\/theworldbilliards.com\/service-de-remplacement-de-virole-et-de-procede-de-queue-de-billard\/"},"modified":"2026-01-28T13:03:44","modified_gmt":"2026-01-28T12:03:44","slug":"service-de-reparation-de-queues-de-billard","status":"publish","type":"page","link":"https:\/\/theworldbilliards.com\/fr\/service-de-reparation-de-queues-de-billard\/","title":{"rendered":"Service de r\u00e9paration de queues de billard"},"content":{"rendered":"\n<h1 class=\"wp-block-heading has-text-align-center\">Service de r\u00e9paration de queues de billard<\/h1>\n\n<hr class=\"wp-block-separator has-text-color has-white-color has-alpha-channel-opacity has-white-background-color has-background\"\/>\n\n<figure class=\"wp-block-gallery has-nested-images columns-default is-cropped wp-block-gallery-1 is-layout-flex wp-block-gallery-is-layout-flex\">\n<figure class=\"wp-block-image size-large\"><img loading=\"lazy\" decoding=\"async\" width=\"690\" height=\"1024\" data-id=\"109914\" src=\"https:\/\/theworldbilliards.com\/wp-content\/uploads\/2025\/12\/taco-sin-reparar-690x1024.jpeg\" alt=\"\" class=\"wp-image-109914\" srcset=\"https:\/\/theworldbilliards.com\/wp-content\/uploads\/2025\/12\/taco-sin-reparar-690x1024.jpeg 690w, https:\/\/theworldbilliards.com\/wp-content\/uploads\/2025\/12\/taco-sin-reparar-202x300.jpeg 202w, https:\/\/theworldbilliards.com\/wp-content\/uploads\/2025\/12\/taco-sin-reparar-768x1140.jpeg 768w, https:\/\/theworldbilliards.com\/wp-content\/uploads\/2025\/12\/taco-sin-reparar-600x890.jpeg 600w, https:\/\/theworldbilliards.com\/wp-content\/uploads\/2025\/12\/taco-sin-reparar.jpeg 1029w\" sizes=\"auto, (max-width: 690px) 100vw, 690px\" \/><\/figure>\n\n\n\n<figure class=\"wp-block-image size-large\"><img loading=\"lazy\" decoding=\"async\" width=\"753\" height=\"1024\" data-id=\"109913\" src=\"https:\/\/theworldbilliards.com\/wp-content\/uploads\/2025\/12\/taco-reparado-753x1024.jpeg\" alt=\"\" class=\"wp-image-109913\" srcset=\"https:\/\/theworldbilliards.com\/wp-content\/uploads\/2025\/12\/taco-reparado-753x1024.jpeg 753w, https:\/\/theworldbilliards.com\/wp-content\/uploads\/2025\/12\/taco-reparado-221x300.jpeg 221w, https:\/\/theworldbilliards.com\/wp-content\/uploads\/2025\/12\/taco-reparado-768x1044.jpeg 768w, https:\/\/theworldbilliards.com\/wp-content\/uploads\/2025\/12\/taco-reparado-600x816.jpeg 600w, https:\/\/theworldbilliards.com\/wp-content\/uploads\/2025\/12\/taco-reparado.jpeg 1034w\" sizes=\"auto, (max-width: 753px) 100vw, 753px\" \/><\/figure>\n<\/figure>\n\n<hr class=\"wp-block-separator has-text-color has-white-color has-alpha-channel-opacity has-white-background-color has-background\"\/>\n\n<hr class=\"wp-block-separator has-text-color has-ast-global-color-5-color has-alpha-channel-opacity has-ast-global-color-5-background-color has-background\"\/>\n\n<figure class=\"wp-block-gallery has-nested-images columns-default is-cropped wp-block-gallery-2 is-layout-flex wp-block-gallery-is-layout-flex\">\n<figure class=\"wp-block-image size-large\"><img loading=\"lazy\" decoding=\"async\" width=\"597\" height=\"1024\" data-id=\"109916\" src=\"https:\/\/theworldbilliards.com\/wp-content\/uploads\/2025\/12\/cambio-suelas-taco-597x1024.jpeg\" alt=\"\" class=\"wp-image-109916\" srcset=\"https:\/\/theworldbilliards.com\/wp-content\/uploads\/2025\/12\/cambio-suelas-taco-597x1024.jpeg 597w, https:\/\/theworldbilliards.com\/wp-content\/uploads\/2025\/12\/cambio-suelas-taco-175x300.jpeg 175w, https:\/\/theworldbilliards.com\/wp-content\/uploads\/2025\/12\/cambio-suelas-taco-768x1317.jpeg 768w, https:\/\/theworldbilliards.com\/wp-content\/uploads\/2025\/12\/cambio-suelas-taco-896x1536.jpeg 896w, https:\/\/theworldbilliards.com\/wp-content\/uploads\/2025\/12\/cambio-suelas-taco-600x1029.jpeg 600w, https:\/\/theworldbilliards.com\/wp-content\/uploads\/2025\/12\/cambio-suelas-taco.jpeg 998w\" sizes=\"auto, (max-width: 597px) 100vw, 597px\" \/><\/figure>\n\n\n\n<figure class=\"wp-block-image size-large\"><img loading=\"lazy\" decoding=\"async\" width=\"637\" height=\"1024\" data-id=\"109915\" src=\"https:\/\/theworldbilliards.com\/wp-content\/uploads\/2025\/12\/cambio-suelas-taco-billar-637x1024.jpeg\" alt=\"\" class=\"wp-image-109915\" srcset=\"https:\/\/theworldbilliards.com\/wp-content\/uploads\/2025\/12\/cambio-suelas-taco-billar-637x1024.jpeg 637w, https:\/\/theworldbilliards.com\/wp-content\/uploads\/2025\/12\/cambio-suelas-taco-billar-187x300.jpeg 187w, https:\/\/theworldbilliards.com\/wp-content\/uploads\/2025\/12\/cambio-suelas-taco-billar-768x1234.jpeg 768w, https:\/\/theworldbilliards.com\/wp-content\/uploads\/2025\/12\/cambio-suelas-taco-billar-956x1536.jpeg 956w, https:\/\/theworldbilliards.com\/wp-content\/uploads\/2025\/12\/cambio-suelas-taco-billar-600x964.jpeg 600w, https:\/\/theworldbilliards.com\/wp-content\/uploads\/2025\/12\/cambio-suelas-taco-billar.jpeg 1030w\" sizes=\"auto, (max-width: 637px) 100vw, 637px\" \/><\/figure>\n\n\n\n<figure class=\"wp-block-image size-large\"><img loading=\"lazy\" decoding=\"async\" width=\"660\" height=\"1024\" data-id=\"109917\" src=\"https:\/\/theworldbilliards.com\/wp-content\/uploads\/2025\/12\/reparacion-taco-660x1024.jpeg\" alt=\"\" class=\"wp-image-109917\" srcset=\"https:\/\/theworldbilliards.com\/wp-content\/uploads\/2025\/12\/reparacion-taco-660x1024.jpeg 660w, https:\/\/theworldbilliards.com\/wp-content\/uploads\/2025\/12\/reparacion-taco-193x300.jpeg 193w, https:\/\/theworldbilliards.com\/wp-content\/uploads\/2025\/12\/reparacion-taco-768x1192.jpeg 768w, https:\/\/theworldbilliards.com\/wp-content\/uploads\/2025\/12\/reparacion-taco-990x1536.jpeg 990w, https:\/\/theworldbilliards.com\/wp-content\/uploads\/2025\/12\/reparacion-taco-600x931.jpeg 600w, https:\/\/theworldbilliards.com\/wp-content\/uploads\/2025\/12\/reparacion-taco.jpeg 1013w\" sizes=\"auto, (max-width: 660px) 100vw, 660px\" \/><\/figure>\n<\/figure>\n\n<hr class=\"wp-block-separator has-text-color has-white-color has-alpha-channel-opacity has-white-background-color has-background\"\/>\n\n<figure class=\"wp-block-gallery has-nested-images columns-default is-cropped wp-block-gallery-3 is-layout-flex wp-block-gallery-is-layout-flex\">\n<figure class=\"wp-block-image size-large\"><img loading=\"lazy\" decoding=\"async\" width=\"768\" height=\"1024\" data-id=\"110458\" src=\"https:\/\/theworldbilliards.com\/wp-content\/uploads\/2026\/01\/Nuevas-virolas-768x1024.jpeg\" alt=\"\" class=\"wp-image-110458\" srcset=\"https:\/\/theworldbilliards.com\/wp-content\/uploads\/2026\/01\/Nuevas-virolas-768x1024.jpeg 768w, https:\/\/theworldbilliards.com\/wp-content\/uploads\/2026\/01\/Nuevas-virolas-225x300.jpeg 225w, https:\/\/theworldbilliards.com\/wp-content\/uploads\/2026\/01\/Nuevas-virolas-1152x1536.jpeg 1152w, https:\/\/theworldbilliards.com\/wp-content\/uploads\/2026\/01\/Nuevas-virolas-600x800.jpeg 600w, https:\/\/theworldbilliards.com\/wp-content\/uploads\/2026\/01\/Nuevas-virolas.jpeg 1530w\" sizes=\"auto, (max-width: 768px) 100vw, 768px\" \/><\/figure>\n\n\n\n<figure class=\"wp-block-image size-large\"><img loading=\"lazy\" decoding=\"async\" width=\"768\" height=\"1024\" data-id=\"110459\" src=\"https:\/\/theworldbilliards.com\/wp-content\/uploads\/2026\/01\/Nuevas-virolas1-768x1024.jpeg\" alt=\"\" class=\"wp-image-110459\" srcset=\"https:\/\/theworldbilliards.com\/wp-content\/uploads\/2026\/01\/Nuevas-virolas1-768x1024.jpeg 768w, https:\/\/theworldbilliards.com\/wp-content\/uploads\/2026\/01\/Nuevas-virolas1-225x300.jpeg 225w, https:\/\/theworldbilliards.com\/wp-content\/uploads\/2026\/01\/Nuevas-virolas1-1152x1536.jpeg 1152w, https:\/\/theworldbilliards.com\/wp-content\/uploads\/2026\/01\/Nuevas-virolas1-600x800.jpeg 600w, https:\/\/theworldbilliards.com\/wp-content\/uploads\/2026\/01\/Nuevas-virolas1.jpeg 1530w\" sizes=\"auto, (max-width: 768px) 100vw, 768px\" \/><\/figure>\n\n\n\n<figure class=\"wp-block-image size-large\"><img loading=\"lazy\" decoding=\"async\" width=\"768\" height=\"1024\" data-id=\"110460\" src=\"https:\/\/theworldbilliards.com\/wp-content\/uploads\/2026\/01\/Nuevas-virolas2-768x1024.jpeg\" alt=\"\" class=\"wp-image-110460\" srcset=\"https:\/\/theworldbilliards.com\/wp-content\/uploads\/2026\/01\/Nuevas-virolas2-768x1024.jpeg 768w, https:\/\/theworldbilliards.com\/wp-content\/uploads\/2026\/01\/Nuevas-virolas2-225x300.jpeg 225w, https:\/\/theworldbilliards.com\/wp-content\/uploads\/2026\/01\/Nuevas-virolas2-1152x1536.jpeg 1152w, https:\/\/theworldbilliards.com\/wp-content\/uploads\/2026\/01\/Nuevas-virolas2-600x800.jpeg 600w, https:\/\/theworldbilliards.com\/wp-content\/uploads\/2026\/01\/Nuevas-virolas2.jpeg 1530w\" sizes=\"auto, (max-width: 768px) 100vw, 768px\" \/><\/figure>\n<\/figure>\n\n<hr class=\"wp-block-separator has-text-color has-white-color has-alpha-channel-opacity has-white-background-color has-background\"\/>\n\n<div class=\"wp-block-media-text is-stacked-on-mobile\" style=\"grid-template-columns:40% auto\"><figure class=\"wp-block-media-text__media\"><video controls src=\"https:\/\/theworldbilliards.com\/wp-content\/uploads\/2025\/09\/Cambio-suela-en-taco-de-billar.mp4\"><\/video><\/figure><div class=\"wp-block-media-text__content\">\n<h1 class=\"wp-block-heading has-large-font-size\">Faites r\u00e9parer votre queue de billard<\/h1>\n\n\n\n<p class=\"has-medium-font-size\">Redonnez-lui une seconde jeunesse<\/p>\n\n\n\n<p class=\"has-medium-font-size\">Nous prenons en charge toutes les r\u00e9parations, du simple remplacement du proc\u00e9d\u00e9 au remplacement professionnel de la virole.<\/p>\n\n\n\n<p class=\"has-medium-font-size\">N&rsquo;h\u00e9sitez pas \u00e0 nous confier la r\u00e9paration de votre queue de billard.<\/p>\n\n\n\n<p class=\"has-medium-font-size\"><\/p>\n<\/div><\/div>\n\n<h3 class=\"wp-block-heading\">Demandez un devis<\/h3>\n\n<div class=\"wp-block-contact-form-7-contact-form-selector\"><p class=\"wpcf7-contact-form-not-found\"><strong>Erreur\u00a0:<\/strong> Formulaire de contact non trouv\u00e9\u00a0!<\/p><\/div>\n\n<p><\/p>\n","protected":false},"excerpt":{"rendered":"<p>Service de r\u00e9paration de queues de billard Faites r\u00e9parer votre queue de billard Redonnez-lui une seconde jeunesse Nous prenons en [&hellip;]<\/p>\n","protected":false},"author":321,"featured_media":0,"parent":0,"menu_order":0,"comment_status":"closed","ping_status":"closed","template":"","meta":{"site-sidebar-layout":"default","site-content-layout":"","ast-site-content-layout":"default","site-content-style":"default","site-sidebar-style":"default","ast-global-header-display":"","ast-banner-title-visibility":"","ast-main-header-display":"","ast-hfb-above-header-display":"","ast-hfb-below-header-display":"","ast-hfb-mobile-header-display":"","site-post-title":"","ast-breadcrumbs-content":"","ast-featured-img":"","footer-sml-layout":"","ast-disable-related-posts":"","theme-transparent-header-meta":"","adv-header-id-meta":"","stick-header-meta":"","header-above-stick-meta":"","header-main-stick-meta":"","header-below-stick-meta":"","astra-migrate-meta-layouts":"default","ast-page-background-enabled":"default","ast-page-background-meta":{"desktop":{"background-color":"var(--ast-global-color-4)","background-image":"","background-repeat":"repeat","background-position":"center center","background-size":"auto","background-attachment":"scroll","background-type":"","background-media":"","overlay-type":"","overlay-color":"","overlay-opacity":"","overlay-gradient":""},"tablet":{"background-color":"","background-image":"","background-repeat":"repeat","background-position":"center center","background-size":"auto","background-attachment":"scroll","background-type":"","background-media":"","overlay-type":"","overlay-color":"","overlay-opacity":"","overlay-gradient":""},"mobile":{"background-color":"","background-image":"","background-repeat":"repeat","background-position":"center center","background-size":"auto","background-attachment":"scroll","background-type":"","background-media":"","overlay-type":"","overlay-color":"","overlay-opacity":"","overlay-gradient":""}},"ast-content-background-meta":{"desktop":{"background-color":"var(--ast-global-color-5)","background-image":"","background-repeat":"repeat","background-position":"center center","background-size":"auto","background-attachment":"scroll","background-type":"","background-media":"","overlay-type":"","overlay-color":"","overlay-opacity":"","overlay-gradient":""},"tablet":{"background-color":"var(--ast-global-color-5)","background-image":"","background-repeat":"repeat","background-position":"center center","background-size":"auto","background-attachment":"scroll","background-type":"","background-media":"","overlay-type":"","overlay-color":"","overlay-opacity":"","overlay-gradient":""},"mobile":{"background-color":"var(--ast-global-color-5)","background-image":"","background-repeat":"repeat","background-position":"center center","background-size":"auto","background-attachment":"scroll","background-type":"","background-media":"","overlay-type":"","overlay-color":"","overlay-opacity":"","overlay-gradient":""}},"footnotes":""},"class_list":["post-109007","page","type-page","status-publish","hentry"],"yoast_head":"<!-- This site is optimized with the Yoast SEO plugin v27.5 - https:\/\/yoast.com\/product\/yoast-seo-wordpress\/ -->\n<title>Service de r\u00e9paration de queues de billard - The World Billiards<\/title>\n<meta name=\"description\" content=\"Service de r\u00e9paration de queues de billard                       Faites r\u00e9parer votre queue de billard  Redonnez-lui une seconde jeunesse  Nous prenons en charge toutes les r\u00e9parations, du simple remplacement du proc\u00e9d\u00e9 au remplacement professionnel de la virole.  N&#039;h\u00e9sitez pas \u00e0 nous confier la r\u00e9paration de votre queue de billard.    Demandez un devis\" \/>\n<meta name=\"robots\" content=\"index, follow, max-snippet:-1, max-image-preview:large, max-video-preview:-1\" \/>\n<link rel=\"canonical\" href=\"https:\/\/theworldbilliards.com\/fr\/service-de-reparation-de-queues-de-billard\/\" \/>\n<meta property=\"og:locale\" content=\"fr_FR\" \/>\n<meta property=\"og:type\" content=\"article\" \/>\n<meta property=\"og:title\" content=\"Service de r\u00e9paration de queues de billard - The World Billiards\" \/>\n<meta property=\"og:description\" content=\"Service de r\u00e9paration de queues de billard                       Faites r\u00e9parer votre queue de billard  Redonnez-lui une seconde jeunesse  Nous prenons en charge toutes les r\u00e9parations, du simple remplacement du proc\u00e9d\u00e9 au remplacement professionnel de la virole.  N&#039;h\u00e9sitez pas \u00e0 nous confier la r\u00e9paration de votre queue de billard.    Demandez un devis\" \/>\n<meta property=\"og:url\" content=\"https:\/\/theworldbilliards.com\/fr\/service-de-reparation-de-queues-de-billard\/\" \/>\n<meta property=\"og:site_name\" content=\"The World Billiards\" \/>\n<meta property=\"article:publisher\" content=\"https:\/\/www.facebook.com\/baby.foot.superbes\" \/>\n<meta property=\"article:modified_time\" content=\"2026-01-28T12:03:44+00:00\" \/>\n<meta property=\"og:image\" content=\"https:\/\/theworldbilliards.com\/wp-content\/uploads\/2025\/12\/taco-sin-reparar.jpeg\" \/>\n\t<meta property=\"og:image:width\" content=\"1029\" \/>\n\t<meta property=\"og:image:height\" content=\"1527\" \/>\n\t<meta property=\"og:image:type\" content=\"image\/jpeg\" \/>\n<meta name=\"twitter:card\" content=\"summary_large_image\" \/>\n<script type=\"application\/ld+json\" class=\"yoast-schema-graph\">{\"@context\":\"https:\\\/\\\/schema.org\",\"@graph\":[{\"@type\":\"WebPage\",\"@id\":\"https:\\\/\\\/theworldbilliards.com\\\/fr\\\/service-de-reparation-de-queues-de-billard\\\/\",\"url\":\"https:\\\/\\\/theworldbilliards.com\\\/fr\\\/service-de-reparation-de-queues-de-billard\\\/\",\"name\":\"Service de r\u00e9paration de queues de billard - The World Billiards\",\"isPartOf\":{\"@id\":\"https:\\\/\\\/theworldbilliards.com\\\/fr\\\/#website\"},\"primaryImageOfPage\":{\"@id\":\"https:\\\/\\\/theworldbilliards.com\\\/fr\\\/service-de-reparation-de-queues-de-billard\\\/#primaryimage\"},\"image\":{\"@id\":\"https:\\\/\\\/theworldbilliards.com\\\/fr\\\/service-de-reparation-de-queues-de-billard\\\/#primaryimage\"},\"thumbnailUrl\":\"https:\\\/\\\/theworldbilliards.com\\\/wp-content\\\/uploads\\\/2025\\\/12\\\/taco-sin-reparar-690x1024.jpeg\",\"datePublished\":\"2025-09-22T09:18:26+00:00\",\"dateModified\":\"2026-01-28T12:03:44+00:00\",\"description\":\"Service de r\u00e9paration de queues de billard Faites r\u00e9parer votre queue de billard Redonnez-lui une seconde jeunesse Nous prenons en charge toutes les r\u00e9parations, du simple remplacement du proc\u00e9d\u00e9 au remplacement professionnel de la virole. N'h\u00e9sitez pas \u00e0 nous confier la r\u00e9paration de votre queue de billard. Demandez un devis\",\"breadcrumb\":{\"@id\":\"https:\\\/\\\/theworldbilliards.com\\\/fr\\\/service-de-reparation-de-queues-de-billard\\\/#breadcrumb\"},\"inLanguage\":\"fr-FR\",\"potentialAction\":[{\"@type\":\"ReadAction\",\"target\":[\"https:\\\/\\\/theworldbilliards.com\\\/fr\\\/service-de-reparation-de-queues-de-billard\\\/\"]}]},{\"@type\":\"ImageObject\",\"inLanguage\":\"fr-FR\",\"@id\":\"https:\\\/\\\/theworldbilliards.com\\\/fr\\\/service-de-reparation-de-queues-de-billard\\\/#primaryimage\",\"url\":\"https:\\\/\\\/theworldbilliards.com\\\/wp-content\\\/uploads\\\/2025\\\/12\\\/taco-sin-reparar-690x1024.jpeg\",\"contentUrl\":\"https:\\\/\\\/theworldbilliards.com\\\/wp-content\\\/uploads\\\/2025\\\/12\\\/taco-sin-reparar-690x1024.jpeg\"},{\"@type\":\"BreadcrumbList\",\"@id\":\"https:\\\/\\\/theworldbilliards.com\\\/fr\\\/service-de-reparation-de-queues-de-billard\\\/#breadcrumb\",\"itemListElement\":[{\"@type\":\"ListItem\",\"position\":1,\"name\":\"In\u00edcio\",\"item\":\"https:\\\/\\\/theworldbilliards.com\\\/fr\\\/\"},{\"@type\":\"ListItem\",\"position\":2,\"name\":\"Service de r\u00e9paration de queues de billard\"}]},{\"@type\":\"WebSite\",\"@id\":\"https:\\\/\\\/theworldbilliards.com\\\/fr\\\/#website\",\"url\":\"https:\\\/\\\/theworldbilliards.com\\\/fr\\\/\",\"name\":\"TheWorldBilliards\",\"description\":\"Achetez ici billard, baby-foot, ping-pong et bowling\",\"publisher\":{\"@id\":\"https:\\\/\\\/theworldbilliards.com\\\/fr\\\/#organization\"},\"alternateName\":\"The world billiards\",\"potentialAction\":[{\"@type\":\"SearchAction\",\"target\":{\"@type\":\"EntryPoint\",\"urlTemplate\":\"https:\\\/\\\/theworldbilliards.com\\\/fr\\\/?s={search_term_string}\"},\"query-input\":{\"@type\":\"PropertyValueSpecification\",\"valueRequired\":true,\"valueName\":\"search_term_string\"}}],\"inLanguage\":\"fr-FR\"},{\"@type\":\"Organization\",\"@id\":\"https:\\\/\\\/theworldbilliards.com\\\/fr\\\/#organization\",\"name\":\"The World Billiards\",\"alternateName\":\"The World Billiards\",\"url\":\"https:\\\/\\\/theworldbilliards.com\\\/fr\\\/\",\"logo\":{\"@type\":\"ImageObject\",\"inLanguage\":\"fr-FR\",\"@id\":\"https:\\\/\\\/theworldbilliards.com\\\/fr\\\/#\\\/schema\\\/logo\\\/image\\\/\",\"url\":\"\",\"contentUrl\":\"\",\"caption\":\"The World Billiards\"},\"image\":{\"@id\":\"https:\\\/\\\/theworldbilliards.com\\\/fr\\\/#\\\/schema\\\/logo\\\/image\\\/\"},\"sameAs\":[\"https:\\\/\\\/www.facebook.com\\\/baby.foot.superbes\",\"https:\\\/\\\/www.youtube.com\\\/channel\\\/UCIMuOVAaUcH6UpZcsZlH0Tg\",\"https:\\\/\\\/www.facebook.com\\\/people\\\/Brunswick-Billiards-EspaaPortugal\\\/100066446264309\\\/\",\"https:\\\/\\\/www.instagram.com\\\/the_world_billiards\\\/\",\"https:\\\/\\\/www.pinterest.es\\\/Theworldbilliards\\\/\"]}]}<\/script>\n<!-- \/ Yoast SEO plugin. -->","yoast_head_json":{"title":"Service de r\u00e9paration de queues de billard - The World Billiards","description":"Service de r\u00e9paration de queues de billard                       Faites r\u00e9parer votre queue de billard  Redonnez-lui une seconde jeunesse  Nous prenons en charge toutes les r\u00e9parations, du simple remplacement du proc\u00e9d\u00e9 au remplacement professionnel de la virole.  N'h\u00e9sitez pas \u00e0 nous confier la r\u00e9paration de votre queue de billard.    Demandez un devis","robots":{"index":"index","follow":"follow","max-snippet":"max-snippet:-1","max-image-preview":"max-image-preview:large","max-video-preview":"max-video-preview:-1"},"canonical":"https:\/\/theworldbilliards.com\/fr\/service-de-reparation-de-queues-de-billard\/","og_locale":"fr_FR","og_type":"article","og_title":"Service de r\u00e9paration de queues de billard - The World Billiards","og_description":"Service de r\u00e9paration de queues de billard                       Faites r\u00e9parer votre queue de billard  Redonnez-lui une seconde jeunesse  Nous prenons en charge toutes les r\u00e9parations, du simple remplacement du proc\u00e9d\u00e9 au remplacement professionnel de la virole.  N'h\u00e9sitez pas \u00e0 nous confier la r\u00e9paration de votre queue de billard.    Demandez un devis","og_url":"https:\/\/theworldbilliards.com\/fr\/service-de-reparation-de-queues-de-billard\/","og_site_name":"The World Billiards","article_publisher":"https:\/\/www.facebook.com\/baby.foot.superbes","article_modified_time":"2026-01-28T12:03:44+00:00","og_image":[{"width":1029,"height":1527,"url":"https:\/\/theworldbilliards.com\/wp-content\/uploads\/2025\/12\/taco-sin-reparar.jpeg","type":"image\/jpeg"}],"twitter_card":"summary_large_image","schema":{"@context":"https:\/\/schema.org","@graph":[{"@type":"WebPage","@id":"https:\/\/theworldbilliards.com\/fr\/service-de-reparation-de-queues-de-billard\/","url":"https:\/\/theworldbilliards.com\/fr\/service-de-reparation-de-queues-de-billard\/","name":"Service de r\u00e9paration de queues de billard - The World Billiards","isPartOf":{"@id":"https:\/\/theworldbilliards.com\/fr\/#website"},"primaryImageOfPage":{"@id":"https:\/\/theworldbilliards.com\/fr\/service-de-reparation-de-queues-de-billard\/#primaryimage"},"image":{"@id":"https:\/\/theworldbilliards.com\/fr\/service-de-reparation-de-queues-de-billard\/#primaryimage"},"thumbnailUrl":"https:\/\/theworldbilliards.com\/wp-content\/uploads\/2025\/12\/taco-sin-reparar-690x1024.jpeg","datePublished":"2025-09-22T09:18:26+00:00","dateModified":"2026-01-28T12:03:44+00:00","description":"Service de r\u00e9paration de queues de billard Faites r\u00e9parer votre queue de billard Redonnez-lui une seconde jeunesse Nous prenons en charge toutes les r\u00e9parations, du simple remplacement du proc\u00e9d\u00e9 au remplacement professionnel de la virole. N'h\u00e9sitez pas \u00e0 nous confier la r\u00e9paration de votre queue de billard. Demandez un devis","breadcrumb":{"@id":"https:\/\/theworldbilliards.com\/fr\/service-de-reparation-de-queues-de-billard\/#breadcrumb"},"inLanguage":"fr-FR","potentialAction":[{"@type":"ReadAction","target":["https:\/\/theworldbilliards.com\/fr\/service-de-reparation-de-queues-de-billard\/"]}]},{"@type":"ImageObject","inLanguage":"fr-FR","@id":"https:\/\/theworldbilliards.com\/fr\/service-de-reparation-de-queues-de-billard\/#primaryimage","url":"https:\/\/theworldbilliards.com\/wp-content\/uploads\/2025\/12\/taco-sin-reparar-690x1024.jpeg","contentUrl":"https:\/\/theworldbilliards.com\/wp-content\/uploads\/2025\/12\/taco-sin-reparar-690x1024.jpeg"},{"@type":"BreadcrumbList","@id":"https:\/\/theworldbilliards.com\/fr\/service-de-reparation-de-queues-de-billard\/#breadcrumb","itemListElement":[{"@type":"ListItem","position":1,"name":"In\u00edcio","item":"https:\/\/theworldbilliards.com\/fr\/"},{"@type":"ListItem","position":2,"name":"Service de r\u00e9paration de queues de billard"}]},{"@type":"WebSite","@id":"https:\/\/theworldbilliards.com\/fr\/#website","url":"https:\/\/theworldbilliards.com\/fr\/","name":"TheWorldBilliards","description":"Achetez ici billard, baby-foot, ping-pong et bowling","publisher":{"@id":"https:\/\/theworldbilliards.com\/fr\/#organization"},"alternateName":"The world billiards","potentialAction":[{"@type":"SearchAction","target":{"@type":"EntryPoint","urlTemplate":"https:\/\/theworldbilliards.com\/fr\/?s={search_term_string}"},"query-input":{"@type":"PropertyValueSpecification","valueRequired":true,"valueName":"search_term_string"}}],"inLanguage":"fr-FR"},{"@type":"Organization","@id":"https:\/\/theworldbilliards.com\/fr\/#organization","name":"The World Billiards","alternateName":"The World Billiards","url":"https:\/\/theworldbilliards.com\/fr\/","logo":{"@type":"ImageObject","inLanguage":"fr-FR","@id":"https:\/\/theworldbilliards.com\/fr\/#\/schema\/logo\/image\/","url":"","contentUrl":"","caption":"The World Billiards"},"image":{"@id":"https:\/\/theworldbilliards.com\/fr\/#\/schema\/logo\/image\/"},"sameAs":["https:\/\/www.facebook.com\/baby.foot.superbes","https:\/\/www.youtube.com\/channel\/UCIMuOVAaUcH6UpZcsZlH0Tg","https:\/\/www.facebook.com\/people\/Brunswick-Billiards-EspaaPortugal\/100066446264309\/","https:\/\/www.instagram.com\/the_world_billiards\/","https:\/\/www.pinterest.es\/Theworldbilliards\/"]}]}},"_links":{"self":[{"href":"https:\/\/theworldbilliards.com\/fr\/wp-json\/wp\/v2\/pages\/109007","targetHints":{"allow":["GET"]}}],"collection":[{"href":"https:\/\/theworldbilliards.com\/fr\/wp-json\/wp\/v2\/pages"}],"about":[{"href":"https:\/\/theworldbilliards.com\/fr\/wp-json\/wp\/v2\/types\/page"}],"author":[{"embeddable":true,"href":"https:\/\/theworldbilliards.com\/fr\/wp-json\/wp\/v2\/users\/321"}],"replies":[{"embeddable":true,"href":"https:\/\/theworldbilliards.com\/fr\/wp-json\/wp\/v2\/comments?post=109007"}],"version-history":[{"count":0,"href":"https:\/\/theworldbilliards.com\/fr\/wp-json\/wp\/v2\/pages\/109007\/revisions"}],"wp:attachment":[{"href":"https:\/\/theworldbilliards.com\/fr\/wp-json\/wp\/v2\/media?parent=109007"}],"curies":[{"name":"wp","href":"https:\/\/api.w.org\/{rel}","templated":true}]}}