{"id":30158,"date":"2016-09-28T11:43:35","date_gmt":"2016-09-28T09:43:35","guid":{"rendered":"http:\/\/theworldbilliards.com\/?page_id=30158\/"},"modified":"2025-09-25T10:16:12","modified_gmt":"2025-09-25T08:16:12","slug":"qui-sommes-nous","status":"publish","type":"page","link":"https:\/\/theworldbilliards.com\/fr\/qui-sommes-nous\/","title":{"rendered":"Qui sommes nous"},"content":{"rendered":"\n<h1 class=\"wp-block-heading has-text-align-center\">Qui sommes nous<\/h1>\n\n<figure class=\"wp-block-image aligncenter size-large\"><img decoding=\"async\" src=\"https:\/\/theworldbilliards.com\/wp-content\/uploads\/2023\/09\/logo-2023-TheWorldBilliards-1024x387.png\" alt=\"\" class=\"wp-image-93480\"\/><\/figure>\n\n<p>Fabrication depuis 1990 avec les normes les plus \u00e9lev\u00e9es de qualit\u00e9 et selon les normes r\u00e9glement\u00e9es dans le monde entier, la marque World billards, pour nous commercialis\u00e9 est de plus en plus une r\u00e9alit\u00e9 sur le march\u00e9 national et international dans le domaine de la piscine, snooker et Carambole.<\/p>\n\n<p>Avec les mati\u00e8res premi\u00e8res s\u00e9lectionn\u00e9es dans les meilleures origines, nous avons atteint des niveaux de haute qualit\u00e9 dans le produit final, ce qui nous permet, \u00e0 l\u2019image de ce qui est pratiqu\u00e9 par nos marques repr\u00e9sent\u00e9es, Brunswick  billard, Valley, Tornado, Via Bowling, Roberto sport et Garlando etc.<\/p>\n\n<p>D\u00e9di\u00e9 \u00e0 l\u2019aspect commercial, Valley, une marque qui dispense d\u00e9j\u00e0 tout type de pr\u00e9sentation, une telle reconnaissance au niveau mondial de sa qualit\u00e9 et de sa durabilit\u00e9 sur les plus de 50 ans d\u2019existence, et quand nous parlons de robustesse\/qualit\u00e9, On parle certainement d\u2019une table de la vall\u00e9e. En ce moment, et avec la croissance et l\u2019enrichissement de notre connaissance du march\u00e9 ainsi que tous les moyens humains et technologiques que nous avons, nous avons aussi notre division bowling, une division qui a pour objectif principal de faire le r\u00eave de certains dans un R\u00e9alit\u00e9. C\u2019est en fait dans cette division que nous donnons des progr\u00e8s \u00e0 son projet pour la construction d\u2019un centre de loisirs familial, construit et con\u00e7u sur la base des connaissances et de l\u2019exp\u00e9rience des professionnels les plus comp\u00e9tents et certifi\u00e9s \u00e0 cet effet. La distribution\/repr\u00e9sentation de la marque Via Bowling, sans aucune sorte de doute qui est venu \u00e0 nous encore apporter une plus grande expression et la responsabilit\u00e9 dans le march\u00e9 des loisirs ainsi que la concurrence.<\/p>\n\n<p>C\u2019est dans cet aspect de la concurrence, dans de nombreux cas, que nous parlons d\u00e9j\u00e0 de professionnalisme chez les praticiens, nous avons \u00e9galement essay\u00e9 d\u2019aider et de soutenir la r\u00e9alisation d\u2019\u00e9v\u00e9nements et de comp\u00e9titions de niveau national et international. Aussi dans ce brin, nous soutenons la r\u00e9alisation d\u2019\u00e9v\u00e9nements tels que le ITSF World Cup table Soccer \u201ctenue annuellement \u00e0 Nantes-France\u201d avec le placement \u00e0 la disposition de 20 tables de la concurrence Tornado, envergure internationale de l\u2019Open international que nous soutenons Avec l\u2019installation de tables de billard permettant ainsi les meilleures conditions pour la pratique du billard, la comp\u00e9tition r\u00e9guli\u00e8re de billard avec l\u2019assemblage des derni\u00e8res \u00e9tapes de qualification pour le championnat international VNEA, tenu Chaque ann\u00e9e \u00e0 Las Vegas, NV, permettant aux organisations nationales cr\u00e9dibles d\u2019y acc\u00e9der, par le biais de notre licence internationale VNEA (titulaire de la Charte), ainsi que la r\u00e9alisation de comp\u00e9titions locales et r\u00e9gionales qui visent \u00e0 l\u2019\u00e9laboration De la modalit\u00e9 de mani\u00e8re s\u00e9rieuse et cr\u00e9dible.<\/p>\n","protected":false},"excerpt":{"rendered":"<p>Qui sommes nous Fabrication depuis 1990 avec les normes les plus \u00e9lev\u00e9es de qualit\u00e9 et selon les normes r\u00e9glement\u00e9es dans [&hellip;]<\/p>\n","protected":false},"author":5,"featured_media":0,"parent":0,"menu_order":0,"comment_status":"closed","ping_status":"closed","template":"","meta":{"site-sidebar-layout":"default","site-content-layout":"","ast-site-content-layout":"default","site-content-style":"default","site-sidebar-style":"default","ast-global-header-display":"","ast-banner-title-visibility":"","ast-main-header-display":"","ast-hfb-above-header-display":"","ast-hfb-below-header-display":"","ast-hfb-mobile-header-display":"","site-post-title":"","ast-breadcrumbs-content":"","ast-featured-img":"","footer-sml-layout":"","ast-disable-related-posts":"","theme-transparent-header-meta":"","adv-header-id-meta":"","stick-header-meta":"","header-above-stick-meta":"","header-main-stick-meta":"","header-below-stick-meta":"","astra-migrate-meta-layouts":"default","ast-page-background-enabled":"default","ast-page-background-meta":{"desktop":{"background-color":"var(--ast-global-color-4)","background-image":"","background-repeat":"repeat","background-position":"center center","background-size":"auto","background-attachment":"scroll","background-type":"","background-media":"","overlay-type":"","overlay-color":"","overlay-opacity":"","overlay-gradient":""},"tablet":{"background-color":"","background-image":"","background-repeat":"repeat","background-position":"center center","background-size":"auto","background-attachment":"scroll","background-type":"","background-media":"","overlay-type":"","overlay-color":"","overlay-opacity":"","overlay-gradient":""},"mobile":{"background-color":"","background-image":"","background-repeat":"repeat","background-position":"center center","background-size":"auto","background-attachment":"scroll","background-type":"","background-media":"","overlay-type":"","overlay-color":"","overlay-opacity":"","overlay-gradient":""}},"ast-content-background-meta":{"desktop":{"background-color":"var(--ast-global-color-5)","background-image":"","background-repeat":"repeat","background-position":"center center","background-size":"auto","background-attachment":"scroll","background-type":"","background-media":"","overlay-type":"","overlay-color":"","overlay-opacity":"","overlay-gradient":""},"tablet":{"background-color":"var(--ast-global-color-5)","background-image":"","background-repeat":"repeat","background-position":"center center","background-size":"auto","background-attachment":"scroll","background-type":"","background-media":"","overlay-type":"","overlay-color":"","overlay-opacity":"","overlay-gradient":""},"mobile":{"background-color":"var(--ast-global-color-5)","background-image":"","background-repeat":"repeat","background-position":"center center","background-size":"auto","background-attachment":"scroll","background-type":"","background-media":"","overlay-type":"","overlay-color":"","overlay-opacity":"","overlay-gradient":""}},"footnotes":""},"class_list":["post-30158","page","type-page","status-publish","hentry"],"yoast_head":"<!-- This site is optimized with the Yoast SEO plugin v27.4 - https:\/\/yoast.com\/product\/yoast-seo-wordpress\/ -->\n<title>Nous sommes Billard Usine<\/title>\n<meta name=\"description\" content=\"Fabrication selon les normes de qualit\u00e9 les plus \u00e9lev\u00e9es et selon les normes internationales.\" \/>\n<meta name=\"robots\" content=\"index, follow, max-snippet:-1, max-image-preview:large, max-video-preview:-1\" \/>\n<link rel=\"canonical\" href=\"https:\/\/theworldbilliards.com\/fr\/qui-sommes-nous\/\" \/>\n<meta property=\"og:locale\" content=\"fr_FR\" \/>\n<meta property=\"og:type\" content=\"article\" \/>\n<meta property=\"og:title\" content=\"Nous sommes Billard Usine\" \/>\n<meta property=\"og:description\" content=\"Fabrication selon les normes de qualit\u00e9 les plus \u00e9lev\u00e9es et selon les normes internationales.\" \/>\n<meta property=\"og:url\" content=\"https:\/\/theworldbilliards.com\/fr\/qui-sommes-nous\/\" \/>\n<meta property=\"og:site_name\" content=\"The World Billiards\" \/>\n<meta property=\"article:publisher\" content=\"https:\/\/www.facebook.com\/baby.foot.superbes\" \/>\n<meta property=\"article:modified_time\" content=\"2025-09-25T08:16:12+00:00\" \/>\n<meta property=\"og:image\" content=\"https:\/\/theworldbilliards.com\/wp-content\/uploads\/2023\/09\/cropped-logo-2023-TheWorldBilliards.png\" \/>\n\t<meta property=\"og:image:width\" content=\"1103\" \/>\n\t<meta property=\"og:image:height\" content=\"282\" \/>\n\t<meta property=\"og:image:type\" content=\"image\/png\" \/>\n<meta name=\"twitter:card\" content=\"summary_large_image\" \/>\n<script type=\"application\/ld+json\" class=\"yoast-schema-graph\">{\"@context\":\"https:\\\/\\\/schema.org\",\"@graph\":[{\"@type\":\"WebPage\",\"@id\":\"https:\\\/\\\/theworldbilliards.com\\\/fr\\\/qui-sommes-nous\\\/\",\"url\":\"https:\\\/\\\/theworldbilliards.com\\\/fr\\\/qui-sommes-nous\\\/\",\"name\":\"Nous sommes Billard Usine\",\"isPartOf\":{\"@id\":\"https:\\\/\\\/theworldbilliards.com\\\/fr\\\/#website\"},\"primaryImageOfPage\":{\"@id\":\"https:\\\/\\\/theworldbilliards.com\\\/fr\\\/qui-sommes-nous\\\/#primaryimage\"},\"image\":{\"@id\":\"https:\\\/\\\/theworldbilliards.com\\\/fr\\\/qui-sommes-nous\\\/#primaryimage\"},\"thumbnailUrl\":\"https:\\\/\\\/theworldbilliards.com\\\/wp-content\\\/uploads\\\/2023\\\/09\\\/logo-2023-TheWorldBilliards-1024x387.png\",\"datePublished\":\"2016-09-28T09:43:35+00:00\",\"dateModified\":\"2025-09-25T08:16:12+00:00\",\"description\":\"Fabrication selon les normes de qualit\u00e9 les plus \u00e9lev\u00e9es et selon les normes internationales.\",\"breadcrumb\":{\"@id\":\"https:\\\/\\\/theworldbilliards.com\\\/fr\\\/qui-sommes-nous\\\/#breadcrumb\"},\"inLanguage\":\"fr-FR\",\"potentialAction\":[{\"@type\":\"ReadAction\",\"target\":[\"https:\\\/\\\/theworldbilliards.com\\\/fr\\\/qui-sommes-nous\\\/\"]}]},{\"@type\":\"ImageObject\",\"inLanguage\":\"fr-FR\",\"@id\":\"https:\\\/\\\/theworldbilliards.com\\\/fr\\\/qui-sommes-nous\\\/#primaryimage\",\"url\":\"https:\\\/\\\/theworldbilliards.com\\\/wp-content\\\/uploads\\\/2023\\\/09\\\/logo-2023-TheWorldBilliards-1024x387.png\",\"contentUrl\":\"https:\\\/\\\/theworldbilliards.com\\\/wp-content\\\/uploads\\\/2023\\\/09\\\/logo-2023-TheWorldBilliards-1024x387.png\"},{\"@type\":\"BreadcrumbList\",\"@id\":\"https:\\\/\\\/theworldbilliards.com\\\/fr\\\/qui-sommes-nous\\\/#breadcrumb\",\"itemListElement\":[{\"@type\":\"ListItem\",\"position\":1,\"name\":\"In\u00edcio\",\"item\":\"https:\\\/\\\/theworldbilliards.com\\\/fr\\\/\"},{\"@type\":\"ListItem\",\"position\":2,\"name\":\"Qui sommes nous\"}]},{\"@type\":\"WebSite\",\"@id\":\"https:\\\/\\\/theworldbilliards.com\\\/fr\\\/#website\",\"url\":\"https:\\\/\\\/theworldbilliards.com\\\/fr\\\/\",\"name\":\"TheWorldBilliards\",\"description\":\"Achetez ici billard, baby-foot, ping-pong et bowling\",\"publisher\":{\"@id\":\"https:\\\/\\\/theworldbilliards.com\\\/fr\\\/#organization\"},\"alternateName\":\"The world billiards\",\"potentialAction\":[{\"@type\":\"SearchAction\",\"target\":{\"@type\":\"EntryPoint\",\"urlTemplate\":\"https:\\\/\\\/theworldbilliards.com\\\/fr\\\/?s={search_term_string}\"},\"query-input\":{\"@type\":\"PropertyValueSpecification\",\"valueRequired\":true,\"valueName\":\"search_term_string\"}}],\"inLanguage\":\"fr-FR\"},{\"@type\":\"Organization\",\"@id\":\"https:\\\/\\\/theworldbilliards.com\\\/fr\\\/#organization\",\"name\":\"The World Billiards\",\"alternateName\":\"The World Billiards\",\"url\":\"https:\\\/\\\/theworldbilliards.com\\\/fr\\\/\",\"logo\":{\"@type\":\"ImageObject\",\"inLanguage\":\"fr-FR\",\"@id\":\"https:\\\/\\\/theworldbilliards.com\\\/fr\\\/#\\\/schema\\\/logo\\\/image\\\/\",\"url\":\"\",\"contentUrl\":\"\",\"caption\":\"The World Billiards\"},\"image\":{\"@id\":\"https:\\\/\\\/theworldbilliards.com\\\/fr\\\/#\\\/schema\\\/logo\\\/image\\\/\"},\"sameAs\":[\"https:\\\/\\\/www.facebook.com\\\/baby.foot.superbes\",\"https:\\\/\\\/www.youtube.com\\\/channel\\\/UCIMuOVAaUcH6UpZcsZlH0Tg\",\"https:\\\/\\\/www.facebook.com\\\/people\\\/Brunswick-Billiards-EspaaPortugal\\\/100066446264309\\\/\",\"https:\\\/\\\/www.instagram.com\\\/the_world_billiards\\\/\",\"https:\\\/\\\/www.pinterest.es\\\/Theworldbilliards\\\/\"]}]}<\/script>\n<!-- \/ Yoast SEO plugin. -->","yoast_head_json":{"title":"Nous sommes Billard Usine","description":"Fabrication selon les normes de qualit\u00e9 les plus \u00e9lev\u00e9es et selon les normes internationales.","robots":{"index":"index","follow":"follow","max-snippet":"max-snippet:-1","max-image-preview":"max-image-preview:large","max-video-preview":"max-video-preview:-1"},"canonical":"https:\/\/theworldbilliards.com\/fr\/qui-sommes-nous\/","og_locale":"fr_FR","og_type":"article","og_title":"Nous sommes Billard Usine","og_description":"Fabrication selon les normes de qualit\u00e9 les plus \u00e9lev\u00e9es et selon les normes internationales.","og_url":"https:\/\/theworldbilliards.com\/fr\/qui-sommes-nous\/","og_site_name":"The World Billiards","article_publisher":"https:\/\/www.facebook.com\/baby.foot.superbes","article_modified_time":"2025-09-25T08:16:12+00:00","og_image":[{"width":1103,"height":282,"url":"https:\/\/theworldbilliards.com\/wp-content\/uploads\/2023\/09\/cropped-logo-2023-TheWorldBilliards.png","type":"image\/png"}],"twitter_card":"summary_large_image","schema":{"@context":"https:\/\/schema.org","@graph":[{"@type":"WebPage","@id":"https:\/\/theworldbilliards.com\/fr\/qui-sommes-nous\/","url":"https:\/\/theworldbilliards.com\/fr\/qui-sommes-nous\/","name":"Nous sommes Billard Usine","isPartOf":{"@id":"https:\/\/theworldbilliards.com\/fr\/#website"},"primaryImageOfPage":{"@id":"https:\/\/theworldbilliards.com\/fr\/qui-sommes-nous\/#primaryimage"},"image":{"@id":"https:\/\/theworldbilliards.com\/fr\/qui-sommes-nous\/#primaryimage"},"thumbnailUrl":"https:\/\/theworldbilliards.com\/wp-content\/uploads\/2023\/09\/logo-2023-TheWorldBilliards-1024x387.png","datePublished":"2016-09-28T09:43:35+00:00","dateModified":"2025-09-25T08:16:12+00:00","description":"Fabrication selon les normes de qualit\u00e9 les plus \u00e9lev\u00e9es et selon les normes internationales.","breadcrumb":{"@id":"https:\/\/theworldbilliards.com\/fr\/qui-sommes-nous\/#breadcrumb"},"inLanguage":"fr-FR","potentialAction":[{"@type":"ReadAction","target":["https:\/\/theworldbilliards.com\/fr\/qui-sommes-nous\/"]}]},{"@type":"ImageObject","inLanguage":"fr-FR","@id":"https:\/\/theworldbilliards.com\/fr\/qui-sommes-nous\/#primaryimage","url":"https:\/\/theworldbilliards.com\/wp-content\/uploads\/2023\/09\/logo-2023-TheWorldBilliards-1024x387.png","contentUrl":"https:\/\/theworldbilliards.com\/wp-content\/uploads\/2023\/09\/logo-2023-TheWorldBilliards-1024x387.png"},{"@type":"BreadcrumbList","@id":"https:\/\/theworldbilliards.com\/fr\/qui-sommes-nous\/#breadcrumb","itemListElement":[{"@type":"ListItem","position":1,"name":"In\u00edcio","item":"https:\/\/theworldbilliards.com\/fr\/"},{"@type":"ListItem","position":2,"name":"Qui sommes nous"}]},{"@type":"WebSite","@id":"https:\/\/theworldbilliards.com\/fr\/#website","url":"https:\/\/theworldbilliards.com\/fr\/","name":"TheWorldBilliards","description":"Achetez ici billard, baby-foot, ping-pong et bowling","publisher":{"@id":"https:\/\/theworldbilliards.com\/fr\/#organization"},"alternateName":"The world billiards","potentialAction":[{"@type":"SearchAction","target":{"@type":"EntryPoint","urlTemplate":"https:\/\/theworldbilliards.com\/fr\/?s={search_term_string}"},"query-input":{"@type":"PropertyValueSpecification","valueRequired":true,"valueName":"search_term_string"}}],"inLanguage":"fr-FR"},{"@type":"Organization","@id":"https:\/\/theworldbilliards.com\/fr\/#organization","name":"The World Billiards","alternateName":"The World Billiards","url":"https:\/\/theworldbilliards.com\/fr\/","logo":{"@type":"ImageObject","inLanguage":"fr-FR","@id":"https:\/\/theworldbilliards.com\/fr\/#\/schema\/logo\/image\/","url":"","contentUrl":"","caption":"The World Billiards"},"image":{"@id":"https:\/\/theworldbilliards.com\/fr\/#\/schema\/logo\/image\/"},"sameAs":["https:\/\/www.facebook.com\/baby.foot.superbes","https:\/\/www.youtube.com\/channel\/UCIMuOVAaUcH6UpZcsZlH0Tg","https:\/\/www.facebook.com\/people\/Brunswick-Billiards-EspaaPortugal\/100066446264309\/","https:\/\/www.instagram.com\/the_world_billiards\/","https:\/\/www.pinterest.es\/Theworldbilliards\/"]}]}},"_links":{"self":[{"href":"https:\/\/theworldbilliards.com\/fr\/wp-json\/wp\/v2\/pages\/30158","targetHints":{"allow":["GET"]}}],"collection":[{"href":"https:\/\/theworldbilliards.com\/fr\/wp-json\/wp\/v2\/pages"}],"about":[{"href":"https:\/\/theworldbilliards.com\/fr\/wp-json\/wp\/v2\/types\/page"}],"author":[{"embeddable":true,"href":"https:\/\/theworldbilliards.com\/fr\/wp-json\/wp\/v2\/users\/5"}],"replies":[{"embeddable":true,"href":"https:\/\/theworldbilliards.com\/fr\/wp-json\/wp\/v2\/comments?post=30158"}],"version-history":[{"count":0,"href":"https:\/\/theworldbilliards.com\/fr\/wp-json\/wp\/v2\/pages\/30158\/revisions"}],"wp:attachment":[{"href":"https:\/\/theworldbilliards.com\/fr\/wp-json\/wp\/v2\/media?parent=30158"}],"curies":[{"name":"wp","href":"https:\/\/api.w.org\/{rel}","templated":true}]}}