{"id":30242,"date":"2016-09-29T14:00:03","date_gmt":"2016-09-29T12:00:03","guid":{"rendered":"http:\/\/theworldbilliards.com\/?page_id=30242\/"},"modified":"2025-09-25T11:00:31","modified_gmt":"2025-09-25T09:00:31","slug":"travaille-avec-nous","status":"publish","type":"page","link":"https:\/\/theworldbilliards.com\/fr\/travaille-avec-nous\/","title":{"rendered":"Travaille avec nous"},"content":{"rendered":"\n<h1 class=\"wp-block-heading\"><strong>Travaille avec nous<\/strong><\/h1>\n\n<p>Bienvenue sur le Recrutement On-line!<\/p>\n\n<p>Est\u00e1 interessado em vir colaborar connosco e fazer parte das nossas equipas?<\/p>\n\n<p>C\u2019est simple: Il suffit d\u2019envoyer un e-mail avec votre CV \u00e0 :<\/p>\n\n<p class=\"has-text-align-left\"><a href=\"mailto:carlos.teofilo@carlos-teofilo.com\">Recrutement On-line<\/a><\/p>\n\n<p>Vos donn\u00e9es seront stock\u00e9es dans l\u2019ordre d\u2019entr\u00e9e et seront nomm\u00e9s en fonction de nos disponibilit\u00e9s.<\/p>\n\n<p>Protection des renseignements personnels Notre entreprise croit \u00e0 la confidentialit\u00e9 et la vie priv\u00e9e comme un \u00e9l\u00e9ment fondamental de son activit\u00e9 et son engagement aux professionnels, qui mettent leur confiance \u00e0 manifester leur int\u00e9r\u00eat \u00e0 joindre notre \u00e9quipe. En ce sens, nous sommes pr\u00e9occup\u00e9s par le maintien de niveaux \u00e9lev\u00e9s de s\u00e9curit\u00e9 sur notre site et d\u2019assurer le traitement des donn\u00e9es fournies, que ce soit personnel ou professionnel, dans la plus grande confidentialit\u00e9.<\/p>\n\n<p><\/p>\n","protected":false},"excerpt":{"rendered":"<p>Travaille avec nous Bienvenue sur le Recrutement On-line! Est\u00e1 interessado em vir colaborar connosco e fazer parte das nossas equipas? [&hellip;]<\/p>\n","protected":false},"author":321,"featured_media":0,"parent":0,"menu_order":0,"comment_status":"closed","ping_status":"closed","template":"","meta":{"site-sidebar-layout":"default","site-content-layout":"","ast-site-content-layout":"default","site-content-style":"default","site-sidebar-style":"default","ast-global-header-display":"","ast-banner-title-visibility":"","ast-main-header-display":"","ast-hfb-above-header-display":"","ast-hfb-below-header-display":"","ast-hfb-mobile-header-display":"","site-post-title":"","ast-breadcrumbs-content":"","ast-featured-img":"","footer-sml-layout":"","ast-disable-related-posts":"","theme-transparent-header-meta":"","adv-header-id-meta":"","stick-header-meta":"","header-above-stick-meta":"","header-main-stick-meta":"","header-below-stick-meta":"","astra-migrate-meta-layouts":"default","ast-page-background-enabled":"default","ast-page-background-meta":{"desktop":{"background-color":"var(--ast-global-color-4)","background-image":"","background-repeat":"repeat","background-position":"center center","background-size":"auto","background-attachment":"scroll","background-type":"","background-media":"","overlay-type":"","overlay-color":"","overlay-opacity":"","overlay-gradient":""},"tablet":{"background-color":"","background-image":"","background-repeat":"repeat","background-position":"center center","background-size":"auto","background-attachment":"scroll","background-type":"","background-media":"","overlay-type":"","overlay-color":"","overlay-opacity":"","overlay-gradient":""},"mobile":{"background-color":"","background-image":"","background-repeat":"repeat","background-position":"center center","background-size":"auto","background-attachment":"scroll","background-type":"","background-media":"","overlay-type":"","overlay-color":"","overlay-opacity":"","overlay-gradient":""}},"ast-content-background-meta":{"desktop":{"background-color":"var(--ast-global-color-5)","background-image":"","background-repeat":"repeat","background-position":"center center","background-size":"auto","background-attachment":"scroll","background-type":"","background-media":"","overlay-type":"","overlay-color":"","overlay-opacity":"","overlay-gradient":""},"tablet":{"background-color":"var(--ast-global-color-5)","background-image":"","background-repeat":"repeat","background-position":"center center","background-size":"auto","background-attachment":"scroll","background-type":"","background-media":"","overlay-type":"","overlay-color":"","overlay-opacity":"","overlay-gradient":""},"mobile":{"background-color":"var(--ast-global-color-5)","background-image":"","background-repeat":"repeat","background-position":"center center","background-size":"auto","background-attachment":"scroll","background-type":"","background-media":"","overlay-type":"","overlay-color":"","overlay-opacity":"","overlay-gradient":""}},"footnotes":""},"class_list":["post-30242","page","type-page","status-publish","hentry"],"yoast_head":"<!-- This site is optimized with the Yoast SEO plugin v27.4 - https:\/\/yoast.com\/product\/yoast-seo-wordpress\/ -->\n<title>Travaille avec nous<\/title>\n<meta name=\"description\" content=\"Vous souhaitez venir collaborer avec nous et faire partie de nos \u00e9quipes? C&#039;est tr\u00e8s simple: il suffit d&#039;envoyer un e-mail avec votre Curriculum Vitae. Recrutement en ligne: Vos donn\u00e9es seront archiv\u00e9es par ordre de saisie et seront appel\u00e9es ...\" \/>\n<meta name=\"robots\" content=\"index, follow, max-snippet:-1, max-image-preview:large, max-video-preview:-1\" \/>\n<link rel=\"canonical\" href=\"https:\/\/theworldbilliards.com\/fr\/travaille-avec-nous\/\" \/>\n<meta property=\"og:locale\" content=\"fr_FR\" \/>\n<meta property=\"og:type\" content=\"article\" \/>\n<meta property=\"og:title\" content=\"Travaille avec nous\" \/>\n<meta property=\"og:description\" content=\"Vous souhaitez venir collaborer avec nous et faire partie de nos \u00e9quipes? C&#039;est tr\u00e8s simple: il suffit d&#039;envoyer un e-mail avec votre Curriculum Vitae. Recrutement en ligne: Vos donn\u00e9es seront archiv\u00e9es par ordre de saisie et seront appel\u00e9es ...\" \/>\n<meta property=\"og:url\" content=\"https:\/\/theworldbilliards.com\/fr\/travaille-avec-nous\/\" \/>\n<meta property=\"og:site_name\" content=\"The World Billiards\" \/>\n<meta property=\"article:publisher\" content=\"https:\/\/www.facebook.com\/baby.foot.superbes\" \/>\n<meta property=\"article:modified_time\" content=\"2025-09-25T09:00:31+00:00\" \/>\n<meta property=\"og:image\" content=\"https:\/\/theworldbilliards.com\/wp-content\/uploads\/2023\/09\/cropped-logo-2023-TheWorldBilliards.png\" \/>\n\t<meta property=\"og:image:width\" content=\"1103\" \/>\n\t<meta property=\"og:image:height\" content=\"282\" \/>\n\t<meta property=\"og:image:type\" content=\"image\/png\" \/>\n<meta name=\"twitter:card\" content=\"summary_large_image\" \/>\n<script type=\"application\/ld+json\" class=\"yoast-schema-graph\">{\"@context\":\"https:\\\/\\\/schema.org\",\"@graph\":[{\"@type\":\"WebPage\",\"@id\":\"https:\\\/\\\/theworldbilliards.com\\\/fr\\\/travaille-avec-nous\\\/\",\"url\":\"https:\\\/\\\/theworldbilliards.com\\\/fr\\\/travaille-avec-nous\\\/\",\"name\":\"Travaille avec nous\",\"isPartOf\":{\"@id\":\"https:\\\/\\\/theworldbilliards.com\\\/fr\\\/#website\"},\"datePublished\":\"2016-09-29T12:00:03+00:00\",\"dateModified\":\"2025-09-25T09:00:31+00:00\",\"description\":\"Vous souhaitez venir collaborer avec nous et faire partie de nos \u00e9quipes? C'est tr\u00e8s simple: il suffit d'envoyer un e-mail avec votre Curriculum Vitae. Recrutement en ligne: Vos donn\u00e9es seront archiv\u00e9es par ordre de saisie et seront appel\u00e9es ...\",\"breadcrumb\":{\"@id\":\"https:\\\/\\\/theworldbilliards.com\\\/fr\\\/travaille-avec-nous\\\/#breadcrumb\"},\"inLanguage\":\"fr-FR\",\"potentialAction\":[{\"@type\":\"ReadAction\",\"target\":[\"https:\\\/\\\/theworldbilliards.com\\\/fr\\\/travaille-avec-nous\\\/\"]}]},{\"@type\":\"BreadcrumbList\",\"@id\":\"https:\\\/\\\/theworldbilliards.com\\\/fr\\\/travaille-avec-nous\\\/#breadcrumb\",\"itemListElement\":[{\"@type\":\"ListItem\",\"position\":1,\"name\":\"In\u00edcio\",\"item\":\"https:\\\/\\\/theworldbilliards.com\\\/fr\\\/\"},{\"@type\":\"ListItem\",\"position\":2,\"name\":\"Travaille avec nous\"}]},{\"@type\":\"WebSite\",\"@id\":\"https:\\\/\\\/theworldbilliards.com\\\/fr\\\/#website\",\"url\":\"https:\\\/\\\/theworldbilliards.com\\\/fr\\\/\",\"name\":\"TheWorldBilliards\",\"description\":\"Achetez ici billard, baby-foot, ping-pong et bowling\",\"publisher\":{\"@id\":\"https:\\\/\\\/theworldbilliards.com\\\/fr\\\/#organization\"},\"alternateName\":\"The world billiards\",\"potentialAction\":[{\"@type\":\"SearchAction\",\"target\":{\"@type\":\"EntryPoint\",\"urlTemplate\":\"https:\\\/\\\/theworldbilliards.com\\\/fr\\\/?s={search_term_string}\"},\"query-input\":{\"@type\":\"PropertyValueSpecification\",\"valueRequired\":true,\"valueName\":\"search_term_string\"}}],\"inLanguage\":\"fr-FR\"},{\"@type\":\"Organization\",\"@id\":\"https:\\\/\\\/theworldbilliards.com\\\/fr\\\/#organization\",\"name\":\"The World Billiards\",\"alternateName\":\"The World Billiards\",\"url\":\"https:\\\/\\\/theworldbilliards.com\\\/fr\\\/\",\"logo\":{\"@type\":\"ImageObject\",\"inLanguage\":\"fr-FR\",\"@id\":\"https:\\\/\\\/theworldbilliards.com\\\/fr\\\/#\\\/schema\\\/logo\\\/image\\\/\",\"url\":\"\",\"contentUrl\":\"\",\"caption\":\"The World Billiards\"},\"image\":{\"@id\":\"https:\\\/\\\/theworldbilliards.com\\\/fr\\\/#\\\/schema\\\/logo\\\/image\\\/\"},\"sameAs\":[\"https:\\\/\\\/www.facebook.com\\\/baby.foot.superbes\",\"https:\\\/\\\/www.youtube.com\\\/channel\\\/UCIMuOVAaUcH6UpZcsZlH0Tg\",\"https:\\\/\\\/www.facebook.com\\\/people\\\/Brunswick-Billiards-EspaaPortugal\\\/100066446264309\\\/\",\"https:\\\/\\\/www.instagram.com\\\/the_world_billiards\\\/\",\"https:\\\/\\\/www.pinterest.es\\\/Theworldbilliards\\\/\"]}]}<\/script>\n<!-- \/ Yoast SEO plugin. -->","yoast_head_json":{"title":"Travaille avec nous","description":"Vous souhaitez venir collaborer avec nous et faire partie de nos \u00e9quipes? C'est tr\u00e8s simple: il suffit d'envoyer un e-mail avec votre Curriculum Vitae. Recrutement en ligne: Vos donn\u00e9es seront archiv\u00e9es par ordre de saisie et seront appel\u00e9es ...","robots":{"index":"index","follow":"follow","max-snippet":"max-snippet:-1","max-image-preview":"max-image-preview:large","max-video-preview":"max-video-preview:-1"},"canonical":"https:\/\/theworldbilliards.com\/fr\/travaille-avec-nous\/","og_locale":"fr_FR","og_type":"article","og_title":"Travaille avec nous","og_description":"Vous souhaitez venir collaborer avec nous et faire partie de nos \u00e9quipes? C'est tr\u00e8s simple: il suffit d'envoyer un e-mail avec votre Curriculum Vitae. Recrutement en ligne: Vos donn\u00e9es seront archiv\u00e9es par ordre de saisie et seront appel\u00e9es ...","og_url":"https:\/\/theworldbilliards.com\/fr\/travaille-avec-nous\/","og_site_name":"The World Billiards","article_publisher":"https:\/\/www.facebook.com\/baby.foot.superbes","article_modified_time":"2025-09-25T09:00:31+00:00","og_image":[{"width":1103,"height":282,"url":"https:\/\/theworldbilliards.com\/wp-content\/uploads\/2023\/09\/cropped-logo-2023-TheWorldBilliards.png","type":"image\/png"}],"twitter_card":"summary_large_image","schema":{"@context":"https:\/\/schema.org","@graph":[{"@type":"WebPage","@id":"https:\/\/theworldbilliards.com\/fr\/travaille-avec-nous\/","url":"https:\/\/theworldbilliards.com\/fr\/travaille-avec-nous\/","name":"Travaille avec nous","isPartOf":{"@id":"https:\/\/theworldbilliards.com\/fr\/#website"},"datePublished":"2016-09-29T12:00:03+00:00","dateModified":"2025-09-25T09:00:31+00:00","description":"Vous souhaitez venir collaborer avec nous et faire partie de nos \u00e9quipes? C'est tr\u00e8s simple: il suffit d'envoyer un e-mail avec votre Curriculum Vitae. Recrutement en ligne: Vos donn\u00e9es seront archiv\u00e9es par ordre de saisie et seront appel\u00e9es ...","breadcrumb":{"@id":"https:\/\/theworldbilliards.com\/fr\/travaille-avec-nous\/#breadcrumb"},"inLanguage":"fr-FR","potentialAction":[{"@type":"ReadAction","target":["https:\/\/theworldbilliards.com\/fr\/travaille-avec-nous\/"]}]},{"@type":"BreadcrumbList","@id":"https:\/\/theworldbilliards.com\/fr\/travaille-avec-nous\/#breadcrumb","itemListElement":[{"@type":"ListItem","position":1,"name":"In\u00edcio","item":"https:\/\/theworldbilliards.com\/fr\/"},{"@type":"ListItem","position":2,"name":"Travaille avec nous"}]},{"@type":"WebSite","@id":"https:\/\/theworldbilliards.com\/fr\/#website","url":"https:\/\/theworldbilliards.com\/fr\/","name":"TheWorldBilliards","description":"Achetez ici billard, baby-foot, ping-pong et bowling","publisher":{"@id":"https:\/\/theworldbilliards.com\/fr\/#organization"},"alternateName":"The world billiards","potentialAction":[{"@type":"SearchAction","target":{"@type":"EntryPoint","urlTemplate":"https:\/\/theworldbilliards.com\/fr\/?s={search_term_string}"},"query-input":{"@type":"PropertyValueSpecification","valueRequired":true,"valueName":"search_term_string"}}],"inLanguage":"fr-FR"},{"@type":"Organization","@id":"https:\/\/theworldbilliards.com\/fr\/#organization","name":"The World Billiards","alternateName":"The World Billiards","url":"https:\/\/theworldbilliards.com\/fr\/","logo":{"@type":"ImageObject","inLanguage":"fr-FR","@id":"https:\/\/theworldbilliards.com\/fr\/#\/schema\/logo\/image\/","url":"","contentUrl":"","caption":"The World Billiards"},"image":{"@id":"https:\/\/theworldbilliards.com\/fr\/#\/schema\/logo\/image\/"},"sameAs":["https:\/\/www.facebook.com\/baby.foot.superbes","https:\/\/www.youtube.com\/channel\/UCIMuOVAaUcH6UpZcsZlH0Tg","https:\/\/www.facebook.com\/people\/Brunswick-Billiards-EspaaPortugal\/100066446264309\/","https:\/\/www.instagram.com\/the_world_billiards\/","https:\/\/www.pinterest.es\/Theworldbilliards\/"]}]}},"_links":{"self":[{"href":"https:\/\/theworldbilliards.com\/fr\/wp-json\/wp\/v2\/pages\/30242","targetHints":{"allow":["GET"]}}],"collection":[{"href":"https:\/\/theworldbilliards.com\/fr\/wp-json\/wp\/v2\/pages"}],"about":[{"href":"https:\/\/theworldbilliards.com\/fr\/wp-json\/wp\/v2\/types\/page"}],"author":[{"embeddable":true,"href":"https:\/\/theworldbilliards.com\/fr\/wp-json\/wp\/v2\/users\/321"}],"replies":[{"embeddable":true,"href":"https:\/\/theworldbilliards.com\/fr\/wp-json\/wp\/v2\/comments?post=30242"}],"version-history":[{"count":0,"href":"https:\/\/theworldbilliards.com\/fr\/wp-json\/wp\/v2\/pages\/30242\/revisions"}],"wp:attachment":[{"href":"https:\/\/theworldbilliards.com\/fr\/wp-json\/wp\/v2\/media?parent=30242"}],"curies":[{"name":"wp","href":"https:\/\/api.w.org\/{rel}","templated":true}]}}