{"id":49695,"date":"2016-12-17T16:40:04","date_gmt":"2016-12-17T15:40:04","guid":{"rendered":"https:\/\/theworldbilliards.com\/personnalisation-de-billard-et-baby-foot\/"},"modified":"2025-09-19T12:27:51","modified_gmt":"2025-09-19T10:27:51","slug":"personnalisation-de-baby-foot","status":"publish","type":"page","link":"https:\/\/theworldbilliards.com\/fr\/personnalisation-de-baby-foot\/","title":{"rendered":"Personnalisation de Baby foot"},"content":{"rendered":"\n<h1 class=\"wp-block-heading has-text-align-center\"><strong>Personnalisation de Baby foot<\/strong><\/h1>\n\n<p>Nous avons plusieurs options de personnalisation pour le baby-foot.<\/p>\n\n<p>De la simple personnalisation du baby-foot comme des marqueurs de but ou des cendriers aux changements de finition du baby-foot, des imprim\u00e9s, des vinyles d\u00e9coratifs, des changements d\u2019\u00e9quipes de joueurs\u2026.<\/p>\n\n<p>Le prix d\u00e9pendra \u00e0 la fois du ballon de football choisi et de la personnalisation souhait\u00e9e.<\/p>\n\n<p>Faites-nous part de votre id\u00e9e, de ce que vous souhaitez personnaliser dans votre baby-foot, du mod\u00e8le de baby-foot que vous avez choisi et nous \u00e9tudions la meilleure solution pour adopter un budget sans engagement. Ne restez pas avec le d\u00e9sir !\u00a0<a href=\"https:\/\/theworldbilliards.com\/fr\/contact-acheter-billard\/\" target=\"_blank\" rel=\"noopener\">Contactez ici<\/a><\/p>\n\n<p class=\"has-text-align-center\">\u00a0<\/p>\n\n<figure class=\"wp-block-embed is-type-video is-provider-youtube wp-block-embed-youtube wp-embed-aspect-16-9 wp-has-aspect-ratio\">\r\n<div class=\"wp-block-embed__wrapper\">https:\/\/youtu.be\/MG4yEl6zWwY<\/div><\/figure>\n\n<p class=\"has-text-align-center\">\u00a0<\/p>\n\n<figure class=\"wp-block-image aligncenter\"><img loading=\"lazy\" decoding=\"async\" width=\"1600\" height=\"1200\" src=\"https:\/\/theworldbilliards.com\/wp-content\/uploads\/2020\/01\/balaidos.jpg\" alt=\"\" class=\"wp-image-71229\" srcset=\"https:\/\/theworldbilliards.com\/wp-content\/uploads\/2020\/01\/balaidos.jpg 1600w, https:\/\/theworldbilliards.com\/wp-content\/uploads\/2020\/01\/balaidos-600x450.jpg 600w, https:\/\/theworldbilliards.com\/wp-content\/uploads\/2020\/01\/balaidos-300x225.jpg 300w, https:\/\/theworldbilliards.com\/wp-content\/uploads\/2020\/01\/balaidos-1024x768.jpg 1024w, https:\/\/theworldbilliards.com\/wp-content\/uploads\/2020\/01\/balaidos-768x576.jpg 768w, https:\/\/theworldbilliards.com\/wp-content\/uploads\/2020\/01\/balaidos-1536x1152.jpg 1536w, https:\/\/theworldbilliards.com\/wp-content\/uploads\/2020\/01\/balaidos-416x312.jpg 416w\" sizes=\"auto, (max-width: 1600px) 100vw, 1600px\" \/><\/figure>\n\n<figure class=\"wp-block-image aligncenter size-large\"><img decoding=\"async\" src=\"https:\/\/theworldbilliards.com\/wp-content\/uploads\/2020\/01\/bernabeu-espanha-1024x770.jpg\" alt=\"\" class=\"wp-image-71236\"\/><\/figure>\n\n<figure class=\"wp-block-image aligncenter size-large\"><img decoding=\"async\" src=\"https:\/\/theworldbilliards.com\/wp-content\/uploads\/2020\/01\/bernabeu-manhattan-1024x778.jpg\" alt=\"\" class=\"wp-image-71240\"\/><\/figure>\n\n<figure class=\"wp-block-image aligncenter size-large\"><img loading=\"lazy\" decoding=\"async\" width=\"1024\" height=\"768\" src=\"https:\/\/theworldbilliards.com\/wp-content\/uploads\/2018\/04\/bernabeu-vidro-II-1-1024x768.jpg\" alt=\"\" class=\"wp-image-44934\" srcset=\"https:\/\/theworldbilliards.com\/wp-content\/uploads\/2018\/04\/bernabeu-vidro-II-1-1024x768.jpg 1024w, https:\/\/theworldbilliards.com\/wp-content\/uploads\/2018\/04\/bernabeu-vidro-II-1-600x450.jpg 600w, https:\/\/theworldbilliards.com\/wp-content\/uploads\/2018\/04\/bernabeu-vidro-II-1-300x225.jpg 300w, https:\/\/theworldbilliards.com\/wp-content\/uploads\/2018\/04\/bernabeu-vidro-II-1-768x576.jpg 768w, https:\/\/theworldbilliards.com\/wp-content\/uploads\/2018\/04\/bernabeu-vidro-II-1-150x113.jpg 150w, https:\/\/theworldbilliards.com\/wp-content\/uploads\/2018\/04\/bernabeu-vidro-II-1-416x312.jpg 416w, https:\/\/theworldbilliards.com\/wp-content\/uploads\/2018\/04\/bernabeu-vidro-II-1.jpg 1600w\" sizes=\"auto, (max-width: 1024px) 100vw, 1024px\" \/><\/figure>\n\n<figure class=\"wp-block-image aligncenter\"><img loading=\"lazy\" decoding=\"async\" width=\"1473\" height=\"955\" src=\"https:\/\/theworldbilliards.com\/wp-content\/uploads\/2020\/01\/bonecos.jpg\" alt=\"\" class=\"wp-image-71245\" srcset=\"https:\/\/theworldbilliards.com\/wp-content\/uploads\/2020\/01\/bonecos.jpg 1473w, https:\/\/theworldbilliards.com\/wp-content\/uploads\/2020\/01\/bonecos-600x389.jpg 600w, https:\/\/theworldbilliards.com\/wp-content\/uploads\/2020\/01\/bonecos-300x195.jpg 300w, https:\/\/theworldbilliards.com\/wp-content\/uploads\/2020\/01\/bonecos-1024x664.jpg 1024w, https:\/\/theworldbilliards.com\/wp-content\/uploads\/2020\/01\/bonecos-768x498.jpg 768w, https:\/\/theworldbilliards.com\/wp-content\/uploads\/2020\/01\/bonecos-416x270.jpg 416w\" sizes=\"auto, (max-width: 1473px) 100vw, 1473px\" \/><\/figure>\n\n<figure class=\"wp-block-image aligncenter size-large\"><img loading=\"lazy\" decoding=\"async\" width=\"1024\" height=\"716\" src=\"https:\/\/theworldbilliards.com\/wp-content\/uploads\/2020\/01\/munecos-1024x716.jpg\" alt=\"\" class=\"wp-image-71256\" srcset=\"https:\/\/theworldbilliards.com\/wp-content\/uploads\/2020\/01\/munecos-1024x716.jpg 1024w, https:\/\/theworldbilliards.com\/wp-content\/uploads\/2020\/01\/munecos-scaled-600x420.jpg 600w, https:\/\/theworldbilliards.com\/wp-content\/uploads\/2020\/01\/munecos-300x210.jpg 300w, https:\/\/theworldbilliards.com\/wp-content\/uploads\/2020\/01\/munecos-768x537.jpg 768w, https:\/\/theworldbilliards.com\/wp-content\/uploads\/2020\/01\/munecos-1536x1074.jpg 1536w, https:\/\/theworldbilliards.com\/wp-content\/uploads\/2020\/01\/munecos-2048x1432.jpg 2048w, https:\/\/theworldbilliards.com\/wp-content\/uploads\/2020\/01\/munecos-416x291.jpg 416w\" sizes=\"auto, (max-width: 1024px) 100vw, 1024px\" \/><\/figure>\n","protected":false},"excerpt":{"rendered":"<p>Personnalisation de Baby foot Nous avons plusieurs options de personnalisation pour le baby-foot. De la simple personnalisation du baby-foot comme [&hellip;]<\/p>\n","protected":false},"author":321,"featured_media":0,"parent":0,"menu_order":0,"comment_status":"closed","ping_status":"closed","template":"","meta":{"site-sidebar-layout":"default","site-content-layout":"","ast-site-content-layout":"default","site-content-style":"default","site-sidebar-style":"default","ast-global-header-display":"","ast-banner-title-visibility":"","ast-main-header-display":"","ast-hfb-above-header-display":"","ast-hfb-below-header-display":"","ast-hfb-mobile-header-display":"","site-post-title":"","ast-breadcrumbs-content":"","ast-featured-img":"","footer-sml-layout":"","ast-disable-related-posts":"","theme-transparent-header-meta":"","adv-header-id-meta":"","stick-header-meta":"","header-above-stick-meta":"","header-main-stick-meta":"","header-below-stick-meta":"","astra-migrate-meta-layouts":"default","ast-page-background-enabled":"default","ast-page-background-meta":{"desktop":{"background-color":"var(--ast-global-color-4)","background-image":"","background-repeat":"repeat","background-position":"center center","background-size":"auto","background-attachment":"scroll","background-type":"","background-media":"","overlay-type":"","overlay-color":"","overlay-opacity":"","overlay-gradient":""},"tablet":{"background-color":"","background-image":"","background-repeat":"repeat","background-position":"center center","background-size":"auto","background-attachment":"scroll","background-type":"","background-media":"","overlay-type":"","overlay-color":"","overlay-opacity":"","overlay-gradient":""},"mobile":{"background-color":"","background-image":"","background-repeat":"repeat","background-position":"center center","background-size":"auto","background-attachment":"scroll","background-type":"","background-media":"","overlay-type":"","overlay-color":"","overlay-opacity":"","overlay-gradient":""}},"ast-content-background-meta":{"desktop":{"background-color":"var(--ast-global-color-5)","background-image":"","background-repeat":"repeat","background-position":"center center","background-size":"auto","background-attachment":"scroll","background-type":"","background-media":"","overlay-type":"","overlay-color":"","overlay-opacity":"","overlay-gradient":""},"tablet":{"background-color":"var(--ast-global-color-5)","background-image":"","background-repeat":"repeat","background-position":"center center","background-size":"auto","background-attachment":"scroll","background-type":"","background-media":"","overlay-type":"","overlay-color":"","overlay-opacity":"","overlay-gradient":""},"mobile":{"background-color":"var(--ast-global-color-5)","background-image":"","background-repeat":"repeat","background-position":"center center","background-size":"auto","background-attachment":"scroll","background-type":"","background-media":"","overlay-type":"","overlay-color":"","overlay-opacity":"","overlay-gradient":""}},"footnotes":""},"class_list":["post-49695","page","type-page","status-publish","hentry"],"yoast_head":"<!-- This site is optimized with the Yoast SEO plugin v27.4 - https:\/\/yoast.com\/product\/yoast-seo-wordpress\/ -->\n<title>Personnalisation de Baby foot - The World Billiards<\/title>\n<meta name=\"description\" content=\"Personnalisation de Baby foot Nous avons plusieurs options de personnalisation pour le baby-foot. De la simple personnalisation du baby-foot comme des marqueurs de but ou des cendriers aux changements de finition du baby-foot, des imprim\u00e9s, des vinyles d\u00e9coratifs, des changements d\u2019\u00e9quipes de joueurs\u2026. Le prix d\u00e9pendra \u00e0 la fois du ballon de football choisi et de la personnalisation souhait\u00e9e. Faites-nous part de votre id\u00e9e, de ce que vous souhaitez personnaliser dans votre baby-foot, du mod\u00e8le de baby-foot que vous avez choisi et nous \u00e9tudions la meilleure solution pour adopter un budget sans engagement. Ne restez pas avec le d\u00e9sir !\u00a0Contactez ici \u00a0  https:\/\/youtu.be\/MG4yEl6zWwY \u00a0\" \/>\n<meta name=\"robots\" content=\"index, follow, max-snippet:-1, max-image-preview:large, max-video-preview:-1\" \/>\n<link rel=\"canonical\" href=\"https:\/\/theworldbilliards.com\/fr\/personnalisation-de-baby-foot\/\" \/>\n<meta property=\"og:locale\" content=\"fr_FR\" \/>\n<meta property=\"og:type\" content=\"article\" \/>\n<meta property=\"og:title\" content=\"Personnalisation de Baby foot - The World Billiards\" \/>\n<meta property=\"og:description\" content=\"Personnalisation de Baby foot Nous avons plusieurs options de personnalisation pour le baby-foot. De la simple personnalisation du baby-foot comme des marqueurs de but ou des cendriers aux changements de finition du baby-foot, des imprim\u00e9s, des vinyles d\u00e9coratifs, des changements d\u2019\u00e9quipes de joueurs\u2026. Le prix d\u00e9pendra \u00e0 la fois du ballon de football choisi et de la personnalisation souhait\u00e9e. Faites-nous part de votre id\u00e9e, de ce que vous souhaitez personnaliser dans votre baby-foot, du mod\u00e8le de baby-foot que vous avez choisi et nous \u00e9tudions la meilleure solution pour adopter un budget sans engagement. Ne restez pas avec le d\u00e9sir !\u00a0Contactez ici \u00a0  https:\/\/youtu.be\/MG4yEl6zWwY \u00a0\" \/>\n<meta property=\"og:url\" content=\"https:\/\/theworldbilliards.com\/fr\/personnalisation-de-baby-foot\/\" \/>\n<meta property=\"og:site_name\" content=\"The World Billiards\" \/>\n<meta property=\"article:publisher\" content=\"https:\/\/www.facebook.com\/baby.foot.superbes\" \/>\n<meta property=\"article:modified_time\" content=\"2025-09-19T10:27:51+00:00\" \/>\n<meta property=\"og:image\" content=\"https:\/\/theworldbilliards.com\/wp-content\/uploads\/2020\/01\/balaidos.jpg\" \/>\n\t<meta property=\"og:image:width\" content=\"1600\" \/>\n\t<meta property=\"og:image:height\" content=\"1200\" \/>\n\t<meta property=\"og:image:type\" content=\"image\/jpeg\" \/>\n<meta name=\"twitter:card\" content=\"summary_large_image\" \/>\n<meta name=\"twitter:label1\" content=\"Dur\u00e9e de lecture estim\u00e9e\" \/>\n\t<meta name=\"twitter:data1\" content=\"2 minutes\" \/>\n<script type=\"application\/ld+json\" class=\"yoast-schema-graph\">{\"@context\":\"https:\\\/\\\/schema.org\",\"@graph\":[{\"@type\":\"WebPage\",\"@id\":\"https:\\\/\\\/theworldbilliards.com\\\/fr\\\/personnalisation-de-baby-foot\\\/\",\"url\":\"https:\\\/\\\/theworldbilliards.com\\\/fr\\\/personnalisation-de-baby-foot\\\/\",\"name\":\"Personnalisation de Baby foot - The World Billiards\",\"isPartOf\":{\"@id\":\"https:\\\/\\\/theworldbilliards.com\\\/fr\\\/#website\"},\"primaryImageOfPage\":{\"@id\":\"https:\\\/\\\/theworldbilliards.com\\\/fr\\\/personnalisation-de-baby-foot\\\/#primaryimage\"},\"image\":{\"@id\":\"https:\\\/\\\/theworldbilliards.com\\\/fr\\\/personnalisation-de-baby-foot\\\/#primaryimage\"},\"thumbnailUrl\":\"https:\\\/\\\/theworldbilliards.com\\\/wp-content\\\/uploads\\\/2020\\\/01\\\/balaidos.jpg\",\"datePublished\":\"2016-12-17T15:40:04+00:00\",\"dateModified\":\"2025-09-19T10:27:51+00:00\",\"description\":\"Personnalisation de Baby foot Nous avons plusieurs options de personnalisation pour le baby-foot. De la simple personnalisation du baby-foot comme des marqueurs de but ou des cendriers aux changements de finition du baby-foot, des imprim\u00e9s, des vinyles d\u00e9coratifs, des changements d\u2019\u00e9quipes de joueurs\u2026. Le prix d\u00e9pendra \u00e0 la fois du ballon de football choisi et de la personnalisation souhait\u00e9e. Faites-nous part de votre id\u00e9e, de ce que vous souhaitez personnaliser dans votre baby-foot, du mod\u00e8le de baby-foot que vous avez choisi et nous \u00e9tudions la meilleure solution pour adopter un budget sans engagement. Ne restez pas avec le d\u00e9sir !\u00a0Contactez ici \u00a0 https:\\\/\\\/youtu.be\\\/MG4yEl6zWwY \u00a0\",\"breadcrumb\":{\"@id\":\"https:\\\/\\\/theworldbilliards.com\\\/fr\\\/personnalisation-de-baby-foot\\\/#breadcrumb\"},\"inLanguage\":\"fr-FR\",\"potentialAction\":[{\"@type\":\"ReadAction\",\"target\":[\"https:\\\/\\\/theworldbilliards.com\\\/fr\\\/personnalisation-de-baby-foot\\\/\"]}]},{\"@type\":\"ImageObject\",\"inLanguage\":\"fr-FR\",\"@id\":\"https:\\\/\\\/theworldbilliards.com\\\/fr\\\/personnalisation-de-baby-foot\\\/#primaryimage\",\"url\":\"https:\\\/\\\/theworldbilliards.com\\\/wp-content\\\/uploads\\\/2020\\\/01\\\/balaidos.jpg\",\"contentUrl\":\"https:\\\/\\\/theworldbilliards.com\\\/wp-content\\\/uploads\\\/2020\\\/01\\\/balaidos.jpg\"},{\"@type\":\"BreadcrumbList\",\"@id\":\"https:\\\/\\\/theworldbilliards.com\\\/fr\\\/personnalisation-de-baby-foot\\\/#breadcrumb\",\"itemListElement\":[{\"@type\":\"ListItem\",\"position\":1,\"name\":\"In\u00edcio\",\"item\":\"https:\\\/\\\/theworldbilliards.com\\\/fr\\\/\"},{\"@type\":\"ListItem\",\"position\":2,\"name\":\"Personnalisation de Baby foot\"}]},{\"@type\":\"WebSite\",\"@id\":\"https:\\\/\\\/theworldbilliards.com\\\/fr\\\/#website\",\"url\":\"https:\\\/\\\/theworldbilliards.com\\\/fr\\\/\",\"name\":\"TheWorldBilliards\",\"description\":\"Achetez ici billard, baby-foot, ping-pong et bowling\",\"publisher\":{\"@id\":\"https:\\\/\\\/theworldbilliards.com\\\/fr\\\/#organization\"},\"alternateName\":\"The world billiards\",\"potentialAction\":[{\"@type\":\"SearchAction\",\"target\":{\"@type\":\"EntryPoint\",\"urlTemplate\":\"https:\\\/\\\/theworldbilliards.com\\\/fr\\\/?s={search_term_string}\"},\"query-input\":{\"@type\":\"PropertyValueSpecification\",\"valueRequired\":true,\"valueName\":\"search_term_string\"}}],\"inLanguage\":\"fr-FR\"},{\"@type\":\"Organization\",\"@id\":\"https:\\\/\\\/theworldbilliards.com\\\/fr\\\/#organization\",\"name\":\"The World Billiards\",\"alternateName\":\"The World Billiards\",\"url\":\"https:\\\/\\\/theworldbilliards.com\\\/fr\\\/\",\"logo\":{\"@type\":\"ImageObject\",\"inLanguage\":\"fr-FR\",\"@id\":\"https:\\\/\\\/theworldbilliards.com\\\/fr\\\/#\\\/schema\\\/logo\\\/image\\\/\",\"url\":\"\",\"contentUrl\":\"\",\"caption\":\"The World Billiards\"},\"image\":{\"@id\":\"https:\\\/\\\/theworldbilliards.com\\\/fr\\\/#\\\/schema\\\/logo\\\/image\\\/\"},\"sameAs\":[\"https:\\\/\\\/www.facebook.com\\\/baby.foot.superbes\",\"https:\\\/\\\/www.youtube.com\\\/channel\\\/UCIMuOVAaUcH6UpZcsZlH0Tg\",\"https:\\\/\\\/www.facebook.com\\\/people\\\/Brunswick-Billiards-EspaaPortugal\\\/100066446264309\\\/\",\"https:\\\/\\\/www.instagram.com\\\/the_world_billiards\\\/\",\"https:\\\/\\\/www.pinterest.es\\\/Theworldbilliards\\\/\"]}]}<\/script>\n<!-- \/ Yoast SEO plugin. -->","yoast_head_json":{"title":"Personnalisation de Baby foot - The World Billiards","description":"Personnalisation de Baby foot Nous avons plusieurs options de personnalisation pour le baby-foot. De la simple personnalisation du baby-foot comme des marqueurs de but ou des cendriers aux changements de finition du baby-foot, des imprim\u00e9s, des vinyles d\u00e9coratifs, des changements d\u2019\u00e9quipes de joueurs\u2026. Le prix d\u00e9pendra \u00e0 la fois du ballon de football choisi et de la personnalisation souhait\u00e9e. Faites-nous part de votre id\u00e9e, de ce que vous souhaitez personnaliser dans votre baby-foot, du mod\u00e8le de baby-foot que vous avez choisi et nous \u00e9tudions la meilleure solution pour adopter un budget sans engagement. Ne restez pas avec le d\u00e9sir !\u00a0Contactez ici \u00a0  https:\/\/youtu.be\/MG4yEl6zWwY \u00a0","robots":{"index":"index","follow":"follow","max-snippet":"max-snippet:-1","max-image-preview":"max-image-preview:large","max-video-preview":"max-video-preview:-1"},"canonical":"https:\/\/theworldbilliards.com\/fr\/personnalisation-de-baby-foot\/","og_locale":"fr_FR","og_type":"article","og_title":"Personnalisation de Baby foot - The World Billiards","og_description":"Personnalisation de Baby foot Nous avons plusieurs options de personnalisation pour le baby-foot. De la simple personnalisation du baby-foot comme des marqueurs de but ou des cendriers aux changements de finition du baby-foot, des imprim\u00e9s, des vinyles d\u00e9coratifs, des changements d\u2019\u00e9quipes de joueurs\u2026. Le prix d\u00e9pendra \u00e0 la fois du ballon de football choisi et de la personnalisation souhait\u00e9e. Faites-nous part de votre id\u00e9e, de ce que vous souhaitez personnaliser dans votre baby-foot, du mod\u00e8le de baby-foot que vous avez choisi et nous \u00e9tudions la meilleure solution pour adopter un budget sans engagement. Ne restez pas avec le d\u00e9sir !\u00a0Contactez ici \u00a0  https:\/\/youtu.be\/MG4yEl6zWwY \u00a0","og_url":"https:\/\/theworldbilliards.com\/fr\/personnalisation-de-baby-foot\/","og_site_name":"The World Billiards","article_publisher":"https:\/\/www.facebook.com\/baby.foot.superbes","article_modified_time":"2025-09-19T10:27:51+00:00","og_image":[{"width":1600,"height":1200,"url":"https:\/\/theworldbilliards.com\/wp-content\/uploads\/2020\/01\/balaidos.jpg","type":"image\/jpeg"}],"twitter_card":"summary_large_image","twitter_misc":{"Dur\u00e9e de lecture estim\u00e9e":"2 minutes"},"schema":{"@context":"https:\/\/schema.org","@graph":[{"@type":"WebPage","@id":"https:\/\/theworldbilliards.com\/fr\/personnalisation-de-baby-foot\/","url":"https:\/\/theworldbilliards.com\/fr\/personnalisation-de-baby-foot\/","name":"Personnalisation de Baby foot - The World Billiards","isPartOf":{"@id":"https:\/\/theworldbilliards.com\/fr\/#website"},"primaryImageOfPage":{"@id":"https:\/\/theworldbilliards.com\/fr\/personnalisation-de-baby-foot\/#primaryimage"},"image":{"@id":"https:\/\/theworldbilliards.com\/fr\/personnalisation-de-baby-foot\/#primaryimage"},"thumbnailUrl":"https:\/\/theworldbilliards.com\/wp-content\/uploads\/2020\/01\/balaidos.jpg","datePublished":"2016-12-17T15:40:04+00:00","dateModified":"2025-09-19T10:27:51+00:00","description":"Personnalisation de Baby foot Nous avons plusieurs options de personnalisation pour le baby-foot. De la simple personnalisation du baby-foot comme des marqueurs de but ou des cendriers aux changements de finition du baby-foot, des imprim\u00e9s, des vinyles d\u00e9coratifs, des changements d\u2019\u00e9quipes de joueurs\u2026. Le prix d\u00e9pendra \u00e0 la fois du ballon de football choisi et de la personnalisation souhait\u00e9e. Faites-nous part de votre id\u00e9e, de ce que vous souhaitez personnaliser dans votre baby-foot, du mod\u00e8le de baby-foot que vous avez choisi et nous \u00e9tudions la meilleure solution pour adopter un budget sans engagement. Ne restez pas avec le d\u00e9sir !\u00a0Contactez ici \u00a0 https:\/\/youtu.be\/MG4yEl6zWwY \u00a0","breadcrumb":{"@id":"https:\/\/theworldbilliards.com\/fr\/personnalisation-de-baby-foot\/#breadcrumb"},"inLanguage":"fr-FR","potentialAction":[{"@type":"ReadAction","target":["https:\/\/theworldbilliards.com\/fr\/personnalisation-de-baby-foot\/"]}]},{"@type":"ImageObject","inLanguage":"fr-FR","@id":"https:\/\/theworldbilliards.com\/fr\/personnalisation-de-baby-foot\/#primaryimage","url":"https:\/\/theworldbilliards.com\/wp-content\/uploads\/2020\/01\/balaidos.jpg","contentUrl":"https:\/\/theworldbilliards.com\/wp-content\/uploads\/2020\/01\/balaidos.jpg"},{"@type":"BreadcrumbList","@id":"https:\/\/theworldbilliards.com\/fr\/personnalisation-de-baby-foot\/#breadcrumb","itemListElement":[{"@type":"ListItem","position":1,"name":"In\u00edcio","item":"https:\/\/theworldbilliards.com\/fr\/"},{"@type":"ListItem","position":2,"name":"Personnalisation de Baby foot"}]},{"@type":"WebSite","@id":"https:\/\/theworldbilliards.com\/fr\/#website","url":"https:\/\/theworldbilliards.com\/fr\/","name":"TheWorldBilliards","description":"Achetez ici billard, baby-foot, ping-pong et bowling","publisher":{"@id":"https:\/\/theworldbilliards.com\/fr\/#organization"},"alternateName":"The world billiards","potentialAction":[{"@type":"SearchAction","target":{"@type":"EntryPoint","urlTemplate":"https:\/\/theworldbilliards.com\/fr\/?s={search_term_string}"},"query-input":{"@type":"PropertyValueSpecification","valueRequired":true,"valueName":"search_term_string"}}],"inLanguage":"fr-FR"},{"@type":"Organization","@id":"https:\/\/theworldbilliards.com\/fr\/#organization","name":"The World Billiards","alternateName":"The World Billiards","url":"https:\/\/theworldbilliards.com\/fr\/","logo":{"@type":"ImageObject","inLanguage":"fr-FR","@id":"https:\/\/theworldbilliards.com\/fr\/#\/schema\/logo\/image\/","url":"","contentUrl":"","caption":"The World Billiards"},"image":{"@id":"https:\/\/theworldbilliards.com\/fr\/#\/schema\/logo\/image\/"},"sameAs":["https:\/\/www.facebook.com\/baby.foot.superbes","https:\/\/www.youtube.com\/channel\/UCIMuOVAaUcH6UpZcsZlH0Tg","https:\/\/www.facebook.com\/people\/Brunswick-Billiards-EspaaPortugal\/100066446264309\/","https:\/\/www.instagram.com\/the_world_billiards\/","https:\/\/www.pinterest.es\/Theworldbilliards\/"]}]}},"_links":{"self":[{"href":"https:\/\/theworldbilliards.com\/fr\/wp-json\/wp\/v2\/pages\/49695","targetHints":{"allow":["GET"]}}],"collection":[{"href":"https:\/\/theworldbilliards.com\/fr\/wp-json\/wp\/v2\/pages"}],"about":[{"href":"https:\/\/theworldbilliards.com\/fr\/wp-json\/wp\/v2\/types\/page"}],"author":[{"embeddable":true,"href":"https:\/\/theworldbilliards.com\/fr\/wp-json\/wp\/v2\/users\/321"}],"replies":[{"embeddable":true,"href":"https:\/\/theworldbilliards.com\/fr\/wp-json\/wp\/v2\/comments?post=49695"}],"version-history":[{"count":0,"href":"https:\/\/theworldbilliards.com\/fr\/wp-json\/wp\/v2\/pages\/49695\/revisions"}],"wp:attachment":[{"href":"https:\/\/theworldbilliards.com\/fr\/wp-json\/wp\/v2\/media?parent=49695"}],"curies":[{"name":"wp","href":"https:\/\/api.w.org\/{rel}","templated":true}]}}