{"id":84615,"date":"2021-07-21T13:34:06","date_gmt":"2021-07-21T11:34:06","guid":{"rendered":"https:\/\/theworldbilliards.com\/quelle-mesure-de-table-de-billard-choisissons-nous\/"},"modified":"2025-11-18T13:10:08","modified_gmt":"2025-11-18T12:10:08","slug":"quelle-mesure-de-table-de-billard-choisissons-nous","status":"publish","type":"page","link":"https:\/\/theworldbilliards.com\/fr\/quelle-mesure-de-table-de-billard-choisissons-nous\/","title":{"rendered":"Quelle mesure de table de billard choisissons-nous?"},"content":{"rendered":"\n<h1 class=\"wp-block-heading has-text-align-center\"><strong>Quelle mesure de table de billard choisissons-nous?<\/strong><\/h1>\n\n<p class=\"has-text-align-center\">Pensez-vous acheter un billard et ne savez pas par o\u00f9 commencer? Ne vous inqui\u00e9tez pas, nous avons pr\u00e9par\u00e9 ce petit guide pour vous aider \u00e0 choisir, vous pouvez \u00e9galement nous contacter et notre \u00e9quipe r\u00e9pondra \u00e0 toutes vos questions.\u00a0<a href=\"https:\/\/theworldbilliards.com\/fr\/contact-acheter-billard\/\">Contact<\/a><\/p>\n\n<figure class=\"wp-block-image aligncenter size-full\"><img loading=\"lazy\" decoding=\"async\" width=\"500\" height=\"312\" src=\"https:\/\/theworldbilliards.com\/wp-content\/uploads\/2025\/11\/Billar-Nantalius-e1763467550928.jpg\" alt=\"\" class=\"wp-image-109624\"\/><\/figure>\n\n<hr class=\"wp-block-separator has-text-color has-white-color has-alpha-channel-opacity has-white-background-color has-background\"\/>\n\n<h2 class=\"wp-block-heading has-text-align-center\">Quelle mesure de table de billard choisissons-nous?<\/h2>\n\n<p>Il existe trois tailles standard pour les tables de billard<\/p>\n\n<p>7 pieds \u2013 mesure interne 2 x 1 m<\/p>\n\n<p> 8 pieds \u2013 mesure interne 2,24 x 1,12 m<\/p>\n\n<p> 9 pieds \u2013 mesure int\u00e9rieure 2,54 x 1,27 m<\/p>\n\n<p>Pourquoi parle-t-on de mesure int\u00e9rieure? Parce que dans la mesure de la surface de jeu ou de la mesure int\u00e9rieure, nous ajoutons la mesure de la queue et cela nous donne l\u2019espace dont nous avons besoin. Une queue mesure g\u00e9n\u00e9ralement entre 1,4 et 1,45 m, nous allons donc ajouter 1,5 m pour chaque c\u00f4t\u00e9 ou 3 m au total.<\/p>\n\n<h2 class=\"wp-block-heading has-text-align-center\">De quel espace aurons-nous besoin ?<\/h2>\n\n<p>Pour 7 pieds \u2013 nous aurons besoin de 5 x 4 m<\/p>\n\n<p> Pour 8 pieds \u2013 nous aurons besoin de 5,24 x 4,12 m<\/p>\n\n<p> Pour 9 pieds \u2013 nous aurons besoin de 5,54 x 4,27 m<\/p>\n\n<p>Vous savez o\u00f9 vous voulez placer votre table de billard et vous n\u2019\u00eates pas s\u00fbr que ce soit possible. Ne vous inqui\u00e9tez pas, contactez-nous, nous allons r\u00e9soudre vos doutes et nous vous pr\u00e9senterons diff\u00e9rentes solutions.\u00a0<a href=\"https:\/\/theworldbilliards.com\/fr\/contact-acheter-billard\/\">Contact<\/a><\/p>\n\n<p><\/p>\n","protected":false},"excerpt":{"rendered":"<p>Quelle mesure de table de billard choisissons-nous? Pensez-vous acheter un billard et ne savez pas par o\u00f9 commencer? Ne vous [&hellip;]<\/p>\n","protected":false},"author":321,"featured_media":0,"parent":0,"menu_order":0,"comment_status":"closed","ping_status":"closed","template":"","meta":{"site-sidebar-layout":"default","site-content-layout":"","ast-site-content-layout":"default","site-content-style":"default","site-sidebar-style":"default","ast-global-header-display":"","ast-banner-title-visibility":"","ast-main-header-display":"","ast-hfb-above-header-display":"","ast-hfb-below-header-display":"","ast-hfb-mobile-header-display":"","site-post-title":"","ast-breadcrumbs-content":"","ast-featured-img":"","footer-sml-layout":"","ast-disable-related-posts":"","theme-transparent-header-meta":"","adv-header-id-meta":"","stick-header-meta":"","header-above-stick-meta":"","header-main-stick-meta":"","header-below-stick-meta":"","astra-migrate-meta-layouts":"default","ast-page-background-enabled":"default","ast-page-background-meta":{"desktop":{"background-color":"var(--ast-global-color-4)","background-image":"","background-repeat":"repeat","background-position":"center center","background-size":"auto","background-attachment":"scroll","background-type":"","background-media":"","overlay-type":"","overlay-color":"","overlay-opacity":"","overlay-gradient":""},"tablet":{"background-color":"","background-image":"","background-repeat":"repeat","background-position":"center center","background-size":"auto","background-attachment":"scroll","background-type":"","background-media":"","overlay-type":"","overlay-color":"","overlay-opacity":"","overlay-gradient":""},"mobile":{"background-color":"","background-image":"","background-repeat":"repeat","background-position":"center center","background-size":"auto","background-attachment":"scroll","background-type":"","background-media":"","overlay-type":"","overlay-color":"","overlay-opacity":"","overlay-gradient":""}},"ast-content-background-meta":{"desktop":{"background-color":"var(--ast-global-color-5)","background-image":"","background-repeat":"repeat","background-position":"center center","background-size":"auto","background-attachment":"scroll","background-type":"","background-media":"","overlay-type":"","overlay-color":"","overlay-opacity":"","overlay-gradient":""},"tablet":{"background-color":"var(--ast-global-color-5)","background-image":"","background-repeat":"repeat","background-position":"center center","background-size":"auto","background-attachment":"scroll","background-type":"","background-media":"","overlay-type":"","overlay-color":"","overlay-opacity":"","overlay-gradient":""},"mobile":{"background-color":"var(--ast-global-color-5)","background-image":"","background-repeat":"repeat","background-position":"center center","background-size":"auto","background-attachment":"scroll","background-type":"","background-media":"","overlay-type":"","overlay-color":"","overlay-opacity":"","overlay-gradient":""}},"footnotes":""},"class_list":["post-84615","page","type-page","status-publish","hentry"],"yoast_head":"<!-- This site is optimized with the Yoast SEO plugin v27.4 - https:\/\/yoast.com\/product\/yoast-seo-wordpress\/ -->\n<title>Quelle mesure de table de billard choisissons-nous? - The World Billiards<\/title>\n<meta name=\"description\" content=\"Quelle mesure de table de billard choisissons-nous? Pensez-vous acheter un billard et ne savez pas par o\u00f9 commencer? Ne vous inqui\u00e9tez pas, nous avons pr\u00e9par\u00e9 ce petit guide pour vous aider \u00e0 choisir, vous pouvez \u00e9galement nous contacter et notre \u00e9quipe r\u00e9pondra \u00e0 toutes vos questions.\u00a0Contact   Quelle mesure de table de billard choisissons-nous? Il existe trois tailles standard pour les tables de billard 7 pieds \u2013 mesure interne 2 x 1 m  8 pieds \u2013 mesure interne 2,24 x 1,12 m  9 pieds \u2013 mesure int\u00e9rieure 2,54 x 1,27 m Pourquoi parle-t-on de mesure int\u00e9rieure? Parce que dans la mesure de la surface de jeu ou de la mesure int\u00e9rieure, nous ajoutons la mesure de la queue et cela nous donne l\u2019espace dont nous avons besoin. Une queue mesure g\u00e9n\u00e9ralement entre 1,4 et 1,45 m, nous allons donc ajouter 1,5 m pour chaque c\u00f4t\u00e9 ou 3 m au total. De quel espace aurons-nous besoin ? Pour 7 pieds \u2013 nous aurons besoin de 5 x 4 m  Pour 8 pieds \u2013 nous aurons besoin de 5,24 x 4,12 m  Pour 9 pieds \u2013 nous aurons besoin de 5,54 x 4,27 m Vous savez o\u00f9 vous voulez placer votre table de billard et vous n\u2019\u00eates pas s\u00fbr que ce soit possible. Ne vous inqui\u00e9tez pas, contactez-nous, nous allons r\u00e9soudre vos doutes et nous vous pr\u00e9senterons diff\u00e9rentes solutions.\u00a0Contact\" \/>\n<meta name=\"robots\" content=\"index, follow, max-snippet:-1, max-image-preview:large, max-video-preview:-1\" \/>\n<link rel=\"canonical\" href=\"https:\/\/theworldbilliards.com\/fr\/quelle-mesure-de-table-de-billard-choisissons-nous\/\" \/>\n<meta property=\"og:locale\" content=\"fr_FR\" \/>\n<meta property=\"og:type\" content=\"article\" \/>\n<meta property=\"og:title\" content=\"Quelle mesure de table de billard choisissons-nous? - The World Billiards\" \/>\n<meta property=\"og:description\" content=\"Quelle mesure de table de billard choisissons-nous? Pensez-vous acheter un billard et ne savez pas par o\u00f9 commencer? Ne vous inqui\u00e9tez pas, nous avons pr\u00e9par\u00e9 ce petit guide pour vous aider \u00e0 choisir, vous pouvez \u00e9galement nous contacter et notre \u00e9quipe r\u00e9pondra \u00e0 toutes vos questions.\u00a0Contact   Quelle mesure de table de billard choisissons-nous? Il existe trois tailles standard pour les tables de billard 7 pieds \u2013 mesure interne 2 x 1 m  8 pieds \u2013 mesure interne 2,24 x 1,12 m  9 pieds \u2013 mesure int\u00e9rieure 2,54 x 1,27 m Pourquoi parle-t-on de mesure int\u00e9rieure? Parce que dans la mesure de la surface de jeu ou de la mesure int\u00e9rieure, nous ajoutons la mesure de la queue et cela nous donne l\u2019espace dont nous avons besoin. Une queue mesure g\u00e9n\u00e9ralement entre 1,4 et 1,45 m, nous allons donc ajouter 1,5 m pour chaque c\u00f4t\u00e9 ou 3 m au total. De quel espace aurons-nous besoin ? Pour 7 pieds \u2013 nous aurons besoin de 5 x 4 m  Pour 8 pieds \u2013 nous aurons besoin de 5,24 x 4,12 m  Pour 9 pieds \u2013 nous aurons besoin de 5,54 x 4,27 m Vous savez o\u00f9 vous voulez placer votre table de billard et vous n\u2019\u00eates pas s\u00fbr que ce soit possible. Ne vous inqui\u00e9tez pas, contactez-nous, nous allons r\u00e9soudre vos doutes et nous vous pr\u00e9senterons diff\u00e9rentes solutions.\u00a0Contact\" \/>\n<meta property=\"og:url\" content=\"https:\/\/theworldbilliards.com\/fr\/quelle-mesure-de-table-de-billard-choisissons-nous\/\" \/>\n<meta property=\"og:site_name\" content=\"The World Billiards\" \/>\n<meta property=\"article:publisher\" content=\"https:\/\/www.facebook.com\/baby.foot.superbes\" \/>\n<meta property=\"article:modified_time\" content=\"2025-11-18T12:10:08+00:00\" \/>\n<meta property=\"og:image\" content=\"https:\/\/theworldbilliards.com\/wp-content\/uploads\/2025\/11\/Billar-Nantalius-e1763467550928.jpg\" \/>\n\t<meta property=\"og:image:width\" content=\"500\" \/>\n\t<meta property=\"og:image:height\" content=\"312\" \/>\n\t<meta property=\"og:image:type\" content=\"image\/jpeg\" \/>\n<meta name=\"twitter:card\" content=\"summary_large_image\" \/>\n<script type=\"application\/ld+json\" class=\"yoast-schema-graph\">{\"@context\":\"https:\\\/\\\/schema.org\",\"@graph\":[{\"@type\":\"WebPage\",\"@id\":\"https:\\\/\\\/theworldbilliards.com\\\/fr\\\/quelle-mesure-de-table-de-billard-choisissons-nous\\\/\",\"url\":\"https:\\\/\\\/theworldbilliards.com\\\/fr\\\/quelle-mesure-de-table-de-billard-choisissons-nous\\\/\",\"name\":\"Quelle mesure de table de billard choisissons-nous? - The World Billiards\",\"isPartOf\":{\"@id\":\"https:\\\/\\\/theworldbilliards.com\\\/fr\\\/#website\"},\"primaryImageOfPage\":{\"@id\":\"https:\\\/\\\/theworldbilliards.com\\\/fr\\\/quelle-mesure-de-table-de-billard-choisissons-nous\\\/#primaryimage\"},\"image\":{\"@id\":\"https:\\\/\\\/theworldbilliards.com\\\/fr\\\/quelle-mesure-de-table-de-billard-choisissons-nous\\\/#primaryimage\"},\"thumbnailUrl\":\"https:\\\/\\\/theworldbilliards.com\\\/wp-content\\\/uploads\\\/2025\\\/11\\\/Billar-Nantalius-e1763467550928.jpg\",\"datePublished\":\"2021-07-21T11:34:06+00:00\",\"dateModified\":\"2025-11-18T12:10:08+00:00\",\"description\":\"Quelle mesure de table de billard choisissons-nous? Pensez-vous acheter un billard et ne savez pas par o\u00f9 commencer? Ne vous inqui\u00e9tez pas, nous avons pr\u00e9par\u00e9 ce petit guide pour vous aider \u00e0 choisir, vous pouvez \u00e9galement nous contacter et notre \u00e9quipe r\u00e9pondra \u00e0 toutes vos questions.\u00a0Contact Quelle mesure de table de billard choisissons-nous? Il existe trois tailles standard pour les tables de billard 7 pieds \u2013 mesure interne 2 x 1 m 8 pieds \u2013 mesure interne 2,24 x 1,12 m 9 pieds \u2013 mesure int\u00e9rieure 2,54 x 1,27 m Pourquoi parle-t-on de mesure int\u00e9rieure? Parce que dans la mesure de la surface de jeu ou de la mesure int\u00e9rieure, nous ajoutons la mesure de la queue et cela nous donne l\u2019espace dont nous avons besoin. Une queue mesure g\u00e9n\u00e9ralement entre 1,4 et 1,45 m, nous allons donc ajouter 1,5 m pour chaque c\u00f4t\u00e9 ou 3 m au total. De quel espace aurons-nous besoin ? Pour 7 pieds \u2013 nous aurons besoin de 5 x 4 m Pour 8 pieds \u2013 nous aurons besoin de 5,24 x 4,12 m Pour 9 pieds \u2013 nous aurons besoin de 5,54 x 4,27 m Vous savez o\u00f9 vous voulez placer votre table de billard et vous n\u2019\u00eates pas s\u00fbr que ce soit possible. Ne vous inqui\u00e9tez pas, contactez-nous, nous allons r\u00e9soudre vos doutes et nous vous pr\u00e9senterons diff\u00e9rentes solutions.\u00a0Contact\",\"breadcrumb\":{\"@id\":\"https:\\\/\\\/theworldbilliards.com\\\/fr\\\/quelle-mesure-de-table-de-billard-choisissons-nous\\\/#breadcrumb\"},\"inLanguage\":\"fr-FR\",\"potentialAction\":[{\"@type\":\"ReadAction\",\"target\":[\"https:\\\/\\\/theworldbilliards.com\\\/fr\\\/quelle-mesure-de-table-de-billard-choisissons-nous\\\/\"]}]},{\"@type\":\"ImageObject\",\"inLanguage\":\"fr-FR\",\"@id\":\"https:\\\/\\\/theworldbilliards.com\\\/fr\\\/quelle-mesure-de-table-de-billard-choisissons-nous\\\/#primaryimage\",\"url\":\"https:\\\/\\\/theworldbilliards.com\\\/wp-content\\\/uploads\\\/2025\\\/11\\\/Billar-Nantalius-e1763467550928.jpg\",\"contentUrl\":\"https:\\\/\\\/theworldbilliards.com\\\/wp-content\\\/uploads\\\/2025\\\/11\\\/Billar-Nantalius-e1763467550928.jpg\"},{\"@type\":\"BreadcrumbList\",\"@id\":\"https:\\\/\\\/theworldbilliards.com\\\/fr\\\/quelle-mesure-de-table-de-billard-choisissons-nous\\\/#breadcrumb\",\"itemListElement\":[{\"@type\":\"ListItem\",\"position\":1,\"name\":\"In\u00edcio\",\"item\":\"https:\\\/\\\/theworldbilliards.com\\\/fr\\\/\"},{\"@type\":\"ListItem\",\"position\":2,\"name\":\"Quelle mesure de table de billard choisissons-nous?\"}]},{\"@type\":\"WebSite\",\"@id\":\"https:\\\/\\\/theworldbilliards.com\\\/fr\\\/#website\",\"url\":\"https:\\\/\\\/theworldbilliards.com\\\/fr\\\/\",\"name\":\"TheWorldBilliards\",\"description\":\"Achetez ici billard, baby-foot, ping-pong et bowling\",\"publisher\":{\"@id\":\"https:\\\/\\\/theworldbilliards.com\\\/fr\\\/#organization\"},\"alternateName\":\"The world billiards\",\"potentialAction\":[{\"@type\":\"SearchAction\",\"target\":{\"@type\":\"EntryPoint\",\"urlTemplate\":\"https:\\\/\\\/theworldbilliards.com\\\/fr\\\/?s={search_term_string}\"},\"query-input\":{\"@type\":\"PropertyValueSpecification\",\"valueRequired\":true,\"valueName\":\"search_term_string\"}}],\"inLanguage\":\"fr-FR\"},{\"@type\":\"Organization\",\"@id\":\"https:\\\/\\\/theworldbilliards.com\\\/fr\\\/#organization\",\"name\":\"The World Billiards\",\"alternateName\":\"The World Billiards\",\"url\":\"https:\\\/\\\/theworldbilliards.com\\\/fr\\\/\",\"logo\":{\"@type\":\"ImageObject\",\"inLanguage\":\"fr-FR\",\"@id\":\"https:\\\/\\\/theworldbilliards.com\\\/fr\\\/#\\\/schema\\\/logo\\\/image\\\/\",\"url\":\"\",\"contentUrl\":\"\",\"caption\":\"The World Billiards\"},\"image\":{\"@id\":\"https:\\\/\\\/theworldbilliards.com\\\/fr\\\/#\\\/schema\\\/logo\\\/image\\\/\"},\"sameAs\":[\"https:\\\/\\\/www.facebook.com\\\/baby.foot.superbes\",\"https:\\\/\\\/www.youtube.com\\\/channel\\\/UCIMuOVAaUcH6UpZcsZlH0Tg\",\"https:\\\/\\\/www.facebook.com\\\/people\\\/Brunswick-Billiards-EspaaPortugal\\\/100066446264309\\\/\",\"https:\\\/\\\/www.instagram.com\\\/the_world_billiards\\\/\",\"https:\\\/\\\/www.pinterest.es\\\/Theworldbilliards\\\/\"]}]}<\/script>\n<!-- \/ Yoast SEO plugin. -->","yoast_head_json":{"title":"Quelle mesure de table de billard choisissons-nous? - The World Billiards","description":"Quelle mesure de table de billard choisissons-nous? Pensez-vous acheter un billard et ne savez pas par o\u00f9 commencer? Ne vous inqui\u00e9tez pas, nous avons pr\u00e9par\u00e9 ce petit guide pour vous aider \u00e0 choisir, vous pouvez \u00e9galement nous contacter et notre \u00e9quipe r\u00e9pondra \u00e0 toutes vos questions.\u00a0Contact   Quelle mesure de table de billard choisissons-nous? Il existe trois tailles standard pour les tables de billard 7 pieds \u2013 mesure interne 2 x 1 m  8 pieds \u2013 mesure interne 2,24 x 1,12 m  9 pieds \u2013 mesure int\u00e9rieure 2,54 x 1,27 m Pourquoi parle-t-on de mesure int\u00e9rieure? Parce que dans la mesure de la surface de jeu ou de la mesure int\u00e9rieure, nous ajoutons la mesure de la queue et cela nous donne l\u2019espace dont nous avons besoin. Une queue mesure g\u00e9n\u00e9ralement entre 1,4 et 1,45 m, nous allons donc ajouter 1,5 m pour chaque c\u00f4t\u00e9 ou 3 m au total. De quel espace aurons-nous besoin ? Pour 7 pieds \u2013 nous aurons besoin de 5 x 4 m  Pour 8 pieds \u2013 nous aurons besoin de 5,24 x 4,12 m  Pour 9 pieds \u2013 nous aurons besoin de 5,54 x 4,27 m Vous savez o\u00f9 vous voulez placer votre table de billard et vous n\u2019\u00eates pas s\u00fbr que ce soit possible. Ne vous inqui\u00e9tez pas, contactez-nous, nous allons r\u00e9soudre vos doutes et nous vous pr\u00e9senterons diff\u00e9rentes solutions.\u00a0Contact","robots":{"index":"index","follow":"follow","max-snippet":"max-snippet:-1","max-image-preview":"max-image-preview:large","max-video-preview":"max-video-preview:-1"},"canonical":"https:\/\/theworldbilliards.com\/fr\/quelle-mesure-de-table-de-billard-choisissons-nous\/","og_locale":"fr_FR","og_type":"article","og_title":"Quelle mesure de table de billard choisissons-nous? - The World Billiards","og_description":"Quelle mesure de table de billard choisissons-nous? Pensez-vous acheter un billard et ne savez pas par o\u00f9 commencer? Ne vous inqui\u00e9tez pas, nous avons pr\u00e9par\u00e9 ce petit guide pour vous aider \u00e0 choisir, vous pouvez \u00e9galement nous contacter et notre \u00e9quipe r\u00e9pondra \u00e0 toutes vos questions.\u00a0Contact   Quelle mesure de table de billard choisissons-nous? Il existe trois tailles standard pour les tables de billard 7 pieds \u2013 mesure interne 2 x 1 m  8 pieds \u2013 mesure interne 2,24 x 1,12 m  9 pieds \u2013 mesure int\u00e9rieure 2,54 x 1,27 m Pourquoi parle-t-on de mesure int\u00e9rieure? Parce que dans la mesure de la surface de jeu ou de la mesure int\u00e9rieure, nous ajoutons la mesure de la queue et cela nous donne l\u2019espace dont nous avons besoin. Une queue mesure g\u00e9n\u00e9ralement entre 1,4 et 1,45 m, nous allons donc ajouter 1,5 m pour chaque c\u00f4t\u00e9 ou 3 m au total. De quel espace aurons-nous besoin ? Pour 7 pieds \u2013 nous aurons besoin de 5 x 4 m  Pour 8 pieds \u2013 nous aurons besoin de 5,24 x 4,12 m  Pour 9 pieds \u2013 nous aurons besoin de 5,54 x 4,27 m Vous savez o\u00f9 vous voulez placer votre table de billard et vous n\u2019\u00eates pas s\u00fbr que ce soit possible. Ne vous inqui\u00e9tez pas, contactez-nous, nous allons r\u00e9soudre vos doutes et nous vous pr\u00e9senterons diff\u00e9rentes solutions.\u00a0Contact","og_url":"https:\/\/theworldbilliards.com\/fr\/quelle-mesure-de-table-de-billard-choisissons-nous\/","og_site_name":"The World Billiards","article_publisher":"https:\/\/www.facebook.com\/baby.foot.superbes","article_modified_time":"2025-11-18T12:10:08+00:00","og_image":[{"width":500,"height":312,"url":"https:\/\/theworldbilliards.com\/wp-content\/uploads\/2025\/11\/Billar-Nantalius-e1763467550928.jpg","type":"image\/jpeg"}],"twitter_card":"summary_large_image","schema":{"@context":"https:\/\/schema.org","@graph":[{"@type":"WebPage","@id":"https:\/\/theworldbilliards.com\/fr\/quelle-mesure-de-table-de-billard-choisissons-nous\/","url":"https:\/\/theworldbilliards.com\/fr\/quelle-mesure-de-table-de-billard-choisissons-nous\/","name":"Quelle mesure de table de billard choisissons-nous? - The World Billiards","isPartOf":{"@id":"https:\/\/theworldbilliards.com\/fr\/#website"},"primaryImageOfPage":{"@id":"https:\/\/theworldbilliards.com\/fr\/quelle-mesure-de-table-de-billard-choisissons-nous\/#primaryimage"},"image":{"@id":"https:\/\/theworldbilliards.com\/fr\/quelle-mesure-de-table-de-billard-choisissons-nous\/#primaryimage"},"thumbnailUrl":"https:\/\/theworldbilliards.com\/wp-content\/uploads\/2025\/11\/Billar-Nantalius-e1763467550928.jpg","datePublished":"2021-07-21T11:34:06+00:00","dateModified":"2025-11-18T12:10:08+00:00","description":"Quelle mesure de table de billard choisissons-nous? Pensez-vous acheter un billard et ne savez pas par o\u00f9 commencer? Ne vous inqui\u00e9tez pas, nous avons pr\u00e9par\u00e9 ce petit guide pour vous aider \u00e0 choisir, vous pouvez \u00e9galement nous contacter et notre \u00e9quipe r\u00e9pondra \u00e0 toutes vos questions.\u00a0Contact Quelle mesure de table de billard choisissons-nous? Il existe trois tailles standard pour les tables de billard 7 pieds \u2013 mesure interne 2 x 1 m 8 pieds \u2013 mesure interne 2,24 x 1,12 m 9 pieds \u2013 mesure int\u00e9rieure 2,54 x 1,27 m Pourquoi parle-t-on de mesure int\u00e9rieure? Parce que dans la mesure de la surface de jeu ou de la mesure int\u00e9rieure, nous ajoutons la mesure de la queue et cela nous donne l\u2019espace dont nous avons besoin. Une queue mesure g\u00e9n\u00e9ralement entre 1,4 et 1,45 m, nous allons donc ajouter 1,5 m pour chaque c\u00f4t\u00e9 ou 3 m au total. De quel espace aurons-nous besoin ? Pour 7 pieds \u2013 nous aurons besoin de 5 x 4 m Pour 8 pieds \u2013 nous aurons besoin de 5,24 x 4,12 m Pour 9 pieds \u2013 nous aurons besoin de 5,54 x 4,27 m Vous savez o\u00f9 vous voulez placer votre table de billard et vous n\u2019\u00eates pas s\u00fbr que ce soit possible. Ne vous inqui\u00e9tez pas, contactez-nous, nous allons r\u00e9soudre vos doutes et nous vous pr\u00e9senterons diff\u00e9rentes solutions.\u00a0Contact","breadcrumb":{"@id":"https:\/\/theworldbilliards.com\/fr\/quelle-mesure-de-table-de-billard-choisissons-nous\/#breadcrumb"},"inLanguage":"fr-FR","potentialAction":[{"@type":"ReadAction","target":["https:\/\/theworldbilliards.com\/fr\/quelle-mesure-de-table-de-billard-choisissons-nous\/"]}]},{"@type":"ImageObject","inLanguage":"fr-FR","@id":"https:\/\/theworldbilliards.com\/fr\/quelle-mesure-de-table-de-billard-choisissons-nous\/#primaryimage","url":"https:\/\/theworldbilliards.com\/wp-content\/uploads\/2025\/11\/Billar-Nantalius-e1763467550928.jpg","contentUrl":"https:\/\/theworldbilliards.com\/wp-content\/uploads\/2025\/11\/Billar-Nantalius-e1763467550928.jpg"},{"@type":"BreadcrumbList","@id":"https:\/\/theworldbilliards.com\/fr\/quelle-mesure-de-table-de-billard-choisissons-nous\/#breadcrumb","itemListElement":[{"@type":"ListItem","position":1,"name":"In\u00edcio","item":"https:\/\/theworldbilliards.com\/fr\/"},{"@type":"ListItem","position":2,"name":"Quelle mesure de table de billard choisissons-nous?"}]},{"@type":"WebSite","@id":"https:\/\/theworldbilliards.com\/fr\/#website","url":"https:\/\/theworldbilliards.com\/fr\/","name":"TheWorldBilliards","description":"Achetez ici billard, baby-foot, ping-pong et bowling","publisher":{"@id":"https:\/\/theworldbilliards.com\/fr\/#organization"},"alternateName":"The world billiards","potentialAction":[{"@type":"SearchAction","target":{"@type":"EntryPoint","urlTemplate":"https:\/\/theworldbilliards.com\/fr\/?s={search_term_string}"},"query-input":{"@type":"PropertyValueSpecification","valueRequired":true,"valueName":"search_term_string"}}],"inLanguage":"fr-FR"},{"@type":"Organization","@id":"https:\/\/theworldbilliards.com\/fr\/#organization","name":"The World Billiards","alternateName":"The World Billiards","url":"https:\/\/theworldbilliards.com\/fr\/","logo":{"@type":"ImageObject","inLanguage":"fr-FR","@id":"https:\/\/theworldbilliards.com\/fr\/#\/schema\/logo\/image\/","url":"","contentUrl":"","caption":"The World Billiards"},"image":{"@id":"https:\/\/theworldbilliards.com\/fr\/#\/schema\/logo\/image\/"},"sameAs":["https:\/\/www.facebook.com\/baby.foot.superbes","https:\/\/www.youtube.com\/channel\/UCIMuOVAaUcH6UpZcsZlH0Tg","https:\/\/www.facebook.com\/people\/Brunswick-Billiards-EspaaPortugal\/100066446264309\/","https:\/\/www.instagram.com\/the_world_billiards\/","https:\/\/www.pinterest.es\/Theworldbilliards\/"]}]}},"_links":{"self":[{"href":"https:\/\/theworldbilliards.com\/fr\/wp-json\/wp\/v2\/pages\/84615","targetHints":{"allow":["GET"]}}],"collection":[{"href":"https:\/\/theworldbilliards.com\/fr\/wp-json\/wp\/v2\/pages"}],"about":[{"href":"https:\/\/theworldbilliards.com\/fr\/wp-json\/wp\/v2\/types\/page"}],"author":[{"embeddable":true,"href":"https:\/\/theworldbilliards.com\/fr\/wp-json\/wp\/v2\/users\/321"}],"replies":[{"embeddable":true,"href":"https:\/\/theworldbilliards.com\/fr\/wp-json\/wp\/v2\/comments?post=84615"}],"version-history":[{"count":0,"href":"https:\/\/theworldbilliards.com\/fr\/wp-json\/wp\/v2\/pages\/84615\/revisions"}],"wp:attachment":[{"href":"https:\/\/theworldbilliards.com\/fr\/wp-json\/wp\/v2\/media?parent=84615"}],"curies":[{"name":"wp","href":"https:\/\/api.w.org\/{rel}","templated":true}]}}