{"id":85221,"date":"2021-09-22T13:33:39","date_gmt":"2021-09-22T11:33:39","guid":{"rendered":"https:\/\/theworldbilliards.com\/specialistes-du-billard-de-luxe\/"},"modified":"2025-09-24T13:24:50","modified_gmt":"2025-09-24T11:24:50","slug":"specialistes-du-billard-de-luxe","status":"publish","type":"page","link":"https:\/\/theworldbilliards.com\/fr\/specialistes-du-billard-de-luxe\/","title":{"rendered":"Sp\u00e9cialistes du billard de luxe"},"content":{"rendered":"\n<h1 class=\"wp-block-heading has-text-align-center\"><strong>Sp\u00e9cialistes du billard de luxe<\/strong><\/h1>\n\n<p id=\"block-1e434186-4a7a-4bd3-b34b-bc5ecbbe5c21\">Une table de billard de luxe doit \u00eatre consid\u00e9r\u00e9e comme un \u00e9l\u00e9ment unique en soi, sans oublier qu\u2019elle doit cohabiter avec d\u2019autres \u00e9l\u00e9ments dans le cadre d\u2019une composition pour cr\u00e9er une atmosph\u00e8re de r\u00eave. Nos tables de billard ont une place dans le design d\u2019int\u00e9rieur dans tous les styles: classique, moderne, rustique, nordique, r\u00e9tro, traditionnel \u2026<\/p>\n\n<p id=\"block-5944a044-6c8a-4d05-b45e-29f8b880df32\">Nos billards sont le r\u00e9sultat d\u2019une longue exp\u00e9rience et d\u2019une grande passion pour le billard, nous avons de magnifiques tables de billard, con\u00e7ues de mani\u00e8re unique, personnalis\u00e9es et con\u00e7ues pour r\u00e9pondre m\u00eame aux besoins professionnels des joueurs experts.<\/p>\n\n<p id=\"block-4098e268-0e8c-403a-8800-9e0c191a353d\">Les tables de billard de luxe que The World billiards fabrique et distribue sont uniques en ce qu\u2019elles sont fabriqu\u00e9es avec des mati\u00e8res premi\u00e8res exceptionnelles de qualit\u00e9 sup\u00e9rieure, beaucoup conservent encore des m\u00e9thodes de fabrication et de production artisanales qui offrent des finitions imbattables.<\/p>\n\n<p id=\"block-86411954-2498-44ec-b409-075ba9797723\">Nos tables de billard exclusives sont des \u0153uvres d\u2019art authentiques, capables de cr\u00e9er des ambiances uniques, distingu\u00e9es et glamour, enti\u00e8rement personnalis\u00e9es. Nos billards maintiennent l\u2019\u00e9quilibre parfait entre classique et contemporain, tradition et innovation, avec \u00e9l\u00e9gance et sophistication. Ils sont con\u00e7us pour ne pas passer inaper\u00e7us par aucun regard.<\/p>\n\n<p id=\"block-da1b6d5d-9294-4334-a35e-6ed6201bcf9e\">Visitez notre gamme de tables de billard de luxe et laissez-vous s\u00e9duire<\/p>\n<div data-block-name=\"woocommerce\/featured-category\" data-category-id=\"1265\" data-edit-mode=\"false\" class=\"wc-block-featured-category alignnone has-background-dim wp-block-woocommerce-featured-category\" style=\"min-height:500px;\"><div class=\"wc-block-featured-category__wrapper\"><div class=\"background-dim__overlay\" style=\"background-color: #000000\"><\/div><img decoding=\"async\" alt=\"Billards Gold\" class=\"wc-block-featured-category__background-image\" src=\"https:\/\/theworldbilliards.com\/wp-content\/uploads\/2022\/06\/cat-mesas-gold.png\" style=\"object-fit: none;object-position: 50% 50%;\" \/><h2 class=\"wc-block-featured-category__title\">Billards Gold<\/h2><div class=\"wc-block-featured-category__description\"><h4 style=\"text-align: left\"><span style=\"color: #999999\"><strong>Nos tables de billard exclusives sont des \u0153uvres d\u2019art authentiques, capables de cr\u00e9er des ambiances uniques, distingu\u00e9es et glamour, enti\u00e8rement personnalis\u00e9es. Nos billards maintiennent l\u2019\u00e9quilibre parfait entre classique et contemporain, tradition et innovation, avec \u00e9l\u00e9gance et sophistication. Ils sont con\u00e7us pour ne pas passer inaper\u00e7us par aucun regard.<\/strong><\/span><\/h4>\n<\/div><div class=\"wc-block-featured-category__inner-blocks\">\n\n<div class=\"wp-block-buttons is-content-justification-center is-layout-flex wp-container-core-buttons-is-layout-a89b3969 wp-block-buttons-is-layout-flex\">\n<div class=\"wp-block-button\"><a class=\"wp-block-button__link wp-element-button\" href=\"https:\/\/theworldbilliards.com\/fr\/categorie-produit\/billard\/billiard-gold\/\">Acheter<\/a><\/div>\n<\/div>\n\n<\/div><\/div><\/div>\n<p><\/p>\n","protected":false},"excerpt":{"rendered":"<p>Sp\u00e9cialistes du billard de luxe Une table de billard de luxe doit \u00eatre consid\u00e9r\u00e9e comme un \u00e9l\u00e9ment unique en soi, [&hellip;]<\/p>\n","protected":false},"author":321,"featured_media":0,"parent":0,"menu_order":0,"comment_status":"closed","ping_status":"closed","template":"","meta":{"site-sidebar-layout":"default","site-content-layout":"","ast-site-content-layout":"default","site-content-style":"default","site-sidebar-style":"default","ast-global-header-display":"","ast-banner-title-visibility":"","ast-main-header-display":"","ast-hfb-above-header-display":"","ast-hfb-below-header-display":"","ast-hfb-mobile-header-display":"","site-post-title":"","ast-breadcrumbs-content":"","ast-featured-img":"","footer-sml-layout":"","ast-disable-related-posts":"","theme-transparent-header-meta":"","adv-header-id-meta":"","stick-header-meta":"","header-above-stick-meta":"","header-main-stick-meta":"","header-below-stick-meta":"","astra-migrate-meta-layouts":"default","ast-page-background-enabled":"default","ast-page-background-meta":{"desktop":{"background-color":"var(--ast-global-color-4)","background-image":"","background-repeat":"repeat","background-position":"center center","background-size":"auto","background-attachment":"scroll","background-type":"","background-media":"","overlay-type":"","overlay-color":"","overlay-opacity":"","overlay-gradient":""},"tablet":{"background-color":"","background-image":"","background-repeat":"repeat","background-position":"center center","background-size":"auto","background-attachment":"scroll","background-type":"","background-media":"","overlay-type":"","overlay-color":"","overlay-opacity":"","overlay-gradient":""},"mobile":{"background-color":"","background-image":"","background-repeat":"repeat","background-position":"center center","background-size":"auto","background-attachment":"scroll","background-type":"","background-media":"","overlay-type":"","overlay-color":"","overlay-opacity":"","overlay-gradient":""}},"ast-content-background-meta":{"desktop":{"background-color":"var(--ast-global-color-5)","background-image":"","background-repeat":"repeat","background-position":"center center","background-size":"auto","background-attachment":"scroll","background-type":"","background-media":"","overlay-type":"","overlay-color":"","overlay-opacity":"","overlay-gradient":""},"tablet":{"background-color":"var(--ast-global-color-5)","background-image":"","background-repeat":"repeat","background-position":"center center","background-size":"auto","background-attachment":"scroll","background-type":"","background-media":"","overlay-type":"","overlay-color":"","overlay-opacity":"","overlay-gradient":""},"mobile":{"background-color":"var(--ast-global-color-5)","background-image":"","background-repeat":"repeat","background-position":"center center","background-size":"auto","background-attachment":"scroll","background-type":"","background-media":"","overlay-type":"","overlay-color":"","overlay-opacity":"","overlay-gradient":""}},"footnotes":""},"class_list":["post-85221","page","type-page","status-publish","hentry"],"yoast_head":"<!-- This site is optimized with the Yoast SEO plugin v27.4 - https:\/\/yoast.com\/product\/yoast-seo-wordpress\/ -->\n<title>Sp\u00e9cialistes du billard de luxe - The World Billiards<\/title>\n<meta name=\"description\" content=\"Sp\u00e9cialistes du billard de luxe Une table de billard de luxe doit \u00eatre consid\u00e9r\u00e9e comme un \u00e9l\u00e9ment unique en soi, sans oublier qu\u2019elle doit cohabiter avec d\u2019autres \u00e9l\u00e9ments dans le cadre d\u2019une composition pour cr\u00e9er une atmosph\u00e8re de r\u00eave. Nos tables de billard ont une place dans le design d\u2019int\u00e9rieur dans tous les styles: classique, moderne, rustique, nordique, r\u00e9tro, traditionnel \u2026 Nos billards sont le r\u00e9sultat d\u2019une longue exp\u00e9rience et d\u2019une grande passion pour le billard, nous avons de magnifiques tables de billard, con\u00e7ues de mani\u00e8re unique, personnalis\u00e9es et con\u00e7ues pour r\u00e9pondre m\u00eame aux besoins professionnels des joueurs experts. Les tables de billard de luxe que The World billiards fabrique et distribue sont uniques en ce qu\u2019elles sont fabriqu\u00e9es avec des mati\u00e8res premi\u00e8res exceptionnelles de qualit\u00e9 sup\u00e9rieure, beaucoup conservent encore des m\u00e9thodes de fabrication et de production artisanales qui offrent des finitions imbattables. Nos tables de billard exclusives sont des \u0153uvres d\u2019art authentiques, capables de cr\u00e9er des ambiances uniques, distingu\u00e9es et glamour, enti\u00e8rement personnalis\u00e9es. Nos billards maintiennent l\u2019\u00e9quilibre parfait entre classique et contemporain, tradition et innovation, avec \u00e9l\u00e9gance et sophistication. Ils sont con\u00e7us pour ne pas passer inaper\u00e7us par aucun regard. Visitez notre gamme de tables de billard de luxe et laissez-vous s\u00e9duire  Acheter\" \/>\n<meta name=\"robots\" content=\"index, follow, max-snippet:-1, max-image-preview:large, max-video-preview:-1\" \/>\n<link rel=\"canonical\" href=\"https:\/\/theworldbilliards.com\/fr\/specialistes-du-billard-de-luxe\/\" \/>\n<meta property=\"og:locale\" content=\"fr_FR\" \/>\n<meta property=\"og:type\" content=\"article\" \/>\n<meta property=\"og:title\" content=\"Sp\u00e9cialistes du billard de luxe - The World Billiards\" \/>\n<meta property=\"og:description\" content=\"Sp\u00e9cialistes du billard de luxe Une table de billard de luxe doit \u00eatre consid\u00e9r\u00e9e comme un \u00e9l\u00e9ment unique en soi, sans oublier qu\u2019elle doit cohabiter avec d\u2019autres \u00e9l\u00e9ments dans le cadre d\u2019une composition pour cr\u00e9er une atmosph\u00e8re de r\u00eave. Nos tables de billard ont une place dans le design d\u2019int\u00e9rieur dans tous les styles: classique, moderne, rustique, nordique, r\u00e9tro, traditionnel \u2026 Nos billards sont le r\u00e9sultat d\u2019une longue exp\u00e9rience et d\u2019une grande passion pour le billard, nous avons de magnifiques tables de billard, con\u00e7ues de mani\u00e8re unique, personnalis\u00e9es et con\u00e7ues pour r\u00e9pondre m\u00eame aux besoins professionnels des joueurs experts. Les tables de billard de luxe que The World billiards fabrique et distribue sont uniques en ce qu\u2019elles sont fabriqu\u00e9es avec des mati\u00e8res premi\u00e8res exceptionnelles de qualit\u00e9 sup\u00e9rieure, beaucoup conservent encore des m\u00e9thodes de fabrication et de production artisanales qui offrent des finitions imbattables. Nos tables de billard exclusives sont des \u0153uvres d\u2019art authentiques, capables de cr\u00e9er des ambiances uniques, distingu\u00e9es et glamour, enti\u00e8rement personnalis\u00e9es. Nos billards maintiennent l\u2019\u00e9quilibre parfait entre classique et contemporain, tradition et innovation, avec \u00e9l\u00e9gance et sophistication. Ils sont con\u00e7us pour ne pas passer inaper\u00e7us par aucun regard. Visitez notre gamme de tables de billard de luxe et laissez-vous s\u00e9duire  Acheter\" \/>\n<meta property=\"og:url\" content=\"https:\/\/theworldbilliards.com\/fr\/specialistes-du-billard-de-luxe\/\" \/>\n<meta property=\"og:site_name\" content=\"The World Billiards\" \/>\n<meta property=\"article:publisher\" content=\"https:\/\/www.facebook.com\/baby.foot.superbes\" \/>\n<meta property=\"article:modified_time\" content=\"2025-09-24T11:24:50+00:00\" \/>\n<meta property=\"og:image\" content=\"https:\/\/theworldbilliards.com\/wp-content\/uploads\/2023\/09\/cropped-logo-2023-TheWorldBilliards.png\" \/>\n\t<meta property=\"og:image:width\" content=\"1103\" \/>\n\t<meta property=\"og:image:height\" content=\"282\" \/>\n\t<meta property=\"og:image:type\" content=\"image\/png\" \/>\n<meta name=\"twitter:card\" content=\"summary_large_image\" \/>\n<script type=\"application\/ld+json\" class=\"yoast-schema-graph\">{\"@context\":\"https:\\\/\\\/schema.org\",\"@graph\":[{\"@type\":\"WebPage\",\"@id\":\"https:\\\/\\\/theworldbilliards.com\\\/fr\\\/specialistes-du-billard-de-luxe\\\/\",\"url\":\"https:\\\/\\\/theworldbilliards.com\\\/fr\\\/specialistes-du-billard-de-luxe\\\/\",\"name\":\"Sp\u00e9cialistes du billard de luxe - The World Billiards\",\"isPartOf\":{\"@id\":\"https:\\\/\\\/theworldbilliards.com\\\/fr\\\/#website\"},\"datePublished\":\"2021-09-22T11:33:39+00:00\",\"dateModified\":\"2025-09-24T11:24:50+00:00\",\"description\":\"Sp\u00e9cialistes du billard de luxe Une table de billard de luxe doit \u00eatre consid\u00e9r\u00e9e comme un \u00e9l\u00e9ment unique en soi, sans oublier qu\u2019elle doit cohabiter avec d\u2019autres \u00e9l\u00e9ments dans le cadre d\u2019une composition pour cr\u00e9er une atmosph\u00e8re de r\u00eave. Nos tables de billard ont une place dans le design d\u2019int\u00e9rieur dans tous les styles: classique, moderne, rustique, nordique, r\u00e9tro, traditionnel \u2026 Nos billards sont le r\u00e9sultat d\u2019une longue exp\u00e9rience et d\u2019une grande passion pour le billard, nous avons de magnifiques tables de billard, con\u00e7ues de mani\u00e8re unique, personnalis\u00e9es et con\u00e7ues pour r\u00e9pondre m\u00eame aux besoins professionnels des joueurs experts. Les tables de billard de luxe que The World billiards fabrique et distribue sont uniques en ce qu\u2019elles sont fabriqu\u00e9es avec des mati\u00e8res premi\u00e8res exceptionnelles de qualit\u00e9 sup\u00e9rieure, beaucoup conservent encore des m\u00e9thodes de fabrication et de production artisanales qui offrent des finitions imbattables. Nos tables de billard exclusives sont des \u0153uvres d\u2019art authentiques, capables de cr\u00e9er des ambiances uniques, distingu\u00e9es et glamour, enti\u00e8rement personnalis\u00e9es. Nos billards maintiennent l\u2019\u00e9quilibre parfait entre classique et contemporain, tradition et innovation, avec \u00e9l\u00e9gance et sophistication. Ils sont con\u00e7us pour ne pas passer inaper\u00e7us par aucun regard. Visitez notre gamme de tables de billard de luxe et laissez-vous s\u00e9duire Acheter\",\"breadcrumb\":{\"@id\":\"https:\\\/\\\/theworldbilliards.com\\\/fr\\\/specialistes-du-billard-de-luxe\\\/#breadcrumb\"},\"inLanguage\":\"fr-FR\",\"potentialAction\":[{\"@type\":\"ReadAction\",\"target\":[\"https:\\\/\\\/theworldbilliards.com\\\/fr\\\/specialistes-du-billard-de-luxe\\\/\"]}]},{\"@type\":\"BreadcrumbList\",\"@id\":\"https:\\\/\\\/theworldbilliards.com\\\/fr\\\/specialistes-du-billard-de-luxe\\\/#breadcrumb\",\"itemListElement\":[{\"@type\":\"ListItem\",\"position\":1,\"name\":\"In\u00edcio\",\"item\":\"https:\\\/\\\/theworldbilliards.com\\\/fr\\\/\"},{\"@type\":\"ListItem\",\"position\":2,\"name\":\"Sp\u00e9cialistes du billard de luxe\"}]},{\"@type\":\"WebSite\",\"@id\":\"https:\\\/\\\/theworldbilliards.com\\\/fr\\\/#website\",\"url\":\"https:\\\/\\\/theworldbilliards.com\\\/fr\\\/\",\"name\":\"TheWorldBilliards\",\"description\":\"Achetez ici billard, baby-foot, ping-pong et bowling\",\"publisher\":{\"@id\":\"https:\\\/\\\/theworldbilliards.com\\\/fr\\\/#organization\"},\"alternateName\":\"The world billiards\",\"potentialAction\":[{\"@type\":\"SearchAction\",\"target\":{\"@type\":\"EntryPoint\",\"urlTemplate\":\"https:\\\/\\\/theworldbilliards.com\\\/fr\\\/?s={search_term_string}\"},\"query-input\":{\"@type\":\"PropertyValueSpecification\",\"valueRequired\":true,\"valueName\":\"search_term_string\"}}],\"inLanguage\":\"fr-FR\"},{\"@type\":\"Organization\",\"@id\":\"https:\\\/\\\/theworldbilliards.com\\\/fr\\\/#organization\",\"name\":\"The World Billiards\",\"alternateName\":\"The World Billiards\",\"url\":\"https:\\\/\\\/theworldbilliards.com\\\/fr\\\/\",\"logo\":{\"@type\":\"ImageObject\",\"inLanguage\":\"fr-FR\",\"@id\":\"https:\\\/\\\/theworldbilliards.com\\\/fr\\\/#\\\/schema\\\/logo\\\/image\\\/\",\"url\":\"\",\"contentUrl\":\"\",\"caption\":\"The World Billiards\"},\"image\":{\"@id\":\"https:\\\/\\\/theworldbilliards.com\\\/fr\\\/#\\\/schema\\\/logo\\\/image\\\/\"},\"sameAs\":[\"https:\\\/\\\/www.facebook.com\\\/baby.foot.superbes\",\"https:\\\/\\\/www.youtube.com\\\/channel\\\/UCIMuOVAaUcH6UpZcsZlH0Tg\",\"https:\\\/\\\/www.facebook.com\\\/people\\\/Brunswick-Billiards-EspaaPortugal\\\/100066446264309\\\/\",\"https:\\\/\\\/www.instagram.com\\\/the_world_billiards\\\/\",\"https:\\\/\\\/www.pinterest.es\\\/Theworldbilliards\\\/\"]}]}<\/script>\n<!-- \/ Yoast SEO plugin. -->","yoast_head_json":{"title":"Sp\u00e9cialistes du billard de luxe - The World Billiards","description":"Sp\u00e9cialistes du billard de luxe Une table de billard de luxe doit \u00eatre consid\u00e9r\u00e9e comme un \u00e9l\u00e9ment unique en soi, sans oublier qu\u2019elle doit cohabiter avec d\u2019autres \u00e9l\u00e9ments dans le cadre d\u2019une composition pour cr\u00e9er une atmosph\u00e8re de r\u00eave. Nos tables de billard ont une place dans le design d\u2019int\u00e9rieur dans tous les styles: classique, moderne, rustique, nordique, r\u00e9tro, traditionnel \u2026 Nos billards sont le r\u00e9sultat d\u2019une longue exp\u00e9rience et d\u2019une grande passion pour le billard, nous avons de magnifiques tables de billard, con\u00e7ues de mani\u00e8re unique, personnalis\u00e9es et con\u00e7ues pour r\u00e9pondre m\u00eame aux besoins professionnels des joueurs experts. Les tables de billard de luxe que The World billiards fabrique et distribue sont uniques en ce qu\u2019elles sont fabriqu\u00e9es avec des mati\u00e8res premi\u00e8res exceptionnelles de qualit\u00e9 sup\u00e9rieure, beaucoup conservent encore des m\u00e9thodes de fabrication et de production artisanales qui offrent des finitions imbattables. Nos tables de billard exclusives sont des \u0153uvres d\u2019art authentiques, capables de cr\u00e9er des ambiances uniques, distingu\u00e9es et glamour, enti\u00e8rement personnalis\u00e9es. Nos billards maintiennent l\u2019\u00e9quilibre parfait entre classique et contemporain, tradition et innovation, avec \u00e9l\u00e9gance et sophistication. Ils sont con\u00e7us pour ne pas passer inaper\u00e7us par aucun regard. Visitez notre gamme de tables de billard de luxe et laissez-vous s\u00e9duire  Acheter","robots":{"index":"index","follow":"follow","max-snippet":"max-snippet:-1","max-image-preview":"max-image-preview:large","max-video-preview":"max-video-preview:-1"},"canonical":"https:\/\/theworldbilliards.com\/fr\/specialistes-du-billard-de-luxe\/","og_locale":"fr_FR","og_type":"article","og_title":"Sp\u00e9cialistes du billard de luxe - The World Billiards","og_description":"Sp\u00e9cialistes du billard de luxe Une table de billard de luxe doit \u00eatre consid\u00e9r\u00e9e comme un \u00e9l\u00e9ment unique en soi, sans oublier qu\u2019elle doit cohabiter avec d\u2019autres \u00e9l\u00e9ments dans le cadre d\u2019une composition pour cr\u00e9er une atmosph\u00e8re de r\u00eave. Nos tables de billard ont une place dans le design d\u2019int\u00e9rieur dans tous les styles: classique, moderne, rustique, nordique, r\u00e9tro, traditionnel \u2026 Nos billards sont le r\u00e9sultat d\u2019une longue exp\u00e9rience et d\u2019une grande passion pour le billard, nous avons de magnifiques tables de billard, con\u00e7ues de mani\u00e8re unique, personnalis\u00e9es et con\u00e7ues pour r\u00e9pondre m\u00eame aux besoins professionnels des joueurs experts. Les tables de billard de luxe que The World billiards fabrique et distribue sont uniques en ce qu\u2019elles sont fabriqu\u00e9es avec des mati\u00e8res premi\u00e8res exceptionnelles de qualit\u00e9 sup\u00e9rieure, beaucoup conservent encore des m\u00e9thodes de fabrication et de production artisanales qui offrent des finitions imbattables. Nos tables de billard exclusives sont des \u0153uvres d\u2019art authentiques, capables de cr\u00e9er des ambiances uniques, distingu\u00e9es et glamour, enti\u00e8rement personnalis\u00e9es. Nos billards maintiennent l\u2019\u00e9quilibre parfait entre classique et contemporain, tradition et innovation, avec \u00e9l\u00e9gance et sophistication. Ils sont con\u00e7us pour ne pas passer inaper\u00e7us par aucun regard. Visitez notre gamme de tables de billard de luxe et laissez-vous s\u00e9duire  Acheter","og_url":"https:\/\/theworldbilliards.com\/fr\/specialistes-du-billard-de-luxe\/","og_site_name":"The World Billiards","article_publisher":"https:\/\/www.facebook.com\/baby.foot.superbes","article_modified_time":"2025-09-24T11:24:50+00:00","og_image":[{"width":1103,"height":282,"url":"https:\/\/theworldbilliards.com\/wp-content\/uploads\/2023\/09\/cropped-logo-2023-TheWorldBilliards.png","type":"image\/png"}],"twitter_card":"summary_large_image","schema":{"@context":"https:\/\/schema.org","@graph":[{"@type":"WebPage","@id":"https:\/\/theworldbilliards.com\/fr\/specialistes-du-billard-de-luxe\/","url":"https:\/\/theworldbilliards.com\/fr\/specialistes-du-billard-de-luxe\/","name":"Sp\u00e9cialistes du billard de luxe - The World Billiards","isPartOf":{"@id":"https:\/\/theworldbilliards.com\/fr\/#website"},"datePublished":"2021-09-22T11:33:39+00:00","dateModified":"2025-09-24T11:24:50+00:00","description":"Sp\u00e9cialistes du billard de luxe Une table de billard de luxe doit \u00eatre consid\u00e9r\u00e9e comme un \u00e9l\u00e9ment unique en soi, sans oublier qu\u2019elle doit cohabiter avec d\u2019autres \u00e9l\u00e9ments dans le cadre d\u2019une composition pour cr\u00e9er une atmosph\u00e8re de r\u00eave. Nos tables de billard ont une place dans le design d\u2019int\u00e9rieur dans tous les styles: classique, moderne, rustique, nordique, r\u00e9tro, traditionnel \u2026 Nos billards sont le r\u00e9sultat d\u2019une longue exp\u00e9rience et d\u2019une grande passion pour le billard, nous avons de magnifiques tables de billard, con\u00e7ues de mani\u00e8re unique, personnalis\u00e9es et con\u00e7ues pour r\u00e9pondre m\u00eame aux besoins professionnels des joueurs experts. Les tables de billard de luxe que The World billiards fabrique et distribue sont uniques en ce qu\u2019elles sont fabriqu\u00e9es avec des mati\u00e8res premi\u00e8res exceptionnelles de qualit\u00e9 sup\u00e9rieure, beaucoup conservent encore des m\u00e9thodes de fabrication et de production artisanales qui offrent des finitions imbattables. Nos tables de billard exclusives sont des \u0153uvres d\u2019art authentiques, capables de cr\u00e9er des ambiances uniques, distingu\u00e9es et glamour, enti\u00e8rement personnalis\u00e9es. Nos billards maintiennent l\u2019\u00e9quilibre parfait entre classique et contemporain, tradition et innovation, avec \u00e9l\u00e9gance et sophistication. Ils sont con\u00e7us pour ne pas passer inaper\u00e7us par aucun regard. Visitez notre gamme de tables de billard de luxe et laissez-vous s\u00e9duire Acheter","breadcrumb":{"@id":"https:\/\/theworldbilliards.com\/fr\/specialistes-du-billard-de-luxe\/#breadcrumb"},"inLanguage":"fr-FR","potentialAction":[{"@type":"ReadAction","target":["https:\/\/theworldbilliards.com\/fr\/specialistes-du-billard-de-luxe\/"]}]},{"@type":"BreadcrumbList","@id":"https:\/\/theworldbilliards.com\/fr\/specialistes-du-billard-de-luxe\/#breadcrumb","itemListElement":[{"@type":"ListItem","position":1,"name":"In\u00edcio","item":"https:\/\/theworldbilliards.com\/fr\/"},{"@type":"ListItem","position":2,"name":"Sp\u00e9cialistes du billard de luxe"}]},{"@type":"WebSite","@id":"https:\/\/theworldbilliards.com\/fr\/#website","url":"https:\/\/theworldbilliards.com\/fr\/","name":"TheWorldBilliards","description":"Achetez ici billard, baby-foot, ping-pong et bowling","publisher":{"@id":"https:\/\/theworldbilliards.com\/fr\/#organization"},"alternateName":"The world billiards","potentialAction":[{"@type":"SearchAction","target":{"@type":"EntryPoint","urlTemplate":"https:\/\/theworldbilliards.com\/fr\/?s={search_term_string}"},"query-input":{"@type":"PropertyValueSpecification","valueRequired":true,"valueName":"search_term_string"}}],"inLanguage":"fr-FR"},{"@type":"Organization","@id":"https:\/\/theworldbilliards.com\/fr\/#organization","name":"The World Billiards","alternateName":"The World Billiards","url":"https:\/\/theworldbilliards.com\/fr\/","logo":{"@type":"ImageObject","inLanguage":"fr-FR","@id":"https:\/\/theworldbilliards.com\/fr\/#\/schema\/logo\/image\/","url":"","contentUrl":"","caption":"The World Billiards"},"image":{"@id":"https:\/\/theworldbilliards.com\/fr\/#\/schema\/logo\/image\/"},"sameAs":["https:\/\/www.facebook.com\/baby.foot.superbes","https:\/\/www.youtube.com\/channel\/UCIMuOVAaUcH6UpZcsZlH0Tg","https:\/\/www.facebook.com\/people\/Brunswick-Billiards-EspaaPortugal\/100066446264309\/","https:\/\/www.instagram.com\/the_world_billiards\/","https:\/\/www.pinterest.es\/Theworldbilliards\/"]}]}},"_links":{"self":[{"href":"https:\/\/theworldbilliards.com\/fr\/wp-json\/wp\/v2\/pages\/85221","targetHints":{"allow":["GET"]}}],"collection":[{"href":"https:\/\/theworldbilliards.com\/fr\/wp-json\/wp\/v2\/pages"}],"about":[{"href":"https:\/\/theworldbilliards.com\/fr\/wp-json\/wp\/v2\/types\/page"}],"author":[{"embeddable":true,"href":"https:\/\/theworldbilliards.com\/fr\/wp-json\/wp\/v2\/users\/321"}],"replies":[{"embeddable":true,"href":"https:\/\/theworldbilliards.com\/fr\/wp-json\/wp\/v2\/comments?post=85221"}],"version-history":[{"count":0,"href":"https:\/\/theworldbilliards.com\/fr\/wp-json\/wp\/v2\/pages\/85221\/revisions"}],"wp:attachment":[{"href":"https:\/\/theworldbilliards.com\/fr\/wp-json\/wp\/v2\/media?parent=85221"}],"curies":[{"name":"wp","href":"https:\/\/api.w.org\/{rel}","templated":true}]}}