{"id":85283,"date":"2021-09-27T13:49:02","date_gmt":"2021-09-27T11:49:02","guid":{"rendered":"https:\/\/theworldbilliards.com\/comment-graisser-un-babyfoot\/"},"modified":"2025-09-23T12:31:36","modified_gmt":"2025-09-23T10:31:36","slug":"comment-graisser-un-babyfoot","status":"publish","type":"page","link":"https:\/\/theworldbilliards.com\/fr\/comment-graisser-un-babyfoot\/","title":{"rendered":"Comment graisser un babyfoot?"},"content":{"rendered":"\n<h1 class=\"wp-block-heading has-text-align-center\"><strong>Comment graisser un babyfoot?<\/strong><\/h1>\n\n<p>Utiliser un produit appropri\u00e9 est important si nous voulons garder notre babyfoot en bon \u00e9tat. Notre\u00a0<a href=\"https:\/\/theworldbilliards.com\/fr\/produit\/lubrifiant-special-pour-baby-foot\/\" target=\"_blank\" rel=\"noopener\">lubrifiant sp\u00e9cial pour le babyfoot<\/a>\u00a0nous aide \u00e0 garder notre babyfoot parfaitement lubrifi\u00e9 et graiss\u00e9 sans l\u2019endommager.<\/p>\n\n<p>Mode d\u2019emploi: mettons quelques gouttes de\u00a0<a href=\"https:\/\/theworldbilliards.com\/fr\/produit\/lubrifiant-special-pour-baby-foot\/\" target=\"_blank\" rel=\"noopener\">lubrifiant sp\u00e9cial pour babyfoot<\/a>\u00a0sur un morceau de papier. Nous poussons tous les bars sur le c\u00f4t\u00e9 et nous leur donnons un poing ou un bar, juste en dehors de la table, dans tous les bars. Nous poussons les barres de l\u2019autre c\u00f4t\u00e9 et r\u00e9p\u00e9tons l\u2019op\u00e9ration. Il n\u2019est pas n\u00e9cessaire de graisser \u00e0 l\u2019int\u00e9rieur, lorsqu\u2019on appuie sur la barre, cela sera parfaitement lubrifi\u00e9.<\/p>\n\n<p>Regardez notre vid\u00e9o<\/p>\n\n<figure class=\"wp-block-embed is-type-video is-provider-youtube wp-block-embed-youtube wp-embed-aspect-16-9 wp-has-aspect-ratio\"><div class=\"wp-block-embed__wrapper\">\r\n<iframe loading=\"lazy\" title=\"Tutorial Lubricar Futbolin - Lubrificar Matraquilho - Lubrifier Babyfoot - Lubriby Foosball\" width=\"500\" height=\"281\" src=\"https:\/\/www.youtube.com\/embed\/mIyv7r3__NA?feature=oembed\" frameborder=\"0\" allow=\"accelerometer; autoplay; clipboard-write; encrypted-media; gyroscope; picture-in-picture; web-share\" referrerpolicy=\"strict-origin-when-cross-origin\" allowfullscreen><\/iframe>\r\n<\/div><\/figure><br>\n","protected":false},"excerpt":{"rendered":"<p>Comment graisser un babyfoot? Utiliser un produit appropri\u00e9 est important si nous voulons garder notre babyfoot en bon \u00e9tat. Notre\u00a0lubrifiant [&hellip;]<\/p>\n","protected":false},"author":321,"featured_media":0,"parent":0,"menu_order":0,"comment_status":"closed","ping_status":"closed","template":"","meta":{"site-sidebar-layout":"default","site-content-layout":"","ast-site-content-layout":"default","site-content-style":"default","site-sidebar-style":"default","ast-global-header-display":"","ast-banner-title-visibility":"","ast-main-header-display":"","ast-hfb-above-header-display":"","ast-hfb-below-header-display":"","ast-hfb-mobile-header-display":"","site-post-title":"","ast-breadcrumbs-content":"","ast-featured-img":"","footer-sml-layout":"","ast-disable-related-posts":"","theme-transparent-header-meta":"","adv-header-id-meta":"","stick-header-meta":"","header-above-stick-meta":"","header-main-stick-meta":"","header-below-stick-meta":"","astra-migrate-meta-layouts":"default","ast-page-background-enabled":"default","ast-page-background-meta":{"desktop":{"background-color":"var(--ast-global-color-4)","background-image":"","background-repeat":"repeat","background-position":"center center","background-size":"auto","background-attachment":"scroll","background-type":"","background-media":"","overlay-type":"","overlay-color":"","overlay-opacity":"","overlay-gradient":""},"tablet":{"background-color":"","background-image":"","background-repeat":"repeat","background-position":"center center","background-size":"auto","background-attachment":"scroll","background-type":"","background-media":"","overlay-type":"","overlay-color":"","overlay-opacity":"","overlay-gradient":""},"mobile":{"background-color":"","background-image":"","background-repeat":"repeat","background-position":"center center","background-size":"auto","background-attachment":"scroll","background-type":"","background-media":"","overlay-type":"","overlay-color":"","overlay-opacity":"","overlay-gradient":""}},"ast-content-background-meta":{"desktop":{"background-color":"var(--ast-global-color-5)","background-image":"","background-repeat":"repeat","background-position":"center center","background-size":"auto","background-attachment":"scroll","background-type":"","background-media":"","overlay-type":"","overlay-color":"","overlay-opacity":"","overlay-gradient":""},"tablet":{"background-color":"var(--ast-global-color-5)","background-image":"","background-repeat":"repeat","background-position":"center center","background-size":"auto","background-attachment":"scroll","background-type":"","background-media":"","overlay-type":"","overlay-color":"","overlay-opacity":"","overlay-gradient":""},"mobile":{"background-color":"var(--ast-global-color-5)","background-image":"","background-repeat":"repeat","background-position":"center center","background-size":"auto","background-attachment":"scroll","background-type":"","background-media":"","overlay-type":"","overlay-color":"","overlay-opacity":"","overlay-gradient":""}},"footnotes":""},"class_list":["post-85283","page","type-page","status-publish","hentry"],"yoast_head":"<!-- This site is optimized with the Yoast SEO plugin v27.5 - https:\/\/yoast.com\/product\/yoast-seo-wordpress\/ -->\n<title>Comment graisser un babyfoot? - The World Billiards<\/title>\n<meta name=\"description\" content=\"Comment graisser un babyfoot? Utiliser un produit appropri\u00e9 est important si nous voulons garder notre babyfoot en bon \u00e9tat. Notre\u00a0lubrifiant sp\u00e9cial pour le babyfoot\u00a0nous aide \u00e0 garder notre babyfoot parfaitement lubrifi\u00e9 et graiss\u00e9 sans l\u2019endommager.  Acheter  Mode d\u2019emploi: mettons quelques gouttes de\u00a0lubrifiant sp\u00e9cial pour babyfoot\u00a0sur un morceau de papier. Nous poussons tous les bars sur le c\u00f4t\u00e9 et nous leur donnons un poing ou un bar, juste en dehors de la table, dans tous les bars. Nous poussons les barres de l\u2019autre c\u00f4t\u00e9 et r\u00e9p\u00e9tons l\u2019op\u00e9ration. Il n\u2019est pas n\u00e9cessaire de graisser \u00e0 l\u2019int\u00e9rieur, lorsqu\u2019on appuie sur la barre, cela sera parfaitement lubrifi\u00e9. Regardez notre vid\u00e9o  https:\/\/www.youtube.com\/watch?v=mIyv7r3__NA\" \/>\n<meta name=\"robots\" content=\"index, follow, max-snippet:-1, max-image-preview:large, max-video-preview:-1\" \/>\n<link rel=\"canonical\" href=\"https:\/\/theworldbilliards.com\/fr\/comment-graisser-un-babyfoot\/\" \/>\n<meta property=\"og:locale\" content=\"fr_FR\" \/>\n<meta property=\"og:type\" content=\"article\" \/>\n<meta property=\"og:title\" content=\"Comment graisser un babyfoot? - The World Billiards\" \/>\n<meta property=\"og:description\" content=\"Comment graisser un babyfoot? Utiliser un produit appropri\u00e9 est important si nous voulons garder notre babyfoot en bon \u00e9tat. Notre\u00a0lubrifiant sp\u00e9cial pour le babyfoot\u00a0nous aide \u00e0 garder notre babyfoot parfaitement lubrifi\u00e9 et graiss\u00e9 sans l\u2019endommager.  Acheter  Mode d\u2019emploi: mettons quelques gouttes de\u00a0lubrifiant sp\u00e9cial pour babyfoot\u00a0sur un morceau de papier. Nous poussons tous les bars sur le c\u00f4t\u00e9 et nous leur donnons un poing ou un bar, juste en dehors de la table, dans tous les bars. Nous poussons les barres de l\u2019autre c\u00f4t\u00e9 et r\u00e9p\u00e9tons l\u2019op\u00e9ration. Il n\u2019est pas n\u00e9cessaire de graisser \u00e0 l\u2019int\u00e9rieur, lorsqu\u2019on appuie sur la barre, cela sera parfaitement lubrifi\u00e9. Regardez notre vid\u00e9o  https:\/\/www.youtube.com\/watch?v=mIyv7r3__NA\" \/>\n<meta property=\"og:url\" content=\"https:\/\/theworldbilliards.com\/fr\/comment-graisser-un-babyfoot\/\" \/>\n<meta property=\"og:site_name\" content=\"The World Billiards\" \/>\n<meta property=\"article:publisher\" content=\"https:\/\/www.facebook.com\/baby.foot.superbes\" \/>\n<meta property=\"article:modified_time\" content=\"2025-09-23T10:31:36+00:00\" \/>\n<meta property=\"og:image\" content=\"https:\/\/theworldbilliards.com\/wp-content\/uploads\/2023\/09\/cropped-logo-2023-TheWorldBilliards.png\" \/>\n\t<meta property=\"og:image:width\" content=\"1103\" \/>\n\t<meta property=\"og:image:height\" content=\"282\" \/>\n\t<meta property=\"og:image:type\" content=\"image\/png\" \/>\n<meta name=\"twitter:card\" content=\"summary_large_image\" \/>\n<script type=\"application\/ld+json\" class=\"yoast-schema-graph\">{\"@context\":\"https:\\\/\\\/schema.org\",\"@graph\":[{\"@type\":\"WebPage\",\"@id\":\"https:\\\/\\\/theworldbilliards.com\\\/fr\\\/comment-graisser-un-babyfoot\\\/\",\"url\":\"https:\\\/\\\/theworldbilliards.com\\\/fr\\\/comment-graisser-un-babyfoot\\\/\",\"name\":\"Comment graisser un babyfoot? - The World Billiards\",\"isPartOf\":{\"@id\":\"https:\\\/\\\/theworldbilliards.com\\\/fr\\\/#website\"},\"datePublished\":\"2021-09-27T11:49:02+00:00\",\"dateModified\":\"2025-09-23T10:31:36+00:00\",\"description\":\"Comment graisser un babyfoot? Utiliser un produit appropri\u00e9 est important si nous voulons garder notre babyfoot en bon \u00e9tat. Notre\u00a0lubrifiant sp\u00e9cial pour le babyfoot\u00a0nous aide \u00e0 garder notre babyfoot parfaitement lubrifi\u00e9 et graiss\u00e9 sans l\u2019endommager. Acheter Mode d\u2019emploi: mettons quelques gouttes de\u00a0lubrifiant sp\u00e9cial pour babyfoot\u00a0sur un morceau de papier. Nous poussons tous les bars sur le c\u00f4t\u00e9 et nous leur donnons un poing ou un bar, juste en dehors de la table, dans tous les bars. Nous poussons les barres de l\u2019autre c\u00f4t\u00e9 et r\u00e9p\u00e9tons l\u2019op\u00e9ration. Il n\u2019est pas n\u00e9cessaire de graisser \u00e0 l\u2019int\u00e9rieur, lorsqu\u2019on appuie sur la barre, cela sera parfaitement lubrifi\u00e9. Regardez notre vid\u00e9o https:\\\/\\\/www.youtube.com\\\/watch?v=mIyv7r3__NA\",\"breadcrumb\":{\"@id\":\"https:\\\/\\\/theworldbilliards.com\\\/fr\\\/comment-graisser-un-babyfoot\\\/#breadcrumb\"},\"inLanguage\":\"fr-FR\",\"potentialAction\":[{\"@type\":\"ReadAction\",\"target\":[\"https:\\\/\\\/theworldbilliards.com\\\/fr\\\/comment-graisser-un-babyfoot\\\/\"]}]},{\"@type\":\"BreadcrumbList\",\"@id\":\"https:\\\/\\\/theworldbilliards.com\\\/fr\\\/comment-graisser-un-babyfoot\\\/#breadcrumb\",\"itemListElement\":[{\"@type\":\"ListItem\",\"position\":1,\"name\":\"In\u00edcio\",\"item\":\"https:\\\/\\\/theworldbilliards.com\\\/fr\\\/\"},{\"@type\":\"ListItem\",\"position\":2,\"name\":\"Comment graisser un babyfoot?\"}]},{\"@type\":\"WebSite\",\"@id\":\"https:\\\/\\\/theworldbilliards.com\\\/fr\\\/#website\",\"url\":\"https:\\\/\\\/theworldbilliards.com\\\/fr\\\/\",\"name\":\"TheWorldBilliards\",\"description\":\"Achetez ici billard, baby-foot, ping-pong et bowling\",\"publisher\":{\"@id\":\"https:\\\/\\\/theworldbilliards.com\\\/fr\\\/#organization\"},\"alternateName\":\"The world billiards\",\"potentialAction\":[{\"@type\":\"SearchAction\",\"target\":{\"@type\":\"EntryPoint\",\"urlTemplate\":\"https:\\\/\\\/theworldbilliards.com\\\/fr\\\/?s={search_term_string}\"},\"query-input\":{\"@type\":\"PropertyValueSpecification\",\"valueRequired\":true,\"valueName\":\"search_term_string\"}}],\"inLanguage\":\"fr-FR\"},{\"@type\":\"Organization\",\"@id\":\"https:\\\/\\\/theworldbilliards.com\\\/fr\\\/#organization\",\"name\":\"The World Billiards\",\"alternateName\":\"The World Billiards\",\"url\":\"https:\\\/\\\/theworldbilliards.com\\\/fr\\\/\",\"logo\":{\"@type\":\"ImageObject\",\"inLanguage\":\"fr-FR\",\"@id\":\"https:\\\/\\\/theworldbilliards.com\\\/fr\\\/#\\\/schema\\\/logo\\\/image\\\/\",\"url\":\"\",\"contentUrl\":\"\",\"caption\":\"The World Billiards\"},\"image\":{\"@id\":\"https:\\\/\\\/theworldbilliards.com\\\/fr\\\/#\\\/schema\\\/logo\\\/image\\\/\"},\"sameAs\":[\"https:\\\/\\\/www.facebook.com\\\/baby.foot.superbes\",\"https:\\\/\\\/www.youtube.com\\\/channel\\\/UCIMuOVAaUcH6UpZcsZlH0Tg\",\"https:\\\/\\\/www.facebook.com\\\/people\\\/Brunswick-Billiards-EspaaPortugal\\\/100066446264309\\\/\",\"https:\\\/\\\/www.instagram.com\\\/the_world_billiards\\\/\",\"https:\\\/\\\/www.pinterest.es\\\/Theworldbilliards\\\/\"]}]}<\/script>\n<!-- \/ Yoast SEO plugin. -->","yoast_head_json":{"title":"Comment graisser un babyfoot? - The World Billiards","description":"Comment graisser un babyfoot? Utiliser un produit appropri\u00e9 est important si nous voulons garder notre babyfoot en bon \u00e9tat. Notre\u00a0lubrifiant sp\u00e9cial pour le babyfoot\u00a0nous aide \u00e0 garder notre babyfoot parfaitement lubrifi\u00e9 et graiss\u00e9 sans l\u2019endommager.  Acheter  Mode d\u2019emploi: mettons quelques gouttes de\u00a0lubrifiant sp\u00e9cial pour babyfoot\u00a0sur un morceau de papier. Nous poussons tous les bars sur le c\u00f4t\u00e9 et nous leur donnons un poing ou un bar, juste en dehors de la table, dans tous les bars. Nous poussons les barres de l\u2019autre c\u00f4t\u00e9 et r\u00e9p\u00e9tons l\u2019op\u00e9ration. Il n\u2019est pas n\u00e9cessaire de graisser \u00e0 l\u2019int\u00e9rieur, lorsqu\u2019on appuie sur la barre, cela sera parfaitement lubrifi\u00e9. Regardez notre vid\u00e9o  https:\/\/www.youtube.com\/watch?v=mIyv7r3__NA","robots":{"index":"index","follow":"follow","max-snippet":"max-snippet:-1","max-image-preview":"max-image-preview:large","max-video-preview":"max-video-preview:-1"},"canonical":"https:\/\/theworldbilliards.com\/fr\/comment-graisser-un-babyfoot\/","og_locale":"fr_FR","og_type":"article","og_title":"Comment graisser un babyfoot? - The World Billiards","og_description":"Comment graisser un babyfoot? Utiliser un produit appropri\u00e9 est important si nous voulons garder notre babyfoot en bon \u00e9tat. Notre\u00a0lubrifiant sp\u00e9cial pour le babyfoot\u00a0nous aide \u00e0 garder notre babyfoot parfaitement lubrifi\u00e9 et graiss\u00e9 sans l\u2019endommager.  Acheter  Mode d\u2019emploi: mettons quelques gouttes de\u00a0lubrifiant sp\u00e9cial pour babyfoot\u00a0sur un morceau de papier. Nous poussons tous les bars sur le c\u00f4t\u00e9 et nous leur donnons un poing ou un bar, juste en dehors de la table, dans tous les bars. Nous poussons les barres de l\u2019autre c\u00f4t\u00e9 et r\u00e9p\u00e9tons l\u2019op\u00e9ration. Il n\u2019est pas n\u00e9cessaire de graisser \u00e0 l\u2019int\u00e9rieur, lorsqu\u2019on appuie sur la barre, cela sera parfaitement lubrifi\u00e9. Regardez notre vid\u00e9o  https:\/\/www.youtube.com\/watch?v=mIyv7r3__NA","og_url":"https:\/\/theworldbilliards.com\/fr\/comment-graisser-un-babyfoot\/","og_site_name":"The World Billiards","article_publisher":"https:\/\/www.facebook.com\/baby.foot.superbes","article_modified_time":"2025-09-23T10:31:36+00:00","og_image":[{"width":1103,"height":282,"url":"https:\/\/theworldbilliards.com\/wp-content\/uploads\/2023\/09\/cropped-logo-2023-TheWorldBilliards.png","type":"image\/png"}],"twitter_card":"summary_large_image","schema":{"@context":"https:\/\/schema.org","@graph":[{"@type":"WebPage","@id":"https:\/\/theworldbilliards.com\/fr\/comment-graisser-un-babyfoot\/","url":"https:\/\/theworldbilliards.com\/fr\/comment-graisser-un-babyfoot\/","name":"Comment graisser un babyfoot? - The World Billiards","isPartOf":{"@id":"https:\/\/theworldbilliards.com\/fr\/#website"},"datePublished":"2021-09-27T11:49:02+00:00","dateModified":"2025-09-23T10:31:36+00:00","description":"Comment graisser un babyfoot? Utiliser un produit appropri\u00e9 est important si nous voulons garder notre babyfoot en bon \u00e9tat. Notre\u00a0lubrifiant sp\u00e9cial pour le babyfoot\u00a0nous aide \u00e0 garder notre babyfoot parfaitement lubrifi\u00e9 et graiss\u00e9 sans l\u2019endommager. Acheter Mode d\u2019emploi: mettons quelques gouttes de\u00a0lubrifiant sp\u00e9cial pour babyfoot\u00a0sur un morceau de papier. Nous poussons tous les bars sur le c\u00f4t\u00e9 et nous leur donnons un poing ou un bar, juste en dehors de la table, dans tous les bars. Nous poussons les barres de l\u2019autre c\u00f4t\u00e9 et r\u00e9p\u00e9tons l\u2019op\u00e9ration. Il n\u2019est pas n\u00e9cessaire de graisser \u00e0 l\u2019int\u00e9rieur, lorsqu\u2019on appuie sur la barre, cela sera parfaitement lubrifi\u00e9. Regardez notre vid\u00e9o https:\/\/www.youtube.com\/watch?v=mIyv7r3__NA","breadcrumb":{"@id":"https:\/\/theworldbilliards.com\/fr\/comment-graisser-un-babyfoot\/#breadcrumb"},"inLanguage":"fr-FR","potentialAction":[{"@type":"ReadAction","target":["https:\/\/theworldbilliards.com\/fr\/comment-graisser-un-babyfoot\/"]}]},{"@type":"BreadcrumbList","@id":"https:\/\/theworldbilliards.com\/fr\/comment-graisser-un-babyfoot\/#breadcrumb","itemListElement":[{"@type":"ListItem","position":1,"name":"In\u00edcio","item":"https:\/\/theworldbilliards.com\/fr\/"},{"@type":"ListItem","position":2,"name":"Comment graisser un babyfoot?"}]},{"@type":"WebSite","@id":"https:\/\/theworldbilliards.com\/fr\/#website","url":"https:\/\/theworldbilliards.com\/fr\/","name":"TheWorldBilliards","description":"Achetez ici billard, baby-foot, ping-pong et bowling","publisher":{"@id":"https:\/\/theworldbilliards.com\/fr\/#organization"},"alternateName":"The world billiards","potentialAction":[{"@type":"SearchAction","target":{"@type":"EntryPoint","urlTemplate":"https:\/\/theworldbilliards.com\/fr\/?s={search_term_string}"},"query-input":{"@type":"PropertyValueSpecification","valueRequired":true,"valueName":"search_term_string"}}],"inLanguage":"fr-FR"},{"@type":"Organization","@id":"https:\/\/theworldbilliards.com\/fr\/#organization","name":"The World Billiards","alternateName":"The World Billiards","url":"https:\/\/theworldbilliards.com\/fr\/","logo":{"@type":"ImageObject","inLanguage":"fr-FR","@id":"https:\/\/theworldbilliards.com\/fr\/#\/schema\/logo\/image\/","url":"","contentUrl":"","caption":"The World Billiards"},"image":{"@id":"https:\/\/theworldbilliards.com\/fr\/#\/schema\/logo\/image\/"},"sameAs":["https:\/\/www.facebook.com\/baby.foot.superbes","https:\/\/www.youtube.com\/channel\/UCIMuOVAaUcH6UpZcsZlH0Tg","https:\/\/www.facebook.com\/people\/Brunswick-Billiards-EspaaPortugal\/100066446264309\/","https:\/\/www.instagram.com\/the_world_billiards\/","https:\/\/www.pinterest.es\/Theworldbilliards\/"]}]}},"_links":{"self":[{"href":"https:\/\/theworldbilliards.com\/fr\/wp-json\/wp\/v2\/pages\/85283","targetHints":{"allow":["GET"]}}],"collection":[{"href":"https:\/\/theworldbilliards.com\/fr\/wp-json\/wp\/v2\/pages"}],"about":[{"href":"https:\/\/theworldbilliards.com\/fr\/wp-json\/wp\/v2\/types\/page"}],"author":[{"embeddable":true,"href":"https:\/\/theworldbilliards.com\/fr\/wp-json\/wp\/v2\/users\/321"}],"replies":[{"embeddable":true,"href":"https:\/\/theworldbilliards.com\/fr\/wp-json\/wp\/v2\/comments?post=85283"}],"version-history":[{"count":0,"href":"https:\/\/theworldbilliards.com\/fr\/wp-json\/wp\/v2\/pages\/85283\/revisions"}],"wp:attachment":[{"href":"https:\/\/theworldbilliards.com\/fr\/wp-json\/wp\/v2\/media?parent=85283"}],"curies":[{"name":"wp","href":"https:\/\/api.w.org\/{rel}","templated":true}]}}