{"id":103700,"date":"2024-07-03T13:09:50","date_gmt":"2024-07-03T11:09:50","guid":{"rendered":"https:\/\/theworldbilliards.com\/?post_type=product&#038;p=103700"},"modified":"2026-03-26T12:57:04","modified_gmt":"2026-03-26T11:57:04","slug":"billard-american-heritage-halifax","status":"publish","type":"product","link":"https:\/\/theworldbilliards.com\/fr\/produit\/billard-american-heritage-halifax\/","title":{"rendered":"Billard American Heritage Halifax"},"content":{"rendered":"<p>Le Halifax est un design d&rsquo;inspiration urbaine avec une finition bicolore em bois et une \u00e9l\u00e9gante construction en m\u00e9tal noir mat. Sa silhouette audacieuse et sculpturale pr\u00e9sente une base contemporaine en X et est parfaite pour faire une d\u00e9claration dans n&rsquo;importe quelle salle de jeux. Des viseurs \u00e0 rail en diamant blanc nacr\u00e9, un coussin en caoutchouc K66 de premi\u00e8re qualit\u00e9 et des poches internes compl\u00e8tent la table de billard. Am\u00e9liorez votre exp\u00e9rience avec le plateau de conversion de salle \u00e0 manger et un ensemble de bancs de rangement pour salle \u00e0 manger (vendus s\u00e9par\u00e9ment) pour une polyvalence ultime.<\/p>\n<p>Sp\u00e9cifications du produit:<\/p>\n<ul>\n<li>Ardoise: plaque d&rsquo;ardoise 3 pi\u00e8ces d&rsquo;une \u00e9paisseur de 2,54 cm.<\/li>\n<li>Taille: 8 pieds.<\/li>\n<li>Couleur:\u00a0 \u00a0\u00ab\u00a0Charcoal\u00a0\u00bb et \u00ab\u00a0natural ash\u00a0\u00bb<\/li>\n<li>Il est livr\u00e9 avec le tapis Pro Cup Tournament inclus en diff\u00e9rentes couleurs que vous pouvez choisir, en option vous avez d\u2019autres tapis comme le Pro Cup T\u00e9flon anti-taches, Simonis, Championship and Brunswick Centennial.<\/li>\n<\/ul>\n<p><strong>Options:<\/strong>\u00a0Plateau table \u00e0 manger, plateau\u00a0table de ping-pong,\u00a0syst\u00e8me multi bandes de billard Fran\u00e7ais \/ Billard Am\u00e9ricain\u00a0\/\u00a0Snooker Anglais.<\/p>\n<p>&nbsp;<\/p>\n","protected":false},"excerpt":{"rendered":"<p><strong>Accessoires inclus<\/strong><br \/>\n\u2022 1 Jeu de Boules<br \/>\n\u2022 Triangle (en pool)<br \/>\n\u2022 4 Queues une-piece<br \/>\n\u2022 6 Cubes de Craie<br \/>\n\u2022 Brosse<\/p>\n<p><a href=\"https:\/\/theworldbilliards.com\/fr\/categorie-produit\/billard\/acessorios-de-billard\/kit-daccessoires\/\" target=\"_blank\" rel=\"noopener\"><strong>Autres options de kit d\u2019accessoires<\/strong><\/a><strong><a href=\"https:\/\/theworldbilliards.com\/fr\/categorie-produit\/billard\/acessorios-de-billard\/kit-daccessoires\/\" target=\"_blank\" rel=\"noopener\"><img loading=\"lazy\" decoding=\"async\" class=\"alignnone wp-image-103074\" src=\"https:\/\/theworldbilliards.com\/wp-content\/uploads\/2024\/04\/Brunswick-kit-centennial-300x189.jpg\" alt=\"\" width=\"200\" height=\"126\" srcset=\"https:\/\/theworldbilliards.com\/wp-content\/uploads\/2024\/04\/Brunswick-kit-centennial-300x189.jpg 300w, https:\/\/theworldbilliards.com\/wp-content\/uploads\/2024\/04\/Brunswick-kit-centennial-600x379.jpg 600w, https:\/\/theworldbilliards.com\/wp-content\/uploads\/2024\/04\/Brunswick-kit-centennial.jpg 708w\" sizes=\"auto, (max-width: 200px) 100vw, 200px\" \/><\/a><\/strong><\/p>\n","protected":false},"featured_media":103709,"template":"","meta":{"site-sidebar-layout":"default","site-content-layout":"","ast-site-content-layout":"default","site-content-style":"default","site-sidebar-style":"default","ast-global-header-display":"","ast-banner-title-visibility":"","ast-main-header-display":"","ast-hfb-above-header-display":"","ast-hfb-below-header-display":"","ast-hfb-mobile-header-display":"","site-post-title":"","ast-breadcrumbs-content":"","ast-featured-img":"","footer-sml-layout":"","ast-disable-related-posts":"","theme-transparent-header-meta":"default","adv-header-id-meta":"","stick-header-meta":"","header-above-stick-meta":"","header-main-stick-meta":"","header-below-stick-meta":"","astra-migrate-meta-layouts":"default","ast-page-background-enabled":"default","ast-page-background-meta":{"desktop":{"background-color":"var(--ast-global-color-4)","background-image":"","background-repeat":"repeat","background-position":"center center","background-size":"auto","background-attachment":"scroll","background-type":"","background-media":"","overlay-type":"","overlay-color":"","overlay-opacity":"","overlay-gradient":""},"tablet":{"background-color":"","background-image":"","background-repeat":"repeat","background-position":"center center","background-size":"auto","background-attachment":"scroll","background-type":"","background-media":"","overlay-type":"","overlay-color":"","overlay-opacity":"","overlay-gradient":""},"mobile":{"background-color":"","background-image":"","background-repeat":"repeat","background-position":"center center","background-size":"auto","background-attachment":"scroll","background-type":"","background-media":"","overlay-type":"","overlay-color":"","overlay-opacity":"","overlay-gradient":""}},"ast-content-background-meta":{"desktop":{"background-color":"var(--ast-global-color-5)","background-image":"","background-repeat":"repeat","background-position":"center center","background-size":"auto","background-attachment":"scroll","background-type":"","background-media":"","overlay-type":"","overlay-color":"","overlay-opacity":"","overlay-gradient":""},"tablet":{"background-color":"var(--ast-global-color-5)","background-image":"","background-repeat":"repeat","background-position":"center center","background-size":"auto","background-attachment":"scroll","background-type":"","background-media":"","overlay-type":"","overlay-color":"","overlay-opacity":"","overlay-gradient":""},"mobile":{"background-color":"var(--ast-global-color-5)","background-image":"","background-repeat":"repeat","background-position":"center center","background-size":"auto","background-attachment":"scroll","background-type":"","background-media":"","overlay-type":"","overlay-color":"","overlay-opacity":"","overlay-gradient":""}}},"product_brand":[5210],"product_cat":[4994],"product_tag":[],"class_list":{"0":"post-103700","1":"product","2":"type-product","3":"status-publish","4":"has-post-thumbnail","6":"product_brand-american-heritage-billiards-fr","7":"product_cat-billards-american-heritage","8":"product_shipping_class-billards-8ft","9":"desktop-align-center","10":"tablet-align-left","11":"mobile-align-left","13":"first","14":"onbackorder","15":"taxable","16":"shipping-taxable","17":"purchasable","18":"product-type-variable"},"yoast_head":"<!-- This site is optimized with the Yoast SEO plugin v27.4 - https:\/\/yoast.com\/product\/yoast-seo-wordpress\/ -->\n<title>Acheter Billard American Heritage Halifax - The World Billiards<\/title>\n<meta name=\"description\" content=\"Le Halifax est un design d&#039;inspiration urbaine avec une finition bicolore em bois et une \u00e9l\u00e9gante construction en m\u00e9tal noir mat. Sa silhouette audacieuse et sculpturale pr\u00e9sente une base contemporaine en X et est parfaite pour faire une d\u00e9claration dans n&#039;importe quelle salle de jeux. Des viseurs \u00e0 rail en diamant blanc nacr\u00e9, un coussin en caoutchouc K66 de premi\u00e8re qualit\u00e9 et des poches internes compl\u00e8tent la table de billard. Am\u00e9liorez votre exp\u00e9rience avec le plateau de conversion de salle \u00e0 manger et un ensemble de bancs de rangement pour salle \u00e0 manger (vendus s\u00e9par\u00e9ment) pour une polyvalence ultime.  Sp\u00e9cifications du produit:   Ardoise: plaque d&#039;ardoise 3 pi\u00e8ces d&#039;une \u00e9paisseur de 2,54 cm.  Taille: 8 pieds.  Couleur:\u00a0 \u00a0&quot;Charcoal&quot; et &quot;natural ash&quot;  Il est livr\u00e9 avec le tapis Pro Cup Tournament inclus en diff\u00e9rentes couleurs que vous pouvez choisir, en option vous avez d\u2019autres tapis comme le Pro Cup T\u00e9flon anti-taches, Simonis, Championship and Brunswick Centennial.  Options:\u00a0Plateau table \u00e0 manger, plateau\u00a0table de ping-pong,\u00a0syst\u00e8me multi bandes de billard Fran\u00e7ais \/ Billard Am\u00e9ricain\u00a0\/\u00a0Snooker Anglais.  &nbsp;\" \/>\n<meta name=\"robots\" content=\"index, follow, max-snippet:-1, max-image-preview:large, max-video-preview:-1\" \/>\n<link rel=\"canonical\" href=\"https:\/\/theworldbilliards.com\/fr\/produit\/billard-american-heritage-halifax\/\" \/>\n<meta property=\"og:locale\" content=\"fr_FR\" \/>\n<meta property=\"og:type\" content=\"article\" \/>\n<meta property=\"og:title\" content=\"Acheter Billard American Heritage Halifax - The World Billiards\" \/>\n<meta property=\"og:description\" content=\"Le Halifax est un design d&#039;inspiration urbaine avec une finition bicolore em bois et une \u00e9l\u00e9gante construction en m\u00e9tal noir mat. Sa silhouette audacieuse et sculpturale pr\u00e9sente une base contemporaine en X et est parfaite pour faire une d\u00e9claration dans n&#039;importe quelle salle de jeux. Des viseurs \u00e0 rail en diamant blanc nacr\u00e9, un coussin en caoutchouc K66 de premi\u00e8re qualit\u00e9 et des poches internes compl\u00e8tent la table de billard. Am\u00e9liorez votre exp\u00e9rience avec le plateau de conversion de salle \u00e0 manger et un ensemble de bancs de rangement pour salle \u00e0 manger (vendus s\u00e9par\u00e9ment) pour une polyvalence ultime.  Sp\u00e9cifications du produit:   Ardoise: plaque d&#039;ardoise 3 pi\u00e8ces d&#039;une \u00e9paisseur de 2,54 cm.  Taille: 8 pieds.  Couleur:\u00a0 \u00a0&quot;Charcoal&quot; et &quot;natural ash&quot;  Il est livr\u00e9 avec le tapis Pro Cup Tournament inclus en diff\u00e9rentes couleurs que vous pouvez choisir, en option vous avez d\u2019autres tapis comme le Pro Cup T\u00e9flon anti-taches, Simonis, Championship and Brunswick Centennial.  Options:\u00a0Plateau table \u00e0 manger, plateau\u00a0table de ping-pong,\u00a0syst\u00e8me multi bandes de billard Fran\u00e7ais \/ Billard Am\u00e9ricain\u00a0\/\u00a0Snooker Anglais.  &nbsp;\" \/>\n<meta property=\"og:url\" content=\"https:\/\/theworldbilliards.com\/fr\/produit\/billard-american-heritage-halifax\/\" \/>\n<meta property=\"og:site_name\" content=\"The World Billiards\" \/>\n<meta property=\"article:publisher\" content=\"https:\/\/www.facebook.com\/baby.foot.superbes\" \/>\n<meta property=\"article:modified_time\" content=\"2026-03-26T11:57:04+00:00\" \/>\n<meta property=\"og:image\" content=\"https:\/\/theworldbilliards.com\/wp-content\/uploads\/2024\/07\/halifax-8-charcoal.jpg\" \/>\n\t<meta property=\"og:image:width\" content=\"980\" \/>\n\t<meta property=\"og:image:height\" content=\"980\" \/>\n\t<meta property=\"og:image:type\" content=\"image\/jpeg\" \/>\n<meta name=\"twitter:card\" content=\"summary_large_image\" \/>\n<script type=\"application\/ld+json\" class=\"yoast-schema-graph\">{\"@context\":\"https:\\\/\\\/schema.org\",\"@graph\":[{\"@type\":\"WebPage\",\"@id\":\"https:\\\/\\\/theworldbilliards.com\\\/fr\\\/produit\\\/billard-american-heritage-halifax\\\/\",\"url\":\"https:\\\/\\\/theworldbilliards.com\\\/fr\\\/produit\\\/billard-american-heritage-halifax\\\/\",\"name\":\"Acheter Billard American Heritage Halifax - The World Billiards\",\"isPartOf\":{\"@id\":\"https:\\\/\\\/theworldbilliards.com\\\/fr\\\/#website\"},\"primaryImageOfPage\":{\"@id\":\"https:\\\/\\\/theworldbilliards.com\\\/fr\\\/produit\\\/billard-american-heritage-halifax\\\/#primaryimage\"},\"image\":{\"@id\":\"https:\\\/\\\/theworldbilliards.com\\\/fr\\\/produit\\\/billard-american-heritage-halifax\\\/#primaryimage\"},\"thumbnailUrl\":\"https:\\\/\\\/theworldbilliards.com\\\/wp-content\\\/uploads\\\/2024\\\/07\\\/halifax-8-charcoal.jpg\",\"datePublished\":\"2024-07-03T11:09:50+00:00\",\"dateModified\":\"2026-03-26T11:57:04+00:00\",\"description\":\"Le Halifax est un design d'inspiration urbaine avec une finition bicolore em bois et une \u00e9l\u00e9gante construction en m\u00e9tal noir mat. Sa silhouette audacieuse et sculpturale pr\u00e9sente une base contemporaine en X et est parfaite pour faire une d\u00e9claration dans n'importe quelle salle de jeux. Des viseurs \u00e0 rail en diamant blanc nacr\u00e9, un coussin en caoutchouc K66 de premi\u00e8re qualit\u00e9 et des poches internes compl\u00e8tent la table de billard. Am\u00e9liorez votre exp\u00e9rience avec le plateau de conversion de salle \u00e0 manger et un ensemble de bancs de rangement pour salle \u00e0 manger (vendus s\u00e9par\u00e9ment) pour une polyvalence ultime. Sp\u00e9cifications du produit: Ardoise: plaque d'ardoise 3 pi\u00e8ces d'une \u00e9paisseur de 2,54 cm. Taille: 8 pieds. Couleur:\u00a0 \u00a0\\\"Charcoal\\\" et \\\"natural ash\\\" Il est livr\u00e9 avec le tapis Pro Cup Tournament inclus en diff\u00e9rentes couleurs que vous pouvez choisir, en option vous avez d\u2019autres tapis comme le Pro Cup T\u00e9flon anti-taches, Simonis, Championship and Brunswick Centennial. Options:\u00a0Plateau table \u00e0 manger, plateau\u00a0table de ping-pong,\u00a0syst\u00e8me multi bandes de billard Fran\u00e7ais \\\/ Billard Am\u00e9ricain\u00a0\\\/\u00a0Snooker Anglais. &nbsp;\",\"breadcrumb\":{\"@id\":\"https:\\\/\\\/theworldbilliards.com\\\/fr\\\/produit\\\/billard-american-heritage-halifax\\\/#breadcrumb\"},\"inLanguage\":\"fr-FR\",\"potentialAction\":[{\"@type\":\"ReadAction\",\"target\":[\"https:\\\/\\\/theworldbilliards.com\\\/fr\\\/produit\\\/billard-american-heritage-halifax\\\/\"]}]},{\"@type\":\"ImageObject\",\"inLanguage\":\"fr-FR\",\"@id\":\"https:\\\/\\\/theworldbilliards.com\\\/fr\\\/produit\\\/billard-american-heritage-halifax\\\/#primaryimage\",\"url\":\"https:\\\/\\\/theworldbilliards.com\\\/wp-content\\\/uploads\\\/2024\\\/07\\\/halifax-8-charcoal.jpg\",\"contentUrl\":\"https:\\\/\\\/theworldbilliards.com\\\/wp-content\\\/uploads\\\/2024\\\/07\\\/halifax-8-charcoal.jpg\",\"width\":980,\"height\":980},{\"@type\":\"BreadcrumbList\",\"@id\":\"https:\\\/\\\/theworldbilliards.com\\\/fr\\\/produit\\\/billard-american-heritage-halifax\\\/#breadcrumb\",\"itemListElement\":[{\"@type\":\"ListItem\",\"position\":1,\"name\":\"In\u00edcio\",\"item\":\"https:\\\/\\\/theworldbilliards.com\\\/fr\\\/\"},{\"@type\":\"ListItem\",\"position\":2,\"name\":\"Boutique en ligne\",\"item\":\"https:\\\/\\\/theworldbilliards.com\\\/fr\\\/boutique-theworldbilliards\\\/\"},{\"@type\":\"ListItem\",\"position\":3,\"name\":\"Billard American Heritage Halifax\"}]},{\"@type\":\"WebSite\",\"@id\":\"https:\\\/\\\/theworldbilliards.com\\\/fr\\\/#website\",\"url\":\"https:\\\/\\\/theworldbilliards.com\\\/fr\\\/\",\"name\":\"TheWorldBilliards\",\"description\":\"Achetez ici billard, baby-foot, ping-pong et bowling\",\"publisher\":{\"@id\":\"https:\\\/\\\/theworldbilliards.com\\\/fr\\\/#organization\"},\"alternateName\":\"The world billiards\",\"potentialAction\":[{\"@type\":\"SearchAction\",\"target\":{\"@type\":\"EntryPoint\",\"urlTemplate\":\"https:\\\/\\\/theworldbilliards.com\\\/fr\\\/?s={search_term_string}\"},\"query-input\":{\"@type\":\"PropertyValueSpecification\",\"valueRequired\":true,\"valueName\":\"search_term_string\"}}],\"inLanguage\":\"fr-FR\"},{\"@type\":\"Organization\",\"@id\":\"https:\\\/\\\/theworldbilliards.com\\\/fr\\\/#organization\",\"name\":\"The World Billiards\",\"alternateName\":\"The World Billiards\",\"url\":\"https:\\\/\\\/theworldbilliards.com\\\/fr\\\/\",\"logo\":{\"@type\":\"ImageObject\",\"inLanguage\":\"fr-FR\",\"@id\":\"https:\\\/\\\/theworldbilliards.com\\\/fr\\\/#\\\/schema\\\/logo\\\/image\\\/\",\"url\":\"\",\"contentUrl\":\"\",\"caption\":\"The World Billiards\"},\"image\":{\"@id\":\"https:\\\/\\\/theworldbilliards.com\\\/fr\\\/#\\\/schema\\\/logo\\\/image\\\/\"},\"sameAs\":[\"https:\\\/\\\/www.facebook.com\\\/baby.foot.superbes\",\"https:\\\/\\\/www.youtube.com\\\/channel\\\/UCIMuOVAaUcH6UpZcsZlH0Tg\",\"https:\\\/\\\/www.facebook.com\\\/people\\\/Brunswick-Billiards-EspaaPortugal\\\/100066446264309\\\/\",\"https:\\\/\\\/www.instagram.com\\\/the_world_billiards\\\/\",\"https:\\\/\\\/www.pinterest.es\\\/Theworldbilliards\\\/\"]}]}<\/script>\n<!-- \/ Yoast SEO plugin. -->","yoast_head_json":{"title":"Acheter Billard American Heritage Halifax - The World Billiards","description":"Le Halifax est un design d'inspiration urbaine avec une finition bicolore em bois et une \u00e9l\u00e9gante construction en m\u00e9tal noir mat. Sa silhouette audacieuse et sculpturale pr\u00e9sente une base contemporaine en X et est parfaite pour faire une d\u00e9claration dans n'importe quelle salle de jeux. Des viseurs \u00e0 rail en diamant blanc nacr\u00e9, un coussin en caoutchouc K66 de premi\u00e8re qualit\u00e9 et des poches internes compl\u00e8tent la table de billard. Am\u00e9liorez votre exp\u00e9rience avec le plateau de conversion de salle \u00e0 manger et un ensemble de bancs de rangement pour salle \u00e0 manger (vendus s\u00e9par\u00e9ment) pour une polyvalence ultime.  Sp\u00e9cifications du produit:   Ardoise: plaque d'ardoise 3 pi\u00e8ces d'une \u00e9paisseur de 2,54 cm.  Taille: 8 pieds.  Couleur:\u00a0 \u00a0\"Charcoal\" et \"natural ash\"  Il est livr\u00e9 avec le tapis Pro Cup Tournament inclus en diff\u00e9rentes couleurs que vous pouvez choisir, en option vous avez d\u2019autres tapis comme le Pro Cup T\u00e9flon anti-taches, Simonis, Championship and Brunswick Centennial.  Options:\u00a0Plateau table \u00e0 manger, plateau\u00a0table de ping-pong,\u00a0syst\u00e8me multi bandes de billard Fran\u00e7ais \/ Billard Am\u00e9ricain\u00a0\/\u00a0Snooker Anglais.  &nbsp;","robots":{"index":"index","follow":"follow","max-snippet":"max-snippet:-1","max-image-preview":"max-image-preview:large","max-video-preview":"max-video-preview:-1"},"canonical":"https:\/\/theworldbilliards.com\/fr\/produit\/billard-american-heritage-halifax\/","og_locale":"fr_FR","og_type":"article","og_title":"Acheter Billard American Heritage Halifax - The World Billiards","og_description":"Le Halifax est un design d'inspiration urbaine avec une finition bicolore em bois et une \u00e9l\u00e9gante construction en m\u00e9tal noir mat. Sa silhouette audacieuse et sculpturale pr\u00e9sente une base contemporaine en X et est parfaite pour faire une d\u00e9claration dans n'importe quelle salle de jeux. Des viseurs \u00e0 rail en diamant blanc nacr\u00e9, un coussin en caoutchouc K66 de premi\u00e8re qualit\u00e9 et des poches internes compl\u00e8tent la table de billard. Am\u00e9liorez votre exp\u00e9rience avec le plateau de conversion de salle \u00e0 manger et un ensemble de bancs de rangement pour salle \u00e0 manger (vendus s\u00e9par\u00e9ment) pour une polyvalence ultime.  Sp\u00e9cifications du produit:   Ardoise: plaque d'ardoise 3 pi\u00e8ces d'une \u00e9paisseur de 2,54 cm.  Taille: 8 pieds.  Couleur:\u00a0 \u00a0\"Charcoal\" et \"natural ash\"  Il est livr\u00e9 avec le tapis Pro Cup Tournament inclus en diff\u00e9rentes couleurs que vous pouvez choisir, en option vous avez d\u2019autres tapis comme le Pro Cup T\u00e9flon anti-taches, Simonis, Championship and Brunswick Centennial.  Options:\u00a0Plateau table \u00e0 manger, plateau\u00a0table de ping-pong,\u00a0syst\u00e8me multi bandes de billard Fran\u00e7ais \/ Billard Am\u00e9ricain\u00a0\/\u00a0Snooker Anglais.  &nbsp;","og_url":"https:\/\/theworldbilliards.com\/fr\/produit\/billard-american-heritage-halifax\/","og_site_name":"The World Billiards","article_publisher":"https:\/\/www.facebook.com\/baby.foot.superbes","article_modified_time":"2026-03-26T11:57:04+00:00","og_image":[{"width":980,"height":980,"url":"https:\/\/theworldbilliards.com\/wp-content\/uploads\/2024\/07\/halifax-8-charcoal.jpg","type":"image\/jpeg"}],"twitter_card":"summary_large_image","schema":{"@context":"https:\/\/schema.org","@graph":[{"@type":"WebPage","@id":"https:\/\/theworldbilliards.com\/fr\/produit\/billard-american-heritage-halifax\/","url":"https:\/\/theworldbilliards.com\/fr\/produit\/billard-american-heritage-halifax\/","name":"Acheter Billard American Heritage Halifax - The World Billiards","isPartOf":{"@id":"https:\/\/theworldbilliards.com\/fr\/#website"},"primaryImageOfPage":{"@id":"https:\/\/theworldbilliards.com\/fr\/produit\/billard-american-heritage-halifax\/#primaryimage"},"image":{"@id":"https:\/\/theworldbilliards.com\/fr\/produit\/billard-american-heritage-halifax\/#primaryimage"},"thumbnailUrl":"https:\/\/theworldbilliards.com\/wp-content\/uploads\/2024\/07\/halifax-8-charcoal.jpg","datePublished":"2024-07-03T11:09:50+00:00","dateModified":"2026-03-26T11:57:04+00:00","description":"Le Halifax est un design d'inspiration urbaine avec une finition bicolore em bois et une \u00e9l\u00e9gante construction en m\u00e9tal noir mat. Sa silhouette audacieuse et sculpturale pr\u00e9sente une base contemporaine en X et est parfaite pour faire une d\u00e9claration dans n'importe quelle salle de jeux. Des viseurs \u00e0 rail en diamant blanc nacr\u00e9, un coussin en caoutchouc K66 de premi\u00e8re qualit\u00e9 et des poches internes compl\u00e8tent la table de billard. Am\u00e9liorez votre exp\u00e9rience avec le plateau de conversion de salle \u00e0 manger et un ensemble de bancs de rangement pour salle \u00e0 manger (vendus s\u00e9par\u00e9ment) pour une polyvalence ultime. Sp\u00e9cifications du produit: Ardoise: plaque d'ardoise 3 pi\u00e8ces d'une \u00e9paisseur de 2,54 cm. Taille: 8 pieds. Couleur:\u00a0 \u00a0\"Charcoal\" et \"natural ash\" Il est livr\u00e9 avec le tapis Pro Cup Tournament inclus en diff\u00e9rentes couleurs que vous pouvez choisir, en option vous avez d\u2019autres tapis comme le Pro Cup T\u00e9flon anti-taches, Simonis, Championship and Brunswick Centennial. Options:\u00a0Plateau table \u00e0 manger, plateau\u00a0table de ping-pong,\u00a0syst\u00e8me multi bandes de billard Fran\u00e7ais \/ Billard Am\u00e9ricain\u00a0\/\u00a0Snooker Anglais. &nbsp;","breadcrumb":{"@id":"https:\/\/theworldbilliards.com\/fr\/produit\/billard-american-heritage-halifax\/#breadcrumb"},"inLanguage":"fr-FR","potentialAction":[{"@type":"ReadAction","target":["https:\/\/theworldbilliards.com\/fr\/produit\/billard-american-heritage-halifax\/"]}]},{"@type":"ImageObject","inLanguage":"fr-FR","@id":"https:\/\/theworldbilliards.com\/fr\/produit\/billard-american-heritage-halifax\/#primaryimage","url":"https:\/\/theworldbilliards.com\/wp-content\/uploads\/2024\/07\/halifax-8-charcoal.jpg","contentUrl":"https:\/\/theworldbilliards.com\/wp-content\/uploads\/2024\/07\/halifax-8-charcoal.jpg","width":980,"height":980},{"@type":"BreadcrumbList","@id":"https:\/\/theworldbilliards.com\/fr\/produit\/billard-american-heritage-halifax\/#breadcrumb","itemListElement":[{"@type":"ListItem","position":1,"name":"In\u00edcio","item":"https:\/\/theworldbilliards.com\/fr\/"},{"@type":"ListItem","position":2,"name":"Boutique en ligne","item":"https:\/\/theworldbilliards.com\/fr\/boutique-theworldbilliards\/"},{"@type":"ListItem","position":3,"name":"Billard American Heritage Halifax"}]},{"@type":"WebSite","@id":"https:\/\/theworldbilliards.com\/fr\/#website","url":"https:\/\/theworldbilliards.com\/fr\/","name":"TheWorldBilliards","description":"Achetez ici billard, baby-foot, ping-pong et bowling","publisher":{"@id":"https:\/\/theworldbilliards.com\/fr\/#organization"},"alternateName":"The world billiards","potentialAction":[{"@type":"SearchAction","target":{"@type":"EntryPoint","urlTemplate":"https:\/\/theworldbilliards.com\/fr\/?s={search_term_string}"},"query-input":{"@type":"PropertyValueSpecification","valueRequired":true,"valueName":"search_term_string"}}],"inLanguage":"fr-FR"},{"@type":"Organization","@id":"https:\/\/theworldbilliards.com\/fr\/#organization","name":"The World Billiards","alternateName":"The World Billiards","url":"https:\/\/theworldbilliards.com\/fr\/","logo":{"@type":"ImageObject","inLanguage":"fr-FR","@id":"https:\/\/theworldbilliards.com\/fr\/#\/schema\/logo\/image\/","url":"","contentUrl":"","caption":"The World Billiards"},"image":{"@id":"https:\/\/theworldbilliards.com\/fr\/#\/schema\/logo\/image\/"},"sameAs":["https:\/\/www.facebook.com\/baby.foot.superbes","https:\/\/www.youtube.com\/channel\/UCIMuOVAaUcH6UpZcsZlH0Tg","https:\/\/www.facebook.com\/people\/Brunswick-Billiards-EspaaPortugal\/100066446264309\/","https:\/\/www.instagram.com\/the_world_billiards\/","https:\/\/www.pinterest.es\/Theworldbilliards\/"]}]}},"_links":{"self":[{"href":"https:\/\/theworldbilliards.com\/fr\/wp-json\/wp\/v2\/product\/103700","targetHints":{"allow":["GET"]}}],"collection":[{"href":"https:\/\/theworldbilliards.com\/fr\/wp-json\/wp\/v2\/product"}],"about":[{"href":"https:\/\/theworldbilliards.com\/fr\/wp-json\/wp\/v2\/types\/product"}],"wp:featuredmedia":[{"embeddable":true,"href":"https:\/\/theworldbilliards.com\/fr\/wp-json\/wp\/v2\/media\/103709"}],"wp:attachment":[{"href":"https:\/\/theworldbilliards.com\/fr\/wp-json\/wp\/v2\/media?parent=103700"}],"wp:term":[{"taxonomy":"product_brand","embeddable":true,"href":"https:\/\/theworldbilliards.com\/fr\/wp-json\/wp\/v2\/product_brand?post=103700"},{"taxonomy":"product_cat","embeddable":true,"href":"https:\/\/theworldbilliards.com\/fr\/wp-json\/wp\/v2\/product_cat?post=103700"},{"taxonomy":"product_tag","embeddable":true,"href":"https:\/\/theworldbilliards.com\/fr\/wp-json\/wp\/v2\/product_tag?post=103700"}],"curies":[{"name":"wp","href":"https:\/\/api.w.org\/{rel}","templated":true}]}}