{"id":104068,"date":"2024-07-12T12:47:21","date_gmt":"2024-07-12T10:47:21","guid":{"rendered":"https:\/\/theworldbilliards.com\/?post_type=product&#038;p=104068"},"modified":"2025-04-03T11:00:31","modified_gmt":"2025-04-03T09:00:31","slug":"shuffleboard-brunswick-andover","status":"publish","type":"product","link":"https:\/\/theworldbilliards.com\/fr\/produit\/shuffleboard-brunswick-andover\/","title":{"rendered":"Shuffleboard Brunswick Andover"},"content":{"rendered":"<p>Le plaisir en famille commence avec cette table de jeu de palets classique. Dot\u00e9e d&rsquo;un terrain de jeu en \u00e9rable nord-am\u00e9ricain de 20&Prime; de large sur 2,5&Prime; d&rsquo;\u00e9paisseur et d&rsquo;une surface en r\u00e9sine polym\u00e8re, cette table est exquise par sa jouabilit\u00e9 et son apparence. Disponible en tailles de 12 et 14 pieds avec une finition contemporaine en Espresso, Driftwood o Rustic Dark Brown. Andover offre un compl\u00e9ment visuel unique \u00e0 toute salle de jeux \u00e0 domicile.<\/p>\n<p>Comprend des \u00e9tag\u00e8res de rangement pratiques situ\u00e9es sur le pied central et des accessoires (dont quatre disques noirs, quatre disques rouges, un marqueur boulier en acier inoxydable, une brosse de table et de la cire pour jeu de palets)<\/p>\n<p>Aire de jeux:<br \/>\n12&prime;: 132.5&Prime; x 20&Prime; x 2.5&Prime; (12 ft) (336.55 x 51 x 6.35 cm)<br \/>\n14&prime;: 156.5&Prime; x 20&Prime; x 2.5&Prime; (14 ft) (397.51 x 51 x 6.35 cm)<br \/>\nDimensions<br \/>\n12&prime;: 147.3&Prime; x 29.9&Prime; x 32.3&Prime; (374 x 76 x 82 cm)<br \/>\n14&prime;: 171.5&Prime; x 29.9&Prime; x 32.3&Prime; (436 x 76 x 82 cm)<\/p>\n<p>Facultatif:<\/p>\n<ul>\n<li><strong>Ensemble d\u2019\u00e9clairage pour jeu de palets<\/strong><br \/>\nGardez votre table de jeu de palets bien \u00e9clair\u00e9e gr\u00e2ce \u00e0 nos lampes de table faciles \u00e0 installer.<br \/>\nFabriqu\u00e9s en acier robuste avec une finition noire \u00e9l\u00e9gante, ils s\u2019agenceront \u00e0 n\u2019importe quel d\u00e9cor.<\/li>\n<\/ul>\n","protected":false},"excerpt":{"rendered":"<p><strong>Accessoires inclus<\/strong><br \/>\n\u2022 4 quatre poids noirs<br \/>\n\u2022 4 poids rouges<br \/>\n\u2022 Syst\u00e8me de notation de boulier int\u00e9gr\u00e9<br \/>\n\u2022 Brosse de table<br \/>\n\u2022 Cire pour jeu de palets<\/p>\n","protected":false},"featured_media":104103,"template":"","meta":{"site-sidebar-layout":"default","site-content-layout":"","ast-site-content-layout":"default","site-content-style":"default","site-sidebar-style":"default","ast-global-header-display":"","ast-banner-title-visibility":"","ast-main-header-display":"","ast-hfb-above-header-display":"","ast-hfb-below-header-display":"","ast-hfb-mobile-header-display":"","site-post-title":"","ast-breadcrumbs-content":"","ast-featured-img":"","footer-sml-layout":"","ast-disable-related-posts":"","theme-transparent-header-meta":"default","adv-header-id-meta":"","stick-header-meta":"","header-above-stick-meta":"","header-main-stick-meta":"","header-below-stick-meta":"","astra-migrate-meta-layouts":"default","ast-page-background-enabled":"default","ast-page-background-meta":{"desktop":{"background-color":"var(--ast-global-color-4)","background-image":"","background-repeat":"repeat","background-position":"center center","background-size":"auto","background-attachment":"scroll","background-type":"","background-media":"","overlay-type":"","overlay-color":"","overlay-opacity":"","overlay-gradient":""},"tablet":{"background-color":"","background-image":"","background-repeat":"repeat","background-position":"center center","background-size":"auto","background-attachment":"scroll","background-type":"","background-media":"","overlay-type":"","overlay-color":"","overlay-opacity":"","overlay-gradient":""},"mobile":{"background-color":"","background-image":"","background-repeat":"repeat","background-position":"center center","background-size":"auto","background-attachment":"scroll","background-type":"","background-media":"","overlay-type":"","overlay-color":"","overlay-opacity":"","overlay-gradient":""}},"ast-content-background-meta":{"desktop":{"background-color":"var(--ast-global-color-5)","background-image":"","background-repeat":"repeat","background-position":"center center","background-size":"auto","background-attachment":"scroll","background-type":"","background-media":"","overlay-type":"","overlay-color":"","overlay-opacity":"","overlay-gradient":""},"tablet":{"background-color":"var(--ast-global-color-5)","background-image":"","background-repeat":"repeat","background-position":"center center","background-size":"auto","background-attachment":"scroll","background-type":"","background-media":"","overlay-type":"","overlay-color":"","overlay-opacity":"","overlay-gradient":""},"mobile":{"background-color":"var(--ast-global-color-5)","background-image":"","background-repeat":"repeat","background-position":"center center","background-size":"auto","background-attachment":"scroll","background-type":"","background-media":"","overlay-type":"","overlay-color":"","overlay-opacity":"","overlay-gradient":""}}},"product_brand":[5198],"product_cat":[4334],"product_tag":[],"class_list":{"0":"post-104068","1":"product","2":"type-product","3":"status-publish","4":"has-post-thumbnail","6":"product_brand-brunswick-billiards-fr","7":"product_cat-shuffleboard-fr","8":"product_shipping_class-grand-air-hockey","9":"desktop-align-center","10":"tablet-align-left","11":"mobile-align-left","13":"first","14":"instock","15":"taxable","16":"shipping-taxable","17":"purchasable","18":"product-type-variable"},"yoast_head":"<!-- This site is optimized with the Yoast SEO plugin v27.4 - https:\/\/yoast.com\/product\/yoast-seo-wordpress\/ -->\n<title>Acheter Shuffleboard Brunswick Andover - The World Billiards<\/title>\n<meta name=\"description\" content=\"Le plaisir en famille commence avec cette table de jeu de palets classique. Dot\u00e9e d&#039;un terrain de jeu en \u00e9rable nord-am\u00e9ricain de 20&quot; de large sur 2,5&quot; d&#039;\u00e9paisseur et d&#039;une surface en r\u00e9sine polym\u00e8re, cette table est exquise par sa jouabilit\u00e9 et son apparence. Disponible en tailles de 12 et 14 pieds avec une finition contemporaine en Espresso, Driftwood o Rustic Dark Brown. Andover offre un compl\u00e9ment visuel unique \u00e0 toute salle de jeux \u00e0 domicile.  Comprend des \u00e9tag\u00e8res de rangement pratiques situ\u00e9es sur le pied central et des accessoires (dont quatre disques noirs, quatre disques rouges, un marqueur boulier en acier inoxydable, une brosse de table et de la cire pour jeu de palets)  Aire de jeux: 12&#039;: 132.5&quot; x 20&quot; x 2.5&quot; (12 ft) (336.55 x 51 x 6.35 cm) 14&#039;: 156.5&quot; x 20&quot; x 2.5&quot; (14 ft) (397.51 x 51 x 6.35 cm) Dimensions 12&#039;: 147.3&quot; x 29.9&quot; x 32.3&quot; (374 x 76 x 82 cm) 14&#039;: 171.5&quot; x 29.9&quot; x 32.3&quot; (436 x 76 x 82 cm)  Facultatif:   Ensemble d\u2019\u00e9clairage pour jeu de palets Gardez votre table de jeu de palets bien \u00e9clair\u00e9e gr\u00e2ce \u00e0 nos lampes de table faciles \u00e0 installer. Fabriqu\u00e9s en acier robuste avec une finition noire \u00e9l\u00e9gante, ils s\u2019agenceront \u00e0 n\u2019importe quel d\u00e9cor.\" \/>\n<meta name=\"robots\" content=\"index, follow, max-snippet:-1, max-image-preview:large, max-video-preview:-1\" \/>\n<link rel=\"canonical\" href=\"https:\/\/theworldbilliards.com\/fr\/produit\/shuffleboard-brunswick-andover\/\" \/>\n<meta property=\"og:locale\" content=\"fr_FR\" \/>\n<meta property=\"og:type\" content=\"article\" \/>\n<meta property=\"og:title\" content=\"Acheter Shuffleboard Brunswick Andover - The World Billiards\" \/>\n<meta property=\"og:description\" content=\"Le plaisir en famille commence avec cette table de jeu de palets classique. Dot\u00e9e d&#039;un terrain de jeu en \u00e9rable nord-am\u00e9ricain de 20&quot; de large sur 2,5&quot; d&#039;\u00e9paisseur et d&#039;une surface en r\u00e9sine polym\u00e8re, cette table est exquise par sa jouabilit\u00e9 et son apparence. Disponible en tailles de 12 et 14 pieds avec une finition contemporaine en Espresso, Driftwood o Rustic Dark Brown. Andover offre un compl\u00e9ment visuel unique \u00e0 toute salle de jeux \u00e0 domicile.  Comprend des \u00e9tag\u00e8res de rangement pratiques situ\u00e9es sur le pied central et des accessoires (dont quatre disques noirs, quatre disques rouges, un marqueur boulier en acier inoxydable, une brosse de table et de la cire pour jeu de palets)  Aire de jeux: 12&#039;: 132.5&quot; x 20&quot; x 2.5&quot; (12 ft) (336.55 x 51 x 6.35 cm) 14&#039;: 156.5&quot; x 20&quot; x 2.5&quot; (14 ft) (397.51 x 51 x 6.35 cm) Dimensions 12&#039;: 147.3&quot; x 29.9&quot; x 32.3&quot; (374 x 76 x 82 cm) 14&#039;: 171.5&quot; x 29.9&quot; x 32.3&quot; (436 x 76 x 82 cm)  Facultatif:   Ensemble d\u2019\u00e9clairage pour jeu de palets Gardez votre table de jeu de palets bien \u00e9clair\u00e9e gr\u00e2ce \u00e0 nos lampes de table faciles \u00e0 installer. Fabriqu\u00e9s en acier robuste avec une finition noire \u00e9l\u00e9gante, ils s\u2019agenceront \u00e0 n\u2019importe quel d\u00e9cor.\" \/>\n<meta property=\"og:url\" content=\"https:\/\/theworldbilliards.com\/fr\/produit\/shuffleboard-brunswick-andover\/\" \/>\n<meta property=\"og:site_name\" content=\"The World Billiards\" \/>\n<meta property=\"article:publisher\" content=\"https:\/\/www.facebook.com\/baby.foot.superbes\" \/>\n<meta property=\"article:modified_time\" content=\"2025-04-03T09:00:31+00:00\" \/>\n<meta property=\"og:image\" content=\"https:\/\/theworldbilliards.com\/wp-content\/uploads\/2024\/07\/Andover_RBD.jpg\" \/>\n\t<meta property=\"og:image:width\" content=\"894\" \/>\n\t<meta property=\"og:image:height\" content=\"893\" \/>\n\t<meta property=\"og:image:type\" content=\"image\/jpeg\" \/>\n<meta name=\"twitter:card\" content=\"summary_large_image\" \/>\n<script type=\"application\/ld+json\" class=\"yoast-schema-graph\">{\"@context\":\"https:\\\/\\\/schema.org\",\"@graph\":[{\"@type\":\"WebPage\",\"@id\":\"https:\\\/\\\/theworldbilliards.com\\\/fr\\\/produit\\\/shuffleboard-brunswick-andover\\\/\",\"url\":\"https:\\\/\\\/theworldbilliards.com\\\/fr\\\/produit\\\/shuffleboard-brunswick-andover\\\/\",\"name\":\"Acheter Shuffleboard Brunswick Andover - The World Billiards\",\"isPartOf\":{\"@id\":\"https:\\\/\\\/theworldbilliards.com\\\/fr\\\/#website\"},\"primaryImageOfPage\":{\"@id\":\"https:\\\/\\\/theworldbilliards.com\\\/fr\\\/produit\\\/shuffleboard-brunswick-andover\\\/#primaryimage\"},\"image\":{\"@id\":\"https:\\\/\\\/theworldbilliards.com\\\/fr\\\/produit\\\/shuffleboard-brunswick-andover\\\/#primaryimage\"},\"thumbnailUrl\":\"https:\\\/\\\/theworldbilliards.com\\\/wp-content\\\/uploads\\\/2024\\\/07\\\/Andover_RBD.jpg\",\"datePublished\":\"2024-07-12T10:47:21+00:00\",\"dateModified\":\"2025-04-03T09:00:31+00:00\",\"description\":\"Le plaisir en famille commence avec cette table de jeu de palets classique. Dot\u00e9e d'un terrain de jeu en \u00e9rable nord-am\u00e9ricain de 20\\\" de large sur 2,5\\\" d'\u00e9paisseur et d'une surface en r\u00e9sine polym\u00e8re, cette table est exquise par sa jouabilit\u00e9 et son apparence. Disponible en tailles de 12 et 14 pieds avec une finition contemporaine en Espresso, Driftwood o Rustic Dark Brown. Andover offre un compl\u00e9ment visuel unique \u00e0 toute salle de jeux \u00e0 domicile. Comprend des \u00e9tag\u00e8res de rangement pratiques situ\u00e9es sur le pied central et des accessoires (dont quatre disques noirs, quatre disques rouges, un marqueur boulier en acier inoxydable, une brosse de table et de la cire pour jeu de palets) Aire de jeux: 12': 132.5\\\" x 20\\\" x 2.5\\\" (12 ft) (336.55 x 51 x 6.35 cm) 14': 156.5\\\" x 20\\\" x 2.5\\\" (14 ft) (397.51 x 51 x 6.35 cm) Dimensions 12': 147.3\\\" x 29.9\\\" x 32.3\\\" (374 x 76 x 82 cm) 14': 171.5\\\" x 29.9\\\" x 32.3\\\" (436 x 76 x 82 cm) Facultatif: Ensemble d\u2019\u00e9clairage pour jeu de palets Gardez votre table de jeu de palets bien \u00e9clair\u00e9e gr\u00e2ce \u00e0 nos lampes de table faciles \u00e0 installer. Fabriqu\u00e9s en acier robuste avec une finition noire \u00e9l\u00e9gante, ils s\u2019agenceront \u00e0 n\u2019importe quel d\u00e9cor.\",\"breadcrumb\":{\"@id\":\"https:\\\/\\\/theworldbilliards.com\\\/fr\\\/produit\\\/shuffleboard-brunswick-andover\\\/#breadcrumb\"},\"inLanguage\":\"fr-FR\",\"potentialAction\":[{\"@type\":\"ReadAction\",\"target\":[\"https:\\\/\\\/theworldbilliards.com\\\/fr\\\/produit\\\/shuffleboard-brunswick-andover\\\/\"]}]},{\"@type\":\"ImageObject\",\"inLanguage\":\"fr-FR\",\"@id\":\"https:\\\/\\\/theworldbilliards.com\\\/fr\\\/produit\\\/shuffleboard-brunswick-andover\\\/#primaryimage\",\"url\":\"https:\\\/\\\/theworldbilliards.com\\\/wp-content\\\/uploads\\\/2024\\\/07\\\/Andover_RBD.jpg\",\"contentUrl\":\"https:\\\/\\\/theworldbilliards.com\\\/wp-content\\\/uploads\\\/2024\\\/07\\\/Andover_RBD.jpg\",\"width\":894,\"height\":893},{\"@type\":\"BreadcrumbList\",\"@id\":\"https:\\\/\\\/theworldbilliards.com\\\/fr\\\/produit\\\/shuffleboard-brunswick-andover\\\/#breadcrumb\",\"itemListElement\":[{\"@type\":\"ListItem\",\"position\":1,\"name\":\"In\u00edcio\",\"item\":\"https:\\\/\\\/theworldbilliards.com\\\/fr\\\/\"},{\"@type\":\"ListItem\",\"position\":2,\"name\":\"Boutique en ligne\",\"item\":\"https:\\\/\\\/theworldbilliards.com\\\/fr\\\/boutique-theworldbilliards\\\/\"},{\"@type\":\"ListItem\",\"position\":3,\"name\":\"Shuffleboard Brunswick Andover\"}]},{\"@type\":\"WebSite\",\"@id\":\"https:\\\/\\\/theworldbilliards.com\\\/fr\\\/#website\",\"url\":\"https:\\\/\\\/theworldbilliards.com\\\/fr\\\/\",\"name\":\"TheWorldBilliards\",\"description\":\"Achetez ici billard, baby-foot, ping-pong et bowling\",\"publisher\":{\"@id\":\"https:\\\/\\\/theworldbilliards.com\\\/fr\\\/#organization\"},\"alternateName\":\"The world billiards\",\"potentialAction\":[{\"@type\":\"SearchAction\",\"target\":{\"@type\":\"EntryPoint\",\"urlTemplate\":\"https:\\\/\\\/theworldbilliards.com\\\/fr\\\/?s={search_term_string}\"},\"query-input\":{\"@type\":\"PropertyValueSpecification\",\"valueRequired\":true,\"valueName\":\"search_term_string\"}}],\"inLanguage\":\"fr-FR\"},{\"@type\":\"Organization\",\"@id\":\"https:\\\/\\\/theworldbilliards.com\\\/fr\\\/#organization\",\"name\":\"The World Billiards\",\"alternateName\":\"The World Billiards\",\"url\":\"https:\\\/\\\/theworldbilliards.com\\\/fr\\\/\",\"logo\":{\"@type\":\"ImageObject\",\"inLanguage\":\"fr-FR\",\"@id\":\"https:\\\/\\\/theworldbilliards.com\\\/fr\\\/#\\\/schema\\\/logo\\\/image\\\/\",\"url\":\"\",\"contentUrl\":\"\",\"caption\":\"The World Billiards\"},\"image\":{\"@id\":\"https:\\\/\\\/theworldbilliards.com\\\/fr\\\/#\\\/schema\\\/logo\\\/image\\\/\"},\"sameAs\":[\"https:\\\/\\\/www.facebook.com\\\/baby.foot.superbes\",\"https:\\\/\\\/www.youtube.com\\\/channel\\\/UCIMuOVAaUcH6UpZcsZlH0Tg\",\"https:\\\/\\\/www.facebook.com\\\/people\\\/Brunswick-Billiards-EspaaPortugal\\\/100066446264309\\\/\",\"https:\\\/\\\/www.instagram.com\\\/the_world_billiards\\\/\",\"https:\\\/\\\/www.pinterest.es\\\/Theworldbilliards\\\/\"]}]}<\/script>\n<!-- \/ Yoast SEO plugin. -->","yoast_head_json":{"title":"Acheter Shuffleboard Brunswick Andover - The World Billiards","description":"Le plaisir en famille commence avec cette table de jeu de palets classique. Dot\u00e9e d'un terrain de jeu en \u00e9rable nord-am\u00e9ricain de 20\" de large sur 2,5\" d'\u00e9paisseur et d'une surface en r\u00e9sine polym\u00e8re, cette table est exquise par sa jouabilit\u00e9 et son apparence. Disponible en tailles de 12 et 14 pieds avec une finition contemporaine en Espresso, Driftwood o Rustic Dark Brown. Andover offre un compl\u00e9ment visuel unique \u00e0 toute salle de jeux \u00e0 domicile.  Comprend des \u00e9tag\u00e8res de rangement pratiques situ\u00e9es sur le pied central et des accessoires (dont quatre disques noirs, quatre disques rouges, un marqueur boulier en acier inoxydable, une brosse de table et de la cire pour jeu de palets)  Aire de jeux: 12': 132.5\" x 20\" x 2.5\" (12 ft) (336.55 x 51 x 6.35 cm) 14': 156.5\" x 20\" x 2.5\" (14 ft) (397.51 x 51 x 6.35 cm) Dimensions 12': 147.3\" x 29.9\" x 32.3\" (374 x 76 x 82 cm) 14': 171.5\" x 29.9\" x 32.3\" (436 x 76 x 82 cm)  Facultatif:   Ensemble d\u2019\u00e9clairage pour jeu de palets Gardez votre table de jeu de palets bien \u00e9clair\u00e9e gr\u00e2ce \u00e0 nos lampes de table faciles \u00e0 installer. Fabriqu\u00e9s en acier robuste avec une finition noire \u00e9l\u00e9gante, ils s\u2019agenceront \u00e0 n\u2019importe quel d\u00e9cor.","robots":{"index":"index","follow":"follow","max-snippet":"max-snippet:-1","max-image-preview":"max-image-preview:large","max-video-preview":"max-video-preview:-1"},"canonical":"https:\/\/theworldbilliards.com\/fr\/produit\/shuffleboard-brunswick-andover\/","og_locale":"fr_FR","og_type":"article","og_title":"Acheter Shuffleboard Brunswick Andover - The World Billiards","og_description":"Le plaisir en famille commence avec cette table de jeu de palets classique. Dot\u00e9e d'un terrain de jeu en \u00e9rable nord-am\u00e9ricain de 20\" de large sur 2,5\" d'\u00e9paisseur et d'une surface en r\u00e9sine polym\u00e8re, cette table est exquise par sa jouabilit\u00e9 et son apparence. Disponible en tailles de 12 et 14 pieds avec une finition contemporaine en Espresso, Driftwood o Rustic Dark Brown. Andover offre un compl\u00e9ment visuel unique \u00e0 toute salle de jeux \u00e0 domicile.  Comprend des \u00e9tag\u00e8res de rangement pratiques situ\u00e9es sur le pied central et des accessoires (dont quatre disques noirs, quatre disques rouges, un marqueur boulier en acier inoxydable, une brosse de table et de la cire pour jeu de palets)  Aire de jeux: 12': 132.5\" x 20\" x 2.5\" (12 ft) (336.55 x 51 x 6.35 cm) 14': 156.5\" x 20\" x 2.5\" (14 ft) (397.51 x 51 x 6.35 cm) Dimensions 12': 147.3\" x 29.9\" x 32.3\" (374 x 76 x 82 cm) 14': 171.5\" x 29.9\" x 32.3\" (436 x 76 x 82 cm)  Facultatif:   Ensemble d\u2019\u00e9clairage pour jeu de palets Gardez votre table de jeu de palets bien \u00e9clair\u00e9e gr\u00e2ce \u00e0 nos lampes de table faciles \u00e0 installer. Fabriqu\u00e9s en acier robuste avec une finition noire \u00e9l\u00e9gante, ils s\u2019agenceront \u00e0 n\u2019importe quel d\u00e9cor.","og_url":"https:\/\/theworldbilliards.com\/fr\/produit\/shuffleboard-brunswick-andover\/","og_site_name":"The World Billiards","article_publisher":"https:\/\/www.facebook.com\/baby.foot.superbes","article_modified_time":"2025-04-03T09:00:31+00:00","og_image":[{"width":894,"height":893,"url":"https:\/\/theworldbilliards.com\/wp-content\/uploads\/2024\/07\/Andover_RBD.jpg","type":"image\/jpeg"}],"twitter_card":"summary_large_image","schema":{"@context":"https:\/\/schema.org","@graph":[{"@type":"WebPage","@id":"https:\/\/theworldbilliards.com\/fr\/produit\/shuffleboard-brunswick-andover\/","url":"https:\/\/theworldbilliards.com\/fr\/produit\/shuffleboard-brunswick-andover\/","name":"Acheter Shuffleboard Brunswick Andover - The World Billiards","isPartOf":{"@id":"https:\/\/theworldbilliards.com\/fr\/#website"},"primaryImageOfPage":{"@id":"https:\/\/theworldbilliards.com\/fr\/produit\/shuffleboard-brunswick-andover\/#primaryimage"},"image":{"@id":"https:\/\/theworldbilliards.com\/fr\/produit\/shuffleboard-brunswick-andover\/#primaryimage"},"thumbnailUrl":"https:\/\/theworldbilliards.com\/wp-content\/uploads\/2024\/07\/Andover_RBD.jpg","datePublished":"2024-07-12T10:47:21+00:00","dateModified":"2025-04-03T09:00:31+00:00","description":"Le plaisir en famille commence avec cette table de jeu de palets classique. Dot\u00e9e d'un terrain de jeu en \u00e9rable nord-am\u00e9ricain de 20\" de large sur 2,5\" d'\u00e9paisseur et d'une surface en r\u00e9sine polym\u00e8re, cette table est exquise par sa jouabilit\u00e9 et son apparence. Disponible en tailles de 12 et 14 pieds avec une finition contemporaine en Espresso, Driftwood o Rustic Dark Brown. Andover offre un compl\u00e9ment visuel unique \u00e0 toute salle de jeux \u00e0 domicile. Comprend des \u00e9tag\u00e8res de rangement pratiques situ\u00e9es sur le pied central et des accessoires (dont quatre disques noirs, quatre disques rouges, un marqueur boulier en acier inoxydable, une brosse de table et de la cire pour jeu de palets) Aire de jeux: 12': 132.5\" x 20\" x 2.5\" (12 ft) (336.55 x 51 x 6.35 cm) 14': 156.5\" x 20\" x 2.5\" (14 ft) (397.51 x 51 x 6.35 cm) Dimensions 12': 147.3\" x 29.9\" x 32.3\" (374 x 76 x 82 cm) 14': 171.5\" x 29.9\" x 32.3\" (436 x 76 x 82 cm) Facultatif: Ensemble d\u2019\u00e9clairage pour jeu de palets Gardez votre table de jeu de palets bien \u00e9clair\u00e9e gr\u00e2ce \u00e0 nos lampes de table faciles \u00e0 installer. Fabriqu\u00e9s en acier robuste avec une finition noire \u00e9l\u00e9gante, ils s\u2019agenceront \u00e0 n\u2019importe quel d\u00e9cor.","breadcrumb":{"@id":"https:\/\/theworldbilliards.com\/fr\/produit\/shuffleboard-brunswick-andover\/#breadcrumb"},"inLanguage":"fr-FR","potentialAction":[{"@type":"ReadAction","target":["https:\/\/theworldbilliards.com\/fr\/produit\/shuffleboard-brunswick-andover\/"]}]},{"@type":"ImageObject","inLanguage":"fr-FR","@id":"https:\/\/theworldbilliards.com\/fr\/produit\/shuffleboard-brunswick-andover\/#primaryimage","url":"https:\/\/theworldbilliards.com\/wp-content\/uploads\/2024\/07\/Andover_RBD.jpg","contentUrl":"https:\/\/theworldbilliards.com\/wp-content\/uploads\/2024\/07\/Andover_RBD.jpg","width":894,"height":893},{"@type":"BreadcrumbList","@id":"https:\/\/theworldbilliards.com\/fr\/produit\/shuffleboard-brunswick-andover\/#breadcrumb","itemListElement":[{"@type":"ListItem","position":1,"name":"In\u00edcio","item":"https:\/\/theworldbilliards.com\/fr\/"},{"@type":"ListItem","position":2,"name":"Boutique en ligne","item":"https:\/\/theworldbilliards.com\/fr\/boutique-theworldbilliards\/"},{"@type":"ListItem","position":3,"name":"Shuffleboard Brunswick Andover"}]},{"@type":"WebSite","@id":"https:\/\/theworldbilliards.com\/fr\/#website","url":"https:\/\/theworldbilliards.com\/fr\/","name":"TheWorldBilliards","description":"Achetez ici billard, baby-foot, ping-pong et bowling","publisher":{"@id":"https:\/\/theworldbilliards.com\/fr\/#organization"},"alternateName":"The world billiards","potentialAction":[{"@type":"SearchAction","target":{"@type":"EntryPoint","urlTemplate":"https:\/\/theworldbilliards.com\/fr\/?s={search_term_string}"},"query-input":{"@type":"PropertyValueSpecification","valueRequired":true,"valueName":"search_term_string"}}],"inLanguage":"fr-FR"},{"@type":"Organization","@id":"https:\/\/theworldbilliards.com\/fr\/#organization","name":"The World Billiards","alternateName":"The World Billiards","url":"https:\/\/theworldbilliards.com\/fr\/","logo":{"@type":"ImageObject","inLanguage":"fr-FR","@id":"https:\/\/theworldbilliards.com\/fr\/#\/schema\/logo\/image\/","url":"","contentUrl":"","caption":"The World Billiards"},"image":{"@id":"https:\/\/theworldbilliards.com\/fr\/#\/schema\/logo\/image\/"},"sameAs":["https:\/\/www.facebook.com\/baby.foot.superbes","https:\/\/www.youtube.com\/channel\/UCIMuOVAaUcH6UpZcsZlH0Tg","https:\/\/www.facebook.com\/people\/Brunswick-Billiards-EspaaPortugal\/100066446264309\/","https:\/\/www.instagram.com\/the_world_billiards\/","https:\/\/www.pinterest.es\/Theworldbilliards\/"]}]}},"_links":{"self":[{"href":"https:\/\/theworldbilliards.com\/fr\/wp-json\/wp\/v2\/product\/104068","targetHints":{"allow":["GET"]}}],"collection":[{"href":"https:\/\/theworldbilliards.com\/fr\/wp-json\/wp\/v2\/product"}],"about":[{"href":"https:\/\/theworldbilliards.com\/fr\/wp-json\/wp\/v2\/types\/product"}],"wp:featuredmedia":[{"embeddable":true,"href":"https:\/\/theworldbilliards.com\/fr\/wp-json\/wp\/v2\/media\/104103"}],"wp:attachment":[{"href":"https:\/\/theworldbilliards.com\/fr\/wp-json\/wp\/v2\/media?parent=104068"}],"wp:term":[{"taxonomy":"product_brand","embeddable":true,"href":"https:\/\/theworldbilliards.com\/fr\/wp-json\/wp\/v2\/product_brand?post=104068"},{"taxonomy":"product_cat","embeddable":true,"href":"https:\/\/theworldbilliards.com\/fr\/wp-json\/wp\/v2\/product_cat?post=104068"},{"taxonomy":"product_tag","embeddable":true,"href":"https:\/\/theworldbilliards.com\/fr\/wp-json\/wp\/v2\/product_tag?post=104068"}],"curies":[{"name":"wp","href":"https:\/\/api.w.org\/{rel}","templated":true}]}}