{"id":104307,"date":"2024-07-15T12:25:19","date_gmt":"2024-07-15T10:25:19","guid":{"rendered":"https:\/\/theworldbilliards.com\/?post_type=product&#038;p=104307"},"modified":"2024-07-15T13:50:46","modified_gmt":"2024-07-15T11:50:46","slug":"shuffleboard-american-heritage-quest","status":"publish","type":"product","link":"https:\/\/theworldbilliards.com\/fr\/produit\/shuffleboard-american-heritage-quest\/","title":{"rendered":"Shuffleboard American Heritage Quest"},"content":{"rendered":"<p>Le Quest pr\u00e9sente une esth\u00e9tique de rivet industrielle et modernis\u00e9e et des pieds de tra\u00eeneau en m\u00e9tal structurel. Ce jeu de palets comprend un terrain de jeu populaire avec des ajusteurs climatiques, des mat\u00e9riaux hybrides en m\u00e9tal et en bois et un syst\u00e8me de notation boulier. Disponible dans les options de finition Glacier et Navajo.<\/p>\n<p>Dimensions<br \/>\n12\u2032: \u00a0151.5\u201d x 33\u201d x 32.75\u201d(384,81 x 83,82 x 83,19 cm)<br \/>\n14\u2032: 175.5\u201d x 33\u201d x 32.75\u201d (445,77 x 83,82 x 83,19 cm)<\/p>\n","protected":false},"excerpt":{"rendered":"<p><strong>Accessoires inclus<\/strong><br \/>\n\u2022 Rondelles<br \/>\n\u2022 Syst\u00e8me de notation de boulier<br \/>\n\u2022 Brosse<br \/>\n\u2022 Housse<\/p>\n","protected":false},"featured_media":104312,"template":"","meta":{"site-sidebar-layout":"default","site-content-layout":"","ast-site-content-layout":"default","site-content-style":"default","site-sidebar-style":"default","ast-global-header-display":"","ast-banner-title-visibility":"","ast-main-header-display":"","ast-hfb-above-header-display":"","ast-hfb-below-header-display":"","ast-hfb-mobile-header-display":"","site-post-title":"","ast-breadcrumbs-content":"","ast-featured-img":"","footer-sml-layout":"","ast-disable-related-posts":"","theme-transparent-header-meta":"default","adv-header-id-meta":"","stick-header-meta":"","header-above-stick-meta":"","header-main-stick-meta":"","header-below-stick-meta":"","astra-migrate-meta-layouts":"default","ast-page-background-enabled":"default","ast-page-background-meta":{"desktop":{"background-color":"var(--ast-global-color-4)","background-image":"","background-repeat":"repeat","background-position":"center center","background-size":"auto","background-attachment":"scroll","background-type":"","background-media":"","overlay-type":"","overlay-color":"","overlay-opacity":"","overlay-gradient":""},"tablet":{"background-color":"","background-image":"","background-repeat":"repeat","background-position":"center center","background-size":"auto","background-attachment":"scroll","background-type":"","background-media":"","overlay-type":"","overlay-color":"","overlay-opacity":"","overlay-gradient":""},"mobile":{"background-color":"","background-image":"","background-repeat":"repeat","background-position":"center center","background-size":"auto","background-attachment":"scroll","background-type":"","background-media":"","overlay-type":"","overlay-color":"","overlay-opacity":"","overlay-gradient":""}},"ast-content-background-meta":{"desktop":{"background-color":"var(--ast-global-color-5)","background-image":"","background-repeat":"repeat","background-position":"center center","background-size":"auto","background-attachment":"scroll","background-type":"","background-media":"","overlay-type":"","overlay-color":"","overlay-opacity":"","overlay-gradient":""},"tablet":{"background-color":"var(--ast-global-color-5)","background-image":"","background-repeat":"repeat","background-position":"center center","background-size":"auto","background-attachment":"scroll","background-type":"","background-media":"","overlay-type":"","overlay-color":"","overlay-opacity":"","overlay-gradient":""},"mobile":{"background-color":"var(--ast-global-color-5)","background-image":"","background-repeat":"repeat","background-position":"center center","background-size":"auto","background-attachment":"scroll","background-type":"","background-media":"","overlay-type":"","overlay-color":"","overlay-opacity":"","overlay-gradient":""}}},"product_brand":[5210],"product_cat":[4334],"product_tag":[],"class_list":{"0":"post-104307","1":"product","2":"type-product","3":"status-publish","4":"has-post-thumbnail","6":"product_brand-american-heritage-billiards-fr","7":"product_cat-shuffleboard-fr","8":"product_shipping_class-grand-air-hockey","9":"desktop-align-center","10":"tablet-align-left","11":"mobile-align-left","13":"first","14":"onbackorder","15":"taxable","16":"shipping-taxable","17":"purchasable","18":"product-type-variable"},"yoast_head":"<!-- This site is optimized with the Yoast SEO plugin v27.4 - https:\/\/yoast.com\/product\/yoast-seo-wordpress\/ -->\n<title>Acheter Shuffleboard American Heritage Quest - The World Billiards<\/title>\n<meta name=\"description\" content=\"Le Quest pr\u00e9sente une esth\u00e9tique de rivet industrielle et modernis\u00e9e et des pieds de tra\u00eeneau en m\u00e9tal structurel. Ce jeu de palets comprend un terrain de jeu populaire avec des ajusteurs climatiques, des mat\u00e9riaux hybrides en m\u00e9tal et en bois et un syst\u00e8me de notation boulier. Disponible dans les options de finition Glacier et Navajo.  Dimensions 12\u2032: \u00a0151.5\u201d x 33\u201d x 32.75\u201d(384,81 x 83,82 x 83,19 cm) 14\u2032: 175.5\u201d x 33\u201d x 32.75\u201d (445,77 x 83,82 x 83,19 cm)\" \/>\n<meta name=\"robots\" content=\"index, follow, max-snippet:-1, max-image-preview:large, max-video-preview:-1\" \/>\n<link rel=\"canonical\" href=\"https:\/\/theworldbilliards.com\/fr\/produit\/shuffleboard-american-heritage-quest\/\" \/>\n<meta property=\"og:locale\" content=\"fr_FR\" \/>\n<meta property=\"og:type\" content=\"article\" \/>\n<meta property=\"og:title\" content=\"Acheter Shuffleboard American Heritage Quest - The World Billiards\" \/>\n<meta property=\"og:description\" content=\"Le Quest pr\u00e9sente une esth\u00e9tique de rivet industrielle et modernis\u00e9e et des pieds de tra\u00eeneau en m\u00e9tal structurel. Ce jeu de palets comprend un terrain de jeu populaire avec des ajusteurs climatiques, des mat\u00e9riaux hybrides en m\u00e9tal et en bois et un syst\u00e8me de notation boulier. Disponible dans les options de finition Glacier et Navajo.  Dimensions 12\u2032: \u00a0151.5\u201d x 33\u201d x 32.75\u201d(384,81 x 83,82 x 83,19 cm) 14\u2032: 175.5\u201d x 33\u201d x 32.75\u201d (445,77 x 83,82 x 83,19 cm)\" \/>\n<meta property=\"og:url\" content=\"https:\/\/theworldbilliards.com\/fr\/produit\/shuffleboard-american-heritage-quest\/\" \/>\n<meta property=\"og:site_name\" content=\"The World Billiards\" \/>\n<meta property=\"article:publisher\" content=\"https:\/\/www.facebook.com\/baby.foot.superbes\" \/>\n<meta property=\"article:modified_time\" content=\"2024-07-15T11:50:46+00:00\" \/>\n<meta property=\"og:image\" content=\"https:\/\/theworldbilliards.com\/wp-content\/uploads\/2024\/07\/Sufl-AH-Quest-Glacier.jpg\" \/>\n\t<meta property=\"og:image:width\" content=\"944\" \/>\n\t<meta property=\"og:image:height\" content=\"943\" \/>\n\t<meta property=\"og:image:type\" content=\"image\/jpeg\" \/>\n<meta name=\"twitter:card\" content=\"summary_large_image\" \/>\n<script type=\"application\/ld+json\" class=\"yoast-schema-graph\">{\"@context\":\"https:\\\/\\\/schema.org\",\"@graph\":[{\"@type\":\"WebPage\",\"@id\":\"https:\\\/\\\/theworldbilliards.com\\\/fr\\\/produit\\\/shuffleboard-american-heritage-quest\\\/\",\"url\":\"https:\\\/\\\/theworldbilliards.com\\\/fr\\\/produit\\\/shuffleboard-american-heritage-quest\\\/\",\"name\":\"Acheter Shuffleboard American Heritage Quest - The World Billiards\",\"isPartOf\":{\"@id\":\"https:\\\/\\\/theworldbilliards.com\\\/fr\\\/#website\"},\"primaryImageOfPage\":{\"@id\":\"https:\\\/\\\/theworldbilliards.com\\\/fr\\\/produit\\\/shuffleboard-american-heritage-quest\\\/#primaryimage\"},\"image\":{\"@id\":\"https:\\\/\\\/theworldbilliards.com\\\/fr\\\/produit\\\/shuffleboard-american-heritage-quest\\\/#primaryimage\"},\"thumbnailUrl\":\"https:\\\/\\\/theworldbilliards.com\\\/wp-content\\\/uploads\\\/2024\\\/07\\\/Sufl-AH-Quest-Glacier.jpg\",\"datePublished\":\"2024-07-15T10:25:19+00:00\",\"dateModified\":\"2024-07-15T11:50:46+00:00\",\"description\":\"Le Quest pr\u00e9sente une esth\u00e9tique de rivet industrielle et modernis\u00e9e et des pieds de tra\u00eeneau en m\u00e9tal structurel. Ce jeu de palets comprend un terrain de jeu populaire avec des ajusteurs climatiques, des mat\u00e9riaux hybrides en m\u00e9tal et en bois et un syst\u00e8me de notation boulier. Disponible dans les options de finition Glacier et Navajo. Dimensions 12\u2032: \u00a0151.5\u201d x 33\u201d x 32.75\u201d(384,81 x 83,82 x 83,19 cm) 14\u2032: 175.5\u201d x 33\u201d x 32.75\u201d (445,77 x 83,82 x 83,19 cm)\",\"breadcrumb\":{\"@id\":\"https:\\\/\\\/theworldbilliards.com\\\/fr\\\/produit\\\/shuffleboard-american-heritage-quest\\\/#breadcrumb\"},\"inLanguage\":\"fr-FR\",\"potentialAction\":[{\"@type\":\"ReadAction\",\"target\":[\"https:\\\/\\\/theworldbilliards.com\\\/fr\\\/produit\\\/shuffleboard-american-heritage-quest\\\/\"]}]},{\"@type\":\"ImageObject\",\"inLanguage\":\"fr-FR\",\"@id\":\"https:\\\/\\\/theworldbilliards.com\\\/fr\\\/produit\\\/shuffleboard-american-heritage-quest\\\/#primaryimage\",\"url\":\"https:\\\/\\\/theworldbilliards.com\\\/wp-content\\\/uploads\\\/2024\\\/07\\\/Sufl-AH-Quest-Glacier.jpg\",\"contentUrl\":\"https:\\\/\\\/theworldbilliards.com\\\/wp-content\\\/uploads\\\/2024\\\/07\\\/Sufl-AH-Quest-Glacier.jpg\",\"width\":944,\"height\":943},{\"@type\":\"BreadcrumbList\",\"@id\":\"https:\\\/\\\/theworldbilliards.com\\\/fr\\\/produit\\\/shuffleboard-american-heritage-quest\\\/#breadcrumb\",\"itemListElement\":[{\"@type\":\"ListItem\",\"position\":1,\"name\":\"In\u00edcio\",\"item\":\"https:\\\/\\\/theworldbilliards.com\\\/fr\\\/\"},{\"@type\":\"ListItem\",\"position\":2,\"name\":\"Boutique en ligne\",\"item\":\"https:\\\/\\\/theworldbilliards.com\\\/fr\\\/boutique-theworldbilliards\\\/\"},{\"@type\":\"ListItem\",\"position\":3,\"name\":\"Shuffleboard American Heritage Quest\"}]},{\"@type\":\"WebSite\",\"@id\":\"https:\\\/\\\/theworldbilliards.com\\\/fr\\\/#website\",\"url\":\"https:\\\/\\\/theworldbilliards.com\\\/fr\\\/\",\"name\":\"TheWorldBilliards\",\"description\":\"Achetez ici billard, baby-foot, ping-pong et bowling\",\"publisher\":{\"@id\":\"https:\\\/\\\/theworldbilliards.com\\\/fr\\\/#organization\"},\"alternateName\":\"The world billiards\",\"potentialAction\":[{\"@type\":\"SearchAction\",\"target\":{\"@type\":\"EntryPoint\",\"urlTemplate\":\"https:\\\/\\\/theworldbilliards.com\\\/fr\\\/?s={search_term_string}\"},\"query-input\":{\"@type\":\"PropertyValueSpecification\",\"valueRequired\":true,\"valueName\":\"search_term_string\"}}],\"inLanguage\":\"fr-FR\"},{\"@type\":\"Organization\",\"@id\":\"https:\\\/\\\/theworldbilliards.com\\\/fr\\\/#organization\",\"name\":\"The World Billiards\",\"alternateName\":\"The World Billiards\",\"url\":\"https:\\\/\\\/theworldbilliards.com\\\/fr\\\/\",\"logo\":{\"@type\":\"ImageObject\",\"inLanguage\":\"fr-FR\",\"@id\":\"https:\\\/\\\/theworldbilliards.com\\\/fr\\\/#\\\/schema\\\/logo\\\/image\\\/\",\"url\":\"\",\"contentUrl\":\"\",\"caption\":\"The World Billiards\"},\"image\":{\"@id\":\"https:\\\/\\\/theworldbilliards.com\\\/fr\\\/#\\\/schema\\\/logo\\\/image\\\/\"},\"sameAs\":[\"https:\\\/\\\/www.facebook.com\\\/baby.foot.superbes\",\"https:\\\/\\\/www.youtube.com\\\/channel\\\/UCIMuOVAaUcH6UpZcsZlH0Tg\",\"https:\\\/\\\/www.facebook.com\\\/people\\\/Brunswick-Billiards-EspaaPortugal\\\/100066446264309\\\/\",\"https:\\\/\\\/www.instagram.com\\\/the_world_billiards\\\/\",\"https:\\\/\\\/www.pinterest.es\\\/Theworldbilliards\\\/\"]}]}<\/script>\n<!-- \/ Yoast SEO plugin. -->","yoast_head_json":{"title":"Acheter Shuffleboard American Heritage Quest - The World Billiards","description":"Le Quest pr\u00e9sente une esth\u00e9tique de rivet industrielle et modernis\u00e9e et des pieds de tra\u00eeneau en m\u00e9tal structurel. Ce jeu de palets comprend un terrain de jeu populaire avec des ajusteurs climatiques, des mat\u00e9riaux hybrides en m\u00e9tal et en bois et un syst\u00e8me de notation boulier. Disponible dans les options de finition Glacier et Navajo.  Dimensions 12\u2032: \u00a0151.5\u201d x 33\u201d x 32.75\u201d(384,81 x 83,82 x 83,19 cm) 14\u2032: 175.5\u201d x 33\u201d x 32.75\u201d (445,77 x 83,82 x 83,19 cm)","robots":{"index":"index","follow":"follow","max-snippet":"max-snippet:-1","max-image-preview":"max-image-preview:large","max-video-preview":"max-video-preview:-1"},"canonical":"https:\/\/theworldbilliards.com\/fr\/produit\/shuffleboard-american-heritage-quest\/","og_locale":"fr_FR","og_type":"article","og_title":"Acheter Shuffleboard American Heritage Quest - The World Billiards","og_description":"Le Quest pr\u00e9sente une esth\u00e9tique de rivet industrielle et modernis\u00e9e et des pieds de tra\u00eeneau en m\u00e9tal structurel. Ce jeu de palets comprend un terrain de jeu populaire avec des ajusteurs climatiques, des mat\u00e9riaux hybrides en m\u00e9tal et en bois et un syst\u00e8me de notation boulier. Disponible dans les options de finition Glacier et Navajo.  Dimensions 12\u2032: \u00a0151.5\u201d x 33\u201d x 32.75\u201d(384,81 x 83,82 x 83,19 cm) 14\u2032: 175.5\u201d x 33\u201d x 32.75\u201d (445,77 x 83,82 x 83,19 cm)","og_url":"https:\/\/theworldbilliards.com\/fr\/produit\/shuffleboard-american-heritage-quest\/","og_site_name":"The World Billiards","article_publisher":"https:\/\/www.facebook.com\/baby.foot.superbes","article_modified_time":"2024-07-15T11:50:46+00:00","og_image":[{"width":944,"height":943,"url":"https:\/\/theworldbilliards.com\/wp-content\/uploads\/2024\/07\/Sufl-AH-Quest-Glacier.jpg","type":"image\/jpeg"}],"twitter_card":"summary_large_image","schema":{"@context":"https:\/\/schema.org","@graph":[{"@type":"WebPage","@id":"https:\/\/theworldbilliards.com\/fr\/produit\/shuffleboard-american-heritage-quest\/","url":"https:\/\/theworldbilliards.com\/fr\/produit\/shuffleboard-american-heritage-quest\/","name":"Acheter Shuffleboard American Heritage Quest - The World Billiards","isPartOf":{"@id":"https:\/\/theworldbilliards.com\/fr\/#website"},"primaryImageOfPage":{"@id":"https:\/\/theworldbilliards.com\/fr\/produit\/shuffleboard-american-heritage-quest\/#primaryimage"},"image":{"@id":"https:\/\/theworldbilliards.com\/fr\/produit\/shuffleboard-american-heritage-quest\/#primaryimage"},"thumbnailUrl":"https:\/\/theworldbilliards.com\/wp-content\/uploads\/2024\/07\/Sufl-AH-Quest-Glacier.jpg","datePublished":"2024-07-15T10:25:19+00:00","dateModified":"2024-07-15T11:50:46+00:00","description":"Le Quest pr\u00e9sente une esth\u00e9tique de rivet industrielle et modernis\u00e9e et des pieds de tra\u00eeneau en m\u00e9tal structurel. Ce jeu de palets comprend un terrain de jeu populaire avec des ajusteurs climatiques, des mat\u00e9riaux hybrides en m\u00e9tal et en bois et un syst\u00e8me de notation boulier. Disponible dans les options de finition Glacier et Navajo. Dimensions 12\u2032: \u00a0151.5\u201d x 33\u201d x 32.75\u201d(384,81 x 83,82 x 83,19 cm) 14\u2032: 175.5\u201d x 33\u201d x 32.75\u201d (445,77 x 83,82 x 83,19 cm)","breadcrumb":{"@id":"https:\/\/theworldbilliards.com\/fr\/produit\/shuffleboard-american-heritage-quest\/#breadcrumb"},"inLanguage":"fr-FR","potentialAction":[{"@type":"ReadAction","target":["https:\/\/theworldbilliards.com\/fr\/produit\/shuffleboard-american-heritage-quest\/"]}]},{"@type":"ImageObject","inLanguage":"fr-FR","@id":"https:\/\/theworldbilliards.com\/fr\/produit\/shuffleboard-american-heritage-quest\/#primaryimage","url":"https:\/\/theworldbilliards.com\/wp-content\/uploads\/2024\/07\/Sufl-AH-Quest-Glacier.jpg","contentUrl":"https:\/\/theworldbilliards.com\/wp-content\/uploads\/2024\/07\/Sufl-AH-Quest-Glacier.jpg","width":944,"height":943},{"@type":"BreadcrumbList","@id":"https:\/\/theworldbilliards.com\/fr\/produit\/shuffleboard-american-heritage-quest\/#breadcrumb","itemListElement":[{"@type":"ListItem","position":1,"name":"In\u00edcio","item":"https:\/\/theworldbilliards.com\/fr\/"},{"@type":"ListItem","position":2,"name":"Boutique en ligne","item":"https:\/\/theworldbilliards.com\/fr\/boutique-theworldbilliards\/"},{"@type":"ListItem","position":3,"name":"Shuffleboard American Heritage Quest"}]},{"@type":"WebSite","@id":"https:\/\/theworldbilliards.com\/fr\/#website","url":"https:\/\/theworldbilliards.com\/fr\/","name":"TheWorldBilliards","description":"Achetez ici billard, baby-foot, ping-pong et bowling","publisher":{"@id":"https:\/\/theworldbilliards.com\/fr\/#organization"},"alternateName":"The world billiards","potentialAction":[{"@type":"SearchAction","target":{"@type":"EntryPoint","urlTemplate":"https:\/\/theworldbilliards.com\/fr\/?s={search_term_string}"},"query-input":{"@type":"PropertyValueSpecification","valueRequired":true,"valueName":"search_term_string"}}],"inLanguage":"fr-FR"},{"@type":"Organization","@id":"https:\/\/theworldbilliards.com\/fr\/#organization","name":"The World Billiards","alternateName":"The World Billiards","url":"https:\/\/theworldbilliards.com\/fr\/","logo":{"@type":"ImageObject","inLanguage":"fr-FR","@id":"https:\/\/theworldbilliards.com\/fr\/#\/schema\/logo\/image\/","url":"","contentUrl":"","caption":"The World Billiards"},"image":{"@id":"https:\/\/theworldbilliards.com\/fr\/#\/schema\/logo\/image\/"},"sameAs":["https:\/\/www.facebook.com\/baby.foot.superbes","https:\/\/www.youtube.com\/channel\/UCIMuOVAaUcH6UpZcsZlH0Tg","https:\/\/www.facebook.com\/people\/Brunswick-Billiards-EspaaPortugal\/100066446264309\/","https:\/\/www.instagram.com\/the_world_billiards\/","https:\/\/www.pinterest.es\/Theworldbilliards\/"]}]}},"_links":{"self":[{"href":"https:\/\/theworldbilliards.com\/fr\/wp-json\/wp\/v2\/product\/104307","targetHints":{"allow":["GET"]}}],"collection":[{"href":"https:\/\/theworldbilliards.com\/fr\/wp-json\/wp\/v2\/product"}],"about":[{"href":"https:\/\/theworldbilliards.com\/fr\/wp-json\/wp\/v2\/types\/product"}],"wp:featuredmedia":[{"embeddable":true,"href":"https:\/\/theworldbilliards.com\/fr\/wp-json\/wp\/v2\/media\/104312"}],"wp:attachment":[{"href":"https:\/\/theworldbilliards.com\/fr\/wp-json\/wp\/v2\/media?parent=104307"}],"wp:term":[{"taxonomy":"product_brand","embeddable":true,"href":"https:\/\/theworldbilliards.com\/fr\/wp-json\/wp\/v2\/product_brand?post=104307"},{"taxonomy":"product_cat","embeddable":true,"href":"https:\/\/theworldbilliards.com\/fr\/wp-json\/wp\/v2\/product_cat?post=104307"},{"taxonomy":"product_tag","embeddable":true,"href":"https:\/\/theworldbilliards.com\/fr\/wp-json\/wp\/v2\/product_tag?post=104307"}],"curies":[{"name":"wp","href":"https:\/\/api.w.org\/{rel}","templated":true}]}}