{"id":104511,"date":"2024-07-17T12:18:31","date_gmt":"2024-07-17T10:18:31","guid":{"rendered":"https:\/\/theworldbilliards.com\/?post_type=product&#038;p=104511"},"modified":"2026-04-06T13:47:05","modified_gmt":"2026-04-06T11:47:05","slug":"shuffleboard-american-heritage-bristol","status":"publish","type":"product","link":"https:\/\/theworldbilliards.com\/fr\/produit\/shuffleboard-american-heritage-bristol\/","title":{"rendered":"Shuffleboard American Heritage Bristol"},"content":{"rendered":"<p>Le jeu de palets Bristol est un design rustique raffin\u00e9 qui compl\u00e8te naturellement la d\u00e9coration de la maison avec son charme unique. Ce jeu de palets comprend un terrain de jeu populaire avec des ajusteurs climatiques, un style solide avec une finition riche et un syst\u00e8me de notation boulier. Disponible dans les options de finition Harvest<\/p>\n<p>Dimensions<br \/>\n14\u2032: 170.5\u201d x 32\u201d x 33\u201d (433,07 x 81,28 x 83,82 cm)<\/p>\n","protected":false},"excerpt":{"rendered":"<p><strong>Accessoires inclus<\/strong><br \/>\n\u2022 Rondelles<br \/>\n\u2022 Syst\u00e8me de notation de boulier<br \/>\n\u2022 Brosse<br \/>\n\u2022 Housse<\/p>\n","protected":false},"featured_media":104516,"template":"","meta":{"site-sidebar-layout":"default","site-content-layout":"","ast-site-content-layout":"default","site-content-style":"default","site-sidebar-style":"default","ast-global-header-display":"","ast-banner-title-visibility":"","ast-main-header-display":"","ast-hfb-above-header-display":"","ast-hfb-below-header-display":"","ast-hfb-mobile-header-display":"","site-post-title":"","ast-breadcrumbs-content":"","ast-featured-img":"","footer-sml-layout":"","ast-disable-related-posts":"","theme-transparent-header-meta":"default","adv-header-id-meta":"","stick-header-meta":"","header-above-stick-meta":"","header-main-stick-meta":"","header-below-stick-meta":"","astra-migrate-meta-layouts":"default","ast-page-background-enabled":"default","ast-page-background-meta":{"desktop":{"background-color":"var(--ast-global-color-4)","background-image":"","background-repeat":"repeat","background-position":"center center","background-size":"auto","background-attachment":"scroll","background-type":"","background-media":"","overlay-type":"","overlay-color":"","overlay-opacity":"","overlay-gradient":""},"tablet":{"background-color":"","background-image":"","background-repeat":"repeat","background-position":"center center","background-size":"auto","background-attachment":"scroll","background-type":"","background-media":"","overlay-type":"","overlay-color":"","overlay-opacity":"","overlay-gradient":""},"mobile":{"background-color":"","background-image":"","background-repeat":"repeat","background-position":"center center","background-size":"auto","background-attachment":"scroll","background-type":"","background-media":"","overlay-type":"","overlay-color":"","overlay-opacity":"","overlay-gradient":""}},"ast-content-background-meta":{"desktop":{"background-color":"var(--ast-global-color-5)","background-image":"","background-repeat":"repeat","background-position":"center center","background-size":"auto","background-attachment":"scroll","background-type":"","background-media":"","overlay-type":"","overlay-color":"","overlay-opacity":"","overlay-gradient":""},"tablet":{"background-color":"var(--ast-global-color-5)","background-image":"","background-repeat":"repeat","background-position":"center center","background-size":"auto","background-attachment":"scroll","background-type":"","background-media":"","overlay-type":"","overlay-color":"","overlay-opacity":"","overlay-gradient":""},"mobile":{"background-color":"var(--ast-global-color-5)","background-image":"","background-repeat":"repeat","background-position":"center center","background-size":"auto","background-attachment":"scroll","background-type":"","background-media":"","overlay-type":"","overlay-color":"","overlay-opacity":"","overlay-gradient":""}}},"product_brand":[5210],"product_cat":[4334],"product_tag":[],"class_list":{"0":"post-104511","1":"product","2":"type-product","3":"status-publish","4":"has-post-thumbnail","6":"product_brand-american-heritage-billiards-fr","7":"product_cat-shuffleboard-fr","8":"product_shipping_class-grand-air-hockey","9":"desktop-align-center","10":"tablet-align-left","11":"mobile-align-left","13":"first","14":"onbackorder","15":"taxable","16":"shipping-taxable","17":"purchasable","18":"product-type-simple"},"yoast_head":"<!-- This site is optimized with the Yoast SEO plugin v27.4 - https:\/\/yoast.com\/product\/yoast-seo-wordpress\/ -->\n<title>Acheter Shuffleboard American Heritage Bristol - The World Billiards<\/title>\n<meta name=\"description\" content=\"Le jeu de palets Bristol est un design rustique raffin\u00e9 qui compl\u00e8te naturellement la d\u00e9coration de la maison avec son charme unique. Ce jeu de palets comprend un terrain de jeu populaire avec des ajusteurs climatiques, un style solide avec une finition riche et un syst\u00e8me de notation boulier. Disponible dans les options de finition Harvest  Dimensions 14\u2032: 170.5\u201d x 32\u201d x 33\u201d (433,07 x 81,28 x 83,82 cm)\" \/>\n<meta name=\"robots\" content=\"index, follow, max-snippet:-1, max-image-preview:large, max-video-preview:-1\" \/>\n<link rel=\"canonical\" href=\"https:\/\/theworldbilliards.com\/fr\/produit\/shuffleboard-american-heritage-bristol\/\" \/>\n<meta property=\"og:locale\" content=\"fr_FR\" \/>\n<meta property=\"og:type\" content=\"article\" \/>\n<meta property=\"og:title\" content=\"Acheter Shuffleboard American Heritage Bristol - The World Billiards\" \/>\n<meta property=\"og:description\" content=\"Le jeu de palets Bristol est un design rustique raffin\u00e9 qui compl\u00e8te naturellement la d\u00e9coration de la maison avec son charme unique. Ce jeu de palets comprend un terrain de jeu populaire avec des ajusteurs climatiques, un style solide avec une finition riche et un syst\u00e8me de notation boulier. Disponible dans les options de finition Harvest  Dimensions 14\u2032: 170.5\u201d x 32\u201d x 33\u201d (433,07 x 81,28 x 83,82 cm)\" \/>\n<meta property=\"og:url\" content=\"https:\/\/theworldbilliards.com\/fr\/produit\/shuffleboard-american-heritage-bristol\/\" \/>\n<meta property=\"og:site_name\" content=\"The World Billiards\" \/>\n<meta property=\"article:publisher\" content=\"https:\/\/www.facebook.com\/baby.foot.superbes\" \/>\n<meta property=\"article:modified_time\" content=\"2026-04-06T11:47:05+00:00\" \/>\n<meta property=\"og:image\" content=\"https:\/\/theworldbilliards.com\/wp-content\/uploads\/2024\/07\/Shuf-AH-Bristol-Harvest.jpg\" \/>\n\t<meta property=\"og:image:width\" content=\"874\" \/>\n\t<meta property=\"og:image:height\" content=\"874\" \/>\n\t<meta property=\"og:image:type\" content=\"image\/jpeg\" \/>\n<meta name=\"twitter:card\" content=\"summary_large_image\" \/>\n<script type=\"application\/ld+json\" class=\"yoast-schema-graph\">{\"@context\":\"https:\\\/\\\/schema.org\",\"@graph\":[{\"@type\":\"WebPage\",\"@id\":\"https:\\\/\\\/theworldbilliards.com\\\/fr\\\/produit\\\/shuffleboard-american-heritage-bristol\\\/\",\"url\":\"https:\\\/\\\/theworldbilliards.com\\\/fr\\\/produit\\\/shuffleboard-american-heritage-bristol\\\/\",\"name\":\"Acheter Shuffleboard American Heritage Bristol - The World Billiards\",\"isPartOf\":{\"@id\":\"https:\\\/\\\/theworldbilliards.com\\\/fr\\\/#website\"},\"primaryImageOfPage\":{\"@id\":\"https:\\\/\\\/theworldbilliards.com\\\/fr\\\/produit\\\/shuffleboard-american-heritage-bristol\\\/#primaryimage\"},\"image\":{\"@id\":\"https:\\\/\\\/theworldbilliards.com\\\/fr\\\/produit\\\/shuffleboard-american-heritage-bristol\\\/#primaryimage\"},\"thumbnailUrl\":\"https:\\\/\\\/theworldbilliards.com\\\/wp-content\\\/uploads\\\/2024\\\/07\\\/Shuf-AH-Bristol-Harvest.jpg\",\"datePublished\":\"2024-07-17T10:18:31+00:00\",\"dateModified\":\"2026-04-06T11:47:05+00:00\",\"description\":\"Le jeu de palets Bristol est un design rustique raffin\u00e9 qui compl\u00e8te naturellement la d\u00e9coration de la maison avec son charme unique. Ce jeu de palets comprend un terrain de jeu populaire avec des ajusteurs climatiques, un style solide avec une finition riche et un syst\u00e8me de notation boulier. Disponible dans les options de finition Harvest Dimensions 14\u2032: 170.5\u201d x 32\u201d x 33\u201d (433,07 x 81,28 x 83,82 cm)\",\"breadcrumb\":{\"@id\":\"https:\\\/\\\/theworldbilliards.com\\\/fr\\\/produit\\\/shuffleboard-american-heritage-bristol\\\/#breadcrumb\"},\"inLanguage\":\"fr-FR\",\"potentialAction\":[{\"@type\":\"ReadAction\",\"target\":[\"https:\\\/\\\/theworldbilliards.com\\\/fr\\\/produit\\\/shuffleboard-american-heritage-bristol\\\/\"]}]},{\"@type\":\"ImageObject\",\"inLanguage\":\"fr-FR\",\"@id\":\"https:\\\/\\\/theworldbilliards.com\\\/fr\\\/produit\\\/shuffleboard-american-heritage-bristol\\\/#primaryimage\",\"url\":\"https:\\\/\\\/theworldbilliards.com\\\/wp-content\\\/uploads\\\/2024\\\/07\\\/Shuf-AH-Bristol-Harvest.jpg\",\"contentUrl\":\"https:\\\/\\\/theworldbilliards.com\\\/wp-content\\\/uploads\\\/2024\\\/07\\\/Shuf-AH-Bristol-Harvest.jpg\",\"width\":874,\"height\":874},{\"@type\":\"BreadcrumbList\",\"@id\":\"https:\\\/\\\/theworldbilliards.com\\\/fr\\\/produit\\\/shuffleboard-american-heritage-bristol\\\/#breadcrumb\",\"itemListElement\":[{\"@type\":\"ListItem\",\"position\":1,\"name\":\"In\u00edcio\",\"item\":\"https:\\\/\\\/theworldbilliards.com\\\/fr\\\/\"},{\"@type\":\"ListItem\",\"position\":2,\"name\":\"Boutique en ligne\",\"item\":\"https:\\\/\\\/theworldbilliards.com\\\/fr\\\/boutique-theworldbilliards\\\/\"},{\"@type\":\"ListItem\",\"position\":3,\"name\":\"Shuffleboard American Heritage Bristol\"}]},{\"@type\":\"WebSite\",\"@id\":\"https:\\\/\\\/theworldbilliards.com\\\/fr\\\/#website\",\"url\":\"https:\\\/\\\/theworldbilliards.com\\\/fr\\\/\",\"name\":\"TheWorldBilliards\",\"description\":\"Achetez ici billard, baby-foot, ping-pong et bowling\",\"publisher\":{\"@id\":\"https:\\\/\\\/theworldbilliards.com\\\/fr\\\/#organization\"},\"alternateName\":\"The world billiards\",\"potentialAction\":[{\"@type\":\"SearchAction\",\"target\":{\"@type\":\"EntryPoint\",\"urlTemplate\":\"https:\\\/\\\/theworldbilliards.com\\\/fr\\\/?s={search_term_string}\"},\"query-input\":{\"@type\":\"PropertyValueSpecification\",\"valueRequired\":true,\"valueName\":\"search_term_string\"}}],\"inLanguage\":\"fr-FR\"},{\"@type\":\"Organization\",\"@id\":\"https:\\\/\\\/theworldbilliards.com\\\/fr\\\/#organization\",\"name\":\"The World Billiards\",\"alternateName\":\"The World Billiards\",\"url\":\"https:\\\/\\\/theworldbilliards.com\\\/fr\\\/\",\"logo\":{\"@type\":\"ImageObject\",\"inLanguage\":\"fr-FR\",\"@id\":\"https:\\\/\\\/theworldbilliards.com\\\/fr\\\/#\\\/schema\\\/logo\\\/image\\\/\",\"url\":\"\",\"contentUrl\":\"\",\"caption\":\"The World Billiards\"},\"image\":{\"@id\":\"https:\\\/\\\/theworldbilliards.com\\\/fr\\\/#\\\/schema\\\/logo\\\/image\\\/\"},\"sameAs\":[\"https:\\\/\\\/www.facebook.com\\\/baby.foot.superbes\",\"https:\\\/\\\/www.youtube.com\\\/channel\\\/UCIMuOVAaUcH6UpZcsZlH0Tg\",\"https:\\\/\\\/www.facebook.com\\\/people\\\/Brunswick-Billiards-EspaaPortugal\\\/100066446264309\\\/\",\"https:\\\/\\\/www.instagram.com\\\/the_world_billiards\\\/\",\"https:\\\/\\\/www.pinterest.es\\\/Theworldbilliards\\\/\"]}]}<\/script>\n<!-- \/ Yoast SEO plugin. -->","yoast_head_json":{"title":"Acheter Shuffleboard American Heritage Bristol - The World Billiards","description":"Le jeu de palets Bristol est un design rustique raffin\u00e9 qui compl\u00e8te naturellement la d\u00e9coration de la maison avec son charme unique. Ce jeu de palets comprend un terrain de jeu populaire avec des ajusteurs climatiques, un style solide avec une finition riche et un syst\u00e8me de notation boulier. Disponible dans les options de finition Harvest  Dimensions 14\u2032: 170.5\u201d x 32\u201d x 33\u201d (433,07 x 81,28 x 83,82 cm)","robots":{"index":"index","follow":"follow","max-snippet":"max-snippet:-1","max-image-preview":"max-image-preview:large","max-video-preview":"max-video-preview:-1"},"canonical":"https:\/\/theworldbilliards.com\/fr\/produit\/shuffleboard-american-heritage-bristol\/","og_locale":"fr_FR","og_type":"article","og_title":"Acheter Shuffleboard American Heritage Bristol - The World Billiards","og_description":"Le jeu de palets Bristol est un design rustique raffin\u00e9 qui compl\u00e8te naturellement la d\u00e9coration de la maison avec son charme unique. Ce jeu de palets comprend un terrain de jeu populaire avec des ajusteurs climatiques, un style solide avec une finition riche et un syst\u00e8me de notation boulier. Disponible dans les options de finition Harvest  Dimensions 14\u2032: 170.5\u201d x 32\u201d x 33\u201d (433,07 x 81,28 x 83,82 cm)","og_url":"https:\/\/theworldbilliards.com\/fr\/produit\/shuffleboard-american-heritage-bristol\/","og_site_name":"The World Billiards","article_publisher":"https:\/\/www.facebook.com\/baby.foot.superbes","article_modified_time":"2026-04-06T11:47:05+00:00","og_image":[{"width":874,"height":874,"url":"https:\/\/theworldbilliards.com\/wp-content\/uploads\/2024\/07\/Shuf-AH-Bristol-Harvest.jpg","type":"image\/jpeg"}],"twitter_card":"summary_large_image","schema":{"@context":"https:\/\/schema.org","@graph":[{"@type":"WebPage","@id":"https:\/\/theworldbilliards.com\/fr\/produit\/shuffleboard-american-heritage-bristol\/","url":"https:\/\/theworldbilliards.com\/fr\/produit\/shuffleboard-american-heritage-bristol\/","name":"Acheter Shuffleboard American Heritage Bristol - The World Billiards","isPartOf":{"@id":"https:\/\/theworldbilliards.com\/fr\/#website"},"primaryImageOfPage":{"@id":"https:\/\/theworldbilliards.com\/fr\/produit\/shuffleboard-american-heritage-bristol\/#primaryimage"},"image":{"@id":"https:\/\/theworldbilliards.com\/fr\/produit\/shuffleboard-american-heritage-bristol\/#primaryimage"},"thumbnailUrl":"https:\/\/theworldbilliards.com\/wp-content\/uploads\/2024\/07\/Shuf-AH-Bristol-Harvest.jpg","datePublished":"2024-07-17T10:18:31+00:00","dateModified":"2026-04-06T11:47:05+00:00","description":"Le jeu de palets Bristol est un design rustique raffin\u00e9 qui compl\u00e8te naturellement la d\u00e9coration de la maison avec son charme unique. Ce jeu de palets comprend un terrain de jeu populaire avec des ajusteurs climatiques, un style solide avec une finition riche et un syst\u00e8me de notation boulier. Disponible dans les options de finition Harvest Dimensions 14\u2032: 170.5\u201d x 32\u201d x 33\u201d (433,07 x 81,28 x 83,82 cm)","breadcrumb":{"@id":"https:\/\/theworldbilliards.com\/fr\/produit\/shuffleboard-american-heritage-bristol\/#breadcrumb"},"inLanguage":"fr-FR","potentialAction":[{"@type":"ReadAction","target":["https:\/\/theworldbilliards.com\/fr\/produit\/shuffleboard-american-heritage-bristol\/"]}]},{"@type":"ImageObject","inLanguage":"fr-FR","@id":"https:\/\/theworldbilliards.com\/fr\/produit\/shuffleboard-american-heritage-bristol\/#primaryimage","url":"https:\/\/theworldbilliards.com\/wp-content\/uploads\/2024\/07\/Shuf-AH-Bristol-Harvest.jpg","contentUrl":"https:\/\/theworldbilliards.com\/wp-content\/uploads\/2024\/07\/Shuf-AH-Bristol-Harvest.jpg","width":874,"height":874},{"@type":"BreadcrumbList","@id":"https:\/\/theworldbilliards.com\/fr\/produit\/shuffleboard-american-heritage-bristol\/#breadcrumb","itemListElement":[{"@type":"ListItem","position":1,"name":"In\u00edcio","item":"https:\/\/theworldbilliards.com\/fr\/"},{"@type":"ListItem","position":2,"name":"Boutique en ligne","item":"https:\/\/theworldbilliards.com\/fr\/boutique-theworldbilliards\/"},{"@type":"ListItem","position":3,"name":"Shuffleboard American Heritage Bristol"}]},{"@type":"WebSite","@id":"https:\/\/theworldbilliards.com\/fr\/#website","url":"https:\/\/theworldbilliards.com\/fr\/","name":"TheWorldBilliards","description":"Achetez ici billard, baby-foot, ping-pong et bowling","publisher":{"@id":"https:\/\/theworldbilliards.com\/fr\/#organization"},"alternateName":"The world billiards","potentialAction":[{"@type":"SearchAction","target":{"@type":"EntryPoint","urlTemplate":"https:\/\/theworldbilliards.com\/fr\/?s={search_term_string}"},"query-input":{"@type":"PropertyValueSpecification","valueRequired":true,"valueName":"search_term_string"}}],"inLanguage":"fr-FR"},{"@type":"Organization","@id":"https:\/\/theworldbilliards.com\/fr\/#organization","name":"The World Billiards","alternateName":"The World Billiards","url":"https:\/\/theworldbilliards.com\/fr\/","logo":{"@type":"ImageObject","inLanguage":"fr-FR","@id":"https:\/\/theworldbilliards.com\/fr\/#\/schema\/logo\/image\/","url":"","contentUrl":"","caption":"The World Billiards"},"image":{"@id":"https:\/\/theworldbilliards.com\/fr\/#\/schema\/logo\/image\/"},"sameAs":["https:\/\/www.facebook.com\/baby.foot.superbes","https:\/\/www.youtube.com\/channel\/UCIMuOVAaUcH6UpZcsZlH0Tg","https:\/\/www.facebook.com\/people\/Brunswick-Billiards-EspaaPortugal\/100066446264309\/","https:\/\/www.instagram.com\/the_world_billiards\/","https:\/\/www.pinterest.es\/Theworldbilliards\/"]}]}},"_links":{"self":[{"href":"https:\/\/theworldbilliards.com\/fr\/wp-json\/wp\/v2\/product\/104511","targetHints":{"allow":["GET"]}}],"collection":[{"href":"https:\/\/theworldbilliards.com\/fr\/wp-json\/wp\/v2\/product"}],"about":[{"href":"https:\/\/theworldbilliards.com\/fr\/wp-json\/wp\/v2\/types\/product"}],"wp:featuredmedia":[{"embeddable":true,"href":"https:\/\/theworldbilliards.com\/fr\/wp-json\/wp\/v2\/media\/104516"}],"wp:attachment":[{"href":"https:\/\/theworldbilliards.com\/fr\/wp-json\/wp\/v2\/media?parent=104511"}],"wp:term":[{"taxonomy":"product_brand","embeddable":true,"href":"https:\/\/theworldbilliards.com\/fr\/wp-json\/wp\/v2\/product_brand?post=104511"},{"taxonomy":"product_cat","embeddable":true,"href":"https:\/\/theworldbilliards.com\/fr\/wp-json\/wp\/v2\/product_cat?post=104511"},{"taxonomy":"product_tag","embeddable":true,"href":"https:\/\/theworldbilliards.com\/fr\/wp-json\/wp\/v2\/product_tag?post=104511"}],"curies":[{"name":"wp","href":"https:\/\/api.w.org\/{rel}","templated":true}]}}