{"id":104629,"date":"2024-07-22T11:48:48","date_gmt":"2024-07-22T09:48:48","guid":{"rendered":"https:\/\/theworldbilliards.com\/?post_type=product&#038;p=104629"},"modified":"2025-05-27T13:45:53","modified_gmt":"2025-05-27T11:45:53","slug":"air-hockey-brunswick-v-force-2-0","status":"publish","type":"product","link":"https:\/\/theworldbilliards.com\/fr\/produit\/air-hockey-brunswick-v-force-2-0\/","title":{"rendered":"Air Hockey Brunswick  V-Force 2.0"},"content":{"rendered":"<p>Table de performance en Air Hockey\u00ae depuis que Brunswick a invent\u00e9 le jeu il y a plus de 30 ans, la table V-Force 2.0 est dot\u00e9e de deux marqueurs boulier et d&rsquo;une vitesse de jeu exceptionnelle.<br \/>\nLes rails en aluminium avec coins m\u00e9talliques thermolaqu\u00e9s acc\u00e9l\u00e8rent l&rsquo;action. La \u00ab glace \u00bb super lisse et r\u00e9sistante aux \u00e9raflures aide \u00e0 garder la table nette m\u00eame apr\u00e8s des heures de comp\u00e9tition intense.<\/p>\n<p>TAILLE<br \/>\nDimensions (L x l x H) 85.5&Prime; x 43.5 x 30&Prime; (217.2 x 110.5 x 76.2 cm)<\/p>\n","protected":false},"excerpt":{"rendered":"<p><strong>Accessoires inclus<\/strong><br \/>\n\u2022 2 maillets noirs<br \/>\n\u2022 4 rondelles<\/p>\n","protected":false},"featured_media":104633,"template":"","meta":{"site-sidebar-layout":"default","site-content-layout":"","ast-site-content-layout":"default","site-content-style":"default","site-sidebar-style":"default","ast-global-header-display":"","ast-banner-title-visibility":"","ast-main-header-display":"","ast-hfb-above-header-display":"","ast-hfb-below-header-display":"","ast-hfb-mobile-header-display":"","site-post-title":"","ast-breadcrumbs-content":"","ast-featured-img":"","footer-sml-layout":"","ast-disable-related-posts":"","theme-transparent-header-meta":"default","adv-header-id-meta":"","stick-header-meta":"","header-above-stick-meta":"","header-main-stick-meta":"","header-below-stick-meta":"","astra-migrate-meta-layouts":"default","ast-page-background-enabled":"default","ast-page-background-meta":{"desktop":{"background-color":"var(--ast-global-color-4)","background-image":"","background-repeat":"repeat","background-position":"center center","background-size":"auto","background-attachment":"scroll","background-type":"","background-media":"","overlay-type":"","overlay-color":"","overlay-opacity":"","overlay-gradient":""},"tablet":{"background-color":"","background-image":"","background-repeat":"repeat","background-position":"center center","background-size":"auto","background-attachment":"scroll","background-type":"","background-media":"","overlay-type":"","overlay-color":"","overlay-opacity":"","overlay-gradient":""},"mobile":{"background-color":"","background-image":"","background-repeat":"repeat","background-position":"center center","background-size":"auto","background-attachment":"scroll","background-type":"","background-media":"","overlay-type":"","overlay-color":"","overlay-opacity":"","overlay-gradient":""}},"ast-content-background-meta":{"desktop":{"background-color":"var(--ast-global-color-5)","background-image":"","background-repeat":"repeat","background-position":"center center","background-size":"auto","background-attachment":"scroll","background-type":"","background-media":"","overlay-type":"","overlay-color":"","overlay-opacity":"","overlay-gradient":""},"tablet":{"background-color":"var(--ast-global-color-5)","background-image":"","background-repeat":"repeat","background-position":"center center","background-size":"auto","background-attachment":"scroll","background-type":"","background-media":"","overlay-type":"","overlay-color":"","overlay-opacity":"","overlay-gradient":""},"mobile":{"background-color":"var(--ast-global-color-5)","background-image":"","background-repeat":"repeat","background-position":"center center","background-size":"auto","background-attachment":"scroll","background-type":"","background-media":"","overlay-type":"","overlay-color":"","overlay-opacity":"","overlay-gradient":""}}},"product_brand":[5198],"product_cat":[1219],"product_tag":[],"class_list":{"0":"post-104629","1":"product","2":"type-product","3":"status-publish","4":"has-post-thumbnail","6":"product_brand-brunswick-billiards-fr","7":"product_cat-air-hockey-fr","8":"product_shipping_class-air-hockey-fr","9":"desktop-align-center","10":"tablet-align-left","11":"mobile-align-left","13":"first","14":"onbackorder","15":"taxable","16":"shipping-taxable","17":"purchasable","18":"product-type-simple"},"yoast_head":"<!-- This site is optimized with the Yoast SEO plugin v27.4 - https:\/\/yoast.com\/product\/yoast-seo-wordpress\/ -->\n<title>Acheter Air Hockey Brunswick V-Force 2.0 - The World Billiards<\/title>\n<meta name=\"description\" content=\"Table de performance en Air Hockey\u00ae depuis que Brunswick a invent\u00e9 le jeu il y a plus de 30 ans, la table V-Force 2.0 est dot\u00e9e de deux marqueurs boulier et d&#039;une vitesse de jeu exceptionnelle. Les rails en aluminium avec coins m\u00e9talliques thermolaqu\u00e9s acc\u00e9l\u00e8rent l&#039;action. La \u00ab glace \u00bb super lisse et r\u00e9sistante aux \u00e9raflures aide \u00e0 garder la table nette m\u00eame apr\u00e8s des heures de comp\u00e9tition intense.  TAILLE Dimensions (L x l x H) 85.5&quot; x 43.5 x 30&quot; (217.2 x 110.5 x 76.2 cm)\" \/>\n<meta name=\"robots\" content=\"index, follow, max-snippet:-1, max-image-preview:large, max-video-preview:-1\" \/>\n<link rel=\"canonical\" href=\"https:\/\/theworldbilliards.com\/fr\/produit\/air-hockey-brunswick-v-force-2-0\/\" \/>\n<meta property=\"og:locale\" content=\"fr_FR\" \/>\n<meta property=\"og:type\" content=\"article\" \/>\n<meta property=\"og:title\" content=\"Acheter Air Hockey Brunswick V-Force 2.0 - The World Billiards\" \/>\n<meta property=\"og:description\" content=\"Table de performance en Air Hockey\u00ae depuis que Brunswick a invent\u00e9 le jeu il y a plus de 30 ans, la table V-Force 2.0 est dot\u00e9e de deux marqueurs boulier et d&#039;une vitesse de jeu exceptionnelle. Les rails en aluminium avec coins m\u00e9talliques thermolaqu\u00e9s acc\u00e9l\u00e8rent l&#039;action. La \u00ab glace \u00bb super lisse et r\u00e9sistante aux \u00e9raflures aide \u00e0 garder la table nette m\u00eame apr\u00e8s des heures de comp\u00e9tition intense.  TAILLE Dimensions (L x l x H) 85.5&quot; x 43.5 x 30&quot; (217.2 x 110.5 x 76.2 cm)\" \/>\n<meta property=\"og:url\" content=\"https:\/\/theworldbilliards.com\/fr\/produit\/air-hockey-brunswick-v-force-2-0\/\" \/>\n<meta property=\"og:site_name\" content=\"The World Billiards\" \/>\n<meta property=\"article:publisher\" content=\"https:\/\/www.facebook.com\/baby.foot.superbes\" \/>\n<meta property=\"article:modified_time\" content=\"2025-05-27T11:45:53+00:00\" \/>\n<meta property=\"og:image\" content=\"https:\/\/theworldbilliards.com\/wp-content\/uploads\/2024\/07\/VForce2.0_air_Hockey.jpg\" \/>\n\t<meta property=\"og:image:width\" content=\"914\" \/>\n\t<meta property=\"og:image:height\" content=\"914\" \/>\n\t<meta property=\"og:image:type\" content=\"image\/jpeg\" \/>\n<meta name=\"twitter:card\" content=\"summary_large_image\" \/>\n<meta name=\"twitter:label1\" content=\"Dur\u00e9e de lecture estim\u00e9e\" \/>\n\t<meta name=\"twitter:data1\" content=\"1 minute\" \/>\n<script type=\"application\/ld+json\" class=\"yoast-schema-graph\">{\"@context\":\"https:\\\/\\\/schema.org\",\"@graph\":[{\"@type\":\"WebPage\",\"@id\":\"https:\\\/\\\/theworldbilliards.com\\\/fr\\\/produit\\\/air-hockey-brunswick-v-force-2-0\\\/\",\"url\":\"https:\\\/\\\/theworldbilliards.com\\\/fr\\\/produit\\\/air-hockey-brunswick-v-force-2-0\\\/\",\"name\":\"Acheter Air Hockey Brunswick V-Force 2.0 - The World Billiards\",\"isPartOf\":{\"@id\":\"https:\\\/\\\/theworldbilliards.com\\\/fr\\\/#website\"},\"primaryImageOfPage\":{\"@id\":\"https:\\\/\\\/theworldbilliards.com\\\/fr\\\/produit\\\/air-hockey-brunswick-v-force-2-0\\\/#primaryimage\"},\"image\":{\"@id\":\"https:\\\/\\\/theworldbilliards.com\\\/fr\\\/produit\\\/air-hockey-brunswick-v-force-2-0\\\/#primaryimage\"},\"thumbnailUrl\":\"https:\\\/\\\/theworldbilliards.com\\\/wp-content\\\/uploads\\\/2024\\\/07\\\/VForce2.0_air_Hockey.jpg\",\"datePublished\":\"2024-07-22T09:48:48+00:00\",\"dateModified\":\"2025-05-27T11:45:53+00:00\",\"description\":\"Table de performance en Air Hockey\u00ae depuis que Brunswick a invent\u00e9 le jeu il y a plus de 30 ans, la table V-Force 2.0 est dot\u00e9e de deux marqueurs boulier et d'une vitesse de jeu exceptionnelle. Les rails en aluminium avec coins m\u00e9talliques thermolaqu\u00e9s acc\u00e9l\u00e8rent l'action. La \u00ab glace \u00bb super lisse et r\u00e9sistante aux \u00e9raflures aide \u00e0 garder la table nette m\u00eame apr\u00e8s des heures de comp\u00e9tition intense. TAILLE Dimensions (L x l x H) 85.5\\\" x 43.5 x 30\\\" (217.2 x 110.5 x 76.2 cm)\",\"breadcrumb\":{\"@id\":\"https:\\\/\\\/theworldbilliards.com\\\/fr\\\/produit\\\/air-hockey-brunswick-v-force-2-0\\\/#breadcrumb\"},\"inLanguage\":\"fr-FR\",\"potentialAction\":[{\"@type\":\"ReadAction\",\"target\":[\"https:\\\/\\\/theworldbilliards.com\\\/fr\\\/produit\\\/air-hockey-brunswick-v-force-2-0\\\/\"]}]},{\"@type\":\"ImageObject\",\"inLanguage\":\"fr-FR\",\"@id\":\"https:\\\/\\\/theworldbilliards.com\\\/fr\\\/produit\\\/air-hockey-brunswick-v-force-2-0\\\/#primaryimage\",\"url\":\"https:\\\/\\\/theworldbilliards.com\\\/wp-content\\\/uploads\\\/2024\\\/07\\\/VForce2.0_air_Hockey.jpg\",\"contentUrl\":\"https:\\\/\\\/theworldbilliards.com\\\/wp-content\\\/uploads\\\/2024\\\/07\\\/VForce2.0_air_Hockey.jpg\",\"width\":914,\"height\":914},{\"@type\":\"BreadcrumbList\",\"@id\":\"https:\\\/\\\/theworldbilliards.com\\\/fr\\\/produit\\\/air-hockey-brunswick-v-force-2-0\\\/#breadcrumb\",\"itemListElement\":[{\"@type\":\"ListItem\",\"position\":1,\"name\":\"In\u00edcio\",\"item\":\"https:\\\/\\\/theworldbilliards.com\\\/fr\\\/\"},{\"@type\":\"ListItem\",\"position\":2,\"name\":\"Boutique en ligne\",\"item\":\"https:\\\/\\\/theworldbilliards.com\\\/fr\\\/boutique-theworldbilliards\\\/\"},{\"@type\":\"ListItem\",\"position\":3,\"name\":\"Air Hockey Brunswick V-Force 2.0\"}]},{\"@type\":\"WebSite\",\"@id\":\"https:\\\/\\\/theworldbilliards.com\\\/fr\\\/#website\",\"url\":\"https:\\\/\\\/theworldbilliards.com\\\/fr\\\/\",\"name\":\"TheWorldBilliards\",\"description\":\"Achetez ici billard, baby-foot, ping-pong et bowling\",\"publisher\":{\"@id\":\"https:\\\/\\\/theworldbilliards.com\\\/fr\\\/#organization\"},\"alternateName\":\"The world billiards\",\"potentialAction\":[{\"@type\":\"SearchAction\",\"target\":{\"@type\":\"EntryPoint\",\"urlTemplate\":\"https:\\\/\\\/theworldbilliards.com\\\/fr\\\/?s={search_term_string}\"},\"query-input\":{\"@type\":\"PropertyValueSpecification\",\"valueRequired\":true,\"valueName\":\"search_term_string\"}}],\"inLanguage\":\"fr-FR\"},{\"@type\":\"Organization\",\"@id\":\"https:\\\/\\\/theworldbilliards.com\\\/fr\\\/#organization\",\"name\":\"The World Billiards\",\"alternateName\":\"The World Billiards\",\"url\":\"https:\\\/\\\/theworldbilliards.com\\\/fr\\\/\",\"logo\":{\"@type\":\"ImageObject\",\"inLanguage\":\"fr-FR\",\"@id\":\"https:\\\/\\\/theworldbilliards.com\\\/fr\\\/#\\\/schema\\\/logo\\\/image\\\/\",\"url\":\"\",\"contentUrl\":\"\",\"caption\":\"The World Billiards\"},\"image\":{\"@id\":\"https:\\\/\\\/theworldbilliards.com\\\/fr\\\/#\\\/schema\\\/logo\\\/image\\\/\"},\"sameAs\":[\"https:\\\/\\\/www.facebook.com\\\/baby.foot.superbes\",\"https:\\\/\\\/www.youtube.com\\\/channel\\\/UCIMuOVAaUcH6UpZcsZlH0Tg\",\"https:\\\/\\\/www.facebook.com\\\/people\\\/Brunswick-Billiards-EspaaPortugal\\\/100066446264309\\\/\",\"https:\\\/\\\/www.instagram.com\\\/the_world_billiards\\\/\",\"https:\\\/\\\/www.pinterest.es\\\/Theworldbilliards\\\/\"]}]}<\/script>\n<!-- \/ Yoast SEO plugin. -->","yoast_head_json":{"title":"Acheter Air Hockey Brunswick V-Force 2.0 - The World Billiards","description":"Table de performance en Air Hockey\u00ae depuis que Brunswick a invent\u00e9 le jeu il y a plus de 30 ans, la table V-Force 2.0 est dot\u00e9e de deux marqueurs boulier et d'une vitesse de jeu exceptionnelle. Les rails en aluminium avec coins m\u00e9talliques thermolaqu\u00e9s acc\u00e9l\u00e8rent l'action. La \u00ab glace \u00bb super lisse et r\u00e9sistante aux \u00e9raflures aide \u00e0 garder la table nette m\u00eame apr\u00e8s des heures de comp\u00e9tition intense.  TAILLE Dimensions (L x l x H) 85.5\" x 43.5 x 30\" (217.2 x 110.5 x 76.2 cm)","robots":{"index":"index","follow":"follow","max-snippet":"max-snippet:-1","max-image-preview":"max-image-preview:large","max-video-preview":"max-video-preview:-1"},"canonical":"https:\/\/theworldbilliards.com\/fr\/produit\/air-hockey-brunswick-v-force-2-0\/","og_locale":"fr_FR","og_type":"article","og_title":"Acheter Air Hockey Brunswick V-Force 2.0 - The World Billiards","og_description":"Table de performance en Air Hockey\u00ae depuis que Brunswick a invent\u00e9 le jeu il y a plus de 30 ans, la table V-Force 2.0 est dot\u00e9e de deux marqueurs boulier et d'une vitesse de jeu exceptionnelle. Les rails en aluminium avec coins m\u00e9talliques thermolaqu\u00e9s acc\u00e9l\u00e8rent l'action. La \u00ab glace \u00bb super lisse et r\u00e9sistante aux \u00e9raflures aide \u00e0 garder la table nette m\u00eame apr\u00e8s des heures de comp\u00e9tition intense.  TAILLE Dimensions (L x l x H) 85.5\" x 43.5 x 30\" (217.2 x 110.5 x 76.2 cm)","og_url":"https:\/\/theworldbilliards.com\/fr\/produit\/air-hockey-brunswick-v-force-2-0\/","og_site_name":"The World Billiards","article_publisher":"https:\/\/www.facebook.com\/baby.foot.superbes","article_modified_time":"2025-05-27T11:45:53+00:00","og_image":[{"width":914,"height":914,"url":"https:\/\/theworldbilliards.com\/wp-content\/uploads\/2024\/07\/VForce2.0_air_Hockey.jpg","type":"image\/jpeg"}],"twitter_card":"summary_large_image","twitter_misc":{"Dur\u00e9e de lecture estim\u00e9e":"1 minute"},"schema":{"@context":"https:\/\/schema.org","@graph":[{"@type":"WebPage","@id":"https:\/\/theworldbilliards.com\/fr\/produit\/air-hockey-brunswick-v-force-2-0\/","url":"https:\/\/theworldbilliards.com\/fr\/produit\/air-hockey-brunswick-v-force-2-0\/","name":"Acheter Air Hockey Brunswick V-Force 2.0 - The World Billiards","isPartOf":{"@id":"https:\/\/theworldbilliards.com\/fr\/#website"},"primaryImageOfPage":{"@id":"https:\/\/theworldbilliards.com\/fr\/produit\/air-hockey-brunswick-v-force-2-0\/#primaryimage"},"image":{"@id":"https:\/\/theworldbilliards.com\/fr\/produit\/air-hockey-brunswick-v-force-2-0\/#primaryimage"},"thumbnailUrl":"https:\/\/theworldbilliards.com\/wp-content\/uploads\/2024\/07\/VForce2.0_air_Hockey.jpg","datePublished":"2024-07-22T09:48:48+00:00","dateModified":"2025-05-27T11:45:53+00:00","description":"Table de performance en Air Hockey\u00ae depuis que Brunswick a invent\u00e9 le jeu il y a plus de 30 ans, la table V-Force 2.0 est dot\u00e9e de deux marqueurs boulier et d'une vitesse de jeu exceptionnelle. Les rails en aluminium avec coins m\u00e9talliques thermolaqu\u00e9s acc\u00e9l\u00e8rent l'action. La \u00ab glace \u00bb super lisse et r\u00e9sistante aux \u00e9raflures aide \u00e0 garder la table nette m\u00eame apr\u00e8s des heures de comp\u00e9tition intense. TAILLE Dimensions (L x l x H) 85.5\" x 43.5 x 30\" (217.2 x 110.5 x 76.2 cm)","breadcrumb":{"@id":"https:\/\/theworldbilliards.com\/fr\/produit\/air-hockey-brunswick-v-force-2-0\/#breadcrumb"},"inLanguage":"fr-FR","potentialAction":[{"@type":"ReadAction","target":["https:\/\/theworldbilliards.com\/fr\/produit\/air-hockey-brunswick-v-force-2-0\/"]}]},{"@type":"ImageObject","inLanguage":"fr-FR","@id":"https:\/\/theworldbilliards.com\/fr\/produit\/air-hockey-brunswick-v-force-2-0\/#primaryimage","url":"https:\/\/theworldbilliards.com\/wp-content\/uploads\/2024\/07\/VForce2.0_air_Hockey.jpg","contentUrl":"https:\/\/theworldbilliards.com\/wp-content\/uploads\/2024\/07\/VForce2.0_air_Hockey.jpg","width":914,"height":914},{"@type":"BreadcrumbList","@id":"https:\/\/theworldbilliards.com\/fr\/produit\/air-hockey-brunswick-v-force-2-0\/#breadcrumb","itemListElement":[{"@type":"ListItem","position":1,"name":"In\u00edcio","item":"https:\/\/theworldbilliards.com\/fr\/"},{"@type":"ListItem","position":2,"name":"Boutique en ligne","item":"https:\/\/theworldbilliards.com\/fr\/boutique-theworldbilliards\/"},{"@type":"ListItem","position":3,"name":"Air Hockey Brunswick V-Force 2.0"}]},{"@type":"WebSite","@id":"https:\/\/theworldbilliards.com\/fr\/#website","url":"https:\/\/theworldbilliards.com\/fr\/","name":"TheWorldBilliards","description":"Achetez ici billard, baby-foot, ping-pong et bowling","publisher":{"@id":"https:\/\/theworldbilliards.com\/fr\/#organization"},"alternateName":"The world billiards","potentialAction":[{"@type":"SearchAction","target":{"@type":"EntryPoint","urlTemplate":"https:\/\/theworldbilliards.com\/fr\/?s={search_term_string}"},"query-input":{"@type":"PropertyValueSpecification","valueRequired":true,"valueName":"search_term_string"}}],"inLanguage":"fr-FR"},{"@type":"Organization","@id":"https:\/\/theworldbilliards.com\/fr\/#organization","name":"The World Billiards","alternateName":"The World Billiards","url":"https:\/\/theworldbilliards.com\/fr\/","logo":{"@type":"ImageObject","inLanguage":"fr-FR","@id":"https:\/\/theworldbilliards.com\/fr\/#\/schema\/logo\/image\/","url":"","contentUrl":"","caption":"The World Billiards"},"image":{"@id":"https:\/\/theworldbilliards.com\/fr\/#\/schema\/logo\/image\/"},"sameAs":["https:\/\/www.facebook.com\/baby.foot.superbes","https:\/\/www.youtube.com\/channel\/UCIMuOVAaUcH6UpZcsZlH0Tg","https:\/\/www.facebook.com\/people\/Brunswick-Billiards-EspaaPortugal\/100066446264309\/","https:\/\/www.instagram.com\/the_world_billiards\/","https:\/\/www.pinterest.es\/Theworldbilliards\/"]}]}},"_links":{"self":[{"href":"https:\/\/theworldbilliards.com\/fr\/wp-json\/wp\/v2\/product\/104629","targetHints":{"allow":["GET"]}}],"collection":[{"href":"https:\/\/theworldbilliards.com\/fr\/wp-json\/wp\/v2\/product"}],"about":[{"href":"https:\/\/theworldbilliards.com\/fr\/wp-json\/wp\/v2\/types\/product"}],"wp:featuredmedia":[{"embeddable":true,"href":"https:\/\/theworldbilliards.com\/fr\/wp-json\/wp\/v2\/media\/104633"}],"wp:attachment":[{"href":"https:\/\/theworldbilliards.com\/fr\/wp-json\/wp\/v2\/media?parent=104629"}],"wp:term":[{"taxonomy":"product_brand","embeddable":true,"href":"https:\/\/theworldbilliards.com\/fr\/wp-json\/wp\/v2\/product_brand?post=104629"},{"taxonomy":"product_cat","embeddable":true,"href":"https:\/\/theworldbilliards.com\/fr\/wp-json\/wp\/v2\/product_cat?post=104629"},{"taxonomy":"product_tag","embeddable":true,"href":"https:\/\/theworldbilliards.com\/fr\/wp-json\/wp\/v2\/product_tag?post=104629"}],"curies":[{"name":"wp","href":"https:\/\/api.w.org\/{rel}","templated":true}]}}