{"id":104657,"date":"2024-07-22T12:19:33","date_gmt":"2024-07-22T10:19:33","guid":{"rendered":"https:\/\/theworldbilliards.com\/?post_type=product&#038;p=104657"},"modified":"2025-05-27T13:45:51","modified_gmt":"2025-05-27T11:45:51","slug":"air-hockey-brunswick-windchill-international","status":"publish","type":"product","link":"https:\/\/theworldbilliards.com\/fr\/produit\/air-hockey-brunswick-windchill-international\/","title":{"rendered":"Air Hockey Brunswick Windchill International"},"content":{"rendered":"<p>Ajoutez plus de plaisir \u00e0 votre salle de jeux avec la table Windchill Air Hockey\u00ae. Un style contemporain \u00e9l\u00e9gant sur une base robuste avec un ventilateur UL \u00e0 d\u00e9bit constant. Deux maillets et quatre rondelles inclus avec chaque kit de table.<\/p>\n<p>TAILLE<br \/>\nDimensions (L x l x H) 84.2&Prime; x 42.2&Prime; x 31.6&Prime; (213.8 x 107.2 x 80.3 cm)<\/p>\n","protected":false},"excerpt":{"rendered":"<p><strong>Accessoires inclus<\/strong><br \/>\n\u2022 2 maillets noirs<br \/>\n\u2022 4 rondelles<\/p>\n","protected":false},"featured_media":104661,"template":"","meta":{"site-sidebar-layout":"default","site-content-layout":"","ast-site-content-layout":"default","site-content-style":"default","site-sidebar-style":"default","ast-global-header-display":"","ast-banner-title-visibility":"","ast-main-header-display":"","ast-hfb-above-header-display":"","ast-hfb-below-header-display":"","ast-hfb-mobile-header-display":"","site-post-title":"","ast-breadcrumbs-content":"","ast-featured-img":"","footer-sml-layout":"","ast-disable-related-posts":"","theme-transparent-header-meta":"default","adv-header-id-meta":"","stick-header-meta":"","header-above-stick-meta":"","header-main-stick-meta":"","header-below-stick-meta":"","astra-migrate-meta-layouts":"default","ast-page-background-enabled":"default","ast-page-background-meta":{"desktop":{"background-color":"var(--ast-global-color-4)","background-image":"","background-repeat":"repeat","background-position":"center center","background-size":"auto","background-attachment":"scroll","background-type":"","background-media":"","overlay-type":"","overlay-color":"","overlay-opacity":"","overlay-gradient":""},"tablet":{"background-color":"","background-image":"","background-repeat":"repeat","background-position":"center center","background-size":"auto","background-attachment":"scroll","background-type":"","background-media":"","overlay-type":"","overlay-color":"","overlay-opacity":"","overlay-gradient":""},"mobile":{"background-color":"","background-image":"","background-repeat":"repeat","background-position":"center center","background-size":"auto","background-attachment":"scroll","background-type":"","background-media":"","overlay-type":"","overlay-color":"","overlay-opacity":"","overlay-gradient":""}},"ast-content-background-meta":{"desktop":{"background-color":"var(--ast-global-color-5)","background-image":"","background-repeat":"repeat","background-position":"center center","background-size":"auto","background-attachment":"scroll","background-type":"","background-media":"","overlay-type":"","overlay-color":"","overlay-opacity":"","overlay-gradient":""},"tablet":{"background-color":"var(--ast-global-color-5)","background-image":"","background-repeat":"repeat","background-position":"center center","background-size":"auto","background-attachment":"scroll","background-type":"","background-media":"","overlay-type":"","overlay-color":"","overlay-opacity":"","overlay-gradient":""},"mobile":{"background-color":"var(--ast-global-color-5)","background-image":"","background-repeat":"repeat","background-position":"center center","background-size":"auto","background-attachment":"scroll","background-type":"","background-media":"","overlay-type":"","overlay-color":"","overlay-opacity":"","overlay-gradient":""}}},"product_brand":[5198],"product_cat":[1219],"product_tag":[],"class_list":{"0":"post-104657","1":"product","2":"type-product","3":"status-publish","4":"has-post-thumbnail","6":"product_brand-brunswick-billiards-fr","7":"product_cat-air-hockey-fr","8":"product_shipping_class-air-hockey-fr","9":"desktop-align-center","10":"tablet-align-left","11":"mobile-align-left","13":"first","14":"onbackorder","15":"taxable","16":"shipping-taxable","17":"purchasable","18":"product-type-simple"},"yoast_head":"<!-- This site is optimized with the Yoast SEO plugin v27.4 - https:\/\/yoast.com\/product\/yoast-seo-wordpress\/ -->\n<title>Acheter Air Hockey Brunswick Windchill International - The World Billiards<\/title>\n<meta name=\"description\" content=\"Ajoutez plus de plaisir \u00e0 votre salle de jeux avec la table Windchill Air Hockey\u00ae. Un style contemporain \u00e9l\u00e9gant sur une base robuste avec un ventilateur UL \u00e0 d\u00e9bit constant. Deux maillets et quatre rondelles inclus avec chaque kit de table.  TAILLE Dimensions (L x l x H) 84.2&quot; x 42.2&quot; x 31.6&quot; (213.8 x 107.2 x 80.3 cm)\" \/>\n<meta name=\"robots\" content=\"index, follow, max-snippet:-1, max-image-preview:large, max-video-preview:-1\" \/>\n<link rel=\"canonical\" href=\"https:\/\/theworldbilliards.com\/fr\/produit\/air-hockey-brunswick-windchill-international\/\" \/>\n<meta property=\"og:locale\" content=\"fr_FR\" \/>\n<meta property=\"og:type\" content=\"article\" \/>\n<meta property=\"og:title\" content=\"Acheter Air Hockey Brunswick Windchill International - The World Billiards\" \/>\n<meta property=\"og:description\" content=\"Ajoutez plus de plaisir \u00e0 votre salle de jeux avec la table Windchill Air Hockey\u00ae. Un style contemporain \u00e9l\u00e9gant sur une base robuste avec un ventilateur UL \u00e0 d\u00e9bit constant. Deux maillets et quatre rondelles inclus avec chaque kit de table.  TAILLE Dimensions (L x l x H) 84.2&quot; x 42.2&quot; x 31.6&quot; (213.8 x 107.2 x 80.3 cm)\" \/>\n<meta property=\"og:url\" content=\"https:\/\/theworldbilliards.com\/fr\/produit\/air-hockey-brunswick-windchill-international\/\" \/>\n<meta property=\"og:site_name\" content=\"The World Billiards\" \/>\n<meta property=\"article:publisher\" content=\"https:\/\/www.facebook.com\/baby.foot.superbes\" \/>\n<meta property=\"article:modified_time\" content=\"2025-05-27T11:45:51+00:00\" \/>\n<meta property=\"og:image\" content=\"https:\/\/theworldbilliards.com\/wp-content\/uploads\/2024\/07\/Windchill_table2_2022.jpg\" \/>\n\t<meta property=\"og:image:width\" content=\"906\" \/>\n\t<meta property=\"og:image:height\" content=\"906\" \/>\n\t<meta property=\"og:image:type\" content=\"image\/jpeg\" \/>\n<meta name=\"twitter:card\" content=\"summary_large_image\" \/>\n<script type=\"application\/ld+json\" class=\"yoast-schema-graph\">{\"@context\":\"https:\\\/\\\/schema.org\",\"@graph\":[{\"@type\":\"WebPage\",\"@id\":\"https:\\\/\\\/theworldbilliards.com\\\/fr\\\/produit\\\/air-hockey-brunswick-windchill-international\\\/\",\"url\":\"https:\\\/\\\/theworldbilliards.com\\\/fr\\\/produit\\\/air-hockey-brunswick-windchill-international\\\/\",\"name\":\"Acheter Air Hockey Brunswick Windchill International - The World Billiards\",\"isPartOf\":{\"@id\":\"https:\\\/\\\/theworldbilliards.com\\\/fr\\\/#website\"},\"primaryImageOfPage\":{\"@id\":\"https:\\\/\\\/theworldbilliards.com\\\/fr\\\/produit\\\/air-hockey-brunswick-windchill-international\\\/#primaryimage\"},\"image\":{\"@id\":\"https:\\\/\\\/theworldbilliards.com\\\/fr\\\/produit\\\/air-hockey-brunswick-windchill-international\\\/#primaryimage\"},\"thumbnailUrl\":\"https:\\\/\\\/theworldbilliards.com\\\/wp-content\\\/uploads\\\/2024\\\/07\\\/Windchill_table2_2022.jpg\",\"datePublished\":\"2024-07-22T10:19:33+00:00\",\"dateModified\":\"2025-05-27T11:45:51+00:00\",\"description\":\"Ajoutez plus de plaisir \u00e0 votre salle de jeux avec la table Windchill Air Hockey\u00ae. Un style contemporain \u00e9l\u00e9gant sur une base robuste avec un ventilateur UL \u00e0 d\u00e9bit constant. Deux maillets et quatre rondelles inclus avec chaque kit de table. TAILLE Dimensions (L x l x H) 84.2\\\" x 42.2\\\" x 31.6\\\" (213.8 x 107.2 x 80.3 cm)\",\"breadcrumb\":{\"@id\":\"https:\\\/\\\/theworldbilliards.com\\\/fr\\\/produit\\\/air-hockey-brunswick-windchill-international\\\/#breadcrumb\"},\"inLanguage\":\"fr-FR\",\"potentialAction\":[{\"@type\":\"ReadAction\",\"target\":[\"https:\\\/\\\/theworldbilliards.com\\\/fr\\\/produit\\\/air-hockey-brunswick-windchill-international\\\/\"]}]},{\"@type\":\"ImageObject\",\"inLanguage\":\"fr-FR\",\"@id\":\"https:\\\/\\\/theworldbilliards.com\\\/fr\\\/produit\\\/air-hockey-brunswick-windchill-international\\\/#primaryimage\",\"url\":\"https:\\\/\\\/theworldbilliards.com\\\/wp-content\\\/uploads\\\/2024\\\/07\\\/Windchill_table2_2022.jpg\",\"contentUrl\":\"https:\\\/\\\/theworldbilliards.com\\\/wp-content\\\/uploads\\\/2024\\\/07\\\/Windchill_table2_2022.jpg\",\"width\":906,\"height\":906},{\"@type\":\"BreadcrumbList\",\"@id\":\"https:\\\/\\\/theworldbilliards.com\\\/fr\\\/produit\\\/air-hockey-brunswick-windchill-international\\\/#breadcrumb\",\"itemListElement\":[{\"@type\":\"ListItem\",\"position\":1,\"name\":\"In\u00edcio\",\"item\":\"https:\\\/\\\/theworldbilliards.com\\\/fr\\\/\"},{\"@type\":\"ListItem\",\"position\":2,\"name\":\"Boutique en ligne\",\"item\":\"https:\\\/\\\/theworldbilliards.com\\\/fr\\\/boutique-theworldbilliards\\\/\"},{\"@type\":\"ListItem\",\"position\":3,\"name\":\"Air Hockey Brunswick Windchill International\"}]},{\"@type\":\"WebSite\",\"@id\":\"https:\\\/\\\/theworldbilliards.com\\\/fr\\\/#website\",\"url\":\"https:\\\/\\\/theworldbilliards.com\\\/fr\\\/\",\"name\":\"TheWorldBilliards\",\"description\":\"Achetez ici billard, baby-foot, ping-pong et bowling\",\"publisher\":{\"@id\":\"https:\\\/\\\/theworldbilliards.com\\\/fr\\\/#organization\"},\"alternateName\":\"The world billiards\",\"potentialAction\":[{\"@type\":\"SearchAction\",\"target\":{\"@type\":\"EntryPoint\",\"urlTemplate\":\"https:\\\/\\\/theworldbilliards.com\\\/fr\\\/?s={search_term_string}\"},\"query-input\":{\"@type\":\"PropertyValueSpecification\",\"valueRequired\":true,\"valueName\":\"search_term_string\"}}],\"inLanguage\":\"fr-FR\"},{\"@type\":\"Organization\",\"@id\":\"https:\\\/\\\/theworldbilliards.com\\\/fr\\\/#organization\",\"name\":\"The World Billiards\",\"alternateName\":\"The World Billiards\",\"url\":\"https:\\\/\\\/theworldbilliards.com\\\/fr\\\/\",\"logo\":{\"@type\":\"ImageObject\",\"inLanguage\":\"fr-FR\",\"@id\":\"https:\\\/\\\/theworldbilliards.com\\\/fr\\\/#\\\/schema\\\/logo\\\/image\\\/\",\"url\":\"\",\"contentUrl\":\"\",\"caption\":\"The World Billiards\"},\"image\":{\"@id\":\"https:\\\/\\\/theworldbilliards.com\\\/fr\\\/#\\\/schema\\\/logo\\\/image\\\/\"},\"sameAs\":[\"https:\\\/\\\/www.facebook.com\\\/baby.foot.superbes\",\"https:\\\/\\\/www.youtube.com\\\/channel\\\/UCIMuOVAaUcH6UpZcsZlH0Tg\",\"https:\\\/\\\/www.facebook.com\\\/people\\\/Brunswick-Billiards-EspaaPortugal\\\/100066446264309\\\/\",\"https:\\\/\\\/www.instagram.com\\\/the_world_billiards\\\/\",\"https:\\\/\\\/www.pinterest.es\\\/Theworldbilliards\\\/\"]}]}<\/script>\n<!-- \/ Yoast SEO plugin. -->","yoast_head_json":{"title":"Acheter Air Hockey Brunswick Windchill International - The World Billiards","description":"Ajoutez plus de plaisir \u00e0 votre salle de jeux avec la table Windchill Air Hockey\u00ae. Un style contemporain \u00e9l\u00e9gant sur une base robuste avec un ventilateur UL \u00e0 d\u00e9bit constant. Deux maillets et quatre rondelles inclus avec chaque kit de table.  TAILLE Dimensions (L x l x H) 84.2\" x 42.2\" x 31.6\" (213.8 x 107.2 x 80.3 cm)","robots":{"index":"index","follow":"follow","max-snippet":"max-snippet:-1","max-image-preview":"max-image-preview:large","max-video-preview":"max-video-preview:-1"},"canonical":"https:\/\/theworldbilliards.com\/fr\/produit\/air-hockey-brunswick-windchill-international\/","og_locale":"fr_FR","og_type":"article","og_title":"Acheter Air Hockey Brunswick Windchill International - The World Billiards","og_description":"Ajoutez plus de plaisir \u00e0 votre salle de jeux avec la table Windchill Air Hockey\u00ae. Un style contemporain \u00e9l\u00e9gant sur une base robuste avec un ventilateur UL \u00e0 d\u00e9bit constant. Deux maillets et quatre rondelles inclus avec chaque kit de table.  TAILLE Dimensions (L x l x H) 84.2\" x 42.2\" x 31.6\" (213.8 x 107.2 x 80.3 cm)","og_url":"https:\/\/theworldbilliards.com\/fr\/produit\/air-hockey-brunswick-windchill-international\/","og_site_name":"The World Billiards","article_publisher":"https:\/\/www.facebook.com\/baby.foot.superbes","article_modified_time":"2025-05-27T11:45:51+00:00","og_image":[{"width":906,"height":906,"url":"https:\/\/theworldbilliards.com\/wp-content\/uploads\/2024\/07\/Windchill_table2_2022.jpg","type":"image\/jpeg"}],"twitter_card":"summary_large_image","schema":{"@context":"https:\/\/schema.org","@graph":[{"@type":"WebPage","@id":"https:\/\/theworldbilliards.com\/fr\/produit\/air-hockey-brunswick-windchill-international\/","url":"https:\/\/theworldbilliards.com\/fr\/produit\/air-hockey-brunswick-windchill-international\/","name":"Acheter Air Hockey Brunswick Windchill International - The World Billiards","isPartOf":{"@id":"https:\/\/theworldbilliards.com\/fr\/#website"},"primaryImageOfPage":{"@id":"https:\/\/theworldbilliards.com\/fr\/produit\/air-hockey-brunswick-windchill-international\/#primaryimage"},"image":{"@id":"https:\/\/theworldbilliards.com\/fr\/produit\/air-hockey-brunswick-windchill-international\/#primaryimage"},"thumbnailUrl":"https:\/\/theworldbilliards.com\/wp-content\/uploads\/2024\/07\/Windchill_table2_2022.jpg","datePublished":"2024-07-22T10:19:33+00:00","dateModified":"2025-05-27T11:45:51+00:00","description":"Ajoutez plus de plaisir \u00e0 votre salle de jeux avec la table Windchill Air Hockey\u00ae. Un style contemporain \u00e9l\u00e9gant sur une base robuste avec un ventilateur UL \u00e0 d\u00e9bit constant. Deux maillets et quatre rondelles inclus avec chaque kit de table. TAILLE Dimensions (L x l x H) 84.2\" x 42.2\" x 31.6\" (213.8 x 107.2 x 80.3 cm)","breadcrumb":{"@id":"https:\/\/theworldbilliards.com\/fr\/produit\/air-hockey-brunswick-windchill-international\/#breadcrumb"},"inLanguage":"fr-FR","potentialAction":[{"@type":"ReadAction","target":["https:\/\/theworldbilliards.com\/fr\/produit\/air-hockey-brunswick-windchill-international\/"]}]},{"@type":"ImageObject","inLanguage":"fr-FR","@id":"https:\/\/theworldbilliards.com\/fr\/produit\/air-hockey-brunswick-windchill-international\/#primaryimage","url":"https:\/\/theworldbilliards.com\/wp-content\/uploads\/2024\/07\/Windchill_table2_2022.jpg","contentUrl":"https:\/\/theworldbilliards.com\/wp-content\/uploads\/2024\/07\/Windchill_table2_2022.jpg","width":906,"height":906},{"@type":"BreadcrumbList","@id":"https:\/\/theworldbilliards.com\/fr\/produit\/air-hockey-brunswick-windchill-international\/#breadcrumb","itemListElement":[{"@type":"ListItem","position":1,"name":"In\u00edcio","item":"https:\/\/theworldbilliards.com\/fr\/"},{"@type":"ListItem","position":2,"name":"Boutique en ligne","item":"https:\/\/theworldbilliards.com\/fr\/boutique-theworldbilliards\/"},{"@type":"ListItem","position":3,"name":"Air Hockey Brunswick Windchill International"}]},{"@type":"WebSite","@id":"https:\/\/theworldbilliards.com\/fr\/#website","url":"https:\/\/theworldbilliards.com\/fr\/","name":"TheWorldBilliards","description":"Achetez ici billard, baby-foot, ping-pong et bowling","publisher":{"@id":"https:\/\/theworldbilliards.com\/fr\/#organization"},"alternateName":"The world billiards","potentialAction":[{"@type":"SearchAction","target":{"@type":"EntryPoint","urlTemplate":"https:\/\/theworldbilliards.com\/fr\/?s={search_term_string}"},"query-input":{"@type":"PropertyValueSpecification","valueRequired":true,"valueName":"search_term_string"}}],"inLanguage":"fr-FR"},{"@type":"Organization","@id":"https:\/\/theworldbilliards.com\/fr\/#organization","name":"The World Billiards","alternateName":"The World Billiards","url":"https:\/\/theworldbilliards.com\/fr\/","logo":{"@type":"ImageObject","inLanguage":"fr-FR","@id":"https:\/\/theworldbilliards.com\/fr\/#\/schema\/logo\/image\/","url":"","contentUrl":"","caption":"The World Billiards"},"image":{"@id":"https:\/\/theworldbilliards.com\/fr\/#\/schema\/logo\/image\/"},"sameAs":["https:\/\/www.facebook.com\/baby.foot.superbes","https:\/\/www.youtube.com\/channel\/UCIMuOVAaUcH6UpZcsZlH0Tg","https:\/\/www.facebook.com\/people\/Brunswick-Billiards-EspaaPortugal\/100066446264309\/","https:\/\/www.instagram.com\/the_world_billiards\/","https:\/\/www.pinterest.es\/Theworldbilliards\/"]}]}},"_links":{"self":[{"href":"https:\/\/theworldbilliards.com\/fr\/wp-json\/wp\/v2\/product\/104657","targetHints":{"allow":["GET"]}}],"collection":[{"href":"https:\/\/theworldbilliards.com\/fr\/wp-json\/wp\/v2\/product"}],"about":[{"href":"https:\/\/theworldbilliards.com\/fr\/wp-json\/wp\/v2\/types\/product"}],"wp:featuredmedia":[{"embeddable":true,"href":"https:\/\/theworldbilliards.com\/fr\/wp-json\/wp\/v2\/media\/104661"}],"wp:attachment":[{"href":"https:\/\/theworldbilliards.com\/fr\/wp-json\/wp\/v2\/media?parent=104657"}],"wp:term":[{"taxonomy":"product_brand","embeddable":true,"href":"https:\/\/theworldbilliards.com\/fr\/wp-json\/wp\/v2\/product_brand?post=104657"},{"taxonomy":"product_cat","embeddable":true,"href":"https:\/\/theworldbilliards.com\/fr\/wp-json\/wp\/v2\/product_cat?post=104657"},{"taxonomy":"product_tag","embeddable":true,"href":"https:\/\/theworldbilliards.com\/fr\/wp-json\/wp\/v2\/product_tag?post=104657"}],"curies":[{"name":"wp","href":"https:\/\/api.w.org\/{rel}","templated":true}]}}