{"id":104682,"date":"2024-07-22T13:01:12","date_gmt":"2024-07-22T11:01:12","guid":{"rendered":"https:\/\/theworldbilliards.com\/?post_type=product&#038;p=104682"},"modified":"2025-05-27T13:45:49","modified_gmt":"2025-05-27T11:45:49","slug":"air-hockey-american-heritage-raptor-air-8","status":"publish","type":"product","link":"https:\/\/theworldbilliards.com\/fr\/produit\/air-hockey-american-heritage-raptor-air-8\/","title":{"rendered":"Air Hockey American Heritage Raptor Air 8&prime;"},"content":{"rendered":"<p>Apportez les sensations d&rsquo;une salle d&rsquo;arcade directement chez vous avec la table Raptor Air Hockey ! \u00c9quip\u00e9e d&rsquo;une surface de jeu gris mat haut de gamme, de commandes de style \u00e9cran tactile et d&rsquo;un score LED, cette table offre une exp\u00e9rience de jeu passionnante. Il est \u00e9galement livr\u00e9 avec deux attaquants ergonomiques et deux rondelles rouges, ainsi qu&rsquo;un moteur de soufflerie robuste de 120 V pour un jeu rapide !<\/p>\n","protected":false},"excerpt":{"rendered":"<p><strong>Accessoires inclus<\/strong><br \/>\n\u2022 2 maillets ergonomiques haut de gamme<br \/>\n\u2022 2 rondelles rouges<\/p>\n","protected":false},"featured_media":104685,"template":"","meta":{"site-sidebar-layout":"default","site-content-layout":"","ast-site-content-layout":"default","site-content-style":"default","site-sidebar-style":"default","ast-global-header-display":"","ast-banner-title-visibility":"","ast-main-header-display":"","ast-hfb-above-header-display":"","ast-hfb-below-header-display":"","ast-hfb-mobile-header-display":"","site-post-title":"","ast-breadcrumbs-content":"","ast-featured-img":"","footer-sml-layout":"","ast-disable-related-posts":"","theme-transparent-header-meta":"default","adv-header-id-meta":"","stick-header-meta":"","header-above-stick-meta":"","header-main-stick-meta":"","header-below-stick-meta":"","astra-migrate-meta-layouts":"default","ast-page-background-enabled":"default","ast-page-background-meta":{"desktop":{"background-color":"var(--ast-global-color-4)","background-image":"","background-repeat":"repeat","background-position":"center center","background-size":"auto","background-attachment":"scroll","background-type":"","background-media":"","overlay-type":"","overlay-color":"","overlay-opacity":"","overlay-gradient":""},"tablet":{"background-color":"","background-image":"","background-repeat":"repeat","background-position":"center center","background-size":"auto","background-attachment":"scroll","background-type":"","background-media":"","overlay-type":"","overlay-color":"","overlay-opacity":"","overlay-gradient":""},"mobile":{"background-color":"","background-image":"","background-repeat":"repeat","background-position":"center center","background-size":"auto","background-attachment":"scroll","background-type":"","background-media":"","overlay-type":"","overlay-color":"","overlay-opacity":"","overlay-gradient":""}},"ast-content-background-meta":{"desktop":{"background-color":"var(--ast-global-color-5)","background-image":"","background-repeat":"repeat","background-position":"center center","background-size":"auto","background-attachment":"scroll","background-type":"","background-media":"","overlay-type":"","overlay-color":"","overlay-opacity":"","overlay-gradient":""},"tablet":{"background-color":"var(--ast-global-color-5)","background-image":"","background-repeat":"repeat","background-position":"center center","background-size":"auto","background-attachment":"scroll","background-type":"","background-media":"","overlay-type":"","overlay-color":"","overlay-opacity":"","overlay-gradient":""},"mobile":{"background-color":"var(--ast-global-color-5)","background-image":"","background-repeat":"repeat","background-position":"center center","background-size":"auto","background-attachment":"scroll","background-type":"","background-media":"","overlay-type":"","overlay-color":"","overlay-opacity":"","overlay-gradient":""}}},"product_brand":[5210],"product_cat":[1219],"product_tag":[],"class_list":{"0":"post-104682","1":"product","2":"type-product","3":"status-publish","4":"has-post-thumbnail","6":"product_brand-american-heritage-billiards-fr","7":"product_cat-air-hockey-fr","8":"product_shipping_class-air-hockey-fr","9":"desktop-align-center","10":"tablet-align-left","11":"mobile-align-left","13":"first","14":"onbackorder","15":"taxable","16":"shipping-taxable","17":"purchasable","18":"product-type-simple"},"yoast_head":"<!-- This site is optimized with the Yoast SEO plugin v27.4 - https:\/\/yoast.com\/product\/yoast-seo-wordpress\/ -->\n<title>Acheter Air Hockey American Heritage Raptor Air 8&#039; - The World Billiards<\/title>\n<meta name=\"description\" content=\"Apportez les sensations d&#039;une salle d&#039;arcade directement chez vous avec la table Raptor Air Hockey ! \u00c9quip\u00e9e d&#039;une surface de jeu gris mat haut de gamme, de commandes de style \u00e9cran tactile et d&#039;un score LED, cette table offre une exp\u00e9rience de jeu passionnante. Il est \u00e9galement livr\u00e9 avec deux attaquants ergonomiques et deux rondelles rouges, ainsi qu&#039;un moteur de soufflerie robuste de 120 V pour un jeu rapide !\" \/>\n<meta name=\"robots\" content=\"index, follow, max-snippet:-1, max-image-preview:large, max-video-preview:-1\" \/>\n<link rel=\"canonical\" href=\"https:\/\/theworldbilliards.com\/fr\/produit\/air-hockey-american-heritage-raptor-air-8\/\" \/>\n<meta property=\"og:locale\" content=\"fr_FR\" \/>\n<meta property=\"og:type\" content=\"article\" \/>\n<meta property=\"og:title\" content=\"Acheter Air Hockey American Heritage Raptor Air 8&#039; - The World Billiards\" \/>\n<meta property=\"og:description\" content=\"Apportez les sensations d&#039;une salle d&#039;arcade directement chez vous avec la table Raptor Air Hockey ! \u00c9quip\u00e9e d&#039;une surface de jeu gris mat haut de gamme, de commandes de style \u00e9cran tactile et d&#039;un score LED, cette table offre une exp\u00e9rience de jeu passionnante. Il est \u00e9galement livr\u00e9 avec deux attaquants ergonomiques et deux rondelles rouges, ainsi qu&#039;un moteur de soufflerie robuste de 120 V pour un jeu rapide !\" \/>\n<meta property=\"og:url\" content=\"https:\/\/theworldbilliards.com\/fr\/produit\/air-hockey-american-heritage-raptor-air-8\/\" \/>\n<meta property=\"og:site_name\" content=\"The World Billiards\" \/>\n<meta property=\"article:publisher\" content=\"https:\/\/www.facebook.com\/baby.foot.superbes\" \/>\n<meta property=\"article:modified_time\" content=\"2025-05-27T11:45:49+00:00\" \/>\n<meta property=\"og:image\" content=\"https:\/\/theworldbilliards.com\/wp-content\/uploads\/2024\/07\/raptor-air-hockey-table.jpg\" \/>\n\t<meta property=\"og:image:width\" content=\"915\" \/>\n\t<meta property=\"og:image:height\" content=\"915\" \/>\n\t<meta property=\"og:image:type\" content=\"image\/jpeg\" \/>\n<meta name=\"twitter:card\" content=\"summary_large_image\" \/>\n<script type=\"application\/ld+json\" class=\"yoast-schema-graph\">{\"@context\":\"https:\\\/\\\/schema.org\",\"@graph\":[{\"@type\":\"WebPage\",\"@id\":\"https:\\\/\\\/theworldbilliards.com\\\/fr\\\/produit\\\/air-hockey-american-heritage-raptor-air-8\\\/\",\"url\":\"https:\\\/\\\/theworldbilliards.com\\\/fr\\\/produit\\\/air-hockey-american-heritage-raptor-air-8\\\/\",\"name\":\"Acheter Air Hockey American Heritage Raptor Air 8' - The World Billiards\",\"isPartOf\":{\"@id\":\"https:\\\/\\\/theworldbilliards.com\\\/fr\\\/#website\"},\"primaryImageOfPage\":{\"@id\":\"https:\\\/\\\/theworldbilliards.com\\\/fr\\\/produit\\\/air-hockey-american-heritage-raptor-air-8\\\/#primaryimage\"},\"image\":{\"@id\":\"https:\\\/\\\/theworldbilliards.com\\\/fr\\\/produit\\\/air-hockey-american-heritage-raptor-air-8\\\/#primaryimage\"},\"thumbnailUrl\":\"https:\\\/\\\/theworldbilliards.com\\\/wp-content\\\/uploads\\\/2024\\\/07\\\/raptor-air-hockey-table.jpg\",\"datePublished\":\"2024-07-22T11:01:12+00:00\",\"dateModified\":\"2025-05-27T11:45:49+00:00\",\"description\":\"Apportez les sensations d'une salle d'arcade directement chez vous avec la table Raptor Air Hockey ! \u00c9quip\u00e9e d'une surface de jeu gris mat haut de gamme, de commandes de style \u00e9cran tactile et d'un score LED, cette table offre une exp\u00e9rience de jeu passionnante. Il est \u00e9galement livr\u00e9 avec deux attaquants ergonomiques et deux rondelles rouges, ainsi qu'un moteur de soufflerie robuste de 120 V pour un jeu rapide !\",\"breadcrumb\":{\"@id\":\"https:\\\/\\\/theworldbilliards.com\\\/fr\\\/produit\\\/air-hockey-american-heritage-raptor-air-8\\\/#breadcrumb\"},\"inLanguage\":\"fr-FR\",\"potentialAction\":[{\"@type\":\"ReadAction\",\"target\":[\"https:\\\/\\\/theworldbilliards.com\\\/fr\\\/produit\\\/air-hockey-american-heritage-raptor-air-8\\\/\"]}]},{\"@type\":\"ImageObject\",\"inLanguage\":\"fr-FR\",\"@id\":\"https:\\\/\\\/theworldbilliards.com\\\/fr\\\/produit\\\/air-hockey-american-heritage-raptor-air-8\\\/#primaryimage\",\"url\":\"https:\\\/\\\/theworldbilliards.com\\\/wp-content\\\/uploads\\\/2024\\\/07\\\/raptor-air-hockey-table.jpg\",\"contentUrl\":\"https:\\\/\\\/theworldbilliards.com\\\/wp-content\\\/uploads\\\/2024\\\/07\\\/raptor-air-hockey-table.jpg\",\"width\":915,\"height\":915},{\"@type\":\"BreadcrumbList\",\"@id\":\"https:\\\/\\\/theworldbilliards.com\\\/fr\\\/produit\\\/air-hockey-american-heritage-raptor-air-8\\\/#breadcrumb\",\"itemListElement\":[{\"@type\":\"ListItem\",\"position\":1,\"name\":\"In\u00edcio\",\"item\":\"https:\\\/\\\/theworldbilliards.com\\\/fr\\\/\"},{\"@type\":\"ListItem\",\"position\":2,\"name\":\"Boutique en ligne\",\"item\":\"https:\\\/\\\/theworldbilliards.com\\\/fr\\\/boutique-theworldbilliards\\\/\"},{\"@type\":\"ListItem\",\"position\":3,\"name\":\"Air Hockey American Heritage Raptor Air 8&#8242;\"}]},{\"@type\":\"WebSite\",\"@id\":\"https:\\\/\\\/theworldbilliards.com\\\/fr\\\/#website\",\"url\":\"https:\\\/\\\/theworldbilliards.com\\\/fr\\\/\",\"name\":\"TheWorldBilliards\",\"description\":\"Achetez ici billard, baby-foot, ping-pong et bowling\",\"publisher\":{\"@id\":\"https:\\\/\\\/theworldbilliards.com\\\/fr\\\/#organization\"},\"alternateName\":\"The world billiards\",\"potentialAction\":[{\"@type\":\"SearchAction\",\"target\":{\"@type\":\"EntryPoint\",\"urlTemplate\":\"https:\\\/\\\/theworldbilliards.com\\\/fr\\\/?s={search_term_string}\"},\"query-input\":{\"@type\":\"PropertyValueSpecification\",\"valueRequired\":true,\"valueName\":\"search_term_string\"}}],\"inLanguage\":\"fr-FR\"},{\"@type\":\"Organization\",\"@id\":\"https:\\\/\\\/theworldbilliards.com\\\/fr\\\/#organization\",\"name\":\"The World Billiards\",\"alternateName\":\"The World Billiards\",\"url\":\"https:\\\/\\\/theworldbilliards.com\\\/fr\\\/\",\"logo\":{\"@type\":\"ImageObject\",\"inLanguage\":\"fr-FR\",\"@id\":\"https:\\\/\\\/theworldbilliards.com\\\/fr\\\/#\\\/schema\\\/logo\\\/image\\\/\",\"url\":\"\",\"contentUrl\":\"\",\"caption\":\"The World Billiards\"},\"image\":{\"@id\":\"https:\\\/\\\/theworldbilliards.com\\\/fr\\\/#\\\/schema\\\/logo\\\/image\\\/\"},\"sameAs\":[\"https:\\\/\\\/www.facebook.com\\\/baby.foot.superbes\",\"https:\\\/\\\/www.youtube.com\\\/channel\\\/UCIMuOVAaUcH6UpZcsZlH0Tg\",\"https:\\\/\\\/www.facebook.com\\\/people\\\/Brunswick-Billiards-EspaaPortugal\\\/100066446264309\\\/\",\"https:\\\/\\\/www.instagram.com\\\/the_world_billiards\\\/\",\"https:\\\/\\\/www.pinterest.es\\\/Theworldbilliards\\\/\"]}]}<\/script>\n<!-- \/ Yoast SEO plugin. -->","yoast_head_json":{"title":"Acheter Air Hockey American Heritage Raptor Air 8' - The World Billiards","description":"Apportez les sensations d'une salle d'arcade directement chez vous avec la table Raptor Air Hockey ! \u00c9quip\u00e9e d'une surface de jeu gris mat haut de gamme, de commandes de style \u00e9cran tactile et d'un score LED, cette table offre une exp\u00e9rience de jeu passionnante. Il est \u00e9galement livr\u00e9 avec deux attaquants ergonomiques et deux rondelles rouges, ainsi qu'un moteur de soufflerie robuste de 120 V pour un jeu rapide !","robots":{"index":"index","follow":"follow","max-snippet":"max-snippet:-1","max-image-preview":"max-image-preview:large","max-video-preview":"max-video-preview:-1"},"canonical":"https:\/\/theworldbilliards.com\/fr\/produit\/air-hockey-american-heritage-raptor-air-8\/","og_locale":"fr_FR","og_type":"article","og_title":"Acheter Air Hockey American Heritage Raptor Air 8' - The World Billiards","og_description":"Apportez les sensations d'une salle d'arcade directement chez vous avec la table Raptor Air Hockey ! \u00c9quip\u00e9e d'une surface de jeu gris mat haut de gamme, de commandes de style \u00e9cran tactile et d'un score LED, cette table offre une exp\u00e9rience de jeu passionnante. Il est \u00e9galement livr\u00e9 avec deux attaquants ergonomiques et deux rondelles rouges, ainsi qu'un moteur de soufflerie robuste de 120 V pour un jeu rapide !","og_url":"https:\/\/theworldbilliards.com\/fr\/produit\/air-hockey-american-heritage-raptor-air-8\/","og_site_name":"The World Billiards","article_publisher":"https:\/\/www.facebook.com\/baby.foot.superbes","article_modified_time":"2025-05-27T11:45:49+00:00","og_image":[{"width":915,"height":915,"url":"https:\/\/theworldbilliards.com\/wp-content\/uploads\/2024\/07\/raptor-air-hockey-table.jpg","type":"image\/jpeg"}],"twitter_card":"summary_large_image","schema":{"@context":"https:\/\/schema.org","@graph":[{"@type":"WebPage","@id":"https:\/\/theworldbilliards.com\/fr\/produit\/air-hockey-american-heritage-raptor-air-8\/","url":"https:\/\/theworldbilliards.com\/fr\/produit\/air-hockey-american-heritage-raptor-air-8\/","name":"Acheter Air Hockey American Heritage Raptor Air 8' - The World Billiards","isPartOf":{"@id":"https:\/\/theworldbilliards.com\/fr\/#website"},"primaryImageOfPage":{"@id":"https:\/\/theworldbilliards.com\/fr\/produit\/air-hockey-american-heritage-raptor-air-8\/#primaryimage"},"image":{"@id":"https:\/\/theworldbilliards.com\/fr\/produit\/air-hockey-american-heritage-raptor-air-8\/#primaryimage"},"thumbnailUrl":"https:\/\/theworldbilliards.com\/wp-content\/uploads\/2024\/07\/raptor-air-hockey-table.jpg","datePublished":"2024-07-22T11:01:12+00:00","dateModified":"2025-05-27T11:45:49+00:00","description":"Apportez les sensations d'une salle d'arcade directement chez vous avec la table Raptor Air Hockey ! \u00c9quip\u00e9e d'une surface de jeu gris mat haut de gamme, de commandes de style \u00e9cran tactile et d'un score LED, cette table offre une exp\u00e9rience de jeu passionnante. Il est \u00e9galement livr\u00e9 avec deux attaquants ergonomiques et deux rondelles rouges, ainsi qu'un moteur de soufflerie robuste de 120 V pour un jeu rapide !","breadcrumb":{"@id":"https:\/\/theworldbilliards.com\/fr\/produit\/air-hockey-american-heritage-raptor-air-8\/#breadcrumb"},"inLanguage":"fr-FR","potentialAction":[{"@type":"ReadAction","target":["https:\/\/theworldbilliards.com\/fr\/produit\/air-hockey-american-heritage-raptor-air-8\/"]}]},{"@type":"ImageObject","inLanguage":"fr-FR","@id":"https:\/\/theworldbilliards.com\/fr\/produit\/air-hockey-american-heritage-raptor-air-8\/#primaryimage","url":"https:\/\/theworldbilliards.com\/wp-content\/uploads\/2024\/07\/raptor-air-hockey-table.jpg","contentUrl":"https:\/\/theworldbilliards.com\/wp-content\/uploads\/2024\/07\/raptor-air-hockey-table.jpg","width":915,"height":915},{"@type":"BreadcrumbList","@id":"https:\/\/theworldbilliards.com\/fr\/produit\/air-hockey-american-heritage-raptor-air-8\/#breadcrumb","itemListElement":[{"@type":"ListItem","position":1,"name":"In\u00edcio","item":"https:\/\/theworldbilliards.com\/fr\/"},{"@type":"ListItem","position":2,"name":"Boutique en ligne","item":"https:\/\/theworldbilliards.com\/fr\/boutique-theworldbilliards\/"},{"@type":"ListItem","position":3,"name":"Air Hockey American Heritage Raptor Air 8&#8242;"}]},{"@type":"WebSite","@id":"https:\/\/theworldbilliards.com\/fr\/#website","url":"https:\/\/theworldbilliards.com\/fr\/","name":"TheWorldBilliards","description":"Achetez ici billard, baby-foot, ping-pong et bowling","publisher":{"@id":"https:\/\/theworldbilliards.com\/fr\/#organization"},"alternateName":"The world billiards","potentialAction":[{"@type":"SearchAction","target":{"@type":"EntryPoint","urlTemplate":"https:\/\/theworldbilliards.com\/fr\/?s={search_term_string}"},"query-input":{"@type":"PropertyValueSpecification","valueRequired":true,"valueName":"search_term_string"}}],"inLanguage":"fr-FR"},{"@type":"Organization","@id":"https:\/\/theworldbilliards.com\/fr\/#organization","name":"The World Billiards","alternateName":"The World Billiards","url":"https:\/\/theworldbilliards.com\/fr\/","logo":{"@type":"ImageObject","inLanguage":"fr-FR","@id":"https:\/\/theworldbilliards.com\/fr\/#\/schema\/logo\/image\/","url":"","contentUrl":"","caption":"The World Billiards"},"image":{"@id":"https:\/\/theworldbilliards.com\/fr\/#\/schema\/logo\/image\/"},"sameAs":["https:\/\/www.facebook.com\/baby.foot.superbes","https:\/\/www.youtube.com\/channel\/UCIMuOVAaUcH6UpZcsZlH0Tg","https:\/\/www.facebook.com\/people\/Brunswick-Billiards-EspaaPortugal\/100066446264309\/","https:\/\/www.instagram.com\/the_world_billiards\/","https:\/\/www.pinterest.es\/Theworldbilliards\/"]}]}},"_links":{"self":[{"href":"https:\/\/theworldbilliards.com\/fr\/wp-json\/wp\/v2\/product\/104682","targetHints":{"allow":["GET"]}}],"collection":[{"href":"https:\/\/theworldbilliards.com\/fr\/wp-json\/wp\/v2\/product"}],"about":[{"href":"https:\/\/theworldbilliards.com\/fr\/wp-json\/wp\/v2\/types\/product"}],"wp:featuredmedia":[{"embeddable":true,"href":"https:\/\/theworldbilliards.com\/fr\/wp-json\/wp\/v2\/media\/104685"}],"wp:attachment":[{"href":"https:\/\/theworldbilliards.com\/fr\/wp-json\/wp\/v2\/media?parent=104682"}],"wp:term":[{"taxonomy":"product_brand","embeddable":true,"href":"https:\/\/theworldbilliards.com\/fr\/wp-json\/wp\/v2\/product_brand?post=104682"},{"taxonomy":"product_cat","embeddable":true,"href":"https:\/\/theworldbilliards.com\/fr\/wp-json\/wp\/v2\/product_cat?post=104682"},{"taxonomy":"product_tag","embeddable":true,"href":"https:\/\/theworldbilliards.com\/fr\/wp-json\/wp\/v2\/product_tag?post=104682"}],"curies":[{"name":"wp","href":"https:\/\/api.w.org\/{rel}","templated":true}]}}