{"id":104697,"date":"2024-07-22T13:53:54","date_gmt":"2024-07-22T11:53:54","guid":{"rendered":"https:\/\/theworldbilliards.com\/?post_type=product&#038;p=104697"},"modified":"2025-05-27T13:45:48","modified_gmt":"2025-05-27T11:45:48","slug":"air-hockey-american-heritage-wicked-ice-7","status":"publish","type":"product","link":"https:\/\/theworldbilliards.com\/fr\/produit\/air-hockey-american-heritage-wicked-ice-7\/","title":{"rendered":"Air Hockey American Heritage Wicked Ice 7&prime;"},"content":{"rendered":"<p>Apportez l&rsquo;action glac\u00e9e du air hockey chez vous avec la table de hockey sur glace Wicked\u00a0! Sa surface de jeu gris mat de qualit\u00e9 sup\u00e9rieure glisse en douceur et le syst\u00e8me de notation \u00e9lectronique rabattable permet de suivre ces matchs passionn\u00e9s. Les rails en porte-\u00e0-faux minimisent les rebonds, ce qui vous permet de maintenir un rythme de tir rapide. Et gr\u00e2ce \u00e0 un moteur robuste de 120 V, le flux d\u2019air reste constant et puissant. Avec (2) attaquants assortis et (2) rondelles noires incluses, vous \u00eates pr\u00eat \u00e0 frapper la \u00ab glace \u00bb !<\/p>\n","protected":false},"excerpt":{"rendered":"<p><strong>Accessoires inclus<\/strong><br \/>\n\u2022 2 maillets<br \/>\n\u2022 2 rondelles noires<\/p>\n","protected":false},"featured_media":104701,"template":"","meta":{"site-sidebar-layout":"default","site-content-layout":"","ast-site-content-layout":"default","site-content-style":"default","site-sidebar-style":"default","ast-global-header-display":"","ast-banner-title-visibility":"","ast-main-header-display":"","ast-hfb-above-header-display":"","ast-hfb-below-header-display":"","ast-hfb-mobile-header-display":"","site-post-title":"","ast-breadcrumbs-content":"","ast-featured-img":"","footer-sml-layout":"","ast-disable-related-posts":"","theme-transparent-header-meta":"default","adv-header-id-meta":"","stick-header-meta":"","header-above-stick-meta":"","header-main-stick-meta":"","header-below-stick-meta":"","astra-migrate-meta-layouts":"default","ast-page-background-enabled":"default","ast-page-background-meta":{"desktop":{"background-color":"var(--ast-global-color-4)","background-image":"","background-repeat":"repeat","background-position":"center center","background-size":"auto","background-attachment":"scroll","background-type":"","background-media":"","overlay-type":"","overlay-color":"","overlay-opacity":"","overlay-gradient":""},"tablet":{"background-color":"","background-image":"","background-repeat":"repeat","background-position":"center center","background-size":"auto","background-attachment":"scroll","background-type":"","background-media":"","overlay-type":"","overlay-color":"","overlay-opacity":"","overlay-gradient":""},"mobile":{"background-color":"","background-image":"","background-repeat":"repeat","background-position":"center center","background-size":"auto","background-attachment":"scroll","background-type":"","background-media":"","overlay-type":"","overlay-color":"","overlay-opacity":"","overlay-gradient":""}},"ast-content-background-meta":{"desktop":{"background-color":"var(--ast-global-color-5)","background-image":"","background-repeat":"repeat","background-position":"center center","background-size":"auto","background-attachment":"scroll","background-type":"","background-media":"","overlay-type":"","overlay-color":"","overlay-opacity":"","overlay-gradient":""},"tablet":{"background-color":"var(--ast-global-color-5)","background-image":"","background-repeat":"repeat","background-position":"center center","background-size":"auto","background-attachment":"scroll","background-type":"","background-media":"","overlay-type":"","overlay-color":"","overlay-opacity":"","overlay-gradient":""},"mobile":{"background-color":"var(--ast-global-color-5)","background-image":"","background-repeat":"repeat","background-position":"center center","background-size":"auto","background-attachment":"scroll","background-type":"","background-media":"","overlay-type":"","overlay-color":"","overlay-opacity":"","overlay-gradient":""}}},"product_brand":[5210],"product_cat":[1219],"product_tag":[],"class_list":{"0":"post-104697","1":"product","2":"type-product","3":"status-publish","4":"has-post-thumbnail","6":"product_brand-american-heritage-billiards-fr","7":"product_cat-air-hockey-fr","8":"product_shipping_class-air-hockey-fr","9":"desktop-align-center","10":"tablet-align-left","11":"mobile-align-left","13":"first","14":"onbackorder","15":"taxable","16":"shipping-taxable","17":"purchasable","18":"product-type-simple"},"yoast_head":"<!-- This site is optimized with the Yoast SEO plugin v27.4 - https:\/\/yoast.com\/product\/yoast-seo-wordpress\/ -->\n<title>Acheter Air Hockey American Heritage Wicked Ice 7&#039; - The World Billiards<\/title>\n<meta name=\"description\" content=\"Apportez l&#039;action glac\u00e9e du air hockey chez vous avec la table de hockey sur glace Wicked\u00a0! Sa surface de jeu gris mat de qualit\u00e9 sup\u00e9rieure glisse en douceur et le syst\u00e8me de notation \u00e9lectronique rabattable permet de suivre ces matchs passionn\u00e9s. Les rails en porte-\u00e0-faux minimisent les rebonds, ce qui vous permet de maintenir un rythme de tir rapide. Et gr\u00e2ce \u00e0 un moteur robuste de 120 V, le flux d\u2019air reste constant et puissant. Avec (2) attaquants assortis et (2) rondelles noires incluses, vous \u00eates pr\u00eat \u00e0 frapper la \u00ab glace \u00bb !\" \/>\n<meta name=\"robots\" content=\"index, follow, max-snippet:-1, max-image-preview:large, max-video-preview:-1\" \/>\n<link rel=\"canonical\" href=\"https:\/\/theworldbilliards.com\/fr\/produit\/air-hockey-american-heritage-wicked-ice-7\/\" \/>\n<meta property=\"og:locale\" content=\"fr_FR\" \/>\n<meta property=\"og:type\" content=\"article\" \/>\n<meta property=\"og:title\" content=\"Acheter Air Hockey American Heritage Wicked Ice 7&#039; - The World Billiards\" \/>\n<meta property=\"og:description\" content=\"Apportez l&#039;action glac\u00e9e du air hockey chez vous avec la table de hockey sur glace Wicked\u00a0! Sa surface de jeu gris mat de qualit\u00e9 sup\u00e9rieure glisse en douceur et le syst\u00e8me de notation \u00e9lectronique rabattable permet de suivre ces matchs passionn\u00e9s. Les rails en porte-\u00e0-faux minimisent les rebonds, ce qui vous permet de maintenir un rythme de tir rapide. Et gr\u00e2ce \u00e0 un moteur robuste de 120 V, le flux d\u2019air reste constant et puissant. Avec (2) attaquants assortis et (2) rondelles noires incluses, vous \u00eates pr\u00eat \u00e0 frapper la \u00ab glace \u00bb !\" \/>\n<meta property=\"og:url\" content=\"https:\/\/theworldbilliards.com\/fr\/produit\/air-hockey-american-heritage-wicked-ice-7\/\" \/>\n<meta property=\"og:site_name\" content=\"The World Billiards\" \/>\n<meta property=\"article:publisher\" content=\"https:\/\/www.facebook.com\/baby.foot.superbes\" \/>\n<meta property=\"article:modified_time\" content=\"2025-05-27T11:45:48+00:00\" \/>\n<meta property=\"og:image\" content=\"https:\/\/theworldbilliards.com\/wp-content\/uploads\/2024\/07\/wicked-air-hockey-table.png\" \/>\n\t<meta property=\"og:image:width\" content=\"1000\" \/>\n\t<meta property=\"og:image:height\" content=\"1000\" \/>\n\t<meta property=\"og:image:type\" content=\"image\/png\" \/>\n<meta name=\"twitter:card\" content=\"summary_large_image\" \/>\n<script type=\"application\/ld+json\" class=\"yoast-schema-graph\">{\"@context\":\"https:\\\/\\\/schema.org\",\"@graph\":[{\"@type\":\"WebPage\",\"@id\":\"https:\\\/\\\/theworldbilliards.com\\\/fr\\\/produit\\\/air-hockey-american-heritage-wicked-ice-7\\\/\",\"url\":\"https:\\\/\\\/theworldbilliards.com\\\/fr\\\/produit\\\/air-hockey-american-heritage-wicked-ice-7\\\/\",\"name\":\"Acheter Air Hockey American Heritage Wicked Ice 7' - The World Billiards\",\"isPartOf\":{\"@id\":\"https:\\\/\\\/theworldbilliards.com\\\/fr\\\/#website\"},\"primaryImageOfPage\":{\"@id\":\"https:\\\/\\\/theworldbilliards.com\\\/fr\\\/produit\\\/air-hockey-american-heritage-wicked-ice-7\\\/#primaryimage\"},\"image\":{\"@id\":\"https:\\\/\\\/theworldbilliards.com\\\/fr\\\/produit\\\/air-hockey-american-heritage-wicked-ice-7\\\/#primaryimage\"},\"thumbnailUrl\":\"https:\\\/\\\/theworldbilliards.com\\\/wp-content\\\/uploads\\\/2024\\\/07\\\/wicked-air-hockey-table.png\",\"datePublished\":\"2024-07-22T11:53:54+00:00\",\"dateModified\":\"2025-05-27T11:45:48+00:00\",\"description\":\"Apportez l'action glac\u00e9e du air hockey chez vous avec la table de hockey sur glace Wicked\u00a0! Sa surface de jeu gris mat de qualit\u00e9 sup\u00e9rieure glisse en douceur et le syst\u00e8me de notation \u00e9lectronique rabattable permet de suivre ces matchs passionn\u00e9s. Les rails en porte-\u00e0-faux minimisent les rebonds, ce qui vous permet de maintenir un rythme de tir rapide. Et gr\u00e2ce \u00e0 un moteur robuste de 120 V, le flux d\u2019air reste constant et puissant. Avec (2) attaquants assortis et (2) rondelles noires incluses, vous \u00eates pr\u00eat \u00e0 frapper la \u00ab glace \u00bb !\",\"breadcrumb\":{\"@id\":\"https:\\\/\\\/theworldbilliards.com\\\/fr\\\/produit\\\/air-hockey-american-heritage-wicked-ice-7\\\/#breadcrumb\"},\"inLanguage\":\"fr-FR\",\"potentialAction\":[{\"@type\":\"ReadAction\",\"target\":[\"https:\\\/\\\/theworldbilliards.com\\\/fr\\\/produit\\\/air-hockey-american-heritage-wicked-ice-7\\\/\"]}]},{\"@type\":\"ImageObject\",\"inLanguage\":\"fr-FR\",\"@id\":\"https:\\\/\\\/theworldbilliards.com\\\/fr\\\/produit\\\/air-hockey-american-heritage-wicked-ice-7\\\/#primaryimage\",\"url\":\"https:\\\/\\\/theworldbilliards.com\\\/wp-content\\\/uploads\\\/2024\\\/07\\\/wicked-air-hockey-table.png\",\"contentUrl\":\"https:\\\/\\\/theworldbilliards.com\\\/wp-content\\\/uploads\\\/2024\\\/07\\\/wicked-air-hockey-table.png\",\"width\":1000,\"height\":1000},{\"@type\":\"BreadcrumbList\",\"@id\":\"https:\\\/\\\/theworldbilliards.com\\\/fr\\\/produit\\\/air-hockey-american-heritage-wicked-ice-7\\\/#breadcrumb\",\"itemListElement\":[{\"@type\":\"ListItem\",\"position\":1,\"name\":\"In\u00edcio\",\"item\":\"https:\\\/\\\/theworldbilliards.com\\\/fr\\\/\"},{\"@type\":\"ListItem\",\"position\":2,\"name\":\"Boutique en ligne\",\"item\":\"https:\\\/\\\/theworldbilliards.com\\\/fr\\\/boutique-theworldbilliards\\\/\"},{\"@type\":\"ListItem\",\"position\":3,\"name\":\"Air Hockey American Heritage Wicked Ice 7&#8242;\"}]},{\"@type\":\"WebSite\",\"@id\":\"https:\\\/\\\/theworldbilliards.com\\\/fr\\\/#website\",\"url\":\"https:\\\/\\\/theworldbilliards.com\\\/fr\\\/\",\"name\":\"TheWorldBilliards\",\"description\":\"Achetez ici billard, baby-foot, ping-pong et bowling\",\"publisher\":{\"@id\":\"https:\\\/\\\/theworldbilliards.com\\\/fr\\\/#organization\"},\"alternateName\":\"The world billiards\",\"potentialAction\":[{\"@type\":\"SearchAction\",\"target\":{\"@type\":\"EntryPoint\",\"urlTemplate\":\"https:\\\/\\\/theworldbilliards.com\\\/fr\\\/?s={search_term_string}\"},\"query-input\":{\"@type\":\"PropertyValueSpecification\",\"valueRequired\":true,\"valueName\":\"search_term_string\"}}],\"inLanguage\":\"fr-FR\"},{\"@type\":\"Organization\",\"@id\":\"https:\\\/\\\/theworldbilliards.com\\\/fr\\\/#organization\",\"name\":\"The World Billiards\",\"alternateName\":\"The World Billiards\",\"url\":\"https:\\\/\\\/theworldbilliards.com\\\/fr\\\/\",\"logo\":{\"@type\":\"ImageObject\",\"inLanguage\":\"fr-FR\",\"@id\":\"https:\\\/\\\/theworldbilliards.com\\\/fr\\\/#\\\/schema\\\/logo\\\/image\\\/\",\"url\":\"\",\"contentUrl\":\"\",\"caption\":\"The World Billiards\"},\"image\":{\"@id\":\"https:\\\/\\\/theworldbilliards.com\\\/fr\\\/#\\\/schema\\\/logo\\\/image\\\/\"},\"sameAs\":[\"https:\\\/\\\/www.facebook.com\\\/baby.foot.superbes\",\"https:\\\/\\\/www.youtube.com\\\/channel\\\/UCIMuOVAaUcH6UpZcsZlH0Tg\",\"https:\\\/\\\/www.facebook.com\\\/people\\\/Brunswick-Billiards-EspaaPortugal\\\/100066446264309\\\/\",\"https:\\\/\\\/www.instagram.com\\\/the_world_billiards\\\/\",\"https:\\\/\\\/www.pinterest.es\\\/Theworldbilliards\\\/\"]}]}<\/script>\n<!-- \/ Yoast SEO plugin. -->","yoast_head_json":{"title":"Acheter Air Hockey American Heritage Wicked Ice 7' - The World Billiards","description":"Apportez l'action glac\u00e9e du air hockey chez vous avec la table de hockey sur glace Wicked\u00a0! Sa surface de jeu gris mat de qualit\u00e9 sup\u00e9rieure glisse en douceur et le syst\u00e8me de notation \u00e9lectronique rabattable permet de suivre ces matchs passionn\u00e9s. Les rails en porte-\u00e0-faux minimisent les rebonds, ce qui vous permet de maintenir un rythme de tir rapide. Et gr\u00e2ce \u00e0 un moteur robuste de 120 V, le flux d\u2019air reste constant et puissant. Avec (2) attaquants assortis et (2) rondelles noires incluses, vous \u00eates pr\u00eat \u00e0 frapper la \u00ab glace \u00bb !","robots":{"index":"index","follow":"follow","max-snippet":"max-snippet:-1","max-image-preview":"max-image-preview:large","max-video-preview":"max-video-preview:-1"},"canonical":"https:\/\/theworldbilliards.com\/fr\/produit\/air-hockey-american-heritage-wicked-ice-7\/","og_locale":"fr_FR","og_type":"article","og_title":"Acheter Air Hockey American Heritage Wicked Ice 7' - The World Billiards","og_description":"Apportez l'action glac\u00e9e du air hockey chez vous avec la table de hockey sur glace Wicked\u00a0! Sa surface de jeu gris mat de qualit\u00e9 sup\u00e9rieure glisse en douceur et le syst\u00e8me de notation \u00e9lectronique rabattable permet de suivre ces matchs passionn\u00e9s. Les rails en porte-\u00e0-faux minimisent les rebonds, ce qui vous permet de maintenir un rythme de tir rapide. Et gr\u00e2ce \u00e0 un moteur robuste de 120 V, le flux d\u2019air reste constant et puissant. Avec (2) attaquants assortis et (2) rondelles noires incluses, vous \u00eates pr\u00eat \u00e0 frapper la \u00ab glace \u00bb !","og_url":"https:\/\/theworldbilliards.com\/fr\/produit\/air-hockey-american-heritage-wicked-ice-7\/","og_site_name":"The World Billiards","article_publisher":"https:\/\/www.facebook.com\/baby.foot.superbes","article_modified_time":"2025-05-27T11:45:48+00:00","og_image":[{"width":1000,"height":1000,"url":"https:\/\/theworldbilliards.com\/wp-content\/uploads\/2024\/07\/wicked-air-hockey-table.png","type":"image\/png"}],"twitter_card":"summary_large_image","schema":{"@context":"https:\/\/schema.org","@graph":[{"@type":"WebPage","@id":"https:\/\/theworldbilliards.com\/fr\/produit\/air-hockey-american-heritage-wicked-ice-7\/","url":"https:\/\/theworldbilliards.com\/fr\/produit\/air-hockey-american-heritage-wicked-ice-7\/","name":"Acheter Air Hockey American Heritage Wicked Ice 7' - The World Billiards","isPartOf":{"@id":"https:\/\/theworldbilliards.com\/fr\/#website"},"primaryImageOfPage":{"@id":"https:\/\/theworldbilliards.com\/fr\/produit\/air-hockey-american-heritage-wicked-ice-7\/#primaryimage"},"image":{"@id":"https:\/\/theworldbilliards.com\/fr\/produit\/air-hockey-american-heritage-wicked-ice-7\/#primaryimage"},"thumbnailUrl":"https:\/\/theworldbilliards.com\/wp-content\/uploads\/2024\/07\/wicked-air-hockey-table.png","datePublished":"2024-07-22T11:53:54+00:00","dateModified":"2025-05-27T11:45:48+00:00","description":"Apportez l'action glac\u00e9e du air hockey chez vous avec la table de hockey sur glace Wicked\u00a0! Sa surface de jeu gris mat de qualit\u00e9 sup\u00e9rieure glisse en douceur et le syst\u00e8me de notation \u00e9lectronique rabattable permet de suivre ces matchs passionn\u00e9s. Les rails en porte-\u00e0-faux minimisent les rebonds, ce qui vous permet de maintenir un rythme de tir rapide. Et gr\u00e2ce \u00e0 un moteur robuste de 120 V, le flux d\u2019air reste constant et puissant. Avec (2) attaquants assortis et (2) rondelles noires incluses, vous \u00eates pr\u00eat \u00e0 frapper la \u00ab glace \u00bb !","breadcrumb":{"@id":"https:\/\/theworldbilliards.com\/fr\/produit\/air-hockey-american-heritage-wicked-ice-7\/#breadcrumb"},"inLanguage":"fr-FR","potentialAction":[{"@type":"ReadAction","target":["https:\/\/theworldbilliards.com\/fr\/produit\/air-hockey-american-heritage-wicked-ice-7\/"]}]},{"@type":"ImageObject","inLanguage":"fr-FR","@id":"https:\/\/theworldbilliards.com\/fr\/produit\/air-hockey-american-heritage-wicked-ice-7\/#primaryimage","url":"https:\/\/theworldbilliards.com\/wp-content\/uploads\/2024\/07\/wicked-air-hockey-table.png","contentUrl":"https:\/\/theworldbilliards.com\/wp-content\/uploads\/2024\/07\/wicked-air-hockey-table.png","width":1000,"height":1000},{"@type":"BreadcrumbList","@id":"https:\/\/theworldbilliards.com\/fr\/produit\/air-hockey-american-heritage-wicked-ice-7\/#breadcrumb","itemListElement":[{"@type":"ListItem","position":1,"name":"In\u00edcio","item":"https:\/\/theworldbilliards.com\/fr\/"},{"@type":"ListItem","position":2,"name":"Boutique en ligne","item":"https:\/\/theworldbilliards.com\/fr\/boutique-theworldbilliards\/"},{"@type":"ListItem","position":3,"name":"Air Hockey American Heritage Wicked Ice 7&#8242;"}]},{"@type":"WebSite","@id":"https:\/\/theworldbilliards.com\/fr\/#website","url":"https:\/\/theworldbilliards.com\/fr\/","name":"TheWorldBilliards","description":"Achetez ici billard, baby-foot, ping-pong et bowling","publisher":{"@id":"https:\/\/theworldbilliards.com\/fr\/#organization"},"alternateName":"The world billiards","potentialAction":[{"@type":"SearchAction","target":{"@type":"EntryPoint","urlTemplate":"https:\/\/theworldbilliards.com\/fr\/?s={search_term_string}"},"query-input":{"@type":"PropertyValueSpecification","valueRequired":true,"valueName":"search_term_string"}}],"inLanguage":"fr-FR"},{"@type":"Organization","@id":"https:\/\/theworldbilliards.com\/fr\/#organization","name":"The World Billiards","alternateName":"The World Billiards","url":"https:\/\/theworldbilliards.com\/fr\/","logo":{"@type":"ImageObject","inLanguage":"fr-FR","@id":"https:\/\/theworldbilliards.com\/fr\/#\/schema\/logo\/image\/","url":"","contentUrl":"","caption":"The World Billiards"},"image":{"@id":"https:\/\/theworldbilliards.com\/fr\/#\/schema\/logo\/image\/"},"sameAs":["https:\/\/www.facebook.com\/baby.foot.superbes","https:\/\/www.youtube.com\/channel\/UCIMuOVAaUcH6UpZcsZlH0Tg","https:\/\/www.facebook.com\/people\/Brunswick-Billiards-EspaaPortugal\/100066446264309\/","https:\/\/www.instagram.com\/the_world_billiards\/","https:\/\/www.pinterest.es\/Theworldbilliards\/"]}]}},"_links":{"self":[{"href":"https:\/\/theworldbilliards.com\/fr\/wp-json\/wp\/v2\/product\/104697","targetHints":{"allow":["GET"]}}],"collection":[{"href":"https:\/\/theworldbilliards.com\/fr\/wp-json\/wp\/v2\/product"}],"about":[{"href":"https:\/\/theworldbilliards.com\/fr\/wp-json\/wp\/v2\/types\/product"}],"wp:featuredmedia":[{"embeddable":true,"href":"https:\/\/theworldbilliards.com\/fr\/wp-json\/wp\/v2\/media\/104701"}],"wp:attachment":[{"href":"https:\/\/theworldbilliards.com\/fr\/wp-json\/wp\/v2\/media?parent=104697"}],"wp:term":[{"taxonomy":"product_brand","embeddable":true,"href":"https:\/\/theworldbilliards.com\/fr\/wp-json\/wp\/v2\/product_brand?post=104697"},{"taxonomy":"product_cat","embeddable":true,"href":"https:\/\/theworldbilliards.com\/fr\/wp-json\/wp\/v2\/product_cat?post=104697"},{"taxonomy":"product_tag","embeddable":true,"href":"https:\/\/theworldbilliards.com\/fr\/wp-json\/wp\/v2\/product_tag?post=104697"}],"curies":[{"name":"wp","href":"https:\/\/api.w.org\/{rel}","templated":true}]}}