{"id":104746,"date":"2024-07-24T13:03:28","date_gmt":"2024-07-24T11:03:28","guid":{"rendered":"https:\/\/theworldbilliards.com\/?post_type=product&#038;p=104746"},"modified":"2025-05-27T13:45:34","modified_gmt":"2025-05-27T11:45:34","slug":"air-hockey-dynamo-cosmic-thunder-avec-monnayeur","status":"publish","type":"product","link":"https:\/\/theworldbilliards.com\/fr\/produit\/air-hockey-dynamo-cosmic-thunder-avec-monnayeur\/","title":{"rendered":"Air Hockey Dynamo Cosmic Thunder avec monnayeur"},"content":{"rendered":"<p>Soyez foudroy\u00e9 avec l&rsquo;\u00e9cran lumineux LED multicolore Cosmic Thunders ainsi que le son interactif pendant le mode d&rsquo;attraction et de jeu. Le terrain de jeu en polycarbonate a une surface de jeu lisse et rapide avec un syst\u00e8me de notation int\u00e9gr\u00e9. Les rails, les coins bas, les pieds et le terrain de jeu sont tous r\u00e9tro\u00e9clair\u00e9s pour attirer les invit\u00e9s. Les protections de bouclier offrent une protection contre les rondelles volantes, tout en soulignant la marque Dynamo Air Hockey. Cette table de Air Hockey de 7 pieds est id\u00e9ale pour les FEC ou tout autre endroit souhaitant gagner de s\u00e9rieux revenus.<\/p>\n<p>LED multicolores<br \/>\nSyst\u00e8me de notation int\u00e9gr\u00e9<br \/>\nLes jambes LED changent de couleur pendant le jeu<\/p>\n","protected":false},"excerpt":{"rendered":"<p>Soyez foudroy\u00e9 avec l&rsquo;\u00e9cran lumineux LED multicolore Cosmic Thunders ainsi que le son interactif pendant le mode d&rsquo;attraction et de [&hellip;]<\/p>\n","protected":false},"featured_media":90109,"template":"","meta":{"site-sidebar-layout":"default","site-content-layout":"","ast-site-content-layout":"default","site-content-style":"default","site-sidebar-style":"default","ast-global-header-display":"","ast-banner-title-visibility":"","ast-main-header-display":"","ast-hfb-above-header-display":"","ast-hfb-below-header-display":"","ast-hfb-mobile-header-display":"","site-post-title":"","ast-breadcrumbs-content":"","ast-featured-img":"","footer-sml-layout":"","ast-disable-related-posts":"","theme-transparent-header-meta":"default","adv-header-id-meta":"","stick-header-meta":"","header-above-stick-meta":"","header-main-stick-meta":"","header-below-stick-meta":"","astra-migrate-meta-layouts":"default","ast-page-background-enabled":"default","ast-page-background-meta":{"desktop":{"background-color":"var(--ast-global-color-4)","background-image":"","background-repeat":"repeat","background-position":"center center","background-size":"auto","background-attachment":"scroll","background-type":"","background-media":"","overlay-type":"","overlay-color":"","overlay-opacity":"","overlay-gradient":""},"tablet":{"background-color":"","background-image":"","background-repeat":"repeat","background-position":"center center","background-size":"auto","background-attachment":"scroll","background-type":"","background-media":"","overlay-type":"","overlay-color":"","overlay-opacity":"","overlay-gradient":""},"mobile":{"background-color":"","background-image":"","background-repeat":"repeat","background-position":"center center","background-size":"auto","background-attachment":"scroll","background-type":"","background-media":"","overlay-type":"","overlay-color":"","overlay-opacity":"","overlay-gradient":""}},"ast-content-background-meta":{"desktop":{"background-color":"var(--ast-global-color-5)","background-image":"","background-repeat":"repeat","background-position":"center center","background-size":"auto","background-attachment":"scroll","background-type":"","background-media":"","overlay-type":"","overlay-color":"","overlay-opacity":"","overlay-gradient":""},"tablet":{"background-color":"var(--ast-global-color-5)","background-image":"","background-repeat":"repeat","background-position":"center center","background-size":"auto","background-attachment":"scroll","background-type":"","background-media":"","overlay-type":"","overlay-color":"","overlay-opacity":"","overlay-gradient":""},"mobile":{"background-color":"var(--ast-global-color-5)","background-image":"","background-repeat":"repeat","background-position":"center center","background-size":"auto","background-attachment":"scroll","background-type":"","background-media":"","overlay-type":"","overlay-color":"","overlay-opacity":"","overlay-gradient":""}}},"product_brand":[5202],"product_cat":[1219],"product_tag":[],"class_list":{"0":"post-104746","1":"product","2":"type-product","3":"status-publish","4":"has-post-thumbnail","6":"product_brand-valley-dynamo-fr","7":"product_cat-air-hockey-fr","8":"product_shipping_class-grand-air-hockey","9":"desktop-align-center","10":"tablet-align-left","11":"mobile-align-left","13":"first","14":"instock","15":"taxable","16":"shipping-taxable","17":"product-type-simple"},"yoast_head":"<!-- This site is optimized with the Yoast SEO plugin v27.4 - https:\/\/yoast.com\/product\/yoast-seo-wordpress\/ -->\n<title>Acheter Air Hockey Dynamo Cosmic Thunder avec monnayeur - The World Billiards<\/title>\n<meta name=\"description\" content=\"Soyez foudroy\u00e9 avec l&#039;\u00e9cran lumineux LED multicolore Cosmic Thunders ainsi que le son interactif pendant le mode d&#039;attraction et de jeu. Le terrain de jeu en polycarbonate a une surface de jeu lisse et rapide avec un syst\u00e8me de notation int\u00e9gr\u00e9. Les rails, les coins bas, les pieds et le terrain de jeu sont tous r\u00e9tro\u00e9clair\u00e9s pour attirer les invit\u00e9s. Les protections de bouclier offrent une protection contre les rondelles volantes, tout en soulignant la marque Dynamo Air Hockey. Cette table de Air Hockey de 7 pieds est id\u00e9ale pour les FEC ou tout autre endroit souhaitant gagner de s\u00e9rieux revenus.  LED multicolores Syst\u00e8me de notation int\u00e9gr\u00e9 Les jambes LED changent de couleur pendant le jeu\" \/>\n<meta name=\"robots\" content=\"index, follow, max-snippet:-1, max-image-preview:large, max-video-preview:-1\" \/>\n<link rel=\"canonical\" href=\"https:\/\/theworldbilliards.com\/fr\/produit\/air-hockey-dynamo-cosmic-thunder-avec-monnayeur\/\" \/>\n<meta property=\"og:locale\" content=\"fr_FR\" \/>\n<meta property=\"og:type\" content=\"article\" \/>\n<meta property=\"og:title\" content=\"Acheter Air Hockey Dynamo Cosmic Thunder avec monnayeur - The World Billiards\" \/>\n<meta property=\"og:description\" content=\"Soyez foudroy\u00e9 avec l&#039;\u00e9cran lumineux LED multicolore Cosmic Thunders ainsi que le son interactif pendant le mode d&#039;attraction et de jeu. Le terrain de jeu en polycarbonate a une surface de jeu lisse et rapide avec un syst\u00e8me de notation int\u00e9gr\u00e9. Les rails, les coins bas, les pieds et le terrain de jeu sont tous r\u00e9tro\u00e9clair\u00e9s pour attirer les invit\u00e9s. Les protections de bouclier offrent une protection contre les rondelles volantes, tout en soulignant la marque Dynamo Air Hockey. Cette table de Air Hockey de 7 pieds est id\u00e9ale pour les FEC ou tout autre endroit souhaitant gagner de s\u00e9rieux revenus.  LED multicolores Syst\u00e8me de notation int\u00e9gr\u00e9 Les jambes LED changent de couleur pendant le jeu\" \/>\n<meta property=\"og:url\" content=\"https:\/\/theworldbilliards.com\/fr\/produit\/air-hockey-dynamo-cosmic-thunder-avec-monnayeur\/\" \/>\n<meta property=\"og:site_name\" content=\"The World Billiards\" \/>\n<meta property=\"article:publisher\" content=\"https:\/\/www.facebook.com\/baby.foot.superbes\" \/>\n<meta property=\"article:modified_time\" content=\"2025-05-27T11:45:34+00:00\" \/>\n<meta property=\"og:image\" content=\"https:\/\/theworldbilliards.com\/wp-content\/uploads\/2022\/09\/HockeyTable_Cosmic-thunder.png\" \/>\n\t<meta property=\"og:image:width\" content=\"1000\" \/>\n\t<meta property=\"og:image:height\" content=\"1000\" \/>\n\t<meta property=\"og:image:type\" content=\"image\/png\" \/>\n<meta name=\"twitter:card\" content=\"summary_large_image\" \/>\n<script type=\"application\/ld+json\" class=\"yoast-schema-graph\">{\"@context\":\"https:\\\/\\\/schema.org\",\"@graph\":[{\"@type\":\"WebPage\",\"@id\":\"https:\\\/\\\/theworldbilliards.com\\\/fr\\\/produit\\\/air-hockey-dynamo-cosmic-thunder-avec-monnayeur\\\/\",\"url\":\"https:\\\/\\\/theworldbilliards.com\\\/fr\\\/produit\\\/air-hockey-dynamo-cosmic-thunder-avec-monnayeur\\\/\",\"name\":\"Acheter Air Hockey Dynamo Cosmic Thunder avec monnayeur - The World Billiards\",\"isPartOf\":{\"@id\":\"https:\\\/\\\/theworldbilliards.com\\\/fr\\\/#website\"},\"primaryImageOfPage\":{\"@id\":\"https:\\\/\\\/theworldbilliards.com\\\/fr\\\/produit\\\/air-hockey-dynamo-cosmic-thunder-avec-monnayeur\\\/#primaryimage\"},\"image\":{\"@id\":\"https:\\\/\\\/theworldbilliards.com\\\/fr\\\/produit\\\/air-hockey-dynamo-cosmic-thunder-avec-monnayeur\\\/#primaryimage\"},\"thumbnailUrl\":\"https:\\\/\\\/theworldbilliards.com\\\/wp-content\\\/uploads\\\/2022\\\/09\\\/HockeyTable_Cosmic-thunder.png\",\"datePublished\":\"2024-07-24T11:03:28+00:00\",\"dateModified\":\"2025-05-27T11:45:34+00:00\",\"description\":\"Soyez foudroy\u00e9 avec l'\u00e9cran lumineux LED multicolore Cosmic Thunders ainsi que le son interactif pendant le mode d'attraction et de jeu. Le terrain de jeu en polycarbonate a une surface de jeu lisse et rapide avec un syst\u00e8me de notation int\u00e9gr\u00e9. Les rails, les coins bas, les pieds et le terrain de jeu sont tous r\u00e9tro\u00e9clair\u00e9s pour attirer les invit\u00e9s. Les protections de bouclier offrent une protection contre les rondelles volantes, tout en soulignant la marque Dynamo Air Hockey. Cette table de Air Hockey de 7 pieds est id\u00e9ale pour les FEC ou tout autre endroit souhaitant gagner de s\u00e9rieux revenus. LED multicolores Syst\u00e8me de notation int\u00e9gr\u00e9 Les jambes LED changent de couleur pendant le jeu\",\"breadcrumb\":{\"@id\":\"https:\\\/\\\/theworldbilliards.com\\\/fr\\\/produit\\\/air-hockey-dynamo-cosmic-thunder-avec-monnayeur\\\/#breadcrumb\"},\"inLanguage\":\"fr-FR\",\"potentialAction\":[{\"@type\":\"ReadAction\",\"target\":[\"https:\\\/\\\/theworldbilliards.com\\\/fr\\\/produit\\\/air-hockey-dynamo-cosmic-thunder-avec-monnayeur\\\/\"]}]},{\"@type\":\"ImageObject\",\"inLanguage\":\"fr-FR\",\"@id\":\"https:\\\/\\\/theworldbilliards.com\\\/fr\\\/produit\\\/air-hockey-dynamo-cosmic-thunder-avec-monnayeur\\\/#primaryimage\",\"url\":\"https:\\\/\\\/theworldbilliards.com\\\/wp-content\\\/uploads\\\/2022\\\/09\\\/HockeyTable_Cosmic-thunder.png\",\"contentUrl\":\"https:\\\/\\\/theworldbilliards.com\\\/wp-content\\\/uploads\\\/2022\\\/09\\\/HockeyTable_Cosmic-thunder.png\",\"width\":1000,\"height\":1000},{\"@type\":\"BreadcrumbList\",\"@id\":\"https:\\\/\\\/theworldbilliards.com\\\/fr\\\/produit\\\/air-hockey-dynamo-cosmic-thunder-avec-monnayeur\\\/#breadcrumb\",\"itemListElement\":[{\"@type\":\"ListItem\",\"position\":1,\"name\":\"In\u00edcio\",\"item\":\"https:\\\/\\\/theworldbilliards.com\\\/fr\\\/\"},{\"@type\":\"ListItem\",\"position\":2,\"name\":\"Boutique en ligne\",\"item\":\"https:\\\/\\\/theworldbilliards.com\\\/fr\\\/boutique-theworldbilliards\\\/\"},{\"@type\":\"ListItem\",\"position\":3,\"name\":\"Air Hockey Dynamo Cosmic Thunder avec monnayeur\"}]},{\"@type\":\"WebSite\",\"@id\":\"https:\\\/\\\/theworldbilliards.com\\\/fr\\\/#website\",\"url\":\"https:\\\/\\\/theworldbilliards.com\\\/fr\\\/\",\"name\":\"TheWorldBilliards\",\"description\":\"Achetez ici billard, baby-foot, ping-pong et bowling\",\"publisher\":{\"@id\":\"https:\\\/\\\/theworldbilliards.com\\\/fr\\\/#organization\"},\"alternateName\":\"The world billiards\",\"potentialAction\":[{\"@type\":\"SearchAction\",\"target\":{\"@type\":\"EntryPoint\",\"urlTemplate\":\"https:\\\/\\\/theworldbilliards.com\\\/fr\\\/?s={search_term_string}\"},\"query-input\":{\"@type\":\"PropertyValueSpecification\",\"valueRequired\":true,\"valueName\":\"search_term_string\"}}],\"inLanguage\":\"fr-FR\"},{\"@type\":\"Organization\",\"@id\":\"https:\\\/\\\/theworldbilliards.com\\\/fr\\\/#organization\",\"name\":\"The World Billiards\",\"alternateName\":\"The World Billiards\",\"url\":\"https:\\\/\\\/theworldbilliards.com\\\/fr\\\/\",\"logo\":{\"@type\":\"ImageObject\",\"inLanguage\":\"fr-FR\",\"@id\":\"https:\\\/\\\/theworldbilliards.com\\\/fr\\\/#\\\/schema\\\/logo\\\/image\\\/\",\"url\":\"\",\"contentUrl\":\"\",\"caption\":\"The World Billiards\"},\"image\":{\"@id\":\"https:\\\/\\\/theworldbilliards.com\\\/fr\\\/#\\\/schema\\\/logo\\\/image\\\/\"},\"sameAs\":[\"https:\\\/\\\/www.facebook.com\\\/baby.foot.superbes\",\"https:\\\/\\\/www.youtube.com\\\/channel\\\/UCIMuOVAaUcH6UpZcsZlH0Tg\",\"https:\\\/\\\/www.facebook.com\\\/people\\\/Brunswick-Billiards-EspaaPortugal\\\/100066446264309\\\/\",\"https:\\\/\\\/www.instagram.com\\\/the_world_billiards\\\/\",\"https:\\\/\\\/www.pinterest.es\\\/Theworldbilliards\\\/\"]}]}<\/script>\n<!-- \/ Yoast SEO plugin. -->","yoast_head_json":{"title":"Acheter Air Hockey Dynamo Cosmic Thunder avec monnayeur - The World Billiards","description":"Soyez foudroy\u00e9 avec l'\u00e9cran lumineux LED multicolore Cosmic Thunders ainsi que le son interactif pendant le mode d'attraction et de jeu. Le terrain de jeu en polycarbonate a une surface de jeu lisse et rapide avec un syst\u00e8me de notation int\u00e9gr\u00e9. Les rails, les coins bas, les pieds et le terrain de jeu sont tous r\u00e9tro\u00e9clair\u00e9s pour attirer les invit\u00e9s. Les protections de bouclier offrent une protection contre les rondelles volantes, tout en soulignant la marque Dynamo Air Hockey. Cette table de Air Hockey de 7 pieds est id\u00e9ale pour les FEC ou tout autre endroit souhaitant gagner de s\u00e9rieux revenus.  LED multicolores Syst\u00e8me de notation int\u00e9gr\u00e9 Les jambes LED changent de couleur pendant le jeu","robots":{"index":"index","follow":"follow","max-snippet":"max-snippet:-1","max-image-preview":"max-image-preview:large","max-video-preview":"max-video-preview:-1"},"canonical":"https:\/\/theworldbilliards.com\/fr\/produit\/air-hockey-dynamo-cosmic-thunder-avec-monnayeur\/","og_locale":"fr_FR","og_type":"article","og_title":"Acheter Air Hockey Dynamo Cosmic Thunder avec monnayeur - The World Billiards","og_description":"Soyez foudroy\u00e9 avec l'\u00e9cran lumineux LED multicolore Cosmic Thunders ainsi que le son interactif pendant le mode d'attraction et de jeu. Le terrain de jeu en polycarbonate a une surface de jeu lisse et rapide avec un syst\u00e8me de notation int\u00e9gr\u00e9. Les rails, les coins bas, les pieds et le terrain de jeu sont tous r\u00e9tro\u00e9clair\u00e9s pour attirer les invit\u00e9s. Les protections de bouclier offrent une protection contre les rondelles volantes, tout en soulignant la marque Dynamo Air Hockey. Cette table de Air Hockey de 7 pieds est id\u00e9ale pour les FEC ou tout autre endroit souhaitant gagner de s\u00e9rieux revenus.  LED multicolores Syst\u00e8me de notation int\u00e9gr\u00e9 Les jambes LED changent de couleur pendant le jeu","og_url":"https:\/\/theworldbilliards.com\/fr\/produit\/air-hockey-dynamo-cosmic-thunder-avec-monnayeur\/","og_site_name":"The World Billiards","article_publisher":"https:\/\/www.facebook.com\/baby.foot.superbes","article_modified_time":"2025-05-27T11:45:34+00:00","og_image":[{"width":1000,"height":1000,"url":"https:\/\/theworldbilliards.com\/wp-content\/uploads\/2022\/09\/HockeyTable_Cosmic-thunder.png","type":"image\/png"}],"twitter_card":"summary_large_image","schema":{"@context":"https:\/\/schema.org","@graph":[{"@type":"WebPage","@id":"https:\/\/theworldbilliards.com\/fr\/produit\/air-hockey-dynamo-cosmic-thunder-avec-monnayeur\/","url":"https:\/\/theworldbilliards.com\/fr\/produit\/air-hockey-dynamo-cosmic-thunder-avec-monnayeur\/","name":"Acheter Air Hockey Dynamo Cosmic Thunder avec monnayeur - The World Billiards","isPartOf":{"@id":"https:\/\/theworldbilliards.com\/fr\/#website"},"primaryImageOfPage":{"@id":"https:\/\/theworldbilliards.com\/fr\/produit\/air-hockey-dynamo-cosmic-thunder-avec-monnayeur\/#primaryimage"},"image":{"@id":"https:\/\/theworldbilliards.com\/fr\/produit\/air-hockey-dynamo-cosmic-thunder-avec-monnayeur\/#primaryimage"},"thumbnailUrl":"https:\/\/theworldbilliards.com\/wp-content\/uploads\/2022\/09\/HockeyTable_Cosmic-thunder.png","datePublished":"2024-07-24T11:03:28+00:00","dateModified":"2025-05-27T11:45:34+00:00","description":"Soyez foudroy\u00e9 avec l'\u00e9cran lumineux LED multicolore Cosmic Thunders ainsi que le son interactif pendant le mode d'attraction et de jeu. Le terrain de jeu en polycarbonate a une surface de jeu lisse et rapide avec un syst\u00e8me de notation int\u00e9gr\u00e9. Les rails, les coins bas, les pieds et le terrain de jeu sont tous r\u00e9tro\u00e9clair\u00e9s pour attirer les invit\u00e9s. Les protections de bouclier offrent une protection contre les rondelles volantes, tout en soulignant la marque Dynamo Air Hockey. Cette table de Air Hockey de 7 pieds est id\u00e9ale pour les FEC ou tout autre endroit souhaitant gagner de s\u00e9rieux revenus. LED multicolores Syst\u00e8me de notation int\u00e9gr\u00e9 Les jambes LED changent de couleur pendant le jeu","breadcrumb":{"@id":"https:\/\/theworldbilliards.com\/fr\/produit\/air-hockey-dynamo-cosmic-thunder-avec-monnayeur\/#breadcrumb"},"inLanguage":"fr-FR","potentialAction":[{"@type":"ReadAction","target":["https:\/\/theworldbilliards.com\/fr\/produit\/air-hockey-dynamo-cosmic-thunder-avec-monnayeur\/"]}]},{"@type":"ImageObject","inLanguage":"fr-FR","@id":"https:\/\/theworldbilliards.com\/fr\/produit\/air-hockey-dynamo-cosmic-thunder-avec-monnayeur\/#primaryimage","url":"https:\/\/theworldbilliards.com\/wp-content\/uploads\/2022\/09\/HockeyTable_Cosmic-thunder.png","contentUrl":"https:\/\/theworldbilliards.com\/wp-content\/uploads\/2022\/09\/HockeyTable_Cosmic-thunder.png","width":1000,"height":1000},{"@type":"BreadcrumbList","@id":"https:\/\/theworldbilliards.com\/fr\/produit\/air-hockey-dynamo-cosmic-thunder-avec-monnayeur\/#breadcrumb","itemListElement":[{"@type":"ListItem","position":1,"name":"In\u00edcio","item":"https:\/\/theworldbilliards.com\/fr\/"},{"@type":"ListItem","position":2,"name":"Boutique en ligne","item":"https:\/\/theworldbilliards.com\/fr\/boutique-theworldbilliards\/"},{"@type":"ListItem","position":3,"name":"Air Hockey Dynamo Cosmic Thunder avec monnayeur"}]},{"@type":"WebSite","@id":"https:\/\/theworldbilliards.com\/fr\/#website","url":"https:\/\/theworldbilliards.com\/fr\/","name":"TheWorldBilliards","description":"Achetez ici billard, baby-foot, ping-pong et bowling","publisher":{"@id":"https:\/\/theworldbilliards.com\/fr\/#organization"},"alternateName":"The world billiards","potentialAction":[{"@type":"SearchAction","target":{"@type":"EntryPoint","urlTemplate":"https:\/\/theworldbilliards.com\/fr\/?s={search_term_string}"},"query-input":{"@type":"PropertyValueSpecification","valueRequired":true,"valueName":"search_term_string"}}],"inLanguage":"fr-FR"},{"@type":"Organization","@id":"https:\/\/theworldbilliards.com\/fr\/#organization","name":"The World Billiards","alternateName":"The World Billiards","url":"https:\/\/theworldbilliards.com\/fr\/","logo":{"@type":"ImageObject","inLanguage":"fr-FR","@id":"https:\/\/theworldbilliards.com\/fr\/#\/schema\/logo\/image\/","url":"","contentUrl":"","caption":"The World Billiards"},"image":{"@id":"https:\/\/theworldbilliards.com\/fr\/#\/schema\/logo\/image\/"},"sameAs":["https:\/\/www.facebook.com\/baby.foot.superbes","https:\/\/www.youtube.com\/channel\/UCIMuOVAaUcH6UpZcsZlH0Tg","https:\/\/www.facebook.com\/people\/Brunswick-Billiards-EspaaPortugal\/100066446264309\/","https:\/\/www.instagram.com\/the_world_billiards\/","https:\/\/www.pinterest.es\/Theworldbilliards\/"]}]}},"_links":{"self":[{"href":"https:\/\/theworldbilliards.com\/fr\/wp-json\/wp\/v2\/product\/104746","targetHints":{"allow":["GET"]}}],"collection":[{"href":"https:\/\/theworldbilliards.com\/fr\/wp-json\/wp\/v2\/product"}],"about":[{"href":"https:\/\/theworldbilliards.com\/fr\/wp-json\/wp\/v2\/types\/product"}],"wp:featuredmedia":[{"embeddable":true,"href":"https:\/\/theworldbilliards.com\/fr\/wp-json\/wp\/v2\/media\/90109"}],"wp:attachment":[{"href":"https:\/\/theworldbilliards.com\/fr\/wp-json\/wp\/v2\/media?parent=104746"}],"wp:term":[{"taxonomy":"product_brand","embeddable":true,"href":"https:\/\/theworldbilliards.com\/fr\/wp-json\/wp\/v2\/product_brand?post=104746"},{"taxonomy":"product_cat","embeddable":true,"href":"https:\/\/theworldbilliards.com\/fr\/wp-json\/wp\/v2\/product_cat?post=104746"},{"taxonomy":"product_tag","embeddable":true,"href":"https:\/\/theworldbilliards.com\/fr\/wp-json\/wp\/v2\/product_tag?post=104746"}],"curies":[{"name":"wp","href":"https:\/\/api.w.org\/{rel}","templated":true}]}}