{"id":104868,"date":"2024-08-29T13:19:58","date_gmt":"2024-08-29T11:19:58","guid":{"rendered":"https:\/\/theworldbilliards.com\/?post_type=product&#038;p=104868"},"modified":"2024-08-29T13:30:20","modified_gmt":"2024-08-29T11:30:20","slug":"billard-valley-pro-cat-avec-monnayeur","status":"publish","type":"product","link":"https:\/\/theworldbilliards.com\/fr\/produit\/billard-valley-pro-cat-avec-monnayeur\/","title":{"rendered":"Billard VALLEY Pro Cat avec monnayeur"},"content":{"rendered":"<p>Apr\u00e8s de nombreuses discussions entre le personnel de Valley, des joueurs professionnels r\u00e9put\u00e9s, des membres de la ligue et bien s\u00fbr des op\u00e9rateurs, Valley a perfectionn\u00e9 la toute nouvelle table de sa gamme : la Pro Cat. Dot\u00e9e de vingt-quatre boulons d&rsquo;ardoise en acier renforc\u00e9, d&rsquo;une ardoise br\u00e9silienne de premi\u00e8re qualit\u00e9 en une seule pi\u00e8ce et d&rsquo;un tissu peign\u00e9 de championnat, la Pro Cat est la table la plus sophistiqu\u00e9e cr\u00e9\u00e9e au cours de ses pr\u00e8s de quatre-vingts ans d&rsquo;histoire.<\/p>\n<p>Caract\u00e9ristiques<br \/>\n24 boulons d&rsquo;ardoise en acier renforc\u00e9 offrent un jeu pr\u00e9cis et de niveau dans n&rsquo;importe quel environnement<br \/>\nArdoise br\u00e9silienne monobloc de 1 po, support\u00e9e en interne<br \/>\nPoches plus serr\u00e9es pour un jeu pr\u00eat pour le tournoi<br \/>\nAvec monnayeur<\/p>\n<p>Options disponibles<br \/>\nTaille de la table 7 pieds (93&Prime;)<br \/>\nLamin\u00e9 noir<\/p>\n","protected":false},"excerpt":{"rendered":"<p>Apr\u00e8s de nombreuses discussions entre le personnel de Valley, des joueurs professionnels r\u00e9put\u00e9s, des membres de la ligue et bien [&hellip;]<\/p>\n","protected":false},"featured_media":104872,"template":"","meta":{"site-sidebar-layout":"default","site-content-layout":"","ast-site-content-layout":"default","site-content-style":"default","site-sidebar-style":"default","ast-global-header-display":"","ast-banner-title-visibility":"","ast-main-header-display":"","ast-hfb-above-header-display":"","ast-hfb-below-header-display":"","ast-hfb-mobile-header-display":"","site-post-title":"","ast-breadcrumbs-content":"","ast-featured-img":"","footer-sml-layout":"","ast-disable-related-posts":"","theme-transparent-header-meta":"default","adv-header-id-meta":"","stick-header-meta":"","header-above-stick-meta":"","header-main-stick-meta":"","header-below-stick-meta":"","astra-migrate-meta-layouts":"default","ast-page-background-enabled":"default","ast-page-background-meta":{"desktop":{"background-color":"var(--ast-global-color-4)","background-image":"","background-repeat":"repeat","background-position":"center center","background-size":"auto","background-attachment":"scroll","background-type":"","background-media":"","overlay-type":"","overlay-color":"","overlay-opacity":"","overlay-gradient":""},"tablet":{"background-color":"","background-image":"","background-repeat":"repeat","background-position":"center center","background-size":"auto","background-attachment":"scroll","background-type":"","background-media":"","overlay-type":"","overlay-color":"","overlay-opacity":"","overlay-gradient":""},"mobile":{"background-color":"","background-image":"","background-repeat":"repeat","background-position":"center center","background-size":"auto","background-attachment":"scroll","background-type":"","background-media":"","overlay-type":"","overlay-color":"","overlay-opacity":"","overlay-gradient":""}},"ast-content-background-meta":{"desktop":{"background-color":"var(--ast-global-color-5)","background-image":"","background-repeat":"repeat","background-position":"center center","background-size":"auto","background-attachment":"scroll","background-type":"","background-media":"","overlay-type":"","overlay-color":"","overlay-opacity":"","overlay-gradient":""},"tablet":{"background-color":"var(--ast-global-color-5)","background-image":"","background-repeat":"repeat","background-position":"center center","background-size":"auto","background-attachment":"scroll","background-type":"","background-media":"","overlay-type":"","overlay-color":"","overlay-opacity":"","overlay-gradient":""},"mobile":{"background-color":"var(--ast-global-color-5)","background-image":"","background-repeat":"repeat","background-position":"center center","background-size":"auto","background-attachment":"scroll","background-type":"","background-media":"","overlay-type":"","overlay-color":"","overlay-opacity":"","overlay-gradient":""}}},"product_brand":[5202],"product_cat":[4526,1268],"product_tag":[],"class_list":{"0":"post-104868","1":"product","2":"type-product","3":"status-publish","4":"has-post-thumbnail","6":"product_brand-valley-dynamo-fr","7":"product_cat-produits-commerciaux","8":"product_cat-valley-dynamo-billards","9":"product_shipping_class-grand-billards","10":"desktop-align-center","11":"tablet-align-left","12":"mobile-align-left","14":"first","15":"instock","16":"taxable","17":"shipping-taxable","18":"product-type-simple"},"yoast_head":"<!-- This site is optimized with the Yoast SEO plugin v27.4 - https:\/\/yoast.com\/product\/yoast-seo-wordpress\/ -->\n<title>Acheter Billard VALLEY Pro Cat avec monnayeur - The World Billiards<\/title>\n<meta name=\"description\" content=\"Apr\u00e8s de nombreuses discussions entre le personnel de Valley, des joueurs professionnels r\u00e9put\u00e9s, des membres de la ligue et bien s\u00fbr des op\u00e9rateurs, Valley a perfectionn\u00e9 la toute nouvelle table de sa gamme : la Pro Cat. Dot\u00e9e de vingt-quatre boulons d&#039;ardoise en acier renforc\u00e9, d&#039;une ardoise br\u00e9silienne de premi\u00e8re qualit\u00e9 en une seule pi\u00e8ce et d&#039;un tissu peign\u00e9 de championnat, la Pro Cat est la table la plus sophistiqu\u00e9e cr\u00e9\u00e9e au cours de ses pr\u00e8s de quatre-vingts ans d&#039;histoire.  Caract\u00e9ristiques 24 boulons d&#039;ardoise en acier renforc\u00e9 offrent un jeu pr\u00e9cis et de niveau dans n&#039;importe quel environnement Ardoise br\u00e9silienne monobloc de 1 po, support\u00e9e en interne Poches plus serr\u00e9es pour un jeu pr\u00eat pour le tournoi Avec monnayeur  Options disponibles Taille de la table 7 pieds (93&quot;) Lamin\u00e9 noir\" \/>\n<meta name=\"robots\" content=\"index, follow, max-snippet:-1, max-image-preview:large, max-video-preview:-1\" \/>\n<link rel=\"canonical\" href=\"https:\/\/theworldbilliards.com\/fr\/produit\/billard-valley-pro-cat-avec-monnayeur\/\" \/>\n<meta property=\"og:locale\" content=\"fr_FR\" \/>\n<meta property=\"og:type\" content=\"article\" \/>\n<meta property=\"og:title\" content=\"Acheter Billard VALLEY Pro Cat avec monnayeur - The World Billiards\" \/>\n<meta property=\"og:description\" content=\"Apr\u00e8s de nombreuses discussions entre le personnel de Valley, des joueurs professionnels r\u00e9put\u00e9s, des membres de la ligue et bien s\u00fbr des op\u00e9rateurs, Valley a perfectionn\u00e9 la toute nouvelle table de sa gamme : la Pro Cat. Dot\u00e9e de vingt-quatre boulons d&#039;ardoise en acier renforc\u00e9, d&#039;une ardoise br\u00e9silienne de premi\u00e8re qualit\u00e9 en une seule pi\u00e8ce et d&#039;un tissu peign\u00e9 de championnat, la Pro Cat est la table la plus sophistiqu\u00e9e cr\u00e9\u00e9e au cours de ses pr\u00e8s de quatre-vingts ans d&#039;histoire.  Caract\u00e9ristiques 24 boulons d&#039;ardoise en acier renforc\u00e9 offrent un jeu pr\u00e9cis et de niveau dans n&#039;importe quel environnement Ardoise br\u00e9silienne monobloc de 1 po, support\u00e9e en interne Poches plus serr\u00e9es pour un jeu pr\u00eat pour le tournoi Avec monnayeur  Options disponibles Taille de la table 7 pieds (93&quot;) Lamin\u00e9 noir\" \/>\n<meta property=\"og:url\" content=\"https:\/\/theworldbilliards.com\/fr\/produit\/billard-valley-pro-cat-avec-monnayeur\/\" \/>\n<meta property=\"og:site_name\" content=\"The World Billiards\" \/>\n<meta property=\"article:publisher\" content=\"https:\/\/www.facebook.com\/baby.foot.superbes\" \/>\n<meta property=\"article:modified_time\" content=\"2024-08-29T11:30:20+00:00\" \/>\n<meta property=\"og:image\" content=\"https:\/\/theworldbilliards.com\/wp-content\/uploads\/2024\/08\/Valley-Pro-Cat-monedero.jpg\" \/>\n\t<meta property=\"og:image:width\" content=\"882\" \/>\n\t<meta property=\"og:image:height\" content=\"882\" \/>\n\t<meta property=\"og:image:type\" content=\"image\/jpeg\" \/>\n<meta name=\"twitter:card\" content=\"summary_large_image\" \/>\n<meta name=\"twitter:label1\" content=\"Dur\u00e9e de lecture estim\u00e9e\" \/>\n\t<meta name=\"twitter:data1\" content=\"1 minute\" \/>\n<script type=\"application\/ld+json\" class=\"yoast-schema-graph\">{\"@context\":\"https:\\\/\\\/schema.org\",\"@graph\":[{\"@type\":\"WebPage\",\"@id\":\"https:\\\/\\\/theworldbilliards.com\\\/fr\\\/produit\\\/billard-valley-pro-cat-avec-monnayeur\\\/\",\"url\":\"https:\\\/\\\/theworldbilliards.com\\\/fr\\\/produit\\\/billard-valley-pro-cat-avec-monnayeur\\\/\",\"name\":\"Acheter Billard VALLEY Pro Cat avec monnayeur - The World Billiards\",\"isPartOf\":{\"@id\":\"https:\\\/\\\/theworldbilliards.com\\\/fr\\\/#website\"},\"primaryImageOfPage\":{\"@id\":\"https:\\\/\\\/theworldbilliards.com\\\/fr\\\/produit\\\/billard-valley-pro-cat-avec-monnayeur\\\/#primaryimage\"},\"image\":{\"@id\":\"https:\\\/\\\/theworldbilliards.com\\\/fr\\\/produit\\\/billard-valley-pro-cat-avec-monnayeur\\\/#primaryimage\"},\"thumbnailUrl\":\"https:\\\/\\\/theworldbilliards.com\\\/wp-content\\\/uploads\\\/2024\\\/08\\\/Valley-Pro-Cat-monedero.jpg\",\"datePublished\":\"2024-08-29T11:19:58+00:00\",\"dateModified\":\"2024-08-29T11:30:20+00:00\",\"description\":\"Apr\u00e8s de nombreuses discussions entre le personnel de Valley, des joueurs professionnels r\u00e9put\u00e9s, des membres de la ligue et bien s\u00fbr des op\u00e9rateurs, Valley a perfectionn\u00e9 la toute nouvelle table de sa gamme : la Pro Cat. Dot\u00e9e de vingt-quatre boulons d'ardoise en acier renforc\u00e9, d'une ardoise br\u00e9silienne de premi\u00e8re qualit\u00e9 en une seule pi\u00e8ce et d'un tissu peign\u00e9 de championnat, la Pro Cat est la table la plus sophistiqu\u00e9e cr\u00e9\u00e9e au cours de ses pr\u00e8s de quatre-vingts ans d'histoire. Caract\u00e9ristiques 24 boulons d'ardoise en acier renforc\u00e9 offrent un jeu pr\u00e9cis et de niveau dans n'importe quel environnement Ardoise br\u00e9silienne monobloc de 1 po, support\u00e9e en interne Poches plus serr\u00e9es pour un jeu pr\u00eat pour le tournoi Avec monnayeur Options disponibles Taille de la table 7 pieds (93\\\") Lamin\u00e9 noir\",\"breadcrumb\":{\"@id\":\"https:\\\/\\\/theworldbilliards.com\\\/fr\\\/produit\\\/billard-valley-pro-cat-avec-monnayeur\\\/#breadcrumb\"},\"inLanguage\":\"fr-FR\",\"potentialAction\":[{\"@type\":\"ReadAction\",\"target\":[\"https:\\\/\\\/theworldbilliards.com\\\/fr\\\/produit\\\/billard-valley-pro-cat-avec-monnayeur\\\/\"]}]},{\"@type\":\"ImageObject\",\"inLanguage\":\"fr-FR\",\"@id\":\"https:\\\/\\\/theworldbilliards.com\\\/fr\\\/produit\\\/billard-valley-pro-cat-avec-monnayeur\\\/#primaryimage\",\"url\":\"https:\\\/\\\/theworldbilliards.com\\\/wp-content\\\/uploads\\\/2024\\\/08\\\/Valley-Pro-Cat-monedero.jpg\",\"contentUrl\":\"https:\\\/\\\/theworldbilliards.com\\\/wp-content\\\/uploads\\\/2024\\\/08\\\/Valley-Pro-Cat-monedero.jpg\",\"width\":882,\"height\":882},{\"@type\":\"BreadcrumbList\",\"@id\":\"https:\\\/\\\/theworldbilliards.com\\\/fr\\\/produit\\\/billard-valley-pro-cat-avec-monnayeur\\\/#breadcrumb\",\"itemListElement\":[{\"@type\":\"ListItem\",\"position\":1,\"name\":\"In\u00edcio\",\"item\":\"https:\\\/\\\/theworldbilliards.com\\\/fr\\\/\"},{\"@type\":\"ListItem\",\"position\":2,\"name\":\"Boutique en ligne\",\"item\":\"https:\\\/\\\/theworldbilliards.com\\\/fr\\\/boutique-theworldbilliards\\\/\"},{\"@type\":\"ListItem\",\"position\":3,\"name\":\"Billard VALLEY Pro Cat avec monnayeur\"}]},{\"@type\":\"WebSite\",\"@id\":\"https:\\\/\\\/theworldbilliards.com\\\/fr\\\/#website\",\"url\":\"https:\\\/\\\/theworldbilliards.com\\\/fr\\\/\",\"name\":\"TheWorldBilliards\",\"description\":\"Achetez ici billard, baby-foot, ping-pong et bowling\",\"publisher\":{\"@id\":\"https:\\\/\\\/theworldbilliards.com\\\/fr\\\/#organization\"},\"alternateName\":\"The world billiards\",\"potentialAction\":[{\"@type\":\"SearchAction\",\"target\":{\"@type\":\"EntryPoint\",\"urlTemplate\":\"https:\\\/\\\/theworldbilliards.com\\\/fr\\\/?s={search_term_string}\"},\"query-input\":{\"@type\":\"PropertyValueSpecification\",\"valueRequired\":true,\"valueName\":\"search_term_string\"}}],\"inLanguage\":\"fr-FR\"},{\"@type\":\"Organization\",\"@id\":\"https:\\\/\\\/theworldbilliards.com\\\/fr\\\/#organization\",\"name\":\"The World Billiards\",\"alternateName\":\"The World Billiards\",\"url\":\"https:\\\/\\\/theworldbilliards.com\\\/fr\\\/\",\"logo\":{\"@type\":\"ImageObject\",\"inLanguage\":\"fr-FR\",\"@id\":\"https:\\\/\\\/theworldbilliards.com\\\/fr\\\/#\\\/schema\\\/logo\\\/image\\\/\",\"url\":\"\",\"contentUrl\":\"\",\"caption\":\"The World Billiards\"},\"image\":{\"@id\":\"https:\\\/\\\/theworldbilliards.com\\\/fr\\\/#\\\/schema\\\/logo\\\/image\\\/\"},\"sameAs\":[\"https:\\\/\\\/www.facebook.com\\\/baby.foot.superbes\",\"https:\\\/\\\/www.youtube.com\\\/channel\\\/UCIMuOVAaUcH6UpZcsZlH0Tg\",\"https:\\\/\\\/www.facebook.com\\\/people\\\/Brunswick-Billiards-EspaaPortugal\\\/100066446264309\\\/\",\"https:\\\/\\\/www.instagram.com\\\/the_world_billiards\\\/\",\"https:\\\/\\\/www.pinterest.es\\\/Theworldbilliards\\\/\"]}]}<\/script>\n<!-- \/ Yoast SEO plugin. -->","yoast_head_json":{"title":"Acheter Billard VALLEY Pro Cat avec monnayeur - The World Billiards","description":"Apr\u00e8s de nombreuses discussions entre le personnel de Valley, des joueurs professionnels r\u00e9put\u00e9s, des membres de la ligue et bien s\u00fbr des op\u00e9rateurs, Valley a perfectionn\u00e9 la toute nouvelle table de sa gamme : la Pro Cat. Dot\u00e9e de vingt-quatre boulons d'ardoise en acier renforc\u00e9, d'une ardoise br\u00e9silienne de premi\u00e8re qualit\u00e9 en une seule pi\u00e8ce et d'un tissu peign\u00e9 de championnat, la Pro Cat est la table la plus sophistiqu\u00e9e cr\u00e9\u00e9e au cours de ses pr\u00e8s de quatre-vingts ans d'histoire.  Caract\u00e9ristiques 24 boulons d'ardoise en acier renforc\u00e9 offrent un jeu pr\u00e9cis et de niveau dans n'importe quel environnement Ardoise br\u00e9silienne monobloc de 1 po, support\u00e9e en interne Poches plus serr\u00e9es pour un jeu pr\u00eat pour le tournoi Avec monnayeur  Options disponibles Taille de la table 7 pieds (93\") Lamin\u00e9 noir","robots":{"index":"index","follow":"follow","max-snippet":"max-snippet:-1","max-image-preview":"max-image-preview:large","max-video-preview":"max-video-preview:-1"},"canonical":"https:\/\/theworldbilliards.com\/fr\/produit\/billard-valley-pro-cat-avec-monnayeur\/","og_locale":"fr_FR","og_type":"article","og_title":"Acheter Billard VALLEY Pro Cat avec monnayeur - The World Billiards","og_description":"Apr\u00e8s de nombreuses discussions entre le personnel de Valley, des joueurs professionnels r\u00e9put\u00e9s, des membres de la ligue et bien s\u00fbr des op\u00e9rateurs, Valley a perfectionn\u00e9 la toute nouvelle table de sa gamme : la Pro Cat. Dot\u00e9e de vingt-quatre boulons d'ardoise en acier renforc\u00e9, d'une ardoise br\u00e9silienne de premi\u00e8re qualit\u00e9 en une seule pi\u00e8ce et d'un tissu peign\u00e9 de championnat, la Pro Cat est la table la plus sophistiqu\u00e9e cr\u00e9\u00e9e au cours de ses pr\u00e8s de quatre-vingts ans d'histoire.  Caract\u00e9ristiques 24 boulons d'ardoise en acier renforc\u00e9 offrent un jeu pr\u00e9cis et de niveau dans n'importe quel environnement Ardoise br\u00e9silienne monobloc de 1 po, support\u00e9e en interne Poches plus serr\u00e9es pour un jeu pr\u00eat pour le tournoi Avec monnayeur  Options disponibles Taille de la table 7 pieds (93\") Lamin\u00e9 noir","og_url":"https:\/\/theworldbilliards.com\/fr\/produit\/billard-valley-pro-cat-avec-monnayeur\/","og_site_name":"The World Billiards","article_publisher":"https:\/\/www.facebook.com\/baby.foot.superbes","article_modified_time":"2024-08-29T11:30:20+00:00","og_image":[{"width":882,"height":882,"url":"https:\/\/theworldbilliards.com\/wp-content\/uploads\/2024\/08\/Valley-Pro-Cat-monedero.jpg","type":"image\/jpeg"}],"twitter_card":"summary_large_image","twitter_misc":{"Dur\u00e9e de lecture estim\u00e9e":"1 minute"},"schema":{"@context":"https:\/\/schema.org","@graph":[{"@type":"WebPage","@id":"https:\/\/theworldbilliards.com\/fr\/produit\/billard-valley-pro-cat-avec-monnayeur\/","url":"https:\/\/theworldbilliards.com\/fr\/produit\/billard-valley-pro-cat-avec-monnayeur\/","name":"Acheter Billard VALLEY Pro Cat avec monnayeur - The World Billiards","isPartOf":{"@id":"https:\/\/theworldbilliards.com\/fr\/#website"},"primaryImageOfPage":{"@id":"https:\/\/theworldbilliards.com\/fr\/produit\/billard-valley-pro-cat-avec-monnayeur\/#primaryimage"},"image":{"@id":"https:\/\/theworldbilliards.com\/fr\/produit\/billard-valley-pro-cat-avec-monnayeur\/#primaryimage"},"thumbnailUrl":"https:\/\/theworldbilliards.com\/wp-content\/uploads\/2024\/08\/Valley-Pro-Cat-monedero.jpg","datePublished":"2024-08-29T11:19:58+00:00","dateModified":"2024-08-29T11:30:20+00:00","description":"Apr\u00e8s de nombreuses discussions entre le personnel de Valley, des joueurs professionnels r\u00e9put\u00e9s, des membres de la ligue et bien s\u00fbr des op\u00e9rateurs, Valley a perfectionn\u00e9 la toute nouvelle table de sa gamme : la Pro Cat. Dot\u00e9e de vingt-quatre boulons d'ardoise en acier renforc\u00e9, d'une ardoise br\u00e9silienne de premi\u00e8re qualit\u00e9 en une seule pi\u00e8ce et d'un tissu peign\u00e9 de championnat, la Pro Cat est la table la plus sophistiqu\u00e9e cr\u00e9\u00e9e au cours de ses pr\u00e8s de quatre-vingts ans d'histoire. Caract\u00e9ristiques 24 boulons d'ardoise en acier renforc\u00e9 offrent un jeu pr\u00e9cis et de niveau dans n'importe quel environnement Ardoise br\u00e9silienne monobloc de 1 po, support\u00e9e en interne Poches plus serr\u00e9es pour un jeu pr\u00eat pour le tournoi Avec monnayeur Options disponibles Taille de la table 7 pieds (93\") Lamin\u00e9 noir","breadcrumb":{"@id":"https:\/\/theworldbilliards.com\/fr\/produit\/billard-valley-pro-cat-avec-monnayeur\/#breadcrumb"},"inLanguage":"fr-FR","potentialAction":[{"@type":"ReadAction","target":["https:\/\/theworldbilliards.com\/fr\/produit\/billard-valley-pro-cat-avec-monnayeur\/"]}]},{"@type":"ImageObject","inLanguage":"fr-FR","@id":"https:\/\/theworldbilliards.com\/fr\/produit\/billard-valley-pro-cat-avec-monnayeur\/#primaryimage","url":"https:\/\/theworldbilliards.com\/wp-content\/uploads\/2024\/08\/Valley-Pro-Cat-monedero.jpg","contentUrl":"https:\/\/theworldbilliards.com\/wp-content\/uploads\/2024\/08\/Valley-Pro-Cat-monedero.jpg","width":882,"height":882},{"@type":"BreadcrumbList","@id":"https:\/\/theworldbilliards.com\/fr\/produit\/billard-valley-pro-cat-avec-monnayeur\/#breadcrumb","itemListElement":[{"@type":"ListItem","position":1,"name":"In\u00edcio","item":"https:\/\/theworldbilliards.com\/fr\/"},{"@type":"ListItem","position":2,"name":"Boutique en ligne","item":"https:\/\/theworldbilliards.com\/fr\/boutique-theworldbilliards\/"},{"@type":"ListItem","position":3,"name":"Billard VALLEY Pro Cat avec monnayeur"}]},{"@type":"WebSite","@id":"https:\/\/theworldbilliards.com\/fr\/#website","url":"https:\/\/theworldbilliards.com\/fr\/","name":"TheWorldBilliards","description":"Achetez ici billard, baby-foot, ping-pong et bowling","publisher":{"@id":"https:\/\/theworldbilliards.com\/fr\/#organization"},"alternateName":"The world billiards","potentialAction":[{"@type":"SearchAction","target":{"@type":"EntryPoint","urlTemplate":"https:\/\/theworldbilliards.com\/fr\/?s={search_term_string}"},"query-input":{"@type":"PropertyValueSpecification","valueRequired":true,"valueName":"search_term_string"}}],"inLanguage":"fr-FR"},{"@type":"Organization","@id":"https:\/\/theworldbilliards.com\/fr\/#organization","name":"The World Billiards","alternateName":"The World Billiards","url":"https:\/\/theworldbilliards.com\/fr\/","logo":{"@type":"ImageObject","inLanguage":"fr-FR","@id":"https:\/\/theworldbilliards.com\/fr\/#\/schema\/logo\/image\/","url":"","contentUrl":"","caption":"The World Billiards"},"image":{"@id":"https:\/\/theworldbilliards.com\/fr\/#\/schema\/logo\/image\/"},"sameAs":["https:\/\/www.facebook.com\/baby.foot.superbes","https:\/\/www.youtube.com\/channel\/UCIMuOVAaUcH6UpZcsZlH0Tg","https:\/\/www.facebook.com\/people\/Brunswick-Billiards-EspaaPortugal\/100066446264309\/","https:\/\/www.instagram.com\/the_world_billiards\/","https:\/\/www.pinterest.es\/Theworldbilliards\/"]}]}},"_links":{"self":[{"href":"https:\/\/theworldbilliards.com\/fr\/wp-json\/wp\/v2\/product\/104868","targetHints":{"allow":["GET"]}}],"collection":[{"href":"https:\/\/theworldbilliards.com\/fr\/wp-json\/wp\/v2\/product"}],"about":[{"href":"https:\/\/theworldbilliards.com\/fr\/wp-json\/wp\/v2\/types\/product"}],"wp:featuredmedia":[{"embeddable":true,"href":"https:\/\/theworldbilliards.com\/fr\/wp-json\/wp\/v2\/media\/104872"}],"wp:attachment":[{"href":"https:\/\/theworldbilliards.com\/fr\/wp-json\/wp\/v2\/media?parent=104868"}],"wp:term":[{"taxonomy":"product_brand","embeddable":true,"href":"https:\/\/theworldbilliards.com\/fr\/wp-json\/wp\/v2\/product_brand?post=104868"},{"taxonomy":"product_cat","embeddable":true,"href":"https:\/\/theworldbilliards.com\/fr\/wp-json\/wp\/v2\/product_cat?post=104868"},{"taxonomy":"product_tag","embeddable":true,"href":"https:\/\/theworldbilliards.com\/fr\/wp-json\/wp\/v2\/product_tag?post=104868"}],"curies":[{"name":"wp","href":"https:\/\/api.w.org\/{rel}","templated":true}]}}