{"id":104913,"date":"2024-09-02T12:54:19","date_gmt":"2024-09-02T10:54:19","guid":{"rendered":"https:\/\/theworldbilliards.com\/?post_type=product&#038;p=104913"},"modified":"2024-09-02T13:01:26","modified_gmt":"2024-09-02T11:01:26","slug":"baby-foot-tornado-classic","status":"publish","type":"product","link":"https:\/\/theworldbilliards.com\/fr\/produit\/baby-foot-tornado-classic\/","title":{"rendered":"Baby foot Tornado Classic"},"content":{"rendered":"<p>Le Tornado Classic allie un look contemporain \u00e0 une construction robuste avec des coins en bas et des niveleurs de pieds de qualit\u00e9 commerciale. La finition en cuir lamin\u00e9 textur\u00e9 noir s&rsquo;adapte \u00e0 pratiquement tous les environnements. De nombreuses pi\u00e8ces hautes performances, notamment des hommes contrebalanc\u00e9s, des parois d&rsquo;armoire de 1 \u00bd\u00a0\u00bb d&rsquo;\u00e9paisseur et un terrain de jeu stratifi\u00e9 de \u00be\u00a0\u00bb offrent aux joueurs la plus haute qualit\u00e9 \u00e0 un prix avantageux.<\/p>\n<p>Caract\u00e9ristiques<br \/>\nNiveleurs de pieds r\u00e9glables de qualit\u00e9 commerciale<br \/>\nHommes Tornado contrebalanc\u00e9s brevet\u00e9s am\u00e9lior\u00e9s avec des coins plus nets et une section transversale accrue pour un meilleur contr\u00f4le et une meilleure passe de balle<br \/>\nPoign\u00e9es en bois massif naturel<br \/>\nRetour de balle d&rsquo;un seul c\u00f4t\u00e9<\/p>\n","protected":false},"excerpt":{"rendered":"<p>Le Tornado Classic allie un look contemporain \u00e0 une construction robuste avec des coins en bas et des niveleurs de [&hellip;]<\/p>\n","protected":false},"featured_media":104917,"template":"","meta":{"site-sidebar-layout":"default","site-content-layout":"","ast-site-content-layout":"default","site-content-style":"default","site-sidebar-style":"default","ast-global-header-display":"","ast-banner-title-visibility":"","ast-main-header-display":"","ast-hfb-above-header-display":"","ast-hfb-below-header-display":"","ast-hfb-mobile-header-display":"","site-post-title":"","ast-breadcrumbs-content":"","ast-featured-img":"","footer-sml-layout":"","ast-disable-related-posts":"","theme-transparent-header-meta":"default","adv-header-id-meta":"","stick-header-meta":"","header-above-stick-meta":"","header-main-stick-meta":"","header-below-stick-meta":"","astra-migrate-meta-layouts":"default","ast-page-background-enabled":"default","ast-page-background-meta":{"desktop":{"background-color":"var(--ast-global-color-4)","background-image":"","background-repeat":"repeat","background-position":"center center","background-size":"auto","background-attachment":"scroll","background-type":"","background-media":"","overlay-type":"","overlay-color":"","overlay-opacity":"","overlay-gradient":""},"tablet":{"background-color":"","background-image":"","background-repeat":"repeat","background-position":"center center","background-size":"auto","background-attachment":"scroll","background-type":"","background-media":"","overlay-type":"","overlay-color":"","overlay-opacity":"","overlay-gradient":""},"mobile":{"background-color":"","background-image":"","background-repeat":"repeat","background-position":"center center","background-size":"auto","background-attachment":"scroll","background-type":"","background-media":"","overlay-type":"","overlay-color":"","overlay-opacity":"","overlay-gradient":""}},"ast-content-background-meta":{"desktop":{"background-color":"var(--ast-global-color-5)","background-image":"","background-repeat":"repeat","background-position":"center center","background-size":"auto","background-attachment":"scroll","background-type":"","background-media":"","overlay-type":"","overlay-color":"","overlay-opacity":"","overlay-gradient":""},"tablet":{"background-color":"var(--ast-global-color-5)","background-image":"","background-repeat":"repeat","background-position":"center center","background-size":"auto","background-attachment":"scroll","background-type":"","background-media":"","overlay-type":"","overlay-color":"","overlay-opacity":"","overlay-gradient":""},"mobile":{"background-color":"var(--ast-global-color-5)","background-image":"","background-repeat":"repeat","background-position":"center center","background-size":"auto","background-attachment":"scroll","background-type":"","background-media":"","overlay-type":"","overlay-color":"","overlay-opacity":"","overlay-gradient":""}}},"product_brand":[5206],"product_cat":[1437],"product_tag":[],"class_list":{"0":"post-104913","1":"product","2":"type-product","3":"status-publish","4":"has-post-thumbnail","6":"product_brand-tornado-foosball-fr","7":"product_cat-baby-foot-sans-monnayeur","8":"product_shipping_class-baby-foot","9":"desktop-align-center","10":"tablet-align-left","11":"mobile-align-left","13":"first","14":"instock","15":"taxable","16":"shipping-taxable","17":"product-type-simple"},"yoast_head":"<!-- This site is optimized with the Yoast SEO plugin v27.4 - https:\/\/yoast.com\/product\/yoast-seo-wordpress\/ -->\n<title>Acheter Baby foot Tornado Classic - The World Billiards<\/title>\n<meta name=\"description\" content=\"Le Tornado Classic allie un look contemporain \u00e0 une construction robuste avec des coins en bas et des niveleurs de pieds de qualit\u00e9 commerciale. La finition en cuir lamin\u00e9 textur\u00e9 noir s&#039;adapte \u00e0 pratiquement tous les environnements. De nombreuses pi\u00e8ces hautes performances, notamment des hommes contrebalanc\u00e9s, des parois d&#039;armoire de 1 \u00bd&quot; d&#039;\u00e9paisseur et un terrain de jeu stratifi\u00e9 de \u00be&quot; offrent aux joueurs la plus haute qualit\u00e9 \u00e0 un prix avantageux.  Caract\u00e9ristiques Niveleurs de pieds r\u00e9glables de qualit\u00e9 commerciale Hommes Tornado contrebalanc\u00e9s brevet\u00e9s am\u00e9lior\u00e9s avec des coins plus nets et une section transversale accrue pour un meilleur contr\u00f4le et une meilleure passe de balle Poign\u00e9es en bois massif naturel Retour de balle d&#039;un seul c\u00f4t\u00e9\" \/>\n<meta name=\"robots\" content=\"index, follow, max-snippet:-1, max-image-preview:large, max-video-preview:-1\" \/>\n<link rel=\"canonical\" href=\"https:\/\/theworldbilliards.com\/fr\/produit\/baby-foot-tornado-classic\/\" \/>\n<meta property=\"og:locale\" content=\"fr_FR\" \/>\n<meta property=\"og:type\" content=\"article\" \/>\n<meta property=\"og:title\" content=\"Acheter Baby foot Tornado Classic - The World Billiards\" \/>\n<meta property=\"og:description\" content=\"Le Tornado Classic allie un look contemporain \u00e0 une construction robuste avec des coins en bas et des niveleurs de pieds de qualit\u00e9 commerciale. La finition en cuir lamin\u00e9 textur\u00e9 noir s&#039;adapte \u00e0 pratiquement tous les environnements. De nombreuses pi\u00e8ces hautes performances, notamment des hommes contrebalanc\u00e9s, des parois d&#039;armoire de 1 \u00bd&quot; d&#039;\u00e9paisseur et un terrain de jeu stratifi\u00e9 de \u00be&quot; offrent aux joueurs la plus haute qualit\u00e9 \u00e0 un prix avantageux.  Caract\u00e9ristiques Niveleurs de pieds r\u00e9glables de qualit\u00e9 commerciale Hommes Tornado contrebalanc\u00e9s brevet\u00e9s am\u00e9lior\u00e9s avec des coins plus nets et une section transversale accrue pour un meilleur contr\u00f4le et une meilleure passe de balle Poign\u00e9es en bois massif naturel Retour de balle d&#039;un seul c\u00f4t\u00e9\" \/>\n<meta property=\"og:url\" content=\"https:\/\/theworldbilliards.com\/fr\/produit\/baby-foot-tornado-classic\/\" \/>\n<meta property=\"og:site_name\" content=\"The World Billiards\" \/>\n<meta property=\"article:publisher\" content=\"https:\/\/www.facebook.com\/baby.foot.superbes\" \/>\n<meta property=\"article:modified_time\" content=\"2024-09-02T11:01:26+00:00\" \/>\n<meta property=\"og:image\" content=\"https:\/\/theworldbilliards.com\/wp-content\/uploads\/2024\/09\/Tornado_Classic.jpg\" \/>\n\t<meta property=\"og:image:width\" content=\"920\" \/>\n\t<meta property=\"og:image:height\" content=\"920\" \/>\n\t<meta property=\"og:image:type\" content=\"image\/jpeg\" \/>\n<meta name=\"twitter:card\" content=\"summary_large_image\" \/>\n<meta name=\"twitter:label1\" content=\"Dur\u00e9e de lecture estim\u00e9e\" \/>\n\t<meta name=\"twitter:data1\" content=\"1 minute\" \/>\n<script type=\"application\/ld+json\" class=\"yoast-schema-graph\">{\"@context\":\"https:\\\/\\\/schema.org\",\"@graph\":[{\"@type\":\"WebPage\",\"@id\":\"https:\\\/\\\/theworldbilliards.com\\\/fr\\\/produit\\\/baby-foot-tornado-classic\\\/\",\"url\":\"https:\\\/\\\/theworldbilliards.com\\\/fr\\\/produit\\\/baby-foot-tornado-classic\\\/\",\"name\":\"Acheter Baby foot Tornado Classic - The World Billiards\",\"isPartOf\":{\"@id\":\"https:\\\/\\\/theworldbilliards.com\\\/fr\\\/#website\"},\"primaryImageOfPage\":{\"@id\":\"https:\\\/\\\/theworldbilliards.com\\\/fr\\\/produit\\\/baby-foot-tornado-classic\\\/#primaryimage\"},\"image\":{\"@id\":\"https:\\\/\\\/theworldbilliards.com\\\/fr\\\/produit\\\/baby-foot-tornado-classic\\\/#primaryimage\"},\"thumbnailUrl\":\"https:\\\/\\\/theworldbilliards.com\\\/wp-content\\\/uploads\\\/2024\\\/09\\\/Tornado_Classic.jpg\",\"datePublished\":\"2024-09-02T10:54:19+00:00\",\"dateModified\":\"2024-09-02T11:01:26+00:00\",\"description\":\"Le Tornado Classic allie un look contemporain \u00e0 une construction robuste avec des coins en bas et des niveleurs de pieds de qualit\u00e9 commerciale. La finition en cuir lamin\u00e9 textur\u00e9 noir s'adapte \u00e0 pratiquement tous les environnements. De nombreuses pi\u00e8ces hautes performances, notamment des hommes contrebalanc\u00e9s, des parois d'armoire de 1 \u00bd\\\" d'\u00e9paisseur et un terrain de jeu stratifi\u00e9 de \u00be\\\" offrent aux joueurs la plus haute qualit\u00e9 \u00e0 un prix avantageux. Caract\u00e9ristiques Niveleurs de pieds r\u00e9glables de qualit\u00e9 commerciale Hommes Tornado contrebalanc\u00e9s brevet\u00e9s am\u00e9lior\u00e9s avec des coins plus nets et une section transversale accrue pour un meilleur contr\u00f4le et une meilleure passe de balle Poign\u00e9es en bois massif naturel Retour de balle d'un seul c\u00f4t\u00e9\",\"breadcrumb\":{\"@id\":\"https:\\\/\\\/theworldbilliards.com\\\/fr\\\/produit\\\/baby-foot-tornado-classic\\\/#breadcrumb\"},\"inLanguage\":\"fr-FR\",\"potentialAction\":[{\"@type\":\"ReadAction\",\"target\":[\"https:\\\/\\\/theworldbilliards.com\\\/fr\\\/produit\\\/baby-foot-tornado-classic\\\/\"]}]},{\"@type\":\"ImageObject\",\"inLanguage\":\"fr-FR\",\"@id\":\"https:\\\/\\\/theworldbilliards.com\\\/fr\\\/produit\\\/baby-foot-tornado-classic\\\/#primaryimage\",\"url\":\"https:\\\/\\\/theworldbilliards.com\\\/wp-content\\\/uploads\\\/2024\\\/09\\\/Tornado_Classic.jpg\",\"contentUrl\":\"https:\\\/\\\/theworldbilliards.com\\\/wp-content\\\/uploads\\\/2024\\\/09\\\/Tornado_Classic.jpg\",\"width\":920,\"height\":920},{\"@type\":\"BreadcrumbList\",\"@id\":\"https:\\\/\\\/theworldbilliards.com\\\/fr\\\/produit\\\/baby-foot-tornado-classic\\\/#breadcrumb\",\"itemListElement\":[{\"@type\":\"ListItem\",\"position\":1,\"name\":\"In\u00edcio\",\"item\":\"https:\\\/\\\/theworldbilliards.com\\\/fr\\\/\"},{\"@type\":\"ListItem\",\"position\":2,\"name\":\"Boutique en ligne\",\"item\":\"https:\\\/\\\/theworldbilliards.com\\\/fr\\\/boutique-theworldbilliards\\\/\"},{\"@type\":\"ListItem\",\"position\":3,\"name\":\"Baby foot Tornado Classic\"}]},{\"@type\":\"WebSite\",\"@id\":\"https:\\\/\\\/theworldbilliards.com\\\/fr\\\/#website\",\"url\":\"https:\\\/\\\/theworldbilliards.com\\\/fr\\\/\",\"name\":\"TheWorldBilliards\",\"description\":\"Achetez ici billard, baby-foot, ping-pong et bowling\",\"publisher\":{\"@id\":\"https:\\\/\\\/theworldbilliards.com\\\/fr\\\/#organization\"},\"alternateName\":\"The world billiards\",\"potentialAction\":[{\"@type\":\"SearchAction\",\"target\":{\"@type\":\"EntryPoint\",\"urlTemplate\":\"https:\\\/\\\/theworldbilliards.com\\\/fr\\\/?s={search_term_string}\"},\"query-input\":{\"@type\":\"PropertyValueSpecification\",\"valueRequired\":true,\"valueName\":\"search_term_string\"}}],\"inLanguage\":\"fr-FR\"},{\"@type\":\"Organization\",\"@id\":\"https:\\\/\\\/theworldbilliards.com\\\/fr\\\/#organization\",\"name\":\"The World Billiards\",\"alternateName\":\"The World Billiards\",\"url\":\"https:\\\/\\\/theworldbilliards.com\\\/fr\\\/\",\"logo\":{\"@type\":\"ImageObject\",\"inLanguage\":\"fr-FR\",\"@id\":\"https:\\\/\\\/theworldbilliards.com\\\/fr\\\/#\\\/schema\\\/logo\\\/image\\\/\",\"url\":\"\",\"contentUrl\":\"\",\"caption\":\"The World Billiards\"},\"image\":{\"@id\":\"https:\\\/\\\/theworldbilliards.com\\\/fr\\\/#\\\/schema\\\/logo\\\/image\\\/\"},\"sameAs\":[\"https:\\\/\\\/www.facebook.com\\\/baby.foot.superbes\",\"https:\\\/\\\/www.youtube.com\\\/channel\\\/UCIMuOVAaUcH6UpZcsZlH0Tg\",\"https:\\\/\\\/www.facebook.com\\\/people\\\/Brunswick-Billiards-EspaaPortugal\\\/100066446264309\\\/\",\"https:\\\/\\\/www.instagram.com\\\/the_world_billiards\\\/\",\"https:\\\/\\\/www.pinterest.es\\\/Theworldbilliards\\\/\"]}]}<\/script>\n<!-- \/ Yoast SEO plugin. -->","yoast_head_json":{"title":"Acheter Baby foot Tornado Classic - The World Billiards","description":"Le Tornado Classic allie un look contemporain \u00e0 une construction robuste avec des coins en bas et des niveleurs de pieds de qualit\u00e9 commerciale. La finition en cuir lamin\u00e9 textur\u00e9 noir s'adapte \u00e0 pratiquement tous les environnements. De nombreuses pi\u00e8ces hautes performances, notamment des hommes contrebalanc\u00e9s, des parois d'armoire de 1 \u00bd\" d'\u00e9paisseur et un terrain de jeu stratifi\u00e9 de \u00be\" offrent aux joueurs la plus haute qualit\u00e9 \u00e0 un prix avantageux.  Caract\u00e9ristiques Niveleurs de pieds r\u00e9glables de qualit\u00e9 commerciale Hommes Tornado contrebalanc\u00e9s brevet\u00e9s am\u00e9lior\u00e9s avec des coins plus nets et une section transversale accrue pour un meilleur contr\u00f4le et une meilleure passe de balle Poign\u00e9es en bois massif naturel Retour de balle d'un seul c\u00f4t\u00e9","robots":{"index":"index","follow":"follow","max-snippet":"max-snippet:-1","max-image-preview":"max-image-preview:large","max-video-preview":"max-video-preview:-1"},"canonical":"https:\/\/theworldbilliards.com\/fr\/produit\/baby-foot-tornado-classic\/","og_locale":"fr_FR","og_type":"article","og_title":"Acheter Baby foot Tornado Classic - The World Billiards","og_description":"Le Tornado Classic allie un look contemporain \u00e0 une construction robuste avec des coins en bas et des niveleurs de pieds de qualit\u00e9 commerciale. La finition en cuir lamin\u00e9 textur\u00e9 noir s'adapte \u00e0 pratiquement tous les environnements. De nombreuses pi\u00e8ces hautes performances, notamment des hommes contrebalanc\u00e9s, des parois d'armoire de 1 \u00bd\" d'\u00e9paisseur et un terrain de jeu stratifi\u00e9 de \u00be\" offrent aux joueurs la plus haute qualit\u00e9 \u00e0 un prix avantageux.  Caract\u00e9ristiques Niveleurs de pieds r\u00e9glables de qualit\u00e9 commerciale Hommes Tornado contrebalanc\u00e9s brevet\u00e9s am\u00e9lior\u00e9s avec des coins plus nets et une section transversale accrue pour un meilleur contr\u00f4le et une meilleure passe de balle Poign\u00e9es en bois massif naturel Retour de balle d'un seul c\u00f4t\u00e9","og_url":"https:\/\/theworldbilliards.com\/fr\/produit\/baby-foot-tornado-classic\/","og_site_name":"The World Billiards","article_publisher":"https:\/\/www.facebook.com\/baby.foot.superbes","article_modified_time":"2024-09-02T11:01:26+00:00","og_image":[{"width":920,"height":920,"url":"https:\/\/theworldbilliards.com\/wp-content\/uploads\/2024\/09\/Tornado_Classic.jpg","type":"image\/jpeg"}],"twitter_card":"summary_large_image","twitter_misc":{"Dur\u00e9e de lecture estim\u00e9e":"1 minute"},"schema":{"@context":"https:\/\/schema.org","@graph":[{"@type":"WebPage","@id":"https:\/\/theworldbilliards.com\/fr\/produit\/baby-foot-tornado-classic\/","url":"https:\/\/theworldbilliards.com\/fr\/produit\/baby-foot-tornado-classic\/","name":"Acheter Baby foot Tornado Classic - The World Billiards","isPartOf":{"@id":"https:\/\/theworldbilliards.com\/fr\/#website"},"primaryImageOfPage":{"@id":"https:\/\/theworldbilliards.com\/fr\/produit\/baby-foot-tornado-classic\/#primaryimage"},"image":{"@id":"https:\/\/theworldbilliards.com\/fr\/produit\/baby-foot-tornado-classic\/#primaryimage"},"thumbnailUrl":"https:\/\/theworldbilliards.com\/wp-content\/uploads\/2024\/09\/Tornado_Classic.jpg","datePublished":"2024-09-02T10:54:19+00:00","dateModified":"2024-09-02T11:01:26+00:00","description":"Le Tornado Classic allie un look contemporain \u00e0 une construction robuste avec des coins en bas et des niveleurs de pieds de qualit\u00e9 commerciale. La finition en cuir lamin\u00e9 textur\u00e9 noir s'adapte \u00e0 pratiquement tous les environnements. De nombreuses pi\u00e8ces hautes performances, notamment des hommes contrebalanc\u00e9s, des parois d'armoire de 1 \u00bd\" d'\u00e9paisseur et un terrain de jeu stratifi\u00e9 de \u00be\" offrent aux joueurs la plus haute qualit\u00e9 \u00e0 un prix avantageux. Caract\u00e9ristiques Niveleurs de pieds r\u00e9glables de qualit\u00e9 commerciale Hommes Tornado contrebalanc\u00e9s brevet\u00e9s am\u00e9lior\u00e9s avec des coins plus nets et une section transversale accrue pour un meilleur contr\u00f4le et une meilleure passe de balle Poign\u00e9es en bois massif naturel Retour de balle d'un seul c\u00f4t\u00e9","breadcrumb":{"@id":"https:\/\/theworldbilliards.com\/fr\/produit\/baby-foot-tornado-classic\/#breadcrumb"},"inLanguage":"fr-FR","potentialAction":[{"@type":"ReadAction","target":["https:\/\/theworldbilliards.com\/fr\/produit\/baby-foot-tornado-classic\/"]}]},{"@type":"ImageObject","inLanguage":"fr-FR","@id":"https:\/\/theworldbilliards.com\/fr\/produit\/baby-foot-tornado-classic\/#primaryimage","url":"https:\/\/theworldbilliards.com\/wp-content\/uploads\/2024\/09\/Tornado_Classic.jpg","contentUrl":"https:\/\/theworldbilliards.com\/wp-content\/uploads\/2024\/09\/Tornado_Classic.jpg","width":920,"height":920},{"@type":"BreadcrumbList","@id":"https:\/\/theworldbilliards.com\/fr\/produit\/baby-foot-tornado-classic\/#breadcrumb","itemListElement":[{"@type":"ListItem","position":1,"name":"In\u00edcio","item":"https:\/\/theworldbilliards.com\/fr\/"},{"@type":"ListItem","position":2,"name":"Boutique en ligne","item":"https:\/\/theworldbilliards.com\/fr\/boutique-theworldbilliards\/"},{"@type":"ListItem","position":3,"name":"Baby foot Tornado Classic"}]},{"@type":"WebSite","@id":"https:\/\/theworldbilliards.com\/fr\/#website","url":"https:\/\/theworldbilliards.com\/fr\/","name":"TheWorldBilliards","description":"Achetez ici billard, baby-foot, ping-pong et bowling","publisher":{"@id":"https:\/\/theworldbilliards.com\/fr\/#organization"},"alternateName":"The world billiards","potentialAction":[{"@type":"SearchAction","target":{"@type":"EntryPoint","urlTemplate":"https:\/\/theworldbilliards.com\/fr\/?s={search_term_string}"},"query-input":{"@type":"PropertyValueSpecification","valueRequired":true,"valueName":"search_term_string"}}],"inLanguage":"fr-FR"},{"@type":"Organization","@id":"https:\/\/theworldbilliards.com\/fr\/#organization","name":"The World Billiards","alternateName":"The World Billiards","url":"https:\/\/theworldbilliards.com\/fr\/","logo":{"@type":"ImageObject","inLanguage":"fr-FR","@id":"https:\/\/theworldbilliards.com\/fr\/#\/schema\/logo\/image\/","url":"","contentUrl":"","caption":"The World Billiards"},"image":{"@id":"https:\/\/theworldbilliards.com\/fr\/#\/schema\/logo\/image\/"},"sameAs":["https:\/\/www.facebook.com\/baby.foot.superbes","https:\/\/www.youtube.com\/channel\/UCIMuOVAaUcH6UpZcsZlH0Tg","https:\/\/www.facebook.com\/people\/Brunswick-Billiards-EspaaPortugal\/100066446264309\/","https:\/\/www.instagram.com\/the_world_billiards\/","https:\/\/www.pinterest.es\/Theworldbilliards\/"]}]}},"_links":{"self":[{"href":"https:\/\/theworldbilliards.com\/fr\/wp-json\/wp\/v2\/product\/104913","targetHints":{"allow":["GET"]}}],"collection":[{"href":"https:\/\/theworldbilliards.com\/fr\/wp-json\/wp\/v2\/product"}],"about":[{"href":"https:\/\/theworldbilliards.com\/fr\/wp-json\/wp\/v2\/types\/product"}],"wp:featuredmedia":[{"embeddable":true,"href":"https:\/\/theworldbilliards.com\/fr\/wp-json\/wp\/v2\/media\/104917"}],"wp:attachment":[{"href":"https:\/\/theworldbilliards.com\/fr\/wp-json\/wp\/v2\/media?parent=104913"}],"wp:term":[{"taxonomy":"product_brand","embeddable":true,"href":"https:\/\/theworldbilliards.com\/fr\/wp-json\/wp\/v2\/product_brand?post=104913"},{"taxonomy":"product_cat","embeddable":true,"href":"https:\/\/theworldbilliards.com\/fr\/wp-json\/wp\/v2\/product_cat?post=104913"},{"taxonomy":"product_tag","embeddable":true,"href":"https:\/\/theworldbilliards.com\/fr\/wp-json\/wp\/v2\/product_tag?post=104913"}],"curies":[{"name":"wp","href":"https:\/\/api.w.org\/{rel}","templated":true}]}}