{"id":104921,"date":"2024-09-02T13:13:18","date_gmt":"2024-09-02T11:13:18","guid":{"rendered":"https:\/\/theworldbilliards.com\/?post_type=product&#038;p=104921"},"modified":"2024-09-02T13:25:07","modified_gmt":"2024-09-02T11:25:07","slug":"baby-foot-tornado-elite","status":"publish","type":"product","link":"https:\/\/theworldbilliards.com\/fr\/produit\/baby-foot-tornado-elite\/","title":{"rendered":"Baby foot Tornado Elite"},"content":{"rendered":"<p>Des performances de qualit\u00e9 professionnelle dans un ensemble plus pratique. Cette belle table comprend des tiges de gros calibre, des hommes contrebalanc\u00e9s, des niveleurs de qualit\u00e9 commerciale et des roulements fendus brevet\u00e9s qui font des tables Tornado un favori parmi les joueurs de tournoi. Une finition stratifi\u00e9e en cerisier victorien durable et attrayante sur une armoire de 1 \u00bd\u00a0\u00bb d&rsquo;\u00e9paisseur assure un superbe look maintenant et pour les ann\u00e9es \u00e0 venir.<\/p>\n<p>Caract\u00e9ristiques<br \/>\nNiveleurs de pieds r\u00e9glables de qualit\u00e9 commerciale<br \/>\nHommes Tornado contrebalanc\u00e9s brevet\u00e9s am\u00e9lior\u00e9s avec des coins plus nets et une section transversale accrue pour un meilleur contr\u00f4le et une meilleure passe de balle<br \/>\nPoign\u00e9es en bois massif naturel<br \/>\nLes retours de balle doubles lat\u00e9raux conviennent \u00e0 la fois aux jeux de comp\u00e9tition et \u00e0 l&rsquo;entra\u00eenement en solo<\/p>\n","protected":false},"excerpt":{"rendered":"<p>Des performances de qualit\u00e9 professionnelle dans un ensemble plus pratique. Cette belle table comprend des tiges de gros calibre, des [&hellip;]<\/p>\n","protected":false},"featured_media":104925,"template":"","meta":{"site-sidebar-layout":"default","site-content-layout":"","ast-site-content-layout":"default","site-content-style":"default","site-sidebar-style":"default","ast-global-header-display":"","ast-banner-title-visibility":"","ast-main-header-display":"","ast-hfb-above-header-display":"","ast-hfb-below-header-display":"","ast-hfb-mobile-header-display":"","site-post-title":"","ast-breadcrumbs-content":"","ast-featured-img":"","footer-sml-layout":"","ast-disable-related-posts":"","theme-transparent-header-meta":"default","adv-header-id-meta":"","stick-header-meta":"","header-above-stick-meta":"","header-main-stick-meta":"","header-below-stick-meta":"","astra-migrate-meta-layouts":"default","ast-page-background-enabled":"default","ast-page-background-meta":{"desktop":{"background-color":"var(--ast-global-color-4)","background-image":"","background-repeat":"repeat","background-position":"center center","background-size":"auto","background-attachment":"scroll","background-type":"","background-media":"","overlay-type":"","overlay-color":"","overlay-opacity":"","overlay-gradient":""},"tablet":{"background-color":"","background-image":"","background-repeat":"repeat","background-position":"center center","background-size":"auto","background-attachment":"scroll","background-type":"","background-media":"","overlay-type":"","overlay-color":"","overlay-opacity":"","overlay-gradient":""},"mobile":{"background-color":"","background-image":"","background-repeat":"repeat","background-position":"center center","background-size":"auto","background-attachment":"scroll","background-type":"","background-media":"","overlay-type":"","overlay-color":"","overlay-opacity":"","overlay-gradient":""}},"ast-content-background-meta":{"desktop":{"background-color":"var(--ast-global-color-5)","background-image":"","background-repeat":"repeat","background-position":"center center","background-size":"auto","background-attachment":"scroll","background-type":"","background-media":"","overlay-type":"","overlay-color":"","overlay-opacity":"","overlay-gradient":""},"tablet":{"background-color":"var(--ast-global-color-5)","background-image":"","background-repeat":"repeat","background-position":"center center","background-size":"auto","background-attachment":"scroll","background-type":"","background-media":"","overlay-type":"","overlay-color":"","overlay-opacity":"","overlay-gradient":""},"mobile":{"background-color":"var(--ast-global-color-5)","background-image":"","background-repeat":"repeat","background-position":"center center","background-size":"auto","background-attachment":"scroll","background-type":"","background-media":"","overlay-type":"","overlay-color":"","overlay-opacity":"","overlay-gradient":""}}},"product_brand":[5206],"product_cat":[1437],"product_tag":[],"class_list":{"0":"post-104921","1":"product","2":"type-product","3":"status-publish","4":"has-post-thumbnail","6":"product_brand-tornado-foosball-fr","7":"product_cat-baby-foot-sans-monnayeur","8":"product_shipping_class-baby-foot","9":"desktop-align-center","10":"tablet-align-left","11":"mobile-align-left","13":"first","14":"instock","15":"taxable","16":"shipping-taxable","17":"product-type-simple"},"yoast_head":"<!-- This site is optimized with the Yoast SEO plugin v27.4 - https:\/\/yoast.com\/product\/yoast-seo-wordpress\/ -->\n<title>Acheter Baby foot Tornado Elite - The World Billiards<\/title>\n<meta name=\"description\" content=\"Des performances de qualit\u00e9 professionnelle dans un ensemble plus pratique. Cette belle table comprend des tiges de gros calibre, des hommes contrebalanc\u00e9s, des niveleurs de qualit\u00e9 commerciale et des roulements fendus brevet\u00e9s qui font des tables Tornado un favori parmi les joueurs de tournoi. Une finition stratifi\u00e9e en cerisier victorien durable et attrayante sur une armoire de 1 \u00bd&quot; d&#039;\u00e9paisseur assure un superbe look maintenant et pour les ann\u00e9es \u00e0 venir.  Caract\u00e9ristiques Niveleurs de pieds r\u00e9glables de qualit\u00e9 commerciale Hommes Tornado contrebalanc\u00e9s brevet\u00e9s am\u00e9lior\u00e9s avec des coins plus nets et une section transversale accrue pour un meilleur contr\u00f4le et une meilleure passe de balle Poign\u00e9es en bois massif naturel Les retours de balle doubles lat\u00e9raux conviennent \u00e0 la fois aux jeux de comp\u00e9tition et \u00e0 l&#039;entra\u00eenement en solo\" \/>\n<meta name=\"robots\" content=\"index, follow, max-snippet:-1, max-image-preview:large, max-video-preview:-1\" \/>\n<link rel=\"canonical\" href=\"https:\/\/theworldbilliards.com\/fr\/produit\/baby-foot-tornado-elite\/\" \/>\n<meta property=\"og:locale\" content=\"fr_FR\" \/>\n<meta property=\"og:type\" content=\"article\" \/>\n<meta property=\"og:title\" content=\"Acheter Baby foot Tornado Elite - The World Billiards\" \/>\n<meta property=\"og:description\" content=\"Des performances de qualit\u00e9 professionnelle dans un ensemble plus pratique. Cette belle table comprend des tiges de gros calibre, des hommes contrebalanc\u00e9s, des niveleurs de qualit\u00e9 commerciale et des roulements fendus brevet\u00e9s qui font des tables Tornado un favori parmi les joueurs de tournoi. Une finition stratifi\u00e9e en cerisier victorien durable et attrayante sur une armoire de 1 \u00bd&quot; d&#039;\u00e9paisseur assure un superbe look maintenant et pour les ann\u00e9es \u00e0 venir.  Caract\u00e9ristiques Niveleurs de pieds r\u00e9glables de qualit\u00e9 commerciale Hommes Tornado contrebalanc\u00e9s brevet\u00e9s am\u00e9lior\u00e9s avec des coins plus nets et une section transversale accrue pour un meilleur contr\u00f4le et une meilleure passe de balle Poign\u00e9es en bois massif naturel Les retours de balle doubles lat\u00e9raux conviennent \u00e0 la fois aux jeux de comp\u00e9tition et \u00e0 l&#039;entra\u00eenement en solo\" \/>\n<meta property=\"og:url\" content=\"https:\/\/theworldbilliards.com\/fr\/produit\/baby-foot-tornado-elite\/\" \/>\n<meta property=\"og:site_name\" content=\"The World Billiards\" \/>\n<meta property=\"article:publisher\" content=\"https:\/\/www.facebook.com\/baby.foot.superbes\" \/>\n<meta property=\"article:modified_time\" content=\"2024-09-02T11:25:07+00:00\" \/>\n<meta property=\"og:image\" content=\"https:\/\/theworldbilliards.com\/wp-content\/uploads\/2024\/09\/Tornado_Elite.jpg\" \/>\n\t<meta property=\"og:image:width\" content=\"941\" \/>\n\t<meta property=\"og:image:height\" content=\"941\" \/>\n\t<meta property=\"og:image:type\" content=\"image\/jpeg\" \/>\n<meta name=\"twitter:card\" content=\"summary_large_image\" \/>\n<meta name=\"twitter:label1\" content=\"Dur\u00e9e de lecture estim\u00e9e\" \/>\n\t<meta name=\"twitter:data1\" content=\"1 minute\" \/>\n<script type=\"application\/ld+json\" class=\"yoast-schema-graph\">{\"@context\":\"https:\\\/\\\/schema.org\",\"@graph\":[{\"@type\":\"WebPage\",\"@id\":\"https:\\\/\\\/theworldbilliards.com\\\/fr\\\/produit\\\/baby-foot-tornado-elite\\\/\",\"url\":\"https:\\\/\\\/theworldbilliards.com\\\/fr\\\/produit\\\/baby-foot-tornado-elite\\\/\",\"name\":\"Acheter Baby foot Tornado Elite - The World Billiards\",\"isPartOf\":{\"@id\":\"https:\\\/\\\/theworldbilliards.com\\\/fr\\\/#website\"},\"primaryImageOfPage\":{\"@id\":\"https:\\\/\\\/theworldbilliards.com\\\/fr\\\/produit\\\/baby-foot-tornado-elite\\\/#primaryimage\"},\"image\":{\"@id\":\"https:\\\/\\\/theworldbilliards.com\\\/fr\\\/produit\\\/baby-foot-tornado-elite\\\/#primaryimage\"},\"thumbnailUrl\":\"https:\\\/\\\/theworldbilliards.com\\\/wp-content\\\/uploads\\\/2024\\\/09\\\/Tornado_Elite.jpg\",\"datePublished\":\"2024-09-02T11:13:18+00:00\",\"dateModified\":\"2024-09-02T11:25:07+00:00\",\"description\":\"Des performances de qualit\u00e9 professionnelle dans un ensemble plus pratique. Cette belle table comprend des tiges de gros calibre, des hommes contrebalanc\u00e9s, des niveleurs de qualit\u00e9 commerciale et des roulements fendus brevet\u00e9s qui font des tables Tornado un favori parmi les joueurs de tournoi. Une finition stratifi\u00e9e en cerisier victorien durable et attrayante sur une armoire de 1 \u00bd\\\" d'\u00e9paisseur assure un superbe look maintenant et pour les ann\u00e9es \u00e0 venir. Caract\u00e9ristiques Niveleurs de pieds r\u00e9glables de qualit\u00e9 commerciale Hommes Tornado contrebalanc\u00e9s brevet\u00e9s am\u00e9lior\u00e9s avec des coins plus nets et une section transversale accrue pour un meilleur contr\u00f4le et une meilleure passe de balle Poign\u00e9es en bois massif naturel Les retours de balle doubles lat\u00e9raux conviennent \u00e0 la fois aux jeux de comp\u00e9tition et \u00e0 l'entra\u00eenement en solo\",\"breadcrumb\":{\"@id\":\"https:\\\/\\\/theworldbilliards.com\\\/fr\\\/produit\\\/baby-foot-tornado-elite\\\/#breadcrumb\"},\"inLanguage\":\"fr-FR\",\"potentialAction\":[{\"@type\":\"ReadAction\",\"target\":[\"https:\\\/\\\/theworldbilliards.com\\\/fr\\\/produit\\\/baby-foot-tornado-elite\\\/\"]}]},{\"@type\":\"ImageObject\",\"inLanguage\":\"fr-FR\",\"@id\":\"https:\\\/\\\/theworldbilliards.com\\\/fr\\\/produit\\\/baby-foot-tornado-elite\\\/#primaryimage\",\"url\":\"https:\\\/\\\/theworldbilliards.com\\\/wp-content\\\/uploads\\\/2024\\\/09\\\/Tornado_Elite.jpg\",\"contentUrl\":\"https:\\\/\\\/theworldbilliards.com\\\/wp-content\\\/uploads\\\/2024\\\/09\\\/Tornado_Elite.jpg\",\"width\":941,\"height\":941},{\"@type\":\"BreadcrumbList\",\"@id\":\"https:\\\/\\\/theworldbilliards.com\\\/fr\\\/produit\\\/baby-foot-tornado-elite\\\/#breadcrumb\",\"itemListElement\":[{\"@type\":\"ListItem\",\"position\":1,\"name\":\"In\u00edcio\",\"item\":\"https:\\\/\\\/theworldbilliards.com\\\/fr\\\/\"},{\"@type\":\"ListItem\",\"position\":2,\"name\":\"Boutique en ligne\",\"item\":\"https:\\\/\\\/theworldbilliards.com\\\/fr\\\/boutique-theworldbilliards\\\/\"},{\"@type\":\"ListItem\",\"position\":3,\"name\":\"Baby foot Tornado Elite\"}]},{\"@type\":\"WebSite\",\"@id\":\"https:\\\/\\\/theworldbilliards.com\\\/fr\\\/#website\",\"url\":\"https:\\\/\\\/theworldbilliards.com\\\/fr\\\/\",\"name\":\"TheWorldBilliards\",\"description\":\"Achetez ici billard, baby-foot, ping-pong et bowling\",\"publisher\":{\"@id\":\"https:\\\/\\\/theworldbilliards.com\\\/fr\\\/#organization\"},\"alternateName\":\"The world billiards\",\"potentialAction\":[{\"@type\":\"SearchAction\",\"target\":{\"@type\":\"EntryPoint\",\"urlTemplate\":\"https:\\\/\\\/theworldbilliards.com\\\/fr\\\/?s={search_term_string}\"},\"query-input\":{\"@type\":\"PropertyValueSpecification\",\"valueRequired\":true,\"valueName\":\"search_term_string\"}}],\"inLanguage\":\"fr-FR\"},{\"@type\":\"Organization\",\"@id\":\"https:\\\/\\\/theworldbilliards.com\\\/fr\\\/#organization\",\"name\":\"The World Billiards\",\"alternateName\":\"The World Billiards\",\"url\":\"https:\\\/\\\/theworldbilliards.com\\\/fr\\\/\",\"logo\":{\"@type\":\"ImageObject\",\"inLanguage\":\"fr-FR\",\"@id\":\"https:\\\/\\\/theworldbilliards.com\\\/fr\\\/#\\\/schema\\\/logo\\\/image\\\/\",\"url\":\"\",\"contentUrl\":\"\",\"caption\":\"The World Billiards\"},\"image\":{\"@id\":\"https:\\\/\\\/theworldbilliards.com\\\/fr\\\/#\\\/schema\\\/logo\\\/image\\\/\"},\"sameAs\":[\"https:\\\/\\\/www.facebook.com\\\/baby.foot.superbes\",\"https:\\\/\\\/www.youtube.com\\\/channel\\\/UCIMuOVAaUcH6UpZcsZlH0Tg\",\"https:\\\/\\\/www.facebook.com\\\/people\\\/Brunswick-Billiards-EspaaPortugal\\\/100066446264309\\\/\",\"https:\\\/\\\/www.instagram.com\\\/the_world_billiards\\\/\",\"https:\\\/\\\/www.pinterest.es\\\/Theworldbilliards\\\/\"]}]}<\/script>\n<!-- \/ Yoast SEO plugin. -->","yoast_head_json":{"title":"Acheter Baby foot Tornado Elite - The World Billiards","description":"Des performances de qualit\u00e9 professionnelle dans un ensemble plus pratique. Cette belle table comprend des tiges de gros calibre, des hommes contrebalanc\u00e9s, des niveleurs de qualit\u00e9 commerciale et des roulements fendus brevet\u00e9s qui font des tables Tornado un favori parmi les joueurs de tournoi. Une finition stratifi\u00e9e en cerisier victorien durable et attrayante sur une armoire de 1 \u00bd\" d'\u00e9paisseur assure un superbe look maintenant et pour les ann\u00e9es \u00e0 venir.  Caract\u00e9ristiques Niveleurs de pieds r\u00e9glables de qualit\u00e9 commerciale Hommes Tornado contrebalanc\u00e9s brevet\u00e9s am\u00e9lior\u00e9s avec des coins plus nets et une section transversale accrue pour un meilleur contr\u00f4le et une meilleure passe de balle Poign\u00e9es en bois massif naturel Les retours de balle doubles lat\u00e9raux conviennent \u00e0 la fois aux jeux de comp\u00e9tition et \u00e0 l'entra\u00eenement en solo","robots":{"index":"index","follow":"follow","max-snippet":"max-snippet:-1","max-image-preview":"max-image-preview:large","max-video-preview":"max-video-preview:-1"},"canonical":"https:\/\/theworldbilliards.com\/fr\/produit\/baby-foot-tornado-elite\/","og_locale":"fr_FR","og_type":"article","og_title":"Acheter Baby foot Tornado Elite - The World Billiards","og_description":"Des performances de qualit\u00e9 professionnelle dans un ensemble plus pratique. Cette belle table comprend des tiges de gros calibre, des hommes contrebalanc\u00e9s, des niveleurs de qualit\u00e9 commerciale et des roulements fendus brevet\u00e9s qui font des tables Tornado un favori parmi les joueurs de tournoi. Une finition stratifi\u00e9e en cerisier victorien durable et attrayante sur une armoire de 1 \u00bd\" d'\u00e9paisseur assure un superbe look maintenant et pour les ann\u00e9es \u00e0 venir.  Caract\u00e9ristiques Niveleurs de pieds r\u00e9glables de qualit\u00e9 commerciale Hommes Tornado contrebalanc\u00e9s brevet\u00e9s am\u00e9lior\u00e9s avec des coins plus nets et une section transversale accrue pour un meilleur contr\u00f4le et une meilleure passe de balle Poign\u00e9es en bois massif naturel Les retours de balle doubles lat\u00e9raux conviennent \u00e0 la fois aux jeux de comp\u00e9tition et \u00e0 l'entra\u00eenement en solo","og_url":"https:\/\/theworldbilliards.com\/fr\/produit\/baby-foot-tornado-elite\/","og_site_name":"The World Billiards","article_publisher":"https:\/\/www.facebook.com\/baby.foot.superbes","article_modified_time":"2024-09-02T11:25:07+00:00","og_image":[{"width":941,"height":941,"url":"https:\/\/theworldbilliards.com\/wp-content\/uploads\/2024\/09\/Tornado_Elite.jpg","type":"image\/jpeg"}],"twitter_card":"summary_large_image","twitter_misc":{"Dur\u00e9e de lecture estim\u00e9e":"1 minute"},"schema":{"@context":"https:\/\/schema.org","@graph":[{"@type":"WebPage","@id":"https:\/\/theworldbilliards.com\/fr\/produit\/baby-foot-tornado-elite\/","url":"https:\/\/theworldbilliards.com\/fr\/produit\/baby-foot-tornado-elite\/","name":"Acheter Baby foot Tornado Elite - The World Billiards","isPartOf":{"@id":"https:\/\/theworldbilliards.com\/fr\/#website"},"primaryImageOfPage":{"@id":"https:\/\/theworldbilliards.com\/fr\/produit\/baby-foot-tornado-elite\/#primaryimage"},"image":{"@id":"https:\/\/theworldbilliards.com\/fr\/produit\/baby-foot-tornado-elite\/#primaryimage"},"thumbnailUrl":"https:\/\/theworldbilliards.com\/wp-content\/uploads\/2024\/09\/Tornado_Elite.jpg","datePublished":"2024-09-02T11:13:18+00:00","dateModified":"2024-09-02T11:25:07+00:00","description":"Des performances de qualit\u00e9 professionnelle dans un ensemble plus pratique. Cette belle table comprend des tiges de gros calibre, des hommes contrebalanc\u00e9s, des niveleurs de qualit\u00e9 commerciale et des roulements fendus brevet\u00e9s qui font des tables Tornado un favori parmi les joueurs de tournoi. Une finition stratifi\u00e9e en cerisier victorien durable et attrayante sur une armoire de 1 \u00bd\" d'\u00e9paisseur assure un superbe look maintenant et pour les ann\u00e9es \u00e0 venir. Caract\u00e9ristiques Niveleurs de pieds r\u00e9glables de qualit\u00e9 commerciale Hommes Tornado contrebalanc\u00e9s brevet\u00e9s am\u00e9lior\u00e9s avec des coins plus nets et une section transversale accrue pour un meilleur contr\u00f4le et une meilleure passe de balle Poign\u00e9es en bois massif naturel Les retours de balle doubles lat\u00e9raux conviennent \u00e0 la fois aux jeux de comp\u00e9tition et \u00e0 l'entra\u00eenement en solo","breadcrumb":{"@id":"https:\/\/theworldbilliards.com\/fr\/produit\/baby-foot-tornado-elite\/#breadcrumb"},"inLanguage":"fr-FR","potentialAction":[{"@type":"ReadAction","target":["https:\/\/theworldbilliards.com\/fr\/produit\/baby-foot-tornado-elite\/"]}]},{"@type":"ImageObject","inLanguage":"fr-FR","@id":"https:\/\/theworldbilliards.com\/fr\/produit\/baby-foot-tornado-elite\/#primaryimage","url":"https:\/\/theworldbilliards.com\/wp-content\/uploads\/2024\/09\/Tornado_Elite.jpg","contentUrl":"https:\/\/theworldbilliards.com\/wp-content\/uploads\/2024\/09\/Tornado_Elite.jpg","width":941,"height":941},{"@type":"BreadcrumbList","@id":"https:\/\/theworldbilliards.com\/fr\/produit\/baby-foot-tornado-elite\/#breadcrumb","itemListElement":[{"@type":"ListItem","position":1,"name":"In\u00edcio","item":"https:\/\/theworldbilliards.com\/fr\/"},{"@type":"ListItem","position":2,"name":"Boutique en ligne","item":"https:\/\/theworldbilliards.com\/fr\/boutique-theworldbilliards\/"},{"@type":"ListItem","position":3,"name":"Baby foot Tornado Elite"}]},{"@type":"WebSite","@id":"https:\/\/theworldbilliards.com\/fr\/#website","url":"https:\/\/theworldbilliards.com\/fr\/","name":"TheWorldBilliards","description":"Achetez ici billard, baby-foot, ping-pong et bowling","publisher":{"@id":"https:\/\/theworldbilliards.com\/fr\/#organization"},"alternateName":"The world billiards","potentialAction":[{"@type":"SearchAction","target":{"@type":"EntryPoint","urlTemplate":"https:\/\/theworldbilliards.com\/fr\/?s={search_term_string}"},"query-input":{"@type":"PropertyValueSpecification","valueRequired":true,"valueName":"search_term_string"}}],"inLanguage":"fr-FR"},{"@type":"Organization","@id":"https:\/\/theworldbilliards.com\/fr\/#organization","name":"The World Billiards","alternateName":"The World Billiards","url":"https:\/\/theworldbilliards.com\/fr\/","logo":{"@type":"ImageObject","inLanguage":"fr-FR","@id":"https:\/\/theworldbilliards.com\/fr\/#\/schema\/logo\/image\/","url":"","contentUrl":"","caption":"The World Billiards"},"image":{"@id":"https:\/\/theworldbilliards.com\/fr\/#\/schema\/logo\/image\/"},"sameAs":["https:\/\/www.facebook.com\/baby.foot.superbes","https:\/\/www.youtube.com\/channel\/UCIMuOVAaUcH6UpZcsZlH0Tg","https:\/\/www.facebook.com\/people\/Brunswick-Billiards-EspaaPortugal\/100066446264309\/","https:\/\/www.instagram.com\/the_world_billiards\/","https:\/\/www.pinterest.es\/Theworldbilliards\/"]}]}},"_links":{"self":[{"href":"https:\/\/theworldbilliards.com\/fr\/wp-json\/wp\/v2\/product\/104921","targetHints":{"allow":["GET"]}}],"collection":[{"href":"https:\/\/theworldbilliards.com\/fr\/wp-json\/wp\/v2\/product"}],"about":[{"href":"https:\/\/theworldbilliards.com\/fr\/wp-json\/wp\/v2\/types\/product"}],"wp:featuredmedia":[{"embeddable":true,"href":"https:\/\/theworldbilliards.com\/fr\/wp-json\/wp\/v2\/media\/104925"}],"wp:attachment":[{"href":"https:\/\/theworldbilliards.com\/fr\/wp-json\/wp\/v2\/media?parent=104921"}],"wp:term":[{"taxonomy":"product_brand","embeddable":true,"href":"https:\/\/theworldbilliards.com\/fr\/wp-json\/wp\/v2\/product_brand?post=104921"},{"taxonomy":"product_cat","embeddable":true,"href":"https:\/\/theworldbilliards.com\/fr\/wp-json\/wp\/v2\/product_cat?post=104921"},{"taxonomy":"product_tag","embeddable":true,"href":"https:\/\/theworldbilliards.com\/fr\/wp-json\/wp\/v2\/product_tag?post=104921"}],"curies":[{"name":"wp","href":"https:\/\/api.w.org\/{rel}","templated":true}]}}