{"id":104929,"date":"2024-09-02T13:26:06","date_gmt":"2024-09-02T11:26:06","guid":{"rendered":"https:\/\/theworldbilliards.com\/?post_type=product&#038;p=104929"},"modified":"2024-09-02T13:31:59","modified_gmt":"2024-09-02T11:31:59","slug":"baby-foot-tornado-sport","status":"publish","type":"product","link":"https:\/\/theworldbilliards.com\/fr\/produit\/baby-foot-tornado-sport\/","title":{"rendered":"Baby foot Tornado Sport"},"content":{"rendered":"<p>La table parfaite pour les d\u00e9butants et les joueurs plus exp\u00e9riment\u00e9s. Tornado Sport est construite selon les m\u00eames normes de qualit\u00e9 rigoureuses que le reste de la gamme de produits Tornado, aux \u00c9tats-Unis. Le r\u00e9glage de la hauteur, la construction durable et la finition en m\u00e9lamine acajou permettent aux jeunes, aux jeunes de c\u0153ur et m\u00eame aux moins jeunes de s&rsquo;amuser pendant des g\u00e9n\u00e9rations.<\/p>\n<p>Caract\u00e9ristiques<br \/>\nPieds r\u00e9glables en hauteur avec niveleurs de bottes<br \/>\nLes hommes brevet\u00e9s Tornado ont \u00e9t\u00e9 am\u00e9lior\u00e9s avec des coins plus nets et une section transversale accrue pour un meilleur contr\u00f4le et une meilleure passe de balle<br \/>\nPoign\u00e9es caoutchout\u00e9es noires SureGrip<br \/>\nRetours de balle \u00e0 double extr\u00e9mit\u00e9<\/p>\n","protected":false},"excerpt":{"rendered":"<p>La table parfaite pour les d\u00e9butants et les joueurs plus exp\u00e9riment\u00e9s. Tornado Sport est construite selon les m\u00eames normes de [&hellip;]<\/p>\n","protected":false},"featured_media":104933,"template":"","meta":{"site-sidebar-layout":"default","site-content-layout":"","ast-site-content-layout":"default","site-content-style":"default","site-sidebar-style":"default","ast-global-header-display":"","ast-banner-title-visibility":"","ast-main-header-display":"","ast-hfb-above-header-display":"","ast-hfb-below-header-display":"","ast-hfb-mobile-header-display":"","site-post-title":"","ast-breadcrumbs-content":"","ast-featured-img":"","footer-sml-layout":"","ast-disable-related-posts":"","theme-transparent-header-meta":"default","adv-header-id-meta":"","stick-header-meta":"","header-above-stick-meta":"","header-main-stick-meta":"","header-below-stick-meta":"","astra-migrate-meta-layouts":"default","ast-page-background-enabled":"default","ast-page-background-meta":{"desktop":{"background-color":"var(--ast-global-color-4)","background-image":"","background-repeat":"repeat","background-position":"center center","background-size":"auto","background-attachment":"scroll","background-type":"","background-media":"","overlay-type":"","overlay-color":"","overlay-opacity":"","overlay-gradient":""},"tablet":{"background-color":"","background-image":"","background-repeat":"repeat","background-position":"center center","background-size":"auto","background-attachment":"scroll","background-type":"","background-media":"","overlay-type":"","overlay-color":"","overlay-opacity":"","overlay-gradient":""},"mobile":{"background-color":"","background-image":"","background-repeat":"repeat","background-position":"center center","background-size":"auto","background-attachment":"scroll","background-type":"","background-media":"","overlay-type":"","overlay-color":"","overlay-opacity":"","overlay-gradient":""}},"ast-content-background-meta":{"desktop":{"background-color":"var(--ast-global-color-5)","background-image":"","background-repeat":"repeat","background-position":"center center","background-size":"auto","background-attachment":"scroll","background-type":"","background-media":"","overlay-type":"","overlay-color":"","overlay-opacity":"","overlay-gradient":""},"tablet":{"background-color":"var(--ast-global-color-5)","background-image":"","background-repeat":"repeat","background-position":"center center","background-size":"auto","background-attachment":"scroll","background-type":"","background-media":"","overlay-type":"","overlay-color":"","overlay-opacity":"","overlay-gradient":""},"mobile":{"background-color":"var(--ast-global-color-5)","background-image":"","background-repeat":"repeat","background-position":"center center","background-size":"auto","background-attachment":"scroll","background-type":"","background-media":"","overlay-type":"","overlay-color":"","overlay-opacity":"","overlay-gradient":""}}},"product_brand":[5206],"product_cat":[1437],"product_tag":[],"class_list":{"0":"post-104929","1":"product","2":"type-product","3":"status-publish","4":"has-post-thumbnail","6":"product_brand-tornado-foosball-fr","7":"product_cat-baby-foot-sans-monnayeur","8":"product_shipping_class-baby-foot","9":"desktop-align-center","10":"tablet-align-left","11":"mobile-align-left","13":"first","14":"instock","15":"taxable","16":"shipping-taxable","17":"product-type-simple"},"yoast_head":"<!-- This site is optimized with the Yoast SEO plugin v27.5 - https:\/\/yoast.com\/product\/yoast-seo-wordpress\/ -->\n<title>Acheter Baby foot Tornado Sport - The World Billiards<\/title>\n<meta name=\"description\" content=\"La table parfaite pour les d\u00e9butants et les joueurs plus exp\u00e9riment\u00e9s. Tornado Sport est construite selon les m\u00eames normes de qualit\u00e9 rigoureuses que le reste de la gamme de produits Tornado, aux \u00c9tats-Unis. Le r\u00e9glage de la hauteur, la construction durable et la finition en m\u00e9lamine acajou permettent aux jeunes, aux jeunes de c\u0153ur et m\u00eame aux moins jeunes de s&#039;amuser pendant des g\u00e9n\u00e9rations.  Caract\u00e9ristiques Pieds r\u00e9glables en hauteur avec niveleurs de bottes Les hommes brevet\u00e9s Tornado ont \u00e9t\u00e9 am\u00e9lior\u00e9s avec des coins plus nets et une section transversale accrue pour un meilleur contr\u00f4le et une meilleure passe de balle Poign\u00e9es caoutchout\u00e9es noires SureGrip Retours de balle \u00e0 double extr\u00e9mit\u00e9\" \/>\n<meta name=\"robots\" content=\"index, follow, max-snippet:-1, max-image-preview:large, max-video-preview:-1\" \/>\n<link rel=\"canonical\" href=\"https:\/\/theworldbilliards.com\/fr\/produit\/baby-foot-tornado-sport\/\" \/>\n<meta property=\"og:locale\" content=\"fr_FR\" \/>\n<meta property=\"og:type\" content=\"article\" \/>\n<meta property=\"og:title\" content=\"Acheter Baby foot Tornado Sport - The World Billiards\" \/>\n<meta property=\"og:description\" content=\"La table parfaite pour les d\u00e9butants et les joueurs plus exp\u00e9riment\u00e9s. Tornado Sport est construite selon les m\u00eames normes de qualit\u00e9 rigoureuses que le reste de la gamme de produits Tornado, aux \u00c9tats-Unis. Le r\u00e9glage de la hauteur, la construction durable et la finition en m\u00e9lamine acajou permettent aux jeunes, aux jeunes de c\u0153ur et m\u00eame aux moins jeunes de s&#039;amuser pendant des g\u00e9n\u00e9rations.  Caract\u00e9ristiques Pieds r\u00e9glables en hauteur avec niveleurs de bottes Les hommes brevet\u00e9s Tornado ont \u00e9t\u00e9 am\u00e9lior\u00e9s avec des coins plus nets et une section transversale accrue pour un meilleur contr\u00f4le et une meilleure passe de balle Poign\u00e9es caoutchout\u00e9es noires SureGrip Retours de balle \u00e0 double extr\u00e9mit\u00e9\" \/>\n<meta property=\"og:url\" content=\"https:\/\/theworldbilliards.com\/fr\/produit\/baby-foot-tornado-sport\/\" \/>\n<meta property=\"og:site_name\" content=\"The World Billiards\" \/>\n<meta property=\"article:publisher\" content=\"https:\/\/www.facebook.com\/baby.foot.superbes\" \/>\n<meta property=\"article:modified_time\" content=\"2024-09-02T11:31:59+00:00\" \/>\n<meta property=\"og:image\" content=\"https:\/\/theworldbilliards.com\/wp-content\/uploads\/2024\/09\/Tornado_Sport.jpg\" \/>\n\t<meta property=\"og:image:width\" content=\"913\" \/>\n\t<meta property=\"og:image:height\" content=\"913\" \/>\n\t<meta property=\"og:image:type\" content=\"image\/jpeg\" \/>\n<meta name=\"twitter:card\" content=\"summary_large_image\" \/>\n<script type=\"application\/ld+json\" class=\"yoast-schema-graph\">{\"@context\":\"https:\\\/\\\/schema.org\",\"@graph\":[{\"@type\":\"WebPage\",\"@id\":\"https:\\\/\\\/theworldbilliards.com\\\/fr\\\/produit\\\/baby-foot-tornado-sport\\\/\",\"url\":\"https:\\\/\\\/theworldbilliards.com\\\/fr\\\/produit\\\/baby-foot-tornado-sport\\\/\",\"name\":\"Acheter Baby foot Tornado Sport - The World Billiards\",\"isPartOf\":{\"@id\":\"https:\\\/\\\/theworldbilliards.com\\\/fr\\\/#website\"},\"primaryImageOfPage\":{\"@id\":\"https:\\\/\\\/theworldbilliards.com\\\/fr\\\/produit\\\/baby-foot-tornado-sport\\\/#primaryimage\"},\"image\":{\"@id\":\"https:\\\/\\\/theworldbilliards.com\\\/fr\\\/produit\\\/baby-foot-tornado-sport\\\/#primaryimage\"},\"thumbnailUrl\":\"https:\\\/\\\/theworldbilliards.com\\\/wp-content\\\/uploads\\\/2024\\\/09\\\/Tornado_Sport.jpg\",\"datePublished\":\"2024-09-02T11:26:06+00:00\",\"dateModified\":\"2024-09-02T11:31:59+00:00\",\"description\":\"La table parfaite pour les d\u00e9butants et les joueurs plus exp\u00e9riment\u00e9s. Tornado Sport est construite selon les m\u00eames normes de qualit\u00e9 rigoureuses que le reste de la gamme de produits Tornado, aux \u00c9tats-Unis. Le r\u00e9glage de la hauteur, la construction durable et la finition en m\u00e9lamine acajou permettent aux jeunes, aux jeunes de c\u0153ur et m\u00eame aux moins jeunes de s'amuser pendant des g\u00e9n\u00e9rations. Caract\u00e9ristiques Pieds r\u00e9glables en hauteur avec niveleurs de bottes Les hommes brevet\u00e9s Tornado ont \u00e9t\u00e9 am\u00e9lior\u00e9s avec des coins plus nets et une section transversale accrue pour un meilleur contr\u00f4le et une meilleure passe de balle Poign\u00e9es caoutchout\u00e9es noires SureGrip Retours de balle \u00e0 double extr\u00e9mit\u00e9\",\"breadcrumb\":{\"@id\":\"https:\\\/\\\/theworldbilliards.com\\\/fr\\\/produit\\\/baby-foot-tornado-sport\\\/#breadcrumb\"},\"inLanguage\":\"fr-FR\",\"potentialAction\":[{\"@type\":\"ReadAction\",\"target\":[\"https:\\\/\\\/theworldbilliards.com\\\/fr\\\/produit\\\/baby-foot-tornado-sport\\\/\"]}]},{\"@type\":\"ImageObject\",\"inLanguage\":\"fr-FR\",\"@id\":\"https:\\\/\\\/theworldbilliards.com\\\/fr\\\/produit\\\/baby-foot-tornado-sport\\\/#primaryimage\",\"url\":\"https:\\\/\\\/theworldbilliards.com\\\/wp-content\\\/uploads\\\/2024\\\/09\\\/Tornado_Sport.jpg\",\"contentUrl\":\"https:\\\/\\\/theworldbilliards.com\\\/wp-content\\\/uploads\\\/2024\\\/09\\\/Tornado_Sport.jpg\",\"width\":913,\"height\":913},{\"@type\":\"BreadcrumbList\",\"@id\":\"https:\\\/\\\/theworldbilliards.com\\\/fr\\\/produit\\\/baby-foot-tornado-sport\\\/#breadcrumb\",\"itemListElement\":[{\"@type\":\"ListItem\",\"position\":1,\"name\":\"In\u00edcio\",\"item\":\"https:\\\/\\\/theworldbilliards.com\\\/fr\\\/\"},{\"@type\":\"ListItem\",\"position\":2,\"name\":\"Boutique en ligne\",\"item\":\"https:\\\/\\\/theworldbilliards.com\\\/fr\\\/boutique-theworldbilliards\\\/\"},{\"@type\":\"ListItem\",\"position\":3,\"name\":\"Baby foot Tornado Sport\"}]},{\"@type\":\"WebSite\",\"@id\":\"https:\\\/\\\/theworldbilliards.com\\\/fr\\\/#website\",\"url\":\"https:\\\/\\\/theworldbilliards.com\\\/fr\\\/\",\"name\":\"TheWorldBilliards\",\"description\":\"Achetez ici billard, baby-foot, ping-pong et bowling\",\"publisher\":{\"@id\":\"https:\\\/\\\/theworldbilliards.com\\\/fr\\\/#organization\"},\"alternateName\":\"The world billiards\",\"potentialAction\":[{\"@type\":\"SearchAction\",\"target\":{\"@type\":\"EntryPoint\",\"urlTemplate\":\"https:\\\/\\\/theworldbilliards.com\\\/fr\\\/?s={search_term_string}\"},\"query-input\":{\"@type\":\"PropertyValueSpecification\",\"valueRequired\":true,\"valueName\":\"search_term_string\"}}],\"inLanguage\":\"fr-FR\"},{\"@type\":\"Organization\",\"@id\":\"https:\\\/\\\/theworldbilliards.com\\\/fr\\\/#organization\",\"name\":\"The World Billiards\",\"alternateName\":\"The World Billiards\",\"url\":\"https:\\\/\\\/theworldbilliards.com\\\/fr\\\/\",\"logo\":{\"@type\":\"ImageObject\",\"inLanguage\":\"fr-FR\",\"@id\":\"https:\\\/\\\/theworldbilliards.com\\\/fr\\\/#\\\/schema\\\/logo\\\/image\\\/\",\"url\":\"\",\"contentUrl\":\"\",\"caption\":\"The World Billiards\"},\"image\":{\"@id\":\"https:\\\/\\\/theworldbilliards.com\\\/fr\\\/#\\\/schema\\\/logo\\\/image\\\/\"},\"sameAs\":[\"https:\\\/\\\/www.facebook.com\\\/baby.foot.superbes\",\"https:\\\/\\\/www.youtube.com\\\/channel\\\/UCIMuOVAaUcH6UpZcsZlH0Tg\",\"https:\\\/\\\/www.facebook.com\\\/people\\\/Brunswick-Billiards-EspaaPortugal\\\/100066446264309\\\/\",\"https:\\\/\\\/www.instagram.com\\\/the_world_billiards\\\/\",\"https:\\\/\\\/www.pinterest.es\\\/Theworldbilliards\\\/\"]}]}<\/script>\n<!-- \/ Yoast SEO plugin. -->","yoast_head_json":{"title":"Acheter Baby foot Tornado Sport - The World Billiards","description":"La table parfaite pour les d\u00e9butants et les joueurs plus exp\u00e9riment\u00e9s. Tornado Sport est construite selon les m\u00eames normes de qualit\u00e9 rigoureuses que le reste de la gamme de produits Tornado, aux \u00c9tats-Unis. Le r\u00e9glage de la hauteur, la construction durable et la finition en m\u00e9lamine acajou permettent aux jeunes, aux jeunes de c\u0153ur et m\u00eame aux moins jeunes de s'amuser pendant des g\u00e9n\u00e9rations.  Caract\u00e9ristiques Pieds r\u00e9glables en hauteur avec niveleurs de bottes Les hommes brevet\u00e9s Tornado ont \u00e9t\u00e9 am\u00e9lior\u00e9s avec des coins plus nets et une section transversale accrue pour un meilleur contr\u00f4le et une meilleure passe de balle Poign\u00e9es caoutchout\u00e9es noires SureGrip Retours de balle \u00e0 double extr\u00e9mit\u00e9","robots":{"index":"index","follow":"follow","max-snippet":"max-snippet:-1","max-image-preview":"max-image-preview:large","max-video-preview":"max-video-preview:-1"},"canonical":"https:\/\/theworldbilliards.com\/fr\/produit\/baby-foot-tornado-sport\/","og_locale":"fr_FR","og_type":"article","og_title":"Acheter Baby foot Tornado Sport - The World Billiards","og_description":"La table parfaite pour les d\u00e9butants et les joueurs plus exp\u00e9riment\u00e9s. Tornado Sport est construite selon les m\u00eames normes de qualit\u00e9 rigoureuses que le reste de la gamme de produits Tornado, aux \u00c9tats-Unis. Le r\u00e9glage de la hauteur, la construction durable et la finition en m\u00e9lamine acajou permettent aux jeunes, aux jeunes de c\u0153ur et m\u00eame aux moins jeunes de s'amuser pendant des g\u00e9n\u00e9rations.  Caract\u00e9ristiques Pieds r\u00e9glables en hauteur avec niveleurs de bottes Les hommes brevet\u00e9s Tornado ont \u00e9t\u00e9 am\u00e9lior\u00e9s avec des coins plus nets et une section transversale accrue pour un meilleur contr\u00f4le et une meilleure passe de balle Poign\u00e9es caoutchout\u00e9es noires SureGrip Retours de balle \u00e0 double extr\u00e9mit\u00e9","og_url":"https:\/\/theworldbilliards.com\/fr\/produit\/baby-foot-tornado-sport\/","og_site_name":"The World Billiards","article_publisher":"https:\/\/www.facebook.com\/baby.foot.superbes","article_modified_time":"2024-09-02T11:31:59+00:00","og_image":[{"width":913,"height":913,"url":"https:\/\/theworldbilliards.com\/wp-content\/uploads\/2024\/09\/Tornado_Sport.jpg","type":"image\/jpeg"}],"twitter_card":"summary_large_image","schema":{"@context":"https:\/\/schema.org","@graph":[{"@type":"WebPage","@id":"https:\/\/theworldbilliards.com\/fr\/produit\/baby-foot-tornado-sport\/","url":"https:\/\/theworldbilliards.com\/fr\/produit\/baby-foot-tornado-sport\/","name":"Acheter Baby foot Tornado Sport - The World Billiards","isPartOf":{"@id":"https:\/\/theworldbilliards.com\/fr\/#website"},"primaryImageOfPage":{"@id":"https:\/\/theworldbilliards.com\/fr\/produit\/baby-foot-tornado-sport\/#primaryimage"},"image":{"@id":"https:\/\/theworldbilliards.com\/fr\/produit\/baby-foot-tornado-sport\/#primaryimage"},"thumbnailUrl":"https:\/\/theworldbilliards.com\/wp-content\/uploads\/2024\/09\/Tornado_Sport.jpg","datePublished":"2024-09-02T11:26:06+00:00","dateModified":"2024-09-02T11:31:59+00:00","description":"La table parfaite pour les d\u00e9butants et les joueurs plus exp\u00e9riment\u00e9s. Tornado Sport est construite selon les m\u00eames normes de qualit\u00e9 rigoureuses que le reste de la gamme de produits Tornado, aux \u00c9tats-Unis. Le r\u00e9glage de la hauteur, la construction durable et la finition en m\u00e9lamine acajou permettent aux jeunes, aux jeunes de c\u0153ur et m\u00eame aux moins jeunes de s'amuser pendant des g\u00e9n\u00e9rations. Caract\u00e9ristiques Pieds r\u00e9glables en hauteur avec niveleurs de bottes Les hommes brevet\u00e9s Tornado ont \u00e9t\u00e9 am\u00e9lior\u00e9s avec des coins plus nets et une section transversale accrue pour un meilleur contr\u00f4le et une meilleure passe de balle Poign\u00e9es caoutchout\u00e9es noires SureGrip Retours de balle \u00e0 double extr\u00e9mit\u00e9","breadcrumb":{"@id":"https:\/\/theworldbilliards.com\/fr\/produit\/baby-foot-tornado-sport\/#breadcrumb"},"inLanguage":"fr-FR","potentialAction":[{"@type":"ReadAction","target":["https:\/\/theworldbilliards.com\/fr\/produit\/baby-foot-tornado-sport\/"]}]},{"@type":"ImageObject","inLanguage":"fr-FR","@id":"https:\/\/theworldbilliards.com\/fr\/produit\/baby-foot-tornado-sport\/#primaryimage","url":"https:\/\/theworldbilliards.com\/wp-content\/uploads\/2024\/09\/Tornado_Sport.jpg","contentUrl":"https:\/\/theworldbilliards.com\/wp-content\/uploads\/2024\/09\/Tornado_Sport.jpg","width":913,"height":913},{"@type":"BreadcrumbList","@id":"https:\/\/theworldbilliards.com\/fr\/produit\/baby-foot-tornado-sport\/#breadcrumb","itemListElement":[{"@type":"ListItem","position":1,"name":"In\u00edcio","item":"https:\/\/theworldbilliards.com\/fr\/"},{"@type":"ListItem","position":2,"name":"Boutique en ligne","item":"https:\/\/theworldbilliards.com\/fr\/boutique-theworldbilliards\/"},{"@type":"ListItem","position":3,"name":"Baby foot Tornado Sport"}]},{"@type":"WebSite","@id":"https:\/\/theworldbilliards.com\/fr\/#website","url":"https:\/\/theworldbilliards.com\/fr\/","name":"TheWorldBilliards","description":"Achetez ici billard, baby-foot, ping-pong et bowling","publisher":{"@id":"https:\/\/theworldbilliards.com\/fr\/#organization"},"alternateName":"The world billiards","potentialAction":[{"@type":"SearchAction","target":{"@type":"EntryPoint","urlTemplate":"https:\/\/theworldbilliards.com\/fr\/?s={search_term_string}"},"query-input":{"@type":"PropertyValueSpecification","valueRequired":true,"valueName":"search_term_string"}}],"inLanguage":"fr-FR"},{"@type":"Organization","@id":"https:\/\/theworldbilliards.com\/fr\/#organization","name":"The World Billiards","alternateName":"The World Billiards","url":"https:\/\/theworldbilliards.com\/fr\/","logo":{"@type":"ImageObject","inLanguage":"fr-FR","@id":"https:\/\/theworldbilliards.com\/fr\/#\/schema\/logo\/image\/","url":"","contentUrl":"","caption":"The World Billiards"},"image":{"@id":"https:\/\/theworldbilliards.com\/fr\/#\/schema\/logo\/image\/"},"sameAs":["https:\/\/www.facebook.com\/baby.foot.superbes","https:\/\/www.youtube.com\/channel\/UCIMuOVAaUcH6UpZcsZlH0Tg","https:\/\/www.facebook.com\/people\/Brunswick-Billiards-EspaaPortugal\/100066446264309\/","https:\/\/www.instagram.com\/the_world_billiards\/","https:\/\/www.pinterest.es\/Theworldbilliards\/"]}]}},"_links":{"self":[{"href":"https:\/\/theworldbilliards.com\/fr\/wp-json\/wp\/v2\/product\/104929","targetHints":{"allow":["GET"]}}],"collection":[{"href":"https:\/\/theworldbilliards.com\/fr\/wp-json\/wp\/v2\/product"}],"about":[{"href":"https:\/\/theworldbilliards.com\/fr\/wp-json\/wp\/v2\/types\/product"}],"wp:featuredmedia":[{"embeddable":true,"href":"https:\/\/theworldbilliards.com\/fr\/wp-json\/wp\/v2\/media\/104933"}],"wp:attachment":[{"href":"https:\/\/theworldbilliards.com\/fr\/wp-json\/wp\/v2\/media?parent=104929"}],"wp:term":[{"taxonomy":"product_brand","embeddable":true,"href":"https:\/\/theworldbilliards.com\/fr\/wp-json\/wp\/v2\/product_brand?post=104929"},{"taxonomy":"product_cat","embeddable":true,"href":"https:\/\/theworldbilliards.com\/fr\/wp-json\/wp\/v2\/product_cat?post=104929"},{"taxonomy":"product_tag","embeddable":true,"href":"https:\/\/theworldbilliards.com\/fr\/wp-json\/wp\/v2\/product_tag?post=104929"}],"curies":[{"name":"wp","href":"https:\/\/api.w.org\/{rel}","templated":true}]}}