{"id":104938,"date":"2024-09-03T12:32:07","date_gmt":"2024-09-03T10:32:07","guid":{"rendered":"https:\/\/theworldbilliards.com\/?post_type=product&#038;p=104938"},"modified":"2024-09-03T13:27:19","modified_gmt":"2024-09-03T11:27:19","slug":"baby-foot-brunswick-premier","status":"publish","type":"product","link":"https:\/\/theworldbilliards.com\/fr\/produit\/baby-foot-brunswick-premier\/","title":{"rendered":"Baby foot Brunswick Premier"},"content":{"rendered":"<p>Le baby-foot Brunswick Premier est une table industrielle de luxe r\u00e9sidentielle robuste con\u00e7ue pour la durabilit\u00e9 et le style. Dot\u00e9 d&rsquo;une ligne de gardien de but \u00e0 contrepoids pour trois hommes, d&rsquo;une armoire en stratifi\u00e9 de ch\u00eane patin\u00e9 robuste, de pieds en acier et d&rsquo;une armoire facile \u00e0 assembler, le baby-foot Premier est un best-seller\u00a0!<\/p>\n<p>Base de cadre en m\u00e9tal unique en \u00ab\u00a0X\u00a0\u00bb pour une stabilit\u00e9 accrue avec une armoire en vinyle robuste et une surface de jeu en m\u00e9lamine<br \/>\nGardien de but \u00e0 3 hommes pour un jeu rapide avec retours de balle en bout<br \/>\nTiges de joueur pr\u00e9-assembl\u00e9es avec roulements en trois parties<br \/>\nNiveleurs r\u00e9glables et marqueurs \u00e0 double boulier standard<br \/>\nComprend huit balles, deux joueurs suppl\u00e9mentaires, deux jeux de roulements et du lubrifiant<\/p>\n","protected":false},"excerpt":{"rendered":"<p>Le baby-foot Brunswick Premier est une table industrielle de luxe r\u00e9sidentielle robuste con\u00e7ue pour la durabilit\u00e9 et le style. Dot\u00e9 [&hellip;]<\/p>\n","protected":false},"featured_media":104942,"template":"","meta":{"site-sidebar-layout":"default","site-content-layout":"","ast-site-content-layout":"default","site-content-style":"default","site-sidebar-style":"default","ast-global-header-display":"","ast-banner-title-visibility":"","ast-main-header-display":"","ast-hfb-above-header-display":"","ast-hfb-below-header-display":"","ast-hfb-mobile-header-display":"","site-post-title":"","ast-breadcrumbs-content":"","ast-featured-img":"","footer-sml-layout":"","ast-disable-related-posts":"","theme-transparent-header-meta":"default","adv-header-id-meta":"","stick-header-meta":"","header-above-stick-meta":"","header-main-stick-meta":"","header-below-stick-meta":"","astra-migrate-meta-layouts":"default","ast-page-background-enabled":"default","ast-page-background-meta":{"desktop":{"background-color":"var(--ast-global-color-4)","background-image":"","background-repeat":"repeat","background-position":"center center","background-size":"auto","background-attachment":"scroll","background-type":"","background-media":"","overlay-type":"","overlay-color":"","overlay-opacity":"","overlay-gradient":""},"tablet":{"background-color":"","background-image":"","background-repeat":"repeat","background-position":"center center","background-size":"auto","background-attachment":"scroll","background-type":"","background-media":"","overlay-type":"","overlay-color":"","overlay-opacity":"","overlay-gradient":""},"mobile":{"background-color":"","background-image":"","background-repeat":"repeat","background-position":"center center","background-size":"auto","background-attachment":"scroll","background-type":"","background-media":"","overlay-type":"","overlay-color":"","overlay-opacity":"","overlay-gradient":""}},"ast-content-background-meta":{"desktop":{"background-color":"var(--ast-global-color-5)","background-image":"","background-repeat":"repeat","background-position":"center center","background-size":"auto","background-attachment":"scroll","background-type":"","background-media":"","overlay-type":"","overlay-color":"","overlay-opacity":"","overlay-gradient":""},"tablet":{"background-color":"var(--ast-global-color-5)","background-image":"","background-repeat":"repeat","background-position":"center center","background-size":"auto","background-attachment":"scroll","background-type":"","background-media":"","overlay-type":"","overlay-color":"","overlay-opacity":"","overlay-gradient":""},"mobile":{"background-color":"var(--ast-global-color-5)","background-image":"","background-repeat":"repeat","background-position":"center center","background-size":"auto","background-attachment":"scroll","background-type":"","background-media":"","overlay-type":"","overlay-color":"","overlay-opacity":"","overlay-gradient":""}}},"product_brand":[5198],"product_cat":[1437],"product_tag":[],"class_list":{"0":"post-104938","1":"product","2":"type-product","3":"status-publish","4":"has-post-thumbnail","6":"product_brand-brunswick-billiards-fr","7":"product_cat-baby-foot-sans-monnayeur","8":"product_shipping_class-baby-foot","9":"desktop-align-center","10":"tablet-align-left","11":"mobile-align-left","13":"first","14":"onbackorder","15":"taxable","16":"shipping-taxable","17":"purchasable","18":"product-type-simple"},"yoast_head":"<!-- This site is optimized with the Yoast SEO plugin v27.5 - https:\/\/yoast.com\/product\/yoast-seo-wordpress\/ -->\n<title>Acheter Baby foot Brunswick Premier - The World Billiards<\/title>\n<meta name=\"description\" content=\"Le baby-foot Brunswick Premier est une table industrielle de luxe r\u00e9sidentielle robuste con\u00e7ue pour la durabilit\u00e9 et le style. Dot\u00e9 d&#039;une ligne de gardien de but \u00e0 contrepoids pour trois hommes, d&#039;une armoire en stratifi\u00e9 de ch\u00eane patin\u00e9 robuste, de pieds en acier et d&#039;une armoire facile \u00e0 assembler, le baby-foot Premier est un best-seller\u00a0!  Base de cadre en m\u00e9tal unique en \u00ab\u00a0X\u00a0\u00bb pour une stabilit\u00e9 accrue avec une armoire en vinyle robuste et une surface de jeu en m\u00e9lamine Gardien de but \u00e0 3 hommes pour un jeu rapide avec retours de balle en bout Tiges de joueur pr\u00e9-assembl\u00e9es avec roulements en trois parties Niveleurs r\u00e9glables et marqueurs \u00e0 double boulier standard Comprend huit balles, deux joueurs suppl\u00e9mentaires, deux jeux de roulements et du lubrifiant\" \/>\n<meta name=\"robots\" content=\"index, follow, max-snippet:-1, max-image-preview:large, max-video-preview:-1\" \/>\n<link rel=\"canonical\" href=\"https:\/\/theworldbilliards.com\/fr\/produit\/baby-foot-brunswick-premier\/\" \/>\n<meta property=\"og:locale\" content=\"fr_FR\" \/>\n<meta property=\"og:type\" content=\"article\" \/>\n<meta property=\"og:title\" content=\"Acheter Baby foot Brunswick Premier - The World Billiards\" \/>\n<meta property=\"og:description\" content=\"Le baby-foot Brunswick Premier est une table industrielle de luxe r\u00e9sidentielle robuste con\u00e7ue pour la durabilit\u00e9 et le style. Dot\u00e9 d&#039;une ligne de gardien de but \u00e0 contrepoids pour trois hommes, d&#039;une armoire en stratifi\u00e9 de ch\u00eane patin\u00e9 robuste, de pieds en acier et d&#039;une armoire facile \u00e0 assembler, le baby-foot Premier est un best-seller\u00a0!  Base de cadre en m\u00e9tal unique en \u00ab\u00a0X\u00a0\u00bb pour une stabilit\u00e9 accrue avec une armoire en vinyle robuste et une surface de jeu en m\u00e9lamine Gardien de but \u00e0 3 hommes pour un jeu rapide avec retours de balle en bout Tiges de joueur pr\u00e9-assembl\u00e9es avec roulements en trois parties Niveleurs r\u00e9glables et marqueurs \u00e0 double boulier standard Comprend huit balles, deux joueurs suppl\u00e9mentaires, deux jeux de roulements et du lubrifiant\" \/>\n<meta property=\"og:url\" content=\"https:\/\/theworldbilliards.com\/fr\/produit\/baby-foot-brunswick-premier\/\" \/>\n<meta property=\"og:site_name\" content=\"The World Billiards\" \/>\n<meta property=\"article:publisher\" content=\"https:\/\/www.facebook.com\/baby.foot.superbes\" \/>\n<meta property=\"article:modified_time\" content=\"2024-09-03T11:27:19+00:00\" \/>\n<meta property=\"og:image\" content=\"https:\/\/theworldbilliards.com\/wp-content\/uploads\/2024\/09\/premier-foosball.png\" \/>\n\t<meta property=\"og:image:width\" content=\"820\" \/>\n\t<meta property=\"og:image:height\" content=\"821\" \/>\n\t<meta property=\"og:image:type\" content=\"image\/png\" \/>\n<meta name=\"twitter:card\" content=\"summary_large_image\" \/>\n<script type=\"application\/ld+json\" class=\"yoast-schema-graph\">{\"@context\":\"https:\\\/\\\/schema.org\",\"@graph\":[{\"@type\":\"WebPage\",\"@id\":\"https:\\\/\\\/theworldbilliards.com\\\/fr\\\/produit\\\/baby-foot-brunswick-premier\\\/\",\"url\":\"https:\\\/\\\/theworldbilliards.com\\\/fr\\\/produit\\\/baby-foot-brunswick-premier\\\/\",\"name\":\"Acheter Baby foot Brunswick Premier - The World Billiards\",\"isPartOf\":{\"@id\":\"https:\\\/\\\/theworldbilliards.com\\\/fr\\\/#website\"},\"primaryImageOfPage\":{\"@id\":\"https:\\\/\\\/theworldbilliards.com\\\/fr\\\/produit\\\/baby-foot-brunswick-premier\\\/#primaryimage\"},\"image\":{\"@id\":\"https:\\\/\\\/theworldbilliards.com\\\/fr\\\/produit\\\/baby-foot-brunswick-premier\\\/#primaryimage\"},\"thumbnailUrl\":\"https:\\\/\\\/theworldbilliards.com\\\/wp-content\\\/uploads\\\/2024\\\/09\\\/premier-foosball.png\",\"datePublished\":\"2024-09-03T10:32:07+00:00\",\"dateModified\":\"2024-09-03T11:27:19+00:00\",\"description\":\"Le baby-foot Brunswick Premier est une table industrielle de luxe r\u00e9sidentielle robuste con\u00e7ue pour la durabilit\u00e9 et le style. Dot\u00e9 d'une ligne de gardien de but \u00e0 contrepoids pour trois hommes, d'une armoire en stratifi\u00e9 de ch\u00eane patin\u00e9 robuste, de pieds en acier et d'une armoire facile \u00e0 assembler, le baby-foot Premier est un best-seller\u00a0! Base de cadre en m\u00e9tal unique en \u00ab\u00a0X\u00a0\u00bb pour une stabilit\u00e9 accrue avec une armoire en vinyle robuste et une surface de jeu en m\u00e9lamine Gardien de but \u00e0 3 hommes pour un jeu rapide avec retours de balle en bout Tiges de joueur pr\u00e9-assembl\u00e9es avec roulements en trois parties Niveleurs r\u00e9glables et marqueurs \u00e0 double boulier standard Comprend huit balles, deux joueurs suppl\u00e9mentaires, deux jeux de roulements et du lubrifiant\",\"breadcrumb\":{\"@id\":\"https:\\\/\\\/theworldbilliards.com\\\/fr\\\/produit\\\/baby-foot-brunswick-premier\\\/#breadcrumb\"},\"inLanguage\":\"fr-FR\",\"potentialAction\":[{\"@type\":\"ReadAction\",\"target\":[\"https:\\\/\\\/theworldbilliards.com\\\/fr\\\/produit\\\/baby-foot-brunswick-premier\\\/\"]}]},{\"@type\":\"ImageObject\",\"inLanguage\":\"fr-FR\",\"@id\":\"https:\\\/\\\/theworldbilliards.com\\\/fr\\\/produit\\\/baby-foot-brunswick-premier\\\/#primaryimage\",\"url\":\"https:\\\/\\\/theworldbilliards.com\\\/wp-content\\\/uploads\\\/2024\\\/09\\\/premier-foosball.png\",\"contentUrl\":\"https:\\\/\\\/theworldbilliards.com\\\/wp-content\\\/uploads\\\/2024\\\/09\\\/premier-foosball.png\",\"width\":820,\"height\":821},{\"@type\":\"BreadcrumbList\",\"@id\":\"https:\\\/\\\/theworldbilliards.com\\\/fr\\\/produit\\\/baby-foot-brunswick-premier\\\/#breadcrumb\",\"itemListElement\":[{\"@type\":\"ListItem\",\"position\":1,\"name\":\"In\u00edcio\",\"item\":\"https:\\\/\\\/theworldbilliards.com\\\/fr\\\/\"},{\"@type\":\"ListItem\",\"position\":2,\"name\":\"Boutique en ligne\",\"item\":\"https:\\\/\\\/theworldbilliards.com\\\/fr\\\/boutique-theworldbilliards\\\/\"},{\"@type\":\"ListItem\",\"position\":3,\"name\":\"Baby foot Brunswick Premier\"}]},{\"@type\":\"WebSite\",\"@id\":\"https:\\\/\\\/theworldbilliards.com\\\/fr\\\/#website\",\"url\":\"https:\\\/\\\/theworldbilliards.com\\\/fr\\\/\",\"name\":\"TheWorldBilliards\",\"description\":\"Achetez ici billard, baby-foot, ping-pong et bowling\",\"publisher\":{\"@id\":\"https:\\\/\\\/theworldbilliards.com\\\/fr\\\/#organization\"},\"alternateName\":\"The world billiards\",\"potentialAction\":[{\"@type\":\"SearchAction\",\"target\":{\"@type\":\"EntryPoint\",\"urlTemplate\":\"https:\\\/\\\/theworldbilliards.com\\\/fr\\\/?s={search_term_string}\"},\"query-input\":{\"@type\":\"PropertyValueSpecification\",\"valueRequired\":true,\"valueName\":\"search_term_string\"}}],\"inLanguage\":\"fr-FR\"},{\"@type\":\"Organization\",\"@id\":\"https:\\\/\\\/theworldbilliards.com\\\/fr\\\/#organization\",\"name\":\"The World Billiards\",\"alternateName\":\"The World Billiards\",\"url\":\"https:\\\/\\\/theworldbilliards.com\\\/fr\\\/\",\"logo\":{\"@type\":\"ImageObject\",\"inLanguage\":\"fr-FR\",\"@id\":\"https:\\\/\\\/theworldbilliards.com\\\/fr\\\/#\\\/schema\\\/logo\\\/image\\\/\",\"url\":\"\",\"contentUrl\":\"\",\"caption\":\"The World Billiards\"},\"image\":{\"@id\":\"https:\\\/\\\/theworldbilliards.com\\\/fr\\\/#\\\/schema\\\/logo\\\/image\\\/\"},\"sameAs\":[\"https:\\\/\\\/www.facebook.com\\\/baby.foot.superbes\",\"https:\\\/\\\/www.youtube.com\\\/channel\\\/UCIMuOVAaUcH6UpZcsZlH0Tg\",\"https:\\\/\\\/www.facebook.com\\\/people\\\/Brunswick-Billiards-EspaaPortugal\\\/100066446264309\\\/\",\"https:\\\/\\\/www.instagram.com\\\/the_world_billiards\\\/\",\"https:\\\/\\\/www.pinterest.es\\\/Theworldbilliards\\\/\"]}]}<\/script>\n<!-- \/ Yoast SEO plugin. -->","yoast_head_json":{"title":"Acheter Baby foot Brunswick Premier - The World Billiards","description":"Le baby-foot Brunswick Premier est une table industrielle de luxe r\u00e9sidentielle robuste con\u00e7ue pour la durabilit\u00e9 et le style. Dot\u00e9 d'une ligne de gardien de but \u00e0 contrepoids pour trois hommes, d'une armoire en stratifi\u00e9 de ch\u00eane patin\u00e9 robuste, de pieds en acier et d'une armoire facile \u00e0 assembler, le baby-foot Premier est un best-seller\u00a0!  Base de cadre en m\u00e9tal unique en \u00ab\u00a0X\u00a0\u00bb pour une stabilit\u00e9 accrue avec une armoire en vinyle robuste et une surface de jeu en m\u00e9lamine Gardien de but \u00e0 3 hommes pour un jeu rapide avec retours de balle en bout Tiges de joueur pr\u00e9-assembl\u00e9es avec roulements en trois parties Niveleurs r\u00e9glables et marqueurs \u00e0 double boulier standard Comprend huit balles, deux joueurs suppl\u00e9mentaires, deux jeux de roulements et du lubrifiant","robots":{"index":"index","follow":"follow","max-snippet":"max-snippet:-1","max-image-preview":"max-image-preview:large","max-video-preview":"max-video-preview:-1"},"canonical":"https:\/\/theworldbilliards.com\/fr\/produit\/baby-foot-brunswick-premier\/","og_locale":"fr_FR","og_type":"article","og_title":"Acheter Baby foot Brunswick Premier - The World Billiards","og_description":"Le baby-foot Brunswick Premier est une table industrielle de luxe r\u00e9sidentielle robuste con\u00e7ue pour la durabilit\u00e9 et le style. Dot\u00e9 d'une ligne de gardien de but \u00e0 contrepoids pour trois hommes, d'une armoire en stratifi\u00e9 de ch\u00eane patin\u00e9 robuste, de pieds en acier et d'une armoire facile \u00e0 assembler, le baby-foot Premier est un best-seller\u00a0!  Base de cadre en m\u00e9tal unique en \u00ab\u00a0X\u00a0\u00bb pour une stabilit\u00e9 accrue avec une armoire en vinyle robuste et une surface de jeu en m\u00e9lamine Gardien de but \u00e0 3 hommes pour un jeu rapide avec retours de balle en bout Tiges de joueur pr\u00e9-assembl\u00e9es avec roulements en trois parties Niveleurs r\u00e9glables et marqueurs \u00e0 double boulier standard Comprend huit balles, deux joueurs suppl\u00e9mentaires, deux jeux de roulements et du lubrifiant","og_url":"https:\/\/theworldbilliards.com\/fr\/produit\/baby-foot-brunswick-premier\/","og_site_name":"The World Billiards","article_publisher":"https:\/\/www.facebook.com\/baby.foot.superbes","article_modified_time":"2024-09-03T11:27:19+00:00","og_image":[{"width":820,"height":821,"url":"https:\/\/theworldbilliards.com\/wp-content\/uploads\/2024\/09\/premier-foosball.png","type":"image\/png"}],"twitter_card":"summary_large_image","schema":{"@context":"https:\/\/schema.org","@graph":[{"@type":"WebPage","@id":"https:\/\/theworldbilliards.com\/fr\/produit\/baby-foot-brunswick-premier\/","url":"https:\/\/theworldbilliards.com\/fr\/produit\/baby-foot-brunswick-premier\/","name":"Acheter Baby foot Brunswick Premier - The World Billiards","isPartOf":{"@id":"https:\/\/theworldbilliards.com\/fr\/#website"},"primaryImageOfPage":{"@id":"https:\/\/theworldbilliards.com\/fr\/produit\/baby-foot-brunswick-premier\/#primaryimage"},"image":{"@id":"https:\/\/theworldbilliards.com\/fr\/produit\/baby-foot-brunswick-premier\/#primaryimage"},"thumbnailUrl":"https:\/\/theworldbilliards.com\/wp-content\/uploads\/2024\/09\/premier-foosball.png","datePublished":"2024-09-03T10:32:07+00:00","dateModified":"2024-09-03T11:27:19+00:00","description":"Le baby-foot Brunswick Premier est une table industrielle de luxe r\u00e9sidentielle robuste con\u00e7ue pour la durabilit\u00e9 et le style. Dot\u00e9 d'une ligne de gardien de but \u00e0 contrepoids pour trois hommes, d'une armoire en stratifi\u00e9 de ch\u00eane patin\u00e9 robuste, de pieds en acier et d'une armoire facile \u00e0 assembler, le baby-foot Premier est un best-seller\u00a0! Base de cadre en m\u00e9tal unique en \u00ab\u00a0X\u00a0\u00bb pour une stabilit\u00e9 accrue avec une armoire en vinyle robuste et une surface de jeu en m\u00e9lamine Gardien de but \u00e0 3 hommes pour un jeu rapide avec retours de balle en bout Tiges de joueur pr\u00e9-assembl\u00e9es avec roulements en trois parties Niveleurs r\u00e9glables et marqueurs \u00e0 double boulier standard Comprend huit balles, deux joueurs suppl\u00e9mentaires, deux jeux de roulements et du lubrifiant","breadcrumb":{"@id":"https:\/\/theworldbilliards.com\/fr\/produit\/baby-foot-brunswick-premier\/#breadcrumb"},"inLanguage":"fr-FR","potentialAction":[{"@type":"ReadAction","target":["https:\/\/theworldbilliards.com\/fr\/produit\/baby-foot-brunswick-premier\/"]}]},{"@type":"ImageObject","inLanguage":"fr-FR","@id":"https:\/\/theworldbilliards.com\/fr\/produit\/baby-foot-brunswick-premier\/#primaryimage","url":"https:\/\/theworldbilliards.com\/wp-content\/uploads\/2024\/09\/premier-foosball.png","contentUrl":"https:\/\/theworldbilliards.com\/wp-content\/uploads\/2024\/09\/premier-foosball.png","width":820,"height":821},{"@type":"BreadcrumbList","@id":"https:\/\/theworldbilliards.com\/fr\/produit\/baby-foot-brunswick-premier\/#breadcrumb","itemListElement":[{"@type":"ListItem","position":1,"name":"In\u00edcio","item":"https:\/\/theworldbilliards.com\/fr\/"},{"@type":"ListItem","position":2,"name":"Boutique en ligne","item":"https:\/\/theworldbilliards.com\/fr\/boutique-theworldbilliards\/"},{"@type":"ListItem","position":3,"name":"Baby foot Brunswick Premier"}]},{"@type":"WebSite","@id":"https:\/\/theworldbilliards.com\/fr\/#website","url":"https:\/\/theworldbilliards.com\/fr\/","name":"TheWorldBilliards","description":"Achetez ici billard, baby-foot, ping-pong et bowling","publisher":{"@id":"https:\/\/theworldbilliards.com\/fr\/#organization"},"alternateName":"The world billiards","potentialAction":[{"@type":"SearchAction","target":{"@type":"EntryPoint","urlTemplate":"https:\/\/theworldbilliards.com\/fr\/?s={search_term_string}"},"query-input":{"@type":"PropertyValueSpecification","valueRequired":true,"valueName":"search_term_string"}}],"inLanguage":"fr-FR"},{"@type":"Organization","@id":"https:\/\/theworldbilliards.com\/fr\/#organization","name":"The World Billiards","alternateName":"The World Billiards","url":"https:\/\/theworldbilliards.com\/fr\/","logo":{"@type":"ImageObject","inLanguage":"fr-FR","@id":"https:\/\/theworldbilliards.com\/fr\/#\/schema\/logo\/image\/","url":"","contentUrl":"","caption":"The World Billiards"},"image":{"@id":"https:\/\/theworldbilliards.com\/fr\/#\/schema\/logo\/image\/"},"sameAs":["https:\/\/www.facebook.com\/baby.foot.superbes","https:\/\/www.youtube.com\/channel\/UCIMuOVAaUcH6UpZcsZlH0Tg","https:\/\/www.facebook.com\/people\/Brunswick-Billiards-EspaaPortugal\/100066446264309\/","https:\/\/www.instagram.com\/the_world_billiards\/","https:\/\/www.pinterest.es\/Theworldbilliards\/"]}]}},"_links":{"self":[{"href":"https:\/\/theworldbilliards.com\/fr\/wp-json\/wp\/v2\/product\/104938","targetHints":{"allow":["GET"]}}],"collection":[{"href":"https:\/\/theworldbilliards.com\/fr\/wp-json\/wp\/v2\/product"}],"about":[{"href":"https:\/\/theworldbilliards.com\/fr\/wp-json\/wp\/v2\/types\/product"}],"wp:featuredmedia":[{"embeddable":true,"href":"https:\/\/theworldbilliards.com\/fr\/wp-json\/wp\/v2\/media\/104942"}],"wp:attachment":[{"href":"https:\/\/theworldbilliards.com\/fr\/wp-json\/wp\/v2\/media?parent=104938"}],"wp:term":[{"taxonomy":"product_brand","embeddable":true,"href":"https:\/\/theworldbilliards.com\/fr\/wp-json\/wp\/v2\/product_brand?post=104938"},{"taxonomy":"product_cat","embeddable":true,"href":"https:\/\/theworldbilliards.com\/fr\/wp-json\/wp\/v2\/product_cat?post=104938"},{"taxonomy":"product_tag","embeddable":true,"href":"https:\/\/theworldbilliards.com\/fr\/wp-json\/wp\/v2\/product_tag?post=104938"}],"curies":[{"name":"wp","href":"https:\/\/api.w.org\/{rel}","templated":true}]}}