{"id":104982,"date":"2024-09-04T12:35:29","date_gmt":"2024-09-04T10:35:29","guid":{"rendered":"https:\/\/theworldbilliards.com\/?post_type=product&#038;p=104982"},"modified":"2024-09-04T12:46:02","modified_gmt":"2024-09-04T10:46:02","slug":"baby-foot-brunswick-striker","status":"publish","type":"product","link":"https:\/\/theworldbilliards.com\/fr\/produit\/baby-foot-brunswick-striker\/","title":{"rendered":"Baby foot Brunswick Striker"},"content":{"rendered":"<p>La table de baby-foot Brunswick Striker est une table r\u00e9sidentielle robuste con\u00e7ue pour la durabilit\u00e9 et le style. Dot\u00e9e d&rsquo;un gardien de but \u00e0 contrepoids pour un seul homme, d&rsquo;un terrain de jeu vert \u00e0 coins inclin\u00e9s, d&rsquo;une armoire en stratifi\u00e9 noyer gris robuste, de pieds HPL noirs et d&rsquo;une armoire facile \u00e0 assembler, la Striker est un gagnant garanti\u00a0!<br \/>\nComprend un gardien de but \u00e0 un seul homme avec des coins de terrain inclin\u00e9s et des joueurs contrebalanc\u00e9s fix\u00e9s par des vis m\u00e9caniques<br \/>\nRoulements \u00e0 tige r\u00e9sistants \u00e0 l&rsquo;usure, pr\u00e9-assembl\u00e9s et niveleurs de pieds<br \/>\nExtr\u00e9mit\u00e9s de l&rsquo;armoire de marque Brunswick avec un terrain de jeu vert avec des graphiques<br \/>\nMarqueurs \u00e0 double boulier standard<br \/>\nComprend deux balles et deux joueurs suppl\u00e9mentaires<\/p>\n","protected":false},"excerpt":{"rendered":"<p>La table de baby-foot Brunswick Striker est une table r\u00e9sidentielle robuste con\u00e7ue pour la durabilit\u00e9 et le style. Dot\u00e9e d&rsquo;un [&hellip;]<\/p>\n","protected":false},"featured_media":104986,"template":"","meta":{"site-sidebar-layout":"default","site-content-layout":"","ast-site-content-layout":"default","site-content-style":"default","site-sidebar-style":"default","ast-global-header-display":"","ast-banner-title-visibility":"","ast-main-header-display":"","ast-hfb-above-header-display":"","ast-hfb-below-header-display":"","ast-hfb-mobile-header-display":"","site-post-title":"","ast-breadcrumbs-content":"","ast-featured-img":"","footer-sml-layout":"","ast-disable-related-posts":"","theme-transparent-header-meta":"default","adv-header-id-meta":"","stick-header-meta":"","header-above-stick-meta":"","header-main-stick-meta":"","header-below-stick-meta":"","astra-migrate-meta-layouts":"default","ast-page-background-enabled":"default","ast-page-background-meta":{"desktop":{"background-color":"var(--ast-global-color-4)","background-image":"","background-repeat":"repeat","background-position":"center center","background-size":"auto","background-attachment":"scroll","background-type":"","background-media":"","overlay-type":"","overlay-color":"","overlay-opacity":"","overlay-gradient":""},"tablet":{"background-color":"","background-image":"","background-repeat":"repeat","background-position":"center center","background-size":"auto","background-attachment":"scroll","background-type":"","background-media":"","overlay-type":"","overlay-color":"","overlay-opacity":"","overlay-gradient":""},"mobile":{"background-color":"","background-image":"","background-repeat":"repeat","background-position":"center center","background-size":"auto","background-attachment":"scroll","background-type":"","background-media":"","overlay-type":"","overlay-color":"","overlay-opacity":"","overlay-gradient":""}},"ast-content-background-meta":{"desktop":{"background-color":"var(--ast-global-color-5)","background-image":"","background-repeat":"repeat","background-position":"center center","background-size":"auto","background-attachment":"scroll","background-type":"","background-media":"","overlay-type":"","overlay-color":"","overlay-opacity":"","overlay-gradient":""},"tablet":{"background-color":"var(--ast-global-color-5)","background-image":"","background-repeat":"repeat","background-position":"center center","background-size":"auto","background-attachment":"scroll","background-type":"","background-media":"","overlay-type":"","overlay-color":"","overlay-opacity":"","overlay-gradient":""},"mobile":{"background-color":"var(--ast-global-color-5)","background-image":"","background-repeat":"repeat","background-position":"center center","background-size":"auto","background-attachment":"scroll","background-type":"","background-media":"","overlay-type":"","overlay-color":"","overlay-opacity":"","overlay-gradient":""}}},"product_brand":[5198],"product_cat":[1437],"product_tag":[],"class_list":{"0":"post-104982","1":"product","2":"type-product","3":"status-publish","4":"has-post-thumbnail","6":"product_brand-brunswick-billiards-fr","7":"product_cat-baby-foot-sans-monnayeur","8":"product_shipping_class-baby-foot","9":"desktop-align-center","10":"tablet-align-left","11":"mobile-align-left","13":"first","14":"onbackorder","15":"taxable","16":"shipping-taxable","17":"purchasable","18":"product-type-simple"},"yoast_head":"<!-- This site is optimized with the Yoast SEO plugin v27.4 - https:\/\/yoast.com\/product\/yoast-seo-wordpress\/ -->\n<title>Acheter Baby foot Brunswick Striker - The World Billiards<\/title>\n<meta name=\"description\" content=\"La table de baby-foot Brunswick Striker est une table r\u00e9sidentielle robuste con\u00e7ue pour la durabilit\u00e9 et le style. Dot\u00e9e d&#039;un gardien de but \u00e0 contrepoids pour un seul homme, d&#039;un terrain de jeu vert \u00e0 coins inclin\u00e9s, d&#039;une armoire en stratifi\u00e9 noyer gris robuste, de pieds HPL noirs et d&#039;une armoire facile \u00e0 assembler, la Striker est un gagnant garanti\u00a0! Comprend un gardien de but \u00e0 un seul homme avec des coins de terrain inclin\u00e9s et des joueurs contrebalanc\u00e9s fix\u00e9s par des vis m\u00e9caniques Roulements \u00e0 tige r\u00e9sistants \u00e0 l&#039;usure, pr\u00e9-assembl\u00e9s et niveleurs de pieds Extr\u00e9mit\u00e9s de l&#039;armoire de marque Brunswick avec un terrain de jeu vert avec des graphiques Marqueurs \u00e0 double boulier standard Comprend deux balles et deux joueurs suppl\u00e9mentaires\" \/>\n<meta name=\"robots\" content=\"index, follow, max-snippet:-1, max-image-preview:large, max-video-preview:-1\" \/>\n<link rel=\"canonical\" href=\"https:\/\/theworldbilliards.com\/fr\/produit\/baby-foot-brunswick-striker\/\" \/>\n<meta property=\"og:locale\" content=\"fr_FR\" \/>\n<meta property=\"og:type\" content=\"article\" \/>\n<meta property=\"og:title\" content=\"Acheter Baby foot Brunswick Striker - The World Billiards\" \/>\n<meta property=\"og:description\" content=\"La table de baby-foot Brunswick Striker est une table r\u00e9sidentielle robuste con\u00e7ue pour la durabilit\u00e9 et le style. Dot\u00e9e d&#039;un gardien de but \u00e0 contrepoids pour un seul homme, d&#039;un terrain de jeu vert \u00e0 coins inclin\u00e9s, d&#039;une armoire en stratifi\u00e9 noyer gris robuste, de pieds HPL noirs et d&#039;une armoire facile \u00e0 assembler, la Striker est un gagnant garanti\u00a0! Comprend un gardien de but \u00e0 un seul homme avec des coins de terrain inclin\u00e9s et des joueurs contrebalanc\u00e9s fix\u00e9s par des vis m\u00e9caniques Roulements \u00e0 tige r\u00e9sistants \u00e0 l&#039;usure, pr\u00e9-assembl\u00e9s et niveleurs de pieds Extr\u00e9mit\u00e9s de l&#039;armoire de marque Brunswick avec un terrain de jeu vert avec des graphiques Marqueurs \u00e0 double boulier standard Comprend deux balles et deux joueurs suppl\u00e9mentaires\" \/>\n<meta property=\"og:url\" content=\"https:\/\/theworldbilliards.com\/fr\/produit\/baby-foot-brunswick-striker\/\" \/>\n<meta property=\"og:site_name\" content=\"The World Billiards\" \/>\n<meta property=\"article:publisher\" content=\"https:\/\/www.facebook.com\/baby.foot.superbes\" \/>\n<meta property=\"article:modified_time\" content=\"2024-09-04T10:46:02+00:00\" \/>\n<meta property=\"og:image\" content=\"https:\/\/theworldbilliards.com\/wp-content\/uploads\/2024\/09\/striker-foosball.png\" \/>\n\t<meta property=\"og:image:width\" content=\"829\" \/>\n\t<meta property=\"og:image:height\" content=\"829\" \/>\n\t<meta property=\"og:image:type\" content=\"image\/png\" \/>\n<meta name=\"twitter:card\" content=\"summary_large_image\" \/>\n<script type=\"application\/ld+json\" class=\"yoast-schema-graph\">{\"@context\":\"https:\\\/\\\/schema.org\",\"@graph\":[{\"@type\":\"WebPage\",\"@id\":\"https:\\\/\\\/theworldbilliards.com\\\/fr\\\/produit\\\/baby-foot-brunswick-striker\\\/\",\"url\":\"https:\\\/\\\/theworldbilliards.com\\\/fr\\\/produit\\\/baby-foot-brunswick-striker\\\/\",\"name\":\"Acheter Baby foot Brunswick Striker - The World Billiards\",\"isPartOf\":{\"@id\":\"https:\\\/\\\/theworldbilliards.com\\\/fr\\\/#website\"},\"primaryImageOfPage\":{\"@id\":\"https:\\\/\\\/theworldbilliards.com\\\/fr\\\/produit\\\/baby-foot-brunswick-striker\\\/#primaryimage\"},\"image\":{\"@id\":\"https:\\\/\\\/theworldbilliards.com\\\/fr\\\/produit\\\/baby-foot-brunswick-striker\\\/#primaryimage\"},\"thumbnailUrl\":\"https:\\\/\\\/theworldbilliards.com\\\/wp-content\\\/uploads\\\/2024\\\/09\\\/striker-foosball.png\",\"datePublished\":\"2024-09-04T10:35:29+00:00\",\"dateModified\":\"2024-09-04T10:46:02+00:00\",\"description\":\"La table de baby-foot Brunswick Striker est une table r\u00e9sidentielle robuste con\u00e7ue pour la durabilit\u00e9 et le style. Dot\u00e9e d'un gardien de but \u00e0 contrepoids pour un seul homme, d'un terrain de jeu vert \u00e0 coins inclin\u00e9s, d'une armoire en stratifi\u00e9 noyer gris robuste, de pieds HPL noirs et d'une armoire facile \u00e0 assembler, la Striker est un gagnant garanti\u00a0! Comprend un gardien de but \u00e0 un seul homme avec des coins de terrain inclin\u00e9s et des joueurs contrebalanc\u00e9s fix\u00e9s par des vis m\u00e9caniques Roulements \u00e0 tige r\u00e9sistants \u00e0 l'usure, pr\u00e9-assembl\u00e9s et niveleurs de pieds Extr\u00e9mit\u00e9s de l'armoire de marque Brunswick avec un terrain de jeu vert avec des graphiques Marqueurs \u00e0 double boulier standard Comprend deux balles et deux joueurs suppl\u00e9mentaires\",\"breadcrumb\":{\"@id\":\"https:\\\/\\\/theworldbilliards.com\\\/fr\\\/produit\\\/baby-foot-brunswick-striker\\\/#breadcrumb\"},\"inLanguage\":\"fr-FR\",\"potentialAction\":[{\"@type\":\"ReadAction\",\"target\":[\"https:\\\/\\\/theworldbilliards.com\\\/fr\\\/produit\\\/baby-foot-brunswick-striker\\\/\"]}]},{\"@type\":\"ImageObject\",\"inLanguage\":\"fr-FR\",\"@id\":\"https:\\\/\\\/theworldbilliards.com\\\/fr\\\/produit\\\/baby-foot-brunswick-striker\\\/#primaryimage\",\"url\":\"https:\\\/\\\/theworldbilliards.com\\\/wp-content\\\/uploads\\\/2024\\\/09\\\/striker-foosball.png\",\"contentUrl\":\"https:\\\/\\\/theworldbilliards.com\\\/wp-content\\\/uploads\\\/2024\\\/09\\\/striker-foosball.png\",\"width\":829,\"height\":829},{\"@type\":\"BreadcrumbList\",\"@id\":\"https:\\\/\\\/theworldbilliards.com\\\/fr\\\/produit\\\/baby-foot-brunswick-striker\\\/#breadcrumb\",\"itemListElement\":[{\"@type\":\"ListItem\",\"position\":1,\"name\":\"In\u00edcio\",\"item\":\"https:\\\/\\\/theworldbilliards.com\\\/fr\\\/\"},{\"@type\":\"ListItem\",\"position\":2,\"name\":\"Boutique en ligne\",\"item\":\"https:\\\/\\\/theworldbilliards.com\\\/fr\\\/boutique-theworldbilliards\\\/\"},{\"@type\":\"ListItem\",\"position\":3,\"name\":\"Baby foot Brunswick Striker\"}]},{\"@type\":\"WebSite\",\"@id\":\"https:\\\/\\\/theworldbilliards.com\\\/fr\\\/#website\",\"url\":\"https:\\\/\\\/theworldbilliards.com\\\/fr\\\/\",\"name\":\"TheWorldBilliards\",\"description\":\"Achetez ici billard, baby-foot, ping-pong et bowling\",\"publisher\":{\"@id\":\"https:\\\/\\\/theworldbilliards.com\\\/fr\\\/#organization\"},\"alternateName\":\"The world billiards\",\"potentialAction\":[{\"@type\":\"SearchAction\",\"target\":{\"@type\":\"EntryPoint\",\"urlTemplate\":\"https:\\\/\\\/theworldbilliards.com\\\/fr\\\/?s={search_term_string}\"},\"query-input\":{\"@type\":\"PropertyValueSpecification\",\"valueRequired\":true,\"valueName\":\"search_term_string\"}}],\"inLanguage\":\"fr-FR\"},{\"@type\":\"Organization\",\"@id\":\"https:\\\/\\\/theworldbilliards.com\\\/fr\\\/#organization\",\"name\":\"The World Billiards\",\"alternateName\":\"The World Billiards\",\"url\":\"https:\\\/\\\/theworldbilliards.com\\\/fr\\\/\",\"logo\":{\"@type\":\"ImageObject\",\"inLanguage\":\"fr-FR\",\"@id\":\"https:\\\/\\\/theworldbilliards.com\\\/fr\\\/#\\\/schema\\\/logo\\\/image\\\/\",\"url\":\"\",\"contentUrl\":\"\",\"caption\":\"The World Billiards\"},\"image\":{\"@id\":\"https:\\\/\\\/theworldbilliards.com\\\/fr\\\/#\\\/schema\\\/logo\\\/image\\\/\"},\"sameAs\":[\"https:\\\/\\\/www.facebook.com\\\/baby.foot.superbes\",\"https:\\\/\\\/www.youtube.com\\\/channel\\\/UCIMuOVAaUcH6UpZcsZlH0Tg\",\"https:\\\/\\\/www.facebook.com\\\/people\\\/Brunswick-Billiards-EspaaPortugal\\\/100066446264309\\\/\",\"https:\\\/\\\/www.instagram.com\\\/the_world_billiards\\\/\",\"https:\\\/\\\/www.pinterest.es\\\/Theworldbilliards\\\/\"]}]}<\/script>\n<!-- \/ Yoast SEO plugin. -->","yoast_head_json":{"title":"Acheter Baby foot Brunswick Striker - The World Billiards","description":"La table de baby-foot Brunswick Striker est une table r\u00e9sidentielle robuste con\u00e7ue pour la durabilit\u00e9 et le style. Dot\u00e9e d'un gardien de but \u00e0 contrepoids pour un seul homme, d'un terrain de jeu vert \u00e0 coins inclin\u00e9s, d'une armoire en stratifi\u00e9 noyer gris robuste, de pieds HPL noirs et d'une armoire facile \u00e0 assembler, la Striker est un gagnant garanti\u00a0! Comprend un gardien de but \u00e0 un seul homme avec des coins de terrain inclin\u00e9s et des joueurs contrebalanc\u00e9s fix\u00e9s par des vis m\u00e9caniques Roulements \u00e0 tige r\u00e9sistants \u00e0 l'usure, pr\u00e9-assembl\u00e9s et niveleurs de pieds Extr\u00e9mit\u00e9s de l'armoire de marque Brunswick avec un terrain de jeu vert avec des graphiques Marqueurs \u00e0 double boulier standard Comprend deux balles et deux joueurs suppl\u00e9mentaires","robots":{"index":"index","follow":"follow","max-snippet":"max-snippet:-1","max-image-preview":"max-image-preview:large","max-video-preview":"max-video-preview:-1"},"canonical":"https:\/\/theworldbilliards.com\/fr\/produit\/baby-foot-brunswick-striker\/","og_locale":"fr_FR","og_type":"article","og_title":"Acheter Baby foot Brunswick Striker - The World Billiards","og_description":"La table de baby-foot Brunswick Striker est une table r\u00e9sidentielle robuste con\u00e7ue pour la durabilit\u00e9 et le style. Dot\u00e9e d'un gardien de but \u00e0 contrepoids pour un seul homme, d'un terrain de jeu vert \u00e0 coins inclin\u00e9s, d'une armoire en stratifi\u00e9 noyer gris robuste, de pieds HPL noirs et d'une armoire facile \u00e0 assembler, la Striker est un gagnant garanti\u00a0! Comprend un gardien de but \u00e0 un seul homme avec des coins de terrain inclin\u00e9s et des joueurs contrebalanc\u00e9s fix\u00e9s par des vis m\u00e9caniques Roulements \u00e0 tige r\u00e9sistants \u00e0 l'usure, pr\u00e9-assembl\u00e9s et niveleurs de pieds Extr\u00e9mit\u00e9s de l'armoire de marque Brunswick avec un terrain de jeu vert avec des graphiques Marqueurs \u00e0 double boulier standard Comprend deux balles et deux joueurs suppl\u00e9mentaires","og_url":"https:\/\/theworldbilliards.com\/fr\/produit\/baby-foot-brunswick-striker\/","og_site_name":"The World Billiards","article_publisher":"https:\/\/www.facebook.com\/baby.foot.superbes","article_modified_time":"2024-09-04T10:46:02+00:00","og_image":[{"width":829,"height":829,"url":"https:\/\/theworldbilliards.com\/wp-content\/uploads\/2024\/09\/striker-foosball.png","type":"image\/png"}],"twitter_card":"summary_large_image","schema":{"@context":"https:\/\/schema.org","@graph":[{"@type":"WebPage","@id":"https:\/\/theworldbilliards.com\/fr\/produit\/baby-foot-brunswick-striker\/","url":"https:\/\/theworldbilliards.com\/fr\/produit\/baby-foot-brunswick-striker\/","name":"Acheter Baby foot Brunswick Striker - The World Billiards","isPartOf":{"@id":"https:\/\/theworldbilliards.com\/fr\/#website"},"primaryImageOfPage":{"@id":"https:\/\/theworldbilliards.com\/fr\/produit\/baby-foot-brunswick-striker\/#primaryimage"},"image":{"@id":"https:\/\/theworldbilliards.com\/fr\/produit\/baby-foot-brunswick-striker\/#primaryimage"},"thumbnailUrl":"https:\/\/theworldbilliards.com\/wp-content\/uploads\/2024\/09\/striker-foosball.png","datePublished":"2024-09-04T10:35:29+00:00","dateModified":"2024-09-04T10:46:02+00:00","description":"La table de baby-foot Brunswick Striker est une table r\u00e9sidentielle robuste con\u00e7ue pour la durabilit\u00e9 et le style. Dot\u00e9e d'un gardien de but \u00e0 contrepoids pour un seul homme, d'un terrain de jeu vert \u00e0 coins inclin\u00e9s, d'une armoire en stratifi\u00e9 noyer gris robuste, de pieds HPL noirs et d'une armoire facile \u00e0 assembler, la Striker est un gagnant garanti\u00a0! Comprend un gardien de but \u00e0 un seul homme avec des coins de terrain inclin\u00e9s et des joueurs contrebalanc\u00e9s fix\u00e9s par des vis m\u00e9caniques Roulements \u00e0 tige r\u00e9sistants \u00e0 l'usure, pr\u00e9-assembl\u00e9s et niveleurs de pieds Extr\u00e9mit\u00e9s de l'armoire de marque Brunswick avec un terrain de jeu vert avec des graphiques Marqueurs \u00e0 double boulier standard Comprend deux balles et deux joueurs suppl\u00e9mentaires","breadcrumb":{"@id":"https:\/\/theworldbilliards.com\/fr\/produit\/baby-foot-brunswick-striker\/#breadcrumb"},"inLanguage":"fr-FR","potentialAction":[{"@type":"ReadAction","target":["https:\/\/theworldbilliards.com\/fr\/produit\/baby-foot-brunswick-striker\/"]}]},{"@type":"ImageObject","inLanguage":"fr-FR","@id":"https:\/\/theworldbilliards.com\/fr\/produit\/baby-foot-brunswick-striker\/#primaryimage","url":"https:\/\/theworldbilliards.com\/wp-content\/uploads\/2024\/09\/striker-foosball.png","contentUrl":"https:\/\/theworldbilliards.com\/wp-content\/uploads\/2024\/09\/striker-foosball.png","width":829,"height":829},{"@type":"BreadcrumbList","@id":"https:\/\/theworldbilliards.com\/fr\/produit\/baby-foot-brunswick-striker\/#breadcrumb","itemListElement":[{"@type":"ListItem","position":1,"name":"In\u00edcio","item":"https:\/\/theworldbilliards.com\/fr\/"},{"@type":"ListItem","position":2,"name":"Boutique en ligne","item":"https:\/\/theworldbilliards.com\/fr\/boutique-theworldbilliards\/"},{"@type":"ListItem","position":3,"name":"Baby foot Brunswick Striker"}]},{"@type":"WebSite","@id":"https:\/\/theworldbilliards.com\/fr\/#website","url":"https:\/\/theworldbilliards.com\/fr\/","name":"TheWorldBilliards","description":"Achetez ici billard, baby-foot, ping-pong et bowling","publisher":{"@id":"https:\/\/theworldbilliards.com\/fr\/#organization"},"alternateName":"The world billiards","potentialAction":[{"@type":"SearchAction","target":{"@type":"EntryPoint","urlTemplate":"https:\/\/theworldbilliards.com\/fr\/?s={search_term_string}"},"query-input":{"@type":"PropertyValueSpecification","valueRequired":true,"valueName":"search_term_string"}}],"inLanguage":"fr-FR"},{"@type":"Organization","@id":"https:\/\/theworldbilliards.com\/fr\/#organization","name":"The World Billiards","alternateName":"The World Billiards","url":"https:\/\/theworldbilliards.com\/fr\/","logo":{"@type":"ImageObject","inLanguage":"fr-FR","@id":"https:\/\/theworldbilliards.com\/fr\/#\/schema\/logo\/image\/","url":"","contentUrl":"","caption":"The World Billiards"},"image":{"@id":"https:\/\/theworldbilliards.com\/fr\/#\/schema\/logo\/image\/"},"sameAs":["https:\/\/www.facebook.com\/baby.foot.superbes","https:\/\/www.youtube.com\/channel\/UCIMuOVAaUcH6UpZcsZlH0Tg","https:\/\/www.facebook.com\/people\/Brunswick-Billiards-EspaaPortugal\/100066446264309\/","https:\/\/www.instagram.com\/the_world_billiards\/","https:\/\/www.pinterest.es\/Theworldbilliards\/"]}]}},"_links":{"self":[{"href":"https:\/\/theworldbilliards.com\/fr\/wp-json\/wp\/v2\/product\/104982","targetHints":{"allow":["GET"]}}],"collection":[{"href":"https:\/\/theworldbilliards.com\/fr\/wp-json\/wp\/v2\/product"}],"about":[{"href":"https:\/\/theworldbilliards.com\/fr\/wp-json\/wp\/v2\/types\/product"}],"wp:featuredmedia":[{"embeddable":true,"href":"https:\/\/theworldbilliards.com\/fr\/wp-json\/wp\/v2\/media\/104986"}],"wp:attachment":[{"href":"https:\/\/theworldbilliards.com\/fr\/wp-json\/wp\/v2\/media?parent=104982"}],"wp:term":[{"taxonomy":"product_brand","embeddable":true,"href":"https:\/\/theworldbilliards.com\/fr\/wp-json\/wp\/v2\/product_brand?post=104982"},{"taxonomy":"product_cat","embeddable":true,"href":"https:\/\/theworldbilliards.com\/fr\/wp-json\/wp\/v2\/product_cat?post=104982"},{"taxonomy":"product_tag","embeddable":true,"href":"https:\/\/theworldbilliards.com\/fr\/wp-json\/wp\/v2\/product_tag?post=104982"}],"curies":[{"name":"wp","href":"https:\/\/api.w.org\/{rel}","templated":true}]}}