{"id":105061,"date":"2024-09-05T11:58:32","date_gmt":"2024-09-05T09:58:32","guid":{"rendered":"https:\/\/theworldbilliards.com\/?post_type=product&#038;p=105061"},"modified":"2024-09-05T12:02:07","modified_gmt":"2024-09-05T10:02:07","slug":"baby-american-heritage-velocity-pro-am","status":"publish","type":"product","link":"https:\/\/theworldbilliards.com\/fr\/produit\/baby-american-heritage-velocity-pro-am\/","title":{"rendered":"Baby American Heritage Velocity Pro Am"},"content":{"rendered":"<p>Cette table vous offre un jeu de haute qualit\u00e9 pour votre famille ou vos amis. Rassemblez tout le monde avec notre conception solide et durable et notre terrain de jeu lisse. Nos joueurs contrebalanc\u00e9s et nos barres en acier sans soudure vous aident \u00e0 amener vos joueurs l\u00e0 o\u00f9 ils doivent \u00eatre avec facilit\u00e9 et confort. Nos roulements fendus et nos pare-chocs haute densit\u00e9 offrent un jeu continu sans avoir \u00e0 r\u00e9initialiser. Cette table est parfaite pour tous les \u00e2ges et un plaisir sans fin.<br \/>\nTabliers de 1 3\/16&Prime; d&rsquo;\u00e9paisseur, 15 3\/4&Prime; de hauteur, MDF avec panneau de m\u00e9lamine noir \u00e0 l&rsquo;ext\u00e9rieur et m\u00e9lamine blanche \u00e0 l&rsquo;int\u00e9rieur. Bordure de marque ABS<br \/>\nPieds solides avec lamin\u00e9 PVC noir, niveleurs de pieds r\u00e9glables en ABS noir<br \/>\nTerrain de jeu de 5\/8&Prime; d&rsquo;\u00e9paisseur, MDF avec HPL des deux c\u00f4t\u00e9s<br \/>\nHommes contrebalanc\u00e9s attach\u00e9s par des broches en forme de \u00ab\u00a0C\u00a0\u00bb<br \/>\nSyst\u00e8me de retour de balle lat\u00e9ral<\/p>\n","protected":false},"excerpt":{"rendered":"<p>Cette table vous offre un jeu de haute qualit\u00e9 pour votre famille ou vos amis. Rassemblez tout le monde avec [&hellip;]<\/p>\n","protected":false},"featured_media":105067,"template":"","meta":{"site-sidebar-layout":"default","site-content-layout":"","ast-site-content-layout":"default","site-content-style":"default","site-sidebar-style":"default","ast-global-header-display":"","ast-banner-title-visibility":"","ast-main-header-display":"","ast-hfb-above-header-display":"","ast-hfb-below-header-display":"","ast-hfb-mobile-header-display":"","site-post-title":"","ast-breadcrumbs-content":"","ast-featured-img":"","footer-sml-layout":"","ast-disable-related-posts":"","theme-transparent-header-meta":"default","adv-header-id-meta":"","stick-header-meta":"","header-above-stick-meta":"","header-main-stick-meta":"","header-below-stick-meta":"","astra-migrate-meta-layouts":"default","ast-page-background-enabled":"default","ast-page-background-meta":{"desktop":{"background-color":"var(--ast-global-color-4)","background-image":"","background-repeat":"repeat","background-position":"center center","background-size":"auto","background-attachment":"scroll","background-type":"","background-media":"","overlay-type":"","overlay-color":"","overlay-opacity":"","overlay-gradient":""},"tablet":{"background-color":"","background-image":"","background-repeat":"repeat","background-position":"center center","background-size":"auto","background-attachment":"scroll","background-type":"","background-media":"","overlay-type":"","overlay-color":"","overlay-opacity":"","overlay-gradient":""},"mobile":{"background-color":"","background-image":"","background-repeat":"repeat","background-position":"center center","background-size":"auto","background-attachment":"scroll","background-type":"","background-media":"","overlay-type":"","overlay-color":"","overlay-opacity":"","overlay-gradient":""}},"ast-content-background-meta":{"desktop":{"background-color":"var(--ast-global-color-5)","background-image":"","background-repeat":"repeat","background-position":"center center","background-size":"auto","background-attachment":"scroll","background-type":"","background-media":"","overlay-type":"","overlay-color":"","overlay-opacity":"","overlay-gradient":""},"tablet":{"background-color":"var(--ast-global-color-5)","background-image":"","background-repeat":"repeat","background-position":"center center","background-size":"auto","background-attachment":"scroll","background-type":"","background-media":"","overlay-type":"","overlay-color":"","overlay-opacity":"","overlay-gradient":""},"mobile":{"background-color":"var(--ast-global-color-5)","background-image":"","background-repeat":"repeat","background-position":"center center","background-size":"auto","background-attachment":"scroll","background-type":"","background-media":"","overlay-type":"","overlay-color":"","overlay-opacity":"","overlay-gradient":""}}},"product_brand":[5210],"product_cat":[1437],"product_tag":[],"class_list":{"0":"post-105061","1":"product","2":"type-product","3":"status-publish","4":"has-post-thumbnail","6":"product_brand-american-heritage-billiards-fr","7":"product_cat-baby-foot-sans-monnayeur","8":"product_shipping_class-baby-foot","9":"desktop-align-center","10":"tablet-align-left","11":"mobile-align-left","13":"first","14":"onbackorder","15":"taxable","16":"shipping-taxable","17":"purchasable","18":"product-type-simple"},"yoast_head":"<!-- This site is optimized with the Yoast SEO plugin v27.4 - https:\/\/yoast.com\/product\/yoast-seo-wordpress\/ -->\n<title>Acheter Baby American Heritage Velocity Pro Am - The World Billiards<\/title>\n<meta name=\"description\" content=\"Cette table vous offre un jeu de haute qualit\u00e9 pour votre famille ou vos amis. Rassemblez tout le monde avec notre conception solide et durable et notre terrain de jeu lisse. Nos joueurs contrebalanc\u00e9s et nos barres en acier sans soudure vous aident \u00e0 amener vos joueurs l\u00e0 o\u00f9 ils doivent \u00eatre avec facilit\u00e9 et confort. Nos roulements fendus et nos pare-chocs haute densit\u00e9 offrent un jeu continu sans avoir \u00e0 r\u00e9initialiser. Cette table est parfaite pour tous les \u00e2ges et un plaisir sans fin. Tabliers de 1 3\/16&quot; d&#039;\u00e9paisseur, 15 3\/4&quot; de hauteur, MDF avec panneau de m\u00e9lamine noir \u00e0 l&#039;ext\u00e9rieur et m\u00e9lamine blanche \u00e0 l&#039;int\u00e9rieur. Bordure de marque ABS Pieds solides avec lamin\u00e9 PVC noir, niveleurs de pieds r\u00e9glables en ABS noir Terrain de jeu de 5\/8&quot; d&#039;\u00e9paisseur, MDF avec HPL des deux c\u00f4t\u00e9s Hommes contrebalanc\u00e9s attach\u00e9s par des broches en forme de &quot;C&quot; Syst\u00e8me de retour de balle lat\u00e9ral\" \/>\n<meta name=\"robots\" content=\"index, follow, max-snippet:-1, max-image-preview:large, max-video-preview:-1\" \/>\n<link rel=\"canonical\" href=\"https:\/\/theworldbilliards.com\/fr\/produit\/baby-american-heritage-velocity-pro-am\/\" \/>\n<meta property=\"og:locale\" content=\"fr_FR\" \/>\n<meta property=\"og:type\" content=\"article\" \/>\n<meta property=\"og:title\" content=\"Acheter Baby American Heritage Velocity Pro Am - The World Billiards\" \/>\n<meta property=\"og:description\" content=\"Cette table vous offre un jeu de haute qualit\u00e9 pour votre famille ou vos amis. Rassemblez tout le monde avec notre conception solide et durable et notre terrain de jeu lisse. Nos joueurs contrebalanc\u00e9s et nos barres en acier sans soudure vous aident \u00e0 amener vos joueurs l\u00e0 o\u00f9 ils doivent \u00eatre avec facilit\u00e9 et confort. Nos roulements fendus et nos pare-chocs haute densit\u00e9 offrent un jeu continu sans avoir \u00e0 r\u00e9initialiser. Cette table est parfaite pour tous les \u00e2ges et un plaisir sans fin. Tabliers de 1 3\/16&quot; d&#039;\u00e9paisseur, 15 3\/4&quot; de hauteur, MDF avec panneau de m\u00e9lamine noir \u00e0 l&#039;ext\u00e9rieur et m\u00e9lamine blanche \u00e0 l&#039;int\u00e9rieur. Bordure de marque ABS Pieds solides avec lamin\u00e9 PVC noir, niveleurs de pieds r\u00e9glables en ABS noir Terrain de jeu de 5\/8&quot; d&#039;\u00e9paisseur, MDF avec HPL des deux c\u00f4t\u00e9s Hommes contrebalanc\u00e9s attach\u00e9s par des broches en forme de &quot;C&quot; Syst\u00e8me de retour de balle lat\u00e9ral\" \/>\n<meta property=\"og:url\" content=\"https:\/\/theworldbilliards.com\/fr\/produit\/baby-american-heritage-velocity-pro-am\/\" \/>\n<meta property=\"og:site_name\" content=\"The World Billiards\" \/>\n<meta property=\"article:publisher\" content=\"https:\/\/www.facebook.com\/baby.foot.superbes\" \/>\n<meta property=\"article:modified_time\" content=\"2024-09-05T10:02:07+00:00\" \/>\n<meta property=\"og:image\" content=\"https:\/\/theworldbilliards.com\/wp-content\/uploads\/2024\/09\/velocity-pro-am-foosball-table.webp\" \/>\n\t<meta property=\"og:image:width\" content=\"700\" \/>\n\t<meta property=\"og:image:height\" content=\"700\" \/>\n\t<meta property=\"og:image:type\" content=\"image\/webp\" \/>\n<meta name=\"twitter:card\" content=\"summary_large_image\" \/>\n<meta name=\"twitter:label1\" content=\"Dur\u00e9e de lecture estim\u00e9e\" \/>\n\t<meta name=\"twitter:data1\" content=\"1 minute\" \/>\n<script type=\"application\/ld+json\" class=\"yoast-schema-graph\">{\"@context\":\"https:\\\/\\\/schema.org\",\"@graph\":[{\"@type\":\"WebPage\",\"@id\":\"https:\\\/\\\/theworldbilliards.com\\\/fr\\\/produit\\\/baby-american-heritage-velocity-pro-am\\\/\",\"url\":\"https:\\\/\\\/theworldbilliards.com\\\/fr\\\/produit\\\/baby-american-heritage-velocity-pro-am\\\/\",\"name\":\"Acheter Baby American Heritage Velocity Pro Am - The World Billiards\",\"isPartOf\":{\"@id\":\"https:\\\/\\\/theworldbilliards.com\\\/fr\\\/#website\"},\"primaryImageOfPage\":{\"@id\":\"https:\\\/\\\/theworldbilliards.com\\\/fr\\\/produit\\\/baby-american-heritage-velocity-pro-am\\\/#primaryimage\"},\"image\":{\"@id\":\"https:\\\/\\\/theworldbilliards.com\\\/fr\\\/produit\\\/baby-american-heritage-velocity-pro-am\\\/#primaryimage\"},\"thumbnailUrl\":\"https:\\\/\\\/theworldbilliards.com\\\/wp-content\\\/uploads\\\/2024\\\/09\\\/velocity-pro-am-foosball-table.webp\",\"datePublished\":\"2024-09-05T09:58:32+00:00\",\"dateModified\":\"2024-09-05T10:02:07+00:00\",\"description\":\"Cette table vous offre un jeu de haute qualit\u00e9 pour votre famille ou vos amis. Rassemblez tout le monde avec notre conception solide et durable et notre terrain de jeu lisse. Nos joueurs contrebalanc\u00e9s et nos barres en acier sans soudure vous aident \u00e0 amener vos joueurs l\u00e0 o\u00f9 ils doivent \u00eatre avec facilit\u00e9 et confort. Nos roulements fendus et nos pare-chocs haute densit\u00e9 offrent un jeu continu sans avoir \u00e0 r\u00e9initialiser. Cette table est parfaite pour tous les \u00e2ges et un plaisir sans fin. Tabliers de 1 3\\\/16\\\" d'\u00e9paisseur, 15 3\\\/4\\\" de hauteur, MDF avec panneau de m\u00e9lamine noir \u00e0 l'ext\u00e9rieur et m\u00e9lamine blanche \u00e0 l'int\u00e9rieur. Bordure de marque ABS Pieds solides avec lamin\u00e9 PVC noir, niveleurs de pieds r\u00e9glables en ABS noir Terrain de jeu de 5\\\/8\\\" d'\u00e9paisseur, MDF avec HPL des deux c\u00f4t\u00e9s Hommes contrebalanc\u00e9s attach\u00e9s par des broches en forme de \\\"C\\\" Syst\u00e8me de retour de balle lat\u00e9ral\",\"breadcrumb\":{\"@id\":\"https:\\\/\\\/theworldbilliards.com\\\/fr\\\/produit\\\/baby-american-heritage-velocity-pro-am\\\/#breadcrumb\"},\"inLanguage\":\"fr-FR\",\"potentialAction\":[{\"@type\":\"ReadAction\",\"target\":[\"https:\\\/\\\/theworldbilliards.com\\\/fr\\\/produit\\\/baby-american-heritage-velocity-pro-am\\\/\"]}]},{\"@type\":\"ImageObject\",\"inLanguage\":\"fr-FR\",\"@id\":\"https:\\\/\\\/theworldbilliards.com\\\/fr\\\/produit\\\/baby-american-heritage-velocity-pro-am\\\/#primaryimage\",\"url\":\"https:\\\/\\\/theworldbilliards.com\\\/wp-content\\\/uploads\\\/2024\\\/09\\\/velocity-pro-am-foosball-table.webp\",\"contentUrl\":\"https:\\\/\\\/theworldbilliards.com\\\/wp-content\\\/uploads\\\/2024\\\/09\\\/velocity-pro-am-foosball-table.webp\",\"width\":700,\"height\":700},{\"@type\":\"BreadcrumbList\",\"@id\":\"https:\\\/\\\/theworldbilliards.com\\\/fr\\\/produit\\\/baby-american-heritage-velocity-pro-am\\\/#breadcrumb\",\"itemListElement\":[{\"@type\":\"ListItem\",\"position\":1,\"name\":\"In\u00edcio\",\"item\":\"https:\\\/\\\/theworldbilliards.com\\\/fr\\\/\"},{\"@type\":\"ListItem\",\"position\":2,\"name\":\"Boutique en ligne\",\"item\":\"https:\\\/\\\/theworldbilliards.com\\\/fr\\\/boutique-theworldbilliards\\\/\"},{\"@type\":\"ListItem\",\"position\":3,\"name\":\"Baby American Heritage Velocity Pro Am\"}]},{\"@type\":\"WebSite\",\"@id\":\"https:\\\/\\\/theworldbilliards.com\\\/fr\\\/#website\",\"url\":\"https:\\\/\\\/theworldbilliards.com\\\/fr\\\/\",\"name\":\"TheWorldBilliards\",\"description\":\"Achetez ici billard, baby-foot, ping-pong et bowling\",\"publisher\":{\"@id\":\"https:\\\/\\\/theworldbilliards.com\\\/fr\\\/#organization\"},\"alternateName\":\"The world billiards\",\"potentialAction\":[{\"@type\":\"SearchAction\",\"target\":{\"@type\":\"EntryPoint\",\"urlTemplate\":\"https:\\\/\\\/theworldbilliards.com\\\/fr\\\/?s={search_term_string}\"},\"query-input\":{\"@type\":\"PropertyValueSpecification\",\"valueRequired\":true,\"valueName\":\"search_term_string\"}}],\"inLanguage\":\"fr-FR\"},{\"@type\":\"Organization\",\"@id\":\"https:\\\/\\\/theworldbilliards.com\\\/fr\\\/#organization\",\"name\":\"The World Billiards\",\"alternateName\":\"The World Billiards\",\"url\":\"https:\\\/\\\/theworldbilliards.com\\\/fr\\\/\",\"logo\":{\"@type\":\"ImageObject\",\"inLanguage\":\"fr-FR\",\"@id\":\"https:\\\/\\\/theworldbilliards.com\\\/fr\\\/#\\\/schema\\\/logo\\\/image\\\/\",\"url\":\"\",\"contentUrl\":\"\",\"caption\":\"The World Billiards\"},\"image\":{\"@id\":\"https:\\\/\\\/theworldbilliards.com\\\/fr\\\/#\\\/schema\\\/logo\\\/image\\\/\"},\"sameAs\":[\"https:\\\/\\\/www.facebook.com\\\/baby.foot.superbes\",\"https:\\\/\\\/www.youtube.com\\\/channel\\\/UCIMuOVAaUcH6UpZcsZlH0Tg\",\"https:\\\/\\\/www.facebook.com\\\/people\\\/Brunswick-Billiards-EspaaPortugal\\\/100066446264309\\\/\",\"https:\\\/\\\/www.instagram.com\\\/the_world_billiards\\\/\",\"https:\\\/\\\/www.pinterest.es\\\/Theworldbilliards\\\/\"]}]}<\/script>\n<!-- \/ Yoast SEO plugin. -->","yoast_head_json":{"title":"Acheter Baby American Heritage Velocity Pro Am - The World Billiards","description":"Cette table vous offre un jeu de haute qualit\u00e9 pour votre famille ou vos amis. Rassemblez tout le monde avec notre conception solide et durable et notre terrain de jeu lisse. Nos joueurs contrebalanc\u00e9s et nos barres en acier sans soudure vous aident \u00e0 amener vos joueurs l\u00e0 o\u00f9 ils doivent \u00eatre avec facilit\u00e9 et confort. Nos roulements fendus et nos pare-chocs haute densit\u00e9 offrent un jeu continu sans avoir \u00e0 r\u00e9initialiser. Cette table est parfaite pour tous les \u00e2ges et un plaisir sans fin. Tabliers de 1 3\/16\" d'\u00e9paisseur, 15 3\/4\" de hauteur, MDF avec panneau de m\u00e9lamine noir \u00e0 l'ext\u00e9rieur et m\u00e9lamine blanche \u00e0 l'int\u00e9rieur. Bordure de marque ABS Pieds solides avec lamin\u00e9 PVC noir, niveleurs de pieds r\u00e9glables en ABS noir Terrain de jeu de 5\/8\" d'\u00e9paisseur, MDF avec HPL des deux c\u00f4t\u00e9s Hommes contrebalanc\u00e9s attach\u00e9s par des broches en forme de \"C\" Syst\u00e8me de retour de balle lat\u00e9ral","robots":{"index":"index","follow":"follow","max-snippet":"max-snippet:-1","max-image-preview":"max-image-preview:large","max-video-preview":"max-video-preview:-1"},"canonical":"https:\/\/theworldbilliards.com\/fr\/produit\/baby-american-heritage-velocity-pro-am\/","og_locale":"fr_FR","og_type":"article","og_title":"Acheter Baby American Heritage Velocity Pro Am - The World Billiards","og_description":"Cette table vous offre un jeu de haute qualit\u00e9 pour votre famille ou vos amis. Rassemblez tout le monde avec notre conception solide et durable et notre terrain de jeu lisse. Nos joueurs contrebalanc\u00e9s et nos barres en acier sans soudure vous aident \u00e0 amener vos joueurs l\u00e0 o\u00f9 ils doivent \u00eatre avec facilit\u00e9 et confort. Nos roulements fendus et nos pare-chocs haute densit\u00e9 offrent un jeu continu sans avoir \u00e0 r\u00e9initialiser. Cette table est parfaite pour tous les \u00e2ges et un plaisir sans fin. Tabliers de 1 3\/16\" d'\u00e9paisseur, 15 3\/4\" de hauteur, MDF avec panneau de m\u00e9lamine noir \u00e0 l'ext\u00e9rieur et m\u00e9lamine blanche \u00e0 l'int\u00e9rieur. Bordure de marque ABS Pieds solides avec lamin\u00e9 PVC noir, niveleurs de pieds r\u00e9glables en ABS noir Terrain de jeu de 5\/8\" d'\u00e9paisseur, MDF avec HPL des deux c\u00f4t\u00e9s Hommes contrebalanc\u00e9s attach\u00e9s par des broches en forme de \"C\" Syst\u00e8me de retour de balle lat\u00e9ral","og_url":"https:\/\/theworldbilliards.com\/fr\/produit\/baby-american-heritage-velocity-pro-am\/","og_site_name":"The World Billiards","article_publisher":"https:\/\/www.facebook.com\/baby.foot.superbes","article_modified_time":"2024-09-05T10:02:07+00:00","og_image":[{"width":700,"height":700,"url":"https:\/\/theworldbilliards.com\/wp-content\/uploads\/2024\/09\/velocity-pro-am-foosball-table.webp","type":"image\/webp"}],"twitter_card":"summary_large_image","twitter_misc":{"Dur\u00e9e de lecture estim\u00e9e":"1 minute"},"schema":{"@context":"https:\/\/schema.org","@graph":[{"@type":"WebPage","@id":"https:\/\/theworldbilliards.com\/fr\/produit\/baby-american-heritage-velocity-pro-am\/","url":"https:\/\/theworldbilliards.com\/fr\/produit\/baby-american-heritage-velocity-pro-am\/","name":"Acheter Baby American Heritage Velocity Pro Am - The World Billiards","isPartOf":{"@id":"https:\/\/theworldbilliards.com\/fr\/#website"},"primaryImageOfPage":{"@id":"https:\/\/theworldbilliards.com\/fr\/produit\/baby-american-heritage-velocity-pro-am\/#primaryimage"},"image":{"@id":"https:\/\/theworldbilliards.com\/fr\/produit\/baby-american-heritage-velocity-pro-am\/#primaryimage"},"thumbnailUrl":"https:\/\/theworldbilliards.com\/wp-content\/uploads\/2024\/09\/velocity-pro-am-foosball-table.webp","datePublished":"2024-09-05T09:58:32+00:00","dateModified":"2024-09-05T10:02:07+00:00","description":"Cette table vous offre un jeu de haute qualit\u00e9 pour votre famille ou vos amis. Rassemblez tout le monde avec notre conception solide et durable et notre terrain de jeu lisse. Nos joueurs contrebalanc\u00e9s et nos barres en acier sans soudure vous aident \u00e0 amener vos joueurs l\u00e0 o\u00f9 ils doivent \u00eatre avec facilit\u00e9 et confort. Nos roulements fendus et nos pare-chocs haute densit\u00e9 offrent un jeu continu sans avoir \u00e0 r\u00e9initialiser. Cette table est parfaite pour tous les \u00e2ges et un plaisir sans fin. Tabliers de 1 3\/16\" d'\u00e9paisseur, 15 3\/4\" de hauteur, MDF avec panneau de m\u00e9lamine noir \u00e0 l'ext\u00e9rieur et m\u00e9lamine blanche \u00e0 l'int\u00e9rieur. Bordure de marque ABS Pieds solides avec lamin\u00e9 PVC noir, niveleurs de pieds r\u00e9glables en ABS noir Terrain de jeu de 5\/8\" d'\u00e9paisseur, MDF avec HPL des deux c\u00f4t\u00e9s Hommes contrebalanc\u00e9s attach\u00e9s par des broches en forme de \"C\" Syst\u00e8me de retour de balle lat\u00e9ral","breadcrumb":{"@id":"https:\/\/theworldbilliards.com\/fr\/produit\/baby-american-heritage-velocity-pro-am\/#breadcrumb"},"inLanguage":"fr-FR","potentialAction":[{"@type":"ReadAction","target":["https:\/\/theworldbilliards.com\/fr\/produit\/baby-american-heritage-velocity-pro-am\/"]}]},{"@type":"ImageObject","inLanguage":"fr-FR","@id":"https:\/\/theworldbilliards.com\/fr\/produit\/baby-american-heritage-velocity-pro-am\/#primaryimage","url":"https:\/\/theworldbilliards.com\/wp-content\/uploads\/2024\/09\/velocity-pro-am-foosball-table.webp","contentUrl":"https:\/\/theworldbilliards.com\/wp-content\/uploads\/2024\/09\/velocity-pro-am-foosball-table.webp","width":700,"height":700},{"@type":"BreadcrumbList","@id":"https:\/\/theworldbilliards.com\/fr\/produit\/baby-american-heritage-velocity-pro-am\/#breadcrumb","itemListElement":[{"@type":"ListItem","position":1,"name":"In\u00edcio","item":"https:\/\/theworldbilliards.com\/fr\/"},{"@type":"ListItem","position":2,"name":"Boutique en ligne","item":"https:\/\/theworldbilliards.com\/fr\/boutique-theworldbilliards\/"},{"@type":"ListItem","position":3,"name":"Baby American Heritage Velocity Pro Am"}]},{"@type":"WebSite","@id":"https:\/\/theworldbilliards.com\/fr\/#website","url":"https:\/\/theworldbilliards.com\/fr\/","name":"TheWorldBilliards","description":"Achetez ici billard, baby-foot, ping-pong et bowling","publisher":{"@id":"https:\/\/theworldbilliards.com\/fr\/#organization"},"alternateName":"The world billiards","potentialAction":[{"@type":"SearchAction","target":{"@type":"EntryPoint","urlTemplate":"https:\/\/theworldbilliards.com\/fr\/?s={search_term_string}"},"query-input":{"@type":"PropertyValueSpecification","valueRequired":true,"valueName":"search_term_string"}}],"inLanguage":"fr-FR"},{"@type":"Organization","@id":"https:\/\/theworldbilliards.com\/fr\/#organization","name":"The World Billiards","alternateName":"The World Billiards","url":"https:\/\/theworldbilliards.com\/fr\/","logo":{"@type":"ImageObject","inLanguage":"fr-FR","@id":"https:\/\/theworldbilliards.com\/fr\/#\/schema\/logo\/image\/","url":"","contentUrl":"","caption":"The World Billiards"},"image":{"@id":"https:\/\/theworldbilliards.com\/fr\/#\/schema\/logo\/image\/"},"sameAs":["https:\/\/www.facebook.com\/baby.foot.superbes","https:\/\/www.youtube.com\/channel\/UCIMuOVAaUcH6UpZcsZlH0Tg","https:\/\/www.facebook.com\/people\/Brunswick-Billiards-EspaaPortugal\/100066446264309\/","https:\/\/www.instagram.com\/the_world_billiards\/","https:\/\/www.pinterest.es\/Theworldbilliards\/"]}]}},"_links":{"self":[{"href":"https:\/\/theworldbilliards.com\/fr\/wp-json\/wp\/v2\/product\/105061","targetHints":{"allow":["GET"]}}],"collection":[{"href":"https:\/\/theworldbilliards.com\/fr\/wp-json\/wp\/v2\/product"}],"about":[{"href":"https:\/\/theworldbilliards.com\/fr\/wp-json\/wp\/v2\/types\/product"}],"wp:featuredmedia":[{"embeddable":true,"href":"https:\/\/theworldbilliards.com\/fr\/wp-json\/wp\/v2\/media\/105067"}],"wp:attachment":[{"href":"https:\/\/theworldbilliards.com\/fr\/wp-json\/wp\/v2\/media?parent=105061"}],"wp:term":[{"taxonomy":"product_brand","embeddable":true,"href":"https:\/\/theworldbilliards.com\/fr\/wp-json\/wp\/v2\/product_brand?post=105061"},{"taxonomy":"product_cat","embeddable":true,"href":"https:\/\/theworldbilliards.com\/fr\/wp-json\/wp\/v2\/product_cat?post=105061"},{"taxonomy":"product_tag","embeddable":true,"href":"https:\/\/theworldbilliards.com\/fr\/wp-json\/wp\/v2\/product_tag?post=105061"}],"curies":[{"name":"wp","href":"https:\/\/api.w.org\/{rel}","templated":true}]}}