{"id":105100,"date":"2024-09-06T13:48:00","date_gmt":"2024-09-06T11:48:00","guid":{"rendered":"https:\/\/theworldbilliards.com\/?post_type=product&#038;p=105100"},"modified":"2024-09-09T12:24:16","modified_gmt":"2024-09-09T10:24:16","slug":"tennis-de-table-brunswick-smash-7-0","status":"publish","type":"product","link":"https:\/\/theworldbilliards.com\/fr\/produit\/tennis-de-table-brunswick-smash-7-0\/","title":{"rendered":"Tennis de table Brunswick SMASH 7.0"},"content":{"rendered":"<p>Smash 7.0 est dot\u00e9 d&rsquo;une surface de jeu noire classique, d&rsquo;un filet et de clips de filet assortis, avec un terrain de jeu robuste de 25 mm d&rsquo;\u00e9paisseur pour des performances optimis\u00e9es.<br \/>\nUn ch\u00e2ssis solide assure une r\u00e9sistance et une stabilit\u00e9 exceptionnelles, tandis que le syst\u00e8me de pliage facile rend le d\u00e9placement et le stockage rapides et pratiques.<br \/>\nSmash 7.0 propose des compartiments int\u00e9gr\u00e9s pour un rangement pratique de l&rsquo;ensemble d&rsquo;accessoires \u00e0 deux raquettes \/ 3 balles inclus.<\/p>\n<p>Surface de jeu noire avec rev\u00eatement \u00e0 rouleaux r\u00e9p\u00e9t\u00e9s<br \/>\nGraphiques : blanc sur le pont ; noir sur le cadre ; \u00e9crant\u00e9<br \/>\nFilet de qualit\u00e9 sup\u00e9rieure, pinces pour poteaux et ensemble de balles et de raquettes inclus<br \/>\nPliable et enrouleur pour un rangement pratique<br \/>\nMat\u00e9riau du pont : MDF de 25 mm d&rsquo;\u00e9paisseur<\/p>\n<p>Dimensions d\u00e9pli\u00e9es (L x l x H) 108&Prime; x 60&Prime; x 30&Prime; (274,3 x 152,4 x 76,2 cm)<br \/>\nDimensions pli\u00e9es (L x l x H) 36&Prime; x 60&Prime; x 63&Prime; (91,4 x 152,4 x 160 cm)<\/p>\n","protected":false},"excerpt":{"rendered":"<p>Smash 7.0 est dot\u00e9 d&rsquo;une surface de jeu noire classique, d&rsquo;un filet et de clips de filet assortis, avec un [&hellip;]<\/p>\n","protected":false},"featured_media":105104,"template":"","meta":{"site-sidebar-layout":"default","site-content-layout":"","ast-site-content-layout":"default","site-content-style":"default","site-sidebar-style":"default","ast-global-header-display":"","ast-banner-title-visibility":"","ast-main-header-display":"","ast-hfb-above-header-display":"","ast-hfb-below-header-display":"","ast-hfb-mobile-header-display":"","site-post-title":"","ast-breadcrumbs-content":"","ast-featured-img":"","footer-sml-layout":"","ast-disable-related-posts":"","theme-transparent-header-meta":"default","adv-header-id-meta":"","stick-header-meta":"","header-above-stick-meta":"","header-main-stick-meta":"","header-below-stick-meta":"","astra-migrate-meta-layouts":"default","ast-page-background-enabled":"default","ast-page-background-meta":{"desktop":{"background-color":"var(--ast-global-color-4)","background-image":"","background-repeat":"repeat","background-position":"center center","background-size":"auto","background-attachment":"scroll","background-type":"","background-media":"","overlay-type":"","overlay-color":"","overlay-opacity":"","overlay-gradient":""},"tablet":{"background-color":"","background-image":"","background-repeat":"repeat","background-position":"center center","background-size":"auto","background-attachment":"scroll","background-type":"","background-media":"","overlay-type":"","overlay-color":"","overlay-opacity":"","overlay-gradient":""},"mobile":{"background-color":"","background-image":"","background-repeat":"repeat","background-position":"center center","background-size":"auto","background-attachment":"scroll","background-type":"","background-media":"","overlay-type":"","overlay-color":"","overlay-opacity":"","overlay-gradient":""}},"ast-content-background-meta":{"desktop":{"background-color":"var(--ast-global-color-5)","background-image":"","background-repeat":"repeat","background-position":"center center","background-size":"auto","background-attachment":"scroll","background-type":"","background-media":"","overlay-type":"","overlay-color":"","overlay-opacity":"","overlay-gradient":""},"tablet":{"background-color":"var(--ast-global-color-5)","background-image":"","background-repeat":"repeat","background-position":"center center","background-size":"auto","background-attachment":"scroll","background-type":"","background-media":"","overlay-type":"","overlay-color":"","overlay-opacity":"","overlay-gradient":""},"mobile":{"background-color":"var(--ast-global-color-5)","background-image":"","background-repeat":"repeat","background-position":"center center","background-size":"auto","background-attachment":"scroll","background-type":"","background-media":"","overlay-type":"","overlay-color":"","overlay-opacity":"","overlay-gradient":""}}},"product_brand":[5198],"product_cat":[5304],"product_tag":[],"class_list":{"0":"post-105100","1":"product","2":"type-product","3":"status-publish","4":"has-post-thumbnail","6":"product_brand-brunswick-billiards-fr","7":"product_cat-table-de-ping-pong","8":"product_shipping_class-tennis-de-table","9":"desktop-align-center","10":"tablet-align-left","11":"mobile-align-left","13":"first","14":"onbackorder","15":"taxable","16":"shipping-taxable","17":"purchasable","18":"product-type-simple"},"yoast_head":"<!-- This site is optimized with the Yoast SEO plugin v27.4 - https:\/\/yoast.com\/product\/yoast-seo-wordpress\/ -->\n<title>Acheter Tennis de table Brunswick SMASH 7.0 - The World Billiards<\/title>\n<meta name=\"description\" content=\"Smash 7.0 est dot\u00e9 d&#039;une surface de jeu noire classique, d&#039;un filet et de clips de filet assortis, avec un terrain de jeu robuste de 25 mm d&#039;\u00e9paisseur pour des performances optimis\u00e9es. Un ch\u00e2ssis solide assure une r\u00e9sistance et une stabilit\u00e9 exceptionnelles, tandis que le syst\u00e8me de pliage facile rend le d\u00e9placement et le stockage rapides et pratiques. Smash 7.0 propose des compartiments int\u00e9gr\u00e9s pour un rangement pratique de l&#039;ensemble d&#039;accessoires \u00e0 deux raquettes \/ 3 balles inclus.  Surface de jeu noire avec rev\u00eatement \u00e0 rouleaux r\u00e9p\u00e9t\u00e9s Graphiques : blanc sur le pont ; noir sur le cadre ; \u00e9crant\u00e9 Filet de qualit\u00e9 sup\u00e9rieure, pinces pour poteaux et ensemble de balles et de raquettes inclus Pliable et enrouleur pour un rangement pratique Mat\u00e9riau du pont : MDF de 25 mm d&#039;\u00e9paisseur  Dimensions d\u00e9pli\u00e9es (L x l x H) 108&quot; x 60&quot; x 30&quot; (274,3 x 152,4 x 76,2 cm) Dimensions pli\u00e9es (L x l x H) 36&quot; x 60&quot; x 63&quot; (91,4 x 152,4 x 160 cm)\" \/>\n<meta name=\"robots\" content=\"index, follow, max-snippet:-1, max-image-preview:large, max-video-preview:-1\" \/>\n<link rel=\"canonical\" href=\"https:\/\/theworldbilliards.com\/fr\/produit\/tennis-de-table-brunswick-smash-7-0\/\" \/>\n<meta property=\"og:locale\" content=\"fr_FR\" \/>\n<meta property=\"og:type\" content=\"article\" \/>\n<meta property=\"og:title\" content=\"Acheter Tennis de table Brunswick SMASH 7.0 - The World Billiards\" \/>\n<meta property=\"og:description\" content=\"Smash 7.0 est dot\u00e9 d&#039;une surface de jeu noire classique, d&#039;un filet et de clips de filet assortis, avec un terrain de jeu robuste de 25 mm d&#039;\u00e9paisseur pour des performances optimis\u00e9es. Un ch\u00e2ssis solide assure une r\u00e9sistance et une stabilit\u00e9 exceptionnelles, tandis que le syst\u00e8me de pliage facile rend le d\u00e9placement et le stockage rapides et pratiques. Smash 7.0 propose des compartiments int\u00e9gr\u00e9s pour un rangement pratique de l&#039;ensemble d&#039;accessoires \u00e0 deux raquettes \/ 3 balles inclus.  Surface de jeu noire avec rev\u00eatement \u00e0 rouleaux r\u00e9p\u00e9t\u00e9s Graphiques : blanc sur le pont ; noir sur le cadre ; \u00e9crant\u00e9 Filet de qualit\u00e9 sup\u00e9rieure, pinces pour poteaux et ensemble de balles et de raquettes inclus Pliable et enrouleur pour un rangement pratique Mat\u00e9riau du pont : MDF de 25 mm d&#039;\u00e9paisseur  Dimensions d\u00e9pli\u00e9es (L x l x H) 108&quot; x 60&quot; x 30&quot; (274,3 x 152,4 x 76,2 cm) Dimensions pli\u00e9es (L x l x H) 36&quot; x 60&quot; x 63&quot; (91,4 x 152,4 x 160 cm)\" \/>\n<meta property=\"og:url\" content=\"https:\/\/theworldbilliards.com\/fr\/produit\/tennis-de-table-brunswick-smash-7-0\/\" \/>\n<meta property=\"og:site_name\" content=\"The World Billiards\" \/>\n<meta property=\"article:publisher\" content=\"https:\/\/www.facebook.com\/baby.foot.superbes\" \/>\n<meta property=\"article:modified_time\" content=\"2024-09-09T10:24:16+00:00\" \/>\n<meta property=\"og:image\" content=\"https:\/\/theworldbilliards.com\/wp-content\/uploads\/2024\/09\/smash-7-0.png\" \/>\n\t<meta property=\"og:image:width\" content=\"990\" \/>\n\t<meta property=\"og:image:height\" content=\"991\" \/>\n\t<meta property=\"og:image:type\" content=\"image\/png\" \/>\n<meta name=\"twitter:card\" content=\"summary_large_image\" \/>\n<script type=\"application\/ld+json\" class=\"yoast-schema-graph\">{\"@context\":\"https:\\\/\\\/schema.org\",\"@graph\":[{\"@type\":\"WebPage\",\"@id\":\"https:\\\/\\\/theworldbilliards.com\\\/fr\\\/produit\\\/tennis-de-table-brunswick-smash-7-0\\\/\",\"url\":\"https:\\\/\\\/theworldbilliards.com\\\/fr\\\/produit\\\/tennis-de-table-brunswick-smash-7-0\\\/\",\"name\":\"Acheter Tennis de table Brunswick SMASH 7.0 - The World Billiards\",\"isPartOf\":{\"@id\":\"https:\\\/\\\/theworldbilliards.com\\\/fr\\\/#website\"},\"primaryImageOfPage\":{\"@id\":\"https:\\\/\\\/theworldbilliards.com\\\/fr\\\/produit\\\/tennis-de-table-brunswick-smash-7-0\\\/#primaryimage\"},\"image\":{\"@id\":\"https:\\\/\\\/theworldbilliards.com\\\/fr\\\/produit\\\/tennis-de-table-brunswick-smash-7-0\\\/#primaryimage\"},\"thumbnailUrl\":\"https:\\\/\\\/theworldbilliards.com\\\/wp-content\\\/uploads\\\/2024\\\/09\\\/smash-7-0.png\",\"datePublished\":\"2024-09-06T11:48:00+00:00\",\"dateModified\":\"2024-09-09T10:24:16+00:00\",\"description\":\"Smash 7.0 est dot\u00e9 d'une surface de jeu noire classique, d'un filet et de clips de filet assortis, avec un terrain de jeu robuste de 25 mm d'\u00e9paisseur pour des performances optimis\u00e9es. Un ch\u00e2ssis solide assure une r\u00e9sistance et une stabilit\u00e9 exceptionnelles, tandis que le syst\u00e8me de pliage facile rend le d\u00e9placement et le stockage rapides et pratiques. Smash 7.0 propose des compartiments int\u00e9gr\u00e9s pour un rangement pratique de l'ensemble d'accessoires \u00e0 deux raquettes \\\/ 3 balles inclus. Surface de jeu noire avec rev\u00eatement \u00e0 rouleaux r\u00e9p\u00e9t\u00e9s Graphiques : blanc sur le pont ; noir sur le cadre ; \u00e9crant\u00e9 Filet de qualit\u00e9 sup\u00e9rieure, pinces pour poteaux et ensemble de balles et de raquettes inclus Pliable et enrouleur pour un rangement pratique Mat\u00e9riau du pont : MDF de 25 mm d'\u00e9paisseur Dimensions d\u00e9pli\u00e9es (L x l x H) 108\\\" x 60\\\" x 30\\\" (274,3 x 152,4 x 76,2 cm) Dimensions pli\u00e9es (L x l x H) 36\\\" x 60\\\" x 63\\\" (91,4 x 152,4 x 160 cm)\",\"breadcrumb\":{\"@id\":\"https:\\\/\\\/theworldbilliards.com\\\/fr\\\/produit\\\/tennis-de-table-brunswick-smash-7-0\\\/#breadcrumb\"},\"inLanguage\":\"fr-FR\",\"potentialAction\":[{\"@type\":\"ReadAction\",\"target\":[\"https:\\\/\\\/theworldbilliards.com\\\/fr\\\/produit\\\/tennis-de-table-brunswick-smash-7-0\\\/\"]}]},{\"@type\":\"ImageObject\",\"inLanguage\":\"fr-FR\",\"@id\":\"https:\\\/\\\/theworldbilliards.com\\\/fr\\\/produit\\\/tennis-de-table-brunswick-smash-7-0\\\/#primaryimage\",\"url\":\"https:\\\/\\\/theworldbilliards.com\\\/wp-content\\\/uploads\\\/2024\\\/09\\\/smash-7-0.png\",\"contentUrl\":\"https:\\\/\\\/theworldbilliards.com\\\/wp-content\\\/uploads\\\/2024\\\/09\\\/smash-7-0.png\",\"width\":990,\"height\":991},{\"@type\":\"BreadcrumbList\",\"@id\":\"https:\\\/\\\/theworldbilliards.com\\\/fr\\\/produit\\\/tennis-de-table-brunswick-smash-7-0\\\/#breadcrumb\",\"itemListElement\":[{\"@type\":\"ListItem\",\"position\":1,\"name\":\"In\u00edcio\",\"item\":\"https:\\\/\\\/theworldbilliards.com\\\/fr\\\/\"},{\"@type\":\"ListItem\",\"position\":2,\"name\":\"Boutique en ligne\",\"item\":\"https:\\\/\\\/theworldbilliards.com\\\/fr\\\/boutique-theworldbilliards\\\/\"},{\"@type\":\"ListItem\",\"position\":3,\"name\":\"Tennis de table Brunswick SMASH 7.0\"}]},{\"@type\":\"WebSite\",\"@id\":\"https:\\\/\\\/theworldbilliards.com\\\/fr\\\/#website\",\"url\":\"https:\\\/\\\/theworldbilliards.com\\\/fr\\\/\",\"name\":\"TheWorldBilliards\",\"description\":\"Achetez ici billard, baby-foot, ping-pong et bowling\",\"publisher\":{\"@id\":\"https:\\\/\\\/theworldbilliards.com\\\/fr\\\/#organization\"},\"alternateName\":\"The world billiards\",\"potentialAction\":[{\"@type\":\"SearchAction\",\"target\":{\"@type\":\"EntryPoint\",\"urlTemplate\":\"https:\\\/\\\/theworldbilliards.com\\\/fr\\\/?s={search_term_string}\"},\"query-input\":{\"@type\":\"PropertyValueSpecification\",\"valueRequired\":true,\"valueName\":\"search_term_string\"}}],\"inLanguage\":\"fr-FR\"},{\"@type\":\"Organization\",\"@id\":\"https:\\\/\\\/theworldbilliards.com\\\/fr\\\/#organization\",\"name\":\"The World Billiards\",\"alternateName\":\"The World Billiards\",\"url\":\"https:\\\/\\\/theworldbilliards.com\\\/fr\\\/\",\"logo\":{\"@type\":\"ImageObject\",\"inLanguage\":\"fr-FR\",\"@id\":\"https:\\\/\\\/theworldbilliards.com\\\/fr\\\/#\\\/schema\\\/logo\\\/image\\\/\",\"url\":\"\",\"contentUrl\":\"\",\"caption\":\"The World Billiards\"},\"image\":{\"@id\":\"https:\\\/\\\/theworldbilliards.com\\\/fr\\\/#\\\/schema\\\/logo\\\/image\\\/\"},\"sameAs\":[\"https:\\\/\\\/www.facebook.com\\\/baby.foot.superbes\",\"https:\\\/\\\/www.youtube.com\\\/channel\\\/UCIMuOVAaUcH6UpZcsZlH0Tg\",\"https:\\\/\\\/www.facebook.com\\\/people\\\/Brunswick-Billiards-EspaaPortugal\\\/100066446264309\\\/\",\"https:\\\/\\\/www.instagram.com\\\/the_world_billiards\\\/\",\"https:\\\/\\\/www.pinterest.es\\\/Theworldbilliards\\\/\"]}]}<\/script>\n<!-- \/ Yoast SEO plugin. -->","yoast_head_json":{"title":"Acheter Tennis de table Brunswick SMASH 7.0 - The World Billiards","description":"Smash 7.0 est dot\u00e9 d'une surface de jeu noire classique, d'un filet et de clips de filet assortis, avec un terrain de jeu robuste de 25 mm d'\u00e9paisseur pour des performances optimis\u00e9es. Un ch\u00e2ssis solide assure une r\u00e9sistance et une stabilit\u00e9 exceptionnelles, tandis que le syst\u00e8me de pliage facile rend le d\u00e9placement et le stockage rapides et pratiques. Smash 7.0 propose des compartiments int\u00e9gr\u00e9s pour un rangement pratique de l'ensemble d'accessoires \u00e0 deux raquettes \/ 3 balles inclus.  Surface de jeu noire avec rev\u00eatement \u00e0 rouleaux r\u00e9p\u00e9t\u00e9s Graphiques : blanc sur le pont ; noir sur le cadre ; \u00e9crant\u00e9 Filet de qualit\u00e9 sup\u00e9rieure, pinces pour poteaux et ensemble de balles et de raquettes inclus Pliable et enrouleur pour un rangement pratique Mat\u00e9riau du pont : MDF de 25 mm d'\u00e9paisseur  Dimensions d\u00e9pli\u00e9es (L x l x H) 108\" x 60\" x 30\" (274,3 x 152,4 x 76,2 cm) Dimensions pli\u00e9es (L x l x H) 36\" x 60\" x 63\" (91,4 x 152,4 x 160 cm)","robots":{"index":"index","follow":"follow","max-snippet":"max-snippet:-1","max-image-preview":"max-image-preview:large","max-video-preview":"max-video-preview:-1"},"canonical":"https:\/\/theworldbilliards.com\/fr\/produit\/tennis-de-table-brunswick-smash-7-0\/","og_locale":"fr_FR","og_type":"article","og_title":"Acheter Tennis de table Brunswick SMASH 7.0 - The World Billiards","og_description":"Smash 7.0 est dot\u00e9 d'une surface de jeu noire classique, d'un filet et de clips de filet assortis, avec un terrain de jeu robuste de 25 mm d'\u00e9paisseur pour des performances optimis\u00e9es. Un ch\u00e2ssis solide assure une r\u00e9sistance et une stabilit\u00e9 exceptionnelles, tandis que le syst\u00e8me de pliage facile rend le d\u00e9placement et le stockage rapides et pratiques. Smash 7.0 propose des compartiments int\u00e9gr\u00e9s pour un rangement pratique de l'ensemble d'accessoires \u00e0 deux raquettes \/ 3 balles inclus.  Surface de jeu noire avec rev\u00eatement \u00e0 rouleaux r\u00e9p\u00e9t\u00e9s Graphiques : blanc sur le pont ; noir sur le cadre ; \u00e9crant\u00e9 Filet de qualit\u00e9 sup\u00e9rieure, pinces pour poteaux et ensemble de balles et de raquettes inclus Pliable et enrouleur pour un rangement pratique Mat\u00e9riau du pont : MDF de 25 mm d'\u00e9paisseur  Dimensions d\u00e9pli\u00e9es (L x l x H) 108\" x 60\" x 30\" (274,3 x 152,4 x 76,2 cm) Dimensions pli\u00e9es (L x l x H) 36\" x 60\" x 63\" (91,4 x 152,4 x 160 cm)","og_url":"https:\/\/theworldbilliards.com\/fr\/produit\/tennis-de-table-brunswick-smash-7-0\/","og_site_name":"The World Billiards","article_publisher":"https:\/\/www.facebook.com\/baby.foot.superbes","article_modified_time":"2024-09-09T10:24:16+00:00","og_image":[{"width":990,"height":991,"url":"https:\/\/theworldbilliards.com\/wp-content\/uploads\/2024\/09\/smash-7-0.png","type":"image\/png"}],"twitter_card":"summary_large_image","schema":{"@context":"https:\/\/schema.org","@graph":[{"@type":"WebPage","@id":"https:\/\/theworldbilliards.com\/fr\/produit\/tennis-de-table-brunswick-smash-7-0\/","url":"https:\/\/theworldbilliards.com\/fr\/produit\/tennis-de-table-brunswick-smash-7-0\/","name":"Acheter Tennis de table Brunswick SMASH 7.0 - The World Billiards","isPartOf":{"@id":"https:\/\/theworldbilliards.com\/fr\/#website"},"primaryImageOfPage":{"@id":"https:\/\/theworldbilliards.com\/fr\/produit\/tennis-de-table-brunswick-smash-7-0\/#primaryimage"},"image":{"@id":"https:\/\/theworldbilliards.com\/fr\/produit\/tennis-de-table-brunswick-smash-7-0\/#primaryimage"},"thumbnailUrl":"https:\/\/theworldbilliards.com\/wp-content\/uploads\/2024\/09\/smash-7-0.png","datePublished":"2024-09-06T11:48:00+00:00","dateModified":"2024-09-09T10:24:16+00:00","description":"Smash 7.0 est dot\u00e9 d'une surface de jeu noire classique, d'un filet et de clips de filet assortis, avec un terrain de jeu robuste de 25 mm d'\u00e9paisseur pour des performances optimis\u00e9es. Un ch\u00e2ssis solide assure une r\u00e9sistance et une stabilit\u00e9 exceptionnelles, tandis que le syst\u00e8me de pliage facile rend le d\u00e9placement et le stockage rapides et pratiques. Smash 7.0 propose des compartiments int\u00e9gr\u00e9s pour un rangement pratique de l'ensemble d'accessoires \u00e0 deux raquettes \/ 3 balles inclus. Surface de jeu noire avec rev\u00eatement \u00e0 rouleaux r\u00e9p\u00e9t\u00e9s Graphiques : blanc sur le pont ; noir sur le cadre ; \u00e9crant\u00e9 Filet de qualit\u00e9 sup\u00e9rieure, pinces pour poteaux et ensemble de balles et de raquettes inclus Pliable et enrouleur pour un rangement pratique Mat\u00e9riau du pont : MDF de 25 mm d'\u00e9paisseur Dimensions d\u00e9pli\u00e9es (L x l x H) 108\" x 60\" x 30\" (274,3 x 152,4 x 76,2 cm) Dimensions pli\u00e9es (L x l x H) 36\" x 60\" x 63\" (91,4 x 152,4 x 160 cm)","breadcrumb":{"@id":"https:\/\/theworldbilliards.com\/fr\/produit\/tennis-de-table-brunswick-smash-7-0\/#breadcrumb"},"inLanguage":"fr-FR","potentialAction":[{"@type":"ReadAction","target":["https:\/\/theworldbilliards.com\/fr\/produit\/tennis-de-table-brunswick-smash-7-0\/"]}]},{"@type":"ImageObject","inLanguage":"fr-FR","@id":"https:\/\/theworldbilliards.com\/fr\/produit\/tennis-de-table-brunswick-smash-7-0\/#primaryimage","url":"https:\/\/theworldbilliards.com\/wp-content\/uploads\/2024\/09\/smash-7-0.png","contentUrl":"https:\/\/theworldbilliards.com\/wp-content\/uploads\/2024\/09\/smash-7-0.png","width":990,"height":991},{"@type":"BreadcrumbList","@id":"https:\/\/theworldbilliards.com\/fr\/produit\/tennis-de-table-brunswick-smash-7-0\/#breadcrumb","itemListElement":[{"@type":"ListItem","position":1,"name":"In\u00edcio","item":"https:\/\/theworldbilliards.com\/fr\/"},{"@type":"ListItem","position":2,"name":"Boutique en ligne","item":"https:\/\/theworldbilliards.com\/fr\/boutique-theworldbilliards\/"},{"@type":"ListItem","position":3,"name":"Tennis de table Brunswick SMASH 7.0"}]},{"@type":"WebSite","@id":"https:\/\/theworldbilliards.com\/fr\/#website","url":"https:\/\/theworldbilliards.com\/fr\/","name":"TheWorldBilliards","description":"Achetez ici billard, baby-foot, ping-pong et bowling","publisher":{"@id":"https:\/\/theworldbilliards.com\/fr\/#organization"},"alternateName":"The world billiards","potentialAction":[{"@type":"SearchAction","target":{"@type":"EntryPoint","urlTemplate":"https:\/\/theworldbilliards.com\/fr\/?s={search_term_string}"},"query-input":{"@type":"PropertyValueSpecification","valueRequired":true,"valueName":"search_term_string"}}],"inLanguage":"fr-FR"},{"@type":"Organization","@id":"https:\/\/theworldbilliards.com\/fr\/#organization","name":"The World Billiards","alternateName":"The World Billiards","url":"https:\/\/theworldbilliards.com\/fr\/","logo":{"@type":"ImageObject","inLanguage":"fr-FR","@id":"https:\/\/theworldbilliards.com\/fr\/#\/schema\/logo\/image\/","url":"","contentUrl":"","caption":"The World Billiards"},"image":{"@id":"https:\/\/theworldbilliards.com\/fr\/#\/schema\/logo\/image\/"},"sameAs":["https:\/\/www.facebook.com\/baby.foot.superbes","https:\/\/www.youtube.com\/channel\/UCIMuOVAaUcH6UpZcsZlH0Tg","https:\/\/www.facebook.com\/people\/Brunswick-Billiards-EspaaPortugal\/100066446264309\/","https:\/\/www.instagram.com\/the_world_billiards\/","https:\/\/www.pinterest.es\/Theworldbilliards\/"]}]}},"_links":{"self":[{"href":"https:\/\/theworldbilliards.com\/fr\/wp-json\/wp\/v2\/product\/105100","targetHints":{"allow":["GET"]}}],"collection":[{"href":"https:\/\/theworldbilliards.com\/fr\/wp-json\/wp\/v2\/product"}],"about":[{"href":"https:\/\/theworldbilliards.com\/fr\/wp-json\/wp\/v2\/types\/product"}],"wp:featuredmedia":[{"embeddable":true,"href":"https:\/\/theworldbilliards.com\/fr\/wp-json\/wp\/v2\/media\/105104"}],"wp:attachment":[{"href":"https:\/\/theworldbilliards.com\/fr\/wp-json\/wp\/v2\/media?parent=105100"}],"wp:term":[{"taxonomy":"product_brand","embeddable":true,"href":"https:\/\/theworldbilliards.com\/fr\/wp-json\/wp\/v2\/product_brand?post=105100"},{"taxonomy":"product_cat","embeddable":true,"href":"https:\/\/theworldbilliards.com\/fr\/wp-json\/wp\/v2\/product_cat?post=105100"},{"taxonomy":"product_tag","embeddable":true,"href":"https:\/\/theworldbilliards.com\/fr\/wp-json\/wp\/v2\/product_tag?post=105100"}],"curies":[{"name":"wp","href":"https:\/\/api.w.org\/{rel}","templated":true}]}}