{"id":106348,"date":"2025-01-17T10:50:52","date_gmt":"2025-01-17T09:50:52","guid":{"rendered":"https:\/\/theworldbilliards.com\/?post_type=product&#038;p=106348"},"modified":"2025-01-17T11:05:39","modified_gmt":"2025-01-17T10:05:39","slug":"queue-de-billard-lucasi-custom-lz2004nb","status":"publish","type":"product","link":"https:\/\/theworldbilliards.com\/fr\/produit\/queue-de-billard-lucasi-custom-lz2004nb\/","title":{"rendered":"Queue de billard Lucasi Custom LZ2004NB"},"content":{"rendered":"<div class=\"woocommerce-tabs wc-tabs-wrapper\">\n<div id=\"tab-description\" class=\"woocommerce-Tabs-panel woocommerce-Tabs-panel--description panel entry-content wc-tab\" role=\"tabpanel\" aria-labelledby=\"tab-title-description\">\n<p>Queue Lucasi Custom Natural Birdseye\/Blue Luster avec rev\u00eatement en lin noir et blanc<\/p>\n<p>Joint Uni-loc \u00e0 d\u00e9gagement rapide<br \/>\nFl\u00e8che \u00e0 technologie Zero Flexpoint Solid Core Low Deflection avec c\u00f4ne professionnel<br \/>\nPointe Tiger Everest de qualit\u00e9 sup\u00e9rieure pour un contr\u00f4le de balle sup\u00e9rieur<br \/>\nEnveloppe en lin irlandais noir et blanc \u00e0 double pression pour une prise stable et sans transpiration &#8211; mise \u00e0 niveau de l&rsquo;enveloppe en peau exotique disponible<\/p>\n<\/div>\n<\/div>\n","protected":false},"excerpt":{"rendered":"<p>Queue Lucasi Custom Natural Birdseye\/Blue Luster avec rev\u00eatement en lin noir et blanc Joint Uni-loc \u00e0 d\u00e9gagement rapide Fl\u00e8che \u00e0 [&hellip;]<\/p>\n","protected":false},"featured_media":106351,"template":"","meta":{"site-sidebar-layout":"default","site-content-layout":"","ast-site-content-layout":"default","site-content-style":"default","site-sidebar-style":"default","ast-global-header-display":"","ast-banner-title-visibility":"","ast-main-header-display":"","ast-hfb-above-header-display":"","ast-hfb-below-header-display":"","ast-hfb-mobile-header-display":"","site-post-title":"","ast-breadcrumbs-content":"","ast-featured-img":"","footer-sml-layout":"","ast-disable-related-posts":"","theme-transparent-header-meta":"default","adv-header-id-meta":"","stick-header-meta":"","header-above-stick-meta":"","header-main-stick-meta":"","header-below-stick-meta":"","astra-migrate-meta-layouts":"default","ast-page-background-enabled":"default","ast-page-background-meta":{"desktop":{"background-color":"var(--ast-global-color-4)","background-image":"","background-repeat":"repeat","background-position":"center center","background-size":"auto","background-attachment":"scroll","background-type":"","background-media":"","overlay-type":"","overlay-color":"","overlay-opacity":"","overlay-gradient":""},"tablet":{"background-color":"","background-image":"","background-repeat":"repeat","background-position":"center center","background-size":"auto","background-attachment":"scroll","background-type":"","background-media":"","overlay-type":"","overlay-color":"","overlay-opacity":"","overlay-gradient":""},"mobile":{"background-color":"","background-image":"","background-repeat":"repeat","background-position":"center center","background-size":"auto","background-attachment":"scroll","background-type":"","background-media":"","overlay-type":"","overlay-color":"","overlay-opacity":"","overlay-gradient":""}},"ast-content-background-meta":{"desktop":{"background-color":"var(--ast-global-color-5)","background-image":"","background-repeat":"repeat","background-position":"center center","background-size":"auto","background-attachment":"scroll","background-type":"","background-media":"","overlay-type":"","overlay-color":"","overlay-opacity":"","overlay-gradient":""},"tablet":{"background-color":"var(--ast-global-color-5)","background-image":"","background-repeat":"repeat","background-position":"center center","background-size":"auto","background-attachment":"scroll","background-type":"","background-media":"","overlay-type":"","overlay-color":"","overlay-opacity":"","overlay-gradient":""},"mobile":{"background-color":"var(--ast-global-color-5)","background-image":"","background-repeat":"repeat","background-position":"center center","background-size":"auto","background-attachment":"scroll","background-type":"","background-media":"","overlay-type":"","overlay-color":"","overlay-opacity":"","overlay-gradient":""}}},"product_brand":[5258],"product_cat":[5194],"product_tag":[],"class_list":{"0":"post-106348","1":"product","2":"type-product","3":"status-publish","4":"has-post-thumbnail","6":"product_brand-lucasi-cues-fr","7":"product_cat-queues-de-billard-americain-lucasi","8":"product_shipping_class-accessoires","9":"desktop-align-center","10":"tablet-align-left","11":"mobile-align-left","13":"first","14":"onbackorder","15":"taxable","16":"shipping-taxable","17":"purchasable","18":"product-type-simple"},"yoast_head":"<!-- This site is optimized with the Yoast SEO plugin v27.5 - https:\/\/yoast.com\/product\/yoast-seo-wordpress\/ -->\n<title>Acheter Queue de billard Lucasi Custom LZ2004NB - The World Billiards<\/title>\n<meta name=\"description\" content=\"Queue Lucasi Custom Natural Birdseye\/Blue Luster avec rev\u00eatement en lin noir et blanc  Joint Uni-loc \u00e0 d\u00e9gagement rapide Fl\u00e8che \u00e0 technologie Zero Flexpoint Solid Core Low Deflection avec c\u00f4ne professionnel Pointe Tiger Everest de qualit\u00e9 sup\u00e9rieure pour un contr\u00f4le de balle sup\u00e9rieur Enveloppe en lin irlandais noir et blanc \u00e0 double pression pour une prise stable et sans transpiration - mise \u00e0 niveau de l&#039;enveloppe en peau exotique disponible\" \/>\n<meta name=\"robots\" content=\"index, follow, max-snippet:-1, max-image-preview:large, max-video-preview:-1\" \/>\n<link rel=\"canonical\" href=\"https:\/\/theworldbilliards.com\/fr\/produit\/queue-de-billard-lucasi-custom-lz2004nb\/\" \/>\n<meta property=\"og:locale\" content=\"fr_FR\" \/>\n<meta property=\"og:type\" content=\"article\" \/>\n<meta property=\"og:title\" content=\"Acheter Queue de billard Lucasi Custom LZ2004NB - The World Billiards\" \/>\n<meta property=\"og:description\" content=\"Queue Lucasi Custom Natural Birdseye\/Blue Luster avec rev\u00eatement en lin noir et blanc  Joint Uni-loc \u00e0 d\u00e9gagement rapide Fl\u00e8che \u00e0 technologie Zero Flexpoint Solid Core Low Deflection avec c\u00f4ne professionnel Pointe Tiger Everest de qualit\u00e9 sup\u00e9rieure pour un contr\u00f4le de balle sup\u00e9rieur Enveloppe en lin irlandais noir et blanc \u00e0 double pression pour une prise stable et sans transpiration - mise \u00e0 niveau de l&#039;enveloppe en peau exotique disponible\" \/>\n<meta property=\"og:url\" content=\"https:\/\/theworldbilliards.com\/fr\/produit\/queue-de-billard-lucasi-custom-lz2004nb\/\" \/>\n<meta property=\"og:site_name\" content=\"The World Billiards\" \/>\n<meta property=\"article:publisher\" content=\"https:\/\/www.facebook.com\/baby.foot.superbes\" \/>\n<meta property=\"article:modified_time\" content=\"2025-01-17T10:05:39+00:00\" \/>\n<meta property=\"og:image\" content=\"https:\/\/theworldbilliards.com\/wp-content\/uploads\/2025\/01\/lucasi-custom-natural-birdseye-blue-luster-cue-with-black-and-white-linen-wrap__lz2004nb.webp\" \/>\n\t<meta property=\"og:image:width\" content=\"990\" \/>\n\t<meta property=\"og:image:height\" content=\"990\" \/>\n\t<meta property=\"og:image:type\" content=\"image\/webp\" \/>\n<meta name=\"twitter:card\" content=\"summary_large_image\" \/>\n<script type=\"application\/ld+json\" class=\"yoast-schema-graph\">{\"@context\":\"https:\\\/\\\/schema.org\",\"@graph\":[{\"@type\":\"WebPage\",\"@id\":\"https:\\\/\\\/theworldbilliards.com\\\/fr\\\/produit\\\/queue-de-billard-lucasi-custom-lz2004nb\\\/\",\"url\":\"https:\\\/\\\/theworldbilliards.com\\\/fr\\\/produit\\\/queue-de-billard-lucasi-custom-lz2004nb\\\/\",\"name\":\"Acheter Queue de billard Lucasi Custom LZ2004NB - The World Billiards\",\"isPartOf\":{\"@id\":\"https:\\\/\\\/theworldbilliards.com\\\/fr\\\/#website\"},\"primaryImageOfPage\":{\"@id\":\"https:\\\/\\\/theworldbilliards.com\\\/fr\\\/produit\\\/queue-de-billard-lucasi-custom-lz2004nb\\\/#primaryimage\"},\"image\":{\"@id\":\"https:\\\/\\\/theworldbilliards.com\\\/fr\\\/produit\\\/queue-de-billard-lucasi-custom-lz2004nb\\\/#primaryimage\"},\"thumbnailUrl\":\"https:\\\/\\\/theworldbilliards.com\\\/wp-content\\\/uploads\\\/2025\\\/01\\\/lucasi-custom-natural-birdseye-blue-luster-cue-with-black-and-white-linen-wrap__lz2004nb.webp\",\"datePublished\":\"2025-01-17T09:50:52+00:00\",\"dateModified\":\"2025-01-17T10:05:39+00:00\",\"description\":\"Queue Lucasi Custom Natural Birdseye\\\/Blue Luster avec rev\u00eatement en lin noir et blanc Joint Uni-loc \u00e0 d\u00e9gagement rapide Fl\u00e8che \u00e0 technologie Zero Flexpoint Solid Core Low Deflection avec c\u00f4ne professionnel Pointe Tiger Everest de qualit\u00e9 sup\u00e9rieure pour un contr\u00f4le de balle sup\u00e9rieur Enveloppe en lin irlandais noir et blanc \u00e0 double pression pour une prise stable et sans transpiration - mise \u00e0 niveau de l'enveloppe en peau exotique disponible\",\"breadcrumb\":{\"@id\":\"https:\\\/\\\/theworldbilliards.com\\\/fr\\\/produit\\\/queue-de-billard-lucasi-custom-lz2004nb\\\/#breadcrumb\"},\"inLanguage\":\"fr-FR\",\"potentialAction\":[{\"@type\":\"ReadAction\",\"target\":[\"https:\\\/\\\/theworldbilliards.com\\\/fr\\\/produit\\\/queue-de-billard-lucasi-custom-lz2004nb\\\/\"]}]},{\"@type\":\"ImageObject\",\"inLanguage\":\"fr-FR\",\"@id\":\"https:\\\/\\\/theworldbilliards.com\\\/fr\\\/produit\\\/queue-de-billard-lucasi-custom-lz2004nb\\\/#primaryimage\",\"url\":\"https:\\\/\\\/theworldbilliards.com\\\/wp-content\\\/uploads\\\/2025\\\/01\\\/lucasi-custom-natural-birdseye-blue-luster-cue-with-black-and-white-linen-wrap__lz2004nb.webp\",\"contentUrl\":\"https:\\\/\\\/theworldbilliards.com\\\/wp-content\\\/uploads\\\/2025\\\/01\\\/lucasi-custom-natural-birdseye-blue-luster-cue-with-black-and-white-linen-wrap__lz2004nb.webp\",\"width\":990,\"height\":990},{\"@type\":\"BreadcrumbList\",\"@id\":\"https:\\\/\\\/theworldbilliards.com\\\/fr\\\/produit\\\/queue-de-billard-lucasi-custom-lz2004nb\\\/#breadcrumb\",\"itemListElement\":[{\"@type\":\"ListItem\",\"position\":1,\"name\":\"In\u00edcio\",\"item\":\"https:\\\/\\\/theworldbilliards.com\\\/fr\\\/\"},{\"@type\":\"ListItem\",\"position\":2,\"name\":\"Boutique en ligne\",\"item\":\"https:\\\/\\\/theworldbilliards.com\\\/fr\\\/boutique-theworldbilliards\\\/\"},{\"@type\":\"ListItem\",\"position\":3,\"name\":\"Queue de billard Lucasi Custom LZ2004NB\"}]},{\"@type\":\"WebSite\",\"@id\":\"https:\\\/\\\/theworldbilliards.com\\\/fr\\\/#website\",\"url\":\"https:\\\/\\\/theworldbilliards.com\\\/fr\\\/\",\"name\":\"TheWorldBilliards\",\"description\":\"Achetez ici billard, baby-foot, ping-pong et bowling\",\"publisher\":{\"@id\":\"https:\\\/\\\/theworldbilliards.com\\\/fr\\\/#organization\"},\"alternateName\":\"The world billiards\",\"potentialAction\":[{\"@type\":\"SearchAction\",\"target\":{\"@type\":\"EntryPoint\",\"urlTemplate\":\"https:\\\/\\\/theworldbilliards.com\\\/fr\\\/?s={search_term_string}\"},\"query-input\":{\"@type\":\"PropertyValueSpecification\",\"valueRequired\":true,\"valueName\":\"search_term_string\"}}],\"inLanguage\":\"fr-FR\"},{\"@type\":\"Organization\",\"@id\":\"https:\\\/\\\/theworldbilliards.com\\\/fr\\\/#organization\",\"name\":\"The World Billiards\",\"alternateName\":\"The World Billiards\",\"url\":\"https:\\\/\\\/theworldbilliards.com\\\/fr\\\/\",\"logo\":{\"@type\":\"ImageObject\",\"inLanguage\":\"fr-FR\",\"@id\":\"https:\\\/\\\/theworldbilliards.com\\\/fr\\\/#\\\/schema\\\/logo\\\/image\\\/\",\"url\":\"\",\"contentUrl\":\"\",\"caption\":\"The World Billiards\"},\"image\":{\"@id\":\"https:\\\/\\\/theworldbilliards.com\\\/fr\\\/#\\\/schema\\\/logo\\\/image\\\/\"},\"sameAs\":[\"https:\\\/\\\/www.facebook.com\\\/baby.foot.superbes\",\"https:\\\/\\\/www.youtube.com\\\/channel\\\/UCIMuOVAaUcH6UpZcsZlH0Tg\",\"https:\\\/\\\/www.facebook.com\\\/people\\\/Brunswick-Billiards-EspaaPortugal\\\/100066446264309\\\/\",\"https:\\\/\\\/www.instagram.com\\\/the_world_billiards\\\/\",\"https:\\\/\\\/www.pinterest.es\\\/Theworldbilliards\\\/\"]}]}<\/script>\n<!-- \/ Yoast SEO plugin. -->","yoast_head_json":{"title":"Acheter Queue de billard Lucasi Custom LZ2004NB - The World Billiards","description":"Queue Lucasi Custom Natural Birdseye\/Blue Luster avec rev\u00eatement en lin noir et blanc  Joint Uni-loc \u00e0 d\u00e9gagement rapide Fl\u00e8che \u00e0 technologie Zero Flexpoint Solid Core Low Deflection avec c\u00f4ne professionnel Pointe Tiger Everest de qualit\u00e9 sup\u00e9rieure pour un contr\u00f4le de balle sup\u00e9rieur Enveloppe en lin irlandais noir et blanc \u00e0 double pression pour une prise stable et sans transpiration - mise \u00e0 niveau de l'enveloppe en peau exotique disponible","robots":{"index":"index","follow":"follow","max-snippet":"max-snippet:-1","max-image-preview":"max-image-preview:large","max-video-preview":"max-video-preview:-1"},"canonical":"https:\/\/theworldbilliards.com\/fr\/produit\/queue-de-billard-lucasi-custom-lz2004nb\/","og_locale":"fr_FR","og_type":"article","og_title":"Acheter Queue de billard Lucasi Custom LZ2004NB - The World Billiards","og_description":"Queue Lucasi Custom Natural Birdseye\/Blue Luster avec rev\u00eatement en lin noir et blanc  Joint Uni-loc \u00e0 d\u00e9gagement rapide Fl\u00e8che \u00e0 technologie Zero Flexpoint Solid Core Low Deflection avec c\u00f4ne professionnel Pointe Tiger Everest de qualit\u00e9 sup\u00e9rieure pour un contr\u00f4le de balle sup\u00e9rieur Enveloppe en lin irlandais noir et blanc \u00e0 double pression pour une prise stable et sans transpiration - mise \u00e0 niveau de l'enveloppe en peau exotique disponible","og_url":"https:\/\/theworldbilliards.com\/fr\/produit\/queue-de-billard-lucasi-custom-lz2004nb\/","og_site_name":"The World Billiards","article_publisher":"https:\/\/www.facebook.com\/baby.foot.superbes","article_modified_time":"2025-01-17T10:05:39+00:00","og_image":[{"width":990,"height":990,"url":"https:\/\/theworldbilliards.com\/wp-content\/uploads\/2025\/01\/lucasi-custom-natural-birdseye-blue-luster-cue-with-black-and-white-linen-wrap__lz2004nb.webp","type":"image\/webp"}],"twitter_card":"summary_large_image","schema":{"@context":"https:\/\/schema.org","@graph":[{"@type":"WebPage","@id":"https:\/\/theworldbilliards.com\/fr\/produit\/queue-de-billard-lucasi-custom-lz2004nb\/","url":"https:\/\/theworldbilliards.com\/fr\/produit\/queue-de-billard-lucasi-custom-lz2004nb\/","name":"Acheter Queue de billard Lucasi Custom LZ2004NB - The World Billiards","isPartOf":{"@id":"https:\/\/theworldbilliards.com\/fr\/#website"},"primaryImageOfPage":{"@id":"https:\/\/theworldbilliards.com\/fr\/produit\/queue-de-billard-lucasi-custom-lz2004nb\/#primaryimage"},"image":{"@id":"https:\/\/theworldbilliards.com\/fr\/produit\/queue-de-billard-lucasi-custom-lz2004nb\/#primaryimage"},"thumbnailUrl":"https:\/\/theworldbilliards.com\/wp-content\/uploads\/2025\/01\/lucasi-custom-natural-birdseye-blue-luster-cue-with-black-and-white-linen-wrap__lz2004nb.webp","datePublished":"2025-01-17T09:50:52+00:00","dateModified":"2025-01-17T10:05:39+00:00","description":"Queue Lucasi Custom Natural Birdseye\/Blue Luster avec rev\u00eatement en lin noir et blanc Joint Uni-loc \u00e0 d\u00e9gagement rapide Fl\u00e8che \u00e0 technologie Zero Flexpoint Solid Core Low Deflection avec c\u00f4ne professionnel Pointe Tiger Everest de qualit\u00e9 sup\u00e9rieure pour un contr\u00f4le de balle sup\u00e9rieur Enveloppe en lin irlandais noir et blanc \u00e0 double pression pour une prise stable et sans transpiration - mise \u00e0 niveau de l'enveloppe en peau exotique disponible","breadcrumb":{"@id":"https:\/\/theworldbilliards.com\/fr\/produit\/queue-de-billard-lucasi-custom-lz2004nb\/#breadcrumb"},"inLanguage":"fr-FR","potentialAction":[{"@type":"ReadAction","target":["https:\/\/theworldbilliards.com\/fr\/produit\/queue-de-billard-lucasi-custom-lz2004nb\/"]}]},{"@type":"ImageObject","inLanguage":"fr-FR","@id":"https:\/\/theworldbilliards.com\/fr\/produit\/queue-de-billard-lucasi-custom-lz2004nb\/#primaryimage","url":"https:\/\/theworldbilliards.com\/wp-content\/uploads\/2025\/01\/lucasi-custom-natural-birdseye-blue-luster-cue-with-black-and-white-linen-wrap__lz2004nb.webp","contentUrl":"https:\/\/theworldbilliards.com\/wp-content\/uploads\/2025\/01\/lucasi-custom-natural-birdseye-blue-luster-cue-with-black-and-white-linen-wrap__lz2004nb.webp","width":990,"height":990},{"@type":"BreadcrumbList","@id":"https:\/\/theworldbilliards.com\/fr\/produit\/queue-de-billard-lucasi-custom-lz2004nb\/#breadcrumb","itemListElement":[{"@type":"ListItem","position":1,"name":"In\u00edcio","item":"https:\/\/theworldbilliards.com\/fr\/"},{"@type":"ListItem","position":2,"name":"Boutique en ligne","item":"https:\/\/theworldbilliards.com\/fr\/boutique-theworldbilliards\/"},{"@type":"ListItem","position":3,"name":"Queue de billard Lucasi Custom LZ2004NB"}]},{"@type":"WebSite","@id":"https:\/\/theworldbilliards.com\/fr\/#website","url":"https:\/\/theworldbilliards.com\/fr\/","name":"TheWorldBilliards","description":"Achetez ici billard, baby-foot, ping-pong et bowling","publisher":{"@id":"https:\/\/theworldbilliards.com\/fr\/#organization"},"alternateName":"The world billiards","potentialAction":[{"@type":"SearchAction","target":{"@type":"EntryPoint","urlTemplate":"https:\/\/theworldbilliards.com\/fr\/?s={search_term_string}"},"query-input":{"@type":"PropertyValueSpecification","valueRequired":true,"valueName":"search_term_string"}}],"inLanguage":"fr-FR"},{"@type":"Organization","@id":"https:\/\/theworldbilliards.com\/fr\/#organization","name":"The World Billiards","alternateName":"The World Billiards","url":"https:\/\/theworldbilliards.com\/fr\/","logo":{"@type":"ImageObject","inLanguage":"fr-FR","@id":"https:\/\/theworldbilliards.com\/fr\/#\/schema\/logo\/image\/","url":"","contentUrl":"","caption":"The World Billiards"},"image":{"@id":"https:\/\/theworldbilliards.com\/fr\/#\/schema\/logo\/image\/"},"sameAs":["https:\/\/www.facebook.com\/baby.foot.superbes","https:\/\/www.youtube.com\/channel\/UCIMuOVAaUcH6UpZcsZlH0Tg","https:\/\/www.facebook.com\/people\/Brunswick-Billiards-EspaaPortugal\/100066446264309\/","https:\/\/www.instagram.com\/the_world_billiards\/","https:\/\/www.pinterest.es\/Theworldbilliards\/"]}]}},"_links":{"self":[{"href":"https:\/\/theworldbilliards.com\/fr\/wp-json\/wp\/v2\/product\/106348","targetHints":{"allow":["GET"]}}],"collection":[{"href":"https:\/\/theworldbilliards.com\/fr\/wp-json\/wp\/v2\/product"}],"about":[{"href":"https:\/\/theworldbilliards.com\/fr\/wp-json\/wp\/v2\/types\/product"}],"wp:featuredmedia":[{"embeddable":true,"href":"https:\/\/theworldbilliards.com\/fr\/wp-json\/wp\/v2\/media\/106351"}],"wp:attachment":[{"href":"https:\/\/theworldbilliards.com\/fr\/wp-json\/wp\/v2\/media?parent=106348"}],"wp:term":[{"taxonomy":"product_brand","embeddable":true,"href":"https:\/\/theworldbilliards.com\/fr\/wp-json\/wp\/v2\/product_brand?post=106348"},{"taxonomy":"product_cat","embeddable":true,"href":"https:\/\/theworldbilliards.com\/fr\/wp-json\/wp\/v2\/product_cat?post=106348"},{"taxonomy":"product_tag","embeddable":true,"href":"https:\/\/theworldbilliards.com\/fr\/wp-json\/wp\/v2\/product_tag?post=106348"}],"curies":[{"name":"wp","href":"https:\/\/api.w.org\/{rel}","templated":true}]}}