{"id":106403,"date":"2025-01-17T13:16:55","date_gmt":"2025-01-17T12:16:55","guid":{"rendered":"https:\/\/theworldbilliards.com\/?post_type=product&#038;p=106403"},"modified":"2025-01-17T13:30:43","modified_gmt":"2025-01-17T12:30:43","slug":"queue-de-billard-lucasi-custom-lzc6","status":"publish","type":"product","link":"https:\/\/theworldbilliards.com\/fr\/produit\/queue-de-billard-lucasi-custom-lzc6\/","title":{"rendered":"Queue de billard Lucasi Custom LZC6"},"content":{"rendered":"<div class=\"woocommerce-tabs wc-tabs-wrapper\">\n<div id=\"tab-description\" class=\"woocommerce-Tabs-panel woocommerce-Tabs-panel--description panel entry-content wc-tab\" role=\"tabpanel\" aria-labelledby=\"tab-title-description\">\n<p>Queue<span style=\"font-size: 16px; font-style: normal; font-weight: 400;\">de billard<\/span><span style=\"font-size: 16px;\">\u00a0Lucasi Custom<\/span><span style=\"font-size: 16px;\"> sans enveloppe teint\u00e9e violette et naturelle<\/span><\/p>\n<p>Joint Uni-loc \u00e0 d\u00e9gagement rapide<br \/>\nFl\u00e8che \u00e0 technologie Zero Flexpoint Solid Core Low Deflection avec c\u00f4ne professionnel<br \/>\nPointe Tiger Everest de qualit\u00e9 sup\u00e9rieure pour un contr\u00f4le de balle sup\u00e9rieur<br \/>\nPoign\u00e9e sans enroulement pour un meilleur glissement<\/p>\n<\/div>\n<\/div>\n","protected":false},"excerpt":{"rendered":"<p>Queuede billard\u00a0Lucasi Custom sans enveloppe teint\u00e9e violette et naturelle Joint Uni-loc \u00e0 d\u00e9gagement rapide Fl\u00e8che \u00e0 technologie Zero Flexpoint Solid [&hellip;]<\/p>\n","protected":false},"featured_media":106407,"template":"","meta":{"site-sidebar-layout":"default","site-content-layout":"","ast-site-content-layout":"default","site-content-style":"default","site-sidebar-style":"default","ast-global-header-display":"","ast-banner-title-visibility":"","ast-main-header-display":"","ast-hfb-above-header-display":"","ast-hfb-below-header-display":"","ast-hfb-mobile-header-display":"","site-post-title":"","ast-breadcrumbs-content":"","ast-featured-img":"","footer-sml-layout":"","ast-disable-related-posts":"","theme-transparent-header-meta":"default","adv-header-id-meta":"","stick-header-meta":"","header-above-stick-meta":"","header-main-stick-meta":"","header-below-stick-meta":"","astra-migrate-meta-layouts":"default","ast-page-background-enabled":"default","ast-page-background-meta":{"desktop":{"background-color":"var(--ast-global-color-4)","background-image":"","background-repeat":"repeat","background-position":"center center","background-size":"auto","background-attachment":"scroll","background-type":"","background-media":"","overlay-type":"","overlay-color":"","overlay-opacity":"","overlay-gradient":""},"tablet":{"background-color":"","background-image":"","background-repeat":"repeat","background-position":"center center","background-size":"auto","background-attachment":"scroll","background-type":"","background-media":"","overlay-type":"","overlay-color":"","overlay-opacity":"","overlay-gradient":""},"mobile":{"background-color":"","background-image":"","background-repeat":"repeat","background-position":"center center","background-size":"auto","background-attachment":"scroll","background-type":"","background-media":"","overlay-type":"","overlay-color":"","overlay-opacity":"","overlay-gradient":""}},"ast-content-background-meta":{"desktop":{"background-color":"var(--ast-global-color-5)","background-image":"","background-repeat":"repeat","background-position":"center center","background-size":"auto","background-attachment":"scroll","background-type":"","background-media":"","overlay-type":"","overlay-color":"","overlay-opacity":"","overlay-gradient":""},"tablet":{"background-color":"var(--ast-global-color-5)","background-image":"","background-repeat":"repeat","background-position":"center center","background-size":"auto","background-attachment":"scroll","background-type":"","background-media":"","overlay-type":"","overlay-color":"","overlay-opacity":"","overlay-gradient":""},"mobile":{"background-color":"var(--ast-global-color-5)","background-image":"","background-repeat":"repeat","background-position":"center center","background-size":"auto","background-attachment":"scroll","background-type":"","background-media":"","overlay-type":"","overlay-color":"","overlay-opacity":"","overlay-gradient":""}}},"product_brand":[5258],"product_cat":[5194],"product_tag":[],"class_list":{"0":"post-106403","1":"product","2":"type-product","3":"status-publish","4":"has-post-thumbnail","6":"product_brand-lucasi-cues-fr","7":"product_cat-queues-de-billard-americain-lucasi","8":"product_shipping_class-accessoires","9":"desktop-align-center","10":"tablet-align-left","11":"mobile-align-left","13":"first","14":"onbackorder","15":"taxable","16":"shipping-taxable","17":"purchasable","18":"product-type-simple"},"yoast_head":"<!-- This site is optimized with the Yoast SEO plugin v27.4 - https:\/\/yoast.com\/product\/yoast-seo-wordpress\/ -->\n<title>Acheter Queue de billard Lucasi Custom LZC6 - The World Billiards<\/title>\n<meta name=\"description\" content=\"Queuede billard\u00a0Lucasi Custom sans enveloppe teint\u00e9e violette et naturelle  Joint Uni-loc \u00e0 d\u00e9gagement rapide Fl\u00e8che \u00e0 technologie Zero Flexpoint Solid Core Low Deflection avec c\u00f4ne professionnel Pointe Tiger Everest de qualit\u00e9 sup\u00e9rieure pour un contr\u00f4le de balle sup\u00e9rieur Poign\u00e9e sans enroulement pour un meilleur glissement\" \/>\n<meta name=\"robots\" content=\"index, follow, max-snippet:-1, max-image-preview:large, max-video-preview:-1\" \/>\n<link rel=\"canonical\" href=\"https:\/\/theworldbilliards.com\/fr\/produit\/queue-de-billard-lucasi-custom-lzc6\/\" \/>\n<meta property=\"og:locale\" content=\"fr_FR\" \/>\n<meta property=\"og:type\" content=\"article\" \/>\n<meta property=\"og:title\" content=\"Acheter Queue de billard Lucasi Custom LZC6 - The World Billiards\" \/>\n<meta property=\"og:description\" content=\"Queuede billard\u00a0Lucasi Custom sans enveloppe teint\u00e9e violette et naturelle  Joint Uni-loc \u00e0 d\u00e9gagement rapide Fl\u00e8che \u00e0 technologie Zero Flexpoint Solid Core Low Deflection avec c\u00f4ne professionnel Pointe Tiger Everest de qualit\u00e9 sup\u00e9rieure pour un contr\u00f4le de balle sup\u00e9rieur Poign\u00e9e sans enroulement pour un meilleur glissement\" \/>\n<meta property=\"og:url\" content=\"https:\/\/theworldbilliards.com\/fr\/produit\/queue-de-billard-lucasi-custom-lzc6\/\" \/>\n<meta property=\"og:site_name\" content=\"The World Billiards\" \/>\n<meta property=\"article:publisher\" content=\"https:\/\/www.facebook.com\/baby.foot.superbes\" \/>\n<meta property=\"article:modified_time\" content=\"2025-01-17T12:30:43+00:00\" \/>\n<meta property=\"og:image\" content=\"https:\/\/theworldbilliards.com\/wp-content\/uploads\/2025\/01\/lucasi-custom-purple-stained-and-natural-birdseye-wrapless-cue__lzc6_1.webp\" \/>\n\t<meta property=\"og:image:width\" content=\"990\" \/>\n\t<meta property=\"og:image:height\" content=\"990\" \/>\n\t<meta property=\"og:image:type\" content=\"image\/webp\" \/>\n<meta name=\"twitter:card\" content=\"summary_large_image\" \/>\n<script type=\"application\/ld+json\" class=\"yoast-schema-graph\">{\"@context\":\"https:\\\/\\\/schema.org\",\"@graph\":[{\"@type\":\"WebPage\",\"@id\":\"https:\\\/\\\/theworldbilliards.com\\\/fr\\\/produit\\\/queue-de-billard-lucasi-custom-lzc6\\\/\",\"url\":\"https:\\\/\\\/theworldbilliards.com\\\/fr\\\/produit\\\/queue-de-billard-lucasi-custom-lzc6\\\/\",\"name\":\"Acheter Queue de billard Lucasi Custom LZC6 - The World Billiards\",\"isPartOf\":{\"@id\":\"https:\\\/\\\/theworldbilliards.com\\\/fr\\\/#website\"},\"primaryImageOfPage\":{\"@id\":\"https:\\\/\\\/theworldbilliards.com\\\/fr\\\/produit\\\/queue-de-billard-lucasi-custom-lzc6\\\/#primaryimage\"},\"image\":{\"@id\":\"https:\\\/\\\/theworldbilliards.com\\\/fr\\\/produit\\\/queue-de-billard-lucasi-custom-lzc6\\\/#primaryimage\"},\"thumbnailUrl\":\"https:\\\/\\\/theworldbilliards.com\\\/wp-content\\\/uploads\\\/2025\\\/01\\\/lucasi-custom-purple-stained-and-natural-birdseye-wrapless-cue__lzc6_1.webp\",\"datePublished\":\"2025-01-17T12:16:55+00:00\",\"dateModified\":\"2025-01-17T12:30:43+00:00\",\"description\":\"Queuede billard\u00a0Lucasi Custom sans enveloppe teint\u00e9e violette et naturelle Joint Uni-loc \u00e0 d\u00e9gagement rapide Fl\u00e8che \u00e0 technologie Zero Flexpoint Solid Core Low Deflection avec c\u00f4ne professionnel Pointe Tiger Everest de qualit\u00e9 sup\u00e9rieure pour un contr\u00f4le de balle sup\u00e9rieur Poign\u00e9e sans enroulement pour un meilleur glissement\",\"breadcrumb\":{\"@id\":\"https:\\\/\\\/theworldbilliards.com\\\/fr\\\/produit\\\/queue-de-billard-lucasi-custom-lzc6\\\/#breadcrumb\"},\"inLanguage\":\"fr-FR\",\"potentialAction\":[{\"@type\":\"ReadAction\",\"target\":[\"https:\\\/\\\/theworldbilliards.com\\\/fr\\\/produit\\\/queue-de-billard-lucasi-custom-lzc6\\\/\"]}]},{\"@type\":\"ImageObject\",\"inLanguage\":\"fr-FR\",\"@id\":\"https:\\\/\\\/theworldbilliards.com\\\/fr\\\/produit\\\/queue-de-billard-lucasi-custom-lzc6\\\/#primaryimage\",\"url\":\"https:\\\/\\\/theworldbilliards.com\\\/wp-content\\\/uploads\\\/2025\\\/01\\\/lucasi-custom-purple-stained-and-natural-birdseye-wrapless-cue__lzc6_1.webp\",\"contentUrl\":\"https:\\\/\\\/theworldbilliards.com\\\/wp-content\\\/uploads\\\/2025\\\/01\\\/lucasi-custom-purple-stained-and-natural-birdseye-wrapless-cue__lzc6_1.webp\",\"width\":990,\"height\":990},{\"@type\":\"BreadcrumbList\",\"@id\":\"https:\\\/\\\/theworldbilliards.com\\\/fr\\\/produit\\\/queue-de-billard-lucasi-custom-lzc6\\\/#breadcrumb\",\"itemListElement\":[{\"@type\":\"ListItem\",\"position\":1,\"name\":\"In\u00edcio\",\"item\":\"https:\\\/\\\/theworldbilliards.com\\\/fr\\\/\"},{\"@type\":\"ListItem\",\"position\":2,\"name\":\"Boutique en ligne\",\"item\":\"https:\\\/\\\/theworldbilliards.com\\\/fr\\\/boutique-theworldbilliards\\\/\"},{\"@type\":\"ListItem\",\"position\":3,\"name\":\"Queue de billard Lucasi Custom LZC6\"}]},{\"@type\":\"WebSite\",\"@id\":\"https:\\\/\\\/theworldbilliards.com\\\/fr\\\/#website\",\"url\":\"https:\\\/\\\/theworldbilliards.com\\\/fr\\\/\",\"name\":\"TheWorldBilliards\",\"description\":\"Achetez ici billard, baby-foot, ping-pong et bowling\",\"publisher\":{\"@id\":\"https:\\\/\\\/theworldbilliards.com\\\/fr\\\/#organization\"},\"alternateName\":\"The world billiards\",\"potentialAction\":[{\"@type\":\"SearchAction\",\"target\":{\"@type\":\"EntryPoint\",\"urlTemplate\":\"https:\\\/\\\/theworldbilliards.com\\\/fr\\\/?s={search_term_string}\"},\"query-input\":{\"@type\":\"PropertyValueSpecification\",\"valueRequired\":true,\"valueName\":\"search_term_string\"}}],\"inLanguage\":\"fr-FR\"},{\"@type\":\"Organization\",\"@id\":\"https:\\\/\\\/theworldbilliards.com\\\/fr\\\/#organization\",\"name\":\"The World Billiards\",\"alternateName\":\"The World Billiards\",\"url\":\"https:\\\/\\\/theworldbilliards.com\\\/fr\\\/\",\"logo\":{\"@type\":\"ImageObject\",\"inLanguage\":\"fr-FR\",\"@id\":\"https:\\\/\\\/theworldbilliards.com\\\/fr\\\/#\\\/schema\\\/logo\\\/image\\\/\",\"url\":\"\",\"contentUrl\":\"\",\"caption\":\"The World Billiards\"},\"image\":{\"@id\":\"https:\\\/\\\/theworldbilliards.com\\\/fr\\\/#\\\/schema\\\/logo\\\/image\\\/\"},\"sameAs\":[\"https:\\\/\\\/www.facebook.com\\\/baby.foot.superbes\",\"https:\\\/\\\/www.youtube.com\\\/channel\\\/UCIMuOVAaUcH6UpZcsZlH0Tg\",\"https:\\\/\\\/www.facebook.com\\\/people\\\/Brunswick-Billiards-EspaaPortugal\\\/100066446264309\\\/\",\"https:\\\/\\\/www.instagram.com\\\/the_world_billiards\\\/\",\"https:\\\/\\\/www.pinterest.es\\\/Theworldbilliards\\\/\"]}]}<\/script>\n<!-- \/ Yoast SEO plugin. -->","yoast_head_json":{"title":"Acheter Queue de billard Lucasi Custom LZC6 - The World Billiards","description":"Queuede billard\u00a0Lucasi Custom sans enveloppe teint\u00e9e violette et naturelle  Joint Uni-loc \u00e0 d\u00e9gagement rapide Fl\u00e8che \u00e0 technologie Zero Flexpoint Solid Core Low Deflection avec c\u00f4ne professionnel Pointe Tiger Everest de qualit\u00e9 sup\u00e9rieure pour un contr\u00f4le de balle sup\u00e9rieur Poign\u00e9e sans enroulement pour un meilleur glissement","robots":{"index":"index","follow":"follow","max-snippet":"max-snippet:-1","max-image-preview":"max-image-preview:large","max-video-preview":"max-video-preview:-1"},"canonical":"https:\/\/theworldbilliards.com\/fr\/produit\/queue-de-billard-lucasi-custom-lzc6\/","og_locale":"fr_FR","og_type":"article","og_title":"Acheter Queue de billard Lucasi Custom LZC6 - The World Billiards","og_description":"Queuede billard\u00a0Lucasi Custom sans enveloppe teint\u00e9e violette et naturelle  Joint Uni-loc \u00e0 d\u00e9gagement rapide Fl\u00e8che \u00e0 technologie Zero Flexpoint Solid Core Low Deflection avec c\u00f4ne professionnel Pointe Tiger Everest de qualit\u00e9 sup\u00e9rieure pour un contr\u00f4le de balle sup\u00e9rieur Poign\u00e9e sans enroulement pour un meilleur glissement","og_url":"https:\/\/theworldbilliards.com\/fr\/produit\/queue-de-billard-lucasi-custom-lzc6\/","og_site_name":"The World Billiards","article_publisher":"https:\/\/www.facebook.com\/baby.foot.superbes","article_modified_time":"2025-01-17T12:30:43+00:00","og_image":[{"width":990,"height":990,"url":"https:\/\/theworldbilliards.com\/wp-content\/uploads\/2025\/01\/lucasi-custom-purple-stained-and-natural-birdseye-wrapless-cue__lzc6_1.webp","type":"image\/webp"}],"twitter_card":"summary_large_image","schema":{"@context":"https:\/\/schema.org","@graph":[{"@type":"WebPage","@id":"https:\/\/theworldbilliards.com\/fr\/produit\/queue-de-billard-lucasi-custom-lzc6\/","url":"https:\/\/theworldbilliards.com\/fr\/produit\/queue-de-billard-lucasi-custom-lzc6\/","name":"Acheter Queue de billard Lucasi Custom LZC6 - The World Billiards","isPartOf":{"@id":"https:\/\/theworldbilliards.com\/fr\/#website"},"primaryImageOfPage":{"@id":"https:\/\/theworldbilliards.com\/fr\/produit\/queue-de-billard-lucasi-custom-lzc6\/#primaryimage"},"image":{"@id":"https:\/\/theworldbilliards.com\/fr\/produit\/queue-de-billard-lucasi-custom-lzc6\/#primaryimage"},"thumbnailUrl":"https:\/\/theworldbilliards.com\/wp-content\/uploads\/2025\/01\/lucasi-custom-purple-stained-and-natural-birdseye-wrapless-cue__lzc6_1.webp","datePublished":"2025-01-17T12:16:55+00:00","dateModified":"2025-01-17T12:30:43+00:00","description":"Queuede billard\u00a0Lucasi Custom sans enveloppe teint\u00e9e violette et naturelle Joint Uni-loc \u00e0 d\u00e9gagement rapide Fl\u00e8che \u00e0 technologie Zero Flexpoint Solid Core Low Deflection avec c\u00f4ne professionnel Pointe Tiger Everest de qualit\u00e9 sup\u00e9rieure pour un contr\u00f4le de balle sup\u00e9rieur Poign\u00e9e sans enroulement pour un meilleur glissement","breadcrumb":{"@id":"https:\/\/theworldbilliards.com\/fr\/produit\/queue-de-billard-lucasi-custom-lzc6\/#breadcrumb"},"inLanguage":"fr-FR","potentialAction":[{"@type":"ReadAction","target":["https:\/\/theworldbilliards.com\/fr\/produit\/queue-de-billard-lucasi-custom-lzc6\/"]}]},{"@type":"ImageObject","inLanguage":"fr-FR","@id":"https:\/\/theworldbilliards.com\/fr\/produit\/queue-de-billard-lucasi-custom-lzc6\/#primaryimage","url":"https:\/\/theworldbilliards.com\/wp-content\/uploads\/2025\/01\/lucasi-custom-purple-stained-and-natural-birdseye-wrapless-cue__lzc6_1.webp","contentUrl":"https:\/\/theworldbilliards.com\/wp-content\/uploads\/2025\/01\/lucasi-custom-purple-stained-and-natural-birdseye-wrapless-cue__lzc6_1.webp","width":990,"height":990},{"@type":"BreadcrumbList","@id":"https:\/\/theworldbilliards.com\/fr\/produit\/queue-de-billard-lucasi-custom-lzc6\/#breadcrumb","itemListElement":[{"@type":"ListItem","position":1,"name":"In\u00edcio","item":"https:\/\/theworldbilliards.com\/fr\/"},{"@type":"ListItem","position":2,"name":"Boutique en ligne","item":"https:\/\/theworldbilliards.com\/fr\/boutique-theworldbilliards\/"},{"@type":"ListItem","position":3,"name":"Queue de billard Lucasi Custom LZC6"}]},{"@type":"WebSite","@id":"https:\/\/theworldbilliards.com\/fr\/#website","url":"https:\/\/theworldbilliards.com\/fr\/","name":"TheWorldBilliards","description":"Achetez ici billard, baby-foot, ping-pong et bowling","publisher":{"@id":"https:\/\/theworldbilliards.com\/fr\/#organization"},"alternateName":"The world billiards","potentialAction":[{"@type":"SearchAction","target":{"@type":"EntryPoint","urlTemplate":"https:\/\/theworldbilliards.com\/fr\/?s={search_term_string}"},"query-input":{"@type":"PropertyValueSpecification","valueRequired":true,"valueName":"search_term_string"}}],"inLanguage":"fr-FR"},{"@type":"Organization","@id":"https:\/\/theworldbilliards.com\/fr\/#organization","name":"The World Billiards","alternateName":"The World Billiards","url":"https:\/\/theworldbilliards.com\/fr\/","logo":{"@type":"ImageObject","inLanguage":"fr-FR","@id":"https:\/\/theworldbilliards.com\/fr\/#\/schema\/logo\/image\/","url":"","contentUrl":"","caption":"The World Billiards"},"image":{"@id":"https:\/\/theworldbilliards.com\/fr\/#\/schema\/logo\/image\/"},"sameAs":["https:\/\/www.facebook.com\/baby.foot.superbes","https:\/\/www.youtube.com\/channel\/UCIMuOVAaUcH6UpZcsZlH0Tg","https:\/\/www.facebook.com\/people\/Brunswick-Billiards-EspaaPortugal\/100066446264309\/","https:\/\/www.instagram.com\/the_world_billiards\/","https:\/\/www.pinterest.es\/Theworldbilliards\/"]}]}},"_links":{"self":[{"href":"https:\/\/theworldbilliards.com\/fr\/wp-json\/wp\/v2\/product\/106403","targetHints":{"allow":["GET"]}}],"collection":[{"href":"https:\/\/theworldbilliards.com\/fr\/wp-json\/wp\/v2\/product"}],"about":[{"href":"https:\/\/theworldbilliards.com\/fr\/wp-json\/wp\/v2\/types\/product"}],"wp:featuredmedia":[{"embeddable":true,"href":"https:\/\/theworldbilliards.com\/fr\/wp-json\/wp\/v2\/media\/106407"}],"wp:attachment":[{"href":"https:\/\/theworldbilliards.com\/fr\/wp-json\/wp\/v2\/media?parent=106403"}],"wp:term":[{"taxonomy":"product_brand","embeddable":true,"href":"https:\/\/theworldbilliards.com\/fr\/wp-json\/wp\/v2\/product_brand?post=106403"},{"taxonomy":"product_cat","embeddable":true,"href":"https:\/\/theworldbilliards.com\/fr\/wp-json\/wp\/v2\/product_cat?post=106403"},{"taxonomy":"product_tag","embeddable":true,"href":"https:\/\/theworldbilliards.com\/fr\/wp-json\/wp\/v2\/product_tag?post=106403"}],"curies":[{"name":"wp","href":"https:\/\/api.w.org\/{rel}","templated":true}]}}