{"id":106535,"date":"2025-01-28T11:17:22","date_gmt":"2025-01-28T10:17:22","guid":{"rendered":"https:\/\/theworldbilliards.com\/?post_type=product&#038;p=106535"},"modified":"2025-01-28T11:41:43","modified_gmt":"2025-01-28T10:41:43","slug":"queue-brunswick-48","status":"publish","type":"product","link":"https:\/\/theworldbilliards.com\/fr\/produit\/queue-brunswick-48\/","title":{"rendered":"Queue Brunswick 48&Prime;"},"content":{"rendered":"<p>La queue Brunswick 48&Prime; est une queue en deux parties.<\/p>\n<p>Ils sont id\u00e9aux pour les enfants qui souhaitent un \u00e9quipement adapt\u00e9.<\/p>\n<p>Parfait pour les prises de vue dans les coins serr\u00e9s ou pour les moments o\u00f9 vous avez besoin du contr\u00f4le et de l&rsquo;\u00e9quilibre d&rsquo;une queue courte.<\/p>\n<p>Mesure 121,92 cm<\/p>\n","protected":false},"excerpt":{"rendered":"<p>La queue Brunswick 48&Prime; est une queue en deux parties. Ils sont id\u00e9aux pour les enfants qui souhaitent un \u00e9quipement [&hellip;]<\/p>\n","protected":false},"featured_media":106539,"template":"","meta":{"site-sidebar-layout":"default","site-content-layout":"","ast-site-content-layout":"default","site-content-style":"default","site-sidebar-style":"default","ast-global-header-display":"","ast-banner-title-visibility":"","ast-main-header-display":"","ast-hfb-above-header-display":"","ast-hfb-below-header-display":"","ast-hfb-mobile-header-display":"","site-post-title":"","ast-breadcrumbs-content":"","ast-featured-img":"","footer-sml-layout":"","ast-disable-related-posts":"","theme-transparent-header-meta":"default","adv-header-id-meta":"","stick-header-meta":"","header-above-stick-meta":"","header-main-stick-meta":"","header-below-stick-meta":"","astra-migrate-meta-layouts":"default","ast-page-background-enabled":"default","ast-page-background-meta":{"desktop":{"background-color":"var(--ast-global-color-4)","background-image":"","background-repeat":"repeat","background-position":"center center","background-size":"auto","background-attachment":"scroll","background-type":"","background-media":"","overlay-type":"","overlay-color":"","overlay-opacity":"","overlay-gradient":""},"tablet":{"background-color":"","background-image":"","background-repeat":"repeat","background-position":"center center","background-size":"auto","background-attachment":"scroll","background-type":"","background-media":"","overlay-type":"","overlay-color":"","overlay-opacity":"","overlay-gradient":""},"mobile":{"background-color":"","background-image":"","background-repeat":"repeat","background-position":"center center","background-size":"auto","background-attachment":"scroll","background-type":"","background-media":"","overlay-type":"","overlay-color":"","overlay-opacity":"","overlay-gradient":""}},"ast-content-background-meta":{"desktop":{"background-color":"var(--ast-global-color-5)","background-image":"","background-repeat":"repeat","background-position":"center center","background-size":"auto","background-attachment":"scroll","background-type":"","background-media":"","overlay-type":"","overlay-color":"","overlay-opacity":"","overlay-gradient":""},"tablet":{"background-color":"var(--ast-global-color-5)","background-image":"","background-repeat":"repeat","background-position":"center center","background-size":"auto","background-attachment":"scroll","background-type":"","background-media":"","overlay-type":"","overlay-color":"","overlay-opacity":"","overlay-gradient":""},"mobile":{"background-color":"var(--ast-global-color-5)","background-image":"","background-repeat":"repeat","background-position":"center center","background-size":"auto","background-attachment":"scroll","background-type":"","background-media":"","overlay-type":"","overlay-color":"","overlay-opacity":"","overlay-gradient":""}}},"product_brand":[5198],"product_cat":[4946,5166],"product_tag":[],"class_list":{"0":"post-106535","1":"product","2":"type-product","3":"status-publish","4":"has-post-thumbnail","6":"product_brand-brunswick-billiards-fr","7":"product_cat-accessoire-billard-brunswick","8":"product_cat-queues-de-billard-americain-brunswick","9":"product_shipping_class-accessoires","10":"desktop-align-center","11":"tablet-align-left","12":"mobile-align-left","14":"first","15":"instock","16":"taxable","17":"shipping-taxable","18":"purchasable","19":"product-type-simple"},"yoast_head":"<!-- This site is optimized with the Yoast SEO plugin v27.5 - https:\/\/yoast.com\/product\/yoast-seo-wordpress\/ -->\n<title>Acheter Queue Brunswick 48&quot; - The World Billiards<\/title>\n<meta name=\"description\" content=\"La queue Brunswick 48&quot; est une queue en deux parties.  Ils sont id\u00e9aux pour les enfants qui souhaitent un \u00e9quipement adapt\u00e9.  Parfait pour les prises de vue dans les coins serr\u00e9s ou pour les moments o\u00f9 vous avez besoin du contr\u00f4le et de l&#039;\u00e9quilibre d&#039;une queue courte.  Mesure 121,92 cm\" \/>\n<meta name=\"robots\" content=\"index, follow, max-snippet:-1, max-image-preview:large, max-video-preview:-1\" \/>\n<link rel=\"canonical\" href=\"https:\/\/theworldbilliards.com\/fr\/produit\/queue-brunswick-48\/\" \/>\n<meta property=\"og:locale\" content=\"fr_FR\" \/>\n<meta property=\"og:type\" content=\"article\" \/>\n<meta property=\"og:title\" content=\"Acheter Queue Brunswick 48&quot; - The World Billiards\" \/>\n<meta property=\"og:description\" content=\"La queue Brunswick 48&quot; est une queue en deux parties.  Ils sont id\u00e9aux pour les enfants qui souhaitent un \u00e9quipement adapt\u00e9.  Parfait pour les prises de vue dans les coins serr\u00e9s ou pour les moments o\u00f9 vous avez besoin du contr\u00f4le et de l&#039;\u00e9quilibre d&#039;une queue courte.  Mesure 121,92 cm\" \/>\n<meta property=\"og:url\" content=\"https:\/\/theworldbilliards.com\/fr\/produit\/queue-brunswick-48\/\" \/>\n<meta property=\"og:site_name\" content=\"The World Billiards\" \/>\n<meta property=\"article:publisher\" content=\"https:\/\/www.facebook.com\/baby.foot.superbes\" \/>\n<meta property=\"article:modified_time\" content=\"2025-01-28T10:41:43+00:00\" \/>\n<meta property=\"og:image\" content=\"https:\/\/theworldbilliards.com\/wp-content\/uploads\/2025\/01\/brunswick-two-piece-48-inch-cue.png\" \/>\n\t<meta property=\"og:image:width\" content=\"990\" \/>\n\t<meta property=\"og:image:height\" content=\"989\" \/>\n\t<meta property=\"og:image:type\" content=\"image\/png\" \/>\n<meta name=\"twitter:card\" content=\"summary_large_image\" \/>\n<script type=\"application\/ld+json\" class=\"yoast-schema-graph\">{\"@context\":\"https:\\\/\\\/schema.org\",\"@graph\":[{\"@type\":\"WebPage\",\"@id\":\"https:\\\/\\\/theworldbilliards.com\\\/fr\\\/produit\\\/queue-brunswick-48\\\/\",\"url\":\"https:\\\/\\\/theworldbilliards.com\\\/fr\\\/produit\\\/queue-brunswick-48\\\/\",\"name\":\"Acheter Queue Brunswick 48\\\" - The World Billiards\",\"isPartOf\":{\"@id\":\"https:\\\/\\\/theworldbilliards.com\\\/fr\\\/#website\"},\"primaryImageOfPage\":{\"@id\":\"https:\\\/\\\/theworldbilliards.com\\\/fr\\\/produit\\\/queue-brunswick-48\\\/#primaryimage\"},\"image\":{\"@id\":\"https:\\\/\\\/theworldbilliards.com\\\/fr\\\/produit\\\/queue-brunswick-48\\\/#primaryimage\"},\"thumbnailUrl\":\"https:\\\/\\\/theworldbilliards.com\\\/wp-content\\\/uploads\\\/2025\\\/01\\\/brunswick-two-piece-48-inch-cue.png\",\"datePublished\":\"2025-01-28T10:17:22+00:00\",\"dateModified\":\"2025-01-28T10:41:43+00:00\",\"description\":\"La queue Brunswick 48\\\" est une queue en deux parties. Ils sont id\u00e9aux pour les enfants qui souhaitent un \u00e9quipement adapt\u00e9. Parfait pour les prises de vue dans les coins serr\u00e9s ou pour les moments o\u00f9 vous avez besoin du contr\u00f4le et de l'\u00e9quilibre d'une queue courte. Mesure 121,92 cm\",\"breadcrumb\":{\"@id\":\"https:\\\/\\\/theworldbilliards.com\\\/fr\\\/produit\\\/queue-brunswick-48\\\/#breadcrumb\"},\"inLanguage\":\"fr-FR\",\"potentialAction\":[{\"@type\":\"ReadAction\",\"target\":[\"https:\\\/\\\/theworldbilliards.com\\\/fr\\\/produit\\\/queue-brunswick-48\\\/\"]}]},{\"@type\":\"ImageObject\",\"inLanguage\":\"fr-FR\",\"@id\":\"https:\\\/\\\/theworldbilliards.com\\\/fr\\\/produit\\\/queue-brunswick-48\\\/#primaryimage\",\"url\":\"https:\\\/\\\/theworldbilliards.com\\\/wp-content\\\/uploads\\\/2025\\\/01\\\/brunswick-two-piece-48-inch-cue.png\",\"contentUrl\":\"https:\\\/\\\/theworldbilliards.com\\\/wp-content\\\/uploads\\\/2025\\\/01\\\/brunswick-two-piece-48-inch-cue.png\",\"width\":990,\"height\":989},{\"@type\":\"BreadcrumbList\",\"@id\":\"https:\\\/\\\/theworldbilliards.com\\\/fr\\\/produit\\\/queue-brunswick-48\\\/#breadcrumb\",\"itemListElement\":[{\"@type\":\"ListItem\",\"position\":1,\"name\":\"In\u00edcio\",\"item\":\"https:\\\/\\\/theworldbilliards.com\\\/fr\\\/\"},{\"@type\":\"ListItem\",\"position\":2,\"name\":\"Boutique en ligne\",\"item\":\"https:\\\/\\\/theworldbilliards.com\\\/fr\\\/boutique-theworldbilliards\\\/\"},{\"@type\":\"ListItem\",\"position\":3,\"name\":\"Queue Brunswick 48&Prime;\"}]},{\"@type\":\"WebSite\",\"@id\":\"https:\\\/\\\/theworldbilliards.com\\\/fr\\\/#website\",\"url\":\"https:\\\/\\\/theworldbilliards.com\\\/fr\\\/\",\"name\":\"TheWorldBilliards\",\"description\":\"Achetez ici billard, baby-foot, ping-pong et bowling\",\"publisher\":{\"@id\":\"https:\\\/\\\/theworldbilliards.com\\\/fr\\\/#organization\"},\"alternateName\":\"The world billiards\",\"potentialAction\":[{\"@type\":\"SearchAction\",\"target\":{\"@type\":\"EntryPoint\",\"urlTemplate\":\"https:\\\/\\\/theworldbilliards.com\\\/fr\\\/?s={search_term_string}\"},\"query-input\":{\"@type\":\"PropertyValueSpecification\",\"valueRequired\":true,\"valueName\":\"search_term_string\"}}],\"inLanguage\":\"fr-FR\"},{\"@type\":\"Organization\",\"@id\":\"https:\\\/\\\/theworldbilliards.com\\\/fr\\\/#organization\",\"name\":\"The World Billiards\",\"alternateName\":\"The World Billiards\",\"url\":\"https:\\\/\\\/theworldbilliards.com\\\/fr\\\/\",\"logo\":{\"@type\":\"ImageObject\",\"inLanguage\":\"fr-FR\",\"@id\":\"https:\\\/\\\/theworldbilliards.com\\\/fr\\\/#\\\/schema\\\/logo\\\/image\\\/\",\"url\":\"\",\"contentUrl\":\"\",\"caption\":\"The World Billiards\"},\"image\":{\"@id\":\"https:\\\/\\\/theworldbilliards.com\\\/fr\\\/#\\\/schema\\\/logo\\\/image\\\/\"},\"sameAs\":[\"https:\\\/\\\/www.facebook.com\\\/baby.foot.superbes\",\"https:\\\/\\\/www.youtube.com\\\/channel\\\/UCIMuOVAaUcH6UpZcsZlH0Tg\",\"https:\\\/\\\/www.facebook.com\\\/people\\\/Brunswick-Billiards-EspaaPortugal\\\/100066446264309\\\/\",\"https:\\\/\\\/www.instagram.com\\\/the_world_billiards\\\/\",\"https:\\\/\\\/www.pinterest.es\\\/Theworldbilliards\\\/\"]}]}<\/script>\n<!-- \/ Yoast SEO plugin. -->","yoast_head_json":{"title":"Acheter Queue Brunswick 48\" - The World Billiards","description":"La queue Brunswick 48\" est une queue en deux parties.  Ils sont id\u00e9aux pour les enfants qui souhaitent un \u00e9quipement adapt\u00e9.  Parfait pour les prises de vue dans les coins serr\u00e9s ou pour les moments o\u00f9 vous avez besoin du contr\u00f4le et de l'\u00e9quilibre d'une queue courte.  Mesure 121,92 cm","robots":{"index":"index","follow":"follow","max-snippet":"max-snippet:-1","max-image-preview":"max-image-preview:large","max-video-preview":"max-video-preview:-1"},"canonical":"https:\/\/theworldbilliards.com\/fr\/produit\/queue-brunswick-48\/","og_locale":"fr_FR","og_type":"article","og_title":"Acheter Queue Brunswick 48\" - The World Billiards","og_description":"La queue Brunswick 48\" est une queue en deux parties.  Ils sont id\u00e9aux pour les enfants qui souhaitent un \u00e9quipement adapt\u00e9.  Parfait pour les prises de vue dans les coins serr\u00e9s ou pour les moments o\u00f9 vous avez besoin du contr\u00f4le et de l'\u00e9quilibre d'une queue courte.  Mesure 121,92 cm","og_url":"https:\/\/theworldbilliards.com\/fr\/produit\/queue-brunswick-48\/","og_site_name":"The World Billiards","article_publisher":"https:\/\/www.facebook.com\/baby.foot.superbes","article_modified_time":"2025-01-28T10:41:43+00:00","og_image":[{"width":990,"height":989,"url":"https:\/\/theworldbilliards.com\/wp-content\/uploads\/2025\/01\/brunswick-two-piece-48-inch-cue.png","type":"image\/png"}],"twitter_card":"summary_large_image","schema":{"@context":"https:\/\/schema.org","@graph":[{"@type":"WebPage","@id":"https:\/\/theworldbilliards.com\/fr\/produit\/queue-brunswick-48\/","url":"https:\/\/theworldbilliards.com\/fr\/produit\/queue-brunswick-48\/","name":"Acheter Queue Brunswick 48\" - The World Billiards","isPartOf":{"@id":"https:\/\/theworldbilliards.com\/fr\/#website"},"primaryImageOfPage":{"@id":"https:\/\/theworldbilliards.com\/fr\/produit\/queue-brunswick-48\/#primaryimage"},"image":{"@id":"https:\/\/theworldbilliards.com\/fr\/produit\/queue-brunswick-48\/#primaryimage"},"thumbnailUrl":"https:\/\/theworldbilliards.com\/wp-content\/uploads\/2025\/01\/brunswick-two-piece-48-inch-cue.png","datePublished":"2025-01-28T10:17:22+00:00","dateModified":"2025-01-28T10:41:43+00:00","description":"La queue Brunswick 48\" est une queue en deux parties. Ils sont id\u00e9aux pour les enfants qui souhaitent un \u00e9quipement adapt\u00e9. Parfait pour les prises de vue dans les coins serr\u00e9s ou pour les moments o\u00f9 vous avez besoin du contr\u00f4le et de l'\u00e9quilibre d'une queue courte. Mesure 121,92 cm","breadcrumb":{"@id":"https:\/\/theworldbilliards.com\/fr\/produit\/queue-brunswick-48\/#breadcrumb"},"inLanguage":"fr-FR","potentialAction":[{"@type":"ReadAction","target":["https:\/\/theworldbilliards.com\/fr\/produit\/queue-brunswick-48\/"]}]},{"@type":"ImageObject","inLanguage":"fr-FR","@id":"https:\/\/theworldbilliards.com\/fr\/produit\/queue-brunswick-48\/#primaryimage","url":"https:\/\/theworldbilliards.com\/wp-content\/uploads\/2025\/01\/brunswick-two-piece-48-inch-cue.png","contentUrl":"https:\/\/theworldbilliards.com\/wp-content\/uploads\/2025\/01\/brunswick-two-piece-48-inch-cue.png","width":990,"height":989},{"@type":"BreadcrumbList","@id":"https:\/\/theworldbilliards.com\/fr\/produit\/queue-brunswick-48\/#breadcrumb","itemListElement":[{"@type":"ListItem","position":1,"name":"In\u00edcio","item":"https:\/\/theworldbilliards.com\/fr\/"},{"@type":"ListItem","position":2,"name":"Boutique en ligne","item":"https:\/\/theworldbilliards.com\/fr\/boutique-theworldbilliards\/"},{"@type":"ListItem","position":3,"name":"Queue Brunswick 48&Prime;"}]},{"@type":"WebSite","@id":"https:\/\/theworldbilliards.com\/fr\/#website","url":"https:\/\/theworldbilliards.com\/fr\/","name":"TheWorldBilliards","description":"Achetez ici billard, baby-foot, ping-pong et bowling","publisher":{"@id":"https:\/\/theworldbilliards.com\/fr\/#organization"},"alternateName":"The world billiards","potentialAction":[{"@type":"SearchAction","target":{"@type":"EntryPoint","urlTemplate":"https:\/\/theworldbilliards.com\/fr\/?s={search_term_string}"},"query-input":{"@type":"PropertyValueSpecification","valueRequired":true,"valueName":"search_term_string"}}],"inLanguage":"fr-FR"},{"@type":"Organization","@id":"https:\/\/theworldbilliards.com\/fr\/#organization","name":"The World Billiards","alternateName":"The World Billiards","url":"https:\/\/theworldbilliards.com\/fr\/","logo":{"@type":"ImageObject","inLanguage":"fr-FR","@id":"https:\/\/theworldbilliards.com\/fr\/#\/schema\/logo\/image\/","url":"","contentUrl":"","caption":"The World Billiards"},"image":{"@id":"https:\/\/theworldbilliards.com\/fr\/#\/schema\/logo\/image\/"},"sameAs":["https:\/\/www.facebook.com\/baby.foot.superbes","https:\/\/www.youtube.com\/channel\/UCIMuOVAaUcH6UpZcsZlH0Tg","https:\/\/www.facebook.com\/people\/Brunswick-Billiards-EspaaPortugal\/100066446264309\/","https:\/\/www.instagram.com\/the_world_billiards\/","https:\/\/www.pinterest.es\/Theworldbilliards\/"]}]}},"_links":{"self":[{"href":"https:\/\/theworldbilliards.com\/fr\/wp-json\/wp\/v2\/product\/106535","targetHints":{"allow":["GET"]}}],"collection":[{"href":"https:\/\/theworldbilliards.com\/fr\/wp-json\/wp\/v2\/product"}],"about":[{"href":"https:\/\/theworldbilliards.com\/fr\/wp-json\/wp\/v2\/types\/product"}],"wp:featuredmedia":[{"embeddable":true,"href":"https:\/\/theworldbilliards.com\/fr\/wp-json\/wp\/v2\/media\/106539"}],"wp:attachment":[{"href":"https:\/\/theworldbilliards.com\/fr\/wp-json\/wp\/v2\/media?parent=106535"}],"wp:term":[{"taxonomy":"product_brand","embeddable":true,"href":"https:\/\/theworldbilliards.com\/fr\/wp-json\/wp\/v2\/product_brand?post=106535"},{"taxonomy":"product_cat","embeddable":true,"href":"https:\/\/theworldbilliards.com\/fr\/wp-json\/wp\/v2\/product_cat?post=106535"},{"taxonomy":"product_tag","embeddable":true,"href":"https:\/\/theworldbilliards.com\/fr\/wp-json\/wp\/v2\/product_tag?post=106535"}],"curies":[{"name":"wp","href":"https:\/\/api.w.org\/{rel}","templated":true}]}}