{"id":107083,"date":"2025-04-23T12:37:30","date_gmt":"2025-04-23T10:37:30","guid":{"rendered":"https:\/\/theworldbilliards.com\/?post_type=product&#038;p=107083"},"modified":"2025-09-17T10:39:52","modified_gmt":"2025-09-17T08:39:52","slug":"baby-foot-exterieur-roberto-sport-joy","status":"publish","type":"product","link":"https:\/\/theworldbilliards.com\/fr\/produit\/baby-foot-exterieur-roberto-sport-joy\/","title":{"rendered":"Baby Foot Ext\u00e9rieur Roberto Sport Joy"},"content":{"rendered":"<p>Con\u00e7u pour ceux qui souhaitent emmener le jeu au-del\u00e0 des murs de leur maison, Joy Outdoor est le baby-foot d&rsquo;entr\u00e9e de gamme, con\u00e7u pour r\u00e9sister aux \u00e9l\u00e9ments et offrir des heures de plaisir en plein air.<\/p>\n<p>Son mobilier est fabriqu\u00e9 en m\u00e9lamine trait\u00e9e, ce qui garantit une excellente r\u00e9sistance au soleil, \u00e0 la pluie et \u00e0 l&rsquo;humidit\u00e9, conservant son int\u00e9grit\u00e9 structurelle m\u00eame apr\u00e8s de longues p\u00e9riodes \u00e0 l&rsquo;ext\u00e9rieur.<\/p>\n<p>Les barres t\u00e9lescopiques triplement chrom\u00e9es de 18 pouces de diam\u00e8tre glissent en douceur et avec pr\u00e9cision, rendant chaque mouvement rapide et engageant.<\/p>\n<p>Le terrain de jeu en verre tremp\u00e9 gris, s\u00e9rigraphi\u00e9 dans un \u00e9l\u00e9gant ton gris, allie une esth\u00e9tique moderne \u00e0 une excellente visibilit\u00e9 pendant le jeu.<\/p>\n<p>Pieds en aluminium anodis\u00e9<\/p>\n<p>Joy Outdoor est le choix id\u00e9al pour ceux qui recherchent un produit abordable mais de haute qualit\u00e9 : fiable, \u00e9l\u00e9gant et fid\u00e8le \u00e0 l&rsquo;esprit du jeu.<\/p>\n<p>Sp\u00e9cifications:<\/p>\n<ul>\n<li>Poids net 56 Kgs.<\/li>\n<li>Terrain de jeu 111cm x 70cm.<\/li>\n<li>Dimensions Emballage 138cm x 80cm x 31cm<\/li>\n<li>Dimensions construites 135cm x 110cm x 90cm.<\/li>\n<\/ul>\n","protected":false},"excerpt":{"rendered":"<p>Con\u00e7u pour ceux qui souhaitent emmener le jeu au-del\u00e0 des murs de leur maison, Joy Outdoor est le baby-foot d&rsquo;entr\u00e9e [&hellip;]<\/p>\n","protected":false},"featured_media":107087,"template":"","meta":{"site-sidebar-layout":"default","site-content-layout":"","ast-site-content-layout":"default","site-content-style":"default","site-sidebar-style":"default","ast-global-header-display":"","ast-banner-title-visibility":"","ast-main-header-display":"","ast-hfb-above-header-display":"","ast-hfb-below-header-display":"","ast-hfb-mobile-header-display":"","site-post-title":"","ast-breadcrumbs-content":"","ast-featured-img":"","footer-sml-layout":"","ast-disable-related-posts":"","theme-transparent-header-meta":"default","adv-header-id-meta":"","stick-header-meta":"","header-above-stick-meta":"","header-main-stick-meta":"","header-below-stick-meta":"","astra-migrate-meta-layouts":"default","ast-page-background-enabled":"default","ast-page-background-meta":{"desktop":{"background-color":"var(--ast-global-color-4)","background-image":"","background-repeat":"repeat","background-position":"center center","background-size":"auto","background-attachment":"scroll","background-type":"","background-media":"","overlay-type":"","overlay-color":"","overlay-opacity":"","overlay-gradient":""},"tablet":{"background-color":"","background-image":"","background-repeat":"repeat","background-position":"center center","background-size":"auto","background-attachment":"scroll","background-type":"","background-media":"","overlay-type":"","overlay-color":"","overlay-opacity":"","overlay-gradient":""},"mobile":{"background-color":"","background-image":"","background-repeat":"repeat","background-position":"center center","background-size":"auto","background-attachment":"scroll","background-type":"","background-media":"","overlay-type":"","overlay-color":"","overlay-opacity":"","overlay-gradient":""}},"ast-content-background-meta":{"desktop":{"background-color":"var(--ast-global-color-5)","background-image":"","background-repeat":"repeat","background-position":"center center","background-size":"auto","background-attachment":"scroll","background-type":"","background-media":"","overlay-type":"","overlay-color":"","overlay-opacity":"","overlay-gradient":""},"tablet":{"background-color":"var(--ast-global-color-5)","background-image":"","background-repeat":"repeat","background-position":"center center","background-size":"auto","background-attachment":"scroll","background-type":"","background-media":"","overlay-type":"","overlay-color":"","overlay-opacity":"","overlay-gradient":""},"mobile":{"background-color":"var(--ast-global-color-5)","background-image":"","background-repeat":"repeat","background-position":"center center","background-size":"auto","background-attachment":"scroll","background-type":"","background-media":"","overlay-type":"","overlay-color":"","overlay-opacity":"","overlay-gradient":""}}},"product_brand":[5226],"product_cat":[1437,3450],"product_tag":[],"class_list":{"0":"post-107083","1":"product","2":"type-product","3":"status-publish","4":"has-post-thumbnail","6":"product_brand-roberto-sport-fr","7":"product_cat-baby-foot-sans-monnayeur","8":"product_cat-jeux-de-exterieur","9":"product_shipping_class-baby-foot","10":"desktop-align-center","11":"tablet-align-left","12":"mobile-align-left","14":"first","15":"instock","16":"taxable","17":"shipping-taxable","18":"purchasable","19":"product-type-simple"},"yoast_head":"<!-- This site is optimized with the Yoast SEO plugin v27.4 - https:\/\/yoast.com\/product\/yoast-seo-wordpress\/ -->\n<title>Acheter Baby Foot Ext\u00e9rieur Roberto Sport Joy - The World Billiards<\/title>\n<meta name=\"description\" content=\"Con\u00e7u pour ceux qui souhaitent emmener le jeu au-del\u00e0 des murs de leur maison, Joy Outdoor est le baby-foot d&#039;entr\u00e9e de gamme, con\u00e7u pour r\u00e9sister aux \u00e9l\u00e9ments et offrir des heures de plaisir en plein air.  Son mobilier est fabriqu\u00e9 en m\u00e9lamine trait\u00e9e, ce qui garantit une excellente r\u00e9sistance au soleil, \u00e0 la pluie et \u00e0 l&#039;humidit\u00e9, conservant son int\u00e9grit\u00e9 structurelle m\u00eame apr\u00e8s de longues p\u00e9riodes \u00e0 l&#039;ext\u00e9rieur.  Les barres t\u00e9lescopiques triplement chrom\u00e9es de 18 pouces de diam\u00e8tre glissent en douceur et avec pr\u00e9cision, rendant chaque mouvement rapide et engageant.  Le terrain de jeu en verre tremp\u00e9 gris, s\u00e9rigraphi\u00e9 dans un \u00e9l\u00e9gant ton gris, allie une esth\u00e9tique moderne \u00e0 une excellente visibilit\u00e9 pendant le jeu.  Pieds en aluminium anodis\u00e9  Joy Outdoor est le choix id\u00e9al pour ceux qui recherchent un produit abordable mais de haute qualit\u00e9 : fiable, \u00e9l\u00e9gant et fid\u00e8le \u00e0 l&#039;esprit du jeu.  Sp\u00e9cifications:   Poids net 56 Kgs.  Terrain de jeu 111cm x 70cm.  Dimensions Emballage 138cm x 80cm x 31cm  Dimensions construites 135cm x 110cm x 90cm.\" \/>\n<meta name=\"robots\" content=\"index, follow, max-snippet:-1, max-image-preview:large, max-video-preview:-1\" \/>\n<link rel=\"canonical\" href=\"https:\/\/theworldbilliards.com\/fr\/produit\/baby-foot-exterieur-roberto-sport-joy\/\" \/>\n<meta property=\"og:locale\" content=\"fr_FR\" \/>\n<meta property=\"og:type\" content=\"article\" \/>\n<meta property=\"og:title\" content=\"Acheter Baby Foot Ext\u00e9rieur Roberto Sport Joy - The World Billiards\" \/>\n<meta property=\"og:description\" content=\"Con\u00e7u pour ceux qui souhaitent emmener le jeu au-del\u00e0 des murs de leur maison, Joy Outdoor est le baby-foot d&#039;entr\u00e9e de gamme, con\u00e7u pour r\u00e9sister aux \u00e9l\u00e9ments et offrir des heures de plaisir en plein air.  Son mobilier est fabriqu\u00e9 en m\u00e9lamine trait\u00e9e, ce qui garantit une excellente r\u00e9sistance au soleil, \u00e0 la pluie et \u00e0 l&#039;humidit\u00e9, conservant son int\u00e9grit\u00e9 structurelle m\u00eame apr\u00e8s de longues p\u00e9riodes \u00e0 l&#039;ext\u00e9rieur.  Les barres t\u00e9lescopiques triplement chrom\u00e9es de 18 pouces de diam\u00e8tre glissent en douceur et avec pr\u00e9cision, rendant chaque mouvement rapide et engageant.  Le terrain de jeu en verre tremp\u00e9 gris, s\u00e9rigraphi\u00e9 dans un \u00e9l\u00e9gant ton gris, allie une esth\u00e9tique moderne \u00e0 une excellente visibilit\u00e9 pendant le jeu.  Pieds en aluminium anodis\u00e9  Joy Outdoor est le choix id\u00e9al pour ceux qui recherchent un produit abordable mais de haute qualit\u00e9 : fiable, \u00e9l\u00e9gant et fid\u00e8le \u00e0 l&#039;esprit du jeu.  Sp\u00e9cifications:   Poids net 56 Kgs.  Terrain de jeu 111cm x 70cm.  Dimensions Emballage 138cm x 80cm x 31cm  Dimensions construites 135cm x 110cm x 90cm.\" \/>\n<meta property=\"og:url\" content=\"https:\/\/theworldbilliards.com\/fr\/produit\/baby-foot-exterieur-roberto-sport-joy\/\" \/>\n<meta property=\"og:site_name\" content=\"The World Billiards\" \/>\n<meta property=\"article:publisher\" content=\"https:\/\/www.facebook.com\/baby.foot.superbes\" \/>\n<meta property=\"article:modified_time\" content=\"2025-09-17T08:39:52+00:00\" \/>\n<meta property=\"og:image\" content=\"https:\/\/theworldbilliards.com\/wp-content\/uploads\/2025\/04\/Joy-Outdoor_Roberto-Sport.webp\" \/>\n\t<meta property=\"og:image:width\" content=\"700\" \/>\n\t<meta property=\"og:image:height\" content=\"700\" \/>\n\t<meta property=\"og:image:type\" content=\"image\/webp\" \/>\n<meta name=\"twitter:card\" content=\"summary_large_image\" \/>\n<script type=\"application\/ld+json\" class=\"yoast-schema-graph\">{\"@context\":\"https:\\\/\\\/schema.org\",\"@graph\":[{\"@type\":\"WebPage\",\"@id\":\"https:\\\/\\\/theworldbilliards.com\\\/fr\\\/produit\\\/baby-foot-exterieur-roberto-sport-joy\\\/\",\"url\":\"https:\\\/\\\/theworldbilliards.com\\\/fr\\\/produit\\\/baby-foot-exterieur-roberto-sport-joy\\\/\",\"name\":\"Acheter Baby Foot Ext\u00e9rieur Roberto Sport Joy - The World Billiards\",\"isPartOf\":{\"@id\":\"https:\\\/\\\/theworldbilliards.com\\\/fr\\\/#website\"},\"primaryImageOfPage\":{\"@id\":\"https:\\\/\\\/theworldbilliards.com\\\/fr\\\/produit\\\/baby-foot-exterieur-roberto-sport-joy\\\/#primaryimage\"},\"image\":{\"@id\":\"https:\\\/\\\/theworldbilliards.com\\\/fr\\\/produit\\\/baby-foot-exterieur-roberto-sport-joy\\\/#primaryimage\"},\"thumbnailUrl\":\"https:\\\/\\\/theworldbilliards.com\\\/wp-content\\\/uploads\\\/2025\\\/04\\\/Joy-Outdoor_Roberto-Sport.webp\",\"datePublished\":\"2025-04-23T10:37:30+00:00\",\"dateModified\":\"2025-09-17T08:39:52+00:00\",\"description\":\"Con\u00e7u pour ceux qui souhaitent emmener le jeu au-del\u00e0 des murs de leur maison, Joy Outdoor est le baby-foot d'entr\u00e9e de gamme, con\u00e7u pour r\u00e9sister aux \u00e9l\u00e9ments et offrir des heures de plaisir en plein air. Son mobilier est fabriqu\u00e9 en m\u00e9lamine trait\u00e9e, ce qui garantit une excellente r\u00e9sistance au soleil, \u00e0 la pluie et \u00e0 l'humidit\u00e9, conservant son int\u00e9grit\u00e9 structurelle m\u00eame apr\u00e8s de longues p\u00e9riodes \u00e0 l'ext\u00e9rieur. Les barres t\u00e9lescopiques triplement chrom\u00e9es de 18 pouces de diam\u00e8tre glissent en douceur et avec pr\u00e9cision, rendant chaque mouvement rapide et engageant. Le terrain de jeu en verre tremp\u00e9 gris, s\u00e9rigraphi\u00e9 dans un \u00e9l\u00e9gant ton gris, allie une esth\u00e9tique moderne \u00e0 une excellente visibilit\u00e9 pendant le jeu. Pieds en aluminium anodis\u00e9 Joy Outdoor est le choix id\u00e9al pour ceux qui recherchent un produit abordable mais de haute qualit\u00e9 : fiable, \u00e9l\u00e9gant et fid\u00e8le \u00e0 l'esprit du jeu. Sp\u00e9cifications: Poids net 56 Kgs. Terrain de jeu 111cm x 70cm. Dimensions Emballage 138cm x 80cm x 31cm Dimensions construites 135cm x 110cm x 90cm.\",\"breadcrumb\":{\"@id\":\"https:\\\/\\\/theworldbilliards.com\\\/fr\\\/produit\\\/baby-foot-exterieur-roberto-sport-joy\\\/#breadcrumb\"},\"inLanguage\":\"fr-FR\",\"potentialAction\":[{\"@type\":\"ReadAction\",\"target\":[\"https:\\\/\\\/theworldbilliards.com\\\/fr\\\/produit\\\/baby-foot-exterieur-roberto-sport-joy\\\/\"]}]},{\"@type\":\"ImageObject\",\"inLanguage\":\"fr-FR\",\"@id\":\"https:\\\/\\\/theworldbilliards.com\\\/fr\\\/produit\\\/baby-foot-exterieur-roberto-sport-joy\\\/#primaryimage\",\"url\":\"https:\\\/\\\/theworldbilliards.com\\\/wp-content\\\/uploads\\\/2025\\\/04\\\/Joy-Outdoor_Roberto-Sport.webp\",\"contentUrl\":\"https:\\\/\\\/theworldbilliards.com\\\/wp-content\\\/uploads\\\/2025\\\/04\\\/Joy-Outdoor_Roberto-Sport.webp\",\"width\":700,\"height\":700},{\"@type\":\"BreadcrumbList\",\"@id\":\"https:\\\/\\\/theworldbilliards.com\\\/fr\\\/produit\\\/baby-foot-exterieur-roberto-sport-joy\\\/#breadcrumb\",\"itemListElement\":[{\"@type\":\"ListItem\",\"position\":1,\"name\":\"In\u00edcio\",\"item\":\"https:\\\/\\\/theworldbilliards.com\\\/fr\\\/\"},{\"@type\":\"ListItem\",\"position\":2,\"name\":\"Boutique en ligne\",\"item\":\"https:\\\/\\\/theworldbilliards.com\\\/fr\\\/boutique-theworldbilliards\\\/\"},{\"@type\":\"ListItem\",\"position\":3,\"name\":\"Baby Foot Ext\u00e9rieur Roberto Sport Joy\"}]},{\"@type\":\"WebSite\",\"@id\":\"https:\\\/\\\/theworldbilliards.com\\\/fr\\\/#website\",\"url\":\"https:\\\/\\\/theworldbilliards.com\\\/fr\\\/\",\"name\":\"TheWorldBilliards\",\"description\":\"Achetez ici billard, baby-foot, ping-pong et bowling\",\"publisher\":{\"@id\":\"https:\\\/\\\/theworldbilliards.com\\\/fr\\\/#organization\"},\"alternateName\":\"The world billiards\",\"potentialAction\":[{\"@type\":\"SearchAction\",\"target\":{\"@type\":\"EntryPoint\",\"urlTemplate\":\"https:\\\/\\\/theworldbilliards.com\\\/fr\\\/?s={search_term_string}\"},\"query-input\":{\"@type\":\"PropertyValueSpecification\",\"valueRequired\":true,\"valueName\":\"search_term_string\"}}],\"inLanguage\":\"fr-FR\"},{\"@type\":\"Organization\",\"@id\":\"https:\\\/\\\/theworldbilliards.com\\\/fr\\\/#organization\",\"name\":\"The World Billiards\",\"alternateName\":\"The World Billiards\",\"url\":\"https:\\\/\\\/theworldbilliards.com\\\/fr\\\/\",\"logo\":{\"@type\":\"ImageObject\",\"inLanguage\":\"fr-FR\",\"@id\":\"https:\\\/\\\/theworldbilliards.com\\\/fr\\\/#\\\/schema\\\/logo\\\/image\\\/\",\"url\":\"\",\"contentUrl\":\"\",\"caption\":\"The World Billiards\"},\"image\":{\"@id\":\"https:\\\/\\\/theworldbilliards.com\\\/fr\\\/#\\\/schema\\\/logo\\\/image\\\/\"},\"sameAs\":[\"https:\\\/\\\/www.facebook.com\\\/baby.foot.superbes\",\"https:\\\/\\\/www.youtube.com\\\/channel\\\/UCIMuOVAaUcH6UpZcsZlH0Tg\",\"https:\\\/\\\/www.facebook.com\\\/people\\\/Brunswick-Billiards-EspaaPortugal\\\/100066446264309\\\/\",\"https:\\\/\\\/www.instagram.com\\\/the_world_billiards\\\/\",\"https:\\\/\\\/www.pinterest.es\\\/Theworldbilliards\\\/\"]}]}<\/script>\n<!-- \/ Yoast SEO plugin. -->","yoast_head_json":{"title":"Acheter Baby Foot Ext\u00e9rieur Roberto Sport Joy - The World Billiards","description":"Con\u00e7u pour ceux qui souhaitent emmener le jeu au-del\u00e0 des murs de leur maison, Joy Outdoor est le baby-foot d'entr\u00e9e de gamme, con\u00e7u pour r\u00e9sister aux \u00e9l\u00e9ments et offrir des heures de plaisir en plein air.  Son mobilier est fabriqu\u00e9 en m\u00e9lamine trait\u00e9e, ce qui garantit une excellente r\u00e9sistance au soleil, \u00e0 la pluie et \u00e0 l'humidit\u00e9, conservant son int\u00e9grit\u00e9 structurelle m\u00eame apr\u00e8s de longues p\u00e9riodes \u00e0 l'ext\u00e9rieur.  Les barres t\u00e9lescopiques triplement chrom\u00e9es de 18 pouces de diam\u00e8tre glissent en douceur et avec pr\u00e9cision, rendant chaque mouvement rapide et engageant.  Le terrain de jeu en verre tremp\u00e9 gris, s\u00e9rigraphi\u00e9 dans un \u00e9l\u00e9gant ton gris, allie une esth\u00e9tique moderne \u00e0 une excellente visibilit\u00e9 pendant le jeu.  Pieds en aluminium anodis\u00e9  Joy Outdoor est le choix id\u00e9al pour ceux qui recherchent un produit abordable mais de haute qualit\u00e9 : fiable, \u00e9l\u00e9gant et fid\u00e8le \u00e0 l'esprit du jeu.  Sp\u00e9cifications:   Poids net 56 Kgs.  Terrain de jeu 111cm x 70cm.  Dimensions Emballage 138cm x 80cm x 31cm  Dimensions construites 135cm x 110cm x 90cm.","robots":{"index":"index","follow":"follow","max-snippet":"max-snippet:-1","max-image-preview":"max-image-preview:large","max-video-preview":"max-video-preview:-1"},"canonical":"https:\/\/theworldbilliards.com\/fr\/produit\/baby-foot-exterieur-roberto-sport-joy\/","og_locale":"fr_FR","og_type":"article","og_title":"Acheter Baby Foot Ext\u00e9rieur Roberto Sport Joy - The World Billiards","og_description":"Con\u00e7u pour ceux qui souhaitent emmener le jeu au-del\u00e0 des murs de leur maison, Joy Outdoor est le baby-foot d'entr\u00e9e de gamme, con\u00e7u pour r\u00e9sister aux \u00e9l\u00e9ments et offrir des heures de plaisir en plein air.  Son mobilier est fabriqu\u00e9 en m\u00e9lamine trait\u00e9e, ce qui garantit une excellente r\u00e9sistance au soleil, \u00e0 la pluie et \u00e0 l'humidit\u00e9, conservant son int\u00e9grit\u00e9 structurelle m\u00eame apr\u00e8s de longues p\u00e9riodes \u00e0 l'ext\u00e9rieur.  Les barres t\u00e9lescopiques triplement chrom\u00e9es de 18 pouces de diam\u00e8tre glissent en douceur et avec pr\u00e9cision, rendant chaque mouvement rapide et engageant.  Le terrain de jeu en verre tremp\u00e9 gris, s\u00e9rigraphi\u00e9 dans un \u00e9l\u00e9gant ton gris, allie une esth\u00e9tique moderne \u00e0 une excellente visibilit\u00e9 pendant le jeu.  Pieds en aluminium anodis\u00e9  Joy Outdoor est le choix id\u00e9al pour ceux qui recherchent un produit abordable mais de haute qualit\u00e9 : fiable, \u00e9l\u00e9gant et fid\u00e8le \u00e0 l'esprit du jeu.  Sp\u00e9cifications:   Poids net 56 Kgs.  Terrain de jeu 111cm x 70cm.  Dimensions Emballage 138cm x 80cm x 31cm  Dimensions construites 135cm x 110cm x 90cm.","og_url":"https:\/\/theworldbilliards.com\/fr\/produit\/baby-foot-exterieur-roberto-sport-joy\/","og_site_name":"The World Billiards","article_publisher":"https:\/\/www.facebook.com\/baby.foot.superbes","article_modified_time":"2025-09-17T08:39:52+00:00","og_image":[{"width":700,"height":700,"url":"https:\/\/theworldbilliards.com\/wp-content\/uploads\/2025\/04\/Joy-Outdoor_Roberto-Sport.webp","type":"image\/webp"}],"twitter_card":"summary_large_image","schema":{"@context":"https:\/\/schema.org","@graph":[{"@type":"WebPage","@id":"https:\/\/theworldbilliards.com\/fr\/produit\/baby-foot-exterieur-roberto-sport-joy\/","url":"https:\/\/theworldbilliards.com\/fr\/produit\/baby-foot-exterieur-roberto-sport-joy\/","name":"Acheter Baby Foot Ext\u00e9rieur Roberto Sport Joy - The World Billiards","isPartOf":{"@id":"https:\/\/theworldbilliards.com\/fr\/#website"},"primaryImageOfPage":{"@id":"https:\/\/theworldbilliards.com\/fr\/produit\/baby-foot-exterieur-roberto-sport-joy\/#primaryimage"},"image":{"@id":"https:\/\/theworldbilliards.com\/fr\/produit\/baby-foot-exterieur-roberto-sport-joy\/#primaryimage"},"thumbnailUrl":"https:\/\/theworldbilliards.com\/wp-content\/uploads\/2025\/04\/Joy-Outdoor_Roberto-Sport.webp","datePublished":"2025-04-23T10:37:30+00:00","dateModified":"2025-09-17T08:39:52+00:00","description":"Con\u00e7u pour ceux qui souhaitent emmener le jeu au-del\u00e0 des murs de leur maison, Joy Outdoor est le baby-foot d'entr\u00e9e de gamme, con\u00e7u pour r\u00e9sister aux \u00e9l\u00e9ments et offrir des heures de plaisir en plein air. Son mobilier est fabriqu\u00e9 en m\u00e9lamine trait\u00e9e, ce qui garantit une excellente r\u00e9sistance au soleil, \u00e0 la pluie et \u00e0 l'humidit\u00e9, conservant son int\u00e9grit\u00e9 structurelle m\u00eame apr\u00e8s de longues p\u00e9riodes \u00e0 l'ext\u00e9rieur. Les barres t\u00e9lescopiques triplement chrom\u00e9es de 18 pouces de diam\u00e8tre glissent en douceur et avec pr\u00e9cision, rendant chaque mouvement rapide et engageant. Le terrain de jeu en verre tremp\u00e9 gris, s\u00e9rigraphi\u00e9 dans un \u00e9l\u00e9gant ton gris, allie une esth\u00e9tique moderne \u00e0 une excellente visibilit\u00e9 pendant le jeu. Pieds en aluminium anodis\u00e9 Joy Outdoor est le choix id\u00e9al pour ceux qui recherchent un produit abordable mais de haute qualit\u00e9 : fiable, \u00e9l\u00e9gant et fid\u00e8le \u00e0 l'esprit du jeu. Sp\u00e9cifications: Poids net 56 Kgs. Terrain de jeu 111cm x 70cm. Dimensions Emballage 138cm x 80cm x 31cm Dimensions construites 135cm x 110cm x 90cm.","breadcrumb":{"@id":"https:\/\/theworldbilliards.com\/fr\/produit\/baby-foot-exterieur-roberto-sport-joy\/#breadcrumb"},"inLanguage":"fr-FR","potentialAction":[{"@type":"ReadAction","target":["https:\/\/theworldbilliards.com\/fr\/produit\/baby-foot-exterieur-roberto-sport-joy\/"]}]},{"@type":"ImageObject","inLanguage":"fr-FR","@id":"https:\/\/theworldbilliards.com\/fr\/produit\/baby-foot-exterieur-roberto-sport-joy\/#primaryimage","url":"https:\/\/theworldbilliards.com\/wp-content\/uploads\/2025\/04\/Joy-Outdoor_Roberto-Sport.webp","contentUrl":"https:\/\/theworldbilliards.com\/wp-content\/uploads\/2025\/04\/Joy-Outdoor_Roberto-Sport.webp","width":700,"height":700},{"@type":"BreadcrumbList","@id":"https:\/\/theworldbilliards.com\/fr\/produit\/baby-foot-exterieur-roberto-sport-joy\/#breadcrumb","itemListElement":[{"@type":"ListItem","position":1,"name":"In\u00edcio","item":"https:\/\/theworldbilliards.com\/fr\/"},{"@type":"ListItem","position":2,"name":"Boutique en ligne","item":"https:\/\/theworldbilliards.com\/fr\/boutique-theworldbilliards\/"},{"@type":"ListItem","position":3,"name":"Baby Foot Ext\u00e9rieur Roberto Sport Joy"}]},{"@type":"WebSite","@id":"https:\/\/theworldbilliards.com\/fr\/#website","url":"https:\/\/theworldbilliards.com\/fr\/","name":"TheWorldBilliards","description":"Achetez ici billard, baby-foot, ping-pong et bowling","publisher":{"@id":"https:\/\/theworldbilliards.com\/fr\/#organization"},"alternateName":"The world billiards","potentialAction":[{"@type":"SearchAction","target":{"@type":"EntryPoint","urlTemplate":"https:\/\/theworldbilliards.com\/fr\/?s={search_term_string}"},"query-input":{"@type":"PropertyValueSpecification","valueRequired":true,"valueName":"search_term_string"}}],"inLanguage":"fr-FR"},{"@type":"Organization","@id":"https:\/\/theworldbilliards.com\/fr\/#organization","name":"The World Billiards","alternateName":"The World Billiards","url":"https:\/\/theworldbilliards.com\/fr\/","logo":{"@type":"ImageObject","inLanguage":"fr-FR","@id":"https:\/\/theworldbilliards.com\/fr\/#\/schema\/logo\/image\/","url":"","contentUrl":"","caption":"The World Billiards"},"image":{"@id":"https:\/\/theworldbilliards.com\/fr\/#\/schema\/logo\/image\/"},"sameAs":["https:\/\/www.facebook.com\/baby.foot.superbes","https:\/\/www.youtube.com\/channel\/UCIMuOVAaUcH6UpZcsZlH0Tg","https:\/\/www.facebook.com\/people\/Brunswick-Billiards-EspaaPortugal\/100066446264309\/","https:\/\/www.instagram.com\/the_world_billiards\/","https:\/\/www.pinterest.es\/Theworldbilliards\/"]}]}},"_links":{"self":[{"href":"https:\/\/theworldbilliards.com\/fr\/wp-json\/wp\/v2\/product\/107083","targetHints":{"allow":["GET"]}}],"collection":[{"href":"https:\/\/theworldbilliards.com\/fr\/wp-json\/wp\/v2\/product"}],"about":[{"href":"https:\/\/theworldbilliards.com\/fr\/wp-json\/wp\/v2\/types\/product"}],"wp:featuredmedia":[{"embeddable":true,"href":"https:\/\/theworldbilliards.com\/fr\/wp-json\/wp\/v2\/media\/107087"}],"wp:attachment":[{"href":"https:\/\/theworldbilliards.com\/fr\/wp-json\/wp\/v2\/media?parent=107083"}],"wp:term":[{"taxonomy":"product_brand","embeddable":true,"href":"https:\/\/theworldbilliards.com\/fr\/wp-json\/wp\/v2\/product_brand?post=107083"},{"taxonomy":"product_cat","embeddable":true,"href":"https:\/\/theworldbilliards.com\/fr\/wp-json\/wp\/v2\/product_cat?post=107083"},{"taxonomy":"product_tag","embeddable":true,"href":"https:\/\/theworldbilliards.com\/fr\/wp-json\/wp\/v2\/product_tag?post=107083"}],"curies":[{"name":"wp","href":"https:\/\/api.w.org\/{rel}","templated":true}]}}