{"id":107216,"date":"2025-04-29T13:12:18","date_gmt":"2025-04-29T11:12:18","guid":{"rendered":"https:\/\/theworldbilliards.com\/?post_type=product&#038;p=107216"},"modified":"2025-05-12T13:37:38","modified_gmt":"2025-05-12T11:37:38","slug":"billard-carom-gabriels-rafale-2-0-284-slate","status":"publish","type":"product","link":"https:\/\/theworldbilliards.com\/fr\/produit\/billard-carom-gabriels-rafale-2-0-284-slate\/","title":{"rendered":"Billard carom Gabriels Rafale 2.0 284 slate"},"content":{"rendered":"<p>\u00c9quip\u00e9 de nos coussins exclusifs Vector BS-CA 394\u00a0: angles plus longs et r\u00e9ponse des rails extr\u00eamement constante.<br \/>\nConstruction du cadre \u00e0 r\u00e9partition des contraintes pour des conditions de jeu plus silencieuses.<br \/>\nDoublure en tissu composite pour un remplacement facile du tissu.<br \/>\nRails repens\u00e9s\u00a0: construction enti\u00e8rement en aluminium, angles de montage modifi\u00e9s, nouveau syst\u00e8me d&rsquo;inserts, r\u00e9sistance aux rayures am\u00e9lior\u00e9e.<br \/>\nNouvelles couleurs, combinaisons infinies.<br \/>\nSyst\u00e8me de chauffage enti\u00e8rement nouveau, r\u00e9actif, enti\u00e8rement isol\u00e9, meilleure r\u00e9partition de la chaleur sur l&rsquo;ensemble du terrain.<br \/>\nDiamants de couleur contrast\u00e9e pour une meilleure visibilit\u00e9.<\/p>\n","protected":false},"excerpt":{"rendered":"<p>\u00c9quip\u00e9 de nos coussins exclusifs Vector BS-CA 394\u00a0: angles plus longs et r\u00e9ponse des rails extr\u00eamement constante. Construction du cadre [&hellip;]<\/p>\n","protected":false},"featured_media":107226,"template":"","meta":{"site-sidebar-layout":"default","site-content-layout":"","ast-site-content-layout":"default","site-content-style":"default","site-sidebar-style":"default","ast-global-header-display":"","ast-banner-title-visibility":"","ast-main-header-display":"","ast-hfb-above-header-display":"","ast-hfb-below-header-display":"","ast-hfb-mobile-header-display":"","site-post-title":"","ast-breadcrumbs-content":"","ast-featured-img":"","footer-sml-layout":"","ast-disable-related-posts":"","theme-transparent-header-meta":"default","adv-header-id-meta":"","stick-header-meta":"","header-above-stick-meta":"","header-main-stick-meta":"","header-below-stick-meta":"","astra-migrate-meta-layouts":"default","ast-page-background-enabled":"default","ast-page-background-meta":{"desktop":{"background-color":"var(--ast-global-color-4)","background-image":"","background-repeat":"repeat","background-position":"center center","background-size":"auto","background-attachment":"scroll","background-type":"","background-media":"","overlay-type":"","overlay-color":"","overlay-opacity":"","overlay-gradient":""},"tablet":{"background-color":"","background-image":"","background-repeat":"repeat","background-position":"center center","background-size":"auto","background-attachment":"scroll","background-type":"","background-media":"","overlay-type":"","overlay-color":"","overlay-opacity":"","overlay-gradient":""},"mobile":{"background-color":"","background-image":"","background-repeat":"repeat","background-position":"center center","background-size":"auto","background-attachment":"scroll","background-type":"","background-media":"","overlay-type":"","overlay-color":"","overlay-opacity":"","overlay-gradient":""}},"ast-content-background-meta":{"desktop":{"background-color":"var(--ast-global-color-5)","background-image":"","background-repeat":"repeat","background-position":"center center","background-size":"auto","background-attachment":"scroll","background-type":"","background-media":"","overlay-type":"","overlay-color":"","overlay-opacity":"","overlay-gradient":""},"tablet":{"background-color":"var(--ast-global-color-5)","background-image":"","background-repeat":"repeat","background-position":"center center","background-size":"auto","background-attachment":"scroll","background-type":"","background-media":"","overlay-type":"","overlay-color":"","overlay-opacity":"","overlay-gradient":""},"mobile":{"background-color":"var(--ast-global-color-5)","background-image":"","background-repeat":"repeat","background-position":"center center","background-size":"auto","background-attachment":"scroll","background-type":"","background-media":"","overlay-type":"","overlay-color":"","overlay-opacity":"","overlay-gradient":""}}},"product_brand":[5272],"product_cat":[5276],"product_tag":[],"class_list":{"0":"post-107216","1":"product","2":"type-product","3":"status-publish","4":"has-post-thumbnail","6":"product_brand-gabriels-fr","7":"product_cat-billards-gabriels","8":"product_shipping_class-grand-billards","9":"desktop-align-center","10":"tablet-align-left","11":"mobile-align-left","13":"first","14":"onbackorder","15":"taxable","16":"shipping-taxable","17":"purchasable","18":"product-type-simple"},"yoast_head":"<!-- This site is optimized with the Yoast SEO plugin v27.4 - https:\/\/yoast.com\/product\/yoast-seo-wordpress\/ -->\n<title>Acheter Billard carom Gabriels Rafale 2.0 284 slate - The World Billiards<\/title>\n<meta name=\"description\" content=\"\u00c9quip\u00e9 de nos coussins exclusifs Vector BS-CA 394\u00a0: angles plus longs et r\u00e9ponse des rails extr\u00eamement constante. Construction du cadre \u00e0 r\u00e9partition des contraintes pour des conditions de jeu plus silencieuses. Doublure en tissu composite pour un remplacement facile du tissu. Rails repens\u00e9s\u00a0: construction enti\u00e8rement en aluminium, angles de montage modifi\u00e9s, nouveau syst\u00e8me d&#039;inserts, r\u00e9sistance aux rayures am\u00e9lior\u00e9e. Nouvelles couleurs, combinaisons infinies. Syst\u00e8me de chauffage enti\u00e8rement nouveau, r\u00e9actif, enti\u00e8rement isol\u00e9, meilleure r\u00e9partition de la chaleur sur l&#039;ensemble du terrain. Diamants de couleur contrast\u00e9e pour une meilleure visibilit\u00e9.\" \/>\n<meta name=\"robots\" content=\"index, follow, max-snippet:-1, max-image-preview:large, max-video-preview:-1\" \/>\n<link rel=\"canonical\" href=\"https:\/\/theworldbilliards.com\/fr\/produit\/billard-carom-gabriels-rafale-2-0-284-slate\/\" \/>\n<meta property=\"og:locale\" content=\"fr_FR\" \/>\n<meta property=\"og:type\" content=\"article\" \/>\n<meta property=\"og:title\" content=\"Acheter Billard carom Gabriels Rafale 2.0 284 slate - The World Billiards\" \/>\n<meta property=\"og:description\" content=\"\u00c9quip\u00e9 de nos coussins exclusifs Vector BS-CA 394\u00a0: angles plus longs et r\u00e9ponse des rails extr\u00eamement constante. Construction du cadre \u00e0 r\u00e9partition des contraintes pour des conditions de jeu plus silencieuses. Doublure en tissu composite pour un remplacement facile du tissu. Rails repens\u00e9s\u00a0: construction enti\u00e8rement en aluminium, angles de montage modifi\u00e9s, nouveau syst\u00e8me d&#039;inserts, r\u00e9sistance aux rayures am\u00e9lior\u00e9e. Nouvelles couleurs, combinaisons infinies. Syst\u00e8me de chauffage enti\u00e8rement nouveau, r\u00e9actif, enti\u00e8rement isol\u00e9, meilleure r\u00e9partition de la chaleur sur l&#039;ensemble du terrain. Diamants de couleur contrast\u00e9e pour une meilleure visibilit\u00e9.\" \/>\n<meta property=\"og:url\" content=\"https:\/\/theworldbilliards.com\/fr\/produit\/billard-carom-gabriels-rafale-2-0-284-slate\/\" \/>\n<meta property=\"og:site_name\" content=\"The World Billiards\" \/>\n<meta property=\"article:publisher\" content=\"https:\/\/www.facebook.com\/baby.foot.superbes\" \/>\n<meta property=\"article:modified_time\" content=\"2025-05-12T11:37:38+00:00\" \/>\n<meta property=\"og:image\" content=\"https:\/\/theworldbilliards.com\/wp-content\/uploads\/2025\/04\/gabriels-rafale-20.webp\" \/>\n\t<meta property=\"og:image:width\" content=\"927\" \/>\n\t<meta property=\"og:image:height\" content=\"924\" \/>\n\t<meta property=\"og:image:type\" content=\"image\/webp\" \/>\n<meta name=\"twitter:card\" content=\"summary_large_image\" \/>\n<script type=\"application\/ld+json\" class=\"yoast-schema-graph\">{\"@context\":\"https:\\\/\\\/schema.org\",\"@graph\":[{\"@type\":\"WebPage\",\"@id\":\"https:\\\/\\\/theworldbilliards.com\\\/fr\\\/produit\\\/billard-carom-gabriels-rafale-2-0-284-slate\\\/\",\"url\":\"https:\\\/\\\/theworldbilliards.com\\\/fr\\\/produit\\\/billard-carom-gabriels-rafale-2-0-284-slate\\\/\",\"name\":\"Acheter Billard carom Gabriels Rafale 2.0 284 slate - The World Billiards\",\"isPartOf\":{\"@id\":\"https:\\\/\\\/theworldbilliards.com\\\/fr\\\/#website\"},\"primaryImageOfPage\":{\"@id\":\"https:\\\/\\\/theworldbilliards.com\\\/fr\\\/produit\\\/billard-carom-gabriels-rafale-2-0-284-slate\\\/#primaryimage\"},\"image\":{\"@id\":\"https:\\\/\\\/theworldbilliards.com\\\/fr\\\/produit\\\/billard-carom-gabriels-rafale-2-0-284-slate\\\/#primaryimage\"},\"thumbnailUrl\":\"https:\\\/\\\/theworldbilliards.com\\\/wp-content\\\/uploads\\\/2025\\\/04\\\/gabriels-rafale-20.webp\",\"datePublished\":\"2025-04-29T11:12:18+00:00\",\"dateModified\":\"2025-05-12T11:37:38+00:00\",\"description\":\"\u00c9quip\u00e9 de nos coussins exclusifs Vector BS-CA 394\u00a0: angles plus longs et r\u00e9ponse des rails extr\u00eamement constante. Construction du cadre \u00e0 r\u00e9partition des contraintes pour des conditions de jeu plus silencieuses. Doublure en tissu composite pour un remplacement facile du tissu. Rails repens\u00e9s\u00a0: construction enti\u00e8rement en aluminium, angles de montage modifi\u00e9s, nouveau syst\u00e8me d'inserts, r\u00e9sistance aux rayures am\u00e9lior\u00e9e. Nouvelles couleurs, combinaisons infinies. Syst\u00e8me de chauffage enti\u00e8rement nouveau, r\u00e9actif, enti\u00e8rement isol\u00e9, meilleure r\u00e9partition de la chaleur sur l'ensemble du terrain. Diamants de couleur contrast\u00e9e pour une meilleure visibilit\u00e9.\",\"breadcrumb\":{\"@id\":\"https:\\\/\\\/theworldbilliards.com\\\/fr\\\/produit\\\/billard-carom-gabriels-rafale-2-0-284-slate\\\/#breadcrumb\"},\"inLanguage\":\"fr-FR\",\"potentialAction\":[{\"@type\":\"ReadAction\",\"target\":[\"https:\\\/\\\/theworldbilliards.com\\\/fr\\\/produit\\\/billard-carom-gabriels-rafale-2-0-284-slate\\\/\"]}]},{\"@type\":\"ImageObject\",\"inLanguage\":\"fr-FR\",\"@id\":\"https:\\\/\\\/theworldbilliards.com\\\/fr\\\/produit\\\/billard-carom-gabriels-rafale-2-0-284-slate\\\/#primaryimage\",\"url\":\"https:\\\/\\\/theworldbilliards.com\\\/wp-content\\\/uploads\\\/2025\\\/04\\\/gabriels-rafale-20.webp\",\"contentUrl\":\"https:\\\/\\\/theworldbilliards.com\\\/wp-content\\\/uploads\\\/2025\\\/04\\\/gabriels-rafale-20.webp\",\"width\":927,\"height\":924},{\"@type\":\"BreadcrumbList\",\"@id\":\"https:\\\/\\\/theworldbilliards.com\\\/fr\\\/produit\\\/billard-carom-gabriels-rafale-2-0-284-slate\\\/#breadcrumb\",\"itemListElement\":[{\"@type\":\"ListItem\",\"position\":1,\"name\":\"In\u00edcio\",\"item\":\"https:\\\/\\\/theworldbilliards.com\\\/fr\\\/\"},{\"@type\":\"ListItem\",\"position\":2,\"name\":\"Boutique en ligne\",\"item\":\"https:\\\/\\\/theworldbilliards.com\\\/fr\\\/boutique-theworldbilliards\\\/\"},{\"@type\":\"ListItem\",\"position\":3,\"name\":\"Billard carom Gabriels Rafale 2.0 284 slate\"}]},{\"@type\":\"WebSite\",\"@id\":\"https:\\\/\\\/theworldbilliards.com\\\/fr\\\/#website\",\"url\":\"https:\\\/\\\/theworldbilliards.com\\\/fr\\\/\",\"name\":\"TheWorldBilliards\",\"description\":\"Achetez ici billard, baby-foot, ping-pong et bowling\",\"publisher\":{\"@id\":\"https:\\\/\\\/theworldbilliards.com\\\/fr\\\/#organization\"},\"alternateName\":\"The world billiards\",\"potentialAction\":[{\"@type\":\"SearchAction\",\"target\":{\"@type\":\"EntryPoint\",\"urlTemplate\":\"https:\\\/\\\/theworldbilliards.com\\\/fr\\\/?s={search_term_string}\"},\"query-input\":{\"@type\":\"PropertyValueSpecification\",\"valueRequired\":true,\"valueName\":\"search_term_string\"}}],\"inLanguage\":\"fr-FR\"},{\"@type\":\"Organization\",\"@id\":\"https:\\\/\\\/theworldbilliards.com\\\/fr\\\/#organization\",\"name\":\"The World Billiards\",\"alternateName\":\"The World Billiards\",\"url\":\"https:\\\/\\\/theworldbilliards.com\\\/fr\\\/\",\"logo\":{\"@type\":\"ImageObject\",\"inLanguage\":\"fr-FR\",\"@id\":\"https:\\\/\\\/theworldbilliards.com\\\/fr\\\/#\\\/schema\\\/logo\\\/image\\\/\",\"url\":\"\",\"contentUrl\":\"\",\"caption\":\"The World Billiards\"},\"image\":{\"@id\":\"https:\\\/\\\/theworldbilliards.com\\\/fr\\\/#\\\/schema\\\/logo\\\/image\\\/\"},\"sameAs\":[\"https:\\\/\\\/www.facebook.com\\\/baby.foot.superbes\",\"https:\\\/\\\/www.youtube.com\\\/channel\\\/UCIMuOVAaUcH6UpZcsZlH0Tg\",\"https:\\\/\\\/www.facebook.com\\\/people\\\/Brunswick-Billiards-EspaaPortugal\\\/100066446264309\\\/\",\"https:\\\/\\\/www.instagram.com\\\/the_world_billiards\\\/\",\"https:\\\/\\\/www.pinterest.es\\\/Theworldbilliards\\\/\"]}]}<\/script>\n<!-- \/ Yoast SEO plugin. -->","yoast_head_json":{"title":"Acheter Billard carom Gabriels Rafale 2.0 284 slate - The World Billiards","description":"\u00c9quip\u00e9 de nos coussins exclusifs Vector BS-CA 394\u00a0: angles plus longs et r\u00e9ponse des rails extr\u00eamement constante. Construction du cadre \u00e0 r\u00e9partition des contraintes pour des conditions de jeu plus silencieuses. Doublure en tissu composite pour un remplacement facile du tissu. Rails repens\u00e9s\u00a0: construction enti\u00e8rement en aluminium, angles de montage modifi\u00e9s, nouveau syst\u00e8me d'inserts, r\u00e9sistance aux rayures am\u00e9lior\u00e9e. Nouvelles couleurs, combinaisons infinies. Syst\u00e8me de chauffage enti\u00e8rement nouveau, r\u00e9actif, enti\u00e8rement isol\u00e9, meilleure r\u00e9partition de la chaleur sur l'ensemble du terrain. Diamants de couleur contrast\u00e9e pour une meilleure visibilit\u00e9.","robots":{"index":"index","follow":"follow","max-snippet":"max-snippet:-1","max-image-preview":"max-image-preview:large","max-video-preview":"max-video-preview:-1"},"canonical":"https:\/\/theworldbilliards.com\/fr\/produit\/billard-carom-gabriels-rafale-2-0-284-slate\/","og_locale":"fr_FR","og_type":"article","og_title":"Acheter Billard carom Gabriels Rafale 2.0 284 slate - The World Billiards","og_description":"\u00c9quip\u00e9 de nos coussins exclusifs Vector BS-CA 394\u00a0: angles plus longs et r\u00e9ponse des rails extr\u00eamement constante. Construction du cadre \u00e0 r\u00e9partition des contraintes pour des conditions de jeu plus silencieuses. Doublure en tissu composite pour un remplacement facile du tissu. Rails repens\u00e9s\u00a0: construction enti\u00e8rement en aluminium, angles de montage modifi\u00e9s, nouveau syst\u00e8me d'inserts, r\u00e9sistance aux rayures am\u00e9lior\u00e9e. Nouvelles couleurs, combinaisons infinies. Syst\u00e8me de chauffage enti\u00e8rement nouveau, r\u00e9actif, enti\u00e8rement isol\u00e9, meilleure r\u00e9partition de la chaleur sur l'ensemble du terrain. Diamants de couleur contrast\u00e9e pour une meilleure visibilit\u00e9.","og_url":"https:\/\/theworldbilliards.com\/fr\/produit\/billard-carom-gabriels-rafale-2-0-284-slate\/","og_site_name":"The World Billiards","article_publisher":"https:\/\/www.facebook.com\/baby.foot.superbes","article_modified_time":"2025-05-12T11:37:38+00:00","og_image":[{"width":927,"height":924,"url":"https:\/\/theworldbilliards.com\/wp-content\/uploads\/2025\/04\/gabriels-rafale-20.webp","type":"image\/webp"}],"twitter_card":"summary_large_image","schema":{"@context":"https:\/\/schema.org","@graph":[{"@type":"WebPage","@id":"https:\/\/theworldbilliards.com\/fr\/produit\/billard-carom-gabriels-rafale-2-0-284-slate\/","url":"https:\/\/theworldbilliards.com\/fr\/produit\/billard-carom-gabriels-rafale-2-0-284-slate\/","name":"Acheter Billard carom Gabriels Rafale 2.0 284 slate - The World Billiards","isPartOf":{"@id":"https:\/\/theworldbilliards.com\/fr\/#website"},"primaryImageOfPage":{"@id":"https:\/\/theworldbilliards.com\/fr\/produit\/billard-carom-gabriels-rafale-2-0-284-slate\/#primaryimage"},"image":{"@id":"https:\/\/theworldbilliards.com\/fr\/produit\/billard-carom-gabriels-rafale-2-0-284-slate\/#primaryimage"},"thumbnailUrl":"https:\/\/theworldbilliards.com\/wp-content\/uploads\/2025\/04\/gabriels-rafale-20.webp","datePublished":"2025-04-29T11:12:18+00:00","dateModified":"2025-05-12T11:37:38+00:00","description":"\u00c9quip\u00e9 de nos coussins exclusifs Vector BS-CA 394\u00a0: angles plus longs et r\u00e9ponse des rails extr\u00eamement constante. Construction du cadre \u00e0 r\u00e9partition des contraintes pour des conditions de jeu plus silencieuses. Doublure en tissu composite pour un remplacement facile du tissu. Rails repens\u00e9s\u00a0: construction enti\u00e8rement en aluminium, angles de montage modifi\u00e9s, nouveau syst\u00e8me d'inserts, r\u00e9sistance aux rayures am\u00e9lior\u00e9e. Nouvelles couleurs, combinaisons infinies. Syst\u00e8me de chauffage enti\u00e8rement nouveau, r\u00e9actif, enti\u00e8rement isol\u00e9, meilleure r\u00e9partition de la chaleur sur l'ensemble du terrain. Diamants de couleur contrast\u00e9e pour une meilleure visibilit\u00e9.","breadcrumb":{"@id":"https:\/\/theworldbilliards.com\/fr\/produit\/billard-carom-gabriels-rafale-2-0-284-slate\/#breadcrumb"},"inLanguage":"fr-FR","potentialAction":[{"@type":"ReadAction","target":["https:\/\/theworldbilliards.com\/fr\/produit\/billard-carom-gabriels-rafale-2-0-284-slate\/"]}]},{"@type":"ImageObject","inLanguage":"fr-FR","@id":"https:\/\/theworldbilliards.com\/fr\/produit\/billard-carom-gabriels-rafale-2-0-284-slate\/#primaryimage","url":"https:\/\/theworldbilliards.com\/wp-content\/uploads\/2025\/04\/gabriels-rafale-20.webp","contentUrl":"https:\/\/theworldbilliards.com\/wp-content\/uploads\/2025\/04\/gabriels-rafale-20.webp","width":927,"height":924},{"@type":"BreadcrumbList","@id":"https:\/\/theworldbilliards.com\/fr\/produit\/billard-carom-gabriels-rafale-2-0-284-slate\/#breadcrumb","itemListElement":[{"@type":"ListItem","position":1,"name":"In\u00edcio","item":"https:\/\/theworldbilliards.com\/fr\/"},{"@type":"ListItem","position":2,"name":"Boutique en ligne","item":"https:\/\/theworldbilliards.com\/fr\/boutique-theworldbilliards\/"},{"@type":"ListItem","position":3,"name":"Billard carom Gabriels Rafale 2.0 284 slate"}]},{"@type":"WebSite","@id":"https:\/\/theworldbilliards.com\/fr\/#website","url":"https:\/\/theworldbilliards.com\/fr\/","name":"TheWorldBilliards","description":"Achetez ici billard, baby-foot, ping-pong et bowling","publisher":{"@id":"https:\/\/theworldbilliards.com\/fr\/#organization"},"alternateName":"The world billiards","potentialAction":[{"@type":"SearchAction","target":{"@type":"EntryPoint","urlTemplate":"https:\/\/theworldbilliards.com\/fr\/?s={search_term_string}"},"query-input":{"@type":"PropertyValueSpecification","valueRequired":true,"valueName":"search_term_string"}}],"inLanguage":"fr-FR"},{"@type":"Organization","@id":"https:\/\/theworldbilliards.com\/fr\/#organization","name":"The World Billiards","alternateName":"The World Billiards","url":"https:\/\/theworldbilliards.com\/fr\/","logo":{"@type":"ImageObject","inLanguage":"fr-FR","@id":"https:\/\/theworldbilliards.com\/fr\/#\/schema\/logo\/image\/","url":"","contentUrl":"","caption":"The World Billiards"},"image":{"@id":"https:\/\/theworldbilliards.com\/fr\/#\/schema\/logo\/image\/"},"sameAs":["https:\/\/www.facebook.com\/baby.foot.superbes","https:\/\/www.youtube.com\/channel\/UCIMuOVAaUcH6UpZcsZlH0Tg","https:\/\/www.facebook.com\/people\/Brunswick-Billiards-EspaaPortugal\/100066446264309\/","https:\/\/www.instagram.com\/the_world_billiards\/","https:\/\/www.pinterest.es\/Theworldbilliards\/"]}]}},"_links":{"self":[{"href":"https:\/\/theworldbilliards.com\/fr\/wp-json\/wp\/v2\/product\/107216","targetHints":{"allow":["GET"]}}],"collection":[{"href":"https:\/\/theworldbilliards.com\/fr\/wp-json\/wp\/v2\/product"}],"about":[{"href":"https:\/\/theworldbilliards.com\/fr\/wp-json\/wp\/v2\/types\/product"}],"wp:featuredmedia":[{"embeddable":true,"href":"https:\/\/theworldbilliards.com\/fr\/wp-json\/wp\/v2\/media\/107226"}],"wp:attachment":[{"href":"https:\/\/theworldbilliards.com\/fr\/wp-json\/wp\/v2\/media?parent=107216"}],"wp:term":[{"taxonomy":"product_brand","embeddable":true,"href":"https:\/\/theworldbilliards.com\/fr\/wp-json\/wp\/v2\/product_brand?post=107216"},{"taxonomy":"product_cat","embeddable":true,"href":"https:\/\/theworldbilliards.com\/fr\/wp-json\/wp\/v2\/product_cat?post=107216"},{"taxonomy":"product_tag","embeddable":true,"href":"https:\/\/theworldbilliards.com\/fr\/wp-json\/wp\/v2\/product_tag?post=107216"}],"curies":[{"name":"wp","href":"https:\/\/api.w.org\/{rel}","templated":true}]}}