{"id":107318,"date":"2025-05-15T11:00:18","date_gmt":"2025-05-15T09:00:18","guid":{"rendered":"https:\/\/theworldbilliards.com\/?post_type=product&#038;p=107318"},"modified":"2026-03-26T12:49:20","modified_gmt":"2026-03-26T11:49:20","slug":"billard-pool-gabriels-gryffon-9ft","status":"publish","type":"product","link":"https:\/\/theworldbilliards.com\/fr\/produit\/billard-pool-gabriels-gryffon-9ft\/","title":{"rendered":"Billard pool Gabriels Gryffon 9ft"},"content":{"rendered":"<p>Socle en pierre massif de 70 mm d&rsquo;\u00e9paisseur, \u00e9quip\u00e9 de 5 niveleurs int\u00e9gr\u00e9s.<br \/>\n4 pieds en acier de 5 mm d&rsquo;\u00e9paisseur, boulonn\u00e9s au socle. Les pieds sont rev\u00eatus d&rsquo;un mat\u00e9riau insonorisant.<br \/>\nStructure en acier robuste avec 6 traverses, chacune \u00e9quip\u00e9e de stabilisateurs soud\u00e9s et de 26 niveleurs. Les niveleurs sont frais\u00e9s pour faciliter l&rsquo;installation des ardoises.<br \/>\nArdoise de 30 mm d&rsquo;\u00e9paisseur en 3 parties.<br \/>\nLes rails sont en aluminium T6, d&rsquo;\u00e9paisseurs surdimensionn\u00e9es, pour une excellente stabilit\u00e9 et un support id\u00e9al des patins en caoutchouc. Les connexions rail-ardoise s&rsquo;adaptent \u00e0 diff\u00e9rents sch\u00e9mas de per\u00e7age.<br \/>\nPatins en caoutchouc Vector P59, les meilleurs patins disponibles actuellement. Excellent rebond, pr\u00e9cision de jeu et r\u00e9gularit\u00e9 de jeu optimale.<br \/>\nRev\u00eatements en toile plastique et bande de fixation composite pour une installation propre de la toile.<br \/>\nLes c\u00e9l\u00e8bres doublures de poche \u00ab\u00a0Gabriels\u00a0\u00bb b\u00e9n\u00e9ficient d&rsquo;une garantie de 6\u00a0ans, m\u00eame en exploitation commerciale. Elles sont \u00e9quip\u00e9es de goujons en aluminium pour une installation facile.<br \/>\nLes paniers \u00e0 ballons sont fabriqu\u00e9s en nylon tiss\u00e9 de haute qualit\u00e9 et b\u00e9n\u00e9ficient d&rsquo;un rev\u00eatement isolant pour r\u00e9duire le bruit lors de la chute des ballons. Ils sont fix\u00e9s par boulons aux rails en aluminium.<br \/>\nLes coins de rail et de tablier sont moul\u00e9s et offrent une excellente r\u00e9sistance \u00e0 l&rsquo;usure.<\/p>\n","protected":false},"excerpt":{"rendered":"<p>Socle en pierre massif de 70 mm d&rsquo;\u00e9paisseur, \u00e9quip\u00e9 de 5 niveleurs int\u00e9gr\u00e9s. 4 pieds en acier de 5 mm [&hellip;]<\/p>\n","protected":false},"featured_media":107322,"template":"","meta":{"site-sidebar-layout":"default","site-content-layout":"","ast-site-content-layout":"default","site-content-style":"default","site-sidebar-style":"default","ast-global-header-display":"","ast-banner-title-visibility":"","ast-main-header-display":"","ast-hfb-above-header-display":"","ast-hfb-below-header-display":"","ast-hfb-mobile-header-display":"","site-post-title":"","ast-breadcrumbs-content":"","ast-featured-img":"","footer-sml-layout":"","ast-disable-related-posts":"","theme-transparent-header-meta":"default","adv-header-id-meta":"","stick-header-meta":"","header-above-stick-meta":"","header-main-stick-meta":"","header-below-stick-meta":"","astra-migrate-meta-layouts":"default","ast-page-background-enabled":"default","ast-page-background-meta":{"desktop":{"background-color":"var(--ast-global-color-4)","background-image":"","background-repeat":"repeat","background-position":"center center","background-size":"auto","background-attachment":"scroll","background-type":"","background-media":"","overlay-type":"","overlay-color":"","overlay-opacity":"","overlay-gradient":""},"tablet":{"background-color":"","background-image":"","background-repeat":"repeat","background-position":"center center","background-size":"auto","background-attachment":"scroll","background-type":"","background-media":"","overlay-type":"","overlay-color":"","overlay-opacity":"","overlay-gradient":""},"mobile":{"background-color":"","background-image":"","background-repeat":"repeat","background-position":"center center","background-size":"auto","background-attachment":"scroll","background-type":"","background-media":"","overlay-type":"","overlay-color":"","overlay-opacity":"","overlay-gradient":""}},"ast-content-background-meta":{"desktop":{"background-color":"var(--ast-global-color-5)","background-image":"","background-repeat":"repeat","background-position":"center center","background-size":"auto","background-attachment":"scroll","background-type":"","background-media":"","overlay-type":"","overlay-color":"","overlay-opacity":"","overlay-gradient":""},"tablet":{"background-color":"var(--ast-global-color-5)","background-image":"","background-repeat":"repeat","background-position":"center center","background-size":"auto","background-attachment":"scroll","background-type":"","background-media":"","overlay-type":"","overlay-color":"","overlay-opacity":"","overlay-gradient":""},"mobile":{"background-color":"var(--ast-global-color-5)","background-image":"","background-repeat":"repeat","background-position":"center center","background-size":"auto","background-attachment":"scroll","background-type":"","background-media":"","overlay-type":"","overlay-color":"","overlay-opacity":"","overlay-gradient":""}}},"product_brand":[5272],"product_cat":[5276],"product_tag":[],"class_list":{"0":"post-107318","1":"product","2":"type-product","3":"status-publish","4":"has-post-thumbnail","6":"product_brand-gabriels-fr","7":"product_cat-billards-gabriels","8":"product_shipping_class-billards-9ft","9":"desktop-align-center","10":"tablet-align-left","11":"mobile-align-left","13":"first","14":"onbackorder","15":"taxable","16":"shipping-taxable","17":"purchasable","18":"product-type-simple"},"yoast_head":"<!-- This site is optimized with the Yoast SEO plugin v27.4 - https:\/\/yoast.com\/product\/yoast-seo-wordpress\/ -->\n<title>Acheter Billard pool Gabriels Gryffon 9ft - The World Billiards<\/title>\n<meta name=\"description\" content=\"Socle en pierre massif de 70 mm d&#039;\u00e9paisseur, \u00e9quip\u00e9 de 5 niveleurs int\u00e9gr\u00e9s. 4 pieds en acier de 5 mm d&#039;\u00e9paisseur, boulonn\u00e9s au socle. Les pieds sont rev\u00eatus d&#039;un mat\u00e9riau insonorisant. Structure en acier robuste avec 6 traverses, chacune \u00e9quip\u00e9e de stabilisateurs soud\u00e9s et de 26 niveleurs. Les niveleurs sont frais\u00e9s pour faciliter l&#039;installation des ardoises. Ardoise de 30 mm d&#039;\u00e9paisseur en 3 parties. Les rails sont en aluminium T6, d&#039;\u00e9paisseurs surdimensionn\u00e9es, pour une excellente stabilit\u00e9 et un support id\u00e9al des patins en caoutchouc. Les connexions rail-ardoise s&#039;adaptent \u00e0 diff\u00e9rents sch\u00e9mas de per\u00e7age. Patins en caoutchouc Vector P59, les meilleurs patins disponibles actuellement. Excellent rebond, pr\u00e9cision de jeu et r\u00e9gularit\u00e9 de jeu optimale. Rev\u00eatements en toile plastique et bande de fixation composite pour une installation propre de la toile. Les c\u00e9l\u00e8bres doublures de poche \u00ab\u00a0Gabriels\u00a0\u00bb b\u00e9n\u00e9ficient d&#039;une garantie de 6\u00a0ans, m\u00eame en exploitation commerciale. Elles sont \u00e9quip\u00e9es de goujons en aluminium pour une installation facile. Les paniers \u00e0 ballons sont fabriqu\u00e9s en nylon tiss\u00e9 de haute qualit\u00e9 et b\u00e9n\u00e9ficient d&#039;un rev\u00eatement isolant pour r\u00e9duire le bruit lors de la chute des ballons. Ils sont fix\u00e9s par boulons aux rails en aluminium. Les coins de rail et de tablier sont moul\u00e9s et offrent une excellente r\u00e9sistance \u00e0 l&#039;usure.\" \/>\n<meta name=\"robots\" content=\"index, follow, max-snippet:-1, max-image-preview:large, max-video-preview:-1\" \/>\n<link rel=\"canonical\" href=\"https:\/\/theworldbilliards.com\/fr\/produit\/billard-pool-gabriels-gryffon-9ft\/\" \/>\n<meta property=\"og:locale\" content=\"fr_FR\" \/>\n<meta property=\"og:type\" content=\"article\" \/>\n<meta property=\"og:title\" content=\"Acheter Billard pool Gabriels Gryffon 9ft - The World Billiards\" \/>\n<meta property=\"og:description\" content=\"Socle en pierre massif de 70 mm d&#039;\u00e9paisseur, \u00e9quip\u00e9 de 5 niveleurs int\u00e9gr\u00e9s. 4 pieds en acier de 5 mm d&#039;\u00e9paisseur, boulonn\u00e9s au socle. Les pieds sont rev\u00eatus d&#039;un mat\u00e9riau insonorisant. Structure en acier robuste avec 6 traverses, chacune \u00e9quip\u00e9e de stabilisateurs soud\u00e9s et de 26 niveleurs. Les niveleurs sont frais\u00e9s pour faciliter l&#039;installation des ardoises. Ardoise de 30 mm d&#039;\u00e9paisseur en 3 parties. Les rails sont en aluminium T6, d&#039;\u00e9paisseurs surdimensionn\u00e9es, pour une excellente stabilit\u00e9 et un support id\u00e9al des patins en caoutchouc. Les connexions rail-ardoise s&#039;adaptent \u00e0 diff\u00e9rents sch\u00e9mas de per\u00e7age. Patins en caoutchouc Vector P59, les meilleurs patins disponibles actuellement. Excellent rebond, pr\u00e9cision de jeu et r\u00e9gularit\u00e9 de jeu optimale. Rev\u00eatements en toile plastique et bande de fixation composite pour une installation propre de la toile. Les c\u00e9l\u00e8bres doublures de poche \u00ab\u00a0Gabriels\u00a0\u00bb b\u00e9n\u00e9ficient d&#039;une garantie de 6\u00a0ans, m\u00eame en exploitation commerciale. Elles sont \u00e9quip\u00e9es de goujons en aluminium pour une installation facile. Les paniers \u00e0 ballons sont fabriqu\u00e9s en nylon tiss\u00e9 de haute qualit\u00e9 et b\u00e9n\u00e9ficient d&#039;un rev\u00eatement isolant pour r\u00e9duire le bruit lors de la chute des ballons. Ils sont fix\u00e9s par boulons aux rails en aluminium. Les coins de rail et de tablier sont moul\u00e9s et offrent une excellente r\u00e9sistance \u00e0 l&#039;usure.\" \/>\n<meta property=\"og:url\" content=\"https:\/\/theworldbilliards.com\/fr\/produit\/billard-pool-gabriels-gryffon-9ft\/\" \/>\n<meta property=\"og:site_name\" content=\"The World Billiards\" \/>\n<meta property=\"article:publisher\" content=\"https:\/\/www.facebook.com\/baby.foot.superbes\" \/>\n<meta property=\"article:modified_time\" content=\"2026-03-26T11:49:20+00:00\" \/>\n<meta property=\"og:image\" content=\"https:\/\/theworldbilliards.com\/wp-content\/uploads\/2025\/05\/gabriels-gryffon-9ft-1.webp\" \/>\n\t<meta property=\"og:image:width\" content=\"1200\" \/>\n\t<meta property=\"og:image:height\" content=\"1201\" \/>\n\t<meta property=\"og:image:type\" content=\"image\/webp\" \/>\n<meta name=\"twitter:card\" content=\"summary_large_image\" \/>\n<script type=\"application\/ld+json\" class=\"yoast-schema-graph\">{\"@context\":\"https:\\\/\\\/schema.org\",\"@graph\":[{\"@type\":\"WebPage\",\"@id\":\"https:\\\/\\\/theworldbilliards.com\\\/fr\\\/produit\\\/billard-pool-gabriels-gryffon-9ft\\\/\",\"url\":\"https:\\\/\\\/theworldbilliards.com\\\/fr\\\/produit\\\/billard-pool-gabriels-gryffon-9ft\\\/\",\"name\":\"Acheter Billard pool Gabriels Gryffon 9ft - The World Billiards\",\"isPartOf\":{\"@id\":\"https:\\\/\\\/theworldbilliards.com\\\/fr\\\/#website\"},\"primaryImageOfPage\":{\"@id\":\"https:\\\/\\\/theworldbilliards.com\\\/fr\\\/produit\\\/billard-pool-gabriels-gryffon-9ft\\\/#primaryimage\"},\"image\":{\"@id\":\"https:\\\/\\\/theworldbilliards.com\\\/fr\\\/produit\\\/billard-pool-gabriels-gryffon-9ft\\\/#primaryimage\"},\"thumbnailUrl\":\"https:\\\/\\\/theworldbilliards.com\\\/wp-content\\\/uploads\\\/2025\\\/05\\\/gabriels-gryffon-9ft-1.webp\",\"datePublished\":\"2025-05-15T09:00:18+00:00\",\"dateModified\":\"2026-03-26T11:49:20+00:00\",\"description\":\"Socle en pierre massif de 70 mm d'\u00e9paisseur, \u00e9quip\u00e9 de 5 niveleurs int\u00e9gr\u00e9s. 4 pieds en acier de 5 mm d'\u00e9paisseur, boulonn\u00e9s au socle. Les pieds sont rev\u00eatus d'un mat\u00e9riau insonorisant. Structure en acier robuste avec 6 traverses, chacune \u00e9quip\u00e9e de stabilisateurs soud\u00e9s et de 26 niveleurs. Les niveleurs sont frais\u00e9s pour faciliter l'installation des ardoises. Ardoise de 30 mm d'\u00e9paisseur en 3 parties. Les rails sont en aluminium T6, d'\u00e9paisseurs surdimensionn\u00e9es, pour une excellente stabilit\u00e9 et un support id\u00e9al des patins en caoutchouc. Les connexions rail-ardoise s'adaptent \u00e0 diff\u00e9rents sch\u00e9mas de per\u00e7age. Patins en caoutchouc Vector P59, les meilleurs patins disponibles actuellement. Excellent rebond, pr\u00e9cision de jeu et r\u00e9gularit\u00e9 de jeu optimale. Rev\u00eatements en toile plastique et bande de fixation composite pour une installation propre de la toile. Les c\u00e9l\u00e8bres doublures de poche \u00ab\u00a0Gabriels\u00a0\u00bb b\u00e9n\u00e9ficient d'une garantie de 6\u00a0ans, m\u00eame en exploitation commerciale. Elles sont \u00e9quip\u00e9es de goujons en aluminium pour une installation facile. Les paniers \u00e0 ballons sont fabriqu\u00e9s en nylon tiss\u00e9 de haute qualit\u00e9 et b\u00e9n\u00e9ficient d'un rev\u00eatement isolant pour r\u00e9duire le bruit lors de la chute des ballons. Ils sont fix\u00e9s par boulons aux rails en aluminium. Les coins de rail et de tablier sont moul\u00e9s et offrent une excellente r\u00e9sistance \u00e0 l'usure.\",\"breadcrumb\":{\"@id\":\"https:\\\/\\\/theworldbilliards.com\\\/fr\\\/produit\\\/billard-pool-gabriels-gryffon-9ft\\\/#breadcrumb\"},\"inLanguage\":\"fr-FR\",\"potentialAction\":[{\"@type\":\"ReadAction\",\"target\":[\"https:\\\/\\\/theworldbilliards.com\\\/fr\\\/produit\\\/billard-pool-gabriels-gryffon-9ft\\\/\"]}]},{\"@type\":\"ImageObject\",\"inLanguage\":\"fr-FR\",\"@id\":\"https:\\\/\\\/theworldbilliards.com\\\/fr\\\/produit\\\/billard-pool-gabriels-gryffon-9ft\\\/#primaryimage\",\"url\":\"https:\\\/\\\/theworldbilliards.com\\\/wp-content\\\/uploads\\\/2025\\\/05\\\/gabriels-gryffon-9ft-1.webp\",\"contentUrl\":\"https:\\\/\\\/theworldbilliards.com\\\/wp-content\\\/uploads\\\/2025\\\/05\\\/gabriels-gryffon-9ft-1.webp\",\"width\":1200,\"height\":1201},{\"@type\":\"BreadcrumbList\",\"@id\":\"https:\\\/\\\/theworldbilliards.com\\\/fr\\\/produit\\\/billard-pool-gabriels-gryffon-9ft\\\/#breadcrumb\",\"itemListElement\":[{\"@type\":\"ListItem\",\"position\":1,\"name\":\"In\u00edcio\",\"item\":\"https:\\\/\\\/theworldbilliards.com\\\/fr\\\/\"},{\"@type\":\"ListItem\",\"position\":2,\"name\":\"Boutique en ligne\",\"item\":\"https:\\\/\\\/theworldbilliards.com\\\/fr\\\/boutique-theworldbilliards\\\/\"},{\"@type\":\"ListItem\",\"position\":3,\"name\":\"Billard pool Gabriels Gryffon 9ft\"}]},{\"@type\":\"WebSite\",\"@id\":\"https:\\\/\\\/theworldbilliards.com\\\/fr\\\/#website\",\"url\":\"https:\\\/\\\/theworldbilliards.com\\\/fr\\\/\",\"name\":\"TheWorldBilliards\",\"description\":\"Achetez ici billard, baby-foot, ping-pong et bowling\",\"publisher\":{\"@id\":\"https:\\\/\\\/theworldbilliards.com\\\/fr\\\/#organization\"},\"alternateName\":\"The world billiards\",\"potentialAction\":[{\"@type\":\"SearchAction\",\"target\":{\"@type\":\"EntryPoint\",\"urlTemplate\":\"https:\\\/\\\/theworldbilliards.com\\\/fr\\\/?s={search_term_string}\"},\"query-input\":{\"@type\":\"PropertyValueSpecification\",\"valueRequired\":true,\"valueName\":\"search_term_string\"}}],\"inLanguage\":\"fr-FR\"},{\"@type\":\"Organization\",\"@id\":\"https:\\\/\\\/theworldbilliards.com\\\/fr\\\/#organization\",\"name\":\"The World Billiards\",\"alternateName\":\"The World Billiards\",\"url\":\"https:\\\/\\\/theworldbilliards.com\\\/fr\\\/\",\"logo\":{\"@type\":\"ImageObject\",\"inLanguage\":\"fr-FR\",\"@id\":\"https:\\\/\\\/theworldbilliards.com\\\/fr\\\/#\\\/schema\\\/logo\\\/image\\\/\",\"url\":\"\",\"contentUrl\":\"\",\"caption\":\"The World Billiards\"},\"image\":{\"@id\":\"https:\\\/\\\/theworldbilliards.com\\\/fr\\\/#\\\/schema\\\/logo\\\/image\\\/\"},\"sameAs\":[\"https:\\\/\\\/www.facebook.com\\\/baby.foot.superbes\",\"https:\\\/\\\/www.youtube.com\\\/channel\\\/UCIMuOVAaUcH6UpZcsZlH0Tg\",\"https:\\\/\\\/www.facebook.com\\\/people\\\/Brunswick-Billiards-EspaaPortugal\\\/100066446264309\\\/\",\"https:\\\/\\\/www.instagram.com\\\/the_world_billiards\\\/\",\"https:\\\/\\\/www.pinterest.es\\\/Theworldbilliards\\\/\"]}]}<\/script>\n<!-- \/ Yoast SEO plugin. -->","yoast_head_json":{"title":"Acheter Billard pool Gabriels Gryffon 9ft - The World Billiards","description":"Socle en pierre massif de 70 mm d'\u00e9paisseur, \u00e9quip\u00e9 de 5 niveleurs int\u00e9gr\u00e9s. 4 pieds en acier de 5 mm d'\u00e9paisseur, boulonn\u00e9s au socle. Les pieds sont rev\u00eatus d'un mat\u00e9riau insonorisant. Structure en acier robuste avec 6 traverses, chacune \u00e9quip\u00e9e de stabilisateurs soud\u00e9s et de 26 niveleurs. Les niveleurs sont frais\u00e9s pour faciliter l'installation des ardoises. Ardoise de 30 mm d'\u00e9paisseur en 3 parties. Les rails sont en aluminium T6, d'\u00e9paisseurs surdimensionn\u00e9es, pour une excellente stabilit\u00e9 et un support id\u00e9al des patins en caoutchouc. Les connexions rail-ardoise s'adaptent \u00e0 diff\u00e9rents sch\u00e9mas de per\u00e7age. Patins en caoutchouc Vector P59, les meilleurs patins disponibles actuellement. Excellent rebond, pr\u00e9cision de jeu et r\u00e9gularit\u00e9 de jeu optimale. Rev\u00eatements en toile plastique et bande de fixation composite pour une installation propre de la toile. Les c\u00e9l\u00e8bres doublures de poche \u00ab\u00a0Gabriels\u00a0\u00bb b\u00e9n\u00e9ficient d'une garantie de 6\u00a0ans, m\u00eame en exploitation commerciale. Elles sont \u00e9quip\u00e9es de goujons en aluminium pour une installation facile. Les paniers \u00e0 ballons sont fabriqu\u00e9s en nylon tiss\u00e9 de haute qualit\u00e9 et b\u00e9n\u00e9ficient d'un rev\u00eatement isolant pour r\u00e9duire le bruit lors de la chute des ballons. Ils sont fix\u00e9s par boulons aux rails en aluminium. Les coins de rail et de tablier sont moul\u00e9s et offrent une excellente r\u00e9sistance \u00e0 l'usure.","robots":{"index":"index","follow":"follow","max-snippet":"max-snippet:-1","max-image-preview":"max-image-preview:large","max-video-preview":"max-video-preview:-1"},"canonical":"https:\/\/theworldbilliards.com\/fr\/produit\/billard-pool-gabriels-gryffon-9ft\/","og_locale":"fr_FR","og_type":"article","og_title":"Acheter Billard pool Gabriels Gryffon 9ft - The World Billiards","og_description":"Socle en pierre massif de 70 mm d'\u00e9paisseur, \u00e9quip\u00e9 de 5 niveleurs int\u00e9gr\u00e9s. 4 pieds en acier de 5 mm d'\u00e9paisseur, boulonn\u00e9s au socle. Les pieds sont rev\u00eatus d'un mat\u00e9riau insonorisant. Structure en acier robuste avec 6 traverses, chacune \u00e9quip\u00e9e de stabilisateurs soud\u00e9s et de 26 niveleurs. Les niveleurs sont frais\u00e9s pour faciliter l'installation des ardoises. Ardoise de 30 mm d'\u00e9paisseur en 3 parties. Les rails sont en aluminium T6, d'\u00e9paisseurs surdimensionn\u00e9es, pour une excellente stabilit\u00e9 et un support id\u00e9al des patins en caoutchouc. Les connexions rail-ardoise s'adaptent \u00e0 diff\u00e9rents sch\u00e9mas de per\u00e7age. Patins en caoutchouc Vector P59, les meilleurs patins disponibles actuellement. Excellent rebond, pr\u00e9cision de jeu et r\u00e9gularit\u00e9 de jeu optimale. Rev\u00eatements en toile plastique et bande de fixation composite pour une installation propre de la toile. Les c\u00e9l\u00e8bres doublures de poche \u00ab\u00a0Gabriels\u00a0\u00bb b\u00e9n\u00e9ficient d'une garantie de 6\u00a0ans, m\u00eame en exploitation commerciale. Elles sont \u00e9quip\u00e9es de goujons en aluminium pour une installation facile. Les paniers \u00e0 ballons sont fabriqu\u00e9s en nylon tiss\u00e9 de haute qualit\u00e9 et b\u00e9n\u00e9ficient d'un rev\u00eatement isolant pour r\u00e9duire le bruit lors de la chute des ballons. Ils sont fix\u00e9s par boulons aux rails en aluminium. Les coins de rail et de tablier sont moul\u00e9s et offrent une excellente r\u00e9sistance \u00e0 l'usure.","og_url":"https:\/\/theworldbilliards.com\/fr\/produit\/billard-pool-gabriels-gryffon-9ft\/","og_site_name":"The World Billiards","article_publisher":"https:\/\/www.facebook.com\/baby.foot.superbes","article_modified_time":"2026-03-26T11:49:20+00:00","og_image":[{"width":1200,"height":1201,"url":"https:\/\/theworldbilliards.com\/wp-content\/uploads\/2025\/05\/gabriels-gryffon-9ft-1.webp","type":"image\/webp"}],"twitter_card":"summary_large_image","schema":{"@context":"https:\/\/schema.org","@graph":[{"@type":"WebPage","@id":"https:\/\/theworldbilliards.com\/fr\/produit\/billard-pool-gabriels-gryffon-9ft\/","url":"https:\/\/theworldbilliards.com\/fr\/produit\/billard-pool-gabriels-gryffon-9ft\/","name":"Acheter Billard pool Gabriels Gryffon 9ft - The World Billiards","isPartOf":{"@id":"https:\/\/theworldbilliards.com\/fr\/#website"},"primaryImageOfPage":{"@id":"https:\/\/theworldbilliards.com\/fr\/produit\/billard-pool-gabriels-gryffon-9ft\/#primaryimage"},"image":{"@id":"https:\/\/theworldbilliards.com\/fr\/produit\/billard-pool-gabriels-gryffon-9ft\/#primaryimage"},"thumbnailUrl":"https:\/\/theworldbilliards.com\/wp-content\/uploads\/2025\/05\/gabriels-gryffon-9ft-1.webp","datePublished":"2025-05-15T09:00:18+00:00","dateModified":"2026-03-26T11:49:20+00:00","description":"Socle en pierre massif de 70 mm d'\u00e9paisseur, \u00e9quip\u00e9 de 5 niveleurs int\u00e9gr\u00e9s. 4 pieds en acier de 5 mm d'\u00e9paisseur, boulonn\u00e9s au socle. Les pieds sont rev\u00eatus d'un mat\u00e9riau insonorisant. Structure en acier robuste avec 6 traverses, chacune \u00e9quip\u00e9e de stabilisateurs soud\u00e9s et de 26 niveleurs. Les niveleurs sont frais\u00e9s pour faciliter l'installation des ardoises. Ardoise de 30 mm d'\u00e9paisseur en 3 parties. Les rails sont en aluminium T6, d'\u00e9paisseurs surdimensionn\u00e9es, pour une excellente stabilit\u00e9 et un support id\u00e9al des patins en caoutchouc. Les connexions rail-ardoise s'adaptent \u00e0 diff\u00e9rents sch\u00e9mas de per\u00e7age. Patins en caoutchouc Vector P59, les meilleurs patins disponibles actuellement. Excellent rebond, pr\u00e9cision de jeu et r\u00e9gularit\u00e9 de jeu optimale. Rev\u00eatements en toile plastique et bande de fixation composite pour une installation propre de la toile. Les c\u00e9l\u00e8bres doublures de poche \u00ab\u00a0Gabriels\u00a0\u00bb b\u00e9n\u00e9ficient d'une garantie de 6\u00a0ans, m\u00eame en exploitation commerciale. Elles sont \u00e9quip\u00e9es de goujons en aluminium pour une installation facile. Les paniers \u00e0 ballons sont fabriqu\u00e9s en nylon tiss\u00e9 de haute qualit\u00e9 et b\u00e9n\u00e9ficient d'un rev\u00eatement isolant pour r\u00e9duire le bruit lors de la chute des ballons. Ils sont fix\u00e9s par boulons aux rails en aluminium. Les coins de rail et de tablier sont moul\u00e9s et offrent une excellente r\u00e9sistance \u00e0 l'usure.","breadcrumb":{"@id":"https:\/\/theworldbilliards.com\/fr\/produit\/billard-pool-gabriels-gryffon-9ft\/#breadcrumb"},"inLanguage":"fr-FR","potentialAction":[{"@type":"ReadAction","target":["https:\/\/theworldbilliards.com\/fr\/produit\/billard-pool-gabriels-gryffon-9ft\/"]}]},{"@type":"ImageObject","inLanguage":"fr-FR","@id":"https:\/\/theworldbilliards.com\/fr\/produit\/billard-pool-gabriels-gryffon-9ft\/#primaryimage","url":"https:\/\/theworldbilliards.com\/wp-content\/uploads\/2025\/05\/gabriels-gryffon-9ft-1.webp","contentUrl":"https:\/\/theworldbilliards.com\/wp-content\/uploads\/2025\/05\/gabriels-gryffon-9ft-1.webp","width":1200,"height":1201},{"@type":"BreadcrumbList","@id":"https:\/\/theworldbilliards.com\/fr\/produit\/billard-pool-gabriels-gryffon-9ft\/#breadcrumb","itemListElement":[{"@type":"ListItem","position":1,"name":"In\u00edcio","item":"https:\/\/theworldbilliards.com\/fr\/"},{"@type":"ListItem","position":2,"name":"Boutique en ligne","item":"https:\/\/theworldbilliards.com\/fr\/boutique-theworldbilliards\/"},{"@type":"ListItem","position":3,"name":"Billard pool Gabriels Gryffon 9ft"}]},{"@type":"WebSite","@id":"https:\/\/theworldbilliards.com\/fr\/#website","url":"https:\/\/theworldbilliards.com\/fr\/","name":"TheWorldBilliards","description":"Achetez ici billard, baby-foot, ping-pong et bowling","publisher":{"@id":"https:\/\/theworldbilliards.com\/fr\/#organization"},"alternateName":"The world billiards","potentialAction":[{"@type":"SearchAction","target":{"@type":"EntryPoint","urlTemplate":"https:\/\/theworldbilliards.com\/fr\/?s={search_term_string}"},"query-input":{"@type":"PropertyValueSpecification","valueRequired":true,"valueName":"search_term_string"}}],"inLanguage":"fr-FR"},{"@type":"Organization","@id":"https:\/\/theworldbilliards.com\/fr\/#organization","name":"The World Billiards","alternateName":"The World Billiards","url":"https:\/\/theworldbilliards.com\/fr\/","logo":{"@type":"ImageObject","inLanguage":"fr-FR","@id":"https:\/\/theworldbilliards.com\/fr\/#\/schema\/logo\/image\/","url":"","contentUrl":"","caption":"The World Billiards"},"image":{"@id":"https:\/\/theworldbilliards.com\/fr\/#\/schema\/logo\/image\/"},"sameAs":["https:\/\/www.facebook.com\/baby.foot.superbes","https:\/\/www.youtube.com\/channel\/UCIMuOVAaUcH6UpZcsZlH0Tg","https:\/\/www.facebook.com\/people\/Brunswick-Billiards-EspaaPortugal\/100066446264309\/","https:\/\/www.instagram.com\/the_world_billiards\/","https:\/\/www.pinterest.es\/Theworldbilliards\/"]}]}},"_links":{"self":[{"href":"https:\/\/theworldbilliards.com\/fr\/wp-json\/wp\/v2\/product\/107318","targetHints":{"allow":["GET"]}}],"collection":[{"href":"https:\/\/theworldbilliards.com\/fr\/wp-json\/wp\/v2\/product"}],"about":[{"href":"https:\/\/theworldbilliards.com\/fr\/wp-json\/wp\/v2\/types\/product"}],"wp:featuredmedia":[{"embeddable":true,"href":"https:\/\/theworldbilliards.com\/fr\/wp-json\/wp\/v2\/media\/107322"}],"wp:attachment":[{"href":"https:\/\/theworldbilliards.com\/fr\/wp-json\/wp\/v2\/media?parent=107318"}],"wp:term":[{"taxonomy":"product_brand","embeddable":true,"href":"https:\/\/theworldbilliards.com\/fr\/wp-json\/wp\/v2\/product_brand?post=107318"},{"taxonomy":"product_cat","embeddable":true,"href":"https:\/\/theworldbilliards.com\/fr\/wp-json\/wp\/v2\/product_cat?post=107318"},{"taxonomy":"product_tag","embeddable":true,"href":"https:\/\/theworldbilliards.com\/fr\/wp-json\/wp\/v2\/product_tag?post=107318"}],"curies":[{"name":"wp","href":"https:\/\/api.w.org\/{rel}","templated":true}]}}