{"id":107330,"date":"2025-05-15T13:16:12","date_gmt":"2025-05-15T11:16:12","guid":{"rendered":"https:\/\/theworldbilliards.com\/?post_type=product&#038;p=107330"},"modified":"2025-05-15T13:26:31","modified_gmt":"2025-05-15T11:26:31","slug":"pied-valley-pour-billard","status":"publish","type":"product","link":"https:\/\/theworldbilliards.com\/fr\/produit\/pied-valley-pour-billard\/","title":{"rendered":"Pied Valley pour billard"},"content":{"rendered":"<p>Pied Valley \u00e0 4 boulons, noir \u00e0 profil plat. Introduit pour la ZD-7, il s&rsquo;adapte \u00e0 la plupart des tables Valley \u00e0 4 boulons, ainsi qu&rsquo;aux tables plus anciennes, moyennant quelques modifications.<\/p>\n<p>Le pied arrondi en forme de D a \u00e9t\u00e9 abandonn\u00e9 en 2000\u00a0; ce pied pr\u00e9sente toutefois le m\u00eame sch\u00e9ma de per\u00e7age.<\/p>\n<p>Niveleur de pied et boulons disponibles s\u00e9par\u00e9ment.<\/p>\n","protected":false},"excerpt":{"rendered":"<p>Pied Valley \u00e0 4 boulons, noir \u00e0 profil plat. Introduit pour la ZD-7, il s&rsquo;adapte \u00e0 la plupart des tables [&hellip;]<\/p>\n","protected":false},"featured_media":107334,"template":"","meta":{"site-sidebar-layout":"default","site-content-layout":"","ast-site-content-layout":"default","site-content-style":"default","site-sidebar-style":"default","ast-global-header-display":"","ast-banner-title-visibility":"","ast-main-header-display":"","ast-hfb-above-header-display":"","ast-hfb-below-header-display":"","ast-hfb-mobile-header-display":"","site-post-title":"","ast-breadcrumbs-content":"","ast-featured-img":"","footer-sml-layout":"","ast-disable-related-posts":"","theme-transparent-header-meta":"default","adv-header-id-meta":"","stick-header-meta":"","header-above-stick-meta":"","header-main-stick-meta":"","header-below-stick-meta":"","astra-migrate-meta-layouts":"default","ast-page-background-enabled":"default","ast-page-background-meta":{"desktop":{"background-color":"var(--ast-global-color-4)","background-image":"","background-repeat":"repeat","background-position":"center center","background-size":"auto","background-attachment":"scroll","background-type":"","background-media":"","overlay-type":"","overlay-color":"","overlay-opacity":"","overlay-gradient":""},"tablet":{"background-color":"","background-image":"","background-repeat":"repeat","background-position":"center center","background-size":"auto","background-attachment":"scroll","background-type":"","background-media":"","overlay-type":"","overlay-color":"","overlay-opacity":"","overlay-gradient":""},"mobile":{"background-color":"","background-image":"","background-repeat":"repeat","background-position":"center center","background-size":"auto","background-attachment":"scroll","background-type":"","background-media":"","overlay-type":"","overlay-color":"","overlay-opacity":"","overlay-gradient":""}},"ast-content-background-meta":{"desktop":{"background-color":"var(--ast-global-color-5)","background-image":"","background-repeat":"repeat","background-position":"center center","background-size":"auto","background-attachment":"scroll","background-type":"","background-media":"","overlay-type":"","overlay-color":"","overlay-opacity":"","overlay-gradient":""},"tablet":{"background-color":"var(--ast-global-color-5)","background-image":"","background-repeat":"repeat","background-position":"center center","background-size":"auto","background-attachment":"scroll","background-type":"","background-media":"","overlay-type":"","overlay-color":"","overlay-opacity":"","overlay-gradient":""},"mobile":{"background-color":"var(--ast-global-color-5)","background-image":"","background-repeat":"repeat","background-position":"center center","background-size":"auto","background-attachment":"scroll","background-type":"","background-media":"","overlay-type":"","overlay-color":"","overlay-opacity":"","overlay-gradient":""}}},"product_brand":[5202],"product_cat":[3565],"product_tag":[],"class_list":{"0":"post-107330","1":"product","2":"type-product","3":"status-publish","4":"has-post-thumbnail","6":"product_brand-valley-dynamo-fr","7":"product_cat-accessoire-billard-valley-dynamo","8":"product_shipping_class-accessoires","9":"desktop-align-center","10":"tablet-align-left","11":"mobile-align-left","13":"first","14":"instock","15":"taxable","16":"shipping-taxable","17":"purchasable","18":"product-type-simple"},"yoast_head":"<!-- This site is optimized with the Yoast SEO plugin v27.4 - https:\/\/yoast.com\/product\/yoast-seo-wordpress\/ -->\n<title>Acheter Pied Valley pour billard - The World Billiards<\/title>\n<meta name=\"description\" content=\"Pied Valley \u00e0 4 boulons, noir \u00e0 profil plat. Introduit pour la ZD-7, il s&#039;adapte \u00e0 la plupart des tables Valley \u00e0 4 boulons, ainsi qu&#039;aux tables plus anciennes, moyennant quelques modifications.  Le pied arrondi en forme de D a \u00e9t\u00e9 abandonn\u00e9 en 2000\u00a0; ce pied pr\u00e9sente toutefois le m\u00eame sch\u00e9ma de per\u00e7age.  Niveleur de pied et boulons disponibles s\u00e9par\u00e9ment.\" \/>\n<meta name=\"robots\" content=\"index, follow, max-snippet:-1, max-image-preview:large, max-video-preview:-1\" \/>\n<link rel=\"canonical\" href=\"https:\/\/theworldbilliards.com\/fr\/produit\/pied-valley-pour-billard\/\" \/>\n<meta property=\"og:locale\" content=\"fr_FR\" \/>\n<meta property=\"og:type\" content=\"article\" \/>\n<meta property=\"og:title\" content=\"Acheter Pied Valley pour billard - The World Billiards\" \/>\n<meta property=\"og:description\" content=\"Pied Valley \u00e0 4 boulons, noir \u00e0 profil plat. Introduit pour la ZD-7, il s&#039;adapte \u00e0 la plupart des tables Valley \u00e0 4 boulons, ainsi qu&#039;aux tables plus anciennes, moyennant quelques modifications.  Le pied arrondi en forme de D a \u00e9t\u00e9 abandonn\u00e9 en 2000\u00a0; ce pied pr\u00e9sente toutefois le m\u00eame sch\u00e9ma de per\u00e7age.  Niveleur de pied et boulons disponibles s\u00e9par\u00e9ment.\" \/>\n<meta property=\"og:url\" content=\"https:\/\/theworldbilliards.com\/fr\/produit\/pied-valley-pour-billard\/\" \/>\n<meta property=\"og:site_name\" content=\"The World Billiards\" \/>\n<meta property=\"article:publisher\" content=\"https:\/\/www.facebook.com\/baby.foot.superbes\" \/>\n<meta property=\"article:modified_time\" content=\"2025-05-15T11:26:31+00:00\" \/>\n<meta property=\"og:image\" content=\"https:\/\/theworldbilliards.com\/wp-content\/uploads\/2025\/05\/Pata-Valley.jpg\" \/>\n\t<meta property=\"og:image:width\" content=\"498\" \/>\n\t<meta property=\"og:image:height\" content=\"500\" \/>\n\t<meta property=\"og:image:type\" content=\"image\/jpeg\" \/>\n<meta name=\"twitter:card\" content=\"summary_large_image\" \/>\n<script type=\"application\/ld+json\" class=\"yoast-schema-graph\">{\"@context\":\"https:\\\/\\\/schema.org\",\"@graph\":[{\"@type\":\"WebPage\",\"@id\":\"https:\\\/\\\/theworldbilliards.com\\\/fr\\\/produit\\\/pied-valley-pour-billard\\\/\",\"url\":\"https:\\\/\\\/theworldbilliards.com\\\/fr\\\/produit\\\/pied-valley-pour-billard\\\/\",\"name\":\"Acheter Pied Valley pour billard - The World Billiards\",\"isPartOf\":{\"@id\":\"https:\\\/\\\/theworldbilliards.com\\\/fr\\\/#website\"},\"primaryImageOfPage\":{\"@id\":\"https:\\\/\\\/theworldbilliards.com\\\/fr\\\/produit\\\/pied-valley-pour-billard\\\/#primaryimage\"},\"image\":{\"@id\":\"https:\\\/\\\/theworldbilliards.com\\\/fr\\\/produit\\\/pied-valley-pour-billard\\\/#primaryimage\"},\"thumbnailUrl\":\"https:\\\/\\\/theworldbilliards.com\\\/wp-content\\\/uploads\\\/2025\\\/05\\\/Pata-Valley.jpg\",\"datePublished\":\"2025-05-15T11:16:12+00:00\",\"dateModified\":\"2025-05-15T11:26:31+00:00\",\"description\":\"Pied Valley \u00e0 4 boulons, noir \u00e0 profil plat. Introduit pour la ZD-7, il s'adapte \u00e0 la plupart des tables Valley \u00e0 4 boulons, ainsi qu'aux tables plus anciennes, moyennant quelques modifications. Le pied arrondi en forme de D a \u00e9t\u00e9 abandonn\u00e9 en 2000\u00a0; ce pied pr\u00e9sente toutefois le m\u00eame sch\u00e9ma de per\u00e7age. Niveleur de pied et boulons disponibles s\u00e9par\u00e9ment.\",\"breadcrumb\":{\"@id\":\"https:\\\/\\\/theworldbilliards.com\\\/fr\\\/produit\\\/pied-valley-pour-billard\\\/#breadcrumb\"},\"inLanguage\":\"fr-FR\",\"potentialAction\":[{\"@type\":\"ReadAction\",\"target\":[\"https:\\\/\\\/theworldbilliards.com\\\/fr\\\/produit\\\/pied-valley-pour-billard\\\/\"]}]},{\"@type\":\"ImageObject\",\"inLanguage\":\"fr-FR\",\"@id\":\"https:\\\/\\\/theworldbilliards.com\\\/fr\\\/produit\\\/pied-valley-pour-billard\\\/#primaryimage\",\"url\":\"https:\\\/\\\/theworldbilliards.com\\\/wp-content\\\/uploads\\\/2025\\\/05\\\/Pata-Valley.jpg\",\"contentUrl\":\"https:\\\/\\\/theworldbilliards.com\\\/wp-content\\\/uploads\\\/2025\\\/05\\\/Pata-Valley.jpg\",\"width\":498,\"height\":500},{\"@type\":\"BreadcrumbList\",\"@id\":\"https:\\\/\\\/theworldbilliards.com\\\/fr\\\/produit\\\/pied-valley-pour-billard\\\/#breadcrumb\",\"itemListElement\":[{\"@type\":\"ListItem\",\"position\":1,\"name\":\"In\u00edcio\",\"item\":\"https:\\\/\\\/theworldbilliards.com\\\/fr\\\/\"},{\"@type\":\"ListItem\",\"position\":2,\"name\":\"Boutique en ligne\",\"item\":\"https:\\\/\\\/theworldbilliards.com\\\/fr\\\/boutique-theworldbilliards\\\/\"},{\"@type\":\"ListItem\",\"position\":3,\"name\":\"Pied Valley pour billard\"}]},{\"@type\":\"WebSite\",\"@id\":\"https:\\\/\\\/theworldbilliards.com\\\/fr\\\/#website\",\"url\":\"https:\\\/\\\/theworldbilliards.com\\\/fr\\\/\",\"name\":\"TheWorldBilliards\",\"description\":\"Achetez ici billard, baby-foot, ping-pong et bowling\",\"publisher\":{\"@id\":\"https:\\\/\\\/theworldbilliards.com\\\/fr\\\/#organization\"},\"alternateName\":\"The world billiards\",\"potentialAction\":[{\"@type\":\"SearchAction\",\"target\":{\"@type\":\"EntryPoint\",\"urlTemplate\":\"https:\\\/\\\/theworldbilliards.com\\\/fr\\\/?s={search_term_string}\"},\"query-input\":{\"@type\":\"PropertyValueSpecification\",\"valueRequired\":true,\"valueName\":\"search_term_string\"}}],\"inLanguage\":\"fr-FR\"},{\"@type\":\"Organization\",\"@id\":\"https:\\\/\\\/theworldbilliards.com\\\/fr\\\/#organization\",\"name\":\"The World Billiards\",\"alternateName\":\"The World Billiards\",\"url\":\"https:\\\/\\\/theworldbilliards.com\\\/fr\\\/\",\"logo\":{\"@type\":\"ImageObject\",\"inLanguage\":\"fr-FR\",\"@id\":\"https:\\\/\\\/theworldbilliards.com\\\/fr\\\/#\\\/schema\\\/logo\\\/image\\\/\",\"url\":\"\",\"contentUrl\":\"\",\"caption\":\"The World Billiards\"},\"image\":{\"@id\":\"https:\\\/\\\/theworldbilliards.com\\\/fr\\\/#\\\/schema\\\/logo\\\/image\\\/\"},\"sameAs\":[\"https:\\\/\\\/www.facebook.com\\\/baby.foot.superbes\",\"https:\\\/\\\/www.youtube.com\\\/channel\\\/UCIMuOVAaUcH6UpZcsZlH0Tg\",\"https:\\\/\\\/www.facebook.com\\\/people\\\/Brunswick-Billiards-EspaaPortugal\\\/100066446264309\\\/\",\"https:\\\/\\\/www.instagram.com\\\/the_world_billiards\\\/\",\"https:\\\/\\\/www.pinterest.es\\\/Theworldbilliards\\\/\"]}]}<\/script>\n<!-- \/ Yoast SEO plugin. -->","yoast_head_json":{"title":"Acheter Pied Valley pour billard - The World Billiards","description":"Pied Valley \u00e0 4 boulons, noir \u00e0 profil plat. Introduit pour la ZD-7, il s'adapte \u00e0 la plupart des tables Valley \u00e0 4 boulons, ainsi qu'aux tables plus anciennes, moyennant quelques modifications.  Le pied arrondi en forme de D a \u00e9t\u00e9 abandonn\u00e9 en 2000\u00a0; ce pied pr\u00e9sente toutefois le m\u00eame sch\u00e9ma de per\u00e7age.  Niveleur de pied et boulons disponibles s\u00e9par\u00e9ment.","robots":{"index":"index","follow":"follow","max-snippet":"max-snippet:-1","max-image-preview":"max-image-preview:large","max-video-preview":"max-video-preview:-1"},"canonical":"https:\/\/theworldbilliards.com\/fr\/produit\/pied-valley-pour-billard\/","og_locale":"fr_FR","og_type":"article","og_title":"Acheter Pied Valley pour billard - The World Billiards","og_description":"Pied Valley \u00e0 4 boulons, noir \u00e0 profil plat. Introduit pour la ZD-7, il s'adapte \u00e0 la plupart des tables Valley \u00e0 4 boulons, ainsi qu'aux tables plus anciennes, moyennant quelques modifications.  Le pied arrondi en forme de D a \u00e9t\u00e9 abandonn\u00e9 en 2000\u00a0; ce pied pr\u00e9sente toutefois le m\u00eame sch\u00e9ma de per\u00e7age.  Niveleur de pied et boulons disponibles s\u00e9par\u00e9ment.","og_url":"https:\/\/theworldbilliards.com\/fr\/produit\/pied-valley-pour-billard\/","og_site_name":"The World Billiards","article_publisher":"https:\/\/www.facebook.com\/baby.foot.superbes","article_modified_time":"2025-05-15T11:26:31+00:00","og_image":[{"width":498,"height":500,"url":"https:\/\/theworldbilliards.com\/wp-content\/uploads\/2025\/05\/Pata-Valley.jpg","type":"image\/jpeg"}],"twitter_card":"summary_large_image","schema":{"@context":"https:\/\/schema.org","@graph":[{"@type":"WebPage","@id":"https:\/\/theworldbilliards.com\/fr\/produit\/pied-valley-pour-billard\/","url":"https:\/\/theworldbilliards.com\/fr\/produit\/pied-valley-pour-billard\/","name":"Acheter Pied Valley pour billard - The World Billiards","isPartOf":{"@id":"https:\/\/theworldbilliards.com\/fr\/#website"},"primaryImageOfPage":{"@id":"https:\/\/theworldbilliards.com\/fr\/produit\/pied-valley-pour-billard\/#primaryimage"},"image":{"@id":"https:\/\/theworldbilliards.com\/fr\/produit\/pied-valley-pour-billard\/#primaryimage"},"thumbnailUrl":"https:\/\/theworldbilliards.com\/wp-content\/uploads\/2025\/05\/Pata-Valley.jpg","datePublished":"2025-05-15T11:16:12+00:00","dateModified":"2025-05-15T11:26:31+00:00","description":"Pied Valley \u00e0 4 boulons, noir \u00e0 profil plat. Introduit pour la ZD-7, il s'adapte \u00e0 la plupart des tables Valley \u00e0 4 boulons, ainsi qu'aux tables plus anciennes, moyennant quelques modifications. Le pied arrondi en forme de D a \u00e9t\u00e9 abandonn\u00e9 en 2000\u00a0; ce pied pr\u00e9sente toutefois le m\u00eame sch\u00e9ma de per\u00e7age. Niveleur de pied et boulons disponibles s\u00e9par\u00e9ment.","breadcrumb":{"@id":"https:\/\/theworldbilliards.com\/fr\/produit\/pied-valley-pour-billard\/#breadcrumb"},"inLanguage":"fr-FR","potentialAction":[{"@type":"ReadAction","target":["https:\/\/theworldbilliards.com\/fr\/produit\/pied-valley-pour-billard\/"]}]},{"@type":"ImageObject","inLanguage":"fr-FR","@id":"https:\/\/theworldbilliards.com\/fr\/produit\/pied-valley-pour-billard\/#primaryimage","url":"https:\/\/theworldbilliards.com\/wp-content\/uploads\/2025\/05\/Pata-Valley.jpg","contentUrl":"https:\/\/theworldbilliards.com\/wp-content\/uploads\/2025\/05\/Pata-Valley.jpg","width":498,"height":500},{"@type":"BreadcrumbList","@id":"https:\/\/theworldbilliards.com\/fr\/produit\/pied-valley-pour-billard\/#breadcrumb","itemListElement":[{"@type":"ListItem","position":1,"name":"In\u00edcio","item":"https:\/\/theworldbilliards.com\/fr\/"},{"@type":"ListItem","position":2,"name":"Boutique en ligne","item":"https:\/\/theworldbilliards.com\/fr\/boutique-theworldbilliards\/"},{"@type":"ListItem","position":3,"name":"Pied Valley pour billard"}]},{"@type":"WebSite","@id":"https:\/\/theworldbilliards.com\/fr\/#website","url":"https:\/\/theworldbilliards.com\/fr\/","name":"TheWorldBilliards","description":"Achetez ici billard, baby-foot, ping-pong et bowling","publisher":{"@id":"https:\/\/theworldbilliards.com\/fr\/#organization"},"alternateName":"The world billiards","potentialAction":[{"@type":"SearchAction","target":{"@type":"EntryPoint","urlTemplate":"https:\/\/theworldbilliards.com\/fr\/?s={search_term_string}"},"query-input":{"@type":"PropertyValueSpecification","valueRequired":true,"valueName":"search_term_string"}}],"inLanguage":"fr-FR"},{"@type":"Organization","@id":"https:\/\/theworldbilliards.com\/fr\/#organization","name":"The World Billiards","alternateName":"The World Billiards","url":"https:\/\/theworldbilliards.com\/fr\/","logo":{"@type":"ImageObject","inLanguage":"fr-FR","@id":"https:\/\/theworldbilliards.com\/fr\/#\/schema\/logo\/image\/","url":"","contentUrl":"","caption":"The World Billiards"},"image":{"@id":"https:\/\/theworldbilliards.com\/fr\/#\/schema\/logo\/image\/"},"sameAs":["https:\/\/www.facebook.com\/baby.foot.superbes","https:\/\/www.youtube.com\/channel\/UCIMuOVAaUcH6UpZcsZlH0Tg","https:\/\/www.facebook.com\/people\/Brunswick-Billiards-EspaaPortugal\/100066446264309\/","https:\/\/www.instagram.com\/the_world_billiards\/","https:\/\/www.pinterest.es\/Theworldbilliards\/"]}]}},"_links":{"self":[{"href":"https:\/\/theworldbilliards.com\/fr\/wp-json\/wp\/v2\/product\/107330","targetHints":{"allow":["GET"]}}],"collection":[{"href":"https:\/\/theworldbilliards.com\/fr\/wp-json\/wp\/v2\/product"}],"about":[{"href":"https:\/\/theworldbilliards.com\/fr\/wp-json\/wp\/v2\/types\/product"}],"wp:featuredmedia":[{"embeddable":true,"href":"https:\/\/theworldbilliards.com\/fr\/wp-json\/wp\/v2\/media\/107334"}],"wp:attachment":[{"href":"https:\/\/theworldbilliards.com\/fr\/wp-json\/wp\/v2\/media?parent=107330"}],"wp:term":[{"taxonomy":"product_brand","embeddable":true,"href":"https:\/\/theworldbilliards.com\/fr\/wp-json\/wp\/v2\/product_brand?post=107330"},{"taxonomy":"product_cat","embeddable":true,"href":"https:\/\/theworldbilliards.com\/fr\/wp-json\/wp\/v2\/product_cat?post=107330"},{"taxonomy":"product_tag","embeddable":true,"href":"https:\/\/theworldbilliards.com\/fr\/wp-json\/wp\/v2\/product_tag?post=107330"}],"curies":[{"name":"wp","href":"https:\/\/api.w.org\/{rel}","templated":true}]}}