{"id":107338,"date":"2025-05-15T13:59:07","date_gmt":"2025-05-15T11:59:07","guid":{"rendered":"https:\/\/theworldbilliards.com\/?post_type=product&#038;p=107338"},"modified":"2025-05-16T12:46:03","modified_gmt":"2025-05-16T10:46:03","slug":"garniture-de-rail-valley-93-88-ancien-modele","status":"publish","type":"product","link":"https:\/\/theworldbilliards.com\/fr\/produit\/garniture-de-rail-valley-93-88-ancien-modele\/","title":{"rendered":"Garniture de rail valley 93\/88 &#8211; Ancien mod\u00e8le"},"content":{"rendered":"<p>La garniture satin\u00e9e recouvre les trous de boulons du rail de coussin. Dimensionn\u00e9e et perc\u00e9e pour votre table Valley 7 pieds (93 pouces) autre que Panther Valley. Veuillez mesurer pour confirmer la taille requise.<\/p>\n<p>Cette garniture doit \u00eatre d\u00e9coup\u00e9e pour s&rsquo;adapter aux tables Valley 6,5 pieds (88 pouces) autres que Panther Valley.<\/p>\n<p>Pi\u00e8ce de garniture unique. Notez les trous de fixation au milieu de la garniture. Il peut \u00eatre n\u00e9cessaire de percer de nouveaux trous de fixation ou des trous suppl\u00e9mentaires pour fixer la garniture.<\/p>\n","protected":false},"excerpt":{"rendered":"<p>La garniture satin\u00e9e recouvre les trous de boulons du rail de coussin. Dimensionn\u00e9e et perc\u00e9e pour votre table Valley 7 [&hellip;]<\/p>\n","protected":false},"featured_media":107342,"template":"","meta":{"site-sidebar-layout":"default","site-content-layout":"","ast-site-content-layout":"default","site-content-style":"default","site-sidebar-style":"default","ast-global-header-display":"","ast-banner-title-visibility":"","ast-main-header-display":"","ast-hfb-above-header-display":"","ast-hfb-below-header-display":"","ast-hfb-mobile-header-display":"","site-post-title":"","ast-breadcrumbs-content":"","ast-featured-img":"","footer-sml-layout":"","ast-disable-related-posts":"","theme-transparent-header-meta":"default","adv-header-id-meta":"","stick-header-meta":"","header-above-stick-meta":"","header-main-stick-meta":"","header-below-stick-meta":"","astra-migrate-meta-layouts":"default","ast-page-background-enabled":"default","ast-page-background-meta":{"desktop":{"background-color":"var(--ast-global-color-4)","background-image":"","background-repeat":"repeat","background-position":"center center","background-size":"auto","background-attachment":"scroll","background-type":"","background-media":"","overlay-type":"","overlay-color":"","overlay-opacity":"","overlay-gradient":""},"tablet":{"background-color":"","background-image":"","background-repeat":"repeat","background-position":"center center","background-size":"auto","background-attachment":"scroll","background-type":"","background-media":"","overlay-type":"","overlay-color":"","overlay-opacity":"","overlay-gradient":""},"mobile":{"background-color":"","background-image":"","background-repeat":"repeat","background-position":"center center","background-size":"auto","background-attachment":"scroll","background-type":"","background-media":"","overlay-type":"","overlay-color":"","overlay-opacity":"","overlay-gradient":""}},"ast-content-background-meta":{"desktop":{"background-color":"var(--ast-global-color-5)","background-image":"","background-repeat":"repeat","background-position":"center center","background-size":"auto","background-attachment":"scroll","background-type":"","background-media":"","overlay-type":"","overlay-color":"","overlay-opacity":"","overlay-gradient":""},"tablet":{"background-color":"var(--ast-global-color-5)","background-image":"","background-repeat":"repeat","background-position":"center center","background-size":"auto","background-attachment":"scroll","background-type":"","background-media":"","overlay-type":"","overlay-color":"","overlay-opacity":"","overlay-gradient":""},"mobile":{"background-color":"var(--ast-global-color-5)","background-image":"","background-repeat":"repeat","background-position":"center center","background-size":"auto","background-attachment":"scroll","background-type":"","background-media":"","overlay-type":"","overlay-color":"","overlay-opacity":"","overlay-gradient":""}}},"product_brand":[5202],"product_cat":[3565],"product_tag":[],"class_list":{"0":"post-107338","1":"product","2":"type-product","3":"status-publish","4":"has-post-thumbnail","6":"product_brand-valley-dynamo-fr","7":"product_cat-accessoire-billard-valley-dynamo","8":"product_shipping_class-accessoires","9":"desktop-align-center","10":"tablet-align-left","11":"mobile-align-left","13":"first","14":"instock","15":"taxable","16":"shipping-taxable","17":"purchasable","18":"product-type-variable"},"yoast_head":"<!-- This site is optimized with the Yoast SEO plugin v27.4 - https:\/\/yoast.com\/product\/yoast-seo-wordpress\/ -->\n<title>Acheter Garniture de rail valley 93\/88 - Ancien mod\u00e8le - The World Billiards<\/title>\n<meta name=\"description\" content=\"La garniture satin\u00e9e recouvre les trous de boulons du rail de coussin. Dimensionn\u00e9e et perc\u00e9e pour votre table Valley 7 pieds (93 pouces) autre que Panther Valley. Veuillez mesurer pour confirmer la taille requise.  Cette garniture doit \u00eatre d\u00e9coup\u00e9e pour s&#039;adapter aux tables Valley 6,5 pieds (88 pouces) autres que Panther Valley.  Pi\u00e8ce de garniture unique. Notez les trous de fixation au milieu de la garniture. Il peut \u00eatre n\u00e9cessaire de percer de nouveaux trous de fixation ou des trous suppl\u00e9mentaires pour fixer la garniture.\" \/>\n<meta name=\"robots\" content=\"index, follow, max-snippet:-1, max-image-preview:large, max-video-preview:-1\" \/>\n<link rel=\"canonical\" href=\"https:\/\/theworldbilliards.com\/fr\/produit\/garniture-de-rail-valley-93-88-ancien-modele\/\" \/>\n<meta property=\"og:locale\" content=\"fr_FR\" \/>\n<meta property=\"og:type\" content=\"article\" \/>\n<meta property=\"og:title\" content=\"Acheter Garniture de rail valley 93\/88 - Ancien mod\u00e8le - The World Billiards\" \/>\n<meta property=\"og:description\" content=\"La garniture satin\u00e9e recouvre les trous de boulons du rail de coussin. Dimensionn\u00e9e et perc\u00e9e pour votre table Valley 7 pieds (93 pouces) autre que Panther Valley. Veuillez mesurer pour confirmer la taille requise.  Cette garniture doit \u00eatre d\u00e9coup\u00e9e pour s&#039;adapter aux tables Valley 6,5 pieds (88 pouces) autres que Panther Valley.  Pi\u00e8ce de garniture unique. Notez les trous de fixation au milieu de la garniture. Il peut \u00eatre n\u00e9cessaire de percer de nouveaux trous de fixation ou des trous suppl\u00e9mentaires pour fixer la garniture.\" \/>\n<meta property=\"og:url\" content=\"https:\/\/theworldbilliards.com\/fr\/produit\/garniture-de-rail-valley-93-88-ancien-modele\/\" \/>\n<meta property=\"og:site_name\" content=\"The World Billiards\" \/>\n<meta property=\"article:publisher\" content=\"https:\/\/www.facebook.com\/baby.foot.superbes\" \/>\n<meta property=\"article:modified_time\" content=\"2025-05-16T10:46:03+00:00\" \/>\n<meta property=\"og:image\" content=\"https:\/\/theworldbilliards.com\/wp-content\/uploads\/2025\/05\/PT_Not-Panther.jpeg\" \/>\n\t<meta property=\"og:image:width\" content=\"630\" \/>\n\t<meta property=\"og:image:height\" content=\"630\" \/>\n\t<meta property=\"og:image:type\" content=\"image\/jpeg\" \/>\n<meta name=\"twitter:card\" content=\"summary_large_image\" \/>\n<script type=\"application\/ld+json\" class=\"yoast-schema-graph\">{\"@context\":\"https:\\\/\\\/schema.org\",\"@graph\":[{\"@type\":\"WebPage\",\"@id\":\"https:\\\/\\\/theworldbilliards.com\\\/fr\\\/produit\\\/garniture-de-rail-valley-93-88-ancien-modele\\\/\",\"url\":\"https:\\\/\\\/theworldbilliards.com\\\/fr\\\/produit\\\/garniture-de-rail-valley-93-88-ancien-modele\\\/\",\"name\":\"Acheter Garniture de rail valley 93\\\/88 - Ancien mod\u00e8le - The World Billiards\",\"isPartOf\":{\"@id\":\"https:\\\/\\\/theworldbilliards.com\\\/fr\\\/#website\"},\"primaryImageOfPage\":{\"@id\":\"https:\\\/\\\/theworldbilliards.com\\\/fr\\\/produit\\\/garniture-de-rail-valley-93-88-ancien-modele\\\/#primaryimage\"},\"image\":{\"@id\":\"https:\\\/\\\/theworldbilliards.com\\\/fr\\\/produit\\\/garniture-de-rail-valley-93-88-ancien-modele\\\/#primaryimage\"},\"thumbnailUrl\":\"https:\\\/\\\/theworldbilliards.com\\\/wp-content\\\/uploads\\\/2025\\\/05\\\/PT_Not-Panther.jpeg\",\"datePublished\":\"2025-05-15T11:59:07+00:00\",\"dateModified\":\"2025-05-16T10:46:03+00:00\",\"description\":\"La garniture satin\u00e9e recouvre les trous de boulons du rail de coussin. Dimensionn\u00e9e et perc\u00e9e pour votre table Valley 7 pieds (93 pouces) autre que Panther Valley. Veuillez mesurer pour confirmer la taille requise. Cette garniture doit \u00eatre d\u00e9coup\u00e9e pour s'adapter aux tables Valley 6,5 pieds (88 pouces) autres que Panther Valley. Pi\u00e8ce de garniture unique. Notez les trous de fixation au milieu de la garniture. Il peut \u00eatre n\u00e9cessaire de percer de nouveaux trous de fixation ou des trous suppl\u00e9mentaires pour fixer la garniture.\",\"breadcrumb\":{\"@id\":\"https:\\\/\\\/theworldbilliards.com\\\/fr\\\/produit\\\/garniture-de-rail-valley-93-88-ancien-modele\\\/#breadcrumb\"},\"inLanguage\":\"fr-FR\",\"potentialAction\":[{\"@type\":\"ReadAction\",\"target\":[\"https:\\\/\\\/theworldbilliards.com\\\/fr\\\/produit\\\/garniture-de-rail-valley-93-88-ancien-modele\\\/\"]}]},{\"@type\":\"ImageObject\",\"inLanguage\":\"fr-FR\",\"@id\":\"https:\\\/\\\/theworldbilliards.com\\\/fr\\\/produit\\\/garniture-de-rail-valley-93-88-ancien-modele\\\/#primaryimage\",\"url\":\"https:\\\/\\\/theworldbilliards.com\\\/wp-content\\\/uploads\\\/2025\\\/05\\\/PT_Not-Panther.jpeg\",\"contentUrl\":\"https:\\\/\\\/theworldbilliards.com\\\/wp-content\\\/uploads\\\/2025\\\/05\\\/PT_Not-Panther.jpeg\",\"width\":630,\"height\":630},{\"@type\":\"BreadcrumbList\",\"@id\":\"https:\\\/\\\/theworldbilliards.com\\\/fr\\\/produit\\\/garniture-de-rail-valley-93-88-ancien-modele\\\/#breadcrumb\",\"itemListElement\":[{\"@type\":\"ListItem\",\"position\":1,\"name\":\"In\u00edcio\",\"item\":\"https:\\\/\\\/theworldbilliards.com\\\/fr\\\/\"},{\"@type\":\"ListItem\",\"position\":2,\"name\":\"Boutique en ligne\",\"item\":\"https:\\\/\\\/theworldbilliards.com\\\/fr\\\/boutique-theworldbilliards\\\/\"},{\"@type\":\"ListItem\",\"position\":3,\"name\":\"Garniture de rail valley 93\\\/88 &#8211; Ancien mod\u00e8le\"}]},{\"@type\":\"WebSite\",\"@id\":\"https:\\\/\\\/theworldbilliards.com\\\/fr\\\/#website\",\"url\":\"https:\\\/\\\/theworldbilliards.com\\\/fr\\\/\",\"name\":\"TheWorldBilliards\",\"description\":\"Achetez ici billard, baby-foot, ping-pong et bowling\",\"publisher\":{\"@id\":\"https:\\\/\\\/theworldbilliards.com\\\/fr\\\/#organization\"},\"alternateName\":\"The world billiards\",\"potentialAction\":[{\"@type\":\"SearchAction\",\"target\":{\"@type\":\"EntryPoint\",\"urlTemplate\":\"https:\\\/\\\/theworldbilliards.com\\\/fr\\\/?s={search_term_string}\"},\"query-input\":{\"@type\":\"PropertyValueSpecification\",\"valueRequired\":true,\"valueName\":\"search_term_string\"}}],\"inLanguage\":\"fr-FR\"},{\"@type\":\"Organization\",\"@id\":\"https:\\\/\\\/theworldbilliards.com\\\/fr\\\/#organization\",\"name\":\"The World Billiards\",\"alternateName\":\"The World Billiards\",\"url\":\"https:\\\/\\\/theworldbilliards.com\\\/fr\\\/\",\"logo\":{\"@type\":\"ImageObject\",\"inLanguage\":\"fr-FR\",\"@id\":\"https:\\\/\\\/theworldbilliards.com\\\/fr\\\/#\\\/schema\\\/logo\\\/image\\\/\",\"url\":\"\",\"contentUrl\":\"\",\"caption\":\"The World Billiards\"},\"image\":{\"@id\":\"https:\\\/\\\/theworldbilliards.com\\\/fr\\\/#\\\/schema\\\/logo\\\/image\\\/\"},\"sameAs\":[\"https:\\\/\\\/www.facebook.com\\\/baby.foot.superbes\",\"https:\\\/\\\/www.youtube.com\\\/channel\\\/UCIMuOVAaUcH6UpZcsZlH0Tg\",\"https:\\\/\\\/www.facebook.com\\\/people\\\/Brunswick-Billiards-EspaaPortugal\\\/100066446264309\\\/\",\"https:\\\/\\\/www.instagram.com\\\/the_world_billiards\\\/\",\"https:\\\/\\\/www.pinterest.es\\\/Theworldbilliards\\\/\"]}]}<\/script>\n<!-- \/ Yoast SEO plugin. -->","yoast_head_json":{"title":"Acheter Garniture de rail valley 93\/88 - Ancien mod\u00e8le - The World Billiards","description":"La garniture satin\u00e9e recouvre les trous de boulons du rail de coussin. Dimensionn\u00e9e et perc\u00e9e pour votre table Valley 7 pieds (93 pouces) autre que Panther Valley. Veuillez mesurer pour confirmer la taille requise.  Cette garniture doit \u00eatre d\u00e9coup\u00e9e pour s'adapter aux tables Valley 6,5 pieds (88 pouces) autres que Panther Valley.  Pi\u00e8ce de garniture unique. Notez les trous de fixation au milieu de la garniture. Il peut \u00eatre n\u00e9cessaire de percer de nouveaux trous de fixation ou des trous suppl\u00e9mentaires pour fixer la garniture.","robots":{"index":"index","follow":"follow","max-snippet":"max-snippet:-1","max-image-preview":"max-image-preview:large","max-video-preview":"max-video-preview:-1"},"canonical":"https:\/\/theworldbilliards.com\/fr\/produit\/garniture-de-rail-valley-93-88-ancien-modele\/","og_locale":"fr_FR","og_type":"article","og_title":"Acheter Garniture de rail valley 93\/88 - Ancien mod\u00e8le - The World Billiards","og_description":"La garniture satin\u00e9e recouvre les trous de boulons du rail de coussin. Dimensionn\u00e9e et perc\u00e9e pour votre table Valley 7 pieds (93 pouces) autre que Panther Valley. Veuillez mesurer pour confirmer la taille requise.  Cette garniture doit \u00eatre d\u00e9coup\u00e9e pour s'adapter aux tables Valley 6,5 pieds (88 pouces) autres que Panther Valley.  Pi\u00e8ce de garniture unique. Notez les trous de fixation au milieu de la garniture. Il peut \u00eatre n\u00e9cessaire de percer de nouveaux trous de fixation ou des trous suppl\u00e9mentaires pour fixer la garniture.","og_url":"https:\/\/theworldbilliards.com\/fr\/produit\/garniture-de-rail-valley-93-88-ancien-modele\/","og_site_name":"The World Billiards","article_publisher":"https:\/\/www.facebook.com\/baby.foot.superbes","article_modified_time":"2025-05-16T10:46:03+00:00","og_image":[{"width":630,"height":630,"url":"https:\/\/theworldbilliards.com\/wp-content\/uploads\/2025\/05\/PT_Not-Panther.jpeg","type":"image\/jpeg"}],"twitter_card":"summary_large_image","schema":{"@context":"https:\/\/schema.org","@graph":[{"@type":"WebPage","@id":"https:\/\/theworldbilliards.com\/fr\/produit\/garniture-de-rail-valley-93-88-ancien-modele\/","url":"https:\/\/theworldbilliards.com\/fr\/produit\/garniture-de-rail-valley-93-88-ancien-modele\/","name":"Acheter Garniture de rail valley 93\/88 - Ancien mod\u00e8le - The World Billiards","isPartOf":{"@id":"https:\/\/theworldbilliards.com\/fr\/#website"},"primaryImageOfPage":{"@id":"https:\/\/theworldbilliards.com\/fr\/produit\/garniture-de-rail-valley-93-88-ancien-modele\/#primaryimage"},"image":{"@id":"https:\/\/theworldbilliards.com\/fr\/produit\/garniture-de-rail-valley-93-88-ancien-modele\/#primaryimage"},"thumbnailUrl":"https:\/\/theworldbilliards.com\/wp-content\/uploads\/2025\/05\/PT_Not-Panther.jpeg","datePublished":"2025-05-15T11:59:07+00:00","dateModified":"2025-05-16T10:46:03+00:00","description":"La garniture satin\u00e9e recouvre les trous de boulons du rail de coussin. Dimensionn\u00e9e et perc\u00e9e pour votre table Valley 7 pieds (93 pouces) autre que Panther Valley. Veuillez mesurer pour confirmer la taille requise. Cette garniture doit \u00eatre d\u00e9coup\u00e9e pour s'adapter aux tables Valley 6,5 pieds (88 pouces) autres que Panther Valley. Pi\u00e8ce de garniture unique. Notez les trous de fixation au milieu de la garniture. Il peut \u00eatre n\u00e9cessaire de percer de nouveaux trous de fixation ou des trous suppl\u00e9mentaires pour fixer la garniture.","breadcrumb":{"@id":"https:\/\/theworldbilliards.com\/fr\/produit\/garniture-de-rail-valley-93-88-ancien-modele\/#breadcrumb"},"inLanguage":"fr-FR","potentialAction":[{"@type":"ReadAction","target":["https:\/\/theworldbilliards.com\/fr\/produit\/garniture-de-rail-valley-93-88-ancien-modele\/"]}]},{"@type":"ImageObject","inLanguage":"fr-FR","@id":"https:\/\/theworldbilliards.com\/fr\/produit\/garniture-de-rail-valley-93-88-ancien-modele\/#primaryimage","url":"https:\/\/theworldbilliards.com\/wp-content\/uploads\/2025\/05\/PT_Not-Panther.jpeg","contentUrl":"https:\/\/theworldbilliards.com\/wp-content\/uploads\/2025\/05\/PT_Not-Panther.jpeg","width":630,"height":630},{"@type":"BreadcrumbList","@id":"https:\/\/theworldbilliards.com\/fr\/produit\/garniture-de-rail-valley-93-88-ancien-modele\/#breadcrumb","itemListElement":[{"@type":"ListItem","position":1,"name":"In\u00edcio","item":"https:\/\/theworldbilliards.com\/fr\/"},{"@type":"ListItem","position":2,"name":"Boutique en ligne","item":"https:\/\/theworldbilliards.com\/fr\/boutique-theworldbilliards\/"},{"@type":"ListItem","position":3,"name":"Garniture de rail valley 93\/88 &#8211; Ancien mod\u00e8le"}]},{"@type":"WebSite","@id":"https:\/\/theworldbilliards.com\/fr\/#website","url":"https:\/\/theworldbilliards.com\/fr\/","name":"TheWorldBilliards","description":"Achetez ici billard, baby-foot, ping-pong et bowling","publisher":{"@id":"https:\/\/theworldbilliards.com\/fr\/#organization"},"alternateName":"The world billiards","potentialAction":[{"@type":"SearchAction","target":{"@type":"EntryPoint","urlTemplate":"https:\/\/theworldbilliards.com\/fr\/?s={search_term_string}"},"query-input":{"@type":"PropertyValueSpecification","valueRequired":true,"valueName":"search_term_string"}}],"inLanguage":"fr-FR"},{"@type":"Organization","@id":"https:\/\/theworldbilliards.com\/fr\/#organization","name":"The World Billiards","alternateName":"The World Billiards","url":"https:\/\/theworldbilliards.com\/fr\/","logo":{"@type":"ImageObject","inLanguage":"fr-FR","@id":"https:\/\/theworldbilliards.com\/fr\/#\/schema\/logo\/image\/","url":"","contentUrl":"","caption":"The World Billiards"},"image":{"@id":"https:\/\/theworldbilliards.com\/fr\/#\/schema\/logo\/image\/"},"sameAs":["https:\/\/www.facebook.com\/baby.foot.superbes","https:\/\/www.youtube.com\/channel\/UCIMuOVAaUcH6UpZcsZlH0Tg","https:\/\/www.facebook.com\/people\/Brunswick-Billiards-EspaaPortugal\/100066446264309\/","https:\/\/www.instagram.com\/the_world_billiards\/","https:\/\/www.pinterest.es\/Theworldbilliards\/"]}]}},"_links":{"self":[{"href":"https:\/\/theworldbilliards.com\/fr\/wp-json\/wp\/v2\/product\/107338","targetHints":{"allow":["GET"]}}],"collection":[{"href":"https:\/\/theworldbilliards.com\/fr\/wp-json\/wp\/v2\/product"}],"about":[{"href":"https:\/\/theworldbilliards.com\/fr\/wp-json\/wp\/v2\/types\/product"}],"wp:featuredmedia":[{"embeddable":true,"href":"https:\/\/theworldbilliards.com\/fr\/wp-json\/wp\/v2\/media\/107342"}],"wp:attachment":[{"href":"https:\/\/theworldbilliards.com\/fr\/wp-json\/wp\/v2\/media?parent=107338"}],"wp:term":[{"taxonomy":"product_brand","embeddable":true,"href":"https:\/\/theworldbilliards.com\/fr\/wp-json\/wp\/v2\/product_brand?post=107338"},{"taxonomy":"product_cat","embeddable":true,"href":"https:\/\/theworldbilliards.com\/fr\/wp-json\/wp\/v2\/product_cat?post=107338"},{"taxonomy":"product_tag","embeddable":true,"href":"https:\/\/theworldbilliards.com\/fr\/wp-json\/wp\/v2\/product_tag?post=107338"}],"curies":[{"name":"wp","href":"https:\/\/api.w.org\/{rel}","templated":true}]}}