{"id":107403,"date":"2025-05-20T13:54:48","date_gmt":"2025-05-20T11:54:48","guid":{"rendered":"https:\/\/theworldbilliards.com\/?post_type=product&#038;p=107403"},"modified":"2025-09-17T10:37:56","modified_gmt":"2025-09-17T08:37:56","slug":"serrure-a-cle-pour-porte-a-monnaie-valley","status":"publish","type":"product","link":"https:\/\/theworldbilliards.com\/fr\/produit\/serrure-a-cle-pour-porte-a-monnaie-valley\/","title":{"rendered":"Serrure \u00e0 cl\u00e9 pour porte \u00e0 monnaie Valley"},"content":{"rendered":"<p>Avec barillet de 28 mm (1-1\/8 po) \u00e0 cl\u00e9 al\u00e9atoire pour la s\u00e9curit\u00e9 de votre porte \u00e0 monnaie.<\/p>\n<p>CE SERRURE NE CONVIENT PAS AUX PORTES \u00c0 MONNAIE DYNAMO EN PLASTIQUE PLUS FINES, UNIQUEMENT AUX PORTES \u00c0 MONNAIE VALLEY EN BOIS.<\/p>\n<p>\u00c0 propos des serrures\u00a0: nous utilisons ces serrures quotidiennement sur les nouvelles tables de production sans probl\u00e8me d&rsquo;ajustement. Les portes et les stratifi\u00e9s actuels peuvent \u00eatre l\u00e9g\u00e8rement plus fins que sur les tables plus anciennes, et les serrures actuelles peuvent avoir un filetage l\u00e9g\u00e8rement inf\u00e9rieur \u00e0 celui des tables plus anciennes. La longueur de la serrure reste inchang\u00e9e. L&rsquo;utilisation de serrures actuelles sur des tables plus anciennes peut n\u00e9cessiter un l\u00e9ger travail avec un outil rotatif manuel \u00e0 l&rsquo;int\u00e9rieur de la porte pour assurer un ajustement parfait.<\/p>\n","protected":false},"excerpt":{"rendered":"<p>Avec barillet de 28 mm (1-1\/8 po) \u00e0 cl\u00e9 al\u00e9atoire pour la s\u00e9curit\u00e9 de votre porte \u00e0 monnaie. CE SERRURE [&hellip;]<\/p>\n","protected":false},"featured_media":107411,"template":"","meta":{"site-sidebar-layout":"default","site-content-layout":"","ast-site-content-layout":"default","site-content-style":"default","site-sidebar-style":"default","ast-global-header-display":"","ast-banner-title-visibility":"","ast-main-header-display":"","ast-hfb-above-header-display":"","ast-hfb-below-header-display":"","ast-hfb-mobile-header-display":"","site-post-title":"","ast-breadcrumbs-content":"","ast-featured-img":"","footer-sml-layout":"","ast-disable-related-posts":"","theme-transparent-header-meta":"default","adv-header-id-meta":"","stick-header-meta":"","header-above-stick-meta":"","header-main-stick-meta":"","header-below-stick-meta":"","astra-migrate-meta-layouts":"default","ast-page-background-enabled":"default","ast-page-background-meta":{"desktop":{"background-color":"var(--ast-global-color-4)","background-image":"","background-repeat":"repeat","background-position":"center center","background-size":"auto","background-attachment":"scroll","background-type":"","background-media":"","overlay-type":"","overlay-color":"","overlay-opacity":"","overlay-gradient":""},"tablet":{"background-color":"","background-image":"","background-repeat":"repeat","background-position":"center center","background-size":"auto","background-attachment":"scroll","background-type":"","background-media":"","overlay-type":"","overlay-color":"","overlay-opacity":"","overlay-gradient":""},"mobile":{"background-color":"","background-image":"","background-repeat":"repeat","background-position":"center center","background-size":"auto","background-attachment":"scroll","background-type":"","background-media":"","overlay-type":"","overlay-color":"","overlay-opacity":"","overlay-gradient":""}},"ast-content-background-meta":{"desktop":{"background-color":"var(--ast-global-color-5)","background-image":"","background-repeat":"repeat","background-position":"center center","background-size":"auto","background-attachment":"scroll","background-type":"","background-media":"","overlay-type":"","overlay-color":"","overlay-opacity":"","overlay-gradient":""},"tablet":{"background-color":"var(--ast-global-color-5)","background-image":"","background-repeat":"repeat","background-position":"center center","background-size":"auto","background-attachment":"scroll","background-type":"","background-media":"","overlay-type":"","overlay-color":"","overlay-opacity":"","overlay-gradient":""},"mobile":{"background-color":"var(--ast-global-color-5)","background-image":"","background-repeat":"repeat","background-position":"center center","background-size":"auto","background-attachment":"scroll","background-type":"","background-media":"","overlay-type":"","overlay-color":"","overlay-opacity":"","overlay-gradient":""}}},"product_brand":[5202],"product_cat":[3565],"product_tag":[],"class_list":{"0":"post-107403","1":"product","2":"type-product","3":"status-publish","4":"has-post-thumbnail","6":"product_brand-valley-dynamo-fr","7":"product_cat-accessoire-billard-valley-dynamo","8":"product_shipping_class-accessoires","9":"desktop-align-center","10":"tablet-align-left","11":"mobile-align-left","13":"first","14":"instock","15":"taxable","16":"shipping-taxable","17":"purchasable","18":"product-type-simple"},"yoast_head":"<!-- This site is optimized with the Yoast SEO plugin v27.4 - https:\/\/yoast.com\/product\/yoast-seo-wordpress\/ -->\n<title>Acheter Serrure \u00e0 cl\u00e9 pour porte \u00e0 monnaie Valley - The World Billiards<\/title>\n<meta name=\"description\" content=\"Avec barillet de 28 mm (1-1\/8 po) \u00e0 cl\u00e9 al\u00e9atoire pour la s\u00e9curit\u00e9 de votre porte \u00e0 monnaie.  CE SERRURE NE CONVIENT PAS AUX PORTES \u00c0 MONNAIE DYNAMO EN PLASTIQUE PLUS FINES, UNIQUEMENT AUX PORTES \u00c0 MONNAIE VALLEY EN BOIS.  \u00c0 propos des serrures\u00a0: nous utilisons ces serrures quotidiennement sur les nouvelles tables de production sans probl\u00e8me d&#039;ajustement. Les portes et les stratifi\u00e9s actuels peuvent \u00eatre l\u00e9g\u00e8rement plus fins que sur les tables plus anciennes, et les serrures actuelles peuvent avoir un filetage l\u00e9g\u00e8rement inf\u00e9rieur \u00e0 celui des tables plus anciennes. La longueur de la serrure reste inchang\u00e9e. L&#039;utilisation de serrures actuelles sur des tables plus anciennes peut n\u00e9cessiter un l\u00e9ger travail avec un outil rotatif manuel \u00e0 l&#039;int\u00e9rieur de la porte pour assurer un ajustement parfait.\" \/>\n<meta name=\"robots\" content=\"index, follow, max-snippet:-1, max-image-preview:large, max-video-preview:-1\" \/>\n<link rel=\"canonical\" href=\"https:\/\/theworldbilliards.com\/fr\/produit\/serrure-a-cle-pour-porte-a-monnaie-valley\/\" \/>\n<meta property=\"og:locale\" content=\"fr_FR\" \/>\n<meta property=\"og:type\" content=\"article\" \/>\n<meta property=\"og:title\" content=\"Acheter Serrure \u00e0 cl\u00e9 pour porte \u00e0 monnaie Valley - The World Billiards\" \/>\n<meta property=\"og:description\" content=\"Avec barillet de 28 mm (1-1\/8 po) \u00e0 cl\u00e9 al\u00e9atoire pour la s\u00e9curit\u00e9 de votre porte \u00e0 monnaie.  CE SERRURE NE CONVIENT PAS AUX PORTES \u00c0 MONNAIE DYNAMO EN PLASTIQUE PLUS FINES, UNIQUEMENT AUX PORTES \u00c0 MONNAIE VALLEY EN BOIS.  \u00c0 propos des serrures\u00a0: nous utilisons ces serrures quotidiennement sur les nouvelles tables de production sans probl\u00e8me d&#039;ajustement. Les portes et les stratifi\u00e9s actuels peuvent \u00eatre l\u00e9g\u00e8rement plus fins que sur les tables plus anciennes, et les serrures actuelles peuvent avoir un filetage l\u00e9g\u00e8rement inf\u00e9rieur \u00e0 celui des tables plus anciennes. La longueur de la serrure reste inchang\u00e9e. L&#039;utilisation de serrures actuelles sur des tables plus anciennes peut n\u00e9cessiter un l\u00e9ger travail avec un outil rotatif manuel \u00e0 l&#039;int\u00e9rieur de la porte pour assurer un ajustement parfait.\" \/>\n<meta property=\"og:url\" content=\"https:\/\/theworldbilliards.com\/fr\/produit\/serrure-a-cle-pour-porte-a-monnaie-valley\/\" \/>\n<meta property=\"og:site_name\" content=\"The World Billiards\" \/>\n<meta property=\"article:publisher\" content=\"https:\/\/www.facebook.com\/baby.foot.superbes\" \/>\n<meta property=\"article:modified_time\" content=\"2025-09-17T08:37:56+00:00\" \/>\n<meta property=\"og:image\" content=\"https:\/\/theworldbilliards.com\/wp-content\/uploads\/2025\/05\/cerradura-valley-puerta-monedas.jpg\" \/>\n\t<meta property=\"og:image:width\" content=\"407\" \/>\n\t<meta property=\"og:image:height\" content=\"407\" \/>\n\t<meta property=\"og:image:type\" content=\"image\/jpeg\" \/>\n<meta name=\"twitter:card\" content=\"summary_large_image\" \/>\n<script type=\"application\/ld+json\" class=\"yoast-schema-graph\">{\"@context\":\"https:\\\/\\\/schema.org\",\"@graph\":[{\"@type\":\"WebPage\",\"@id\":\"https:\\\/\\\/theworldbilliards.com\\\/fr\\\/produit\\\/serrure-a-cle-pour-porte-a-monnaie-valley\\\/\",\"url\":\"https:\\\/\\\/theworldbilliards.com\\\/fr\\\/produit\\\/serrure-a-cle-pour-porte-a-monnaie-valley\\\/\",\"name\":\"Acheter Serrure \u00e0 cl\u00e9 pour porte \u00e0 monnaie Valley - The World Billiards\",\"isPartOf\":{\"@id\":\"https:\\\/\\\/theworldbilliards.com\\\/fr\\\/#website\"},\"primaryImageOfPage\":{\"@id\":\"https:\\\/\\\/theworldbilliards.com\\\/fr\\\/produit\\\/serrure-a-cle-pour-porte-a-monnaie-valley\\\/#primaryimage\"},\"image\":{\"@id\":\"https:\\\/\\\/theworldbilliards.com\\\/fr\\\/produit\\\/serrure-a-cle-pour-porte-a-monnaie-valley\\\/#primaryimage\"},\"thumbnailUrl\":\"https:\\\/\\\/theworldbilliards.com\\\/wp-content\\\/uploads\\\/2025\\\/05\\\/cerradura-valley-puerta-monedas.jpg\",\"datePublished\":\"2025-05-20T11:54:48+00:00\",\"dateModified\":\"2025-09-17T08:37:56+00:00\",\"description\":\"Avec barillet de 28 mm (1-1\\\/8 po) \u00e0 cl\u00e9 al\u00e9atoire pour la s\u00e9curit\u00e9 de votre porte \u00e0 monnaie. CE SERRURE NE CONVIENT PAS AUX PORTES \u00c0 MONNAIE DYNAMO EN PLASTIQUE PLUS FINES, UNIQUEMENT AUX PORTES \u00c0 MONNAIE VALLEY EN BOIS. \u00c0 propos des serrures\u00a0: nous utilisons ces serrures quotidiennement sur les nouvelles tables de production sans probl\u00e8me d'ajustement. Les portes et les stratifi\u00e9s actuels peuvent \u00eatre l\u00e9g\u00e8rement plus fins que sur les tables plus anciennes, et les serrures actuelles peuvent avoir un filetage l\u00e9g\u00e8rement inf\u00e9rieur \u00e0 celui des tables plus anciennes. La longueur de la serrure reste inchang\u00e9e. L'utilisation de serrures actuelles sur des tables plus anciennes peut n\u00e9cessiter un l\u00e9ger travail avec un outil rotatif manuel \u00e0 l'int\u00e9rieur de la porte pour assurer un ajustement parfait.\",\"breadcrumb\":{\"@id\":\"https:\\\/\\\/theworldbilliards.com\\\/fr\\\/produit\\\/serrure-a-cle-pour-porte-a-monnaie-valley\\\/#breadcrumb\"},\"inLanguage\":\"fr-FR\",\"potentialAction\":[{\"@type\":\"ReadAction\",\"target\":[\"https:\\\/\\\/theworldbilliards.com\\\/fr\\\/produit\\\/serrure-a-cle-pour-porte-a-monnaie-valley\\\/\"]}]},{\"@type\":\"ImageObject\",\"inLanguage\":\"fr-FR\",\"@id\":\"https:\\\/\\\/theworldbilliards.com\\\/fr\\\/produit\\\/serrure-a-cle-pour-porte-a-monnaie-valley\\\/#primaryimage\",\"url\":\"https:\\\/\\\/theworldbilliards.com\\\/wp-content\\\/uploads\\\/2025\\\/05\\\/cerradura-valley-puerta-monedas.jpg\",\"contentUrl\":\"https:\\\/\\\/theworldbilliards.com\\\/wp-content\\\/uploads\\\/2025\\\/05\\\/cerradura-valley-puerta-monedas.jpg\",\"width\":407,\"height\":407},{\"@type\":\"BreadcrumbList\",\"@id\":\"https:\\\/\\\/theworldbilliards.com\\\/fr\\\/produit\\\/serrure-a-cle-pour-porte-a-monnaie-valley\\\/#breadcrumb\",\"itemListElement\":[{\"@type\":\"ListItem\",\"position\":1,\"name\":\"In\u00edcio\",\"item\":\"https:\\\/\\\/theworldbilliards.com\\\/fr\\\/\"},{\"@type\":\"ListItem\",\"position\":2,\"name\":\"Boutique en ligne\",\"item\":\"https:\\\/\\\/theworldbilliards.com\\\/fr\\\/boutique-theworldbilliards\\\/\"},{\"@type\":\"ListItem\",\"position\":3,\"name\":\"Serrure \u00e0 cl\u00e9 pour porte \u00e0 monnaie Valley\"}]},{\"@type\":\"WebSite\",\"@id\":\"https:\\\/\\\/theworldbilliards.com\\\/fr\\\/#website\",\"url\":\"https:\\\/\\\/theworldbilliards.com\\\/fr\\\/\",\"name\":\"TheWorldBilliards\",\"description\":\"Achetez ici billard, baby-foot, ping-pong et bowling\",\"publisher\":{\"@id\":\"https:\\\/\\\/theworldbilliards.com\\\/fr\\\/#organization\"},\"alternateName\":\"The world billiards\",\"potentialAction\":[{\"@type\":\"SearchAction\",\"target\":{\"@type\":\"EntryPoint\",\"urlTemplate\":\"https:\\\/\\\/theworldbilliards.com\\\/fr\\\/?s={search_term_string}\"},\"query-input\":{\"@type\":\"PropertyValueSpecification\",\"valueRequired\":true,\"valueName\":\"search_term_string\"}}],\"inLanguage\":\"fr-FR\"},{\"@type\":\"Organization\",\"@id\":\"https:\\\/\\\/theworldbilliards.com\\\/fr\\\/#organization\",\"name\":\"The World Billiards\",\"alternateName\":\"The World Billiards\",\"url\":\"https:\\\/\\\/theworldbilliards.com\\\/fr\\\/\",\"logo\":{\"@type\":\"ImageObject\",\"inLanguage\":\"fr-FR\",\"@id\":\"https:\\\/\\\/theworldbilliards.com\\\/fr\\\/#\\\/schema\\\/logo\\\/image\\\/\",\"url\":\"\",\"contentUrl\":\"\",\"caption\":\"The World Billiards\"},\"image\":{\"@id\":\"https:\\\/\\\/theworldbilliards.com\\\/fr\\\/#\\\/schema\\\/logo\\\/image\\\/\"},\"sameAs\":[\"https:\\\/\\\/www.facebook.com\\\/baby.foot.superbes\",\"https:\\\/\\\/www.youtube.com\\\/channel\\\/UCIMuOVAaUcH6UpZcsZlH0Tg\",\"https:\\\/\\\/www.facebook.com\\\/people\\\/Brunswick-Billiards-EspaaPortugal\\\/100066446264309\\\/\",\"https:\\\/\\\/www.instagram.com\\\/the_world_billiards\\\/\",\"https:\\\/\\\/www.pinterest.es\\\/Theworldbilliards\\\/\"]}]}<\/script>\n<!-- \/ Yoast SEO plugin. -->","yoast_head_json":{"title":"Acheter Serrure \u00e0 cl\u00e9 pour porte \u00e0 monnaie Valley - The World Billiards","description":"Avec barillet de 28 mm (1-1\/8 po) \u00e0 cl\u00e9 al\u00e9atoire pour la s\u00e9curit\u00e9 de votre porte \u00e0 monnaie.  CE SERRURE NE CONVIENT PAS AUX PORTES \u00c0 MONNAIE DYNAMO EN PLASTIQUE PLUS FINES, UNIQUEMENT AUX PORTES \u00c0 MONNAIE VALLEY EN BOIS.  \u00c0 propos des serrures\u00a0: nous utilisons ces serrures quotidiennement sur les nouvelles tables de production sans probl\u00e8me d'ajustement. Les portes et les stratifi\u00e9s actuels peuvent \u00eatre l\u00e9g\u00e8rement plus fins que sur les tables plus anciennes, et les serrures actuelles peuvent avoir un filetage l\u00e9g\u00e8rement inf\u00e9rieur \u00e0 celui des tables plus anciennes. La longueur de la serrure reste inchang\u00e9e. L'utilisation de serrures actuelles sur des tables plus anciennes peut n\u00e9cessiter un l\u00e9ger travail avec un outil rotatif manuel \u00e0 l'int\u00e9rieur de la porte pour assurer un ajustement parfait.","robots":{"index":"index","follow":"follow","max-snippet":"max-snippet:-1","max-image-preview":"max-image-preview:large","max-video-preview":"max-video-preview:-1"},"canonical":"https:\/\/theworldbilliards.com\/fr\/produit\/serrure-a-cle-pour-porte-a-monnaie-valley\/","og_locale":"fr_FR","og_type":"article","og_title":"Acheter Serrure \u00e0 cl\u00e9 pour porte \u00e0 monnaie Valley - The World Billiards","og_description":"Avec barillet de 28 mm (1-1\/8 po) \u00e0 cl\u00e9 al\u00e9atoire pour la s\u00e9curit\u00e9 de votre porte \u00e0 monnaie.  CE SERRURE NE CONVIENT PAS AUX PORTES \u00c0 MONNAIE DYNAMO EN PLASTIQUE PLUS FINES, UNIQUEMENT AUX PORTES \u00c0 MONNAIE VALLEY EN BOIS.  \u00c0 propos des serrures\u00a0: nous utilisons ces serrures quotidiennement sur les nouvelles tables de production sans probl\u00e8me d'ajustement. Les portes et les stratifi\u00e9s actuels peuvent \u00eatre l\u00e9g\u00e8rement plus fins que sur les tables plus anciennes, et les serrures actuelles peuvent avoir un filetage l\u00e9g\u00e8rement inf\u00e9rieur \u00e0 celui des tables plus anciennes. La longueur de la serrure reste inchang\u00e9e. L'utilisation de serrures actuelles sur des tables plus anciennes peut n\u00e9cessiter un l\u00e9ger travail avec un outil rotatif manuel \u00e0 l'int\u00e9rieur de la porte pour assurer un ajustement parfait.","og_url":"https:\/\/theworldbilliards.com\/fr\/produit\/serrure-a-cle-pour-porte-a-monnaie-valley\/","og_site_name":"The World Billiards","article_publisher":"https:\/\/www.facebook.com\/baby.foot.superbes","article_modified_time":"2025-09-17T08:37:56+00:00","og_image":[{"width":407,"height":407,"url":"https:\/\/theworldbilliards.com\/wp-content\/uploads\/2025\/05\/cerradura-valley-puerta-monedas.jpg","type":"image\/jpeg"}],"twitter_card":"summary_large_image","schema":{"@context":"https:\/\/schema.org","@graph":[{"@type":"WebPage","@id":"https:\/\/theworldbilliards.com\/fr\/produit\/serrure-a-cle-pour-porte-a-monnaie-valley\/","url":"https:\/\/theworldbilliards.com\/fr\/produit\/serrure-a-cle-pour-porte-a-monnaie-valley\/","name":"Acheter Serrure \u00e0 cl\u00e9 pour porte \u00e0 monnaie Valley - The World Billiards","isPartOf":{"@id":"https:\/\/theworldbilliards.com\/fr\/#website"},"primaryImageOfPage":{"@id":"https:\/\/theworldbilliards.com\/fr\/produit\/serrure-a-cle-pour-porte-a-monnaie-valley\/#primaryimage"},"image":{"@id":"https:\/\/theworldbilliards.com\/fr\/produit\/serrure-a-cle-pour-porte-a-monnaie-valley\/#primaryimage"},"thumbnailUrl":"https:\/\/theworldbilliards.com\/wp-content\/uploads\/2025\/05\/cerradura-valley-puerta-monedas.jpg","datePublished":"2025-05-20T11:54:48+00:00","dateModified":"2025-09-17T08:37:56+00:00","description":"Avec barillet de 28 mm (1-1\/8 po) \u00e0 cl\u00e9 al\u00e9atoire pour la s\u00e9curit\u00e9 de votre porte \u00e0 monnaie. CE SERRURE NE CONVIENT PAS AUX PORTES \u00c0 MONNAIE DYNAMO EN PLASTIQUE PLUS FINES, UNIQUEMENT AUX PORTES \u00c0 MONNAIE VALLEY EN BOIS. \u00c0 propos des serrures\u00a0: nous utilisons ces serrures quotidiennement sur les nouvelles tables de production sans probl\u00e8me d'ajustement. Les portes et les stratifi\u00e9s actuels peuvent \u00eatre l\u00e9g\u00e8rement plus fins que sur les tables plus anciennes, et les serrures actuelles peuvent avoir un filetage l\u00e9g\u00e8rement inf\u00e9rieur \u00e0 celui des tables plus anciennes. La longueur de la serrure reste inchang\u00e9e. L'utilisation de serrures actuelles sur des tables plus anciennes peut n\u00e9cessiter un l\u00e9ger travail avec un outil rotatif manuel \u00e0 l'int\u00e9rieur de la porte pour assurer un ajustement parfait.","breadcrumb":{"@id":"https:\/\/theworldbilliards.com\/fr\/produit\/serrure-a-cle-pour-porte-a-monnaie-valley\/#breadcrumb"},"inLanguage":"fr-FR","potentialAction":[{"@type":"ReadAction","target":["https:\/\/theworldbilliards.com\/fr\/produit\/serrure-a-cle-pour-porte-a-monnaie-valley\/"]}]},{"@type":"ImageObject","inLanguage":"fr-FR","@id":"https:\/\/theworldbilliards.com\/fr\/produit\/serrure-a-cle-pour-porte-a-monnaie-valley\/#primaryimage","url":"https:\/\/theworldbilliards.com\/wp-content\/uploads\/2025\/05\/cerradura-valley-puerta-monedas.jpg","contentUrl":"https:\/\/theworldbilliards.com\/wp-content\/uploads\/2025\/05\/cerradura-valley-puerta-monedas.jpg","width":407,"height":407},{"@type":"BreadcrumbList","@id":"https:\/\/theworldbilliards.com\/fr\/produit\/serrure-a-cle-pour-porte-a-monnaie-valley\/#breadcrumb","itemListElement":[{"@type":"ListItem","position":1,"name":"In\u00edcio","item":"https:\/\/theworldbilliards.com\/fr\/"},{"@type":"ListItem","position":2,"name":"Boutique en ligne","item":"https:\/\/theworldbilliards.com\/fr\/boutique-theworldbilliards\/"},{"@type":"ListItem","position":3,"name":"Serrure \u00e0 cl\u00e9 pour porte \u00e0 monnaie Valley"}]},{"@type":"WebSite","@id":"https:\/\/theworldbilliards.com\/fr\/#website","url":"https:\/\/theworldbilliards.com\/fr\/","name":"TheWorldBilliards","description":"Achetez ici billard, baby-foot, ping-pong et bowling","publisher":{"@id":"https:\/\/theworldbilliards.com\/fr\/#organization"},"alternateName":"The world billiards","potentialAction":[{"@type":"SearchAction","target":{"@type":"EntryPoint","urlTemplate":"https:\/\/theworldbilliards.com\/fr\/?s={search_term_string}"},"query-input":{"@type":"PropertyValueSpecification","valueRequired":true,"valueName":"search_term_string"}}],"inLanguage":"fr-FR"},{"@type":"Organization","@id":"https:\/\/theworldbilliards.com\/fr\/#organization","name":"The World Billiards","alternateName":"The World Billiards","url":"https:\/\/theworldbilliards.com\/fr\/","logo":{"@type":"ImageObject","inLanguage":"fr-FR","@id":"https:\/\/theworldbilliards.com\/fr\/#\/schema\/logo\/image\/","url":"","contentUrl":"","caption":"The World Billiards"},"image":{"@id":"https:\/\/theworldbilliards.com\/fr\/#\/schema\/logo\/image\/"},"sameAs":["https:\/\/www.facebook.com\/baby.foot.superbes","https:\/\/www.youtube.com\/channel\/UCIMuOVAaUcH6UpZcsZlH0Tg","https:\/\/www.facebook.com\/people\/Brunswick-Billiards-EspaaPortugal\/100066446264309\/","https:\/\/www.instagram.com\/the_world_billiards\/","https:\/\/www.pinterest.es\/Theworldbilliards\/"]}]}},"_links":{"self":[{"href":"https:\/\/theworldbilliards.com\/fr\/wp-json\/wp\/v2\/product\/107403","targetHints":{"allow":["GET"]}}],"collection":[{"href":"https:\/\/theworldbilliards.com\/fr\/wp-json\/wp\/v2\/product"}],"about":[{"href":"https:\/\/theworldbilliards.com\/fr\/wp-json\/wp\/v2\/types\/product"}],"wp:featuredmedia":[{"embeddable":true,"href":"https:\/\/theworldbilliards.com\/fr\/wp-json\/wp\/v2\/media\/107411"}],"wp:attachment":[{"href":"https:\/\/theworldbilliards.com\/fr\/wp-json\/wp\/v2\/media?parent=107403"}],"wp:term":[{"taxonomy":"product_brand","embeddable":true,"href":"https:\/\/theworldbilliards.com\/fr\/wp-json\/wp\/v2\/product_brand?post=107403"},{"taxonomy":"product_cat","embeddable":true,"href":"https:\/\/theworldbilliards.com\/fr\/wp-json\/wp\/v2\/product_cat?post=107403"},{"taxonomy":"product_tag","embeddable":true,"href":"https:\/\/theworldbilliards.com\/fr\/wp-json\/wp\/v2\/product_tag?post=107403"}],"curies":[{"name":"wp","href":"https:\/\/api.w.org\/{rel}","templated":true}]}}