{"id":107743,"date":"2025-06-12T13:40:05","date_gmt":"2025-06-12T11:40:05","guid":{"rendered":"https:\/\/theworldbilliards.com\/?post_type=product&#038;p=107743"},"modified":"2025-10-30T11:58:24","modified_gmt":"2025-10-30T10:58:24","slug":"baby-foot-maracana-elite","status":"publish","type":"product","link":"https:\/\/theworldbilliards.com\/fr\/produit\/baby-foot-maracana-elite\/","title":{"rendered":"Baby foot Maracan\u00e3 Elite"},"content":{"rendered":"<p>Baby-foot Maracan\u00e3 elite pour la maison avec couvercle en verre tremp\u00e9 de 4 mm<\/p>\n<p>Fabriqu\u00e9 par nos professionnels exp\u00e9riment\u00e9s avec plus de 30 ans d&rsquo;exp\u00e9rience dans la production de baby-foot, avec du mat\u00e9riel s\u00e9lectionn\u00e9 parmi les meilleures origines qui vous procurera de nombreuses heures de plaisir en famille ou m\u00eame de participer \u00e0 des tournois pour les vrais fans.<\/p>\n<p>Finitions de haute qualit\u00e9<br \/>\nFabriqu\u00e9e en bois d&rsquo;une seule pi\u00e8ce sans charni\u00e8res ni cadenas pour une plus grande solidit\u00e9, donc ayant une dur\u00e9e de vie beaucoup plus longue, cette innovation est exclusive \u00e0 The World Billiards<br \/>\nJoueurs en aluminium renforc\u00e9 \u00e0 l&rsquo;ancienne, o\u00f9 les gardiens ont un chapeau, avec l&rsquo;avantage d&rsquo;avoir des joueurs individuels, si vous cassez une poup\u00e9e, vous n&rsquo;avez qu&rsquo;\u00e0 remplacer cette poup\u00e9e et non le poteau complet avec toutes les poup\u00e9es, \u00e9galement une exclusivit\u00e9 The World billiards<br \/>\nTiges calibr\u00e9es polies renforc\u00e9es de 15 mm<br \/>\nPoign\u00e9es en bois<\/p>\n<p class=\"entry-title\">Marqueur de buts<\/p>\n<p>Dimensions du baby-foot : 1,47 m x 0,72 m x 0,92 m [LxlxH]<br \/>\n2 boules en bois ou pvc incluses<\/p>\n<p>&nbsp;<\/p>\n<p>Autres couleurs de bois ou joueurs nous contacter<\/p>\n","protected":false},"excerpt":{"rendered":"<p>Baby-foot Maracan\u00e3 elite pour la maison avec couvercle en verre tremp\u00e9 de 4 mm Fabriqu\u00e9 par nos professionnels exp\u00e9riment\u00e9s avec [&hellip;]<\/p>\n","protected":false},"featured_media":107763,"template":"","meta":{"site-sidebar-layout":"default","site-content-layout":"","ast-site-content-layout":"default","site-content-style":"default","site-sidebar-style":"default","ast-global-header-display":"","ast-banner-title-visibility":"","ast-main-header-display":"","ast-hfb-above-header-display":"","ast-hfb-below-header-display":"","ast-hfb-mobile-header-display":"","site-post-title":"","ast-breadcrumbs-content":"","ast-featured-img":"","footer-sml-layout":"","ast-disable-related-posts":"","theme-transparent-header-meta":"default","adv-header-id-meta":"","stick-header-meta":"","header-above-stick-meta":"","header-main-stick-meta":"","header-below-stick-meta":"","astra-migrate-meta-layouts":"default","ast-page-background-enabled":"default","ast-page-background-meta":{"desktop":{"background-color":"var(--ast-global-color-4)","background-image":"","background-repeat":"repeat","background-position":"center center","background-size":"auto","background-attachment":"scroll","background-type":"","background-media":"","overlay-type":"","overlay-color":"","overlay-opacity":"","overlay-gradient":""},"tablet":{"background-color":"","background-image":"","background-repeat":"repeat","background-position":"center center","background-size":"auto","background-attachment":"scroll","background-type":"","background-media":"","overlay-type":"","overlay-color":"","overlay-opacity":"","overlay-gradient":""},"mobile":{"background-color":"","background-image":"","background-repeat":"repeat","background-position":"center center","background-size":"auto","background-attachment":"scroll","background-type":"","background-media":"","overlay-type":"","overlay-color":"","overlay-opacity":"","overlay-gradient":""}},"ast-content-background-meta":{"desktop":{"background-color":"var(--ast-global-color-5)","background-image":"","background-repeat":"repeat","background-position":"center center","background-size":"auto","background-attachment":"scroll","background-type":"","background-media":"","overlay-type":"","overlay-color":"","overlay-opacity":"","overlay-gradient":""},"tablet":{"background-color":"var(--ast-global-color-5)","background-image":"","background-repeat":"repeat","background-position":"center center","background-size":"auto","background-attachment":"scroll","background-type":"","background-media":"","overlay-type":"","overlay-color":"","overlay-opacity":"","overlay-gradient":""},"mobile":{"background-color":"var(--ast-global-color-5)","background-image":"","background-repeat":"repeat","background-position":"center center","background-size":"auto","background-attachment":"scroll","background-type":"","background-media":"","overlay-type":"","overlay-color":"","overlay-opacity":"","overlay-gradient":""}}},"product_brand":[5218],"product_cat":[1437],"product_tag":[],"class_list":{"0":"post-107743","1":"product","2":"type-product","3":"status-publish","4":"has-post-thumbnail","6":"product_brand-the-world-billiards","7":"product_cat-baby-foot-sans-monnayeur","8":"product_shipping_class-baby-foot","9":"desktop-align-center","10":"tablet-align-left","11":"mobile-align-left","13":"first","14":"instock","15":"sale","16":"taxable","17":"shipping-taxable","18":"purchasable","19":"product-type-simple"},"yoast_head":"<!-- This site is optimized with the Yoast SEO plugin v27.4 - https:\/\/yoast.com\/product\/yoast-seo-wordpress\/ -->\n<title>Acheter Baby foot Maracan\u00e3 Elite - The World Billiards<\/title>\n<meta name=\"description\" content=\"Baby-foot Maracan\u00e3 elite pour la maison avec couvercle en verre tremp\u00e9 de 4 mm  Fabriqu\u00e9 par nos professionnels exp\u00e9riment\u00e9s avec plus de 30 ans d&#039;exp\u00e9rience dans la production de baby-foot, avec du mat\u00e9riel s\u00e9lectionn\u00e9 parmi les meilleures origines qui vous procurera de nombreuses heures de plaisir en famille ou m\u00eame de participer \u00e0 des tournois pour les vrais fans.  Finitions de haute qualit\u00e9 Fabriqu\u00e9e en bois d&#039;une seule pi\u00e8ce sans charni\u00e8res ni cadenas pour une plus grande solidit\u00e9, donc ayant une dur\u00e9e de vie beaucoup plus longue, cette innovation est exclusive \u00e0 The World Billiards Joueurs en aluminium renforc\u00e9 \u00e0 l&#039;ancienne, o\u00f9 les gardiens ont un chapeau, avec l&#039;avantage d&#039;avoir des joueurs individuels, si vous cassez une poup\u00e9e, vous n&#039;avez qu&#039;\u00e0 remplacer cette poup\u00e9e et non le poteau complet avec toutes les poup\u00e9es, \u00e9galement une exclusivit\u00e9 The World billiards Tiges calibr\u00e9es polies renforc\u00e9es de 15 mm Poign\u00e9es en bois Marqueur de buts Dimensions du baby-foot : 1,47 m x 0,72 m x 0,92 m  2 boules en bois ou pvc incluses  &nbsp;  Autres couleurs de bois ou joueurs nous contacter\" \/>\n<meta name=\"robots\" content=\"index, follow, max-snippet:-1, max-image-preview:large, max-video-preview:-1\" \/>\n<link rel=\"canonical\" href=\"https:\/\/theworldbilliards.com\/fr\/produit\/baby-foot-maracana-elite\/\" \/>\n<meta property=\"og:locale\" content=\"fr_FR\" \/>\n<meta property=\"og:type\" content=\"article\" \/>\n<meta property=\"og:title\" content=\"Acheter Baby foot Maracan\u00e3 Elite - The World Billiards\" \/>\n<meta property=\"og:description\" content=\"Baby-foot Maracan\u00e3 elite pour la maison avec couvercle en verre tremp\u00e9 de 4 mm  Fabriqu\u00e9 par nos professionnels exp\u00e9riment\u00e9s avec plus de 30 ans d&#039;exp\u00e9rience dans la production de baby-foot, avec du mat\u00e9riel s\u00e9lectionn\u00e9 parmi les meilleures origines qui vous procurera de nombreuses heures de plaisir en famille ou m\u00eame de participer \u00e0 des tournois pour les vrais fans.  Finitions de haute qualit\u00e9 Fabriqu\u00e9e en bois d&#039;une seule pi\u00e8ce sans charni\u00e8res ni cadenas pour une plus grande solidit\u00e9, donc ayant une dur\u00e9e de vie beaucoup plus longue, cette innovation est exclusive \u00e0 The World Billiards Joueurs en aluminium renforc\u00e9 \u00e0 l&#039;ancienne, o\u00f9 les gardiens ont un chapeau, avec l&#039;avantage d&#039;avoir des joueurs individuels, si vous cassez une poup\u00e9e, vous n&#039;avez qu&#039;\u00e0 remplacer cette poup\u00e9e et non le poteau complet avec toutes les poup\u00e9es, \u00e9galement une exclusivit\u00e9 The World billiards Tiges calibr\u00e9es polies renforc\u00e9es de 15 mm Poign\u00e9es en bois Marqueur de buts Dimensions du baby-foot : 1,47 m x 0,72 m x 0,92 m  2 boules en bois ou pvc incluses  &nbsp;  Autres couleurs de bois ou joueurs nous contacter\" \/>\n<meta property=\"og:url\" content=\"https:\/\/theworldbilliards.com\/fr\/produit\/baby-foot-maracana-elite\/\" \/>\n<meta property=\"og:site_name\" content=\"The World Billiards\" \/>\n<meta property=\"article:publisher\" content=\"https:\/\/www.facebook.com\/baby.foot.superbes\" \/>\n<meta property=\"article:modified_time\" content=\"2025-10-30T10:58:24+00:00\" \/>\n<meta property=\"og:image\" content=\"https:\/\/theworldbilliards.com\/wp-content\/uploads\/2025\/06\/Maracana-elite.jpg\" \/>\n\t<meta property=\"og:image:width\" content=\"858\" \/>\n\t<meta property=\"og:image:height\" content=\"859\" \/>\n\t<meta property=\"og:image:type\" content=\"image\/jpeg\" \/>\n<meta name=\"twitter:card\" content=\"summary_large_image\" \/>\n<meta name=\"twitter:label1\" content=\"Dur\u00e9e de lecture estim\u00e9e\" \/>\n\t<meta name=\"twitter:data1\" content=\"2 minutes\" \/>\n<script type=\"application\/ld+json\" class=\"yoast-schema-graph\">{\"@context\":\"https:\\\/\\\/schema.org\",\"@graph\":[{\"@type\":\"WebPage\",\"@id\":\"https:\\\/\\\/theworldbilliards.com\\\/fr\\\/produit\\\/baby-foot-maracana-elite\\\/\",\"url\":\"https:\\\/\\\/theworldbilliards.com\\\/fr\\\/produit\\\/baby-foot-maracana-elite\\\/\",\"name\":\"Acheter Baby foot Maracan\u00e3 Elite - The World Billiards\",\"isPartOf\":{\"@id\":\"https:\\\/\\\/theworldbilliards.com\\\/fr\\\/#website\"},\"primaryImageOfPage\":{\"@id\":\"https:\\\/\\\/theworldbilliards.com\\\/fr\\\/produit\\\/baby-foot-maracana-elite\\\/#primaryimage\"},\"image\":{\"@id\":\"https:\\\/\\\/theworldbilliards.com\\\/fr\\\/produit\\\/baby-foot-maracana-elite\\\/#primaryimage\"},\"thumbnailUrl\":\"https:\\\/\\\/theworldbilliards.com\\\/wp-content\\\/uploads\\\/2025\\\/06\\\/Maracana-elite.jpg\",\"datePublished\":\"2025-06-12T11:40:05+00:00\",\"dateModified\":\"2025-10-30T10:58:24+00:00\",\"description\":\"Baby-foot Maracan\u00e3 elite pour la maison avec couvercle en verre tremp\u00e9 de 4 mm Fabriqu\u00e9 par nos professionnels exp\u00e9riment\u00e9s avec plus de 30 ans d'exp\u00e9rience dans la production de baby-foot, avec du mat\u00e9riel s\u00e9lectionn\u00e9 parmi les meilleures origines qui vous procurera de nombreuses heures de plaisir en famille ou m\u00eame de participer \u00e0 des tournois pour les vrais fans. Finitions de haute qualit\u00e9 Fabriqu\u00e9e en bois d'une seule pi\u00e8ce sans charni\u00e8res ni cadenas pour une plus grande solidit\u00e9, donc ayant une dur\u00e9e de vie beaucoup plus longue, cette innovation est exclusive \u00e0 The World Billiards Joueurs en aluminium renforc\u00e9 \u00e0 l'ancienne, o\u00f9 les gardiens ont un chapeau, avec l'avantage d'avoir des joueurs individuels, si vous cassez une poup\u00e9e, vous n'avez qu'\u00e0 remplacer cette poup\u00e9e et non le poteau complet avec toutes les poup\u00e9es, \u00e9galement une exclusivit\u00e9 The World billiards Tiges calibr\u00e9es polies renforc\u00e9es de 15 mm Poign\u00e9es en bois Marqueur de buts Dimensions du baby-foot : 1,47 m x 0,72 m x 0,92 m 2 boules en bois ou pvc incluses &nbsp; Autres couleurs de bois ou joueurs nous contacter\",\"breadcrumb\":{\"@id\":\"https:\\\/\\\/theworldbilliards.com\\\/fr\\\/produit\\\/baby-foot-maracana-elite\\\/#breadcrumb\"},\"inLanguage\":\"fr-FR\",\"potentialAction\":[{\"@type\":\"ReadAction\",\"target\":[\"https:\\\/\\\/theworldbilliards.com\\\/fr\\\/produit\\\/baby-foot-maracana-elite\\\/\"]}]},{\"@type\":\"ImageObject\",\"inLanguage\":\"fr-FR\",\"@id\":\"https:\\\/\\\/theworldbilliards.com\\\/fr\\\/produit\\\/baby-foot-maracana-elite\\\/#primaryimage\",\"url\":\"https:\\\/\\\/theworldbilliards.com\\\/wp-content\\\/uploads\\\/2025\\\/06\\\/Maracana-elite.jpg\",\"contentUrl\":\"https:\\\/\\\/theworldbilliards.com\\\/wp-content\\\/uploads\\\/2025\\\/06\\\/Maracana-elite.jpg\",\"width\":858,\"height\":859},{\"@type\":\"BreadcrumbList\",\"@id\":\"https:\\\/\\\/theworldbilliards.com\\\/fr\\\/produit\\\/baby-foot-maracana-elite\\\/#breadcrumb\",\"itemListElement\":[{\"@type\":\"ListItem\",\"position\":1,\"name\":\"In\u00edcio\",\"item\":\"https:\\\/\\\/theworldbilliards.com\\\/fr\\\/\"},{\"@type\":\"ListItem\",\"position\":2,\"name\":\"Boutique en ligne\",\"item\":\"https:\\\/\\\/theworldbilliards.com\\\/fr\\\/boutique-theworldbilliards\\\/\"},{\"@type\":\"ListItem\",\"position\":3,\"name\":\"Baby foot Maracan\u00e3 Elite\"}]},{\"@type\":\"WebSite\",\"@id\":\"https:\\\/\\\/theworldbilliards.com\\\/fr\\\/#website\",\"url\":\"https:\\\/\\\/theworldbilliards.com\\\/fr\\\/\",\"name\":\"TheWorldBilliards\",\"description\":\"Achetez ici billard, baby-foot, ping-pong et bowling\",\"publisher\":{\"@id\":\"https:\\\/\\\/theworldbilliards.com\\\/fr\\\/#organization\"},\"alternateName\":\"The world billiards\",\"potentialAction\":[{\"@type\":\"SearchAction\",\"target\":{\"@type\":\"EntryPoint\",\"urlTemplate\":\"https:\\\/\\\/theworldbilliards.com\\\/fr\\\/?s={search_term_string}\"},\"query-input\":{\"@type\":\"PropertyValueSpecification\",\"valueRequired\":true,\"valueName\":\"search_term_string\"}}],\"inLanguage\":\"fr-FR\"},{\"@type\":\"Organization\",\"@id\":\"https:\\\/\\\/theworldbilliards.com\\\/fr\\\/#organization\",\"name\":\"The World Billiards\",\"alternateName\":\"The World Billiards\",\"url\":\"https:\\\/\\\/theworldbilliards.com\\\/fr\\\/\",\"logo\":{\"@type\":\"ImageObject\",\"inLanguage\":\"fr-FR\",\"@id\":\"https:\\\/\\\/theworldbilliards.com\\\/fr\\\/#\\\/schema\\\/logo\\\/image\\\/\",\"url\":\"\",\"contentUrl\":\"\",\"caption\":\"The World Billiards\"},\"image\":{\"@id\":\"https:\\\/\\\/theworldbilliards.com\\\/fr\\\/#\\\/schema\\\/logo\\\/image\\\/\"},\"sameAs\":[\"https:\\\/\\\/www.facebook.com\\\/baby.foot.superbes\",\"https:\\\/\\\/www.youtube.com\\\/channel\\\/UCIMuOVAaUcH6UpZcsZlH0Tg\",\"https:\\\/\\\/www.facebook.com\\\/people\\\/Brunswick-Billiards-EspaaPortugal\\\/100066446264309\\\/\",\"https:\\\/\\\/www.instagram.com\\\/the_world_billiards\\\/\",\"https:\\\/\\\/www.pinterest.es\\\/Theworldbilliards\\\/\"]}]}<\/script>\n<!-- \/ Yoast SEO plugin. -->","yoast_head_json":{"title":"Acheter Baby foot Maracan\u00e3 Elite - The World Billiards","description":"Baby-foot Maracan\u00e3 elite pour la maison avec couvercle en verre tremp\u00e9 de 4 mm  Fabriqu\u00e9 par nos professionnels exp\u00e9riment\u00e9s avec plus de 30 ans d'exp\u00e9rience dans la production de baby-foot, avec du mat\u00e9riel s\u00e9lectionn\u00e9 parmi les meilleures origines qui vous procurera de nombreuses heures de plaisir en famille ou m\u00eame de participer \u00e0 des tournois pour les vrais fans.  Finitions de haute qualit\u00e9 Fabriqu\u00e9e en bois d'une seule pi\u00e8ce sans charni\u00e8res ni cadenas pour une plus grande solidit\u00e9, donc ayant une dur\u00e9e de vie beaucoup plus longue, cette innovation est exclusive \u00e0 The World Billiards Joueurs en aluminium renforc\u00e9 \u00e0 l'ancienne, o\u00f9 les gardiens ont un chapeau, avec l'avantage d'avoir des joueurs individuels, si vous cassez une poup\u00e9e, vous n'avez qu'\u00e0 remplacer cette poup\u00e9e et non le poteau complet avec toutes les poup\u00e9es, \u00e9galement une exclusivit\u00e9 The World billiards Tiges calibr\u00e9es polies renforc\u00e9es de 15 mm Poign\u00e9es en bois Marqueur de buts Dimensions du baby-foot : 1,47 m x 0,72 m x 0,92 m  2 boules en bois ou pvc incluses  &nbsp;  Autres couleurs de bois ou joueurs nous contacter","robots":{"index":"index","follow":"follow","max-snippet":"max-snippet:-1","max-image-preview":"max-image-preview:large","max-video-preview":"max-video-preview:-1"},"canonical":"https:\/\/theworldbilliards.com\/fr\/produit\/baby-foot-maracana-elite\/","og_locale":"fr_FR","og_type":"article","og_title":"Acheter Baby foot Maracan\u00e3 Elite - The World Billiards","og_description":"Baby-foot Maracan\u00e3 elite pour la maison avec couvercle en verre tremp\u00e9 de 4 mm  Fabriqu\u00e9 par nos professionnels exp\u00e9riment\u00e9s avec plus de 30 ans d'exp\u00e9rience dans la production de baby-foot, avec du mat\u00e9riel s\u00e9lectionn\u00e9 parmi les meilleures origines qui vous procurera de nombreuses heures de plaisir en famille ou m\u00eame de participer \u00e0 des tournois pour les vrais fans.  Finitions de haute qualit\u00e9 Fabriqu\u00e9e en bois d'une seule pi\u00e8ce sans charni\u00e8res ni cadenas pour une plus grande solidit\u00e9, donc ayant une dur\u00e9e de vie beaucoup plus longue, cette innovation est exclusive \u00e0 The World Billiards Joueurs en aluminium renforc\u00e9 \u00e0 l'ancienne, o\u00f9 les gardiens ont un chapeau, avec l'avantage d'avoir des joueurs individuels, si vous cassez une poup\u00e9e, vous n'avez qu'\u00e0 remplacer cette poup\u00e9e et non le poteau complet avec toutes les poup\u00e9es, \u00e9galement une exclusivit\u00e9 The World billiards Tiges calibr\u00e9es polies renforc\u00e9es de 15 mm Poign\u00e9es en bois Marqueur de buts Dimensions du baby-foot : 1,47 m x 0,72 m x 0,92 m  2 boules en bois ou pvc incluses  &nbsp;  Autres couleurs de bois ou joueurs nous contacter","og_url":"https:\/\/theworldbilliards.com\/fr\/produit\/baby-foot-maracana-elite\/","og_site_name":"The World Billiards","article_publisher":"https:\/\/www.facebook.com\/baby.foot.superbes","article_modified_time":"2025-10-30T10:58:24+00:00","og_image":[{"width":858,"height":859,"url":"https:\/\/theworldbilliards.com\/wp-content\/uploads\/2025\/06\/Maracana-elite.jpg","type":"image\/jpeg"}],"twitter_card":"summary_large_image","twitter_misc":{"Dur\u00e9e de lecture estim\u00e9e":"2 minutes"},"schema":{"@context":"https:\/\/schema.org","@graph":[{"@type":"WebPage","@id":"https:\/\/theworldbilliards.com\/fr\/produit\/baby-foot-maracana-elite\/","url":"https:\/\/theworldbilliards.com\/fr\/produit\/baby-foot-maracana-elite\/","name":"Acheter Baby foot Maracan\u00e3 Elite - The World Billiards","isPartOf":{"@id":"https:\/\/theworldbilliards.com\/fr\/#website"},"primaryImageOfPage":{"@id":"https:\/\/theworldbilliards.com\/fr\/produit\/baby-foot-maracana-elite\/#primaryimage"},"image":{"@id":"https:\/\/theworldbilliards.com\/fr\/produit\/baby-foot-maracana-elite\/#primaryimage"},"thumbnailUrl":"https:\/\/theworldbilliards.com\/wp-content\/uploads\/2025\/06\/Maracana-elite.jpg","datePublished":"2025-06-12T11:40:05+00:00","dateModified":"2025-10-30T10:58:24+00:00","description":"Baby-foot Maracan\u00e3 elite pour la maison avec couvercle en verre tremp\u00e9 de 4 mm Fabriqu\u00e9 par nos professionnels exp\u00e9riment\u00e9s avec plus de 30 ans d'exp\u00e9rience dans la production de baby-foot, avec du mat\u00e9riel s\u00e9lectionn\u00e9 parmi les meilleures origines qui vous procurera de nombreuses heures de plaisir en famille ou m\u00eame de participer \u00e0 des tournois pour les vrais fans. Finitions de haute qualit\u00e9 Fabriqu\u00e9e en bois d'une seule pi\u00e8ce sans charni\u00e8res ni cadenas pour une plus grande solidit\u00e9, donc ayant une dur\u00e9e de vie beaucoup plus longue, cette innovation est exclusive \u00e0 The World Billiards Joueurs en aluminium renforc\u00e9 \u00e0 l'ancienne, o\u00f9 les gardiens ont un chapeau, avec l'avantage d'avoir des joueurs individuels, si vous cassez une poup\u00e9e, vous n'avez qu'\u00e0 remplacer cette poup\u00e9e et non le poteau complet avec toutes les poup\u00e9es, \u00e9galement une exclusivit\u00e9 The World billiards Tiges calibr\u00e9es polies renforc\u00e9es de 15 mm Poign\u00e9es en bois Marqueur de buts Dimensions du baby-foot : 1,47 m x 0,72 m x 0,92 m 2 boules en bois ou pvc incluses &nbsp; Autres couleurs de bois ou joueurs nous contacter","breadcrumb":{"@id":"https:\/\/theworldbilliards.com\/fr\/produit\/baby-foot-maracana-elite\/#breadcrumb"},"inLanguage":"fr-FR","potentialAction":[{"@type":"ReadAction","target":["https:\/\/theworldbilliards.com\/fr\/produit\/baby-foot-maracana-elite\/"]}]},{"@type":"ImageObject","inLanguage":"fr-FR","@id":"https:\/\/theworldbilliards.com\/fr\/produit\/baby-foot-maracana-elite\/#primaryimage","url":"https:\/\/theworldbilliards.com\/wp-content\/uploads\/2025\/06\/Maracana-elite.jpg","contentUrl":"https:\/\/theworldbilliards.com\/wp-content\/uploads\/2025\/06\/Maracana-elite.jpg","width":858,"height":859},{"@type":"BreadcrumbList","@id":"https:\/\/theworldbilliards.com\/fr\/produit\/baby-foot-maracana-elite\/#breadcrumb","itemListElement":[{"@type":"ListItem","position":1,"name":"In\u00edcio","item":"https:\/\/theworldbilliards.com\/fr\/"},{"@type":"ListItem","position":2,"name":"Boutique en ligne","item":"https:\/\/theworldbilliards.com\/fr\/boutique-theworldbilliards\/"},{"@type":"ListItem","position":3,"name":"Baby foot Maracan\u00e3 Elite"}]},{"@type":"WebSite","@id":"https:\/\/theworldbilliards.com\/fr\/#website","url":"https:\/\/theworldbilliards.com\/fr\/","name":"TheWorldBilliards","description":"Achetez ici billard, baby-foot, ping-pong et bowling","publisher":{"@id":"https:\/\/theworldbilliards.com\/fr\/#organization"},"alternateName":"The world billiards","potentialAction":[{"@type":"SearchAction","target":{"@type":"EntryPoint","urlTemplate":"https:\/\/theworldbilliards.com\/fr\/?s={search_term_string}"},"query-input":{"@type":"PropertyValueSpecification","valueRequired":true,"valueName":"search_term_string"}}],"inLanguage":"fr-FR"},{"@type":"Organization","@id":"https:\/\/theworldbilliards.com\/fr\/#organization","name":"The World Billiards","alternateName":"The World Billiards","url":"https:\/\/theworldbilliards.com\/fr\/","logo":{"@type":"ImageObject","inLanguage":"fr-FR","@id":"https:\/\/theworldbilliards.com\/fr\/#\/schema\/logo\/image\/","url":"","contentUrl":"","caption":"The World Billiards"},"image":{"@id":"https:\/\/theworldbilliards.com\/fr\/#\/schema\/logo\/image\/"},"sameAs":["https:\/\/www.facebook.com\/baby.foot.superbes","https:\/\/www.youtube.com\/channel\/UCIMuOVAaUcH6UpZcsZlH0Tg","https:\/\/www.facebook.com\/people\/Brunswick-Billiards-EspaaPortugal\/100066446264309\/","https:\/\/www.instagram.com\/the_world_billiards\/","https:\/\/www.pinterest.es\/Theworldbilliards\/"]}]}},"_links":{"self":[{"href":"https:\/\/theworldbilliards.com\/fr\/wp-json\/wp\/v2\/product\/107743","targetHints":{"allow":["GET"]}}],"collection":[{"href":"https:\/\/theworldbilliards.com\/fr\/wp-json\/wp\/v2\/product"}],"about":[{"href":"https:\/\/theworldbilliards.com\/fr\/wp-json\/wp\/v2\/types\/product"}],"wp:featuredmedia":[{"embeddable":true,"href":"https:\/\/theworldbilliards.com\/fr\/wp-json\/wp\/v2\/media\/107763"}],"wp:attachment":[{"href":"https:\/\/theworldbilliards.com\/fr\/wp-json\/wp\/v2\/media?parent=107743"}],"wp:term":[{"taxonomy":"product_brand","embeddable":true,"href":"https:\/\/theworldbilliards.com\/fr\/wp-json\/wp\/v2\/product_brand?post=107743"},{"taxonomy":"product_cat","embeddable":true,"href":"https:\/\/theworldbilliards.com\/fr\/wp-json\/wp\/v2\/product_cat?post=107743"},{"taxonomy":"product_tag","embeddable":true,"href":"https:\/\/theworldbilliards.com\/fr\/wp-json\/wp\/v2\/product_tag?post=107743"}],"curies":[{"name":"wp","href":"https:\/\/api.w.org\/{rel}","templated":true}]}}