{"id":107788,"date":"2025-06-13T12:35:02","date_gmt":"2025-06-13T10:35:02","guid":{"rendered":"https:\/\/theworldbilliards.com\/?post_type=product&#038;p=107788"},"modified":"2025-10-30T10:47:05","modified_gmt":"2025-10-30T09:47:05","slug":"craies-brunswick-boite-12-unites","status":"publish","type":"product","link":"https:\/\/theworldbilliards.com\/fr\/produit\/craies-brunswick-boite-12-unites\/","title":{"rendered":"Craies Brunswick bo\u00eete 12 unit\u00e9s"},"content":{"rendered":"<p>Fabriqu\u00e9e \u00e0 partir de sable de la plus haute qualit\u00e9, exclusivement extrait aux \u00c9tats-Unis.<br \/>\nLe processus de production implique l&rsquo;ajout de la quantit\u00e9 appropri\u00e9e d&rsquo;humidit\u00e9 et d&rsquo;additifs pour garantir une craie de billard de la plus haute qualit\u00e9.<br \/>\nLe r\u00e9sultat est une craie de billard de haute qualit\u00e9, lisse et facile \u00e0 appliquer, offrant une excellente adh\u00e9rence sur les proc\u00e9d\u00e9s et r\u00e9duisant les erreurs de jeu.<br \/>\nLa craie de billard est disponible en 12 couleurs diff\u00e9rentes, vous permettant de choisir celle qui correspond le mieux \u00e0 vos pr\u00e9f\u00e9rences et \u00e0 votre style de jeu.<br \/>\nQue vous soyez joueur professionnel ou amateur, cette craie de billard est un excellent choix pour am\u00e9liorer votre jeu et votre pr\u00e9cision \u00e0 la table.<\/p>\n<blockquote class=\"tiktok-embed\" cite=\"https:\/\/www.tiktok.com\/@theworldbilliards.com\/video\/7561777829348642070\" data-video-id=\"7561777829348642070\" data-embed-from=\"oembed\" style=\"max-width:605px; min-width:325px;\">\n<section> <a target=\"_blank\" title=\"@theworldbilliards.com\" href=\"https:\/\/www.tiktok.com\/@theworldbilliards.com?refer=embed\">@theworldbilliards.com<\/a> <\/p>\n<p>Nuevas tizas de billar Brunswick ya en nuestras tiendas. Varios colores disponibles en stock  <a title=\"brunswickbilliards\" target=\"_blank\" href=\"https:\/\/www.tiktok.com\/tag\/brunswickbilliards?refer=embed\">#brunswickbilliards<\/a> <a title=\"billar\" target=\"_blank\" href=\"https:\/\/www.tiktok.com\/tag\/billar?refer=embed\">#billar<\/a> <a title=\"theworldbilliards\" target=\"_blank\" href=\"https:\/\/www.tiktok.com\/tag\/theworldbilliards?refer=embed\">#theworldbilliards<\/a> <a title=\"accesoriosdebillares\" target=\"_blank\" href=\"https:\/\/www.tiktok.com\/tag\/accesoriosdebillares?refer=embed\">#accesoriosdebillares<\/a> <\/p>\n<p> <a target=\"_blank\" title=\"\u266c i want it i got it - Official Sound Studio\" href=\"https:\/\/www.tiktok.com\/music\/i-want-it-i-got-it-7005871610842318850?refer=embed\">\u266c i want it i got it &#8211; Official Sound Studio<\/a> <\/section>\n<\/blockquote>\n<p> <script async src=\"https:\/\/www.tiktok.com\/embed.js\"><\/script><\/p>\n","protected":false},"excerpt":{"rendered":"<p>Fabriqu\u00e9e \u00e0 partir de sable de la plus haute qualit\u00e9, exclusivement extrait aux \u00c9tats-Unis. Le processus de production implique l&rsquo;ajout [&hellip;]<\/p>\n","protected":false},"featured_media":107791,"template":"","meta":{"site-sidebar-layout":"default","site-content-layout":"","ast-site-content-layout":"default","site-content-style":"default","site-sidebar-style":"default","ast-global-header-display":"","ast-banner-title-visibility":"","ast-main-header-display":"","ast-hfb-above-header-display":"","ast-hfb-below-header-display":"","ast-hfb-mobile-header-display":"","site-post-title":"","ast-breadcrumbs-content":"","ast-featured-img":"","footer-sml-layout":"","ast-disable-related-posts":"","theme-transparent-header-meta":"default","adv-header-id-meta":"","stick-header-meta":"","header-above-stick-meta":"","header-main-stick-meta":"","header-below-stick-meta":"","astra-migrate-meta-layouts":"default","ast-page-background-enabled":"default","ast-page-background-meta":{"desktop":{"background-color":"var(--ast-global-color-4)","background-image":"","background-repeat":"repeat","background-position":"center center","background-size":"auto","background-attachment":"scroll","background-type":"","background-media":"","overlay-type":"","overlay-color":"","overlay-opacity":"","overlay-gradient":""},"tablet":{"background-color":"","background-image":"","background-repeat":"repeat","background-position":"center center","background-size":"auto","background-attachment":"scroll","background-type":"","background-media":"","overlay-type":"","overlay-color":"","overlay-opacity":"","overlay-gradient":""},"mobile":{"background-color":"","background-image":"","background-repeat":"repeat","background-position":"center center","background-size":"auto","background-attachment":"scroll","background-type":"","background-media":"","overlay-type":"","overlay-color":"","overlay-opacity":"","overlay-gradient":""}},"ast-content-background-meta":{"desktop":{"background-color":"var(--ast-global-color-5)","background-image":"","background-repeat":"repeat","background-position":"center center","background-size":"auto","background-attachment":"scroll","background-type":"","background-media":"","overlay-type":"","overlay-color":"","overlay-opacity":"","overlay-gradient":""},"tablet":{"background-color":"var(--ast-global-color-5)","background-image":"","background-repeat":"repeat","background-position":"center center","background-size":"auto","background-attachment":"scroll","background-type":"","background-media":"","overlay-type":"","overlay-color":"","overlay-opacity":"","overlay-gradient":""},"mobile":{"background-color":"var(--ast-global-color-5)","background-image":"","background-repeat":"repeat","background-position":"center center","background-size":"auto","background-attachment":"scroll","background-type":"","background-media":"","overlay-type":"","overlay-color":"","overlay-opacity":"","overlay-gradient":""}}},"product_brand":[5198],"product_cat":[4946,1192],"product_tag":[],"class_list":{"0":"post-107788","1":"product","2":"type-product","3":"status-publish","4":"has-post-thumbnail","6":"product_brand-brunswick-billiards-fr","7":"product_cat-accessoire-billard-brunswick","8":"product_cat-consommables-de-billard","9":"product_shipping_class-accessoires","10":"desktop-align-center","11":"tablet-align-left","12":"mobile-align-left","14":"first","15":"instock","16":"taxable","17":"shipping-taxable","18":"purchasable","19":"product-type-variable"},"yoast_head":"<!-- This site is optimized with the Yoast SEO plugin v27.4 - https:\/\/yoast.com\/product\/yoast-seo-wordpress\/ -->\n<title>Acheter Craies Brunswick bo\u00eete 12 unit\u00e9s - The World Billiards<\/title>\n<meta name=\"description\" content=\"Fabriqu\u00e9e \u00e0 partir de sable de la plus haute qualit\u00e9, exclusivement extrait aux \u00c9tats-Unis. Le processus de production implique l&#039;ajout de la quantit\u00e9 appropri\u00e9e d&#039;humidit\u00e9 et d&#039;additifs pour garantir une craie de billard de la plus haute qualit\u00e9. Le r\u00e9sultat est une craie de billard de haute qualit\u00e9, lisse et facile \u00e0 appliquer, offrant une excellente adh\u00e9rence sur les proc\u00e9d\u00e9s et r\u00e9duisant les erreurs de jeu. La craie de billard est disponible en 12 couleurs diff\u00e9rentes, vous permettant de choisir celle qui correspond le mieux \u00e0 vos pr\u00e9f\u00e9rences et \u00e0 votre style de jeu. Que vous soyez joueur professionnel ou amateur, cette craie de billard est un excellent choix pour am\u00e9liorer votre jeu et votre pr\u00e9cision \u00e0 la table.\" \/>\n<meta name=\"robots\" content=\"index, follow, max-snippet:-1, max-image-preview:large, max-video-preview:-1\" \/>\n<link rel=\"canonical\" href=\"https:\/\/theworldbilliards.com\/fr\/produit\/craies-brunswick-boite-12-unites\/\" \/>\n<meta property=\"og:locale\" content=\"fr_FR\" \/>\n<meta property=\"og:type\" content=\"article\" \/>\n<meta property=\"og:title\" content=\"Acheter Craies Brunswick bo\u00eete 12 unit\u00e9s - The World Billiards\" \/>\n<meta property=\"og:description\" content=\"Fabriqu\u00e9e \u00e0 partir de sable de la plus haute qualit\u00e9, exclusivement extrait aux \u00c9tats-Unis. Le processus de production implique l&#039;ajout de la quantit\u00e9 appropri\u00e9e d&#039;humidit\u00e9 et d&#039;additifs pour garantir une craie de billard de la plus haute qualit\u00e9. Le r\u00e9sultat est une craie de billard de haute qualit\u00e9, lisse et facile \u00e0 appliquer, offrant une excellente adh\u00e9rence sur les proc\u00e9d\u00e9s et r\u00e9duisant les erreurs de jeu. La craie de billard est disponible en 12 couleurs diff\u00e9rentes, vous permettant de choisir celle qui correspond le mieux \u00e0 vos pr\u00e9f\u00e9rences et \u00e0 votre style de jeu. Que vous soyez joueur professionnel ou amateur, cette craie de billard est un excellent choix pour am\u00e9liorer votre jeu et votre pr\u00e9cision \u00e0 la table.\" \/>\n<meta property=\"og:url\" content=\"https:\/\/theworldbilliards.com\/fr\/produit\/craies-brunswick-boite-12-unites\/\" \/>\n<meta property=\"og:site_name\" content=\"The World Billiards\" \/>\n<meta property=\"article:publisher\" content=\"https:\/\/www.facebook.com\/baby.foot.superbes\" \/>\n<meta property=\"article:modified_time\" content=\"2025-10-30T09:47:05+00:00\" \/>\n<meta property=\"og:image\" content=\"https:\/\/theworldbilliards.com\/wp-content\/uploads\/2025\/06\/brunswick-12-piece-billiard-chalk__tournament-green.webp\" \/>\n\t<meta property=\"og:image:width\" content=\"990\" \/>\n\t<meta property=\"og:image:height\" content=\"990\" \/>\n\t<meta property=\"og:image:type\" content=\"image\/webp\" \/>\n<meta name=\"twitter:card\" content=\"summary_large_image\" \/>\n<meta name=\"twitter:label1\" content=\"Dur\u00e9e de lecture estim\u00e9e\" \/>\n\t<meta name=\"twitter:data1\" content=\"1 minute\" \/>\n<script type=\"application\/ld+json\" class=\"yoast-schema-graph\">{\"@context\":\"https:\\\/\\\/schema.org\",\"@graph\":[{\"@type\":\"WebPage\",\"@id\":\"https:\\\/\\\/theworldbilliards.com\\\/fr\\\/produit\\\/craies-brunswick-boite-12-unites\\\/\",\"url\":\"https:\\\/\\\/theworldbilliards.com\\\/fr\\\/produit\\\/craies-brunswick-boite-12-unites\\\/\",\"name\":\"Acheter Craies Brunswick bo\u00eete 12 unit\u00e9s - The World Billiards\",\"isPartOf\":{\"@id\":\"https:\\\/\\\/theworldbilliards.com\\\/fr\\\/#website\"},\"primaryImageOfPage\":{\"@id\":\"https:\\\/\\\/theworldbilliards.com\\\/fr\\\/produit\\\/craies-brunswick-boite-12-unites\\\/#primaryimage\"},\"image\":{\"@id\":\"https:\\\/\\\/theworldbilliards.com\\\/fr\\\/produit\\\/craies-brunswick-boite-12-unites\\\/#primaryimage\"},\"thumbnailUrl\":\"https:\\\/\\\/theworldbilliards.com\\\/wp-content\\\/uploads\\\/2025\\\/06\\\/brunswick-12-piece-billiard-chalk__tournament-green.webp\",\"datePublished\":\"2025-06-13T10:35:02+00:00\",\"dateModified\":\"2025-10-30T09:47:05+00:00\",\"description\":\"Fabriqu\u00e9e \u00e0 partir de sable de la plus haute qualit\u00e9, exclusivement extrait aux \u00c9tats-Unis. Le processus de production implique l'ajout de la quantit\u00e9 appropri\u00e9e d'humidit\u00e9 et d'additifs pour garantir une craie de billard de la plus haute qualit\u00e9. Le r\u00e9sultat est une craie de billard de haute qualit\u00e9, lisse et facile \u00e0 appliquer, offrant une excellente adh\u00e9rence sur les proc\u00e9d\u00e9s et r\u00e9duisant les erreurs de jeu. La craie de billard est disponible en 12 couleurs diff\u00e9rentes, vous permettant de choisir celle qui correspond le mieux \u00e0 vos pr\u00e9f\u00e9rences et \u00e0 votre style de jeu. Que vous soyez joueur professionnel ou amateur, cette craie de billard est un excellent choix pour am\u00e9liorer votre jeu et votre pr\u00e9cision \u00e0 la table.\",\"breadcrumb\":{\"@id\":\"https:\\\/\\\/theworldbilliards.com\\\/fr\\\/produit\\\/craies-brunswick-boite-12-unites\\\/#breadcrumb\"},\"inLanguage\":\"fr-FR\",\"potentialAction\":[{\"@type\":\"ReadAction\",\"target\":[\"https:\\\/\\\/theworldbilliards.com\\\/fr\\\/produit\\\/craies-brunswick-boite-12-unites\\\/\"]}]},{\"@type\":\"ImageObject\",\"inLanguage\":\"fr-FR\",\"@id\":\"https:\\\/\\\/theworldbilliards.com\\\/fr\\\/produit\\\/craies-brunswick-boite-12-unites\\\/#primaryimage\",\"url\":\"https:\\\/\\\/theworldbilliards.com\\\/wp-content\\\/uploads\\\/2025\\\/06\\\/brunswick-12-piece-billiard-chalk__tournament-green.webp\",\"contentUrl\":\"https:\\\/\\\/theworldbilliards.com\\\/wp-content\\\/uploads\\\/2025\\\/06\\\/brunswick-12-piece-billiard-chalk__tournament-green.webp\",\"width\":990,\"height\":990},{\"@type\":\"BreadcrumbList\",\"@id\":\"https:\\\/\\\/theworldbilliards.com\\\/fr\\\/produit\\\/craies-brunswick-boite-12-unites\\\/#breadcrumb\",\"itemListElement\":[{\"@type\":\"ListItem\",\"position\":1,\"name\":\"In\u00edcio\",\"item\":\"https:\\\/\\\/theworldbilliards.com\\\/fr\\\/\"},{\"@type\":\"ListItem\",\"position\":2,\"name\":\"Boutique en ligne\",\"item\":\"https:\\\/\\\/theworldbilliards.com\\\/fr\\\/boutique-theworldbilliards\\\/\"},{\"@type\":\"ListItem\",\"position\":3,\"name\":\"Craies Brunswick bo\u00eete 12 unit\u00e9s\"}]},{\"@type\":\"WebSite\",\"@id\":\"https:\\\/\\\/theworldbilliards.com\\\/fr\\\/#website\",\"url\":\"https:\\\/\\\/theworldbilliards.com\\\/fr\\\/\",\"name\":\"TheWorldBilliards\",\"description\":\"Achetez ici billard, baby-foot, ping-pong et bowling\",\"publisher\":{\"@id\":\"https:\\\/\\\/theworldbilliards.com\\\/fr\\\/#organization\"},\"alternateName\":\"The world billiards\",\"potentialAction\":[{\"@type\":\"SearchAction\",\"target\":{\"@type\":\"EntryPoint\",\"urlTemplate\":\"https:\\\/\\\/theworldbilliards.com\\\/fr\\\/?s={search_term_string}\"},\"query-input\":{\"@type\":\"PropertyValueSpecification\",\"valueRequired\":true,\"valueName\":\"search_term_string\"}}],\"inLanguage\":\"fr-FR\"},{\"@type\":\"Organization\",\"@id\":\"https:\\\/\\\/theworldbilliards.com\\\/fr\\\/#organization\",\"name\":\"The World Billiards\",\"alternateName\":\"The World Billiards\",\"url\":\"https:\\\/\\\/theworldbilliards.com\\\/fr\\\/\",\"logo\":{\"@type\":\"ImageObject\",\"inLanguage\":\"fr-FR\",\"@id\":\"https:\\\/\\\/theworldbilliards.com\\\/fr\\\/#\\\/schema\\\/logo\\\/image\\\/\",\"url\":\"\",\"contentUrl\":\"\",\"caption\":\"The World Billiards\"},\"image\":{\"@id\":\"https:\\\/\\\/theworldbilliards.com\\\/fr\\\/#\\\/schema\\\/logo\\\/image\\\/\"},\"sameAs\":[\"https:\\\/\\\/www.facebook.com\\\/baby.foot.superbes\",\"https:\\\/\\\/www.youtube.com\\\/channel\\\/UCIMuOVAaUcH6UpZcsZlH0Tg\",\"https:\\\/\\\/www.facebook.com\\\/people\\\/Brunswick-Billiards-EspaaPortugal\\\/100066446264309\\\/\",\"https:\\\/\\\/www.instagram.com\\\/the_world_billiards\\\/\",\"https:\\\/\\\/www.pinterest.es\\\/Theworldbilliards\\\/\"]}]}<\/script>\n<!-- \/ Yoast SEO plugin. -->","yoast_head_json":{"title":"Acheter Craies Brunswick bo\u00eete 12 unit\u00e9s - The World Billiards","description":"Fabriqu\u00e9e \u00e0 partir de sable de la plus haute qualit\u00e9, exclusivement extrait aux \u00c9tats-Unis. Le processus de production implique l'ajout de la quantit\u00e9 appropri\u00e9e d'humidit\u00e9 et d'additifs pour garantir une craie de billard de la plus haute qualit\u00e9. Le r\u00e9sultat est une craie de billard de haute qualit\u00e9, lisse et facile \u00e0 appliquer, offrant une excellente adh\u00e9rence sur les proc\u00e9d\u00e9s et r\u00e9duisant les erreurs de jeu. La craie de billard est disponible en 12 couleurs diff\u00e9rentes, vous permettant de choisir celle qui correspond le mieux \u00e0 vos pr\u00e9f\u00e9rences et \u00e0 votre style de jeu. Que vous soyez joueur professionnel ou amateur, cette craie de billard est un excellent choix pour am\u00e9liorer votre jeu et votre pr\u00e9cision \u00e0 la table.","robots":{"index":"index","follow":"follow","max-snippet":"max-snippet:-1","max-image-preview":"max-image-preview:large","max-video-preview":"max-video-preview:-1"},"canonical":"https:\/\/theworldbilliards.com\/fr\/produit\/craies-brunswick-boite-12-unites\/","og_locale":"fr_FR","og_type":"article","og_title":"Acheter Craies Brunswick bo\u00eete 12 unit\u00e9s - The World Billiards","og_description":"Fabriqu\u00e9e \u00e0 partir de sable de la plus haute qualit\u00e9, exclusivement extrait aux \u00c9tats-Unis. Le processus de production implique l'ajout de la quantit\u00e9 appropri\u00e9e d'humidit\u00e9 et d'additifs pour garantir une craie de billard de la plus haute qualit\u00e9. Le r\u00e9sultat est une craie de billard de haute qualit\u00e9, lisse et facile \u00e0 appliquer, offrant une excellente adh\u00e9rence sur les proc\u00e9d\u00e9s et r\u00e9duisant les erreurs de jeu. La craie de billard est disponible en 12 couleurs diff\u00e9rentes, vous permettant de choisir celle qui correspond le mieux \u00e0 vos pr\u00e9f\u00e9rences et \u00e0 votre style de jeu. Que vous soyez joueur professionnel ou amateur, cette craie de billard est un excellent choix pour am\u00e9liorer votre jeu et votre pr\u00e9cision \u00e0 la table.","og_url":"https:\/\/theworldbilliards.com\/fr\/produit\/craies-brunswick-boite-12-unites\/","og_site_name":"The World Billiards","article_publisher":"https:\/\/www.facebook.com\/baby.foot.superbes","article_modified_time":"2025-10-30T09:47:05+00:00","og_image":[{"width":990,"height":990,"url":"https:\/\/theworldbilliards.com\/wp-content\/uploads\/2025\/06\/brunswick-12-piece-billiard-chalk__tournament-green.webp","type":"image\/webp"}],"twitter_card":"summary_large_image","twitter_misc":{"Dur\u00e9e de lecture estim\u00e9e":"1 minute"},"schema":{"@context":"https:\/\/schema.org","@graph":[{"@type":"WebPage","@id":"https:\/\/theworldbilliards.com\/fr\/produit\/craies-brunswick-boite-12-unites\/","url":"https:\/\/theworldbilliards.com\/fr\/produit\/craies-brunswick-boite-12-unites\/","name":"Acheter Craies Brunswick bo\u00eete 12 unit\u00e9s - The World Billiards","isPartOf":{"@id":"https:\/\/theworldbilliards.com\/fr\/#website"},"primaryImageOfPage":{"@id":"https:\/\/theworldbilliards.com\/fr\/produit\/craies-brunswick-boite-12-unites\/#primaryimage"},"image":{"@id":"https:\/\/theworldbilliards.com\/fr\/produit\/craies-brunswick-boite-12-unites\/#primaryimage"},"thumbnailUrl":"https:\/\/theworldbilliards.com\/wp-content\/uploads\/2025\/06\/brunswick-12-piece-billiard-chalk__tournament-green.webp","datePublished":"2025-06-13T10:35:02+00:00","dateModified":"2025-10-30T09:47:05+00:00","description":"Fabriqu\u00e9e \u00e0 partir de sable de la plus haute qualit\u00e9, exclusivement extrait aux \u00c9tats-Unis. Le processus de production implique l'ajout de la quantit\u00e9 appropri\u00e9e d'humidit\u00e9 et d'additifs pour garantir une craie de billard de la plus haute qualit\u00e9. Le r\u00e9sultat est une craie de billard de haute qualit\u00e9, lisse et facile \u00e0 appliquer, offrant une excellente adh\u00e9rence sur les proc\u00e9d\u00e9s et r\u00e9duisant les erreurs de jeu. La craie de billard est disponible en 12 couleurs diff\u00e9rentes, vous permettant de choisir celle qui correspond le mieux \u00e0 vos pr\u00e9f\u00e9rences et \u00e0 votre style de jeu. Que vous soyez joueur professionnel ou amateur, cette craie de billard est un excellent choix pour am\u00e9liorer votre jeu et votre pr\u00e9cision \u00e0 la table.","breadcrumb":{"@id":"https:\/\/theworldbilliards.com\/fr\/produit\/craies-brunswick-boite-12-unites\/#breadcrumb"},"inLanguage":"fr-FR","potentialAction":[{"@type":"ReadAction","target":["https:\/\/theworldbilliards.com\/fr\/produit\/craies-brunswick-boite-12-unites\/"]}]},{"@type":"ImageObject","inLanguage":"fr-FR","@id":"https:\/\/theworldbilliards.com\/fr\/produit\/craies-brunswick-boite-12-unites\/#primaryimage","url":"https:\/\/theworldbilliards.com\/wp-content\/uploads\/2025\/06\/brunswick-12-piece-billiard-chalk__tournament-green.webp","contentUrl":"https:\/\/theworldbilliards.com\/wp-content\/uploads\/2025\/06\/brunswick-12-piece-billiard-chalk__tournament-green.webp","width":990,"height":990},{"@type":"BreadcrumbList","@id":"https:\/\/theworldbilliards.com\/fr\/produit\/craies-brunswick-boite-12-unites\/#breadcrumb","itemListElement":[{"@type":"ListItem","position":1,"name":"In\u00edcio","item":"https:\/\/theworldbilliards.com\/fr\/"},{"@type":"ListItem","position":2,"name":"Boutique en ligne","item":"https:\/\/theworldbilliards.com\/fr\/boutique-theworldbilliards\/"},{"@type":"ListItem","position":3,"name":"Craies Brunswick bo\u00eete 12 unit\u00e9s"}]},{"@type":"WebSite","@id":"https:\/\/theworldbilliards.com\/fr\/#website","url":"https:\/\/theworldbilliards.com\/fr\/","name":"TheWorldBilliards","description":"Achetez ici billard, baby-foot, ping-pong et bowling","publisher":{"@id":"https:\/\/theworldbilliards.com\/fr\/#organization"},"alternateName":"The world billiards","potentialAction":[{"@type":"SearchAction","target":{"@type":"EntryPoint","urlTemplate":"https:\/\/theworldbilliards.com\/fr\/?s={search_term_string}"},"query-input":{"@type":"PropertyValueSpecification","valueRequired":true,"valueName":"search_term_string"}}],"inLanguage":"fr-FR"},{"@type":"Organization","@id":"https:\/\/theworldbilliards.com\/fr\/#organization","name":"The World Billiards","alternateName":"The World Billiards","url":"https:\/\/theworldbilliards.com\/fr\/","logo":{"@type":"ImageObject","inLanguage":"fr-FR","@id":"https:\/\/theworldbilliards.com\/fr\/#\/schema\/logo\/image\/","url":"","contentUrl":"","caption":"The World Billiards"},"image":{"@id":"https:\/\/theworldbilliards.com\/fr\/#\/schema\/logo\/image\/"},"sameAs":["https:\/\/www.facebook.com\/baby.foot.superbes","https:\/\/www.youtube.com\/channel\/UCIMuOVAaUcH6UpZcsZlH0Tg","https:\/\/www.facebook.com\/people\/Brunswick-Billiards-EspaaPortugal\/100066446264309\/","https:\/\/www.instagram.com\/the_world_billiards\/","https:\/\/www.pinterest.es\/Theworldbilliards\/"]}]}},"_links":{"self":[{"href":"https:\/\/theworldbilliards.com\/fr\/wp-json\/wp\/v2\/product\/107788","targetHints":{"allow":["GET"]}}],"collection":[{"href":"https:\/\/theworldbilliards.com\/fr\/wp-json\/wp\/v2\/product"}],"about":[{"href":"https:\/\/theworldbilliards.com\/fr\/wp-json\/wp\/v2\/types\/product"}],"wp:featuredmedia":[{"embeddable":true,"href":"https:\/\/theworldbilliards.com\/fr\/wp-json\/wp\/v2\/media\/107791"}],"wp:attachment":[{"href":"https:\/\/theworldbilliards.com\/fr\/wp-json\/wp\/v2\/media?parent=107788"}],"wp:term":[{"taxonomy":"product_brand","embeddable":true,"href":"https:\/\/theworldbilliards.com\/fr\/wp-json\/wp\/v2\/product_brand?post=107788"},{"taxonomy":"product_cat","embeddable":true,"href":"https:\/\/theworldbilliards.com\/fr\/wp-json\/wp\/v2\/product_cat?post=107788"},{"taxonomy":"product_tag","embeddable":true,"href":"https:\/\/theworldbilliards.com\/fr\/wp-json\/wp\/v2\/product_tag?post=107788"}],"curies":[{"name":"wp","href":"https:\/\/api.w.org\/{rel}","templated":true}]}}