{"id":107966,"date":"2025-06-23T12:38:17","date_gmt":"2025-06-23T10:38:17","guid":{"rendered":"https:\/\/theworldbilliards.com\/?post_type=product&#038;p=107966"},"modified":"2025-09-17T10:34:03","modified_gmt":"2025-09-17T08:34:03","slug":"baby-foot-garlando-number-1","status":"publish","type":"product","link":"https:\/\/theworldbilliards.com\/fr\/produit\/baby-foot-garlando-number-1\/","title":{"rendered":"Baby foot Garlando Number 1"},"content":{"rendered":"<p>L&rsquo;ITSF #1 est le nouveau baby-foot sans jetons, officiellement homologu\u00e9 par la F\u00e9d\u00e9ration Internationale de Baby-Foot pour les tournois internationaux. \u00c9volution du World Champion 2.0, il est con\u00e7u pour les joueurs les plus exigeants.<\/p>\n<p>Le meuble robuste en MDF de 30 mm, blanc et orn\u00e9 du logo ITSF, est dot\u00e9 de pieds m\u00e9talliques carr\u00e9s de 10 x 10 cm avec patins r\u00e9glables pour une surface de jeu parfaitement plane. Les tiges en acier antirouille de 16 mm sont tr\u00e8s r\u00e9sistantes \u00e0 la torsion, tandis que les nouveaux pare-chocs et roulements \u00e0 billes en acier assurent un mouvement fluide et absorbent les chocs.<\/p>\n<p>Les joueurs incassables sont moul\u00e9s directement sur les tiges pour une prise en main s\u00fbre, et le plateau de jeu en verre sabl\u00e9 reproduit fid\u00e8lement un terrain de football. Le syst\u00e8me de r\u00e9cup\u00e9ration rapide des balles et les buts renforc\u00e9s en HDP garantissent des trajectoires de balle r\u00e9guli\u00e8res. Le compteur de scores boulier avec niveau \u00e0 bulle et trois balles Speed \u200b\u200bControl Plus compl\u00e8tent cette table id\u00e9ale pour les tournois.<\/p>\n<p>Longueur 143cm<br \/>\nLargeur avec tiges solides 125cm<br \/>\nHauteur 94 * \/ 96 ** cm<br \/>\nPoids 91Kg<\/p>\n<p>Emballage 148 x 79 x 39cm<br \/>\n* avec les niveleurs de jambe compl\u00e8tement abaiss\u00e9s.<br \/>\n** avec les niveleurs de jambe enti\u00e8rement relev\u00e9s.<\/p>\n<p><iframe loading=\"lazy\" title=\"YouTube video player\" src=\"https:\/\/www.youtube.com\/embed\/2mg_mjBGclQ?si=dey3_GRHUg2qQ-df\" width=\"560\" height=\"315\" frameborder=\"0\" allowfullscreen=\"allowfullscreen\"><\/iframe><\/p>\n","protected":false},"excerpt":{"rendered":"<p>L&rsquo;ITSF #1 est le nouveau baby-foot sans jetons, officiellement homologu\u00e9 par la F\u00e9d\u00e9ration Internationale de Baby-Foot pour les tournois internationaux. [&hellip;]<\/p>\n","protected":false},"featured_media":107969,"template":"","meta":{"site-sidebar-layout":"default","site-content-layout":"","ast-site-content-layout":"default","site-content-style":"default","site-sidebar-style":"default","ast-global-header-display":"","ast-banner-title-visibility":"","ast-main-header-display":"","ast-hfb-above-header-display":"","ast-hfb-below-header-display":"","ast-hfb-mobile-header-display":"","site-post-title":"","ast-breadcrumbs-content":"","ast-featured-img":"","footer-sml-layout":"","ast-disable-related-posts":"","theme-transparent-header-meta":"default","adv-header-id-meta":"","stick-header-meta":"","header-above-stick-meta":"","header-main-stick-meta":"","header-below-stick-meta":"","astra-migrate-meta-layouts":"default","ast-page-background-enabled":"default","ast-page-background-meta":{"desktop":{"background-color":"var(--ast-global-color-4)","background-image":"","background-repeat":"repeat","background-position":"center center","background-size":"auto","background-attachment":"scroll","background-type":"","background-media":"","overlay-type":"","overlay-color":"","overlay-opacity":"","overlay-gradient":""},"tablet":{"background-color":"","background-image":"","background-repeat":"repeat","background-position":"center center","background-size":"auto","background-attachment":"scroll","background-type":"","background-media":"","overlay-type":"","overlay-color":"","overlay-opacity":"","overlay-gradient":""},"mobile":{"background-color":"","background-image":"","background-repeat":"repeat","background-position":"center center","background-size":"auto","background-attachment":"scroll","background-type":"","background-media":"","overlay-type":"","overlay-color":"","overlay-opacity":"","overlay-gradient":""}},"ast-content-background-meta":{"desktop":{"background-color":"var(--ast-global-color-5)","background-image":"","background-repeat":"repeat","background-position":"center center","background-size":"auto","background-attachment":"scroll","background-type":"","background-media":"","overlay-type":"","overlay-color":"","overlay-opacity":"","overlay-gradient":""},"tablet":{"background-color":"var(--ast-global-color-5)","background-image":"","background-repeat":"repeat","background-position":"center center","background-size":"auto","background-attachment":"scroll","background-type":"","background-media":"","overlay-type":"","overlay-color":"","overlay-opacity":"","overlay-gradient":""},"mobile":{"background-color":"var(--ast-global-color-5)","background-image":"","background-repeat":"repeat","background-position":"center center","background-size":"auto","background-attachment":"scroll","background-type":"","background-media":"","overlay-type":"","overlay-color":"","overlay-opacity":"","overlay-gradient":""}}},"product_brand":[5230],"product_cat":[1434,1437],"product_tag":[],"class_list":{"0":"post-107966","1":"product","2":"type-product","3":"status-publish","4":"has-post-thumbnail","6":"product_brand-garlando-fr","7":"product_cat-baby-foot-de-competition","8":"product_cat-baby-foot-sans-monnayeur","9":"product_shipping_class-baby-foot","10":"desktop-align-center","11":"tablet-align-left","12":"mobile-align-left","14":"first","15":"instock","16":"taxable","17":"shipping-taxable","18":"purchasable","19":"product-type-simple"},"yoast_head":"<!-- This site is optimized with the Yoast SEO plugin v27.4 - https:\/\/yoast.com\/product\/yoast-seo-wordpress\/ -->\n<title>Acheter Baby foot Garlando Number 1 - The World Billiards<\/title>\n<meta name=\"description\" content=\"L&#039;ITSF #1 est le nouveau baby-foot sans jetons, officiellement homologu\u00e9 par la F\u00e9d\u00e9ration Internationale de Baby-Foot pour les tournois internationaux. \u00c9volution du World Champion 2.0, il est con\u00e7u pour les joueurs les plus exigeants.  Le meuble robuste en MDF de 30 mm, blanc et orn\u00e9 du logo ITSF, est dot\u00e9 de pieds m\u00e9talliques carr\u00e9s de 10 x 10 cm avec patins r\u00e9glables pour une surface de jeu parfaitement plane. Les tiges en acier antirouille de 16 mm sont tr\u00e8s r\u00e9sistantes \u00e0 la torsion, tandis que les nouveaux pare-chocs et roulements \u00e0 billes en acier assurent un mouvement fluide et absorbent les chocs.  Les joueurs incassables sont moul\u00e9s directement sur les tiges pour une prise en main s\u00fbre, et le plateau de jeu en verre sabl\u00e9 reproduit fid\u00e8lement un terrain de football. Le syst\u00e8me de r\u00e9cup\u00e9ration rapide des balles et les buts renforc\u00e9s en HDP garantissent des trajectoires de balle r\u00e9guli\u00e8res. Le compteur de scores boulier avec niveau \u00e0 bulle et trois balles Speed \u200b\u200bControl Plus compl\u00e8tent cette table id\u00e9ale pour les tournois.  Longueur 143cm Largeur avec tiges solides 125cm Hauteur 94 * \/ 96 ** cm Poids 91Kg  Emballage 148 x 79 x 39cm * avec les niveleurs de jambe compl\u00e8tement abaiss\u00e9s. ** avec les niveleurs de jambe enti\u00e8rement relev\u00e9s.\" \/>\n<meta name=\"robots\" content=\"index, follow, max-snippet:-1, max-image-preview:large, max-video-preview:-1\" \/>\n<link rel=\"canonical\" href=\"https:\/\/theworldbilliards.com\/fr\/produit\/baby-foot-garlando-number-1\/\" \/>\n<meta property=\"og:locale\" content=\"fr_FR\" \/>\n<meta property=\"og:type\" content=\"article\" \/>\n<meta property=\"og:title\" content=\"Acheter Baby foot Garlando Number 1 - The World Billiards\" \/>\n<meta property=\"og:description\" content=\"L&#039;ITSF #1 est le nouveau baby-foot sans jetons, officiellement homologu\u00e9 par la F\u00e9d\u00e9ration Internationale de Baby-Foot pour les tournois internationaux. \u00c9volution du World Champion 2.0, il est con\u00e7u pour les joueurs les plus exigeants.  Le meuble robuste en MDF de 30 mm, blanc et orn\u00e9 du logo ITSF, est dot\u00e9 de pieds m\u00e9talliques carr\u00e9s de 10 x 10 cm avec patins r\u00e9glables pour une surface de jeu parfaitement plane. Les tiges en acier antirouille de 16 mm sont tr\u00e8s r\u00e9sistantes \u00e0 la torsion, tandis que les nouveaux pare-chocs et roulements \u00e0 billes en acier assurent un mouvement fluide et absorbent les chocs.  Les joueurs incassables sont moul\u00e9s directement sur les tiges pour une prise en main s\u00fbre, et le plateau de jeu en verre sabl\u00e9 reproduit fid\u00e8lement un terrain de football. Le syst\u00e8me de r\u00e9cup\u00e9ration rapide des balles et les buts renforc\u00e9s en HDP garantissent des trajectoires de balle r\u00e9guli\u00e8res. Le compteur de scores boulier avec niveau \u00e0 bulle et trois balles Speed \u200b\u200bControl Plus compl\u00e8tent cette table id\u00e9ale pour les tournois.  Longueur 143cm Largeur avec tiges solides 125cm Hauteur 94 * \/ 96 ** cm Poids 91Kg  Emballage 148 x 79 x 39cm * avec les niveleurs de jambe compl\u00e8tement abaiss\u00e9s. ** avec les niveleurs de jambe enti\u00e8rement relev\u00e9s.\" \/>\n<meta property=\"og:url\" content=\"https:\/\/theworldbilliards.com\/fr\/produit\/baby-foot-garlando-number-1\/\" \/>\n<meta property=\"og:site_name\" content=\"The World Billiards\" \/>\n<meta property=\"article:publisher\" content=\"https:\/\/www.facebook.com\/baby.foot.superbes\" \/>\n<meta property=\"article:modified_time\" content=\"2025-09-17T08:34:03+00:00\" \/>\n<meta property=\"og:image\" content=\"https:\/\/theworldbilliards.com\/wp-content\/uploads\/2025\/06\/NUMBER-1.jpg\" \/>\n\t<meta property=\"og:image:width\" content=\"1712\" \/>\n\t<meta property=\"og:image:height\" content=\"1713\" \/>\n\t<meta property=\"og:image:type\" content=\"image\/jpeg\" \/>\n<meta name=\"twitter:card\" content=\"summary_large_image\" \/>\n<script type=\"application\/ld+json\" class=\"yoast-schema-graph\">{\"@context\":\"https:\\\/\\\/schema.org\",\"@graph\":[{\"@type\":\"WebPage\",\"@id\":\"https:\\\/\\\/theworldbilliards.com\\\/fr\\\/produit\\\/baby-foot-garlando-number-1\\\/\",\"url\":\"https:\\\/\\\/theworldbilliards.com\\\/fr\\\/produit\\\/baby-foot-garlando-number-1\\\/\",\"name\":\"Acheter Baby foot Garlando Number 1 - The World Billiards\",\"isPartOf\":{\"@id\":\"https:\\\/\\\/theworldbilliards.com\\\/fr\\\/#website\"},\"primaryImageOfPage\":{\"@id\":\"https:\\\/\\\/theworldbilliards.com\\\/fr\\\/produit\\\/baby-foot-garlando-number-1\\\/#primaryimage\"},\"image\":{\"@id\":\"https:\\\/\\\/theworldbilliards.com\\\/fr\\\/produit\\\/baby-foot-garlando-number-1\\\/#primaryimage\"},\"thumbnailUrl\":\"https:\\\/\\\/theworldbilliards.com\\\/wp-content\\\/uploads\\\/2025\\\/06\\\/NUMBER-1.jpg\",\"datePublished\":\"2025-06-23T10:38:17+00:00\",\"dateModified\":\"2025-09-17T08:34:03+00:00\",\"description\":\"L'ITSF #1 est le nouveau baby-foot sans jetons, officiellement homologu\u00e9 par la F\u00e9d\u00e9ration Internationale de Baby-Foot pour les tournois internationaux. \u00c9volution du World Champion 2.0, il est con\u00e7u pour les joueurs les plus exigeants. Le meuble robuste en MDF de 30 mm, blanc et orn\u00e9 du logo ITSF, est dot\u00e9 de pieds m\u00e9talliques carr\u00e9s de 10 x 10 cm avec patins r\u00e9glables pour une surface de jeu parfaitement plane. Les tiges en acier antirouille de 16 mm sont tr\u00e8s r\u00e9sistantes \u00e0 la torsion, tandis que les nouveaux pare-chocs et roulements \u00e0 billes en acier assurent un mouvement fluide et absorbent les chocs. Les joueurs incassables sont moul\u00e9s directement sur les tiges pour une prise en main s\u00fbre, et le plateau de jeu en verre sabl\u00e9 reproduit fid\u00e8lement un terrain de football. Le syst\u00e8me de r\u00e9cup\u00e9ration rapide des balles et les buts renforc\u00e9s en HDP garantissent des trajectoires de balle r\u00e9guli\u00e8res. Le compteur de scores boulier avec niveau \u00e0 bulle et trois balles Speed \u200b\u200bControl Plus compl\u00e8tent cette table id\u00e9ale pour les tournois. Longueur 143cm Largeur avec tiges solides 125cm Hauteur 94 * \\\/ 96 ** cm Poids 91Kg Emballage 148 x 79 x 39cm * avec les niveleurs de jambe compl\u00e8tement abaiss\u00e9s. ** avec les niveleurs de jambe enti\u00e8rement relev\u00e9s.\",\"breadcrumb\":{\"@id\":\"https:\\\/\\\/theworldbilliards.com\\\/fr\\\/produit\\\/baby-foot-garlando-number-1\\\/#breadcrumb\"},\"inLanguage\":\"fr-FR\",\"potentialAction\":[{\"@type\":\"ReadAction\",\"target\":[\"https:\\\/\\\/theworldbilliards.com\\\/fr\\\/produit\\\/baby-foot-garlando-number-1\\\/\"]}]},{\"@type\":\"ImageObject\",\"inLanguage\":\"fr-FR\",\"@id\":\"https:\\\/\\\/theworldbilliards.com\\\/fr\\\/produit\\\/baby-foot-garlando-number-1\\\/#primaryimage\",\"url\":\"https:\\\/\\\/theworldbilliards.com\\\/wp-content\\\/uploads\\\/2025\\\/06\\\/NUMBER-1.jpg\",\"contentUrl\":\"https:\\\/\\\/theworldbilliards.com\\\/wp-content\\\/uploads\\\/2025\\\/06\\\/NUMBER-1.jpg\",\"width\":1712,\"height\":1713},{\"@type\":\"BreadcrumbList\",\"@id\":\"https:\\\/\\\/theworldbilliards.com\\\/fr\\\/produit\\\/baby-foot-garlando-number-1\\\/#breadcrumb\",\"itemListElement\":[{\"@type\":\"ListItem\",\"position\":1,\"name\":\"In\u00edcio\",\"item\":\"https:\\\/\\\/theworldbilliards.com\\\/fr\\\/\"},{\"@type\":\"ListItem\",\"position\":2,\"name\":\"Boutique en ligne\",\"item\":\"https:\\\/\\\/theworldbilliards.com\\\/fr\\\/boutique-theworldbilliards\\\/\"},{\"@type\":\"ListItem\",\"position\":3,\"name\":\"Baby foot Garlando Number 1\"}]},{\"@type\":\"WebSite\",\"@id\":\"https:\\\/\\\/theworldbilliards.com\\\/fr\\\/#website\",\"url\":\"https:\\\/\\\/theworldbilliards.com\\\/fr\\\/\",\"name\":\"TheWorldBilliards\",\"description\":\"Achetez ici billard, baby-foot, ping-pong et bowling\",\"publisher\":{\"@id\":\"https:\\\/\\\/theworldbilliards.com\\\/fr\\\/#organization\"},\"alternateName\":\"The world billiards\",\"potentialAction\":[{\"@type\":\"SearchAction\",\"target\":{\"@type\":\"EntryPoint\",\"urlTemplate\":\"https:\\\/\\\/theworldbilliards.com\\\/fr\\\/?s={search_term_string}\"},\"query-input\":{\"@type\":\"PropertyValueSpecification\",\"valueRequired\":true,\"valueName\":\"search_term_string\"}}],\"inLanguage\":\"fr-FR\"},{\"@type\":\"Organization\",\"@id\":\"https:\\\/\\\/theworldbilliards.com\\\/fr\\\/#organization\",\"name\":\"The World Billiards\",\"alternateName\":\"The World Billiards\",\"url\":\"https:\\\/\\\/theworldbilliards.com\\\/fr\\\/\",\"logo\":{\"@type\":\"ImageObject\",\"inLanguage\":\"fr-FR\",\"@id\":\"https:\\\/\\\/theworldbilliards.com\\\/fr\\\/#\\\/schema\\\/logo\\\/image\\\/\",\"url\":\"\",\"contentUrl\":\"\",\"caption\":\"The World Billiards\"},\"image\":{\"@id\":\"https:\\\/\\\/theworldbilliards.com\\\/fr\\\/#\\\/schema\\\/logo\\\/image\\\/\"},\"sameAs\":[\"https:\\\/\\\/www.facebook.com\\\/baby.foot.superbes\",\"https:\\\/\\\/www.youtube.com\\\/channel\\\/UCIMuOVAaUcH6UpZcsZlH0Tg\",\"https:\\\/\\\/www.facebook.com\\\/people\\\/Brunswick-Billiards-EspaaPortugal\\\/100066446264309\\\/\",\"https:\\\/\\\/www.instagram.com\\\/the_world_billiards\\\/\",\"https:\\\/\\\/www.pinterest.es\\\/Theworldbilliards\\\/\"]}]}<\/script>\n<!-- \/ Yoast SEO plugin. -->","yoast_head_json":{"title":"Acheter Baby foot Garlando Number 1 - The World Billiards","description":"L'ITSF #1 est le nouveau baby-foot sans jetons, officiellement homologu\u00e9 par la F\u00e9d\u00e9ration Internationale de Baby-Foot pour les tournois internationaux. \u00c9volution du World Champion 2.0, il est con\u00e7u pour les joueurs les plus exigeants.  Le meuble robuste en MDF de 30 mm, blanc et orn\u00e9 du logo ITSF, est dot\u00e9 de pieds m\u00e9talliques carr\u00e9s de 10 x 10 cm avec patins r\u00e9glables pour une surface de jeu parfaitement plane. Les tiges en acier antirouille de 16 mm sont tr\u00e8s r\u00e9sistantes \u00e0 la torsion, tandis que les nouveaux pare-chocs et roulements \u00e0 billes en acier assurent un mouvement fluide et absorbent les chocs.  Les joueurs incassables sont moul\u00e9s directement sur les tiges pour une prise en main s\u00fbre, et le plateau de jeu en verre sabl\u00e9 reproduit fid\u00e8lement un terrain de football. Le syst\u00e8me de r\u00e9cup\u00e9ration rapide des balles et les buts renforc\u00e9s en HDP garantissent des trajectoires de balle r\u00e9guli\u00e8res. Le compteur de scores boulier avec niveau \u00e0 bulle et trois balles Speed \u200b\u200bControl Plus compl\u00e8tent cette table id\u00e9ale pour les tournois.  Longueur 143cm Largeur avec tiges solides 125cm Hauteur 94 * \/ 96 ** cm Poids 91Kg  Emballage 148 x 79 x 39cm * avec les niveleurs de jambe compl\u00e8tement abaiss\u00e9s. ** avec les niveleurs de jambe enti\u00e8rement relev\u00e9s.","robots":{"index":"index","follow":"follow","max-snippet":"max-snippet:-1","max-image-preview":"max-image-preview:large","max-video-preview":"max-video-preview:-1"},"canonical":"https:\/\/theworldbilliards.com\/fr\/produit\/baby-foot-garlando-number-1\/","og_locale":"fr_FR","og_type":"article","og_title":"Acheter Baby foot Garlando Number 1 - The World Billiards","og_description":"L'ITSF #1 est le nouveau baby-foot sans jetons, officiellement homologu\u00e9 par la F\u00e9d\u00e9ration Internationale de Baby-Foot pour les tournois internationaux. \u00c9volution du World Champion 2.0, il est con\u00e7u pour les joueurs les plus exigeants.  Le meuble robuste en MDF de 30 mm, blanc et orn\u00e9 du logo ITSF, est dot\u00e9 de pieds m\u00e9talliques carr\u00e9s de 10 x 10 cm avec patins r\u00e9glables pour une surface de jeu parfaitement plane. Les tiges en acier antirouille de 16 mm sont tr\u00e8s r\u00e9sistantes \u00e0 la torsion, tandis que les nouveaux pare-chocs et roulements \u00e0 billes en acier assurent un mouvement fluide et absorbent les chocs.  Les joueurs incassables sont moul\u00e9s directement sur les tiges pour une prise en main s\u00fbre, et le plateau de jeu en verre sabl\u00e9 reproduit fid\u00e8lement un terrain de football. Le syst\u00e8me de r\u00e9cup\u00e9ration rapide des balles et les buts renforc\u00e9s en HDP garantissent des trajectoires de balle r\u00e9guli\u00e8res. Le compteur de scores boulier avec niveau \u00e0 bulle et trois balles Speed \u200b\u200bControl Plus compl\u00e8tent cette table id\u00e9ale pour les tournois.  Longueur 143cm Largeur avec tiges solides 125cm Hauteur 94 * \/ 96 ** cm Poids 91Kg  Emballage 148 x 79 x 39cm * avec les niveleurs de jambe compl\u00e8tement abaiss\u00e9s. ** avec les niveleurs de jambe enti\u00e8rement relev\u00e9s.","og_url":"https:\/\/theworldbilliards.com\/fr\/produit\/baby-foot-garlando-number-1\/","og_site_name":"The World Billiards","article_publisher":"https:\/\/www.facebook.com\/baby.foot.superbes","article_modified_time":"2025-09-17T08:34:03+00:00","og_image":[{"width":1712,"height":1713,"url":"https:\/\/theworldbilliards.com\/wp-content\/uploads\/2025\/06\/NUMBER-1.jpg","type":"image\/jpeg"}],"twitter_card":"summary_large_image","schema":{"@context":"https:\/\/schema.org","@graph":[{"@type":"WebPage","@id":"https:\/\/theworldbilliards.com\/fr\/produit\/baby-foot-garlando-number-1\/","url":"https:\/\/theworldbilliards.com\/fr\/produit\/baby-foot-garlando-number-1\/","name":"Acheter Baby foot Garlando Number 1 - The World Billiards","isPartOf":{"@id":"https:\/\/theworldbilliards.com\/fr\/#website"},"primaryImageOfPage":{"@id":"https:\/\/theworldbilliards.com\/fr\/produit\/baby-foot-garlando-number-1\/#primaryimage"},"image":{"@id":"https:\/\/theworldbilliards.com\/fr\/produit\/baby-foot-garlando-number-1\/#primaryimage"},"thumbnailUrl":"https:\/\/theworldbilliards.com\/wp-content\/uploads\/2025\/06\/NUMBER-1.jpg","datePublished":"2025-06-23T10:38:17+00:00","dateModified":"2025-09-17T08:34:03+00:00","description":"L'ITSF #1 est le nouveau baby-foot sans jetons, officiellement homologu\u00e9 par la F\u00e9d\u00e9ration Internationale de Baby-Foot pour les tournois internationaux. \u00c9volution du World Champion 2.0, il est con\u00e7u pour les joueurs les plus exigeants. Le meuble robuste en MDF de 30 mm, blanc et orn\u00e9 du logo ITSF, est dot\u00e9 de pieds m\u00e9talliques carr\u00e9s de 10 x 10 cm avec patins r\u00e9glables pour une surface de jeu parfaitement plane. Les tiges en acier antirouille de 16 mm sont tr\u00e8s r\u00e9sistantes \u00e0 la torsion, tandis que les nouveaux pare-chocs et roulements \u00e0 billes en acier assurent un mouvement fluide et absorbent les chocs. Les joueurs incassables sont moul\u00e9s directement sur les tiges pour une prise en main s\u00fbre, et le plateau de jeu en verre sabl\u00e9 reproduit fid\u00e8lement un terrain de football. Le syst\u00e8me de r\u00e9cup\u00e9ration rapide des balles et les buts renforc\u00e9s en HDP garantissent des trajectoires de balle r\u00e9guli\u00e8res. Le compteur de scores boulier avec niveau \u00e0 bulle et trois balles Speed \u200b\u200bControl Plus compl\u00e8tent cette table id\u00e9ale pour les tournois. Longueur 143cm Largeur avec tiges solides 125cm Hauteur 94 * \/ 96 ** cm Poids 91Kg Emballage 148 x 79 x 39cm * avec les niveleurs de jambe compl\u00e8tement abaiss\u00e9s. ** avec les niveleurs de jambe enti\u00e8rement relev\u00e9s.","breadcrumb":{"@id":"https:\/\/theworldbilliards.com\/fr\/produit\/baby-foot-garlando-number-1\/#breadcrumb"},"inLanguage":"fr-FR","potentialAction":[{"@type":"ReadAction","target":["https:\/\/theworldbilliards.com\/fr\/produit\/baby-foot-garlando-number-1\/"]}]},{"@type":"ImageObject","inLanguage":"fr-FR","@id":"https:\/\/theworldbilliards.com\/fr\/produit\/baby-foot-garlando-number-1\/#primaryimage","url":"https:\/\/theworldbilliards.com\/wp-content\/uploads\/2025\/06\/NUMBER-1.jpg","contentUrl":"https:\/\/theworldbilliards.com\/wp-content\/uploads\/2025\/06\/NUMBER-1.jpg","width":1712,"height":1713},{"@type":"BreadcrumbList","@id":"https:\/\/theworldbilliards.com\/fr\/produit\/baby-foot-garlando-number-1\/#breadcrumb","itemListElement":[{"@type":"ListItem","position":1,"name":"In\u00edcio","item":"https:\/\/theworldbilliards.com\/fr\/"},{"@type":"ListItem","position":2,"name":"Boutique en ligne","item":"https:\/\/theworldbilliards.com\/fr\/boutique-theworldbilliards\/"},{"@type":"ListItem","position":3,"name":"Baby foot Garlando Number 1"}]},{"@type":"WebSite","@id":"https:\/\/theworldbilliards.com\/fr\/#website","url":"https:\/\/theworldbilliards.com\/fr\/","name":"TheWorldBilliards","description":"Achetez ici billard, baby-foot, ping-pong et bowling","publisher":{"@id":"https:\/\/theworldbilliards.com\/fr\/#organization"},"alternateName":"The world billiards","potentialAction":[{"@type":"SearchAction","target":{"@type":"EntryPoint","urlTemplate":"https:\/\/theworldbilliards.com\/fr\/?s={search_term_string}"},"query-input":{"@type":"PropertyValueSpecification","valueRequired":true,"valueName":"search_term_string"}}],"inLanguage":"fr-FR"},{"@type":"Organization","@id":"https:\/\/theworldbilliards.com\/fr\/#organization","name":"The World Billiards","alternateName":"The World Billiards","url":"https:\/\/theworldbilliards.com\/fr\/","logo":{"@type":"ImageObject","inLanguage":"fr-FR","@id":"https:\/\/theworldbilliards.com\/fr\/#\/schema\/logo\/image\/","url":"","contentUrl":"","caption":"The World Billiards"},"image":{"@id":"https:\/\/theworldbilliards.com\/fr\/#\/schema\/logo\/image\/"},"sameAs":["https:\/\/www.facebook.com\/baby.foot.superbes","https:\/\/www.youtube.com\/channel\/UCIMuOVAaUcH6UpZcsZlH0Tg","https:\/\/www.facebook.com\/people\/Brunswick-Billiards-EspaaPortugal\/100066446264309\/","https:\/\/www.instagram.com\/the_world_billiards\/","https:\/\/www.pinterest.es\/Theworldbilliards\/"]}]}},"_links":{"self":[{"href":"https:\/\/theworldbilliards.com\/fr\/wp-json\/wp\/v2\/product\/107966","targetHints":{"allow":["GET"]}}],"collection":[{"href":"https:\/\/theworldbilliards.com\/fr\/wp-json\/wp\/v2\/product"}],"about":[{"href":"https:\/\/theworldbilliards.com\/fr\/wp-json\/wp\/v2\/types\/product"}],"wp:featuredmedia":[{"embeddable":true,"href":"https:\/\/theworldbilliards.com\/fr\/wp-json\/wp\/v2\/media\/107969"}],"wp:attachment":[{"href":"https:\/\/theworldbilliards.com\/fr\/wp-json\/wp\/v2\/media?parent=107966"}],"wp:term":[{"taxonomy":"product_brand","embeddable":true,"href":"https:\/\/theworldbilliards.com\/fr\/wp-json\/wp\/v2\/product_brand?post=107966"},{"taxonomy":"product_cat","embeddable":true,"href":"https:\/\/theworldbilliards.com\/fr\/wp-json\/wp\/v2\/product_cat?post=107966"},{"taxonomy":"product_tag","embeddable":true,"href":"https:\/\/theworldbilliards.com\/fr\/wp-json\/wp\/v2\/product_tag?post=107966"}],"curies":[{"name":"wp","href":"https:\/\/api.w.org\/{rel}","templated":true}]}}