{"id":108329,"date":"2025-07-21T13:28:16","date_gmt":"2025-07-21T11:28:16","guid":{"rendered":"https:\/\/theworldbilliards.com\/?post_type=product&#038;p=108329"},"modified":"2025-07-22T10:40:30","modified_gmt":"2025-07-22T08:40:30","slug":"table-tennis-de-table-busan","status":"publish","type":"product","link":"https:\/\/theworldbilliards.com\/fr\/produit\/table-tennis-de-table-busan\/","title":{"rendered":"Table Tennis de table Busan"},"content":{"rendered":"<p>Busan est une table de tennis de table modulaire o\u00f9 la flexibilit\u00e9 est primordiale. Deux \u00e9l\u00e9ments distincts, reli\u00e9s par un filet, permettent d&rsquo;organiser des matchs m\u00e9morables et d&rsquo;accueillir 16 personnes pour un moment convivial. Un terrain de jeu en bois soutenu par une base conique blanche vous promet un match m\u00e9morable.<\/p>\n<p>Structure \u2013 M\u00e9tallique<br \/>\nEspace de jeu \u2013 Dimensions r\u00e9glementaires 274 x 152,5 cm, bois \u00e9p. 25 mm<br \/>\nPoids net \u2013 116 kg<br \/>\nHauteur depuis le sol \u2013 75 cm<br \/>\nUtilisation \u2013 Int\u00e9rieur<br \/>\nAccessoires inclus \u2013 2 raquettes, 6 balles incluses<br \/>\nAssemblage \u2013 \u00c0 monter soi-m\u00eame<\/p>\n","protected":false},"excerpt":{"rendered":"<p>Busan est une table de tennis de table modulaire o\u00f9 la flexibilit\u00e9 est primordiale. Deux \u00e9l\u00e9ments distincts, reli\u00e9s par un [&hellip;]<\/p>\n","protected":false},"featured_media":108358,"template":"","meta":{"site-sidebar-layout":"default","site-content-layout":"","ast-site-content-layout":"default","site-content-style":"default","site-sidebar-style":"default","ast-global-header-display":"","ast-banner-title-visibility":"","ast-main-header-display":"","ast-hfb-above-header-display":"","ast-hfb-below-header-display":"","ast-hfb-mobile-header-display":"","site-post-title":"","ast-breadcrumbs-content":"","ast-featured-img":"","footer-sml-layout":"","ast-disable-related-posts":"","theme-transparent-header-meta":"default","adv-header-id-meta":"","stick-header-meta":"","header-above-stick-meta":"","header-main-stick-meta":"","header-below-stick-meta":"","astra-migrate-meta-layouts":"default","ast-page-background-enabled":"default","ast-page-background-meta":{"desktop":{"background-color":"var(--ast-global-color-4)","background-image":"","background-repeat":"repeat","background-position":"center center","background-size":"auto","background-attachment":"scroll","background-type":"","background-media":"","overlay-type":"","overlay-color":"","overlay-opacity":"","overlay-gradient":""},"tablet":{"background-color":"","background-image":"","background-repeat":"repeat","background-position":"center center","background-size":"auto","background-attachment":"scroll","background-type":"","background-media":"","overlay-type":"","overlay-color":"","overlay-opacity":"","overlay-gradient":""},"mobile":{"background-color":"","background-image":"","background-repeat":"repeat","background-position":"center center","background-size":"auto","background-attachment":"scroll","background-type":"","background-media":"","overlay-type":"","overlay-color":"","overlay-opacity":"","overlay-gradient":""}},"ast-content-background-meta":{"desktop":{"background-color":"var(--ast-global-color-5)","background-image":"","background-repeat":"repeat","background-position":"center center","background-size":"auto","background-attachment":"scroll","background-type":"","background-media":"","overlay-type":"","overlay-color":"","overlay-opacity":"","overlay-gradient":""},"tablet":{"background-color":"var(--ast-global-color-5)","background-image":"","background-repeat":"repeat","background-position":"center center","background-size":"auto","background-attachment":"scroll","background-type":"","background-media":"","overlay-type":"","overlay-color":"","overlay-opacity":"","overlay-gradient":""},"mobile":{"background-color":"var(--ast-global-color-5)","background-image":"","background-repeat":"repeat","background-position":"center center","background-size":"auto","background-attachment":"scroll","background-type":"","background-media":"","overlay-type":"","overlay-color":"","overlay-opacity":"","overlay-gradient":""}}},"product_brand":[],"product_cat":[5304],"product_tag":[],"class_list":{"0":"post-108329","1":"product","2":"type-product","3":"status-publish","4":"has-post-thumbnail","6":"product_cat-table-de-ping-pong","7":"product_shipping_class-tennis-de-table","8":"desktop-align-center","9":"tablet-align-left","10":"mobile-align-left","12":"first","13":"instock","14":"taxable","15":"shipping-taxable","16":"purchasable","17":"product-type-simple"},"yoast_head":"<!-- This site is optimized with the Yoast SEO plugin v27.5 - https:\/\/yoast.com\/product\/yoast-seo-wordpress\/ -->\n<title>Acheter Table Tennis de table Busan - The World Billiards<\/title>\n<meta name=\"description\" content=\"Busan est une table de tennis de table modulaire o\u00f9 la flexibilit\u00e9 est primordiale. Deux \u00e9l\u00e9ments distincts, reli\u00e9s par un filet, permettent d&#039;organiser des matchs m\u00e9morables et d&#039;accueillir 16 personnes pour un moment convivial. Un terrain de jeu en bois soutenu par une base conique blanche vous promet un match m\u00e9morable.  Structure \u2013 M\u00e9tallique Espace de jeu \u2013 Dimensions r\u00e9glementaires 274 x 152,5 cm, bois \u00e9p. 25 mm Poids net \u2013 116 kg Hauteur depuis le sol \u2013 75 cm Utilisation \u2013 Int\u00e9rieur Accessoires inclus \u2013 2 raquettes, 6 balles incluses Assemblage \u2013 \u00c0 monter soi-m\u00eame\" \/>\n<meta name=\"robots\" content=\"index, follow, max-snippet:-1, max-image-preview:large, max-video-preview:-1\" \/>\n<link rel=\"canonical\" href=\"https:\/\/theworldbilliards.com\/fr\/produit\/table-tennis-de-table-busan\/\" \/>\n<meta property=\"og:locale\" content=\"fr_FR\" \/>\n<meta property=\"og:type\" content=\"article\" \/>\n<meta property=\"og:title\" content=\"Acheter Table Tennis de table Busan - The World Billiards\" \/>\n<meta property=\"og:description\" content=\"Busan est une table de tennis de table modulaire o\u00f9 la flexibilit\u00e9 est primordiale. Deux \u00e9l\u00e9ments distincts, reli\u00e9s par un filet, permettent d&#039;organiser des matchs m\u00e9morables et d&#039;accueillir 16 personnes pour un moment convivial. Un terrain de jeu en bois soutenu par une base conique blanche vous promet un match m\u00e9morable.  Structure \u2013 M\u00e9tallique Espace de jeu \u2013 Dimensions r\u00e9glementaires 274 x 152,5 cm, bois \u00e9p. 25 mm Poids net \u2013 116 kg Hauteur depuis le sol \u2013 75 cm Utilisation \u2013 Int\u00e9rieur Accessoires inclus \u2013 2 raquettes, 6 balles incluses Assemblage \u2013 \u00c0 monter soi-m\u00eame\" \/>\n<meta property=\"og:url\" content=\"https:\/\/theworldbilliards.com\/fr\/produit\/table-tennis-de-table-busan\/\" \/>\n<meta property=\"og:site_name\" content=\"The World Billiards\" \/>\n<meta property=\"article:publisher\" content=\"https:\/\/www.facebook.com\/baby.foot.superbes\" \/>\n<meta property=\"article:modified_time\" content=\"2025-07-22T08:40:30+00:00\" \/>\n<meta property=\"og:image\" content=\"https:\/\/theworldbilliards.com\/wp-content\/uploads\/2025\/07\/Busan-Tenis-6.jpg\" \/>\n\t<meta property=\"og:image:width\" content=\"904\" \/>\n\t<meta property=\"og:image:height\" content=\"905\" \/>\n\t<meta property=\"og:image:type\" content=\"image\/jpeg\" \/>\n<meta name=\"twitter:card\" content=\"summary_large_image\" \/>\n<script type=\"application\/ld+json\" class=\"yoast-schema-graph\">{\"@context\":\"https:\\\/\\\/schema.org\",\"@graph\":[{\"@type\":\"WebPage\",\"@id\":\"https:\\\/\\\/theworldbilliards.com\\\/fr\\\/produit\\\/table-tennis-de-table-busan\\\/\",\"url\":\"https:\\\/\\\/theworldbilliards.com\\\/fr\\\/produit\\\/table-tennis-de-table-busan\\\/\",\"name\":\"Acheter Table Tennis de table Busan - The World Billiards\",\"isPartOf\":{\"@id\":\"https:\\\/\\\/theworldbilliards.com\\\/fr\\\/#website\"},\"primaryImageOfPage\":{\"@id\":\"https:\\\/\\\/theworldbilliards.com\\\/fr\\\/produit\\\/table-tennis-de-table-busan\\\/#primaryimage\"},\"image\":{\"@id\":\"https:\\\/\\\/theworldbilliards.com\\\/fr\\\/produit\\\/table-tennis-de-table-busan\\\/#primaryimage\"},\"thumbnailUrl\":\"https:\\\/\\\/theworldbilliards.com\\\/wp-content\\\/uploads\\\/2025\\\/07\\\/Busan-Tenis-6.jpg\",\"datePublished\":\"2025-07-21T11:28:16+00:00\",\"dateModified\":\"2025-07-22T08:40:30+00:00\",\"description\":\"Busan est une table de tennis de table modulaire o\u00f9 la flexibilit\u00e9 est primordiale. Deux \u00e9l\u00e9ments distincts, reli\u00e9s par un filet, permettent d'organiser des matchs m\u00e9morables et d'accueillir 16 personnes pour un moment convivial. Un terrain de jeu en bois soutenu par une base conique blanche vous promet un match m\u00e9morable. Structure \u2013 M\u00e9tallique Espace de jeu \u2013 Dimensions r\u00e9glementaires 274 x 152,5 cm, bois \u00e9p. 25 mm Poids net \u2013 116 kg Hauteur depuis le sol \u2013 75 cm Utilisation \u2013 Int\u00e9rieur Accessoires inclus \u2013 2 raquettes, 6 balles incluses Assemblage \u2013 \u00c0 monter soi-m\u00eame\",\"breadcrumb\":{\"@id\":\"https:\\\/\\\/theworldbilliards.com\\\/fr\\\/produit\\\/table-tennis-de-table-busan\\\/#breadcrumb\"},\"inLanguage\":\"fr-FR\",\"potentialAction\":[{\"@type\":\"ReadAction\",\"target\":[\"https:\\\/\\\/theworldbilliards.com\\\/fr\\\/produit\\\/table-tennis-de-table-busan\\\/\"]}]},{\"@type\":\"ImageObject\",\"inLanguage\":\"fr-FR\",\"@id\":\"https:\\\/\\\/theworldbilliards.com\\\/fr\\\/produit\\\/table-tennis-de-table-busan\\\/#primaryimage\",\"url\":\"https:\\\/\\\/theworldbilliards.com\\\/wp-content\\\/uploads\\\/2025\\\/07\\\/Busan-Tenis-6.jpg\",\"contentUrl\":\"https:\\\/\\\/theworldbilliards.com\\\/wp-content\\\/uploads\\\/2025\\\/07\\\/Busan-Tenis-6.jpg\",\"width\":904,\"height\":905},{\"@type\":\"BreadcrumbList\",\"@id\":\"https:\\\/\\\/theworldbilliards.com\\\/fr\\\/produit\\\/table-tennis-de-table-busan\\\/#breadcrumb\",\"itemListElement\":[{\"@type\":\"ListItem\",\"position\":1,\"name\":\"In\u00edcio\",\"item\":\"https:\\\/\\\/theworldbilliards.com\\\/fr\\\/\"},{\"@type\":\"ListItem\",\"position\":2,\"name\":\"Boutique en ligne\",\"item\":\"https:\\\/\\\/theworldbilliards.com\\\/fr\\\/boutique-theworldbilliards\\\/\"},{\"@type\":\"ListItem\",\"position\":3,\"name\":\"Table Tennis de table Busan\"}]},{\"@type\":\"WebSite\",\"@id\":\"https:\\\/\\\/theworldbilliards.com\\\/fr\\\/#website\",\"url\":\"https:\\\/\\\/theworldbilliards.com\\\/fr\\\/\",\"name\":\"TheWorldBilliards\",\"description\":\"Achetez ici billard, baby-foot, ping-pong et bowling\",\"publisher\":{\"@id\":\"https:\\\/\\\/theworldbilliards.com\\\/fr\\\/#organization\"},\"alternateName\":\"The world billiards\",\"potentialAction\":[{\"@type\":\"SearchAction\",\"target\":{\"@type\":\"EntryPoint\",\"urlTemplate\":\"https:\\\/\\\/theworldbilliards.com\\\/fr\\\/?s={search_term_string}\"},\"query-input\":{\"@type\":\"PropertyValueSpecification\",\"valueRequired\":true,\"valueName\":\"search_term_string\"}}],\"inLanguage\":\"fr-FR\"},{\"@type\":\"Organization\",\"@id\":\"https:\\\/\\\/theworldbilliards.com\\\/fr\\\/#organization\",\"name\":\"The World Billiards\",\"alternateName\":\"The World Billiards\",\"url\":\"https:\\\/\\\/theworldbilliards.com\\\/fr\\\/\",\"logo\":{\"@type\":\"ImageObject\",\"inLanguage\":\"fr-FR\",\"@id\":\"https:\\\/\\\/theworldbilliards.com\\\/fr\\\/#\\\/schema\\\/logo\\\/image\\\/\",\"url\":\"\",\"contentUrl\":\"\",\"caption\":\"The World Billiards\"},\"image\":{\"@id\":\"https:\\\/\\\/theworldbilliards.com\\\/fr\\\/#\\\/schema\\\/logo\\\/image\\\/\"},\"sameAs\":[\"https:\\\/\\\/www.facebook.com\\\/baby.foot.superbes\",\"https:\\\/\\\/www.youtube.com\\\/channel\\\/UCIMuOVAaUcH6UpZcsZlH0Tg\",\"https:\\\/\\\/www.facebook.com\\\/people\\\/Brunswick-Billiards-EspaaPortugal\\\/100066446264309\\\/\",\"https:\\\/\\\/www.instagram.com\\\/the_world_billiards\\\/\",\"https:\\\/\\\/www.pinterest.es\\\/Theworldbilliards\\\/\"]}]}<\/script>\n<!-- \/ Yoast SEO plugin. -->","yoast_head_json":{"title":"Acheter Table Tennis de table Busan - The World Billiards","description":"Busan est une table de tennis de table modulaire o\u00f9 la flexibilit\u00e9 est primordiale. Deux \u00e9l\u00e9ments distincts, reli\u00e9s par un filet, permettent d'organiser des matchs m\u00e9morables et d'accueillir 16 personnes pour un moment convivial. Un terrain de jeu en bois soutenu par une base conique blanche vous promet un match m\u00e9morable.  Structure \u2013 M\u00e9tallique Espace de jeu \u2013 Dimensions r\u00e9glementaires 274 x 152,5 cm, bois \u00e9p. 25 mm Poids net \u2013 116 kg Hauteur depuis le sol \u2013 75 cm Utilisation \u2013 Int\u00e9rieur Accessoires inclus \u2013 2 raquettes, 6 balles incluses Assemblage \u2013 \u00c0 monter soi-m\u00eame","robots":{"index":"index","follow":"follow","max-snippet":"max-snippet:-1","max-image-preview":"max-image-preview:large","max-video-preview":"max-video-preview:-1"},"canonical":"https:\/\/theworldbilliards.com\/fr\/produit\/table-tennis-de-table-busan\/","og_locale":"fr_FR","og_type":"article","og_title":"Acheter Table Tennis de table Busan - The World Billiards","og_description":"Busan est une table de tennis de table modulaire o\u00f9 la flexibilit\u00e9 est primordiale. Deux \u00e9l\u00e9ments distincts, reli\u00e9s par un filet, permettent d'organiser des matchs m\u00e9morables et d'accueillir 16 personnes pour un moment convivial. Un terrain de jeu en bois soutenu par une base conique blanche vous promet un match m\u00e9morable.  Structure \u2013 M\u00e9tallique Espace de jeu \u2013 Dimensions r\u00e9glementaires 274 x 152,5 cm, bois \u00e9p. 25 mm Poids net \u2013 116 kg Hauteur depuis le sol \u2013 75 cm Utilisation \u2013 Int\u00e9rieur Accessoires inclus \u2013 2 raquettes, 6 balles incluses Assemblage \u2013 \u00c0 monter soi-m\u00eame","og_url":"https:\/\/theworldbilliards.com\/fr\/produit\/table-tennis-de-table-busan\/","og_site_name":"The World Billiards","article_publisher":"https:\/\/www.facebook.com\/baby.foot.superbes","article_modified_time":"2025-07-22T08:40:30+00:00","og_image":[{"width":904,"height":905,"url":"https:\/\/theworldbilliards.com\/wp-content\/uploads\/2025\/07\/Busan-Tenis-6.jpg","type":"image\/jpeg"}],"twitter_card":"summary_large_image","schema":{"@context":"https:\/\/schema.org","@graph":[{"@type":"WebPage","@id":"https:\/\/theworldbilliards.com\/fr\/produit\/table-tennis-de-table-busan\/","url":"https:\/\/theworldbilliards.com\/fr\/produit\/table-tennis-de-table-busan\/","name":"Acheter Table Tennis de table Busan - The World Billiards","isPartOf":{"@id":"https:\/\/theworldbilliards.com\/fr\/#website"},"primaryImageOfPage":{"@id":"https:\/\/theworldbilliards.com\/fr\/produit\/table-tennis-de-table-busan\/#primaryimage"},"image":{"@id":"https:\/\/theworldbilliards.com\/fr\/produit\/table-tennis-de-table-busan\/#primaryimage"},"thumbnailUrl":"https:\/\/theworldbilliards.com\/wp-content\/uploads\/2025\/07\/Busan-Tenis-6.jpg","datePublished":"2025-07-21T11:28:16+00:00","dateModified":"2025-07-22T08:40:30+00:00","description":"Busan est une table de tennis de table modulaire o\u00f9 la flexibilit\u00e9 est primordiale. Deux \u00e9l\u00e9ments distincts, reli\u00e9s par un filet, permettent d'organiser des matchs m\u00e9morables et d'accueillir 16 personnes pour un moment convivial. Un terrain de jeu en bois soutenu par une base conique blanche vous promet un match m\u00e9morable. Structure \u2013 M\u00e9tallique Espace de jeu \u2013 Dimensions r\u00e9glementaires 274 x 152,5 cm, bois \u00e9p. 25 mm Poids net \u2013 116 kg Hauteur depuis le sol \u2013 75 cm Utilisation \u2013 Int\u00e9rieur Accessoires inclus \u2013 2 raquettes, 6 balles incluses Assemblage \u2013 \u00c0 monter soi-m\u00eame","breadcrumb":{"@id":"https:\/\/theworldbilliards.com\/fr\/produit\/table-tennis-de-table-busan\/#breadcrumb"},"inLanguage":"fr-FR","potentialAction":[{"@type":"ReadAction","target":["https:\/\/theworldbilliards.com\/fr\/produit\/table-tennis-de-table-busan\/"]}]},{"@type":"ImageObject","inLanguage":"fr-FR","@id":"https:\/\/theworldbilliards.com\/fr\/produit\/table-tennis-de-table-busan\/#primaryimage","url":"https:\/\/theworldbilliards.com\/wp-content\/uploads\/2025\/07\/Busan-Tenis-6.jpg","contentUrl":"https:\/\/theworldbilliards.com\/wp-content\/uploads\/2025\/07\/Busan-Tenis-6.jpg","width":904,"height":905},{"@type":"BreadcrumbList","@id":"https:\/\/theworldbilliards.com\/fr\/produit\/table-tennis-de-table-busan\/#breadcrumb","itemListElement":[{"@type":"ListItem","position":1,"name":"In\u00edcio","item":"https:\/\/theworldbilliards.com\/fr\/"},{"@type":"ListItem","position":2,"name":"Boutique en ligne","item":"https:\/\/theworldbilliards.com\/fr\/boutique-theworldbilliards\/"},{"@type":"ListItem","position":3,"name":"Table Tennis de table Busan"}]},{"@type":"WebSite","@id":"https:\/\/theworldbilliards.com\/fr\/#website","url":"https:\/\/theworldbilliards.com\/fr\/","name":"TheWorldBilliards","description":"Achetez ici billard, baby-foot, ping-pong et bowling","publisher":{"@id":"https:\/\/theworldbilliards.com\/fr\/#organization"},"alternateName":"The world billiards","potentialAction":[{"@type":"SearchAction","target":{"@type":"EntryPoint","urlTemplate":"https:\/\/theworldbilliards.com\/fr\/?s={search_term_string}"},"query-input":{"@type":"PropertyValueSpecification","valueRequired":true,"valueName":"search_term_string"}}],"inLanguage":"fr-FR"},{"@type":"Organization","@id":"https:\/\/theworldbilliards.com\/fr\/#organization","name":"The World Billiards","alternateName":"The World Billiards","url":"https:\/\/theworldbilliards.com\/fr\/","logo":{"@type":"ImageObject","inLanguage":"fr-FR","@id":"https:\/\/theworldbilliards.com\/fr\/#\/schema\/logo\/image\/","url":"","contentUrl":"","caption":"The World Billiards"},"image":{"@id":"https:\/\/theworldbilliards.com\/fr\/#\/schema\/logo\/image\/"},"sameAs":["https:\/\/www.facebook.com\/baby.foot.superbes","https:\/\/www.youtube.com\/channel\/UCIMuOVAaUcH6UpZcsZlH0Tg","https:\/\/www.facebook.com\/people\/Brunswick-Billiards-EspaaPortugal\/100066446264309\/","https:\/\/www.instagram.com\/the_world_billiards\/","https:\/\/www.pinterest.es\/Theworldbilliards\/"]}]}},"_links":{"self":[{"href":"https:\/\/theworldbilliards.com\/fr\/wp-json\/wp\/v2\/product\/108329","targetHints":{"allow":["GET"]}}],"collection":[{"href":"https:\/\/theworldbilliards.com\/fr\/wp-json\/wp\/v2\/product"}],"about":[{"href":"https:\/\/theworldbilliards.com\/fr\/wp-json\/wp\/v2\/types\/product"}],"wp:featuredmedia":[{"embeddable":true,"href":"https:\/\/theworldbilliards.com\/fr\/wp-json\/wp\/v2\/media\/108358"}],"wp:attachment":[{"href":"https:\/\/theworldbilliards.com\/fr\/wp-json\/wp\/v2\/media?parent=108329"}],"wp:term":[{"taxonomy":"product_brand","embeddable":true,"href":"https:\/\/theworldbilliards.com\/fr\/wp-json\/wp\/v2\/product_brand?post=108329"},{"taxonomy":"product_cat","embeddable":true,"href":"https:\/\/theworldbilliards.com\/fr\/wp-json\/wp\/v2\/product_cat?post=108329"},{"taxonomy":"product_tag","embeddable":true,"href":"https:\/\/theworldbilliards.com\/fr\/wp-json\/wp\/v2\/product_tag?post=108329"}],"curies":[{"name":"wp","href":"https:\/\/api.w.org\/{rel}","templated":true}]}}