{"id":108361,"date":"2025-07-21T13:51:01","date_gmt":"2025-07-21T11:51:01","guid":{"rendered":"https:\/\/theworldbilliards.com\/?post_type=product&#038;p=108361"},"modified":"2025-07-22T10:41:39","modified_gmt":"2025-07-22T08:41:39","slug":"table-tennis-de-table-busan-glass","status":"publish","type":"product","link":"https:\/\/theworldbilliards.com\/fr\/produit\/table-tennis-de-table-busan-glass\/","title":{"rendered":"Table Tennis de table Busan Glass"},"content":{"rendered":"<p>La table de ping-pong Busan Glass est la troisi\u00e8me table n\u00e9e apr\u00e8s le grand succ\u00e8s des tables de ping-pong Busan Indoor et Busan Outdoor. Ses pieds coniques embl\u00e9matiques, disponibles en noir et blanc, sa surface de jeu transparente et brillante, ainsi que les lignes du terrain s\u00e9rigraphi\u00e9es directement dans le verre, conf\u00e8rent \u00e0 cette table finesse et \u00e9l\u00e9gance. Elle peut \u00eatre s\u00e9par\u00e9e pour former deux magnifiques tables carr\u00e9es en cristal.<\/p>\n<p>Structure \u2013 M\u00e9tallique<br \/>\nTerrain de jeu \u2013 Dimensions r\u00e9glementaires 274 x 152,5 cm en HPL \u00e9paisseur 6 mm<br \/>\nPoids net \u2013 126 kg<br \/>\nHauteur de la table depuis le sol \u2013 75 cm<br \/>\nUtilisation \u2013 Ext\u00e9rieur<br \/>\nAccessoires inclus \u2013 2 raquettes et 6 balles<br \/>\nAssemblage \u2013 \u00c0 monter soi-m\u00eame<\/p>\n","protected":false},"excerpt":{"rendered":"<p>La table de ping-pong Busan Glass est la troisi\u00e8me table n\u00e9e apr\u00e8s le grand succ\u00e8s des tables de ping-pong Busan [&hellip;]<\/p>\n","protected":false},"featured_media":108366,"template":"","meta":{"site-sidebar-layout":"default","site-content-layout":"","ast-site-content-layout":"default","site-content-style":"default","site-sidebar-style":"default","ast-global-header-display":"","ast-banner-title-visibility":"","ast-main-header-display":"","ast-hfb-above-header-display":"","ast-hfb-below-header-display":"","ast-hfb-mobile-header-display":"","site-post-title":"","ast-breadcrumbs-content":"","ast-featured-img":"","footer-sml-layout":"","ast-disable-related-posts":"","theme-transparent-header-meta":"default","adv-header-id-meta":"","stick-header-meta":"","header-above-stick-meta":"","header-main-stick-meta":"","header-below-stick-meta":"","astra-migrate-meta-layouts":"default","ast-page-background-enabled":"default","ast-page-background-meta":{"desktop":{"background-color":"var(--ast-global-color-4)","background-image":"","background-repeat":"repeat","background-position":"center center","background-size":"auto","background-attachment":"scroll","background-type":"","background-media":"","overlay-type":"","overlay-color":"","overlay-opacity":"","overlay-gradient":""},"tablet":{"background-color":"","background-image":"","background-repeat":"repeat","background-position":"center center","background-size":"auto","background-attachment":"scroll","background-type":"","background-media":"","overlay-type":"","overlay-color":"","overlay-opacity":"","overlay-gradient":""},"mobile":{"background-color":"","background-image":"","background-repeat":"repeat","background-position":"center center","background-size":"auto","background-attachment":"scroll","background-type":"","background-media":"","overlay-type":"","overlay-color":"","overlay-opacity":"","overlay-gradient":""}},"ast-content-background-meta":{"desktop":{"background-color":"var(--ast-global-color-5)","background-image":"","background-repeat":"repeat","background-position":"center center","background-size":"auto","background-attachment":"scroll","background-type":"","background-media":"","overlay-type":"","overlay-color":"","overlay-opacity":"","overlay-gradient":""},"tablet":{"background-color":"var(--ast-global-color-5)","background-image":"","background-repeat":"repeat","background-position":"center center","background-size":"auto","background-attachment":"scroll","background-type":"","background-media":"","overlay-type":"","overlay-color":"","overlay-opacity":"","overlay-gradient":""},"mobile":{"background-color":"var(--ast-global-color-5)","background-image":"","background-repeat":"repeat","background-position":"center center","background-size":"auto","background-attachment":"scroll","background-type":"","background-media":"","overlay-type":"","overlay-color":"","overlay-opacity":"","overlay-gradient":""}}},"product_brand":[],"product_cat":[5304],"product_tag":[],"class_list":{"0":"post-108361","1":"product","2":"type-product","3":"status-publish","4":"has-post-thumbnail","6":"product_cat-table-de-ping-pong","7":"product_shipping_class-tennis-de-table","8":"desktop-align-center","9":"tablet-align-left","10":"mobile-align-left","12":"first","13":"instock","14":"taxable","15":"shipping-taxable","16":"purchasable","17":"product-type-variable"},"yoast_head":"<!-- This site is optimized with the Yoast SEO plugin v27.4 - https:\/\/yoast.com\/product\/yoast-seo-wordpress\/ -->\n<title>Acheter Table Tennis de table Busan Glass - The World Billiards<\/title>\n<meta name=\"description\" content=\"La table de ping-pong Busan Glass est la troisi\u00e8me table n\u00e9e apr\u00e8s le grand succ\u00e8s des tables de ping-pong Busan Indoor et Busan Outdoor. Ses pieds coniques embl\u00e9matiques, disponibles en noir et blanc, sa surface de jeu transparente et brillante, ainsi que les lignes du terrain s\u00e9rigraphi\u00e9es directement dans le verre, conf\u00e8rent \u00e0 cette table finesse et \u00e9l\u00e9gance. Elle peut \u00eatre s\u00e9par\u00e9e pour former deux magnifiques tables carr\u00e9es en cristal.  Structure \u2013 M\u00e9tallique Terrain de jeu \u2013 Dimensions r\u00e9glementaires 274 x 152,5 cm en HPL \u00e9paisseur 6 mm Poids net \u2013 126 kg Hauteur de la table depuis le sol \u2013 75 cm Utilisation \u2013 Ext\u00e9rieur Accessoires inclus \u2013 2 raquettes et 6 balles Assemblage \u2013 \u00c0 monter soi-m\u00eame\" \/>\n<meta name=\"robots\" content=\"index, follow, max-snippet:-1, max-image-preview:large, max-video-preview:-1\" \/>\n<link rel=\"canonical\" href=\"https:\/\/theworldbilliards.com\/fr\/produit\/table-tennis-de-table-busan-glass\/\" \/>\n<meta property=\"og:locale\" content=\"fr_FR\" \/>\n<meta property=\"og:type\" content=\"article\" \/>\n<meta property=\"og:title\" content=\"Acheter Table Tennis de table Busan Glass - The World Billiards\" \/>\n<meta property=\"og:description\" content=\"La table de ping-pong Busan Glass est la troisi\u00e8me table n\u00e9e apr\u00e8s le grand succ\u00e8s des tables de ping-pong Busan Indoor et Busan Outdoor. Ses pieds coniques embl\u00e9matiques, disponibles en noir et blanc, sa surface de jeu transparente et brillante, ainsi que les lignes du terrain s\u00e9rigraphi\u00e9es directement dans le verre, conf\u00e8rent \u00e0 cette table finesse et \u00e9l\u00e9gance. Elle peut \u00eatre s\u00e9par\u00e9e pour former deux magnifiques tables carr\u00e9es en cristal.  Structure \u2013 M\u00e9tallique Terrain de jeu \u2013 Dimensions r\u00e9glementaires 274 x 152,5 cm en HPL \u00e9paisseur 6 mm Poids net \u2013 126 kg Hauteur de la table depuis le sol \u2013 75 cm Utilisation \u2013 Ext\u00e9rieur Accessoires inclus \u2013 2 raquettes et 6 balles Assemblage \u2013 \u00c0 monter soi-m\u00eame\" \/>\n<meta property=\"og:url\" content=\"https:\/\/theworldbilliards.com\/fr\/produit\/table-tennis-de-table-busan-glass\/\" \/>\n<meta property=\"og:site_name\" content=\"The World Billiards\" \/>\n<meta property=\"article:publisher\" content=\"https:\/\/www.facebook.com\/baby.foot.superbes\" \/>\n<meta property=\"article:modified_time\" content=\"2025-07-22T08:41:39+00:00\" \/>\n<meta property=\"og:image\" content=\"https:\/\/theworldbilliards.com\/wp-content\/uploads\/2025\/07\/Busan-Glass.jpg\" \/>\n\t<meta property=\"og:image:width\" content=\"1677\" \/>\n\t<meta property=\"og:image:height\" content=\"1677\" \/>\n\t<meta property=\"og:image:type\" content=\"image\/jpeg\" \/>\n<meta name=\"twitter:card\" content=\"summary_large_image\" \/>\n<script type=\"application\/ld+json\" class=\"yoast-schema-graph\">{\"@context\":\"https:\\\/\\\/schema.org\",\"@graph\":[{\"@type\":\"WebPage\",\"@id\":\"https:\\\/\\\/theworldbilliards.com\\\/fr\\\/produit\\\/table-tennis-de-table-busan-glass\\\/\",\"url\":\"https:\\\/\\\/theworldbilliards.com\\\/fr\\\/produit\\\/table-tennis-de-table-busan-glass\\\/\",\"name\":\"Acheter Table Tennis de table Busan Glass - The World Billiards\",\"isPartOf\":{\"@id\":\"https:\\\/\\\/theworldbilliards.com\\\/fr\\\/#website\"},\"primaryImageOfPage\":{\"@id\":\"https:\\\/\\\/theworldbilliards.com\\\/fr\\\/produit\\\/table-tennis-de-table-busan-glass\\\/#primaryimage\"},\"image\":{\"@id\":\"https:\\\/\\\/theworldbilliards.com\\\/fr\\\/produit\\\/table-tennis-de-table-busan-glass\\\/#primaryimage\"},\"thumbnailUrl\":\"https:\\\/\\\/theworldbilliards.com\\\/wp-content\\\/uploads\\\/2025\\\/07\\\/Busan-Glass.jpg\",\"datePublished\":\"2025-07-21T11:51:01+00:00\",\"dateModified\":\"2025-07-22T08:41:39+00:00\",\"description\":\"La table de ping-pong Busan Glass est la troisi\u00e8me table n\u00e9e apr\u00e8s le grand succ\u00e8s des tables de ping-pong Busan Indoor et Busan Outdoor. Ses pieds coniques embl\u00e9matiques, disponibles en noir et blanc, sa surface de jeu transparente et brillante, ainsi que les lignes du terrain s\u00e9rigraphi\u00e9es directement dans le verre, conf\u00e8rent \u00e0 cette table finesse et \u00e9l\u00e9gance. Elle peut \u00eatre s\u00e9par\u00e9e pour former deux magnifiques tables carr\u00e9es en cristal. Structure \u2013 M\u00e9tallique Terrain de jeu \u2013 Dimensions r\u00e9glementaires 274 x 152,5 cm en HPL \u00e9paisseur 6 mm Poids net \u2013 126 kg Hauteur de la table depuis le sol \u2013 75 cm Utilisation \u2013 Ext\u00e9rieur Accessoires inclus \u2013 2 raquettes et 6 balles Assemblage \u2013 \u00c0 monter soi-m\u00eame\",\"breadcrumb\":{\"@id\":\"https:\\\/\\\/theworldbilliards.com\\\/fr\\\/produit\\\/table-tennis-de-table-busan-glass\\\/#breadcrumb\"},\"inLanguage\":\"fr-FR\",\"potentialAction\":[{\"@type\":\"ReadAction\",\"target\":[\"https:\\\/\\\/theworldbilliards.com\\\/fr\\\/produit\\\/table-tennis-de-table-busan-glass\\\/\"]}]},{\"@type\":\"ImageObject\",\"inLanguage\":\"fr-FR\",\"@id\":\"https:\\\/\\\/theworldbilliards.com\\\/fr\\\/produit\\\/table-tennis-de-table-busan-glass\\\/#primaryimage\",\"url\":\"https:\\\/\\\/theworldbilliards.com\\\/wp-content\\\/uploads\\\/2025\\\/07\\\/Busan-Glass.jpg\",\"contentUrl\":\"https:\\\/\\\/theworldbilliards.com\\\/wp-content\\\/uploads\\\/2025\\\/07\\\/Busan-Glass.jpg\",\"width\":1677,\"height\":1677},{\"@type\":\"BreadcrumbList\",\"@id\":\"https:\\\/\\\/theworldbilliards.com\\\/fr\\\/produit\\\/table-tennis-de-table-busan-glass\\\/#breadcrumb\",\"itemListElement\":[{\"@type\":\"ListItem\",\"position\":1,\"name\":\"In\u00edcio\",\"item\":\"https:\\\/\\\/theworldbilliards.com\\\/fr\\\/\"},{\"@type\":\"ListItem\",\"position\":2,\"name\":\"Boutique en ligne\",\"item\":\"https:\\\/\\\/theworldbilliards.com\\\/fr\\\/boutique-theworldbilliards\\\/\"},{\"@type\":\"ListItem\",\"position\":3,\"name\":\"Table Tennis de table Busan Glass\"}]},{\"@type\":\"WebSite\",\"@id\":\"https:\\\/\\\/theworldbilliards.com\\\/fr\\\/#website\",\"url\":\"https:\\\/\\\/theworldbilliards.com\\\/fr\\\/\",\"name\":\"TheWorldBilliards\",\"description\":\"Achetez ici billard, baby-foot, ping-pong et bowling\",\"publisher\":{\"@id\":\"https:\\\/\\\/theworldbilliards.com\\\/fr\\\/#organization\"},\"alternateName\":\"The world billiards\",\"potentialAction\":[{\"@type\":\"SearchAction\",\"target\":{\"@type\":\"EntryPoint\",\"urlTemplate\":\"https:\\\/\\\/theworldbilliards.com\\\/fr\\\/?s={search_term_string}\"},\"query-input\":{\"@type\":\"PropertyValueSpecification\",\"valueRequired\":true,\"valueName\":\"search_term_string\"}}],\"inLanguage\":\"fr-FR\"},{\"@type\":\"Organization\",\"@id\":\"https:\\\/\\\/theworldbilliards.com\\\/fr\\\/#organization\",\"name\":\"The World Billiards\",\"alternateName\":\"The World Billiards\",\"url\":\"https:\\\/\\\/theworldbilliards.com\\\/fr\\\/\",\"logo\":{\"@type\":\"ImageObject\",\"inLanguage\":\"fr-FR\",\"@id\":\"https:\\\/\\\/theworldbilliards.com\\\/fr\\\/#\\\/schema\\\/logo\\\/image\\\/\",\"url\":\"\",\"contentUrl\":\"\",\"caption\":\"The World Billiards\"},\"image\":{\"@id\":\"https:\\\/\\\/theworldbilliards.com\\\/fr\\\/#\\\/schema\\\/logo\\\/image\\\/\"},\"sameAs\":[\"https:\\\/\\\/www.facebook.com\\\/baby.foot.superbes\",\"https:\\\/\\\/www.youtube.com\\\/channel\\\/UCIMuOVAaUcH6UpZcsZlH0Tg\",\"https:\\\/\\\/www.facebook.com\\\/people\\\/Brunswick-Billiards-EspaaPortugal\\\/100066446264309\\\/\",\"https:\\\/\\\/www.instagram.com\\\/the_world_billiards\\\/\",\"https:\\\/\\\/www.pinterest.es\\\/Theworldbilliards\\\/\"]}]}<\/script>\n<!-- \/ Yoast SEO plugin. -->","yoast_head_json":{"title":"Acheter Table Tennis de table Busan Glass - The World Billiards","description":"La table de ping-pong Busan Glass est la troisi\u00e8me table n\u00e9e apr\u00e8s le grand succ\u00e8s des tables de ping-pong Busan Indoor et Busan Outdoor. Ses pieds coniques embl\u00e9matiques, disponibles en noir et blanc, sa surface de jeu transparente et brillante, ainsi que les lignes du terrain s\u00e9rigraphi\u00e9es directement dans le verre, conf\u00e8rent \u00e0 cette table finesse et \u00e9l\u00e9gance. Elle peut \u00eatre s\u00e9par\u00e9e pour former deux magnifiques tables carr\u00e9es en cristal.  Structure \u2013 M\u00e9tallique Terrain de jeu \u2013 Dimensions r\u00e9glementaires 274 x 152,5 cm en HPL \u00e9paisseur 6 mm Poids net \u2013 126 kg Hauteur de la table depuis le sol \u2013 75 cm Utilisation \u2013 Ext\u00e9rieur Accessoires inclus \u2013 2 raquettes et 6 balles Assemblage \u2013 \u00c0 monter soi-m\u00eame","robots":{"index":"index","follow":"follow","max-snippet":"max-snippet:-1","max-image-preview":"max-image-preview:large","max-video-preview":"max-video-preview:-1"},"canonical":"https:\/\/theworldbilliards.com\/fr\/produit\/table-tennis-de-table-busan-glass\/","og_locale":"fr_FR","og_type":"article","og_title":"Acheter Table Tennis de table Busan Glass - The World Billiards","og_description":"La table de ping-pong Busan Glass est la troisi\u00e8me table n\u00e9e apr\u00e8s le grand succ\u00e8s des tables de ping-pong Busan Indoor et Busan Outdoor. Ses pieds coniques embl\u00e9matiques, disponibles en noir et blanc, sa surface de jeu transparente et brillante, ainsi que les lignes du terrain s\u00e9rigraphi\u00e9es directement dans le verre, conf\u00e8rent \u00e0 cette table finesse et \u00e9l\u00e9gance. Elle peut \u00eatre s\u00e9par\u00e9e pour former deux magnifiques tables carr\u00e9es en cristal.  Structure \u2013 M\u00e9tallique Terrain de jeu \u2013 Dimensions r\u00e9glementaires 274 x 152,5 cm en HPL \u00e9paisseur 6 mm Poids net \u2013 126 kg Hauteur de la table depuis le sol \u2013 75 cm Utilisation \u2013 Ext\u00e9rieur Accessoires inclus \u2013 2 raquettes et 6 balles Assemblage \u2013 \u00c0 monter soi-m\u00eame","og_url":"https:\/\/theworldbilliards.com\/fr\/produit\/table-tennis-de-table-busan-glass\/","og_site_name":"The World Billiards","article_publisher":"https:\/\/www.facebook.com\/baby.foot.superbes","article_modified_time":"2025-07-22T08:41:39+00:00","og_image":[{"width":1677,"height":1677,"url":"https:\/\/theworldbilliards.com\/wp-content\/uploads\/2025\/07\/Busan-Glass.jpg","type":"image\/jpeg"}],"twitter_card":"summary_large_image","schema":{"@context":"https:\/\/schema.org","@graph":[{"@type":"WebPage","@id":"https:\/\/theworldbilliards.com\/fr\/produit\/table-tennis-de-table-busan-glass\/","url":"https:\/\/theworldbilliards.com\/fr\/produit\/table-tennis-de-table-busan-glass\/","name":"Acheter Table Tennis de table Busan Glass - The World Billiards","isPartOf":{"@id":"https:\/\/theworldbilliards.com\/fr\/#website"},"primaryImageOfPage":{"@id":"https:\/\/theworldbilliards.com\/fr\/produit\/table-tennis-de-table-busan-glass\/#primaryimage"},"image":{"@id":"https:\/\/theworldbilliards.com\/fr\/produit\/table-tennis-de-table-busan-glass\/#primaryimage"},"thumbnailUrl":"https:\/\/theworldbilliards.com\/wp-content\/uploads\/2025\/07\/Busan-Glass.jpg","datePublished":"2025-07-21T11:51:01+00:00","dateModified":"2025-07-22T08:41:39+00:00","description":"La table de ping-pong Busan Glass est la troisi\u00e8me table n\u00e9e apr\u00e8s le grand succ\u00e8s des tables de ping-pong Busan Indoor et Busan Outdoor. Ses pieds coniques embl\u00e9matiques, disponibles en noir et blanc, sa surface de jeu transparente et brillante, ainsi que les lignes du terrain s\u00e9rigraphi\u00e9es directement dans le verre, conf\u00e8rent \u00e0 cette table finesse et \u00e9l\u00e9gance. Elle peut \u00eatre s\u00e9par\u00e9e pour former deux magnifiques tables carr\u00e9es en cristal. Structure \u2013 M\u00e9tallique Terrain de jeu \u2013 Dimensions r\u00e9glementaires 274 x 152,5 cm en HPL \u00e9paisseur 6 mm Poids net \u2013 126 kg Hauteur de la table depuis le sol \u2013 75 cm Utilisation \u2013 Ext\u00e9rieur Accessoires inclus \u2013 2 raquettes et 6 balles Assemblage \u2013 \u00c0 monter soi-m\u00eame","breadcrumb":{"@id":"https:\/\/theworldbilliards.com\/fr\/produit\/table-tennis-de-table-busan-glass\/#breadcrumb"},"inLanguage":"fr-FR","potentialAction":[{"@type":"ReadAction","target":["https:\/\/theworldbilliards.com\/fr\/produit\/table-tennis-de-table-busan-glass\/"]}]},{"@type":"ImageObject","inLanguage":"fr-FR","@id":"https:\/\/theworldbilliards.com\/fr\/produit\/table-tennis-de-table-busan-glass\/#primaryimage","url":"https:\/\/theworldbilliards.com\/wp-content\/uploads\/2025\/07\/Busan-Glass.jpg","contentUrl":"https:\/\/theworldbilliards.com\/wp-content\/uploads\/2025\/07\/Busan-Glass.jpg","width":1677,"height":1677},{"@type":"BreadcrumbList","@id":"https:\/\/theworldbilliards.com\/fr\/produit\/table-tennis-de-table-busan-glass\/#breadcrumb","itemListElement":[{"@type":"ListItem","position":1,"name":"In\u00edcio","item":"https:\/\/theworldbilliards.com\/fr\/"},{"@type":"ListItem","position":2,"name":"Boutique en ligne","item":"https:\/\/theworldbilliards.com\/fr\/boutique-theworldbilliards\/"},{"@type":"ListItem","position":3,"name":"Table Tennis de table Busan Glass"}]},{"@type":"WebSite","@id":"https:\/\/theworldbilliards.com\/fr\/#website","url":"https:\/\/theworldbilliards.com\/fr\/","name":"TheWorldBilliards","description":"Achetez ici billard, baby-foot, ping-pong et bowling","publisher":{"@id":"https:\/\/theworldbilliards.com\/fr\/#organization"},"alternateName":"The world billiards","potentialAction":[{"@type":"SearchAction","target":{"@type":"EntryPoint","urlTemplate":"https:\/\/theworldbilliards.com\/fr\/?s={search_term_string}"},"query-input":{"@type":"PropertyValueSpecification","valueRequired":true,"valueName":"search_term_string"}}],"inLanguage":"fr-FR"},{"@type":"Organization","@id":"https:\/\/theworldbilliards.com\/fr\/#organization","name":"The World Billiards","alternateName":"The World Billiards","url":"https:\/\/theworldbilliards.com\/fr\/","logo":{"@type":"ImageObject","inLanguage":"fr-FR","@id":"https:\/\/theworldbilliards.com\/fr\/#\/schema\/logo\/image\/","url":"","contentUrl":"","caption":"The World Billiards"},"image":{"@id":"https:\/\/theworldbilliards.com\/fr\/#\/schema\/logo\/image\/"},"sameAs":["https:\/\/www.facebook.com\/baby.foot.superbes","https:\/\/www.youtube.com\/channel\/UCIMuOVAaUcH6UpZcsZlH0Tg","https:\/\/www.facebook.com\/people\/Brunswick-Billiards-EspaaPortugal\/100066446264309\/","https:\/\/www.instagram.com\/the_world_billiards\/","https:\/\/www.pinterest.es\/Theworldbilliards\/"]}]}},"_links":{"self":[{"href":"https:\/\/theworldbilliards.com\/fr\/wp-json\/wp\/v2\/product\/108361","targetHints":{"allow":["GET"]}}],"collection":[{"href":"https:\/\/theworldbilliards.com\/fr\/wp-json\/wp\/v2\/product"}],"about":[{"href":"https:\/\/theworldbilliards.com\/fr\/wp-json\/wp\/v2\/types\/product"}],"wp:featuredmedia":[{"embeddable":true,"href":"https:\/\/theworldbilliards.com\/fr\/wp-json\/wp\/v2\/media\/108366"}],"wp:attachment":[{"href":"https:\/\/theworldbilliards.com\/fr\/wp-json\/wp\/v2\/media?parent=108361"}],"wp:term":[{"taxonomy":"product_brand","embeddable":true,"href":"https:\/\/theworldbilliards.com\/fr\/wp-json\/wp\/v2\/product_brand?post=108361"},{"taxonomy":"product_cat","embeddable":true,"href":"https:\/\/theworldbilliards.com\/fr\/wp-json\/wp\/v2\/product_cat?post=108361"},{"taxonomy":"product_tag","embeddable":true,"href":"https:\/\/theworldbilliards.com\/fr\/wp-json\/wp\/v2\/product_tag?post=108361"}],"curies":[{"name":"wp","href":"https:\/\/api.w.org\/{rel}","templated":true}]}}