{"id":108415,"date":"2025-07-22T13:39:37","date_gmt":"2025-07-22T11:39:37","guid":{"rendered":"https:\/\/theworldbilliards.com\/?post_type=product&#038;p=108415"},"modified":"2025-07-22T13:50:06","modified_gmt":"2025-07-22T11:50:06","slug":"table-tennis-de-table-busan-outdoor","status":"publish","type":"product","link":"https:\/\/theworldbilliards.com\/fr\/produit\/table-tennis-de-table-busan-outdoor\/","title":{"rendered":"Table Tennis de table Busan Outdoor"},"content":{"rendered":"<p>Deux bases coniques red\u00e9finissent la repr\u00e9sentation classique du tennis de table. N&rsquo;est-ce pas l\u00e0 le but premier d&rsquo;un design de qualit\u00e9\u00a0? Une r\u00e9volution qui s&rsquo;accompagne d&rsquo;une division fonctionnelle en deux \u00e9l\u00e9ments, transformant, si n\u00e9cessaire, la table de ping-pong en deux tables distinctes pouvant accueillir huit personnes chacune. Inspir\u00e9 par le Manifeste du Dada\u00efsme, Dada r\u00e9interpr\u00e8te les principes classiques du tennis de table.<\/p>\n<p>Structure \u2013 M\u00e9tallique<br \/>\nSurface de jeu \u2013 Dimensions r\u00e9glementaires\u00a0: 274 x 152,5\u00a0cm, HPL \u00e9paisseur\u00a0: 6\u00a0mm<br \/>\nPoids net \u2013 126\u00a0kg<br \/>\nHauteur depuis le sol \u2013 75\u00a0cm<br \/>\nUtilisation \u2013 Ext\u00e9rieur<br \/>\nAccessoires inclus\u00a0: 2 raquettes et 6 balles<br \/>\nAssemblage \u2013 \u00c0 monter soi-m\u00eame<\/p>\n","protected":false},"excerpt":{"rendered":"<p>Deux bases coniques red\u00e9finissent la repr\u00e9sentation classique du tennis de table. N&rsquo;est-ce pas l\u00e0 le but premier d&rsquo;un design de [&hellip;]<\/p>\n","protected":false},"featured_media":108451,"template":"","meta":{"site-sidebar-layout":"default","site-content-layout":"","ast-site-content-layout":"default","site-content-style":"default","site-sidebar-style":"default","ast-global-header-display":"","ast-banner-title-visibility":"","ast-main-header-display":"","ast-hfb-above-header-display":"","ast-hfb-below-header-display":"","ast-hfb-mobile-header-display":"","site-post-title":"","ast-breadcrumbs-content":"","ast-featured-img":"","footer-sml-layout":"","ast-disable-related-posts":"","theme-transparent-header-meta":"default","adv-header-id-meta":"","stick-header-meta":"","header-above-stick-meta":"","header-main-stick-meta":"","header-below-stick-meta":"","astra-migrate-meta-layouts":"default","ast-page-background-enabled":"default","ast-page-background-meta":{"desktop":{"background-color":"var(--ast-global-color-4)","background-image":"","background-repeat":"repeat","background-position":"center center","background-size":"auto","background-attachment":"scroll","background-type":"","background-media":"","overlay-type":"","overlay-color":"","overlay-opacity":"","overlay-gradient":""},"tablet":{"background-color":"","background-image":"","background-repeat":"repeat","background-position":"center center","background-size":"auto","background-attachment":"scroll","background-type":"","background-media":"","overlay-type":"","overlay-color":"","overlay-opacity":"","overlay-gradient":""},"mobile":{"background-color":"","background-image":"","background-repeat":"repeat","background-position":"center center","background-size":"auto","background-attachment":"scroll","background-type":"","background-media":"","overlay-type":"","overlay-color":"","overlay-opacity":"","overlay-gradient":""}},"ast-content-background-meta":{"desktop":{"background-color":"var(--ast-global-color-5)","background-image":"","background-repeat":"repeat","background-position":"center center","background-size":"auto","background-attachment":"scroll","background-type":"","background-media":"","overlay-type":"","overlay-color":"","overlay-opacity":"","overlay-gradient":""},"tablet":{"background-color":"var(--ast-global-color-5)","background-image":"","background-repeat":"repeat","background-position":"center center","background-size":"auto","background-attachment":"scroll","background-type":"","background-media":"","overlay-type":"","overlay-color":"","overlay-opacity":"","overlay-gradient":""},"mobile":{"background-color":"var(--ast-global-color-5)","background-image":"","background-repeat":"repeat","background-position":"center center","background-size":"auto","background-attachment":"scroll","background-type":"","background-media":"","overlay-type":"","overlay-color":"","overlay-opacity":"","overlay-gradient":""}}},"product_brand":[],"product_cat":[3450,5304],"product_tag":[],"class_list":{"0":"post-108415","1":"product","2":"type-product","3":"status-publish","4":"has-post-thumbnail","6":"product_cat-jeux-de-exterieur","7":"product_cat-table-de-ping-pong","8":"product_shipping_class-tennis-de-table","9":"desktop-align-center","10":"tablet-align-left","11":"mobile-align-left","13":"first","14":"instock","15":"taxable","16":"shipping-taxable","17":"purchasable","18":"product-type-variable"},"yoast_head":"<!-- This site is optimized with the Yoast SEO plugin v27.5 - https:\/\/yoast.com\/product\/yoast-seo-wordpress\/ -->\n<title>Acheter Table Tennis de table Busan Outdoor - The World Billiards<\/title>\n<meta name=\"description\" content=\"Deux bases coniques red\u00e9finissent la repr\u00e9sentation classique du tennis de table. N&#039;est-ce pas l\u00e0 le but premier d&#039;un design de qualit\u00e9\u00a0? Une r\u00e9volution qui s&#039;accompagne d&#039;une division fonctionnelle en deux \u00e9l\u00e9ments, transformant, si n\u00e9cessaire, la table de ping-pong en deux tables distinctes pouvant accueillir huit personnes chacune. Inspir\u00e9 par le Manifeste du Dada\u00efsme, Dada r\u00e9interpr\u00e8te les principes classiques du tennis de table.  Structure \u2013 M\u00e9tallique Surface de jeu \u2013 Dimensions r\u00e9glementaires\u00a0: 274 x 152,5\u00a0cm, HPL \u00e9paisseur\u00a0: 6\u00a0mm Poids net \u2013 126\u00a0kg Hauteur depuis le sol \u2013 75\u00a0cm Utilisation \u2013 Ext\u00e9rieur Accessoires inclus\u00a0: 2 raquettes et 6 balles Assemblage \u2013 \u00c0 monter soi-m\u00eame\" \/>\n<meta name=\"robots\" content=\"index, follow, max-snippet:-1, max-image-preview:large, max-video-preview:-1\" \/>\n<link rel=\"canonical\" href=\"https:\/\/theworldbilliards.com\/fr\/produit\/table-tennis-de-table-busan-outdoor\/\" \/>\n<meta property=\"og:locale\" content=\"fr_FR\" \/>\n<meta property=\"og:type\" content=\"article\" \/>\n<meta property=\"og:title\" content=\"Acheter Table Tennis de table Busan Outdoor - The World Billiards\" \/>\n<meta property=\"og:description\" content=\"Deux bases coniques red\u00e9finissent la repr\u00e9sentation classique du tennis de table. N&#039;est-ce pas l\u00e0 le but premier d&#039;un design de qualit\u00e9\u00a0? Une r\u00e9volution qui s&#039;accompagne d&#039;une division fonctionnelle en deux \u00e9l\u00e9ments, transformant, si n\u00e9cessaire, la table de ping-pong en deux tables distinctes pouvant accueillir huit personnes chacune. Inspir\u00e9 par le Manifeste du Dada\u00efsme, Dada r\u00e9interpr\u00e8te les principes classiques du tennis de table.  Structure \u2013 M\u00e9tallique Surface de jeu \u2013 Dimensions r\u00e9glementaires\u00a0: 274 x 152,5\u00a0cm, HPL \u00e9paisseur\u00a0: 6\u00a0mm Poids net \u2013 126\u00a0kg Hauteur depuis le sol \u2013 75\u00a0cm Utilisation \u2013 Ext\u00e9rieur Accessoires inclus\u00a0: 2 raquettes et 6 balles Assemblage \u2013 \u00c0 monter soi-m\u00eame\" \/>\n<meta property=\"og:url\" content=\"https:\/\/theworldbilliards.com\/fr\/produit\/table-tennis-de-table-busan-outdoor\/\" \/>\n<meta property=\"og:site_name\" content=\"The World Billiards\" \/>\n<meta property=\"article:publisher\" content=\"https:\/\/www.facebook.com\/baby.foot.superbes\" \/>\n<meta property=\"article:modified_time\" content=\"2025-07-22T11:50:06+00:00\" \/>\n<meta property=\"og:image\" content=\"https:\/\/theworldbilliards.com\/wp-content\/uploads\/2025\/07\/Busan-outdoor.jpg\" \/>\n\t<meta property=\"og:image:width\" content=\"1611\" \/>\n\t<meta property=\"og:image:height\" content=\"1610\" \/>\n\t<meta property=\"og:image:type\" content=\"image\/jpeg\" \/>\n<meta name=\"twitter:card\" content=\"summary_large_image\" \/>\n<script type=\"application\/ld+json\" class=\"yoast-schema-graph\">{\"@context\":\"https:\\\/\\\/schema.org\",\"@graph\":[{\"@type\":\"WebPage\",\"@id\":\"https:\\\/\\\/theworldbilliards.com\\\/fr\\\/produit\\\/table-tennis-de-table-busan-outdoor\\\/\",\"url\":\"https:\\\/\\\/theworldbilliards.com\\\/fr\\\/produit\\\/table-tennis-de-table-busan-outdoor\\\/\",\"name\":\"Acheter Table Tennis de table Busan Outdoor - The World Billiards\",\"isPartOf\":{\"@id\":\"https:\\\/\\\/theworldbilliards.com\\\/fr\\\/#website\"},\"primaryImageOfPage\":{\"@id\":\"https:\\\/\\\/theworldbilliards.com\\\/fr\\\/produit\\\/table-tennis-de-table-busan-outdoor\\\/#primaryimage\"},\"image\":{\"@id\":\"https:\\\/\\\/theworldbilliards.com\\\/fr\\\/produit\\\/table-tennis-de-table-busan-outdoor\\\/#primaryimage\"},\"thumbnailUrl\":\"https:\\\/\\\/theworldbilliards.com\\\/wp-content\\\/uploads\\\/2025\\\/07\\\/Busan-outdoor.jpg\",\"datePublished\":\"2025-07-22T11:39:37+00:00\",\"dateModified\":\"2025-07-22T11:50:06+00:00\",\"description\":\"Deux bases coniques red\u00e9finissent la repr\u00e9sentation classique du tennis de table. N'est-ce pas l\u00e0 le but premier d'un design de qualit\u00e9\u00a0? Une r\u00e9volution qui s'accompagne d'une division fonctionnelle en deux \u00e9l\u00e9ments, transformant, si n\u00e9cessaire, la table de ping-pong en deux tables distinctes pouvant accueillir huit personnes chacune. Inspir\u00e9 par le Manifeste du Dada\u00efsme, Dada r\u00e9interpr\u00e8te les principes classiques du tennis de table. Structure \u2013 M\u00e9tallique Surface de jeu \u2013 Dimensions r\u00e9glementaires\u00a0: 274 x 152,5\u00a0cm, HPL \u00e9paisseur\u00a0: 6\u00a0mm Poids net \u2013 126\u00a0kg Hauteur depuis le sol \u2013 75\u00a0cm Utilisation \u2013 Ext\u00e9rieur Accessoires inclus\u00a0: 2 raquettes et 6 balles Assemblage \u2013 \u00c0 monter soi-m\u00eame\",\"breadcrumb\":{\"@id\":\"https:\\\/\\\/theworldbilliards.com\\\/fr\\\/produit\\\/table-tennis-de-table-busan-outdoor\\\/#breadcrumb\"},\"inLanguage\":\"fr-FR\",\"potentialAction\":[{\"@type\":\"ReadAction\",\"target\":[\"https:\\\/\\\/theworldbilliards.com\\\/fr\\\/produit\\\/table-tennis-de-table-busan-outdoor\\\/\"]}]},{\"@type\":\"ImageObject\",\"inLanguage\":\"fr-FR\",\"@id\":\"https:\\\/\\\/theworldbilliards.com\\\/fr\\\/produit\\\/table-tennis-de-table-busan-outdoor\\\/#primaryimage\",\"url\":\"https:\\\/\\\/theworldbilliards.com\\\/wp-content\\\/uploads\\\/2025\\\/07\\\/Busan-outdoor.jpg\",\"contentUrl\":\"https:\\\/\\\/theworldbilliards.com\\\/wp-content\\\/uploads\\\/2025\\\/07\\\/Busan-outdoor.jpg\",\"width\":1611,\"height\":1610},{\"@type\":\"BreadcrumbList\",\"@id\":\"https:\\\/\\\/theworldbilliards.com\\\/fr\\\/produit\\\/table-tennis-de-table-busan-outdoor\\\/#breadcrumb\",\"itemListElement\":[{\"@type\":\"ListItem\",\"position\":1,\"name\":\"In\u00edcio\",\"item\":\"https:\\\/\\\/theworldbilliards.com\\\/fr\\\/\"},{\"@type\":\"ListItem\",\"position\":2,\"name\":\"Boutique en ligne\",\"item\":\"https:\\\/\\\/theworldbilliards.com\\\/fr\\\/boutique-theworldbilliards\\\/\"},{\"@type\":\"ListItem\",\"position\":3,\"name\":\"Table Tennis de table Busan Outdoor\"}]},{\"@type\":\"WebSite\",\"@id\":\"https:\\\/\\\/theworldbilliards.com\\\/fr\\\/#website\",\"url\":\"https:\\\/\\\/theworldbilliards.com\\\/fr\\\/\",\"name\":\"TheWorldBilliards\",\"description\":\"Achetez ici billard, baby-foot, ping-pong et bowling\",\"publisher\":{\"@id\":\"https:\\\/\\\/theworldbilliards.com\\\/fr\\\/#organization\"},\"alternateName\":\"The world billiards\",\"potentialAction\":[{\"@type\":\"SearchAction\",\"target\":{\"@type\":\"EntryPoint\",\"urlTemplate\":\"https:\\\/\\\/theworldbilliards.com\\\/fr\\\/?s={search_term_string}\"},\"query-input\":{\"@type\":\"PropertyValueSpecification\",\"valueRequired\":true,\"valueName\":\"search_term_string\"}}],\"inLanguage\":\"fr-FR\"},{\"@type\":\"Organization\",\"@id\":\"https:\\\/\\\/theworldbilliards.com\\\/fr\\\/#organization\",\"name\":\"The World Billiards\",\"alternateName\":\"The World Billiards\",\"url\":\"https:\\\/\\\/theworldbilliards.com\\\/fr\\\/\",\"logo\":{\"@type\":\"ImageObject\",\"inLanguage\":\"fr-FR\",\"@id\":\"https:\\\/\\\/theworldbilliards.com\\\/fr\\\/#\\\/schema\\\/logo\\\/image\\\/\",\"url\":\"\",\"contentUrl\":\"\",\"caption\":\"The World Billiards\"},\"image\":{\"@id\":\"https:\\\/\\\/theworldbilliards.com\\\/fr\\\/#\\\/schema\\\/logo\\\/image\\\/\"},\"sameAs\":[\"https:\\\/\\\/www.facebook.com\\\/baby.foot.superbes\",\"https:\\\/\\\/www.youtube.com\\\/channel\\\/UCIMuOVAaUcH6UpZcsZlH0Tg\",\"https:\\\/\\\/www.facebook.com\\\/people\\\/Brunswick-Billiards-EspaaPortugal\\\/100066446264309\\\/\",\"https:\\\/\\\/www.instagram.com\\\/the_world_billiards\\\/\",\"https:\\\/\\\/www.pinterest.es\\\/Theworldbilliards\\\/\"]}]}<\/script>\n<!-- \/ Yoast SEO plugin. -->","yoast_head_json":{"title":"Acheter Table Tennis de table Busan Outdoor - The World Billiards","description":"Deux bases coniques red\u00e9finissent la repr\u00e9sentation classique du tennis de table. N'est-ce pas l\u00e0 le but premier d'un design de qualit\u00e9\u00a0? Une r\u00e9volution qui s'accompagne d'une division fonctionnelle en deux \u00e9l\u00e9ments, transformant, si n\u00e9cessaire, la table de ping-pong en deux tables distinctes pouvant accueillir huit personnes chacune. Inspir\u00e9 par le Manifeste du Dada\u00efsme, Dada r\u00e9interpr\u00e8te les principes classiques du tennis de table.  Structure \u2013 M\u00e9tallique Surface de jeu \u2013 Dimensions r\u00e9glementaires\u00a0: 274 x 152,5\u00a0cm, HPL \u00e9paisseur\u00a0: 6\u00a0mm Poids net \u2013 126\u00a0kg Hauteur depuis le sol \u2013 75\u00a0cm Utilisation \u2013 Ext\u00e9rieur Accessoires inclus\u00a0: 2 raquettes et 6 balles Assemblage \u2013 \u00c0 monter soi-m\u00eame","robots":{"index":"index","follow":"follow","max-snippet":"max-snippet:-1","max-image-preview":"max-image-preview:large","max-video-preview":"max-video-preview:-1"},"canonical":"https:\/\/theworldbilliards.com\/fr\/produit\/table-tennis-de-table-busan-outdoor\/","og_locale":"fr_FR","og_type":"article","og_title":"Acheter Table Tennis de table Busan Outdoor - The World Billiards","og_description":"Deux bases coniques red\u00e9finissent la repr\u00e9sentation classique du tennis de table. N'est-ce pas l\u00e0 le but premier d'un design de qualit\u00e9\u00a0? Une r\u00e9volution qui s'accompagne d'une division fonctionnelle en deux \u00e9l\u00e9ments, transformant, si n\u00e9cessaire, la table de ping-pong en deux tables distinctes pouvant accueillir huit personnes chacune. Inspir\u00e9 par le Manifeste du Dada\u00efsme, Dada r\u00e9interpr\u00e8te les principes classiques du tennis de table.  Structure \u2013 M\u00e9tallique Surface de jeu \u2013 Dimensions r\u00e9glementaires\u00a0: 274 x 152,5\u00a0cm, HPL \u00e9paisseur\u00a0: 6\u00a0mm Poids net \u2013 126\u00a0kg Hauteur depuis le sol \u2013 75\u00a0cm Utilisation \u2013 Ext\u00e9rieur Accessoires inclus\u00a0: 2 raquettes et 6 balles Assemblage \u2013 \u00c0 monter soi-m\u00eame","og_url":"https:\/\/theworldbilliards.com\/fr\/produit\/table-tennis-de-table-busan-outdoor\/","og_site_name":"The World Billiards","article_publisher":"https:\/\/www.facebook.com\/baby.foot.superbes","article_modified_time":"2025-07-22T11:50:06+00:00","og_image":[{"width":1611,"height":1610,"url":"https:\/\/theworldbilliards.com\/wp-content\/uploads\/2025\/07\/Busan-outdoor.jpg","type":"image\/jpeg"}],"twitter_card":"summary_large_image","schema":{"@context":"https:\/\/schema.org","@graph":[{"@type":"WebPage","@id":"https:\/\/theworldbilliards.com\/fr\/produit\/table-tennis-de-table-busan-outdoor\/","url":"https:\/\/theworldbilliards.com\/fr\/produit\/table-tennis-de-table-busan-outdoor\/","name":"Acheter Table Tennis de table Busan Outdoor - The World Billiards","isPartOf":{"@id":"https:\/\/theworldbilliards.com\/fr\/#website"},"primaryImageOfPage":{"@id":"https:\/\/theworldbilliards.com\/fr\/produit\/table-tennis-de-table-busan-outdoor\/#primaryimage"},"image":{"@id":"https:\/\/theworldbilliards.com\/fr\/produit\/table-tennis-de-table-busan-outdoor\/#primaryimage"},"thumbnailUrl":"https:\/\/theworldbilliards.com\/wp-content\/uploads\/2025\/07\/Busan-outdoor.jpg","datePublished":"2025-07-22T11:39:37+00:00","dateModified":"2025-07-22T11:50:06+00:00","description":"Deux bases coniques red\u00e9finissent la repr\u00e9sentation classique du tennis de table. N'est-ce pas l\u00e0 le but premier d'un design de qualit\u00e9\u00a0? Une r\u00e9volution qui s'accompagne d'une division fonctionnelle en deux \u00e9l\u00e9ments, transformant, si n\u00e9cessaire, la table de ping-pong en deux tables distinctes pouvant accueillir huit personnes chacune. Inspir\u00e9 par le Manifeste du Dada\u00efsme, Dada r\u00e9interpr\u00e8te les principes classiques du tennis de table. Structure \u2013 M\u00e9tallique Surface de jeu \u2013 Dimensions r\u00e9glementaires\u00a0: 274 x 152,5\u00a0cm, HPL \u00e9paisseur\u00a0: 6\u00a0mm Poids net \u2013 126\u00a0kg Hauteur depuis le sol \u2013 75\u00a0cm Utilisation \u2013 Ext\u00e9rieur Accessoires inclus\u00a0: 2 raquettes et 6 balles Assemblage \u2013 \u00c0 monter soi-m\u00eame","breadcrumb":{"@id":"https:\/\/theworldbilliards.com\/fr\/produit\/table-tennis-de-table-busan-outdoor\/#breadcrumb"},"inLanguage":"fr-FR","potentialAction":[{"@type":"ReadAction","target":["https:\/\/theworldbilliards.com\/fr\/produit\/table-tennis-de-table-busan-outdoor\/"]}]},{"@type":"ImageObject","inLanguage":"fr-FR","@id":"https:\/\/theworldbilliards.com\/fr\/produit\/table-tennis-de-table-busan-outdoor\/#primaryimage","url":"https:\/\/theworldbilliards.com\/wp-content\/uploads\/2025\/07\/Busan-outdoor.jpg","contentUrl":"https:\/\/theworldbilliards.com\/wp-content\/uploads\/2025\/07\/Busan-outdoor.jpg","width":1611,"height":1610},{"@type":"BreadcrumbList","@id":"https:\/\/theworldbilliards.com\/fr\/produit\/table-tennis-de-table-busan-outdoor\/#breadcrumb","itemListElement":[{"@type":"ListItem","position":1,"name":"In\u00edcio","item":"https:\/\/theworldbilliards.com\/fr\/"},{"@type":"ListItem","position":2,"name":"Boutique en ligne","item":"https:\/\/theworldbilliards.com\/fr\/boutique-theworldbilliards\/"},{"@type":"ListItem","position":3,"name":"Table Tennis de table Busan Outdoor"}]},{"@type":"WebSite","@id":"https:\/\/theworldbilliards.com\/fr\/#website","url":"https:\/\/theworldbilliards.com\/fr\/","name":"TheWorldBilliards","description":"Achetez ici billard, baby-foot, ping-pong et bowling","publisher":{"@id":"https:\/\/theworldbilliards.com\/fr\/#organization"},"alternateName":"The world billiards","potentialAction":[{"@type":"SearchAction","target":{"@type":"EntryPoint","urlTemplate":"https:\/\/theworldbilliards.com\/fr\/?s={search_term_string}"},"query-input":{"@type":"PropertyValueSpecification","valueRequired":true,"valueName":"search_term_string"}}],"inLanguage":"fr-FR"},{"@type":"Organization","@id":"https:\/\/theworldbilliards.com\/fr\/#organization","name":"The World Billiards","alternateName":"The World Billiards","url":"https:\/\/theworldbilliards.com\/fr\/","logo":{"@type":"ImageObject","inLanguage":"fr-FR","@id":"https:\/\/theworldbilliards.com\/fr\/#\/schema\/logo\/image\/","url":"","contentUrl":"","caption":"The World Billiards"},"image":{"@id":"https:\/\/theworldbilliards.com\/fr\/#\/schema\/logo\/image\/"},"sameAs":["https:\/\/www.facebook.com\/baby.foot.superbes","https:\/\/www.youtube.com\/channel\/UCIMuOVAaUcH6UpZcsZlH0Tg","https:\/\/www.facebook.com\/people\/Brunswick-Billiards-EspaaPortugal\/100066446264309\/","https:\/\/www.instagram.com\/the_world_billiards\/","https:\/\/www.pinterest.es\/Theworldbilliards\/"]}]}},"_links":{"self":[{"href":"https:\/\/theworldbilliards.com\/fr\/wp-json\/wp\/v2\/product\/108415","targetHints":{"allow":["GET"]}}],"collection":[{"href":"https:\/\/theworldbilliards.com\/fr\/wp-json\/wp\/v2\/product"}],"about":[{"href":"https:\/\/theworldbilliards.com\/fr\/wp-json\/wp\/v2\/types\/product"}],"wp:featuredmedia":[{"embeddable":true,"href":"https:\/\/theworldbilliards.com\/fr\/wp-json\/wp\/v2\/media\/108451"}],"wp:attachment":[{"href":"https:\/\/theworldbilliards.com\/fr\/wp-json\/wp\/v2\/media?parent=108415"}],"wp:term":[{"taxonomy":"product_brand","embeddable":true,"href":"https:\/\/theworldbilliards.com\/fr\/wp-json\/wp\/v2\/product_brand?post=108415"},{"taxonomy":"product_cat","embeddable":true,"href":"https:\/\/theworldbilliards.com\/fr\/wp-json\/wp\/v2\/product_cat?post=108415"},{"taxonomy":"product_tag","embeddable":true,"href":"https:\/\/theworldbilliards.com\/fr\/wp-json\/wp\/v2\/product_tag?post=108415"}],"curies":[{"name":"wp","href":"https:\/\/api.w.org\/{rel}","templated":true}]}}