{"id":108500,"date":"2025-09-03T13:02:08","date_gmt":"2025-09-03T11:02:08","guid":{"rendered":"https:\/\/theworldbilliards.com\/?post_type=product&#038;p=108500"},"modified":"2025-09-03T13:15:37","modified_gmt":"2025-09-03T11:15:37","slug":"billard-brunswick-the-loft","status":"publish","type":"product","link":"https:\/\/theworldbilliards.com\/fr\/produit\/billard-brunswick-the-loft\/","title":{"rendered":"Billard Brunswick The Loft"},"content":{"rendered":"<p>Cr\u00e9ez une esth\u00e9tique intemporelle avec la table de billard The Loft. Cette table de 8 pi arbore un design classique avec une finition Nutmeg, parfaite pour tous les styles d&rsquo;int\u00e9rieur. Transformez facilement The Loft en table \u00e0 manger gr\u00e2ce au plateau de salle \u00e0 manger en option ou surpassez vos adversaires avec le plateau de conversion pour table de ping-pong en option. Cette table s&rsquo;associe parfaitement au support \u00e0 queues mural et au sol Heritage, tandis qu&rsquo;un tiroir de rangement en option vous permet de rester organis\u00e9 et pr\u00eat \u00e0 jouer.<\/p>\n<p>Sp\u00e9cifications du produit:<\/p>\n<ul>\n<li>Ardoise: plaque d&rsquo;ardoise 3 pi\u00e8ces d&rsquo;une \u00e9paisseur de 2,54 cm.<\/li>\n<li>Taille: 8 pieds.<\/li>\n<li>Couleur: \u00ab\u00a0Nutmeg\u00a0\u00bb.<\/li>\n<li>Pes: \u00ab\u00a0Standard\u00a0\u00bb.<\/li>\n<li>Il est livr\u00e9 avec le tapis Pro Cup Tournament inclus en diff\u00e9rentes couleurs que vous pouvez choisir, en option vous avez d\u2019autres tapis comme le Pro Cup T\u00e9flon anti-taches, Simonis, Championship and Brunswick Centennial.<\/li>\n<\/ul>\n<p><strong>Options:<\/strong>\u00a0Plateau table \u00e0 manger, plateau\u00a0table de ping-pong,\u00a0syst\u00e8me multi bandes de billard Fran\u00e7ais \/ Billard Am\u00e9ricain\u00a0\/\u00a0Snooker Anglais.<\/p>\n<p>&nbsp;<\/p>\n","protected":false},"excerpt":{"rendered":"<p><strong>Accessoires inclus<\/strong><br \/>\n\u2022 1 Jeu de Boules<br \/>\n\u2022 Triangle (en pool)<br \/>\n\u2022 4 Queues une-piece<br \/>\n\u2022 6 Cubes de Craie<br \/>\n\u2022 Brosse<\/p>\n<p><a href=\"https:\/\/theworldbilliards.com\/fr\/categorie-produit\/billard\/acessorios-de-billard\/kit-daccessoires\/\" target=\"_blank\" rel=\"noopener\"><strong>Autres options de kit d\u2019accessoires<\/strong><\/a><strong><a href=\"https:\/\/theworldbilliards.com\/fr\/categorie-produit\/billard\/acessorios-de-billard\/kit-daccessoires\/\" target=\"_blank\" rel=\"noopener\"><img loading=\"lazy\" decoding=\"async\" class=\"alignnone wp-image-103074\" src=\"https:\/\/theworldbilliards.com\/wp-content\/uploads\/2024\/04\/Brunswick-kit-centennial-300x189.jpg\" alt=\"\" width=\"200\" height=\"126\" srcset=\"https:\/\/theworldbilliards.com\/wp-content\/uploads\/2024\/04\/Brunswick-kit-centennial-300x189.jpg 300w, https:\/\/theworldbilliards.com\/wp-content\/uploads\/2024\/04\/Brunswick-kit-centennial-600x379.jpg 600w, https:\/\/theworldbilliards.com\/wp-content\/uploads\/2024\/04\/Brunswick-kit-centennial.jpg 708w\" sizes=\"auto, (max-width: 200px) 100vw, 200px\" \/><\/a><\/strong><\/p>\n","protected":false},"featured_media":108509,"template":"","meta":{"site-sidebar-layout":"default","site-content-layout":"","ast-site-content-layout":"default","site-content-style":"default","site-sidebar-style":"default","ast-global-header-display":"","ast-banner-title-visibility":"","ast-main-header-display":"","ast-hfb-above-header-display":"","ast-hfb-below-header-display":"","ast-hfb-mobile-header-display":"","site-post-title":"","ast-breadcrumbs-content":"","ast-featured-img":"","footer-sml-layout":"","ast-disable-related-posts":"","theme-transparent-header-meta":"default","adv-header-id-meta":"","stick-header-meta":"","header-above-stick-meta":"","header-main-stick-meta":"","header-below-stick-meta":"","astra-migrate-meta-layouts":"default","ast-page-background-enabled":"default","ast-page-background-meta":{"desktop":{"background-color":"var(--ast-global-color-4)","background-image":"","background-repeat":"repeat","background-position":"center center","background-size":"auto","background-attachment":"scroll","background-type":"","background-media":"","overlay-type":"","overlay-color":"","overlay-opacity":"","overlay-gradient":""},"tablet":{"background-color":"","background-image":"","background-repeat":"repeat","background-position":"center center","background-size":"auto","background-attachment":"scroll","background-type":"","background-media":"","overlay-type":"","overlay-color":"","overlay-opacity":"","overlay-gradient":""},"mobile":{"background-color":"","background-image":"","background-repeat":"repeat","background-position":"center center","background-size":"auto","background-attachment":"scroll","background-type":"","background-media":"","overlay-type":"","overlay-color":"","overlay-opacity":"","overlay-gradient":""}},"ast-content-background-meta":{"desktop":{"background-color":"var(--ast-global-color-5)","background-image":"","background-repeat":"repeat","background-position":"center center","background-size":"auto","background-attachment":"scroll","background-type":"","background-media":"","overlay-type":"","overlay-color":"","overlay-opacity":"","overlay-gradient":""},"tablet":{"background-color":"var(--ast-global-color-5)","background-image":"","background-repeat":"repeat","background-position":"center center","background-size":"auto","background-attachment":"scroll","background-type":"","background-media":"","overlay-type":"","overlay-color":"","overlay-opacity":"","overlay-gradient":""},"mobile":{"background-color":"var(--ast-global-color-5)","background-image":"","background-repeat":"repeat","background-position":"center center","background-size":"auto","background-attachment":"scroll","background-type":"","background-media":"","overlay-type":"","overlay-color":"","overlay-opacity":"","overlay-gradient":""}}},"product_brand":[5198],"product_cat":[1252],"product_tag":[],"class_list":{"0":"post-108500","1":"product","2":"type-product","3":"status-publish","4":"has-post-thumbnail","6":"product_brand-brunswick-billiards-fr","7":"product_cat-billard-brunswick","8":"product_shipping_class-billard","9":"desktop-align-center","10":"tablet-align-left","11":"mobile-align-left","13":"first","14":"onbackorder","15":"taxable","16":"shipping-taxable","17":"purchasable","18":"product-type-variable"},"yoast_head":"<!-- This site is optimized with the Yoast SEO plugin v27.5 - https:\/\/yoast.com\/product\/yoast-seo-wordpress\/ -->\n<title>Acheter Billard Brunswick The Loft - The World Billiards<\/title>\n<meta name=\"description\" content=\"Cr\u00e9ez une esth\u00e9tique intemporelle avec la table de billard The Loft. Cette table de 8 pi arbore un design classique avec une finition Nutmeg, parfaite pour tous les styles d&#039;int\u00e9rieur. Transformez facilement The Loft en table \u00e0 manger gr\u00e2ce au plateau de salle \u00e0 manger en option ou surpassez vos adversaires avec le plateau de conversion pour table de ping-pong en option. Cette table s&#039;associe parfaitement au support \u00e0 queues mural et au sol Heritage, tandis qu&#039;un tiroir de rangement en option vous permet de rester organis\u00e9 et pr\u00eat \u00e0 jouer.  Sp\u00e9cifications du produit:   Ardoise: plaque d&#039;ardoise 3 pi\u00e8ces d&#039;une \u00e9paisseur de 2,54 cm.  Taille: 8 pieds.  Couleur: &quot;Nutmeg&quot;.  Pes: &quot;Standard&quot;.  Il est livr\u00e9 avec le tapis Pro Cup Tournament inclus en diff\u00e9rentes couleurs que vous pouvez choisir, en option vous avez d\u2019autres tapis comme le Pro Cup T\u00e9flon anti-taches, Simonis, Championship and Brunswick Centennial.  Options:\u00a0Plateau table \u00e0 manger, plateau\u00a0table de ping-pong,\u00a0syst\u00e8me multi bandes de billard Fran\u00e7ais \/ Billard Am\u00e9ricain\u00a0\/\u00a0Snooker Anglais.  &nbsp;\" \/>\n<meta name=\"robots\" content=\"index, follow, max-snippet:-1, max-image-preview:large, max-video-preview:-1\" \/>\n<link rel=\"canonical\" href=\"https:\/\/theworldbilliards.com\/fr\/produit\/billard-brunswick-the-loft\/\" \/>\n<meta property=\"og:locale\" content=\"fr_FR\" \/>\n<meta property=\"og:type\" content=\"article\" \/>\n<meta property=\"og:title\" content=\"Acheter Billard Brunswick The Loft - The World Billiards\" \/>\n<meta property=\"og:description\" content=\"Cr\u00e9ez une esth\u00e9tique intemporelle avec la table de billard The Loft. Cette table de 8 pi arbore un design classique avec une finition Nutmeg, parfaite pour tous les styles d&#039;int\u00e9rieur. Transformez facilement The Loft en table \u00e0 manger gr\u00e2ce au plateau de salle \u00e0 manger en option ou surpassez vos adversaires avec le plateau de conversion pour table de ping-pong en option. Cette table s&#039;associe parfaitement au support \u00e0 queues mural et au sol Heritage, tandis qu&#039;un tiroir de rangement en option vous permet de rester organis\u00e9 et pr\u00eat \u00e0 jouer.  Sp\u00e9cifications du produit:   Ardoise: plaque d&#039;ardoise 3 pi\u00e8ces d&#039;une \u00e9paisseur de 2,54 cm.  Taille: 8 pieds.  Couleur: &quot;Nutmeg&quot;.  Pes: &quot;Standard&quot;.  Il est livr\u00e9 avec le tapis Pro Cup Tournament inclus en diff\u00e9rentes couleurs que vous pouvez choisir, en option vous avez d\u2019autres tapis comme le Pro Cup T\u00e9flon anti-taches, Simonis, Championship and Brunswick Centennial.  Options:\u00a0Plateau table \u00e0 manger, plateau\u00a0table de ping-pong,\u00a0syst\u00e8me multi bandes de billard Fran\u00e7ais \/ Billard Am\u00e9ricain\u00a0\/\u00a0Snooker Anglais.  &nbsp;\" \/>\n<meta property=\"og:url\" content=\"https:\/\/theworldbilliards.com\/fr\/produit\/billard-brunswick-the-loft\/\" \/>\n<meta property=\"og:site_name\" content=\"The World Billiards\" \/>\n<meta property=\"article:publisher\" content=\"https:\/\/www.facebook.com\/baby.foot.superbes\" \/>\n<meta property=\"article:modified_time\" content=\"2025-09-03T11:15:37+00:00\" \/>\n<meta property=\"og:image\" content=\"https:\/\/theworldbilliards.com\/wp-content\/uploads\/2025\/09\/the-loft.png\" \/>\n\t<meta property=\"og:image:width\" content=\"990\" \/>\n\t<meta property=\"og:image:height\" content=\"990\" \/>\n\t<meta property=\"og:image:type\" content=\"image\/png\" \/>\n<meta name=\"twitter:card\" content=\"summary_large_image\" \/>\n<script type=\"application\/ld+json\" class=\"yoast-schema-graph\">{\"@context\":\"https:\\\/\\\/schema.org\",\"@graph\":[{\"@type\":\"WebPage\",\"@id\":\"https:\\\/\\\/theworldbilliards.com\\\/fr\\\/produit\\\/billard-brunswick-the-loft\\\/\",\"url\":\"https:\\\/\\\/theworldbilliards.com\\\/fr\\\/produit\\\/billard-brunswick-the-loft\\\/\",\"name\":\"Acheter Billard Brunswick The Loft - The World Billiards\",\"isPartOf\":{\"@id\":\"https:\\\/\\\/theworldbilliards.com\\\/fr\\\/#website\"},\"primaryImageOfPage\":{\"@id\":\"https:\\\/\\\/theworldbilliards.com\\\/fr\\\/produit\\\/billard-brunswick-the-loft\\\/#primaryimage\"},\"image\":{\"@id\":\"https:\\\/\\\/theworldbilliards.com\\\/fr\\\/produit\\\/billard-brunswick-the-loft\\\/#primaryimage\"},\"thumbnailUrl\":\"https:\\\/\\\/theworldbilliards.com\\\/wp-content\\\/uploads\\\/2025\\\/09\\\/the-loft.png\",\"datePublished\":\"2025-09-03T11:02:08+00:00\",\"dateModified\":\"2025-09-03T11:15:37+00:00\",\"description\":\"Cr\u00e9ez une esth\u00e9tique intemporelle avec la table de billard The Loft. Cette table de 8 pi arbore un design classique avec une finition Nutmeg, parfaite pour tous les styles d'int\u00e9rieur. Transformez facilement The Loft en table \u00e0 manger gr\u00e2ce au plateau de salle \u00e0 manger en option ou surpassez vos adversaires avec le plateau de conversion pour table de ping-pong en option. Cette table s'associe parfaitement au support \u00e0 queues mural et au sol Heritage, tandis qu'un tiroir de rangement en option vous permet de rester organis\u00e9 et pr\u00eat \u00e0 jouer. Sp\u00e9cifications du produit: Ardoise: plaque d'ardoise 3 pi\u00e8ces d'une \u00e9paisseur de 2,54 cm. Taille: 8 pieds. Couleur: \\\"Nutmeg\\\". Pes: \\\"Standard\\\". Il est livr\u00e9 avec le tapis Pro Cup Tournament inclus en diff\u00e9rentes couleurs que vous pouvez choisir, en option vous avez d\u2019autres tapis comme le Pro Cup T\u00e9flon anti-taches, Simonis, Championship and Brunswick Centennial. Options:\u00a0Plateau table \u00e0 manger, plateau\u00a0table de ping-pong,\u00a0syst\u00e8me multi bandes de billard Fran\u00e7ais \\\/ Billard Am\u00e9ricain\u00a0\\\/\u00a0Snooker Anglais. &nbsp;\",\"breadcrumb\":{\"@id\":\"https:\\\/\\\/theworldbilliards.com\\\/fr\\\/produit\\\/billard-brunswick-the-loft\\\/#breadcrumb\"},\"inLanguage\":\"fr-FR\",\"potentialAction\":[{\"@type\":\"ReadAction\",\"target\":[\"https:\\\/\\\/theworldbilliards.com\\\/fr\\\/produit\\\/billard-brunswick-the-loft\\\/\"]}]},{\"@type\":\"ImageObject\",\"inLanguage\":\"fr-FR\",\"@id\":\"https:\\\/\\\/theworldbilliards.com\\\/fr\\\/produit\\\/billard-brunswick-the-loft\\\/#primaryimage\",\"url\":\"https:\\\/\\\/theworldbilliards.com\\\/wp-content\\\/uploads\\\/2025\\\/09\\\/the-loft.png\",\"contentUrl\":\"https:\\\/\\\/theworldbilliards.com\\\/wp-content\\\/uploads\\\/2025\\\/09\\\/the-loft.png\",\"width\":990,\"height\":990},{\"@type\":\"BreadcrumbList\",\"@id\":\"https:\\\/\\\/theworldbilliards.com\\\/fr\\\/produit\\\/billard-brunswick-the-loft\\\/#breadcrumb\",\"itemListElement\":[{\"@type\":\"ListItem\",\"position\":1,\"name\":\"In\u00edcio\",\"item\":\"https:\\\/\\\/theworldbilliards.com\\\/fr\\\/\"},{\"@type\":\"ListItem\",\"position\":2,\"name\":\"Boutique en ligne\",\"item\":\"https:\\\/\\\/theworldbilliards.com\\\/fr\\\/boutique-theworldbilliards\\\/\"},{\"@type\":\"ListItem\",\"position\":3,\"name\":\"Billard Brunswick The Loft\"}]},{\"@type\":\"WebSite\",\"@id\":\"https:\\\/\\\/theworldbilliards.com\\\/fr\\\/#website\",\"url\":\"https:\\\/\\\/theworldbilliards.com\\\/fr\\\/\",\"name\":\"TheWorldBilliards\",\"description\":\"Achetez ici billard, baby-foot, ping-pong et bowling\",\"publisher\":{\"@id\":\"https:\\\/\\\/theworldbilliards.com\\\/fr\\\/#organization\"},\"alternateName\":\"The world billiards\",\"potentialAction\":[{\"@type\":\"SearchAction\",\"target\":{\"@type\":\"EntryPoint\",\"urlTemplate\":\"https:\\\/\\\/theworldbilliards.com\\\/fr\\\/?s={search_term_string}\"},\"query-input\":{\"@type\":\"PropertyValueSpecification\",\"valueRequired\":true,\"valueName\":\"search_term_string\"}}],\"inLanguage\":\"fr-FR\"},{\"@type\":\"Organization\",\"@id\":\"https:\\\/\\\/theworldbilliards.com\\\/fr\\\/#organization\",\"name\":\"The World Billiards\",\"alternateName\":\"The World Billiards\",\"url\":\"https:\\\/\\\/theworldbilliards.com\\\/fr\\\/\",\"logo\":{\"@type\":\"ImageObject\",\"inLanguage\":\"fr-FR\",\"@id\":\"https:\\\/\\\/theworldbilliards.com\\\/fr\\\/#\\\/schema\\\/logo\\\/image\\\/\",\"url\":\"\",\"contentUrl\":\"\",\"caption\":\"The World Billiards\"},\"image\":{\"@id\":\"https:\\\/\\\/theworldbilliards.com\\\/fr\\\/#\\\/schema\\\/logo\\\/image\\\/\"},\"sameAs\":[\"https:\\\/\\\/www.facebook.com\\\/baby.foot.superbes\",\"https:\\\/\\\/www.youtube.com\\\/channel\\\/UCIMuOVAaUcH6UpZcsZlH0Tg\",\"https:\\\/\\\/www.facebook.com\\\/people\\\/Brunswick-Billiards-EspaaPortugal\\\/100066446264309\\\/\",\"https:\\\/\\\/www.instagram.com\\\/the_world_billiards\\\/\",\"https:\\\/\\\/www.pinterest.es\\\/Theworldbilliards\\\/\"]}]}<\/script>\n<!-- \/ Yoast SEO plugin. -->","yoast_head_json":{"title":"Acheter Billard Brunswick The Loft - The World Billiards","description":"Cr\u00e9ez une esth\u00e9tique intemporelle avec la table de billard The Loft. Cette table de 8 pi arbore un design classique avec une finition Nutmeg, parfaite pour tous les styles d'int\u00e9rieur. Transformez facilement The Loft en table \u00e0 manger gr\u00e2ce au plateau de salle \u00e0 manger en option ou surpassez vos adversaires avec le plateau de conversion pour table de ping-pong en option. Cette table s'associe parfaitement au support \u00e0 queues mural et au sol Heritage, tandis qu'un tiroir de rangement en option vous permet de rester organis\u00e9 et pr\u00eat \u00e0 jouer.  Sp\u00e9cifications du produit:   Ardoise: plaque d'ardoise 3 pi\u00e8ces d'une \u00e9paisseur de 2,54 cm.  Taille: 8 pieds.  Couleur: \"Nutmeg\".  Pes: \"Standard\".  Il est livr\u00e9 avec le tapis Pro Cup Tournament inclus en diff\u00e9rentes couleurs que vous pouvez choisir, en option vous avez d\u2019autres tapis comme le Pro Cup T\u00e9flon anti-taches, Simonis, Championship and Brunswick Centennial.  Options:\u00a0Plateau table \u00e0 manger, plateau\u00a0table de ping-pong,\u00a0syst\u00e8me multi bandes de billard Fran\u00e7ais \/ Billard Am\u00e9ricain\u00a0\/\u00a0Snooker Anglais.  &nbsp;","robots":{"index":"index","follow":"follow","max-snippet":"max-snippet:-1","max-image-preview":"max-image-preview:large","max-video-preview":"max-video-preview:-1"},"canonical":"https:\/\/theworldbilliards.com\/fr\/produit\/billard-brunswick-the-loft\/","og_locale":"fr_FR","og_type":"article","og_title":"Acheter Billard Brunswick The Loft - The World Billiards","og_description":"Cr\u00e9ez une esth\u00e9tique intemporelle avec la table de billard The Loft. Cette table de 8 pi arbore un design classique avec une finition Nutmeg, parfaite pour tous les styles d'int\u00e9rieur. Transformez facilement The Loft en table \u00e0 manger gr\u00e2ce au plateau de salle \u00e0 manger en option ou surpassez vos adversaires avec le plateau de conversion pour table de ping-pong en option. Cette table s'associe parfaitement au support \u00e0 queues mural et au sol Heritage, tandis qu'un tiroir de rangement en option vous permet de rester organis\u00e9 et pr\u00eat \u00e0 jouer.  Sp\u00e9cifications du produit:   Ardoise: plaque d'ardoise 3 pi\u00e8ces d'une \u00e9paisseur de 2,54 cm.  Taille: 8 pieds.  Couleur: \"Nutmeg\".  Pes: \"Standard\".  Il est livr\u00e9 avec le tapis Pro Cup Tournament inclus en diff\u00e9rentes couleurs que vous pouvez choisir, en option vous avez d\u2019autres tapis comme le Pro Cup T\u00e9flon anti-taches, Simonis, Championship and Brunswick Centennial.  Options:\u00a0Plateau table \u00e0 manger, plateau\u00a0table de ping-pong,\u00a0syst\u00e8me multi bandes de billard Fran\u00e7ais \/ Billard Am\u00e9ricain\u00a0\/\u00a0Snooker Anglais.  &nbsp;","og_url":"https:\/\/theworldbilliards.com\/fr\/produit\/billard-brunswick-the-loft\/","og_site_name":"The World Billiards","article_publisher":"https:\/\/www.facebook.com\/baby.foot.superbes","article_modified_time":"2025-09-03T11:15:37+00:00","og_image":[{"width":990,"height":990,"url":"https:\/\/theworldbilliards.com\/wp-content\/uploads\/2025\/09\/the-loft.png","type":"image\/png"}],"twitter_card":"summary_large_image","schema":{"@context":"https:\/\/schema.org","@graph":[{"@type":"WebPage","@id":"https:\/\/theworldbilliards.com\/fr\/produit\/billard-brunswick-the-loft\/","url":"https:\/\/theworldbilliards.com\/fr\/produit\/billard-brunswick-the-loft\/","name":"Acheter Billard Brunswick The Loft - The World Billiards","isPartOf":{"@id":"https:\/\/theworldbilliards.com\/fr\/#website"},"primaryImageOfPage":{"@id":"https:\/\/theworldbilliards.com\/fr\/produit\/billard-brunswick-the-loft\/#primaryimage"},"image":{"@id":"https:\/\/theworldbilliards.com\/fr\/produit\/billard-brunswick-the-loft\/#primaryimage"},"thumbnailUrl":"https:\/\/theworldbilliards.com\/wp-content\/uploads\/2025\/09\/the-loft.png","datePublished":"2025-09-03T11:02:08+00:00","dateModified":"2025-09-03T11:15:37+00:00","description":"Cr\u00e9ez une esth\u00e9tique intemporelle avec la table de billard The Loft. Cette table de 8 pi arbore un design classique avec une finition Nutmeg, parfaite pour tous les styles d'int\u00e9rieur. Transformez facilement The Loft en table \u00e0 manger gr\u00e2ce au plateau de salle \u00e0 manger en option ou surpassez vos adversaires avec le plateau de conversion pour table de ping-pong en option. Cette table s'associe parfaitement au support \u00e0 queues mural et au sol Heritage, tandis qu'un tiroir de rangement en option vous permet de rester organis\u00e9 et pr\u00eat \u00e0 jouer. Sp\u00e9cifications du produit: Ardoise: plaque d'ardoise 3 pi\u00e8ces d'une \u00e9paisseur de 2,54 cm. Taille: 8 pieds. Couleur: \"Nutmeg\". Pes: \"Standard\". Il est livr\u00e9 avec le tapis Pro Cup Tournament inclus en diff\u00e9rentes couleurs que vous pouvez choisir, en option vous avez d\u2019autres tapis comme le Pro Cup T\u00e9flon anti-taches, Simonis, Championship and Brunswick Centennial. Options:\u00a0Plateau table \u00e0 manger, plateau\u00a0table de ping-pong,\u00a0syst\u00e8me multi bandes de billard Fran\u00e7ais \/ Billard Am\u00e9ricain\u00a0\/\u00a0Snooker Anglais. &nbsp;","breadcrumb":{"@id":"https:\/\/theworldbilliards.com\/fr\/produit\/billard-brunswick-the-loft\/#breadcrumb"},"inLanguage":"fr-FR","potentialAction":[{"@type":"ReadAction","target":["https:\/\/theworldbilliards.com\/fr\/produit\/billard-brunswick-the-loft\/"]}]},{"@type":"ImageObject","inLanguage":"fr-FR","@id":"https:\/\/theworldbilliards.com\/fr\/produit\/billard-brunswick-the-loft\/#primaryimage","url":"https:\/\/theworldbilliards.com\/wp-content\/uploads\/2025\/09\/the-loft.png","contentUrl":"https:\/\/theworldbilliards.com\/wp-content\/uploads\/2025\/09\/the-loft.png","width":990,"height":990},{"@type":"BreadcrumbList","@id":"https:\/\/theworldbilliards.com\/fr\/produit\/billard-brunswick-the-loft\/#breadcrumb","itemListElement":[{"@type":"ListItem","position":1,"name":"In\u00edcio","item":"https:\/\/theworldbilliards.com\/fr\/"},{"@type":"ListItem","position":2,"name":"Boutique en ligne","item":"https:\/\/theworldbilliards.com\/fr\/boutique-theworldbilliards\/"},{"@type":"ListItem","position":3,"name":"Billard Brunswick The Loft"}]},{"@type":"WebSite","@id":"https:\/\/theworldbilliards.com\/fr\/#website","url":"https:\/\/theworldbilliards.com\/fr\/","name":"TheWorldBilliards","description":"Achetez ici billard, baby-foot, ping-pong et bowling","publisher":{"@id":"https:\/\/theworldbilliards.com\/fr\/#organization"},"alternateName":"The world billiards","potentialAction":[{"@type":"SearchAction","target":{"@type":"EntryPoint","urlTemplate":"https:\/\/theworldbilliards.com\/fr\/?s={search_term_string}"},"query-input":{"@type":"PropertyValueSpecification","valueRequired":true,"valueName":"search_term_string"}}],"inLanguage":"fr-FR"},{"@type":"Organization","@id":"https:\/\/theworldbilliards.com\/fr\/#organization","name":"The World Billiards","alternateName":"The World Billiards","url":"https:\/\/theworldbilliards.com\/fr\/","logo":{"@type":"ImageObject","inLanguage":"fr-FR","@id":"https:\/\/theworldbilliards.com\/fr\/#\/schema\/logo\/image\/","url":"","contentUrl":"","caption":"The World Billiards"},"image":{"@id":"https:\/\/theworldbilliards.com\/fr\/#\/schema\/logo\/image\/"},"sameAs":["https:\/\/www.facebook.com\/baby.foot.superbes","https:\/\/www.youtube.com\/channel\/UCIMuOVAaUcH6UpZcsZlH0Tg","https:\/\/www.facebook.com\/people\/Brunswick-Billiards-EspaaPortugal\/100066446264309\/","https:\/\/www.instagram.com\/the_world_billiards\/","https:\/\/www.pinterest.es\/Theworldbilliards\/"]}]}},"_links":{"self":[{"href":"https:\/\/theworldbilliards.com\/fr\/wp-json\/wp\/v2\/product\/108500","targetHints":{"allow":["GET"]}}],"collection":[{"href":"https:\/\/theworldbilliards.com\/fr\/wp-json\/wp\/v2\/product"}],"about":[{"href":"https:\/\/theworldbilliards.com\/fr\/wp-json\/wp\/v2\/types\/product"}],"wp:featuredmedia":[{"embeddable":true,"href":"https:\/\/theworldbilliards.com\/fr\/wp-json\/wp\/v2\/media\/108509"}],"wp:attachment":[{"href":"https:\/\/theworldbilliards.com\/fr\/wp-json\/wp\/v2\/media?parent=108500"}],"wp:term":[{"taxonomy":"product_brand","embeddable":true,"href":"https:\/\/theworldbilliards.com\/fr\/wp-json\/wp\/v2\/product_brand?post=108500"},{"taxonomy":"product_cat","embeddable":true,"href":"https:\/\/theworldbilliards.com\/fr\/wp-json\/wp\/v2\/product_cat?post=108500"},{"taxonomy":"product_tag","embeddable":true,"href":"https:\/\/theworldbilliards.com\/fr\/wp-json\/wp\/v2\/product_tag?post=108500"}],"curies":[{"name":"wp","href":"https:\/\/api.w.org\/{rel}","templated":true}]}}