{"id":109325,"date":"2025-10-09T11:37:34","date_gmt":"2025-10-09T09:37:34","guid":{"rendered":"https:\/\/theworldbilliards.com\/?post_type=product&#038;p=109325"},"modified":"2025-10-09T12:26:49","modified_gmt":"2025-10-09T10:26:49","slug":"shuffleboard-american-heritage-lanai-outdoor","status":"publish","type":"product","link":"https:\/\/theworldbilliards.com\/fr\/produit\/shuffleboard-american-heritage-lanai-outdoor\/","title":{"rendered":"Shuffleboard American Heritage Lanai Outdoor"},"content":{"rendered":"<p>Alliant savoir-faire haut de gamme et charme ludique, cette table de shuffleboard lib\u00e8re vos clients de l&rsquo;ennui pendant l&rsquo;\u00e9t\u00e9, qu&rsquo;elle soit associ\u00e9e au billard Lanai ou pr\u00e9sent\u00e9e seule.<br \/>\nD\u00e9couvrez la table de shuffleboard d&rsquo;ext\u00e9rieur Lanai, con\u00e7ue pour durer et dot\u00e9e de lignes \u00e9pur\u00e9es et modernes qui s&rsquo;int\u00e8grent parfaitement \u00e0 tout espace ext\u00e9rieur.<br \/>\nDisponible en noir obsidienne, gris hu\u00eetre et blanc perle, la table de shuffleboard Lanai est le compl\u00e9ment id\u00e9al du billard d&rsquo;ext\u00e9rieur Lanai, offrant \u00e0 vos clients une configuration de jeu ext\u00e9rieure compl\u00e8te.<br \/>\nChaque table est livr\u00e9e avec des poids, de la cire, un balai et une housse.<\/p>\n","protected":false},"excerpt":{"rendered":"<p>Alliant savoir-faire haut de gamme et charme ludique, cette table de shuffleboard lib\u00e8re vos clients de l&rsquo;ennui pendant l&rsquo;\u00e9t\u00e9, qu&rsquo;elle [&hellip;]<\/p>\n","protected":false},"featured_media":109394,"template":"","meta":{"site-sidebar-layout":"default","site-content-layout":"","ast-site-content-layout":"default","site-content-style":"default","site-sidebar-style":"default","ast-global-header-display":"","ast-banner-title-visibility":"","ast-main-header-display":"","ast-hfb-above-header-display":"","ast-hfb-below-header-display":"","ast-hfb-mobile-header-display":"","site-post-title":"","ast-breadcrumbs-content":"","ast-featured-img":"","footer-sml-layout":"","ast-disable-related-posts":"","theme-transparent-header-meta":"default","adv-header-id-meta":"","stick-header-meta":"","header-above-stick-meta":"","header-main-stick-meta":"","header-below-stick-meta":"","astra-migrate-meta-layouts":"default","ast-page-background-enabled":"default","ast-page-background-meta":{"desktop":{"background-color":"var(--ast-global-color-4)","background-image":"","background-repeat":"repeat","background-position":"center center","background-size":"auto","background-attachment":"scroll","background-type":"","background-media":"","overlay-type":"","overlay-color":"","overlay-opacity":"","overlay-gradient":""},"tablet":{"background-color":"","background-image":"","background-repeat":"repeat","background-position":"center center","background-size":"auto","background-attachment":"scroll","background-type":"","background-media":"","overlay-type":"","overlay-color":"","overlay-opacity":"","overlay-gradient":""},"mobile":{"background-color":"","background-image":"","background-repeat":"repeat","background-position":"center center","background-size":"auto","background-attachment":"scroll","background-type":"","background-media":"","overlay-type":"","overlay-color":"","overlay-opacity":"","overlay-gradient":""}},"ast-content-background-meta":{"desktop":{"background-color":"var(--ast-global-color-5)","background-image":"","background-repeat":"repeat","background-position":"center center","background-size":"auto","background-attachment":"scroll","background-type":"","background-media":"","overlay-type":"","overlay-color":"","overlay-opacity":"","overlay-gradient":""},"tablet":{"background-color":"var(--ast-global-color-5)","background-image":"","background-repeat":"repeat","background-position":"center center","background-size":"auto","background-attachment":"scroll","background-type":"","background-media":"","overlay-type":"","overlay-color":"","overlay-opacity":"","overlay-gradient":""},"mobile":{"background-color":"var(--ast-global-color-5)","background-image":"","background-repeat":"repeat","background-position":"center center","background-size":"auto","background-attachment":"scroll","background-type":"","background-media":"","overlay-type":"","overlay-color":"","overlay-opacity":"","overlay-gradient":""}}},"product_brand":[5210],"product_cat":[3450,4334],"product_tag":[],"class_list":{"0":"post-109325","1":"product","2":"type-product","3":"status-publish","4":"has-post-thumbnail","6":"product_brand-american-heritage-billiards-fr","7":"product_cat-jeux-de-exterieur","8":"product_cat-shuffleboard-fr","9":"product_shipping_class-grand-air-hockey","10":"desktop-align-center","11":"tablet-align-left","12":"mobile-align-left","14":"first","15":"onbackorder","16":"taxable","17":"shipping-taxable","18":"purchasable","19":"product-type-variable"},"yoast_head":"<!-- This site is optimized with the Yoast SEO plugin v27.4 - https:\/\/yoast.com\/product\/yoast-seo-wordpress\/ -->\n<title>Acheter Shuffleboard American Heritage Lanai Outdoor - The World Billiards<\/title>\n<meta name=\"description\" content=\"Alliant savoir-faire haut de gamme et charme ludique, cette table de shuffleboard lib\u00e8re vos clients de l&#039;ennui pendant l&#039;\u00e9t\u00e9, qu&#039;elle soit associ\u00e9e au billard Lanai ou pr\u00e9sent\u00e9e seule. D\u00e9couvrez la table de shuffleboard d&#039;ext\u00e9rieur Lanai, con\u00e7ue pour durer et dot\u00e9e de lignes \u00e9pur\u00e9es et modernes qui s&#039;int\u00e8grent parfaitement \u00e0 tout espace ext\u00e9rieur. Disponible en noir obsidienne, gris hu\u00eetre et blanc perle, la table de shuffleboard Lanai est le compl\u00e9ment id\u00e9al du billard d&#039;ext\u00e9rieur Lanai, offrant \u00e0 vos clients une configuration de jeu ext\u00e9rieure compl\u00e8te. Chaque table est livr\u00e9e avec des poids, de la cire, un balai et une housse.\" \/>\n<meta name=\"robots\" content=\"index, follow, max-snippet:-1, max-image-preview:large, max-video-preview:-1\" \/>\n<link rel=\"canonical\" href=\"https:\/\/theworldbilliards.com\/fr\/produit\/shuffleboard-american-heritage-lanai-outdoor\/\" \/>\n<meta property=\"og:locale\" content=\"fr_FR\" \/>\n<meta property=\"og:type\" content=\"article\" \/>\n<meta property=\"og:title\" content=\"Acheter Shuffleboard American Heritage Lanai Outdoor - The World Billiards\" \/>\n<meta property=\"og:description\" content=\"Alliant savoir-faire haut de gamme et charme ludique, cette table de shuffleboard lib\u00e8re vos clients de l&#039;ennui pendant l&#039;\u00e9t\u00e9, qu&#039;elle soit associ\u00e9e au billard Lanai ou pr\u00e9sent\u00e9e seule. D\u00e9couvrez la table de shuffleboard d&#039;ext\u00e9rieur Lanai, con\u00e7ue pour durer et dot\u00e9e de lignes \u00e9pur\u00e9es et modernes qui s&#039;int\u00e8grent parfaitement \u00e0 tout espace ext\u00e9rieur. Disponible en noir obsidienne, gris hu\u00eetre et blanc perle, la table de shuffleboard Lanai est le compl\u00e9ment id\u00e9al du billard d&#039;ext\u00e9rieur Lanai, offrant \u00e0 vos clients une configuration de jeu ext\u00e9rieure compl\u00e8te. Chaque table est livr\u00e9e avec des poids, de la cire, un balai et une housse.\" \/>\n<meta property=\"og:url\" content=\"https:\/\/theworldbilliards.com\/fr\/produit\/shuffleboard-american-heritage-lanai-outdoor\/\" \/>\n<meta property=\"og:site_name\" content=\"The World Billiards\" \/>\n<meta property=\"article:publisher\" content=\"https:\/\/www.facebook.com\/baby.foot.superbes\" \/>\n<meta property=\"article:modified_time\" content=\"2025-10-09T10:26:49+00:00\" \/>\n<meta property=\"og:image\" content=\"https:\/\/theworldbilliards.com\/wp-content\/uploads\/2025\/10\/Lanai-SB-Obsidian-Black-high-angle-1.jpg\" \/>\n\t<meta property=\"og:image:width\" content=\"1000\" \/>\n\t<meta property=\"og:image:height\" content=\"1000\" \/>\n\t<meta property=\"og:image:type\" content=\"image\/jpeg\" \/>\n<meta name=\"twitter:card\" content=\"summary_large_image\" \/>\n<script type=\"application\/ld+json\" class=\"yoast-schema-graph\">{\"@context\":\"https:\\\/\\\/schema.org\",\"@graph\":[{\"@type\":\"WebPage\",\"@id\":\"https:\\\/\\\/theworldbilliards.com\\\/fr\\\/produit\\\/shuffleboard-american-heritage-lanai-outdoor\\\/\",\"url\":\"https:\\\/\\\/theworldbilliards.com\\\/fr\\\/produit\\\/shuffleboard-american-heritage-lanai-outdoor\\\/\",\"name\":\"Acheter Shuffleboard American Heritage Lanai Outdoor - The World Billiards\",\"isPartOf\":{\"@id\":\"https:\\\/\\\/theworldbilliards.com\\\/fr\\\/#website\"},\"primaryImageOfPage\":{\"@id\":\"https:\\\/\\\/theworldbilliards.com\\\/fr\\\/produit\\\/shuffleboard-american-heritage-lanai-outdoor\\\/#primaryimage\"},\"image\":{\"@id\":\"https:\\\/\\\/theworldbilliards.com\\\/fr\\\/produit\\\/shuffleboard-american-heritage-lanai-outdoor\\\/#primaryimage\"},\"thumbnailUrl\":\"https:\\\/\\\/theworldbilliards.com\\\/wp-content\\\/uploads\\\/2025\\\/10\\\/Lanai-SB-Obsidian-Black-high-angle-1.jpg\",\"datePublished\":\"2025-10-09T09:37:34+00:00\",\"dateModified\":\"2025-10-09T10:26:49+00:00\",\"description\":\"Alliant savoir-faire haut de gamme et charme ludique, cette table de shuffleboard lib\u00e8re vos clients de l'ennui pendant l'\u00e9t\u00e9, qu'elle soit associ\u00e9e au billard Lanai ou pr\u00e9sent\u00e9e seule. D\u00e9couvrez la table de shuffleboard d'ext\u00e9rieur Lanai, con\u00e7ue pour durer et dot\u00e9e de lignes \u00e9pur\u00e9es et modernes qui s'int\u00e8grent parfaitement \u00e0 tout espace ext\u00e9rieur. Disponible en noir obsidienne, gris hu\u00eetre et blanc perle, la table de shuffleboard Lanai est le compl\u00e9ment id\u00e9al du billard d'ext\u00e9rieur Lanai, offrant \u00e0 vos clients une configuration de jeu ext\u00e9rieure compl\u00e8te. Chaque table est livr\u00e9e avec des poids, de la cire, un balai et une housse.\",\"breadcrumb\":{\"@id\":\"https:\\\/\\\/theworldbilliards.com\\\/fr\\\/produit\\\/shuffleboard-american-heritage-lanai-outdoor\\\/#breadcrumb\"},\"inLanguage\":\"fr-FR\",\"potentialAction\":[{\"@type\":\"ReadAction\",\"target\":[\"https:\\\/\\\/theworldbilliards.com\\\/fr\\\/produit\\\/shuffleboard-american-heritage-lanai-outdoor\\\/\"]}]},{\"@type\":\"ImageObject\",\"inLanguage\":\"fr-FR\",\"@id\":\"https:\\\/\\\/theworldbilliards.com\\\/fr\\\/produit\\\/shuffleboard-american-heritage-lanai-outdoor\\\/#primaryimage\",\"url\":\"https:\\\/\\\/theworldbilliards.com\\\/wp-content\\\/uploads\\\/2025\\\/10\\\/Lanai-SB-Obsidian-Black-high-angle-1.jpg\",\"contentUrl\":\"https:\\\/\\\/theworldbilliards.com\\\/wp-content\\\/uploads\\\/2025\\\/10\\\/Lanai-SB-Obsidian-Black-high-angle-1.jpg\",\"width\":1000,\"height\":1000},{\"@type\":\"BreadcrumbList\",\"@id\":\"https:\\\/\\\/theworldbilliards.com\\\/fr\\\/produit\\\/shuffleboard-american-heritage-lanai-outdoor\\\/#breadcrumb\",\"itemListElement\":[{\"@type\":\"ListItem\",\"position\":1,\"name\":\"In\u00edcio\",\"item\":\"https:\\\/\\\/theworldbilliards.com\\\/fr\\\/\"},{\"@type\":\"ListItem\",\"position\":2,\"name\":\"Boutique en ligne\",\"item\":\"https:\\\/\\\/theworldbilliards.com\\\/fr\\\/boutique-theworldbilliards\\\/\"},{\"@type\":\"ListItem\",\"position\":3,\"name\":\"Shuffleboard American Heritage Lanai Outdoor\"}]},{\"@type\":\"WebSite\",\"@id\":\"https:\\\/\\\/theworldbilliards.com\\\/fr\\\/#website\",\"url\":\"https:\\\/\\\/theworldbilliards.com\\\/fr\\\/\",\"name\":\"TheWorldBilliards\",\"description\":\"Achetez ici billard, baby-foot, ping-pong et bowling\",\"publisher\":{\"@id\":\"https:\\\/\\\/theworldbilliards.com\\\/fr\\\/#organization\"},\"alternateName\":\"The world billiards\",\"potentialAction\":[{\"@type\":\"SearchAction\",\"target\":{\"@type\":\"EntryPoint\",\"urlTemplate\":\"https:\\\/\\\/theworldbilliards.com\\\/fr\\\/?s={search_term_string}\"},\"query-input\":{\"@type\":\"PropertyValueSpecification\",\"valueRequired\":true,\"valueName\":\"search_term_string\"}}],\"inLanguage\":\"fr-FR\"},{\"@type\":\"Organization\",\"@id\":\"https:\\\/\\\/theworldbilliards.com\\\/fr\\\/#organization\",\"name\":\"The World Billiards\",\"alternateName\":\"The World Billiards\",\"url\":\"https:\\\/\\\/theworldbilliards.com\\\/fr\\\/\",\"logo\":{\"@type\":\"ImageObject\",\"inLanguage\":\"fr-FR\",\"@id\":\"https:\\\/\\\/theworldbilliards.com\\\/fr\\\/#\\\/schema\\\/logo\\\/image\\\/\",\"url\":\"\",\"contentUrl\":\"\",\"caption\":\"The World Billiards\"},\"image\":{\"@id\":\"https:\\\/\\\/theworldbilliards.com\\\/fr\\\/#\\\/schema\\\/logo\\\/image\\\/\"},\"sameAs\":[\"https:\\\/\\\/www.facebook.com\\\/baby.foot.superbes\",\"https:\\\/\\\/www.youtube.com\\\/channel\\\/UCIMuOVAaUcH6UpZcsZlH0Tg\",\"https:\\\/\\\/www.facebook.com\\\/people\\\/Brunswick-Billiards-EspaaPortugal\\\/100066446264309\\\/\",\"https:\\\/\\\/www.instagram.com\\\/the_world_billiards\\\/\",\"https:\\\/\\\/www.pinterest.es\\\/Theworldbilliards\\\/\"]}]}<\/script>\n<!-- \/ Yoast SEO plugin. -->","yoast_head_json":{"title":"Acheter Shuffleboard American Heritage Lanai Outdoor - The World Billiards","description":"Alliant savoir-faire haut de gamme et charme ludique, cette table de shuffleboard lib\u00e8re vos clients de l'ennui pendant l'\u00e9t\u00e9, qu'elle soit associ\u00e9e au billard Lanai ou pr\u00e9sent\u00e9e seule. D\u00e9couvrez la table de shuffleboard d'ext\u00e9rieur Lanai, con\u00e7ue pour durer et dot\u00e9e de lignes \u00e9pur\u00e9es et modernes qui s'int\u00e8grent parfaitement \u00e0 tout espace ext\u00e9rieur. Disponible en noir obsidienne, gris hu\u00eetre et blanc perle, la table de shuffleboard Lanai est le compl\u00e9ment id\u00e9al du billard d'ext\u00e9rieur Lanai, offrant \u00e0 vos clients une configuration de jeu ext\u00e9rieure compl\u00e8te. Chaque table est livr\u00e9e avec des poids, de la cire, un balai et une housse.","robots":{"index":"index","follow":"follow","max-snippet":"max-snippet:-1","max-image-preview":"max-image-preview:large","max-video-preview":"max-video-preview:-1"},"canonical":"https:\/\/theworldbilliards.com\/fr\/produit\/shuffleboard-american-heritage-lanai-outdoor\/","og_locale":"fr_FR","og_type":"article","og_title":"Acheter Shuffleboard American Heritage Lanai Outdoor - The World Billiards","og_description":"Alliant savoir-faire haut de gamme et charme ludique, cette table de shuffleboard lib\u00e8re vos clients de l'ennui pendant l'\u00e9t\u00e9, qu'elle soit associ\u00e9e au billard Lanai ou pr\u00e9sent\u00e9e seule. D\u00e9couvrez la table de shuffleboard d'ext\u00e9rieur Lanai, con\u00e7ue pour durer et dot\u00e9e de lignes \u00e9pur\u00e9es et modernes qui s'int\u00e8grent parfaitement \u00e0 tout espace ext\u00e9rieur. Disponible en noir obsidienne, gris hu\u00eetre et blanc perle, la table de shuffleboard Lanai est le compl\u00e9ment id\u00e9al du billard d'ext\u00e9rieur Lanai, offrant \u00e0 vos clients une configuration de jeu ext\u00e9rieure compl\u00e8te. Chaque table est livr\u00e9e avec des poids, de la cire, un balai et une housse.","og_url":"https:\/\/theworldbilliards.com\/fr\/produit\/shuffleboard-american-heritage-lanai-outdoor\/","og_site_name":"The World Billiards","article_publisher":"https:\/\/www.facebook.com\/baby.foot.superbes","article_modified_time":"2025-10-09T10:26:49+00:00","og_image":[{"width":1000,"height":1000,"url":"https:\/\/theworldbilliards.com\/wp-content\/uploads\/2025\/10\/Lanai-SB-Obsidian-Black-high-angle-1.jpg","type":"image\/jpeg"}],"twitter_card":"summary_large_image","schema":{"@context":"https:\/\/schema.org","@graph":[{"@type":"WebPage","@id":"https:\/\/theworldbilliards.com\/fr\/produit\/shuffleboard-american-heritage-lanai-outdoor\/","url":"https:\/\/theworldbilliards.com\/fr\/produit\/shuffleboard-american-heritage-lanai-outdoor\/","name":"Acheter Shuffleboard American Heritage Lanai Outdoor - The World Billiards","isPartOf":{"@id":"https:\/\/theworldbilliards.com\/fr\/#website"},"primaryImageOfPage":{"@id":"https:\/\/theworldbilliards.com\/fr\/produit\/shuffleboard-american-heritage-lanai-outdoor\/#primaryimage"},"image":{"@id":"https:\/\/theworldbilliards.com\/fr\/produit\/shuffleboard-american-heritage-lanai-outdoor\/#primaryimage"},"thumbnailUrl":"https:\/\/theworldbilliards.com\/wp-content\/uploads\/2025\/10\/Lanai-SB-Obsidian-Black-high-angle-1.jpg","datePublished":"2025-10-09T09:37:34+00:00","dateModified":"2025-10-09T10:26:49+00:00","description":"Alliant savoir-faire haut de gamme et charme ludique, cette table de shuffleboard lib\u00e8re vos clients de l'ennui pendant l'\u00e9t\u00e9, qu'elle soit associ\u00e9e au billard Lanai ou pr\u00e9sent\u00e9e seule. D\u00e9couvrez la table de shuffleboard d'ext\u00e9rieur Lanai, con\u00e7ue pour durer et dot\u00e9e de lignes \u00e9pur\u00e9es et modernes qui s'int\u00e8grent parfaitement \u00e0 tout espace ext\u00e9rieur. Disponible en noir obsidienne, gris hu\u00eetre et blanc perle, la table de shuffleboard Lanai est le compl\u00e9ment id\u00e9al du billard d'ext\u00e9rieur Lanai, offrant \u00e0 vos clients une configuration de jeu ext\u00e9rieure compl\u00e8te. Chaque table est livr\u00e9e avec des poids, de la cire, un balai et une housse.","breadcrumb":{"@id":"https:\/\/theworldbilliards.com\/fr\/produit\/shuffleboard-american-heritage-lanai-outdoor\/#breadcrumb"},"inLanguage":"fr-FR","potentialAction":[{"@type":"ReadAction","target":["https:\/\/theworldbilliards.com\/fr\/produit\/shuffleboard-american-heritage-lanai-outdoor\/"]}]},{"@type":"ImageObject","inLanguage":"fr-FR","@id":"https:\/\/theworldbilliards.com\/fr\/produit\/shuffleboard-american-heritage-lanai-outdoor\/#primaryimage","url":"https:\/\/theworldbilliards.com\/wp-content\/uploads\/2025\/10\/Lanai-SB-Obsidian-Black-high-angle-1.jpg","contentUrl":"https:\/\/theworldbilliards.com\/wp-content\/uploads\/2025\/10\/Lanai-SB-Obsidian-Black-high-angle-1.jpg","width":1000,"height":1000},{"@type":"BreadcrumbList","@id":"https:\/\/theworldbilliards.com\/fr\/produit\/shuffleboard-american-heritage-lanai-outdoor\/#breadcrumb","itemListElement":[{"@type":"ListItem","position":1,"name":"In\u00edcio","item":"https:\/\/theworldbilliards.com\/fr\/"},{"@type":"ListItem","position":2,"name":"Boutique en ligne","item":"https:\/\/theworldbilliards.com\/fr\/boutique-theworldbilliards\/"},{"@type":"ListItem","position":3,"name":"Shuffleboard American Heritage Lanai Outdoor"}]},{"@type":"WebSite","@id":"https:\/\/theworldbilliards.com\/fr\/#website","url":"https:\/\/theworldbilliards.com\/fr\/","name":"TheWorldBilliards","description":"Achetez ici billard, baby-foot, ping-pong et bowling","publisher":{"@id":"https:\/\/theworldbilliards.com\/fr\/#organization"},"alternateName":"The world billiards","potentialAction":[{"@type":"SearchAction","target":{"@type":"EntryPoint","urlTemplate":"https:\/\/theworldbilliards.com\/fr\/?s={search_term_string}"},"query-input":{"@type":"PropertyValueSpecification","valueRequired":true,"valueName":"search_term_string"}}],"inLanguage":"fr-FR"},{"@type":"Organization","@id":"https:\/\/theworldbilliards.com\/fr\/#organization","name":"The World Billiards","alternateName":"The World Billiards","url":"https:\/\/theworldbilliards.com\/fr\/","logo":{"@type":"ImageObject","inLanguage":"fr-FR","@id":"https:\/\/theworldbilliards.com\/fr\/#\/schema\/logo\/image\/","url":"","contentUrl":"","caption":"The World Billiards"},"image":{"@id":"https:\/\/theworldbilliards.com\/fr\/#\/schema\/logo\/image\/"},"sameAs":["https:\/\/www.facebook.com\/baby.foot.superbes","https:\/\/www.youtube.com\/channel\/UCIMuOVAaUcH6UpZcsZlH0Tg","https:\/\/www.facebook.com\/people\/Brunswick-Billiards-EspaaPortugal\/100066446264309\/","https:\/\/www.instagram.com\/the_world_billiards\/","https:\/\/www.pinterest.es\/Theworldbilliards\/"]}]}},"_links":{"self":[{"href":"https:\/\/theworldbilliards.com\/fr\/wp-json\/wp\/v2\/product\/109325","targetHints":{"allow":["GET"]}}],"collection":[{"href":"https:\/\/theworldbilliards.com\/fr\/wp-json\/wp\/v2\/product"}],"about":[{"href":"https:\/\/theworldbilliards.com\/fr\/wp-json\/wp\/v2\/types\/product"}],"wp:featuredmedia":[{"embeddable":true,"href":"https:\/\/theworldbilliards.com\/fr\/wp-json\/wp\/v2\/media\/109394"}],"wp:attachment":[{"href":"https:\/\/theworldbilliards.com\/fr\/wp-json\/wp\/v2\/media?parent=109325"}],"wp:term":[{"taxonomy":"product_brand","embeddable":true,"href":"https:\/\/theworldbilliards.com\/fr\/wp-json\/wp\/v2\/product_brand?post=109325"},{"taxonomy":"product_cat","embeddable":true,"href":"https:\/\/theworldbilliards.com\/fr\/wp-json\/wp\/v2\/product_cat?post=109325"},{"taxonomy":"product_tag","embeddable":true,"href":"https:\/\/theworldbilliards.com\/fr\/wp-json\/wp\/v2\/product_tag?post=109325"}],"curies":[{"name":"wp","href":"https:\/\/api.w.org\/{rel}","templated":true}]}}