{"id":109767,"date":"2025-12-17T12:42:51","date_gmt":"2025-12-17T11:42:51","guid":{"rendered":"https:\/\/theworldbilliards.com\/?post_type=product&#038;p=109767"},"modified":"2025-12-19T11:56:21","modified_gmt":"2025-12-19T10:56:21","slug":"queue-de-billard-brunswick-gold-crown-vii-03","status":"publish","type":"product","link":"https:\/\/theworldbilliards.com\/fr\/produit\/queue-de-billard-brunswick-gold-crown-vii-03\/","title":{"rendered":"Queue de billard Brunswick Gold Crown VII 03"},"content":{"rendered":"<h6><strong>Queue Brunswick x Lucasi Ebony 180e anniversaire<\/strong><\/h6>\n<p>\u00c9dition limit\u00e9e : seulement 30 exemplaires produits dans le monde<br \/>\nAvant-bras en \u00e9b\u00e8ne mat avec incrustations de bois de serpent, d\u2019argent et de nacre<br \/>\nRev\u00eatement en cuir v\u00e9ritable pour un confort et un style irr\u00e9prochables<br \/>\nFl\u00e8che Lucasi Zero Flexpoint pour une faible d\u00e9viation et un jeu fluide et r\u00e9actif<br \/>\nC\u00e9l\u00e9bration du 180e anniversaire de Brunswick<\/p>\n","protected":false},"excerpt":{"rendered":"<p>Queue Brunswick x Lucasi Ebony 180e anniversaire \u00c9dition limit\u00e9e : seulement 30 exemplaires produits dans le monde Avant-bras en \u00e9b\u00e8ne [&hellip;]<\/p>\n","protected":false},"featured_media":109797,"template":"","meta":{"site-sidebar-layout":"default","site-content-layout":"","ast-site-content-layout":"default","site-content-style":"default","site-sidebar-style":"default","ast-global-header-display":"","ast-banner-title-visibility":"","ast-main-header-display":"","ast-hfb-above-header-display":"","ast-hfb-below-header-display":"","ast-hfb-mobile-header-display":"","site-post-title":"","ast-breadcrumbs-content":"","ast-featured-img":"","footer-sml-layout":"","ast-disable-related-posts":"","theme-transparent-header-meta":"default","adv-header-id-meta":"","stick-header-meta":"","header-above-stick-meta":"","header-main-stick-meta":"","header-below-stick-meta":"","astra-migrate-meta-layouts":"default","ast-page-background-enabled":"default","ast-page-background-meta":{"desktop":{"background-color":"var(--ast-global-color-4)","background-image":"","background-repeat":"repeat","background-position":"center center","background-size":"auto","background-attachment":"scroll","background-type":"","background-media":"","overlay-type":"","overlay-color":"","overlay-opacity":"","overlay-gradient":""},"tablet":{"background-color":"","background-image":"","background-repeat":"repeat","background-position":"center center","background-size":"auto","background-attachment":"scroll","background-type":"","background-media":"","overlay-type":"","overlay-color":"","overlay-opacity":"","overlay-gradient":""},"mobile":{"background-color":"","background-image":"","background-repeat":"repeat","background-position":"center center","background-size":"auto","background-attachment":"scroll","background-type":"","background-media":"","overlay-type":"","overlay-color":"","overlay-opacity":"","overlay-gradient":""}},"ast-content-background-meta":{"desktop":{"background-color":"var(--ast-global-color-5)","background-image":"","background-repeat":"repeat","background-position":"center center","background-size":"auto","background-attachment":"scroll","background-type":"","background-media":"","overlay-type":"","overlay-color":"","overlay-opacity":"","overlay-gradient":""},"tablet":{"background-color":"var(--ast-global-color-5)","background-image":"","background-repeat":"repeat","background-position":"center center","background-size":"auto","background-attachment":"scroll","background-type":"","background-media":"","overlay-type":"","overlay-color":"","overlay-opacity":"","overlay-gradient":""},"mobile":{"background-color":"var(--ast-global-color-5)","background-image":"","background-repeat":"repeat","background-position":"center center","background-size":"auto","background-attachment":"scroll","background-type":"","background-media":"","overlay-type":"","overlay-color":"","overlay-opacity":"","overlay-gradient":""}}},"product_brand":[5198],"product_cat":[5166],"product_tag":[],"class_list":{"0":"post-109767","1":"product","2":"type-product","3":"status-publish","4":"has-post-thumbnail","6":"product_brand-brunswick-billiards-fr","7":"product_cat-queues-de-billard-americain-brunswick","8":"product_shipping_class-accessoires","9":"desktop-align-center","10":"tablet-align-left","11":"mobile-align-left","13":"first","14":"instock","15":"taxable","16":"shipping-taxable","17":"purchasable","18":"product-type-variable"},"yoast_head":"<!-- This site is optimized with the Yoast SEO plugin v27.5 - https:\/\/yoast.com\/product\/yoast-seo-wordpress\/ -->\n<title>Acheter Queue de billard Brunswick Gold Crown VII 03 - The World Billiards<\/title>\n<meta name=\"description\" content=\"Queue Brunswick x Lucasi Ebony 180e anniversaire \u00c9dition limit\u00e9e : seulement 30 exemplaires produits dans le monde Avant-bras en \u00e9b\u00e8ne mat avec incrustations de bois de serpent, d\u2019argent et de nacre Rev\u00eatement en cuir v\u00e9ritable pour un confort et un style irr\u00e9prochables Fl\u00e8che Lucasi Zero Flexpoint pour une faible d\u00e9viation et un jeu fluide et r\u00e9actif C\u00e9l\u00e9bration du 180e anniversaire de Brunswick\" \/>\n<meta name=\"robots\" content=\"index, follow, max-snippet:-1, max-image-preview:large, max-video-preview:-1\" \/>\n<link rel=\"canonical\" href=\"https:\/\/theworldbilliards.com\/fr\/produit\/queue-de-billard-brunswick-gold-crown-vii-03\/\" \/>\n<meta property=\"og:locale\" content=\"fr_FR\" \/>\n<meta property=\"og:type\" content=\"article\" \/>\n<meta property=\"og:title\" content=\"Acheter Queue de billard Brunswick Gold Crown VII 03 - The World Billiards\" \/>\n<meta property=\"og:description\" content=\"Queue Brunswick x Lucasi Ebony 180e anniversaire \u00c9dition limit\u00e9e : seulement 30 exemplaires produits dans le monde Avant-bras en \u00e9b\u00e8ne mat avec incrustations de bois de serpent, d\u2019argent et de nacre Rev\u00eatement en cuir v\u00e9ritable pour un confort et un style irr\u00e9prochables Fl\u00e8che Lucasi Zero Flexpoint pour une faible d\u00e9viation et un jeu fluide et r\u00e9actif C\u00e9l\u00e9bration du 180e anniversaire de Brunswick\" \/>\n<meta property=\"og:url\" content=\"https:\/\/theworldbilliards.com\/fr\/produit\/queue-de-billard-brunswick-gold-crown-vii-03\/\" \/>\n<meta property=\"og:site_name\" content=\"The World Billiards\" \/>\n<meta property=\"article:publisher\" content=\"https:\/\/www.facebook.com\/baby.foot.superbes\" \/>\n<meta property=\"article:modified_time\" content=\"2025-12-19T10:56:21+00:00\" \/>\n<meta property=\"og:image\" content=\"https:\/\/theworldbilliards.com\/wp-content\/uploads\/2025\/12\/BBGC703_1.png\" \/>\n\t<meta property=\"og:image:width\" content=\"999\" \/>\n\t<meta property=\"og:image:height\" content=\"1000\" \/>\n\t<meta property=\"og:image:type\" content=\"image\/png\" \/>\n<meta name=\"twitter:card\" content=\"summary_large_image\" \/>\n<script type=\"application\/ld+json\" class=\"yoast-schema-graph\">{\"@context\":\"https:\\\/\\\/schema.org\",\"@graph\":[{\"@type\":\"WebPage\",\"@id\":\"https:\\\/\\\/theworldbilliards.com\\\/fr\\\/produit\\\/queue-de-billard-brunswick-gold-crown-vii-03\\\/\",\"url\":\"https:\\\/\\\/theworldbilliards.com\\\/fr\\\/produit\\\/queue-de-billard-brunswick-gold-crown-vii-03\\\/\",\"name\":\"Acheter Queue de billard Brunswick Gold Crown VII 03 - The World Billiards\",\"isPartOf\":{\"@id\":\"https:\\\/\\\/theworldbilliards.com\\\/fr\\\/#website\"},\"primaryImageOfPage\":{\"@id\":\"https:\\\/\\\/theworldbilliards.com\\\/fr\\\/produit\\\/queue-de-billard-brunswick-gold-crown-vii-03\\\/#primaryimage\"},\"image\":{\"@id\":\"https:\\\/\\\/theworldbilliards.com\\\/fr\\\/produit\\\/queue-de-billard-brunswick-gold-crown-vii-03\\\/#primaryimage\"},\"thumbnailUrl\":\"https:\\\/\\\/theworldbilliards.com\\\/wp-content\\\/uploads\\\/2025\\\/12\\\/BBGC703_1.png\",\"datePublished\":\"2025-12-17T11:42:51+00:00\",\"dateModified\":\"2025-12-19T10:56:21+00:00\",\"description\":\"Queue Brunswick x Lucasi Ebony 180e anniversaire \u00c9dition limit\u00e9e : seulement 30 exemplaires produits dans le monde Avant-bras en \u00e9b\u00e8ne mat avec incrustations de bois de serpent, d\u2019argent et de nacre Rev\u00eatement en cuir v\u00e9ritable pour un confort et un style irr\u00e9prochables Fl\u00e8che Lucasi Zero Flexpoint pour une faible d\u00e9viation et un jeu fluide et r\u00e9actif C\u00e9l\u00e9bration du 180e anniversaire de Brunswick\",\"breadcrumb\":{\"@id\":\"https:\\\/\\\/theworldbilliards.com\\\/fr\\\/produit\\\/queue-de-billard-brunswick-gold-crown-vii-03\\\/#breadcrumb\"},\"inLanguage\":\"fr-FR\",\"potentialAction\":[{\"@type\":\"ReadAction\",\"target\":[\"https:\\\/\\\/theworldbilliards.com\\\/fr\\\/produit\\\/queue-de-billard-brunswick-gold-crown-vii-03\\\/\"]}]},{\"@type\":\"ImageObject\",\"inLanguage\":\"fr-FR\",\"@id\":\"https:\\\/\\\/theworldbilliards.com\\\/fr\\\/produit\\\/queue-de-billard-brunswick-gold-crown-vii-03\\\/#primaryimage\",\"url\":\"https:\\\/\\\/theworldbilliards.com\\\/wp-content\\\/uploads\\\/2025\\\/12\\\/BBGC703_1.png\",\"contentUrl\":\"https:\\\/\\\/theworldbilliards.com\\\/wp-content\\\/uploads\\\/2025\\\/12\\\/BBGC703_1.png\",\"width\":999,\"height\":1000},{\"@type\":\"BreadcrumbList\",\"@id\":\"https:\\\/\\\/theworldbilliards.com\\\/fr\\\/produit\\\/queue-de-billard-brunswick-gold-crown-vii-03\\\/#breadcrumb\",\"itemListElement\":[{\"@type\":\"ListItem\",\"position\":1,\"name\":\"In\u00edcio\",\"item\":\"https:\\\/\\\/theworldbilliards.com\\\/fr\\\/\"},{\"@type\":\"ListItem\",\"position\":2,\"name\":\"Boutique en ligne\",\"item\":\"https:\\\/\\\/theworldbilliards.com\\\/fr\\\/boutique-theworldbilliards\\\/\"},{\"@type\":\"ListItem\",\"position\":3,\"name\":\"Queue de billard Brunswick Gold Crown VII 03\"}]},{\"@type\":\"WebSite\",\"@id\":\"https:\\\/\\\/theworldbilliards.com\\\/fr\\\/#website\",\"url\":\"https:\\\/\\\/theworldbilliards.com\\\/fr\\\/\",\"name\":\"TheWorldBilliards\",\"description\":\"Achetez ici billard, baby-foot, ping-pong et bowling\",\"publisher\":{\"@id\":\"https:\\\/\\\/theworldbilliards.com\\\/fr\\\/#organization\"},\"alternateName\":\"The world billiards\",\"potentialAction\":[{\"@type\":\"SearchAction\",\"target\":{\"@type\":\"EntryPoint\",\"urlTemplate\":\"https:\\\/\\\/theworldbilliards.com\\\/fr\\\/?s={search_term_string}\"},\"query-input\":{\"@type\":\"PropertyValueSpecification\",\"valueRequired\":true,\"valueName\":\"search_term_string\"}}],\"inLanguage\":\"fr-FR\"},{\"@type\":\"Organization\",\"@id\":\"https:\\\/\\\/theworldbilliards.com\\\/fr\\\/#organization\",\"name\":\"The World Billiards\",\"alternateName\":\"The World Billiards\",\"url\":\"https:\\\/\\\/theworldbilliards.com\\\/fr\\\/\",\"logo\":{\"@type\":\"ImageObject\",\"inLanguage\":\"fr-FR\",\"@id\":\"https:\\\/\\\/theworldbilliards.com\\\/fr\\\/#\\\/schema\\\/logo\\\/image\\\/\",\"url\":\"\",\"contentUrl\":\"\",\"caption\":\"The World Billiards\"},\"image\":{\"@id\":\"https:\\\/\\\/theworldbilliards.com\\\/fr\\\/#\\\/schema\\\/logo\\\/image\\\/\"},\"sameAs\":[\"https:\\\/\\\/www.facebook.com\\\/baby.foot.superbes\",\"https:\\\/\\\/www.youtube.com\\\/channel\\\/UCIMuOVAaUcH6UpZcsZlH0Tg\",\"https:\\\/\\\/www.facebook.com\\\/people\\\/Brunswick-Billiards-EspaaPortugal\\\/100066446264309\\\/\",\"https:\\\/\\\/www.instagram.com\\\/the_world_billiards\\\/\",\"https:\\\/\\\/www.pinterest.es\\\/Theworldbilliards\\\/\"]}]}<\/script>\n<!-- \/ Yoast SEO plugin. -->","yoast_head_json":{"title":"Acheter Queue de billard Brunswick Gold Crown VII 03 - The World Billiards","description":"Queue Brunswick x Lucasi Ebony 180e anniversaire \u00c9dition limit\u00e9e : seulement 30 exemplaires produits dans le monde Avant-bras en \u00e9b\u00e8ne mat avec incrustations de bois de serpent, d\u2019argent et de nacre Rev\u00eatement en cuir v\u00e9ritable pour un confort et un style irr\u00e9prochables Fl\u00e8che Lucasi Zero Flexpoint pour une faible d\u00e9viation et un jeu fluide et r\u00e9actif C\u00e9l\u00e9bration du 180e anniversaire de Brunswick","robots":{"index":"index","follow":"follow","max-snippet":"max-snippet:-1","max-image-preview":"max-image-preview:large","max-video-preview":"max-video-preview:-1"},"canonical":"https:\/\/theworldbilliards.com\/fr\/produit\/queue-de-billard-brunswick-gold-crown-vii-03\/","og_locale":"fr_FR","og_type":"article","og_title":"Acheter Queue de billard Brunswick Gold Crown VII 03 - The World Billiards","og_description":"Queue Brunswick x Lucasi Ebony 180e anniversaire \u00c9dition limit\u00e9e : seulement 30 exemplaires produits dans le monde Avant-bras en \u00e9b\u00e8ne mat avec incrustations de bois de serpent, d\u2019argent et de nacre Rev\u00eatement en cuir v\u00e9ritable pour un confort et un style irr\u00e9prochables Fl\u00e8che Lucasi Zero Flexpoint pour une faible d\u00e9viation et un jeu fluide et r\u00e9actif C\u00e9l\u00e9bration du 180e anniversaire de Brunswick","og_url":"https:\/\/theworldbilliards.com\/fr\/produit\/queue-de-billard-brunswick-gold-crown-vii-03\/","og_site_name":"The World Billiards","article_publisher":"https:\/\/www.facebook.com\/baby.foot.superbes","article_modified_time":"2025-12-19T10:56:21+00:00","og_image":[{"width":999,"height":1000,"url":"https:\/\/theworldbilliards.com\/wp-content\/uploads\/2025\/12\/BBGC703_1.png","type":"image\/png"}],"twitter_card":"summary_large_image","schema":{"@context":"https:\/\/schema.org","@graph":[{"@type":"WebPage","@id":"https:\/\/theworldbilliards.com\/fr\/produit\/queue-de-billard-brunswick-gold-crown-vii-03\/","url":"https:\/\/theworldbilliards.com\/fr\/produit\/queue-de-billard-brunswick-gold-crown-vii-03\/","name":"Acheter Queue de billard Brunswick Gold Crown VII 03 - The World Billiards","isPartOf":{"@id":"https:\/\/theworldbilliards.com\/fr\/#website"},"primaryImageOfPage":{"@id":"https:\/\/theworldbilliards.com\/fr\/produit\/queue-de-billard-brunswick-gold-crown-vii-03\/#primaryimage"},"image":{"@id":"https:\/\/theworldbilliards.com\/fr\/produit\/queue-de-billard-brunswick-gold-crown-vii-03\/#primaryimage"},"thumbnailUrl":"https:\/\/theworldbilliards.com\/wp-content\/uploads\/2025\/12\/BBGC703_1.png","datePublished":"2025-12-17T11:42:51+00:00","dateModified":"2025-12-19T10:56:21+00:00","description":"Queue Brunswick x Lucasi Ebony 180e anniversaire \u00c9dition limit\u00e9e : seulement 30 exemplaires produits dans le monde Avant-bras en \u00e9b\u00e8ne mat avec incrustations de bois de serpent, d\u2019argent et de nacre Rev\u00eatement en cuir v\u00e9ritable pour un confort et un style irr\u00e9prochables Fl\u00e8che Lucasi Zero Flexpoint pour une faible d\u00e9viation et un jeu fluide et r\u00e9actif C\u00e9l\u00e9bration du 180e anniversaire de Brunswick","breadcrumb":{"@id":"https:\/\/theworldbilliards.com\/fr\/produit\/queue-de-billard-brunswick-gold-crown-vii-03\/#breadcrumb"},"inLanguage":"fr-FR","potentialAction":[{"@type":"ReadAction","target":["https:\/\/theworldbilliards.com\/fr\/produit\/queue-de-billard-brunswick-gold-crown-vii-03\/"]}]},{"@type":"ImageObject","inLanguage":"fr-FR","@id":"https:\/\/theworldbilliards.com\/fr\/produit\/queue-de-billard-brunswick-gold-crown-vii-03\/#primaryimage","url":"https:\/\/theworldbilliards.com\/wp-content\/uploads\/2025\/12\/BBGC703_1.png","contentUrl":"https:\/\/theworldbilliards.com\/wp-content\/uploads\/2025\/12\/BBGC703_1.png","width":999,"height":1000},{"@type":"BreadcrumbList","@id":"https:\/\/theworldbilliards.com\/fr\/produit\/queue-de-billard-brunswick-gold-crown-vii-03\/#breadcrumb","itemListElement":[{"@type":"ListItem","position":1,"name":"In\u00edcio","item":"https:\/\/theworldbilliards.com\/fr\/"},{"@type":"ListItem","position":2,"name":"Boutique en ligne","item":"https:\/\/theworldbilliards.com\/fr\/boutique-theworldbilliards\/"},{"@type":"ListItem","position":3,"name":"Queue de billard Brunswick Gold Crown VII 03"}]},{"@type":"WebSite","@id":"https:\/\/theworldbilliards.com\/fr\/#website","url":"https:\/\/theworldbilliards.com\/fr\/","name":"TheWorldBilliards","description":"Achetez ici billard, baby-foot, ping-pong et bowling","publisher":{"@id":"https:\/\/theworldbilliards.com\/fr\/#organization"},"alternateName":"The world billiards","potentialAction":[{"@type":"SearchAction","target":{"@type":"EntryPoint","urlTemplate":"https:\/\/theworldbilliards.com\/fr\/?s={search_term_string}"},"query-input":{"@type":"PropertyValueSpecification","valueRequired":true,"valueName":"search_term_string"}}],"inLanguage":"fr-FR"},{"@type":"Organization","@id":"https:\/\/theworldbilliards.com\/fr\/#organization","name":"The World Billiards","alternateName":"The World Billiards","url":"https:\/\/theworldbilliards.com\/fr\/","logo":{"@type":"ImageObject","inLanguage":"fr-FR","@id":"https:\/\/theworldbilliards.com\/fr\/#\/schema\/logo\/image\/","url":"","contentUrl":"","caption":"The World Billiards"},"image":{"@id":"https:\/\/theworldbilliards.com\/fr\/#\/schema\/logo\/image\/"},"sameAs":["https:\/\/www.facebook.com\/baby.foot.superbes","https:\/\/www.youtube.com\/channel\/UCIMuOVAaUcH6UpZcsZlH0Tg","https:\/\/www.facebook.com\/people\/Brunswick-Billiards-EspaaPortugal\/100066446264309\/","https:\/\/www.instagram.com\/the_world_billiards\/","https:\/\/www.pinterest.es\/Theworldbilliards\/"]}]}},"_links":{"self":[{"href":"https:\/\/theworldbilliards.com\/fr\/wp-json\/wp\/v2\/product\/109767","targetHints":{"allow":["GET"]}}],"collection":[{"href":"https:\/\/theworldbilliards.com\/fr\/wp-json\/wp\/v2\/product"}],"about":[{"href":"https:\/\/theworldbilliards.com\/fr\/wp-json\/wp\/v2\/types\/product"}],"wp:featuredmedia":[{"embeddable":true,"href":"https:\/\/theworldbilliards.com\/fr\/wp-json\/wp\/v2\/media\/109797"}],"wp:attachment":[{"href":"https:\/\/theworldbilliards.com\/fr\/wp-json\/wp\/v2\/media?parent=109767"}],"wp:term":[{"taxonomy":"product_brand","embeddable":true,"href":"https:\/\/theworldbilliards.com\/fr\/wp-json\/wp\/v2\/product_brand?post=109767"},{"taxonomy":"product_cat","embeddable":true,"href":"https:\/\/theworldbilliards.com\/fr\/wp-json\/wp\/v2\/product_cat?post=109767"},{"taxonomy":"product_tag","embeddable":true,"href":"https:\/\/theworldbilliards.com\/fr\/wp-json\/wp\/v2\/product_tag?post=109767"}],"curies":[{"name":"wp","href":"https:\/\/api.w.org\/{rel}","templated":true}]}}