{"id":110298,"date":"2026-01-27T12:08:46","date_gmt":"2026-01-27T11:08:46","guid":{"rendered":"https:\/\/theworldbilliards.com\/?post_type=product&#038;p=110298"},"modified":"2026-01-27T12:49:41","modified_gmt":"2026-01-27T11:49:41","slug":"chaise-joueur-brunswick-arena","status":"publish","type":"product","link":"https:\/\/theworldbilliards.com\/fr\/produit\/chaise-joueur-brunswick-arena\/","title":{"rendered":"Chaise  joueur Brunswick Arena"},"content":{"rendered":"<p>Le fauteuil de billard Brunswick Arena Players est con\u00e7u pour un confort optimal et une utilisation prolong\u00e9e dans les salles de billard tr\u00e8s fr\u00e9quent\u00e9es. Son assise surdimensionn\u00e9e, \u00e0 hauteur de bar, offre un soutien ergonomique, et son repose-pieds en m\u00e9tal r\u00e9siste \u00e0 un usage fr\u00e9quent. Des porte-gobelets int\u00e9gr\u00e9s et un emplacement pour queue de billard ajoutent \u00e0 la praticit\u00e9, tandis que la finition noire mate et le logo Brunswick brod\u00e9 compl\u00e8tent son style.<\/p>\n","protected":false},"excerpt":{"rendered":"<p>Le fauteuil de billard Brunswick Arena Players est con\u00e7u pour un confort optimal et une utilisation prolong\u00e9e dans les salles [&hellip;]<\/p>\n","protected":false},"featured_media":110338,"template":"","meta":{"site-sidebar-layout":"default","site-content-layout":"","ast-site-content-layout":"default","site-content-style":"default","site-sidebar-style":"default","ast-global-header-display":"","ast-banner-title-visibility":"","ast-main-header-display":"","ast-hfb-above-header-display":"","ast-hfb-below-header-display":"","ast-hfb-mobile-header-display":"","site-post-title":"","ast-breadcrumbs-content":"","ast-featured-img":"","footer-sml-layout":"","ast-disable-related-posts":"","theme-transparent-header-meta":"default","adv-header-id-meta":"","stick-header-meta":"","header-above-stick-meta":"","header-main-stick-meta":"","header-below-stick-meta":"","astra-migrate-meta-layouts":"default","ast-page-background-enabled":"default","ast-page-background-meta":{"desktop":{"background-color":"var(--ast-global-color-4)","background-image":"","background-repeat":"repeat","background-position":"center center","background-size":"auto","background-attachment":"scroll","background-type":"","background-media":"","overlay-type":"","overlay-color":"","overlay-opacity":"","overlay-gradient":""},"tablet":{"background-color":"","background-image":"","background-repeat":"repeat","background-position":"center center","background-size":"auto","background-attachment":"scroll","background-type":"","background-media":"","overlay-type":"","overlay-color":"","overlay-opacity":"","overlay-gradient":""},"mobile":{"background-color":"","background-image":"","background-repeat":"repeat","background-position":"center center","background-size":"auto","background-attachment":"scroll","background-type":"","background-media":"","overlay-type":"","overlay-color":"","overlay-opacity":"","overlay-gradient":""}},"ast-content-background-meta":{"desktop":{"background-color":"var(--ast-global-color-5)","background-image":"","background-repeat":"repeat","background-position":"center center","background-size":"auto","background-attachment":"scroll","background-type":"","background-media":"","overlay-type":"","overlay-color":"","overlay-opacity":"","overlay-gradient":""},"tablet":{"background-color":"var(--ast-global-color-5)","background-image":"","background-repeat":"repeat","background-position":"center center","background-size":"auto","background-attachment":"scroll","background-type":"","background-media":"","overlay-type":"","overlay-color":"","overlay-opacity":"","overlay-gradient":""},"mobile":{"background-color":"var(--ast-global-color-5)","background-image":"","background-repeat":"repeat","background-position":"center center","background-size":"auto","background-attachment":"scroll","background-type":"","background-media":"","overlay-type":"","overlay-color":"","overlay-opacity":"","overlay-gradient":""}}},"product_brand":[5198],"product_cat":[4946,4097],"product_tag":[],"class_list":{"0":"post-110298","1":"product","2":"type-product","3":"status-publish","4":"has-post-thumbnail","6":"product_brand-brunswick-billiards-fr","7":"product_cat-accessoire-billard-brunswick","8":"product_cat-meubles","9":"product_shipping_class-accessoires-longs-ou-20kg","10":"desktop-align-center","11":"tablet-align-left","12":"mobile-align-left","14":"first","15":"onbackorder","16":"taxable","17":"shipping-taxable","18":"purchasable","19":"product-type-simple"},"yoast_head":"<!-- This site is optimized with the Yoast SEO plugin v27.4 - https:\/\/yoast.com\/product\/yoast-seo-wordpress\/ -->\n<title>Acheter Chaise joueur Brunswick Arena - The World Billiards<\/title>\n<meta name=\"description\" content=\"Le fauteuil de billard Brunswick Arena Players est con\u00e7u pour un confort optimal et une utilisation prolong\u00e9e dans les salles de billard tr\u00e8s fr\u00e9quent\u00e9es. Son assise surdimensionn\u00e9e, \u00e0 hauteur de bar, offre un soutien ergonomique, et son repose-pieds en m\u00e9tal r\u00e9siste \u00e0 un usage fr\u00e9quent. Des porte-gobelets int\u00e9gr\u00e9s et un emplacement pour queue de billard ajoutent \u00e0 la praticit\u00e9, tandis que la finition noire mate et le logo Brunswick brod\u00e9 compl\u00e8tent son style.\" \/>\n<meta name=\"robots\" content=\"index, follow, max-snippet:-1, max-image-preview:large, max-video-preview:-1\" \/>\n<link rel=\"canonical\" href=\"https:\/\/theworldbilliards.com\/fr\/produit\/chaise-joueur-brunswick-arena\/\" \/>\n<meta property=\"og:locale\" content=\"fr_FR\" \/>\n<meta property=\"og:type\" content=\"article\" \/>\n<meta property=\"og:title\" content=\"Acheter Chaise joueur Brunswick Arena - The World Billiards\" \/>\n<meta property=\"og:description\" content=\"Le fauteuil de billard Brunswick Arena Players est con\u00e7u pour un confort optimal et une utilisation prolong\u00e9e dans les salles de billard tr\u00e8s fr\u00e9quent\u00e9es. Son assise surdimensionn\u00e9e, \u00e0 hauteur de bar, offre un soutien ergonomique, et son repose-pieds en m\u00e9tal r\u00e9siste \u00e0 un usage fr\u00e9quent. Des porte-gobelets int\u00e9gr\u00e9s et un emplacement pour queue de billard ajoutent \u00e0 la praticit\u00e9, tandis que la finition noire mate et le logo Brunswick brod\u00e9 compl\u00e8tent son style.\" \/>\n<meta property=\"og:url\" content=\"https:\/\/theworldbilliards.com\/fr\/produit\/chaise-joueur-brunswick-arena\/\" \/>\n<meta property=\"og:site_name\" content=\"The World Billiards\" \/>\n<meta property=\"article:publisher\" content=\"https:\/\/www.facebook.com\/baby.foot.superbes\" \/>\n<meta property=\"article:modified_time\" content=\"2026-01-27T11:49:41+00:00\" \/>\n<meta property=\"og:image\" content=\"https:\/\/theworldbilliards.com\/wp-content\/uploads\/2026\/01\/Arena-player-Chair.jpg\" \/>\n\t<meta property=\"og:image:width\" content=\"569\" \/>\n\t<meta property=\"og:image:height\" content=\"569\" \/>\n\t<meta property=\"og:image:type\" content=\"image\/jpeg\" \/>\n<meta name=\"twitter:card\" content=\"summary_large_image\" \/>\n<script type=\"application\/ld+json\" class=\"yoast-schema-graph\">{\"@context\":\"https:\\\/\\\/schema.org\",\"@graph\":[{\"@type\":\"WebPage\",\"@id\":\"https:\\\/\\\/theworldbilliards.com\\\/fr\\\/produit\\\/chaise-joueur-brunswick-arena\\\/\",\"url\":\"https:\\\/\\\/theworldbilliards.com\\\/fr\\\/produit\\\/chaise-joueur-brunswick-arena\\\/\",\"name\":\"Acheter Chaise joueur Brunswick Arena - The World Billiards\",\"isPartOf\":{\"@id\":\"https:\\\/\\\/theworldbilliards.com\\\/fr\\\/#website\"},\"primaryImageOfPage\":{\"@id\":\"https:\\\/\\\/theworldbilliards.com\\\/fr\\\/produit\\\/chaise-joueur-brunswick-arena\\\/#primaryimage\"},\"image\":{\"@id\":\"https:\\\/\\\/theworldbilliards.com\\\/fr\\\/produit\\\/chaise-joueur-brunswick-arena\\\/#primaryimage\"},\"thumbnailUrl\":\"https:\\\/\\\/theworldbilliards.com\\\/wp-content\\\/uploads\\\/2026\\\/01\\\/Arena-player-Chair.jpg\",\"datePublished\":\"2026-01-27T11:08:46+00:00\",\"dateModified\":\"2026-01-27T11:49:41+00:00\",\"description\":\"Le fauteuil de billard Brunswick Arena Players est con\u00e7u pour un confort optimal et une utilisation prolong\u00e9e dans les salles de billard tr\u00e8s fr\u00e9quent\u00e9es. Son assise surdimensionn\u00e9e, \u00e0 hauteur de bar, offre un soutien ergonomique, et son repose-pieds en m\u00e9tal r\u00e9siste \u00e0 un usage fr\u00e9quent. Des porte-gobelets int\u00e9gr\u00e9s et un emplacement pour queue de billard ajoutent \u00e0 la praticit\u00e9, tandis que la finition noire mate et le logo Brunswick brod\u00e9 compl\u00e8tent son style.\",\"breadcrumb\":{\"@id\":\"https:\\\/\\\/theworldbilliards.com\\\/fr\\\/produit\\\/chaise-joueur-brunswick-arena\\\/#breadcrumb\"},\"inLanguage\":\"fr-FR\",\"potentialAction\":[{\"@type\":\"ReadAction\",\"target\":[\"https:\\\/\\\/theworldbilliards.com\\\/fr\\\/produit\\\/chaise-joueur-brunswick-arena\\\/\"]}]},{\"@type\":\"ImageObject\",\"inLanguage\":\"fr-FR\",\"@id\":\"https:\\\/\\\/theworldbilliards.com\\\/fr\\\/produit\\\/chaise-joueur-brunswick-arena\\\/#primaryimage\",\"url\":\"https:\\\/\\\/theworldbilliards.com\\\/wp-content\\\/uploads\\\/2026\\\/01\\\/Arena-player-Chair.jpg\",\"contentUrl\":\"https:\\\/\\\/theworldbilliards.com\\\/wp-content\\\/uploads\\\/2026\\\/01\\\/Arena-player-Chair.jpg\",\"width\":569,\"height\":569},{\"@type\":\"BreadcrumbList\",\"@id\":\"https:\\\/\\\/theworldbilliards.com\\\/fr\\\/produit\\\/chaise-joueur-brunswick-arena\\\/#breadcrumb\",\"itemListElement\":[{\"@type\":\"ListItem\",\"position\":1,\"name\":\"In\u00edcio\",\"item\":\"https:\\\/\\\/theworldbilliards.com\\\/fr\\\/\"},{\"@type\":\"ListItem\",\"position\":2,\"name\":\"Boutique en ligne\",\"item\":\"https:\\\/\\\/theworldbilliards.com\\\/fr\\\/boutique-theworldbilliards\\\/\"},{\"@type\":\"ListItem\",\"position\":3,\"name\":\"Chaise joueur Brunswick Arena\"}]},{\"@type\":\"WebSite\",\"@id\":\"https:\\\/\\\/theworldbilliards.com\\\/fr\\\/#website\",\"url\":\"https:\\\/\\\/theworldbilliards.com\\\/fr\\\/\",\"name\":\"TheWorldBilliards\",\"description\":\"Achetez ici billard, baby-foot, ping-pong et bowling\",\"publisher\":{\"@id\":\"https:\\\/\\\/theworldbilliards.com\\\/fr\\\/#organization\"},\"alternateName\":\"The world billiards\",\"potentialAction\":[{\"@type\":\"SearchAction\",\"target\":{\"@type\":\"EntryPoint\",\"urlTemplate\":\"https:\\\/\\\/theworldbilliards.com\\\/fr\\\/?s={search_term_string}\"},\"query-input\":{\"@type\":\"PropertyValueSpecification\",\"valueRequired\":true,\"valueName\":\"search_term_string\"}}],\"inLanguage\":\"fr-FR\"},{\"@type\":\"Organization\",\"@id\":\"https:\\\/\\\/theworldbilliards.com\\\/fr\\\/#organization\",\"name\":\"The World Billiards\",\"alternateName\":\"The World Billiards\",\"url\":\"https:\\\/\\\/theworldbilliards.com\\\/fr\\\/\",\"logo\":{\"@type\":\"ImageObject\",\"inLanguage\":\"fr-FR\",\"@id\":\"https:\\\/\\\/theworldbilliards.com\\\/fr\\\/#\\\/schema\\\/logo\\\/image\\\/\",\"url\":\"\",\"contentUrl\":\"\",\"caption\":\"The World Billiards\"},\"image\":{\"@id\":\"https:\\\/\\\/theworldbilliards.com\\\/fr\\\/#\\\/schema\\\/logo\\\/image\\\/\"},\"sameAs\":[\"https:\\\/\\\/www.facebook.com\\\/baby.foot.superbes\",\"https:\\\/\\\/www.youtube.com\\\/channel\\\/UCIMuOVAaUcH6UpZcsZlH0Tg\",\"https:\\\/\\\/www.facebook.com\\\/people\\\/Brunswick-Billiards-EspaaPortugal\\\/100066446264309\\\/\",\"https:\\\/\\\/www.instagram.com\\\/the_world_billiards\\\/\",\"https:\\\/\\\/www.pinterest.es\\\/Theworldbilliards\\\/\"]}]}<\/script>\n<!-- \/ Yoast SEO plugin. -->","yoast_head_json":{"title":"Acheter Chaise joueur Brunswick Arena - The World Billiards","description":"Le fauteuil de billard Brunswick Arena Players est con\u00e7u pour un confort optimal et une utilisation prolong\u00e9e dans les salles de billard tr\u00e8s fr\u00e9quent\u00e9es. Son assise surdimensionn\u00e9e, \u00e0 hauteur de bar, offre un soutien ergonomique, et son repose-pieds en m\u00e9tal r\u00e9siste \u00e0 un usage fr\u00e9quent. Des porte-gobelets int\u00e9gr\u00e9s et un emplacement pour queue de billard ajoutent \u00e0 la praticit\u00e9, tandis que la finition noire mate et le logo Brunswick brod\u00e9 compl\u00e8tent son style.","robots":{"index":"index","follow":"follow","max-snippet":"max-snippet:-1","max-image-preview":"max-image-preview:large","max-video-preview":"max-video-preview:-1"},"canonical":"https:\/\/theworldbilliards.com\/fr\/produit\/chaise-joueur-brunswick-arena\/","og_locale":"fr_FR","og_type":"article","og_title":"Acheter Chaise joueur Brunswick Arena - The World Billiards","og_description":"Le fauteuil de billard Brunswick Arena Players est con\u00e7u pour un confort optimal et une utilisation prolong\u00e9e dans les salles de billard tr\u00e8s fr\u00e9quent\u00e9es. Son assise surdimensionn\u00e9e, \u00e0 hauteur de bar, offre un soutien ergonomique, et son repose-pieds en m\u00e9tal r\u00e9siste \u00e0 un usage fr\u00e9quent. Des porte-gobelets int\u00e9gr\u00e9s et un emplacement pour queue de billard ajoutent \u00e0 la praticit\u00e9, tandis que la finition noire mate et le logo Brunswick brod\u00e9 compl\u00e8tent son style.","og_url":"https:\/\/theworldbilliards.com\/fr\/produit\/chaise-joueur-brunswick-arena\/","og_site_name":"The World Billiards","article_publisher":"https:\/\/www.facebook.com\/baby.foot.superbes","article_modified_time":"2026-01-27T11:49:41+00:00","og_image":[{"width":569,"height":569,"url":"https:\/\/theworldbilliards.com\/wp-content\/uploads\/2026\/01\/Arena-player-Chair.jpg","type":"image\/jpeg"}],"twitter_card":"summary_large_image","schema":{"@context":"https:\/\/schema.org","@graph":[{"@type":"WebPage","@id":"https:\/\/theworldbilliards.com\/fr\/produit\/chaise-joueur-brunswick-arena\/","url":"https:\/\/theworldbilliards.com\/fr\/produit\/chaise-joueur-brunswick-arena\/","name":"Acheter Chaise joueur Brunswick Arena - The World Billiards","isPartOf":{"@id":"https:\/\/theworldbilliards.com\/fr\/#website"},"primaryImageOfPage":{"@id":"https:\/\/theworldbilliards.com\/fr\/produit\/chaise-joueur-brunswick-arena\/#primaryimage"},"image":{"@id":"https:\/\/theworldbilliards.com\/fr\/produit\/chaise-joueur-brunswick-arena\/#primaryimage"},"thumbnailUrl":"https:\/\/theworldbilliards.com\/wp-content\/uploads\/2026\/01\/Arena-player-Chair.jpg","datePublished":"2026-01-27T11:08:46+00:00","dateModified":"2026-01-27T11:49:41+00:00","description":"Le fauteuil de billard Brunswick Arena Players est con\u00e7u pour un confort optimal et une utilisation prolong\u00e9e dans les salles de billard tr\u00e8s fr\u00e9quent\u00e9es. Son assise surdimensionn\u00e9e, \u00e0 hauteur de bar, offre un soutien ergonomique, et son repose-pieds en m\u00e9tal r\u00e9siste \u00e0 un usage fr\u00e9quent. Des porte-gobelets int\u00e9gr\u00e9s et un emplacement pour queue de billard ajoutent \u00e0 la praticit\u00e9, tandis que la finition noire mate et le logo Brunswick brod\u00e9 compl\u00e8tent son style.","breadcrumb":{"@id":"https:\/\/theworldbilliards.com\/fr\/produit\/chaise-joueur-brunswick-arena\/#breadcrumb"},"inLanguage":"fr-FR","potentialAction":[{"@type":"ReadAction","target":["https:\/\/theworldbilliards.com\/fr\/produit\/chaise-joueur-brunswick-arena\/"]}]},{"@type":"ImageObject","inLanguage":"fr-FR","@id":"https:\/\/theworldbilliards.com\/fr\/produit\/chaise-joueur-brunswick-arena\/#primaryimage","url":"https:\/\/theworldbilliards.com\/wp-content\/uploads\/2026\/01\/Arena-player-Chair.jpg","contentUrl":"https:\/\/theworldbilliards.com\/wp-content\/uploads\/2026\/01\/Arena-player-Chair.jpg","width":569,"height":569},{"@type":"BreadcrumbList","@id":"https:\/\/theworldbilliards.com\/fr\/produit\/chaise-joueur-brunswick-arena\/#breadcrumb","itemListElement":[{"@type":"ListItem","position":1,"name":"In\u00edcio","item":"https:\/\/theworldbilliards.com\/fr\/"},{"@type":"ListItem","position":2,"name":"Boutique en ligne","item":"https:\/\/theworldbilliards.com\/fr\/boutique-theworldbilliards\/"},{"@type":"ListItem","position":3,"name":"Chaise joueur Brunswick Arena"}]},{"@type":"WebSite","@id":"https:\/\/theworldbilliards.com\/fr\/#website","url":"https:\/\/theworldbilliards.com\/fr\/","name":"TheWorldBilliards","description":"Achetez ici billard, baby-foot, ping-pong et bowling","publisher":{"@id":"https:\/\/theworldbilliards.com\/fr\/#organization"},"alternateName":"The world billiards","potentialAction":[{"@type":"SearchAction","target":{"@type":"EntryPoint","urlTemplate":"https:\/\/theworldbilliards.com\/fr\/?s={search_term_string}"},"query-input":{"@type":"PropertyValueSpecification","valueRequired":true,"valueName":"search_term_string"}}],"inLanguage":"fr-FR"},{"@type":"Organization","@id":"https:\/\/theworldbilliards.com\/fr\/#organization","name":"The World Billiards","alternateName":"The World Billiards","url":"https:\/\/theworldbilliards.com\/fr\/","logo":{"@type":"ImageObject","inLanguage":"fr-FR","@id":"https:\/\/theworldbilliards.com\/fr\/#\/schema\/logo\/image\/","url":"","contentUrl":"","caption":"The World Billiards"},"image":{"@id":"https:\/\/theworldbilliards.com\/fr\/#\/schema\/logo\/image\/"},"sameAs":["https:\/\/www.facebook.com\/baby.foot.superbes","https:\/\/www.youtube.com\/channel\/UCIMuOVAaUcH6UpZcsZlH0Tg","https:\/\/www.facebook.com\/people\/Brunswick-Billiards-EspaaPortugal\/100066446264309\/","https:\/\/www.instagram.com\/the_world_billiards\/","https:\/\/www.pinterest.es\/Theworldbilliards\/"]}]}},"_links":{"self":[{"href":"https:\/\/theworldbilliards.com\/fr\/wp-json\/wp\/v2\/product\/110298","targetHints":{"allow":["GET"]}}],"collection":[{"href":"https:\/\/theworldbilliards.com\/fr\/wp-json\/wp\/v2\/product"}],"about":[{"href":"https:\/\/theworldbilliards.com\/fr\/wp-json\/wp\/v2\/types\/product"}],"wp:featuredmedia":[{"embeddable":true,"href":"https:\/\/theworldbilliards.com\/fr\/wp-json\/wp\/v2\/media\/110338"}],"wp:attachment":[{"href":"https:\/\/theworldbilliards.com\/fr\/wp-json\/wp\/v2\/media?parent=110298"}],"wp:term":[{"taxonomy":"product_brand","embeddable":true,"href":"https:\/\/theworldbilliards.com\/fr\/wp-json\/wp\/v2\/product_brand?post=110298"},{"taxonomy":"product_cat","embeddable":true,"href":"https:\/\/theworldbilliards.com\/fr\/wp-json\/wp\/v2\/product_cat?post=110298"},{"taxonomy":"product_tag","embeddable":true,"href":"https:\/\/theworldbilliards.com\/fr\/wp-json\/wp\/v2\/product_tag?post=110298"}],"curies":[{"name":"wp","href":"https:\/\/api.w.org\/{rel}","templated":true}]}}