{"id":110435,"date":"2026-01-28T12:31:17","date_gmt":"2026-01-28T11:31:17","guid":{"rendered":"https:\/\/theworldbilliards.com\/?post_type=product&#038;p=110435"},"modified":"2026-02-04T11:23:04","modified_gmt":"2026-02-04T10:23:04","slug":"porte-queues-american-heritage-providence","status":"publish","type":"product","link":"https:\/\/theworldbilliards.com\/fr\/produit\/porte-queues-american-heritage-providence\/","title":{"rendered":"Porte queues American Heritage Providence"},"content":{"rendered":"<p>Ce porte-queues est v\u00e9ritablement unique\u00a0; il offre un vaste espace de rangement pour les queues, les boules, les triangles et autres accessoires, tout en int\u00e9grant un syst\u00e8me de score original. Le tout est combin\u00e9 \u00e0 un style classique et \u00e9pur\u00e9 qui s&rsquo;int\u00e8gre \u00e0 tous les int\u00e9rieurs.<\/p>\n<p>Disponible en finitions Glacier, Peppercorn, Sable et Suede<\/p>\n","protected":false},"excerpt":{"rendered":"<p>Ce porte-queues est v\u00e9ritablement unique\u00a0; il offre un vaste espace de rangement pour les queues, les boules, les triangles et [&hellip;]<\/p>\n","protected":false},"featured_media":110457,"template":"","meta":{"site-sidebar-layout":"default","site-content-layout":"","ast-site-content-layout":"default","site-content-style":"default","site-sidebar-style":"default","ast-global-header-display":"","ast-banner-title-visibility":"","ast-main-header-display":"","ast-hfb-above-header-display":"","ast-hfb-below-header-display":"","ast-hfb-mobile-header-display":"","site-post-title":"","ast-breadcrumbs-content":"","ast-featured-img":"","footer-sml-layout":"","ast-disable-related-posts":"","theme-transparent-header-meta":"default","adv-header-id-meta":"","stick-header-meta":"","header-above-stick-meta":"","header-main-stick-meta":"","header-below-stick-meta":"","astra-migrate-meta-layouts":"default","ast-page-background-enabled":"default","ast-page-background-meta":{"desktop":{"background-color":"var(--ast-global-color-4)","background-image":"","background-repeat":"repeat","background-position":"center center","background-size":"auto","background-attachment":"scroll","background-type":"","background-media":"","overlay-type":"","overlay-color":"","overlay-opacity":"","overlay-gradient":""},"tablet":{"background-color":"","background-image":"","background-repeat":"repeat","background-position":"center center","background-size":"auto","background-attachment":"scroll","background-type":"","background-media":"","overlay-type":"","overlay-color":"","overlay-opacity":"","overlay-gradient":""},"mobile":{"background-color":"","background-image":"","background-repeat":"repeat","background-position":"center center","background-size":"auto","background-attachment":"scroll","background-type":"","background-media":"","overlay-type":"","overlay-color":"","overlay-opacity":"","overlay-gradient":""}},"ast-content-background-meta":{"desktop":{"background-color":"var(--ast-global-color-5)","background-image":"","background-repeat":"repeat","background-position":"center center","background-size":"auto","background-attachment":"scroll","background-type":"","background-media":"","overlay-type":"","overlay-color":"","overlay-opacity":"","overlay-gradient":""},"tablet":{"background-color":"var(--ast-global-color-5)","background-image":"","background-repeat":"repeat","background-position":"center center","background-size":"auto","background-attachment":"scroll","background-type":"","background-media":"","overlay-type":"","overlay-color":"","overlay-opacity":"","overlay-gradient":""},"mobile":{"background-color":"var(--ast-global-color-5)","background-image":"","background-repeat":"repeat","background-position":"center center","background-size":"auto","background-attachment":"scroll","background-type":"","background-media":"","overlay-type":"","overlay-color":"","overlay-opacity":"","overlay-gradient":""}}},"product_brand":[5210],"product_cat":[5328,1349],"product_tag":[],"class_list":{"0":"post-110435","1":"product","2":"type-product","3":"status-publish","4":"has-post-thumbnail","6":"product_brand-american-heritage-billiards-fr","7":"product_cat-accessoire-billard-american-heritage","8":"product_cat-porte-queues-pour-billard","9":"product_shipping_class-accessoires-longs-ou-20kg","10":"desktop-align-center","11":"tablet-align-left","12":"mobile-align-left","14":"first","15":"onbackorder","16":"taxable","17":"shipping-taxable","18":"purchasable","19":"product-type-variable"},"yoast_head":"<!-- This site is optimized with the Yoast SEO plugin v27.4 - https:\/\/yoast.com\/product\/yoast-seo-wordpress\/ -->\n<title>Acheter Porte queues American Heritage Providence - The World Billiards<\/title>\n<meta name=\"description\" content=\"Ce porte-queues est v\u00e9ritablement unique\u00a0; il offre un vaste espace de rangement pour les queues, les boules, les triangles et autres accessoires, tout en int\u00e9grant un syst\u00e8me de score original. Le tout est combin\u00e9 \u00e0 un style classique et \u00e9pur\u00e9 qui s&#039;int\u00e8gre \u00e0 tous les int\u00e9rieurs.  Disponible en finitions Glacier, Peppercorn, Sable et Suede\" \/>\n<meta name=\"robots\" content=\"index, follow, max-snippet:-1, max-image-preview:large, max-video-preview:-1\" \/>\n<link rel=\"canonical\" href=\"https:\/\/theworldbilliards.com\/fr\/produit\/porte-queues-american-heritage-providence\/\" \/>\n<meta property=\"og:locale\" content=\"fr_FR\" \/>\n<meta property=\"og:type\" content=\"article\" \/>\n<meta property=\"og:title\" content=\"Acheter Porte queues American Heritage Providence - The World Billiards\" \/>\n<meta property=\"og:description\" content=\"Ce porte-queues est v\u00e9ritablement unique\u00a0; il offre un vaste espace de rangement pour les queues, les boules, les triangles et autres accessoires, tout en int\u00e9grant un syst\u00e8me de score original. Le tout est combin\u00e9 \u00e0 un style classique et \u00e9pur\u00e9 qui s&#039;int\u00e8gre \u00e0 tous les int\u00e9rieurs.  Disponible en finitions Glacier, Peppercorn, Sable et Suede\" \/>\n<meta property=\"og:url\" content=\"https:\/\/theworldbilliards.com\/fr\/produit\/porte-queues-american-heritage-providence\/\" \/>\n<meta property=\"og:site_name\" content=\"The World Billiards\" \/>\n<meta property=\"article:publisher\" content=\"https:\/\/www.facebook.com\/baby.foot.superbes\" \/>\n<meta property=\"article:modified_time\" content=\"2026-02-04T10:23:04+00:00\" \/>\n<meta property=\"og:image\" content=\"https:\/\/theworldbilliards.com\/wp-content\/uploads\/2026\/01\/Providence-suede.jpg\" \/>\n\t<meta property=\"og:image:width\" content=\"1000\" \/>\n\t<meta property=\"og:image:height\" content=\"1000\" \/>\n\t<meta property=\"og:image:type\" content=\"image\/jpeg\" \/>\n<meta name=\"twitter:card\" content=\"summary_large_image\" \/>\n<script type=\"application\/ld+json\" class=\"yoast-schema-graph\">{\"@context\":\"https:\\\/\\\/schema.org\",\"@graph\":[{\"@type\":\"WebPage\",\"@id\":\"https:\\\/\\\/theworldbilliards.com\\\/fr\\\/produit\\\/porte-queues-american-heritage-providence\\\/\",\"url\":\"https:\\\/\\\/theworldbilliards.com\\\/fr\\\/produit\\\/porte-queues-american-heritage-providence\\\/\",\"name\":\"Acheter Porte queues American Heritage Providence - The World Billiards\",\"isPartOf\":{\"@id\":\"https:\\\/\\\/theworldbilliards.com\\\/fr\\\/#website\"},\"primaryImageOfPage\":{\"@id\":\"https:\\\/\\\/theworldbilliards.com\\\/fr\\\/produit\\\/porte-queues-american-heritage-providence\\\/#primaryimage\"},\"image\":{\"@id\":\"https:\\\/\\\/theworldbilliards.com\\\/fr\\\/produit\\\/porte-queues-american-heritage-providence\\\/#primaryimage\"},\"thumbnailUrl\":\"https:\\\/\\\/theworldbilliards.com\\\/wp-content\\\/uploads\\\/2026\\\/01\\\/Providence-suede.jpg\",\"datePublished\":\"2026-01-28T11:31:17+00:00\",\"dateModified\":\"2026-02-04T10:23:04+00:00\",\"description\":\"Ce porte-queues est v\u00e9ritablement unique\u00a0; il offre un vaste espace de rangement pour les queues, les boules, les triangles et autres accessoires, tout en int\u00e9grant un syst\u00e8me de score original. Le tout est combin\u00e9 \u00e0 un style classique et \u00e9pur\u00e9 qui s'int\u00e8gre \u00e0 tous les int\u00e9rieurs. Disponible en finitions Glacier, Peppercorn, Sable et Suede\",\"breadcrumb\":{\"@id\":\"https:\\\/\\\/theworldbilliards.com\\\/fr\\\/produit\\\/porte-queues-american-heritage-providence\\\/#breadcrumb\"},\"inLanguage\":\"fr-FR\",\"potentialAction\":[{\"@type\":\"ReadAction\",\"target\":[\"https:\\\/\\\/theworldbilliards.com\\\/fr\\\/produit\\\/porte-queues-american-heritage-providence\\\/\"]}]},{\"@type\":\"ImageObject\",\"inLanguage\":\"fr-FR\",\"@id\":\"https:\\\/\\\/theworldbilliards.com\\\/fr\\\/produit\\\/porte-queues-american-heritage-providence\\\/#primaryimage\",\"url\":\"https:\\\/\\\/theworldbilliards.com\\\/wp-content\\\/uploads\\\/2026\\\/01\\\/Providence-suede.jpg\",\"contentUrl\":\"https:\\\/\\\/theworldbilliards.com\\\/wp-content\\\/uploads\\\/2026\\\/01\\\/Providence-suede.jpg\",\"width\":1000,\"height\":1000},{\"@type\":\"BreadcrumbList\",\"@id\":\"https:\\\/\\\/theworldbilliards.com\\\/fr\\\/produit\\\/porte-queues-american-heritage-providence\\\/#breadcrumb\",\"itemListElement\":[{\"@type\":\"ListItem\",\"position\":1,\"name\":\"In\u00edcio\",\"item\":\"https:\\\/\\\/theworldbilliards.com\\\/fr\\\/\"},{\"@type\":\"ListItem\",\"position\":2,\"name\":\"Boutique en ligne\",\"item\":\"https:\\\/\\\/theworldbilliards.com\\\/fr\\\/boutique-theworldbilliards\\\/\"},{\"@type\":\"ListItem\",\"position\":3,\"name\":\"Porte queues American Heritage Providence\"}]},{\"@type\":\"WebSite\",\"@id\":\"https:\\\/\\\/theworldbilliards.com\\\/fr\\\/#website\",\"url\":\"https:\\\/\\\/theworldbilliards.com\\\/fr\\\/\",\"name\":\"TheWorldBilliards\",\"description\":\"Achetez ici billard, baby-foot, ping-pong et bowling\",\"publisher\":{\"@id\":\"https:\\\/\\\/theworldbilliards.com\\\/fr\\\/#organization\"},\"alternateName\":\"The world billiards\",\"potentialAction\":[{\"@type\":\"SearchAction\",\"target\":{\"@type\":\"EntryPoint\",\"urlTemplate\":\"https:\\\/\\\/theworldbilliards.com\\\/fr\\\/?s={search_term_string}\"},\"query-input\":{\"@type\":\"PropertyValueSpecification\",\"valueRequired\":true,\"valueName\":\"search_term_string\"}}],\"inLanguage\":\"fr-FR\"},{\"@type\":\"Organization\",\"@id\":\"https:\\\/\\\/theworldbilliards.com\\\/fr\\\/#organization\",\"name\":\"The World Billiards\",\"alternateName\":\"The World Billiards\",\"url\":\"https:\\\/\\\/theworldbilliards.com\\\/fr\\\/\",\"logo\":{\"@type\":\"ImageObject\",\"inLanguage\":\"fr-FR\",\"@id\":\"https:\\\/\\\/theworldbilliards.com\\\/fr\\\/#\\\/schema\\\/logo\\\/image\\\/\",\"url\":\"\",\"contentUrl\":\"\",\"caption\":\"The World Billiards\"},\"image\":{\"@id\":\"https:\\\/\\\/theworldbilliards.com\\\/fr\\\/#\\\/schema\\\/logo\\\/image\\\/\"},\"sameAs\":[\"https:\\\/\\\/www.facebook.com\\\/baby.foot.superbes\",\"https:\\\/\\\/www.youtube.com\\\/channel\\\/UCIMuOVAaUcH6UpZcsZlH0Tg\",\"https:\\\/\\\/www.facebook.com\\\/people\\\/Brunswick-Billiards-EspaaPortugal\\\/100066446264309\\\/\",\"https:\\\/\\\/www.instagram.com\\\/the_world_billiards\\\/\",\"https:\\\/\\\/www.pinterest.es\\\/Theworldbilliards\\\/\"]}]}<\/script>\n<!-- \/ Yoast SEO plugin. -->","yoast_head_json":{"title":"Acheter Porte queues American Heritage Providence - The World Billiards","description":"Ce porte-queues est v\u00e9ritablement unique\u00a0; il offre un vaste espace de rangement pour les queues, les boules, les triangles et autres accessoires, tout en int\u00e9grant un syst\u00e8me de score original. Le tout est combin\u00e9 \u00e0 un style classique et \u00e9pur\u00e9 qui s'int\u00e8gre \u00e0 tous les int\u00e9rieurs.  Disponible en finitions Glacier, Peppercorn, Sable et Suede","robots":{"index":"index","follow":"follow","max-snippet":"max-snippet:-1","max-image-preview":"max-image-preview:large","max-video-preview":"max-video-preview:-1"},"canonical":"https:\/\/theworldbilliards.com\/fr\/produit\/porte-queues-american-heritage-providence\/","og_locale":"fr_FR","og_type":"article","og_title":"Acheter Porte queues American Heritage Providence - The World Billiards","og_description":"Ce porte-queues est v\u00e9ritablement unique\u00a0; il offre un vaste espace de rangement pour les queues, les boules, les triangles et autres accessoires, tout en int\u00e9grant un syst\u00e8me de score original. Le tout est combin\u00e9 \u00e0 un style classique et \u00e9pur\u00e9 qui s'int\u00e8gre \u00e0 tous les int\u00e9rieurs.  Disponible en finitions Glacier, Peppercorn, Sable et Suede","og_url":"https:\/\/theworldbilliards.com\/fr\/produit\/porte-queues-american-heritage-providence\/","og_site_name":"The World Billiards","article_publisher":"https:\/\/www.facebook.com\/baby.foot.superbes","article_modified_time":"2026-02-04T10:23:04+00:00","og_image":[{"width":1000,"height":1000,"url":"https:\/\/theworldbilliards.com\/wp-content\/uploads\/2026\/01\/Providence-suede.jpg","type":"image\/jpeg"}],"twitter_card":"summary_large_image","schema":{"@context":"https:\/\/schema.org","@graph":[{"@type":"WebPage","@id":"https:\/\/theworldbilliards.com\/fr\/produit\/porte-queues-american-heritage-providence\/","url":"https:\/\/theworldbilliards.com\/fr\/produit\/porte-queues-american-heritage-providence\/","name":"Acheter Porte queues American Heritage Providence - The World Billiards","isPartOf":{"@id":"https:\/\/theworldbilliards.com\/fr\/#website"},"primaryImageOfPage":{"@id":"https:\/\/theworldbilliards.com\/fr\/produit\/porte-queues-american-heritage-providence\/#primaryimage"},"image":{"@id":"https:\/\/theworldbilliards.com\/fr\/produit\/porte-queues-american-heritage-providence\/#primaryimage"},"thumbnailUrl":"https:\/\/theworldbilliards.com\/wp-content\/uploads\/2026\/01\/Providence-suede.jpg","datePublished":"2026-01-28T11:31:17+00:00","dateModified":"2026-02-04T10:23:04+00:00","description":"Ce porte-queues est v\u00e9ritablement unique\u00a0; il offre un vaste espace de rangement pour les queues, les boules, les triangles et autres accessoires, tout en int\u00e9grant un syst\u00e8me de score original. Le tout est combin\u00e9 \u00e0 un style classique et \u00e9pur\u00e9 qui s'int\u00e8gre \u00e0 tous les int\u00e9rieurs. Disponible en finitions Glacier, Peppercorn, Sable et Suede","breadcrumb":{"@id":"https:\/\/theworldbilliards.com\/fr\/produit\/porte-queues-american-heritage-providence\/#breadcrumb"},"inLanguage":"fr-FR","potentialAction":[{"@type":"ReadAction","target":["https:\/\/theworldbilliards.com\/fr\/produit\/porte-queues-american-heritage-providence\/"]}]},{"@type":"ImageObject","inLanguage":"fr-FR","@id":"https:\/\/theworldbilliards.com\/fr\/produit\/porte-queues-american-heritage-providence\/#primaryimage","url":"https:\/\/theworldbilliards.com\/wp-content\/uploads\/2026\/01\/Providence-suede.jpg","contentUrl":"https:\/\/theworldbilliards.com\/wp-content\/uploads\/2026\/01\/Providence-suede.jpg","width":1000,"height":1000},{"@type":"BreadcrumbList","@id":"https:\/\/theworldbilliards.com\/fr\/produit\/porte-queues-american-heritage-providence\/#breadcrumb","itemListElement":[{"@type":"ListItem","position":1,"name":"In\u00edcio","item":"https:\/\/theworldbilliards.com\/fr\/"},{"@type":"ListItem","position":2,"name":"Boutique en ligne","item":"https:\/\/theworldbilliards.com\/fr\/boutique-theworldbilliards\/"},{"@type":"ListItem","position":3,"name":"Porte queues American Heritage Providence"}]},{"@type":"WebSite","@id":"https:\/\/theworldbilliards.com\/fr\/#website","url":"https:\/\/theworldbilliards.com\/fr\/","name":"TheWorldBilliards","description":"Achetez ici billard, baby-foot, ping-pong et bowling","publisher":{"@id":"https:\/\/theworldbilliards.com\/fr\/#organization"},"alternateName":"The world billiards","potentialAction":[{"@type":"SearchAction","target":{"@type":"EntryPoint","urlTemplate":"https:\/\/theworldbilliards.com\/fr\/?s={search_term_string}"},"query-input":{"@type":"PropertyValueSpecification","valueRequired":true,"valueName":"search_term_string"}}],"inLanguage":"fr-FR"},{"@type":"Organization","@id":"https:\/\/theworldbilliards.com\/fr\/#organization","name":"The World Billiards","alternateName":"The World Billiards","url":"https:\/\/theworldbilliards.com\/fr\/","logo":{"@type":"ImageObject","inLanguage":"fr-FR","@id":"https:\/\/theworldbilliards.com\/fr\/#\/schema\/logo\/image\/","url":"","contentUrl":"","caption":"The World Billiards"},"image":{"@id":"https:\/\/theworldbilliards.com\/fr\/#\/schema\/logo\/image\/"},"sameAs":["https:\/\/www.facebook.com\/baby.foot.superbes","https:\/\/www.youtube.com\/channel\/UCIMuOVAaUcH6UpZcsZlH0Tg","https:\/\/www.facebook.com\/people\/Brunswick-Billiards-EspaaPortugal\/100066446264309\/","https:\/\/www.instagram.com\/the_world_billiards\/","https:\/\/www.pinterest.es\/Theworldbilliards\/"]}]}},"_links":{"self":[{"href":"https:\/\/theworldbilliards.com\/fr\/wp-json\/wp\/v2\/product\/110435","targetHints":{"allow":["GET"]}}],"collection":[{"href":"https:\/\/theworldbilliards.com\/fr\/wp-json\/wp\/v2\/product"}],"about":[{"href":"https:\/\/theworldbilliards.com\/fr\/wp-json\/wp\/v2\/types\/product"}],"wp:featuredmedia":[{"embeddable":true,"href":"https:\/\/theworldbilliards.com\/fr\/wp-json\/wp\/v2\/media\/110457"}],"wp:attachment":[{"href":"https:\/\/theworldbilliards.com\/fr\/wp-json\/wp\/v2\/media?parent=110435"}],"wp:term":[{"taxonomy":"product_brand","embeddable":true,"href":"https:\/\/theworldbilliards.com\/fr\/wp-json\/wp\/v2\/product_brand?post=110435"},{"taxonomy":"product_cat","embeddable":true,"href":"https:\/\/theworldbilliards.com\/fr\/wp-json\/wp\/v2\/product_cat?post=110435"},{"taxonomy":"product_tag","embeddable":true,"href":"https:\/\/theworldbilliards.com\/fr\/wp-json\/wp\/v2\/product_tag?post=110435"}],"curies":[{"name":"wp","href":"https:\/\/api.w.org\/{rel}","templated":true}]}}