{"id":110482,"date":"2026-01-28T13:38:24","date_gmt":"2026-01-28T12:38:24","guid":{"rendered":"https:\/\/theworldbilliards.com\/?post_type=product&#038;p=110482"},"modified":"2026-02-04T11:25:02","modified_gmt":"2026-02-04T10:25:02","slug":"porte-queues-american-heritage-bluegrass","status":"publish","type":"product","link":"https:\/\/theworldbilliards.com\/fr\/produit\/porte-queues-american-heritage-bluegrass\/","title":{"rendered":"Porte queues American Heritage Bluegrass"},"content":{"rendered":"<p>Le porte-queues mural Bluegrass est l&rsquo;accessoire id\u00e9al pour votre salle de jeux. Il permet d&rsquo;organiser tous vos accessoires de billard et offre un espace convivial pour partager un verre entre amis. Ce porte-queues peut contenir 8 queues monoblocs, un jeu complet de boules de billard, des triangles et des triangles pour le 9-ball, des brosses, des rangements suppl\u00e9mentaires pour les accessoires et des porte-gobelets int\u00e9gr\u00e9s avec sous-verres pour des moments de d\u00e9tente \u00e0 la maison.<\/p>\n<p>Disponible en finitions Charcoal, Natural Ash, et Black Ash<\/p>\n","protected":false},"excerpt":{"rendered":"<p>Le porte-queues mural Bluegrass est l&rsquo;accessoire id\u00e9al pour votre salle de jeux. Il permet d&rsquo;organiser tous vos accessoires de billard [&hellip;]<\/p>\n","protected":false},"featured_media":110504,"template":"","meta":{"site-sidebar-layout":"default","site-content-layout":"","ast-site-content-layout":"default","site-content-style":"default","site-sidebar-style":"default","ast-global-header-display":"","ast-banner-title-visibility":"","ast-main-header-display":"","ast-hfb-above-header-display":"","ast-hfb-below-header-display":"","ast-hfb-mobile-header-display":"","site-post-title":"","ast-breadcrumbs-content":"","ast-featured-img":"","footer-sml-layout":"","ast-disable-related-posts":"","theme-transparent-header-meta":"default","adv-header-id-meta":"","stick-header-meta":"","header-above-stick-meta":"","header-main-stick-meta":"","header-below-stick-meta":"","astra-migrate-meta-layouts":"default","ast-page-background-enabled":"default","ast-page-background-meta":{"desktop":{"background-color":"var(--ast-global-color-4)","background-image":"","background-repeat":"repeat","background-position":"center center","background-size":"auto","background-attachment":"scroll","background-type":"","background-media":"","overlay-type":"","overlay-color":"","overlay-opacity":"","overlay-gradient":""},"tablet":{"background-color":"","background-image":"","background-repeat":"repeat","background-position":"center center","background-size":"auto","background-attachment":"scroll","background-type":"","background-media":"","overlay-type":"","overlay-color":"","overlay-opacity":"","overlay-gradient":""},"mobile":{"background-color":"","background-image":"","background-repeat":"repeat","background-position":"center center","background-size":"auto","background-attachment":"scroll","background-type":"","background-media":"","overlay-type":"","overlay-color":"","overlay-opacity":"","overlay-gradient":""}},"ast-content-background-meta":{"desktop":{"background-color":"var(--ast-global-color-5)","background-image":"","background-repeat":"repeat","background-position":"center center","background-size":"auto","background-attachment":"scroll","background-type":"","background-media":"","overlay-type":"","overlay-color":"","overlay-opacity":"","overlay-gradient":""},"tablet":{"background-color":"var(--ast-global-color-5)","background-image":"","background-repeat":"repeat","background-position":"center center","background-size":"auto","background-attachment":"scroll","background-type":"","background-media":"","overlay-type":"","overlay-color":"","overlay-opacity":"","overlay-gradient":""},"mobile":{"background-color":"var(--ast-global-color-5)","background-image":"","background-repeat":"repeat","background-position":"center center","background-size":"auto","background-attachment":"scroll","background-type":"","background-media":"","overlay-type":"","overlay-color":"","overlay-opacity":"","overlay-gradient":""}}},"product_brand":[5210],"product_cat":[5328,1349],"product_tag":[],"class_list":{"0":"post-110482","1":"product","2":"type-product","3":"status-publish","4":"has-post-thumbnail","6":"product_brand-american-heritage-billiards-fr","7":"product_cat-accessoire-billard-american-heritage","8":"product_cat-porte-queues-pour-billard","9":"product_shipping_class-accessoires-longs-ou-20kg","10":"desktop-align-center","11":"tablet-align-left","12":"mobile-align-left","14":"first","15":"onbackorder","16":"taxable","17":"shipping-taxable","18":"purchasable","19":"product-type-variable"},"yoast_head":"<!-- This site is optimized with the Yoast SEO plugin v27.6 - https:\/\/yoast.com\/product\/yoast-seo-wordpress\/ -->\n<title>Acheter Porte queues American Heritage Bluegrass - The World Billiards<\/title>\n<meta name=\"description\" content=\"Le porte-queues mural Bluegrass est l&#039;accessoire id\u00e9al pour votre salle de jeux. Il permet d&#039;organiser tous vos accessoires de billard et offre un espace convivial pour partager un verre entre amis. Ce porte-queues peut contenir 8 queues monoblocs, un jeu complet de boules de billard, des triangles et des triangles pour le 9-ball, des brosses, des rangements suppl\u00e9mentaires pour les accessoires et des porte-gobelets int\u00e9gr\u00e9s avec sous-verres pour des moments de d\u00e9tente \u00e0 la maison.  Disponible en finitions Charcoal, Natural Ash, et Black Ash\" \/>\n<meta name=\"robots\" content=\"index, follow, max-snippet:-1, max-image-preview:large, max-video-preview:-1\" \/>\n<link rel=\"canonical\" href=\"https:\/\/theworldbilliards.com\/fr\/produit\/porte-queues-american-heritage-bluegrass\/\" \/>\n<meta property=\"og:locale\" content=\"fr_FR\" \/>\n<meta property=\"og:type\" content=\"article\" \/>\n<meta property=\"og:title\" content=\"Acheter Porte queues American Heritage Bluegrass - The World Billiards\" \/>\n<meta property=\"og:description\" content=\"Le porte-queues mural Bluegrass est l&#039;accessoire id\u00e9al pour votre salle de jeux. Il permet d&#039;organiser tous vos accessoires de billard et offre un espace convivial pour partager un verre entre amis. Ce porte-queues peut contenir 8 queues monoblocs, un jeu complet de boules de billard, des triangles et des triangles pour le 9-ball, des brosses, des rangements suppl\u00e9mentaires pour les accessoires et des porte-gobelets int\u00e9gr\u00e9s avec sous-verres pour des moments de d\u00e9tente \u00e0 la maison.  Disponible en finitions Charcoal, Natural Ash, et Black Ash\" \/>\n<meta property=\"og:url\" content=\"https:\/\/theworldbilliards.com\/fr\/produit\/porte-queues-american-heritage-bluegrass\/\" \/>\n<meta property=\"og:site_name\" content=\"The World Billiards\" \/>\n<meta property=\"article:publisher\" content=\"https:\/\/www.facebook.com\/baby.foot.superbes\" \/>\n<meta property=\"article:modified_time\" content=\"2026-02-04T10:25:02+00:00\" \/>\n<meta property=\"og:image\" content=\"https:\/\/theworldbilliards.com\/wp-content\/uploads\/2026\/01\/BLUEGRASSRACK8-NATURAL-ASH6.png\" \/>\n\t<meta property=\"og:image:width\" content=\"1001\" \/>\n\t<meta property=\"og:image:height\" content=\"1000\" \/>\n\t<meta property=\"og:image:type\" content=\"image\/png\" \/>\n<meta name=\"twitter:card\" content=\"summary_large_image\" \/>\n<script type=\"application\/ld+json\" class=\"yoast-schema-graph\">{\"@context\":\"https:\\\/\\\/schema.org\",\"@graph\":[{\"@type\":\"WebPage\",\"@id\":\"https:\\\/\\\/theworldbilliards.com\\\/fr\\\/produit\\\/porte-queues-american-heritage-bluegrass\\\/\",\"url\":\"https:\\\/\\\/theworldbilliards.com\\\/fr\\\/produit\\\/porte-queues-american-heritage-bluegrass\\\/\",\"name\":\"Acheter Porte queues American Heritage Bluegrass - The World Billiards\",\"isPartOf\":{\"@id\":\"https:\\\/\\\/theworldbilliards.com\\\/fr\\\/#website\"},\"primaryImageOfPage\":{\"@id\":\"https:\\\/\\\/theworldbilliards.com\\\/fr\\\/produit\\\/porte-queues-american-heritage-bluegrass\\\/#primaryimage\"},\"image\":{\"@id\":\"https:\\\/\\\/theworldbilliards.com\\\/fr\\\/produit\\\/porte-queues-american-heritage-bluegrass\\\/#primaryimage\"},\"thumbnailUrl\":\"https:\\\/\\\/theworldbilliards.com\\\/wp-content\\\/uploads\\\/2026\\\/01\\\/BLUEGRASSRACK8-NATURAL-ASH6.png\",\"datePublished\":\"2026-01-28T12:38:24+00:00\",\"dateModified\":\"2026-02-04T10:25:02+00:00\",\"description\":\"Le porte-queues mural Bluegrass est l'accessoire id\u00e9al pour votre salle de jeux. Il permet d'organiser tous vos accessoires de billard et offre un espace convivial pour partager un verre entre amis. Ce porte-queues peut contenir 8 queues monoblocs, un jeu complet de boules de billard, des triangles et des triangles pour le 9-ball, des brosses, des rangements suppl\u00e9mentaires pour les accessoires et des porte-gobelets int\u00e9gr\u00e9s avec sous-verres pour des moments de d\u00e9tente \u00e0 la maison. Disponible en finitions Charcoal, Natural Ash, et Black Ash\",\"breadcrumb\":{\"@id\":\"https:\\\/\\\/theworldbilliards.com\\\/fr\\\/produit\\\/porte-queues-american-heritage-bluegrass\\\/#breadcrumb\"},\"inLanguage\":\"fr-FR\",\"potentialAction\":[{\"@type\":\"ReadAction\",\"target\":[\"https:\\\/\\\/theworldbilliards.com\\\/fr\\\/produit\\\/porte-queues-american-heritage-bluegrass\\\/\"]}]},{\"@type\":\"ImageObject\",\"inLanguage\":\"fr-FR\",\"@id\":\"https:\\\/\\\/theworldbilliards.com\\\/fr\\\/produit\\\/porte-queues-american-heritage-bluegrass\\\/#primaryimage\",\"url\":\"https:\\\/\\\/theworldbilliards.com\\\/wp-content\\\/uploads\\\/2026\\\/01\\\/BLUEGRASSRACK8-NATURAL-ASH6.png\",\"contentUrl\":\"https:\\\/\\\/theworldbilliards.com\\\/wp-content\\\/uploads\\\/2026\\\/01\\\/BLUEGRASSRACK8-NATURAL-ASH6.png\",\"width\":1001,\"height\":1000},{\"@type\":\"BreadcrumbList\",\"@id\":\"https:\\\/\\\/theworldbilliards.com\\\/fr\\\/produit\\\/porte-queues-american-heritage-bluegrass\\\/#breadcrumb\",\"itemListElement\":[{\"@type\":\"ListItem\",\"position\":1,\"name\":\"In\u00edcio\",\"item\":\"https:\\\/\\\/theworldbilliards.com\\\/fr\\\/\"},{\"@type\":\"ListItem\",\"position\":2,\"name\":\"Boutique en ligne\",\"item\":\"https:\\\/\\\/theworldbilliards.com\\\/fr\\\/boutique-theworldbilliards\\\/\"},{\"@type\":\"ListItem\",\"position\":3,\"name\":\"Porte queues American Heritage Bluegrass\"}]},{\"@type\":\"WebSite\",\"@id\":\"https:\\\/\\\/theworldbilliards.com\\\/fr\\\/#website\",\"url\":\"https:\\\/\\\/theworldbilliards.com\\\/fr\\\/\",\"name\":\"TheWorldBilliards\",\"description\":\"Achetez ici billard, baby-foot, ping-pong et bowling\",\"publisher\":{\"@id\":\"https:\\\/\\\/theworldbilliards.com\\\/fr\\\/#organization\"},\"alternateName\":\"The world billiards\",\"potentialAction\":[{\"@type\":\"SearchAction\",\"target\":{\"@type\":\"EntryPoint\",\"urlTemplate\":\"https:\\\/\\\/theworldbilliards.com\\\/fr\\\/?s={search_term_string}\"},\"query-input\":{\"@type\":\"PropertyValueSpecification\",\"valueRequired\":true,\"valueName\":\"search_term_string\"}}],\"inLanguage\":\"fr-FR\"},{\"@type\":\"Organization\",\"@id\":\"https:\\\/\\\/theworldbilliards.com\\\/fr\\\/#organization\",\"name\":\"The World Billiards\",\"alternateName\":\"The World Billiards\",\"url\":\"https:\\\/\\\/theworldbilliards.com\\\/fr\\\/\",\"logo\":{\"@type\":\"ImageObject\",\"inLanguage\":\"fr-FR\",\"@id\":\"https:\\\/\\\/theworldbilliards.com\\\/fr\\\/#\\\/schema\\\/logo\\\/image\\\/\",\"url\":\"\",\"contentUrl\":\"\",\"caption\":\"The World Billiards\"},\"image\":{\"@id\":\"https:\\\/\\\/theworldbilliards.com\\\/fr\\\/#\\\/schema\\\/logo\\\/image\\\/\"},\"sameAs\":[\"https:\\\/\\\/www.facebook.com\\\/baby.foot.superbes\",\"https:\\\/\\\/www.youtube.com\\\/channel\\\/UCIMuOVAaUcH6UpZcsZlH0Tg\",\"https:\\\/\\\/www.facebook.com\\\/people\\\/Brunswick-Billiards-EspaaPortugal\\\/100066446264309\\\/\",\"https:\\\/\\\/www.instagram.com\\\/the_world_billiards\\\/\",\"https:\\\/\\\/www.pinterest.es\\\/Theworldbilliards\\\/\"]}]}<\/script>\n<!-- \/ Yoast SEO plugin. -->","yoast_head_json":{"title":"Acheter Porte queues American Heritage Bluegrass - The World Billiards","description":"Le porte-queues mural Bluegrass est l'accessoire id\u00e9al pour votre salle de jeux. Il permet d'organiser tous vos accessoires de billard et offre un espace convivial pour partager un verre entre amis. Ce porte-queues peut contenir 8 queues monoblocs, un jeu complet de boules de billard, des triangles et des triangles pour le 9-ball, des brosses, des rangements suppl\u00e9mentaires pour les accessoires et des porte-gobelets int\u00e9gr\u00e9s avec sous-verres pour des moments de d\u00e9tente \u00e0 la maison.  Disponible en finitions Charcoal, Natural Ash, et Black Ash","robots":{"index":"index","follow":"follow","max-snippet":"max-snippet:-1","max-image-preview":"max-image-preview:large","max-video-preview":"max-video-preview:-1"},"canonical":"https:\/\/theworldbilliards.com\/fr\/produit\/porte-queues-american-heritage-bluegrass\/","og_locale":"fr_FR","og_type":"article","og_title":"Acheter Porte queues American Heritage Bluegrass - The World Billiards","og_description":"Le porte-queues mural Bluegrass est l'accessoire id\u00e9al pour votre salle de jeux. Il permet d'organiser tous vos accessoires de billard et offre un espace convivial pour partager un verre entre amis. Ce porte-queues peut contenir 8 queues monoblocs, un jeu complet de boules de billard, des triangles et des triangles pour le 9-ball, des brosses, des rangements suppl\u00e9mentaires pour les accessoires et des porte-gobelets int\u00e9gr\u00e9s avec sous-verres pour des moments de d\u00e9tente \u00e0 la maison.  Disponible en finitions Charcoal, Natural Ash, et Black Ash","og_url":"https:\/\/theworldbilliards.com\/fr\/produit\/porte-queues-american-heritage-bluegrass\/","og_site_name":"The World Billiards","article_publisher":"https:\/\/www.facebook.com\/baby.foot.superbes","article_modified_time":"2026-02-04T10:25:02+00:00","og_image":[{"width":1001,"height":1000,"url":"https:\/\/theworldbilliards.com\/wp-content\/uploads\/2026\/01\/BLUEGRASSRACK8-NATURAL-ASH6.png","type":"image\/png"}],"twitter_card":"summary_large_image","schema":{"@context":"https:\/\/schema.org","@graph":[{"@type":"WebPage","@id":"https:\/\/theworldbilliards.com\/fr\/produit\/porte-queues-american-heritage-bluegrass\/","url":"https:\/\/theworldbilliards.com\/fr\/produit\/porte-queues-american-heritage-bluegrass\/","name":"Acheter Porte queues American Heritage Bluegrass - The World Billiards","isPartOf":{"@id":"https:\/\/theworldbilliards.com\/fr\/#website"},"primaryImageOfPage":{"@id":"https:\/\/theworldbilliards.com\/fr\/produit\/porte-queues-american-heritage-bluegrass\/#primaryimage"},"image":{"@id":"https:\/\/theworldbilliards.com\/fr\/produit\/porte-queues-american-heritage-bluegrass\/#primaryimage"},"thumbnailUrl":"https:\/\/theworldbilliards.com\/wp-content\/uploads\/2026\/01\/BLUEGRASSRACK8-NATURAL-ASH6.png","datePublished":"2026-01-28T12:38:24+00:00","dateModified":"2026-02-04T10:25:02+00:00","description":"Le porte-queues mural Bluegrass est l'accessoire id\u00e9al pour votre salle de jeux. Il permet d'organiser tous vos accessoires de billard et offre un espace convivial pour partager un verre entre amis. Ce porte-queues peut contenir 8 queues monoblocs, un jeu complet de boules de billard, des triangles et des triangles pour le 9-ball, des brosses, des rangements suppl\u00e9mentaires pour les accessoires et des porte-gobelets int\u00e9gr\u00e9s avec sous-verres pour des moments de d\u00e9tente \u00e0 la maison. Disponible en finitions Charcoal, Natural Ash, et Black Ash","breadcrumb":{"@id":"https:\/\/theworldbilliards.com\/fr\/produit\/porte-queues-american-heritage-bluegrass\/#breadcrumb"},"inLanguage":"fr-FR","potentialAction":[{"@type":"ReadAction","target":["https:\/\/theworldbilliards.com\/fr\/produit\/porte-queues-american-heritage-bluegrass\/"]}]},{"@type":"ImageObject","inLanguage":"fr-FR","@id":"https:\/\/theworldbilliards.com\/fr\/produit\/porte-queues-american-heritage-bluegrass\/#primaryimage","url":"https:\/\/theworldbilliards.com\/wp-content\/uploads\/2026\/01\/BLUEGRASSRACK8-NATURAL-ASH6.png","contentUrl":"https:\/\/theworldbilliards.com\/wp-content\/uploads\/2026\/01\/BLUEGRASSRACK8-NATURAL-ASH6.png","width":1001,"height":1000},{"@type":"BreadcrumbList","@id":"https:\/\/theworldbilliards.com\/fr\/produit\/porte-queues-american-heritage-bluegrass\/#breadcrumb","itemListElement":[{"@type":"ListItem","position":1,"name":"In\u00edcio","item":"https:\/\/theworldbilliards.com\/fr\/"},{"@type":"ListItem","position":2,"name":"Boutique en ligne","item":"https:\/\/theworldbilliards.com\/fr\/boutique-theworldbilliards\/"},{"@type":"ListItem","position":3,"name":"Porte queues American Heritage Bluegrass"}]},{"@type":"WebSite","@id":"https:\/\/theworldbilliards.com\/fr\/#website","url":"https:\/\/theworldbilliards.com\/fr\/","name":"TheWorldBilliards","description":"Achetez ici billard, baby-foot, ping-pong et bowling","publisher":{"@id":"https:\/\/theworldbilliards.com\/fr\/#organization"},"alternateName":"The world billiards","potentialAction":[{"@type":"SearchAction","target":{"@type":"EntryPoint","urlTemplate":"https:\/\/theworldbilliards.com\/fr\/?s={search_term_string}"},"query-input":{"@type":"PropertyValueSpecification","valueRequired":true,"valueName":"search_term_string"}}],"inLanguage":"fr-FR"},{"@type":"Organization","@id":"https:\/\/theworldbilliards.com\/fr\/#organization","name":"The World Billiards","alternateName":"The World Billiards","url":"https:\/\/theworldbilliards.com\/fr\/","logo":{"@type":"ImageObject","inLanguage":"fr-FR","@id":"https:\/\/theworldbilliards.com\/fr\/#\/schema\/logo\/image\/","url":"","contentUrl":"","caption":"The World Billiards"},"image":{"@id":"https:\/\/theworldbilliards.com\/fr\/#\/schema\/logo\/image\/"},"sameAs":["https:\/\/www.facebook.com\/baby.foot.superbes","https:\/\/www.youtube.com\/channel\/UCIMuOVAaUcH6UpZcsZlH0Tg","https:\/\/www.facebook.com\/people\/Brunswick-Billiards-EspaaPortugal\/100066446264309\/","https:\/\/www.instagram.com\/the_world_billiards\/","https:\/\/www.pinterest.es\/Theworldbilliards\/"]}]}},"_links":{"self":[{"href":"https:\/\/theworldbilliards.com\/fr\/wp-json\/wp\/v2\/product\/110482","targetHints":{"allow":["GET"]}}],"collection":[{"href":"https:\/\/theworldbilliards.com\/fr\/wp-json\/wp\/v2\/product"}],"about":[{"href":"https:\/\/theworldbilliards.com\/fr\/wp-json\/wp\/v2\/types\/product"}],"wp:featuredmedia":[{"embeddable":true,"href":"https:\/\/theworldbilliards.com\/fr\/wp-json\/wp\/v2\/media\/110504"}],"wp:attachment":[{"href":"https:\/\/theworldbilliards.com\/fr\/wp-json\/wp\/v2\/media?parent=110482"}],"wp:term":[{"taxonomy":"product_brand","embeddable":true,"href":"https:\/\/theworldbilliards.com\/fr\/wp-json\/wp\/v2\/product_brand?post=110482"},{"taxonomy":"product_cat","embeddable":true,"href":"https:\/\/theworldbilliards.com\/fr\/wp-json\/wp\/v2\/product_cat?post=110482"},{"taxonomy":"product_tag","embeddable":true,"href":"https:\/\/theworldbilliards.com\/fr\/wp-json\/wp\/v2\/product_tag?post=110482"}],"curies":[{"name":"wp","href":"https:\/\/api.w.org\/{rel}","templated":true}]}}