{"id":110643,"date":"2026-01-29T12:11:10","date_gmt":"2026-01-29T11:11:10","guid":{"rendered":"https:\/\/theworldbilliards.com\/producto\/bar-american-heritage-arabella\/"},"modified":"2026-01-29T12:13:27","modified_gmt":"2026-01-29T11:13:27","slug":"bar-american-heritage-arabella","status":"publish","type":"product","link":"https:\/\/theworldbilliards.com\/fr\/produit\/bar-american-heritage-arabella\/","title":{"rendered":"Bar American Heritage Arabella"},"content":{"rendered":"<p>Ce bar de 224 cm (88 po) est fini en style Navajo avec des ferrures en acier bross\u00e9. Il comprend un pied, un seau \u00e0 glace, des supports pour verres \u00e0 pied, deux casiers \u00e0 bouteilles de vin coulissants, de nombreuses \u00e9tag\u00e8res de rangement, des armoires verrouillables et des tiroirs de rangement \u00e0 glissi\u00e8res faciles.<\/p>\n","protected":false},"excerpt":{"rendered":"<p>Ce bar de 224 cm (88 po) est fini en style Navajo avec des ferrures en acier bross\u00e9. Il comprend [&hellip;]<\/p>\n","protected":false},"featured_media":110631,"template":"","meta":{"site-sidebar-layout":"default","site-content-layout":"","ast-site-content-layout":"default","site-content-style":"default","site-sidebar-style":"default","ast-global-header-display":"","ast-banner-title-visibility":"","ast-main-header-display":"","ast-hfb-above-header-display":"","ast-hfb-below-header-display":"","ast-hfb-mobile-header-display":"","site-post-title":"","ast-breadcrumbs-content":"","ast-featured-img":"","footer-sml-layout":"","ast-disable-related-posts":"","theme-transparent-header-meta":"default","adv-header-id-meta":"","stick-header-meta":"","header-above-stick-meta":"","header-main-stick-meta":"","header-below-stick-meta":"","astra-migrate-meta-layouts":"default","ast-page-background-enabled":"default","ast-page-background-meta":{"desktop":{"background-color":"var(--ast-global-color-4)","background-image":"","background-repeat":"repeat","background-position":"center center","background-size":"auto","background-attachment":"scroll","background-type":"","background-media":"","overlay-type":"","overlay-color":"","overlay-opacity":"","overlay-gradient":""},"tablet":{"background-color":"","background-image":"","background-repeat":"repeat","background-position":"center center","background-size":"auto","background-attachment":"scroll","background-type":"","background-media":"","overlay-type":"","overlay-color":"","overlay-opacity":"","overlay-gradient":""},"mobile":{"background-color":"","background-image":"","background-repeat":"repeat","background-position":"center center","background-size":"auto","background-attachment":"scroll","background-type":"","background-media":"","overlay-type":"","overlay-color":"","overlay-opacity":"","overlay-gradient":""}},"ast-content-background-meta":{"desktop":{"background-color":"var(--ast-global-color-5)","background-image":"","background-repeat":"repeat","background-position":"center center","background-size":"auto","background-attachment":"scroll","background-type":"","background-media":"","overlay-type":"","overlay-color":"","overlay-opacity":"","overlay-gradient":""},"tablet":{"background-color":"var(--ast-global-color-5)","background-image":"","background-repeat":"repeat","background-position":"center center","background-size":"auto","background-attachment":"scroll","background-type":"","background-media":"","overlay-type":"","overlay-color":"","overlay-opacity":"","overlay-gradient":""},"mobile":{"background-color":"var(--ast-global-color-5)","background-image":"","background-repeat":"repeat","background-position":"center center","background-size":"auto","background-attachment":"scroll","background-type":"","background-media":"","overlay-type":"","overlay-color":"","overlay-opacity":"","overlay-gradient":""}}},"product_brand":[5210],"product_cat":[4097],"product_tag":[],"class_list":{"0":"post-110643","1":"product","2":"type-product","3":"status-publish","4":"has-post-thumbnail","6":"product_brand-american-heritage-billiards-fr","7":"product_cat-meubles","8":"product_shipping_class-baby-foot","9":"desktop-align-center","10":"tablet-align-left","11":"mobile-align-left","13":"first","14":"onbackorder","15":"taxable","16":"shipping-taxable","17":"purchasable","18":"product-type-simple"},"yoast_head":"<!-- This site is optimized with the Yoast SEO plugin v27.5 - https:\/\/yoast.com\/product\/yoast-seo-wordpress\/ -->\n<title>Acheter Bar American Heritage Arabella - The World Billiards<\/title>\n<meta name=\"description\" content=\"Ce bar de 224 cm (88 po) est fini en style Navajo avec des ferrures en acier bross\u00e9. Il comprend un pied, un seau \u00e0 glace, des supports pour verres \u00e0 pied, deux casiers \u00e0 bouteilles de vin coulissants, de nombreuses \u00e9tag\u00e8res de rangement, des armoires verrouillables et des tiroirs de rangement \u00e0 glissi\u00e8res faciles.\" \/>\n<meta name=\"robots\" content=\"index, follow, max-snippet:-1, max-image-preview:large, max-video-preview:-1\" \/>\n<link rel=\"canonical\" href=\"https:\/\/theworldbilliards.com\/fr\/produit\/bar-american-heritage-arabella\/\" \/>\n<meta property=\"og:locale\" content=\"fr_FR\" \/>\n<meta property=\"og:type\" content=\"article\" \/>\n<meta property=\"og:title\" content=\"Acheter Bar American Heritage Arabella - The World Billiards\" \/>\n<meta property=\"og:description\" content=\"Ce bar de 224 cm (88 po) est fini en style Navajo avec des ferrures en acier bross\u00e9. Il comprend un pied, un seau \u00e0 glace, des supports pour verres \u00e0 pied, deux casiers \u00e0 bouteilles de vin coulissants, de nombreuses \u00e9tag\u00e8res de rangement, des armoires verrouillables et des tiroirs de rangement \u00e0 glissi\u00e8res faciles.\" \/>\n<meta property=\"og:url\" content=\"https:\/\/theworldbilliards.com\/fr\/produit\/bar-american-heritage-arabella\/\" \/>\n<meta property=\"og:site_name\" content=\"The World Billiards\" \/>\n<meta property=\"article:publisher\" content=\"https:\/\/www.facebook.com\/baby.foot.superbes\" \/>\n<meta property=\"article:modified_time\" content=\"2026-01-29T11:13:27+00:00\" \/>\n<meta property=\"og:image\" content=\"https:\/\/theworldbilliards.com\/wp-content\/uploads\/2026\/01\/arabella-home-bar.jpg\" \/>\n\t<meta property=\"og:image:width\" content=\"817\" \/>\n\t<meta property=\"og:image:height\" content=\"816\" \/>\n\t<meta property=\"og:image:type\" content=\"image\/jpeg\" \/>\n<meta name=\"twitter:card\" content=\"summary_large_image\" \/>\n<script type=\"application\/ld+json\" class=\"yoast-schema-graph\">{\"@context\":\"https:\\\/\\\/schema.org\",\"@graph\":[{\"@type\":\"WebPage\",\"@id\":\"https:\\\/\\\/theworldbilliards.com\\\/fr\\\/produit\\\/bar-american-heritage-arabella\\\/\",\"url\":\"https:\\\/\\\/theworldbilliards.com\\\/fr\\\/produit\\\/bar-american-heritage-arabella\\\/\",\"name\":\"Acheter Bar American Heritage Arabella - The World Billiards\",\"isPartOf\":{\"@id\":\"https:\\\/\\\/theworldbilliards.com\\\/fr\\\/#website\"},\"primaryImageOfPage\":{\"@id\":\"https:\\\/\\\/theworldbilliards.com\\\/fr\\\/produit\\\/bar-american-heritage-arabella\\\/#primaryimage\"},\"image\":{\"@id\":\"https:\\\/\\\/theworldbilliards.com\\\/fr\\\/produit\\\/bar-american-heritage-arabella\\\/#primaryimage\"},\"thumbnailUrl\":\"https:\\\/\\\/theworldbilliards.com\\\/wp-content\\\/uploads\\\/2026\\\/01\\\/arabella-home-bar.jpg\",\"datePublished\":\"2026-01-29T11:11:10+00:00\",\"dateModified\":\"2026-01-29T11:13:27+00:00\",\"description\":\"Ce bar de 224 cm (88 po) est fini en style Navajo avec des ferrures en acier bross\u00e9. Il comprend un pied, un seau \u00e0 glace, des supports pour verres \u00e0 pied, deux casiers \u00e0 bouteilles de vin coulissants, de nombreuses \u00e9tag\u00e8res de rangement, des armoires verrouillables et des tiroirs de rangement \u00e0 glissi\u00e8res faciles.\",\"breadcrumb\":{\"@id\":\"https:\\\/\\\/theworldbilliards.com\\\/fr\\\/produit\\\/bar-american-heritage-arabella\\\/#breadcrumb\"},\"inLanguage\":\"fr-FR\",\"potentialAction\":[{\"@type\":\"ReadAction\",\"target\":[\"https:\\\/\\\/theworldbilliards.com\\\/fr\\\/produit\\\/bar-american-heritage-arabella\\\/\"]}]},{\"@type\":\"ImageObject\",\"inLanguage\":\"fr-FR\",\"@id\":\"https:\\\/\\\/theworldbilliards.com\\\/fr\\\/produit\\\/bar-american-heritage-arabella\\\/#primaryimage\",\"url\":\"https:\\\/\\\/theworldbilliards.com\\\/wp-content\\\/uploads\\\/2026\\\/01\\\/arabella-home-bar.jpg\",\"contentUrl\":\"https:\\\/\\\/theworldbilliards.com\\\/wp-content\\\/uploads\\\/2026\\\/01\\\/arabella-home-bar.jpg\",\"width\":817,\"height\":816},{\"@type\":\"BreadcrumbList\",\"@id\":\"https:\\\/\\\/theworldbilliards.com\\\/fr\\\/produit\\\/bar-american-heritage-arabella\\\/#breadcrumb\",\"itemListElement\":[{\"@type\":\"ListItem\",\"position\":1,\"name\":\"In\u00edcio\",\"item\":\"https:\\\/\\\/theworldbilliards.com\\\/fr\\\/\"},{\"@type\":\"ListItem\",\"position\":2,\"name\":\"Boutique en ligne\",\"item\":\"https:\\\/\\\/theworldbilliards.com\\\/fr\\\/boutique-theworldbilliards\\\/\"},{\"@type\":\"ListItem\",\"position\":3,\"name\":\"Bar American Heritage Arabella\"}]},{\"@type\":\"WebSite\",\"@id\":\"https:\\\/\\\/theworldbilliards.com\\\/fr\\\/#website\",\"url\":\"https:\\\/\\\/theworldbilliards.com\\\/fr\\\/\",\"name\":\"TheWorldBilliards\",\"description\":\"Achetez ici billard, baby-foot, ping-pong et bowling\",\"publisher\":{\"@id\":\"https:\\\/\\\/theworldbilliards.com\\\/fr\\\/#organization\"},\"alternateName\":\"The world billiards\",\"potentialAction\":[{\"@type\":\"SearchAction\",\"target\":{\"@type\":\"EntryPoint\",\"urlTemplate\":\"https:\\\/\\\/theworldbilliards.com\\\/fr\\\/?s={search_term_string}\"},\"query-input\":{\"@type\":\"PropertyValueSpecification\",\"valueRequired\":true,\"valueName\":\"search_term_string\"}}],\"inLanguage\":\"fr-FR\"},{\"@type\":\"Organization\",\"@id\":\"https:\\\/\\\/theworldbilliards.com\\\/fr\\\/#organization\",\"name\":\"The World Billiards\",\"alternateName\":\"The World Billiards\",\"url\":\"https:\\\/\\\/theworldbilliards.com\\\/fr\\\/\",\"logo\":{\"@type\":\"ImageObject\",\"inLanguage\":\"fr-FR\",\"@id\":\"https:\\\/\\\/theworldbilliards.com\\\/fr\\\/#\\\/schema\\\/logo\\\/image\\\/\",\"url\":\"\",\"contentUrl\":\"\",\"caption\":\"The World Billiards\"},\"image\":{\"@id\":\"https:\\\/\\\/theworldbilliards.com\\\/fr\\\/#\\\/schema\\\/logo\\\/image\\\/\"},\"sameAs\":[\"https:\\\/\\\/www.facebook.com\\\/baby.foot.superbes\",\"https:\\\/\\\/www.youtube.com\\\/channel\\\/UCIMuOVAaUcH6UpZcsZlH0Tg\",\"https:\\\/\\\/www.facebook.com\\\/people\\\/Brunswick-Billiards-EspaaPortugal\\\/100066446264309\\\/\",\"https:\\\/\\\/www.instagram.com\\\/the_world_billiards\\\/\",\"https:\\\/\\\/www.pinterest.es\\\/Theworldbilliards\\\/\"]}]}<\/script>\n<!-- \/ Yoast SEO plugin. -->","yoast_head_json":{"title":"Acheter Bar American Heritage Arabella - The World Billiards","description":"Ce bar de 224 cm (88 po) est fini en style Navajo avec des ferrures en acier bross\u00e9. Il comprend un pied, un seau \u00e0 glace, des supports pour verres \u00e0 pied, deux casiers \u00e0 bouteilles de vin coulissants, de nombreuses \u00e9tag\u00e8res de rangement, des armoires verrouillables et des tiroirs de rangement \u00e0 glissi\u00e8res faciles.","robots":{"index":"index","follow":"follow","max-snippet":"max-snippet:-1","max-image-preview":"max-image-preview:large","max-video-preview":"max-video-preview:-1"},"canonical":"https:\/\/theworldbilliards.com\/fr\/produit\/bar-american-heritage-arabella\/","og_locale":"fr_FR","og_type":"article","og_title":"Acheter Bar American Heritage Arabella - The World Billiards","og_description":"Ce bar de 224 cm (88 po) est fini en style Navajo avec des ferrures en acier bross\u00e9. Il comprend un pied, un seau \u00e0 glace, des supports pour verres \u00e0 pied, deux casiers \u00e0 bouteilles de vin coulissants, de nombreuses \u00e9tag\u00e8res de rangement, des armoires verrouillables et des tiroirs de rangement \u00e0 glissi\u00e8res faciles.","og_url":"https:\/\/theworldbilliards.com\/fr\/produit\/bar-american-heritage-arabella\/","og_site_name":"The World Billiards","article_publisher":"https:\/\/www.facebook.com\/baby.foot.superbes","article_modified_time":"2026-01-29T11:13:27+00:00","og_image":[{"width":817,"height":816,"url":"https:\/\/theworldbilliards.com\/wp-content\/uploads\/2026\/01\/arabella-home-bar.jpg","type":"image\/jpeg"}],"twitter_card":"summary_large_image","schema":{"@context":"https:\/\/schema.org","@graph":[{"@type":"WebPage","@id":"https:\/\/theworldbilliards.com\/fr\/produit\/bar-american-heritage-arabella\/","url":"https:\/\/theworldbilliards.com\/fr\/produit\/bar-american-heritage-arabella\/","name":"Acheter Bar American Heritage Arabella - The World Billiards","isPartOf":{"@id":"https:\/\/theworldbilliards.com\/fr\/#website"},"primaryImageOfPage":{"@id":"https:\/\/theworldbilliards.com\/fr\/produit\/bar-american-heritage-arabella\/#primaryimage"},"image":{"@id":"https:\/\/theworldbilliards.com\/fr\/produit\/bar-american-heritage-arabella\/#primaryimage"},"thumbnailUrl":"https:\/\/theworldbilliards.com\/wp-content\/uploads\/2026\/01\/arabella-home-bar.jpg","datePublished":"2026-01-29T11:11:10+00:00","dateModified":"2026-01-29T11:13:27+00:00","description":"Ce bar de 224 cm (88 po) est fini en style Navajo avec des ferrures en acier bross\u00e9. Il comprend un pied, un seau \u00e0 glace, des supports pour verres \u00e0 pied, deux casiers \u00e0 bouteilles de vin coulissants, de nombreuses \u00e9tag\u00e8res de rangement, des armoires verrouillables et des tiroirs de rangement \u00e0 glissi\u00e8res faciles.","breadcrumb":{"@id":"https:\/\/theworldbilliards.com\/fr\/produit\/bar-american-heritage-arabella\/#breadcrumb"},"inLanguage":"fr-FR","potentialAction":[{"@type":"ReadAction","target":["https:\/\/theworldbilliards.com\/fr\/produit\/bar-american-heritage-arabella\/"]}]},{"@type":"ImageObject","inLanguage":"fr-FR","@id":"https:\/\/theworldbilliards.com\/fr\/produit\/bar-american-heritage-arabella\/#primaryimage","url":"https:\/\/theworldbilliards.com\/wp-content\/uploads\/2026\/01\/arabella-home-bar.jpg","contentUrl":"https:\/\/theworldbilliards.com\/wp-content\/uploads\/2026\/01\/arabella-home-bar.jpg","width":817,"height":816},{"@type":"BreadcrumbList","@id":"https:\/\/theworldbilliards.com\/fr\/produit\/bar-american-heritage-arabella\/#breadcrumb","itemListElement":[{"@type":"ListItem","position":1,"name":"In\u00edcio","item":"https:\/\/theworldbilliards.com\/fr\/"},{"@type":"ListItem","position":2,"name":"Boutique en ligne","item":"https:\/\/theworldbilliards.com\/fr\/boutique-theworldbilliards\/"},{"@type":"ListItem","position":3,"name":"Bar American Heritage Arabella"}]},{"@type":"WebSite","@id":"https:\/\/theworldbilliards.com\/fr\/#website","url":"https:\/\/theworldbilliards.com\/fr\/","name":"TheWorldBilliards","description":"Achetez ici billard, baby-foot, ping-pong et bowling","publisher":{"@id":"https:\/\/theworldbilliards.com\/fr\/#organization"},"alternateName":"The world billiards","potentialAction":[{"@type":"SearchAction","target":{"@type":"EntryPoint","urlTemplate":"https:\/\/theworldbilliards.com\/fr\/?s={search_term_string}"},"query-input":{"@type":"PropertyValueSpecification","valueRequired":true,"valueName":"search_term_string"}}],"inLanguage":"fr-FR"},{"@type":"Organization","@id":"https:\/\/theworldbilliards.com\/fr\/#organization","name":"The World Billiards","alternateName":"The World Billiards","url":"https:\/\/theworldbilliards.com\/fr\/","logo":{"@type":"ImageObject","inLanguage":"fr-FR","@id":"https:\/\/theworldbilliards.com\/fr\/#\/schema\/logo\/image\/","url":"","contentUrl":"","caption":"The World Billiards"},"image":{"@id":"https:\/\/theworldbilliards.com\/fr\/#\/schema\/logo\/image\/"},"sameAs":["https:\/\/www.facebook.com\/baby.foot.superbes","https:\/\/www.youtube.com\/channel\/UCIMuOVAaUcH6UpZcsZlH0Tg","https:\/\/www.facebook.com\/people\/Brunswick-Billiards-EspaaPortugal\/100066446264309\/","https:\/\/www.instagram.com\/the_world_billiards\/","https:\/\/www.pinterest.es\/Theworldbilliards\/"]}]}},"_links":{"self":[{"href":"https:\/\/theworldbilliards.com\/fr\/wp-json\/wp\/v2\/product\/110643","targetHints":{"allow":["GET"]}}],"collection":[{"href":"https:\/\/theworldbilliards.com\/fr\/wp-json\/wp\/v2\/product"}],"about":[{"href":"https:\/\/theworldbilliards.com\/fr\/wp-json\/wp\/v2\/types\/product"}],"wp:featuredmedia":[{"embeddable":true,"href":"https:\/\/theworldbilliards.com\/fr\/wp-json\/wp\/v2\/media\/110631"}],"wp:attachment":[{"href":"https:\/\/theworldbilliards.com\/fr\/wp-json\/wp\/v2\/media?parent=110643"}],"wp:term":[{"taxonomy":"product_brand","embeddable":true,"href":"https:\/\/theworldbilliards.com\/fr\/wp-json\/wp\/v2\/product_brand?post=110643"},{"taxonomy":"product_cat","embeddable":true,"href":"https:\/\/theworldbilliards.com\/fr\/wp-json\/wp\/v2\/product_cat?post=110643"},{"taxonomy":"product_tag","embeddable":true,"href":"https:\/\/theworldbilliards.com\/fr\/wp-json\/wp\/v2\/product_tag?post=110643"}],"curies":[{"name":"wp","href":"https:\/\/api.w.org\/{rel}","templated":true}]}}