{"id":110813,"date":"2026-01-30T11:32:09","date_gmt":"2026-01-30T10:32:09","guid":{"rendered":"https:\/\/theworldbilliards.com\/?post_type=product&#038;p=110813"},"modified":"2026-01-30T11:38:15","modified_gmt":"2026-01-30T10:38:15","slug":"bar-american-heritage-port-royal","status":"publish","type":"product","link":"https:\/\/theworldbilliards.com\/fr\/produit\/bar-american-heritage-port-royal\/","title":{"rendered":"Bar American Heritage Port Royal"},"content":{"rendered":"<p>Le bar Port Royal vous transporte instantan\u00e9ment dans une ambiance de vacances \u00e0 la plage, o\u00f9 que vous soyez. Avec ses lignes \u00e9pur\u00e9es et ses formes simples, sa finition en ch\u00eane blanchi lui conf\u00e8re un design contemporain \u00e0 la fois d\u00e9contract\u00e9 et \u00e9l\u00e9gant, id\u00e9al pour une d\u00e9coration raffin\u00e9e et polyvalente. Ce meuble moderne et multifonctionnel est \u00e9quip\u00e9 d&rsquo;un seau \u00e0 glace amovible, de porte-verres, d&rsquo;un repose-pieds d\u00e9coratif et de nombreux rangements. Pour plus de s\u00e9curit\u00e9, il dispose \u00e9galement de placards verrouillables et de tiroirs coulissants pratiques.<\/p>\n","protected":false},"excerpt":{"rendered":"<p>Le bar Port Royal vous transporte instantan\u00e9ment dans une ambiance de vacances \u00e0 la plage, o\u00f9 que vous soyez. Avec [&hellip;]<\/p>\n","protected":false},"featured_media":110846,"template":"","meta":{"site-sidebar-layout":"default","site-content-layout":"","ast-site-content-layout":"default","site-content-style":"default","site-sidebar-style":"default","ast-global-header-display":"","ast-banner-title-visibility":"","ast-main-header-display":"","ast-hfb-above-header-display":"","ast-hfb-below-header-display":"","ast-hfb-mobile-header-display":"","site-post-title":"","ast-breadcrumbs-content":"","ast-featured-img":"","footer-sml-layout":"","ast-disable-related-posts":"","theme-transparent-header-meta":"default","adv-header-id-meta":"","stick-header-meta":"","header-above-stick-meta":"","header-main-stick-meta":"","header-below-stick-meta":"","astra-migrate-meta-layouts":"default","ast-page-background-enabled":"default","ast-page-background-meta":{"desktop":{"background-color":"var(--ast-global-color-4)","background-image":"","background-repeat":"repeat","background-position":"center center","background-size":"auto","background-attachment":"scroll","background-type":"","background-media":"","overlay-type":"","overlay-color":"","overlay-opacity":"","overlay-gradient":""},"tablet":{"background-color":"","background-image":"","background-repeat":"repeat","background-position":"center center","background-size":"auto","background-attachment":"scroll","background-type":"","background-media":"","overlay-type":"","overlay-color":"","overlay-opacity":"","overlay-gradient":""},"mobile":{"background-color":"","background-image":"","background-repeat":"repeat","background-position":"center center","background-size":"auto","background-attachment":"scroll","background-type":"","background-media":"","overlay-type":"","overlay-color":"","overlay-opacity":"","overlay-gradient":""}},"ast-content-background-meta":{"desktop":{"background-color":"var(--ast-global-color-5)","background-image":"","background-repeat":"repeat","background-position":"center center","background-size":"auto","background-attachment":"scroll","background-type":"","background-media":"","overlay-type":"","overlay-color":"","overlay-opacity":"","overlay-gradient":""},"tablet":{"background-color":"var(--ast-global-color-5)","background-image":"","background-repeat":"repeat","background-position":"center center","background-size":"auto","background-attachment":"scroll","background-type":"","background-media":"","overlay-type":"","overlay-color":"","overlay-opacity":"","overlay-gradient":""},"mobile":{"background-color":"var(--ast-global-color-5)","background-image":"","background-repeat":"repeat","background-position":"center center","background-size":"auto","background-attachment":"scroll","background-type":"","background-media":"","overlay-type":"","overlay-color":"","overlay-opacity":"","overlay-gradient":""}}},"product_brand":[5210],"product_cat":[4097],"product_tag":[],"class_list":{"0":"post-110813","1":"product","2":"type-product","3":"status-publish","4":"has-post-thumbnail","6":"product_brand-american-heritage-billiards-fr","7":"product_cat-meubles","8":"product_shipping_class-baby-foot","9":"desktop-align-center","10":"tablet-align-left","11":"mobile-align-left","13":"first","14":"onbackorder","15":"taxable","16":"shipping-taxable","17":"purchasable","18":"product-type-simple"},"yoast_head":"<!-- This site is optimized with the Yoast SEO plugin v27.4 - https:\/\/yoast.com\/product\/yoast-seo-wordpress\/ -->\n<title>Acheter Bar American Heritage Port Royal - The World Billiards<\/title>\n<meta name=\"description\" content=\"Le bar Port Royal vous transporte instantan\u00e9ment dans une ambiance de vacances \u00e0 la plage, o\u00f9 que vous soyez. Avec ses lignes \u00e9pur\u00e9es et ses formes simples, sa finition en ch\u00eane blanchi lui conf\u00e8re un design contemporain \u00e0 la fois d\u00e9contract\u00e9 et \u00e9l\u00e9gant, id\u00e9al pour une d\u00e9coration raffin\u00e9e et polyvalente. Ce meuble moderne et multifonctionnel est \u00e9quip\u00e9 d&#039;un seau \u00e0 glace amovible, de porte-verres, d&#039;un repose-pieds d\u00e9coratif et de nombreux rangements. Pour plus de s\u00e9curit\u00e9, il dispose \u00e9galement de placards verrouillables et de tiroirs coulissants pratiques.\" \/>\n<meta name=\"robots\" content=\"index, follow, max-snippet:-1, max-image-preview:large, max-video-preview:-1\" \/>\n<link rel=\"canonical\" href=\"https:\/\/theworldbilliards.com\/fr\/produit\/bar-american-heritage-port-royal\/\" \/>\n<meta property=\"og:locale\" content=\"fr_FR\" \/>\n<meta property=\"og:type\" content=\"article\" \/>\n<meta property=\"og:title\" content=\"Acheter Bar American Heritage Port Royal - The World Billiards\" \/>\n<meta property=\"og:description\" content=\"Le bar Port Royal vous transporte instantan\u00e9ment dans une ambiance de vacances \u00e0 la plage, o\u00f9 que vous soyez. Avec ses lignes \u00e9pur\u00e9es et ses formes simples, sa finition en ch\u00eane blanchi lui conf\u00e8re un design contemporain \u00e0 la fois d\u00e9contract\u00e9 et \u00e9l\u00e9gant, id\u00e9al pour une d\u00e9coration raffin\u00e9e et polyvalente. Ce meuble moderne et multifonctionnel est \u00e9quip\u00e9 d&#039;un seau \u00e0 glace amovible, de porte-verres, d&#039;un repose-pieds d\u00e9coratif et de nombreux rangements. Pour plus de s\u00e9curit\u00e9, il dispose \u00e9galement de placards verrouillables et de tiroirs coulissants pratiques.\" \/>\n<meta property=\"og:url\" content=\"https:\/\/theworldbilliards.com\/fr\/produit\/bar-american-heritage-port-royal\/\" \/>\n<meta property=\"og:site_name\" content=\"The World Billiards\" \/>\n<meta property=\"article:publisher\" content=\"https:\/\/www.facebook.com\/baby.foot.superbes\" \/>\n<meta property=\"article:modified_time\" content=\"2026-01-30T10:38:15+00:00\" \/>\n<meta property=\"og:image\" content=\"https:\/\/theworldbilliards.com\/wp-content\/uploads\/2026\/01\/Port-royal-HomeBar.png\" \/>\n\t<meta property=\"og:image:width\" content=\"1378\" \/>\n\t<meta property=\"og:image:height\" content=\"1376\" \/>\n\t<meta property=\"og:image:type\" content=\"image\/png\" \/>\n<meta name=\"twitter:card\" content=\"summary_large_image\" \/>\n<script type=\"application\/ld+json\" class=\"yoast-schema-graph\">{\"@context\":\"https:\\\/\\\/schema.org\",\"@graph\":[{\"@type\":\"WebPage\",\"@id\":\"https:\\\/\\\/theworldbilliards.com\\\/fr\\\/produit\\\/bar-american-heritage-port-royal\\\/\",\"url\":\"https:\\\/\\\/theworldbilliards.com\\\/fr\\\/produit\\\/bar-american-heritage-port-royal\\\/\",\"name\":\"Acheter Bar American Heritage Port Royal - The World Billiards\",\"isPartOf\":{\"@id\":\"https:\\\/\\\/theworldbilliards.com\\\/fr\\\/#website\"},\"primaryImageOfPage\":{\"@id\":\"https:\\\/\\\/theworldbilliards.com\\\/fr\\\/produit\\\/bar-american-heritage-port-royal\\\/#primaryimage\"},\"image\":{\"@id\":\"https:\\\/\\\/theworldbilliards.com\\\/fr\\\/produit\\\/bar-american-heritage-port-royal\\\/#primaryimage\"},\"thumbnailUrl\":\"https:\\\/\\\/theworldbilliards.com\\\/wp-content\\\/uploads\\\/2026\\\/01\\\/Port-royal-HomeBar.png\",\"datePublished\":\"2026-01-30T10:32:09+00:00\",\"dateModified\":\"2026-01-30T10:38:15+00:00\",\"description\":\"Le bar Port Royal vous transporte instantan\u00e9ment dans une ambiance de vacances \u00e0 la plage, o\u00f9 que vous soyez. Avec ses lignes \u00e9pur\u00e9es et ses formes simples, sa finition en ch\u00eane blanchi lui conf\u00e8re un design contemporain \u00e0 la fois d\u00e9contract\u00e9 et \u00e9l\u00e9gant, id\u00e9al pour une d\u00e9coration raffin\u00e9e et polyvalente. Ce meuble moderne et multifonctionnel est \u00e9quip\u00e9 d'un seau \u00e0 glace amovible, de porte-verres, d'un repose-pieds d\u00e9coratif et de nombreux rangements. Pour plus de s\u00e9curit\u00e9, il dispose \u00e9galement de placards verrouillables et de tiroirs coulissants pratiques.\",\"breadcrumb\":{\"@id\":\"https:\\\/\\\/theworldbilliards.com\\\/fr\\\/produit\\\/bar-american-heritage-port-royal\\\/#breadcrumb\"},\"inLanguage\":\"fr-FR\",\"potentialAction\":[{\"@type\":\"ReadAction\",\"target\":[\"https:\\\/\\\/theworldbilliards.com\\\/fr\\\/produit\\\/bar-american-heritage-port-royal\\\/\"]}]},{\"@type\":\"ImageObject\",\"inLanguage\":\"fr-FR\",\"@id\":\"https:\\\/\\\/theworldbilliards.com\\\/fr\\\/produit\\\/bar-american-heritage-port-royal\\\/#primaryimage\",\"url\":\"https:\\\/\\\/theworldbilliards.com\\\/wp-content\\\/uploads\\\/2026\\\/01\\\/Port-royal-HomeBar.png\",\"contentUrl\":\"https:\\\/\\\/theworldbilliards.com\\\/wp-content\\\/uploads\\\/2026\\\/01\\\/Port-royal-HomeBar.png\",\"width\":1378,\"height\":1376},{\"@type\":\"BreadcrumbList\",\"@id\":\"https:\\\/\\\/theworldbilliards.com\\\/fr\\\/produit\\\/bar-american-heritage-port-royal\\\/#breadcrumb\",\"itemListElement\":[{\"@type\":\"ListItem\",\"position\":1,\"name\":\"In\u00edcio\",\"item\":\"https:\\\/\\\/theworldbilliards.com\\\/fr\\\/\"},{\"@type\":\"ListItem\",\"position\":2,\"name\":\"Boutique en ligne\",\"item\":\"https:\\\/\\\/theworldbilliards.com\\\/fr\\\/boutique-theworldbilliards\\\/\"},{\"@type\":\"ListItem\",\"position\":3,\"name\":\"Bar American Heritage Port Royal\"}]},{\"@type\":\"WebSite\",\"@id\":\"https:\\\/\\\/theworldbilliards.com\\\/fr\\\/#website\",\"url\":\"https:\\\/\\\/theworldbilliards.com\\\/fr\\\/\",\"name\":\"TheWorldBilliards\",\"description\":\"Achetez ici billard, baby-foot, ping-pong et bowling\",\"publisher\":{\"@id\":\"https:\\\/\\\/theworldbilliards.com\\\/fr\\\/#organization\"},\"alternateName\":\"The world billiards\",\"potentialAction\":[{\"@type\":\"SearchAction\",\"target\":{\"@type\":\"EntryPoint\",\"urlTemplate\":\"https:\\\/\\\/theworldbilliards.com\\\/fr\\\/?s={search_term_string}\"},\"query-input\":{\"@type\":\"PropertyValueSpecification\",\"valueRequired\":true,\"valueName\":\"search_term_string\"}}],\"inLanguage\":\"fr-FR\"},{\"@type\":\"Organization\",\"@id\":\"https:\\\/\\\/theworldbilliards.com\\\/fr\\\/#organization\",\"name\":\"The World Billiards\",\"alternateName\":\"The World Billiards\",\"url\":\"https:\\\/\\\/theworldbilliards.com\\\/fr\\\/\",\"logo\":{\"@type\":\"ImageObject\",\"inLanguage\":\"fr-FR\",\"@id\":\"https:\\\/\\\/theworldbilliards.com\\\/fr\\\/#\\\/schema\\\/logo\\\/image\\\/\",\"url\":\"\",\"contentUrl\":\"\",\"caption\":\"The World Billiards\"},\"image\":{\"@id\":\"https:\\\/\\\/theworldbilliards.com\\\/fr\\\/#\\\/schema\\\/logo\\\/image\\\/\"},\"sameAs\":[\"https:\\\/\\\/www.facebook.com\\\/baby.foot.superbes\",\"https:\\\/\\\/www.youtube.com\\\/channel\\\/UCIMuOVAaUcH6UpZcsZlH0Tg\",\"https:\\\/\\\/www.facebook.com\\\/people\\\/Brunswick-Billiards-EspaaPortugal\\\/100066446264309\\\/\",\"https:\\\/\\\/www.instagram.com\\\/the_world_billiards\\\/\",\"https:\\\/\\\/www.pinterest.es\\\/Theworldbilliards\\\/\"]}]}<\/script>\n<!-- \/ Yoast SEO plugin. -->","yoast_head_json":{"title":"Acheter Bar American Heritage Port Royal - The World Billiards","description":"Le bar Port Royal vous transporte instantan\u00e9ment dans une ambiance de vacances \u00e0 la plage, o\u00f9 que vous soyez. Avec ses lignes \u00e9pur\u00e9es et ses formes simples, sa finition en ch\u00eane blanchi lui conf\u00e8re un design contemporain \u00e0 la fois d\u00e9contract\u00e9 et \u00e9l\u00e9gant, id\u00e9al pour une d\u00e9coration raffin\u00e9e et polyvalente. Ce meuble moderne et multifonctionnel est \u00e9quip\u00e9 d'un seau \u00e0 glace amovible, de porte-verres, d'un repose-pieds d\u00e9coratif et de nombreux rangements. Pour plus de s\u00e9curit\u00e9, il dispose \u00e9galement de placards verrouillables et de tiroirs coulissants pratiques.","robots":{"index":"index","follow":"follow","max-snippet":"max-snippet:-1","max-image-preview":"max-image-preview:large","max-video-preview":"max-video-preview:-1"},"canonical":"https:\/\/theworldbilliards.com\/fr\/produit\/bar-american-heritage-port-royal\/","og_locale":"fr_FR","og_type":"article","og_title":"Acheter Bar American Heritage Port Royal - The World Billiards","og_description":"Le bar Port Royal vous transporte instantan\u00e9ment dans une ambiance de vacances \u00e0 la plage, o\u00f9 que vous soyez. Avec ses lignes \u00e9pur\u00e9es et ses formes simples, sa finition en ch\u00eane blanchi lui conf\u00e8re un design contemporain \u00e0 la fois d\u00e9contract\u00e9 et \u00e9l\u00e9gant, id\u00e9al pour une d\u00e9coration raffin\u00e9e et polyvalente. Ce meuble moderne et multifonctionnel est \u00e9quip\u00e9 d'un seau \u00e0 glace amovible, de porte-verres, d'un repose-pieds d\u00e9coratif et de nombreux rangements. Pour plus de s\u00e9curit\u00e9, il dispose \u00e9galement de placards verrouillables et de tiroirs coulissants pratiques.","og_url":"https:\/\/theworldbilliards.com\/fr\/produit\/bar-american-heritage-port-royal\/","og_site_name":"The World Billiards","article_publisher":"https:\/\/www.facebook.com\/baby.foot.superbes","article_modified_time":"2026-01-30T10:38:15+00:00","og_image":[{"width":1378,"height":1376,"url":"https:\/\/theworldbilliards.com\/wp-content\/uploads\/2026\/01\/Port-royal-HomeBar.png","type":"image\/png"}],"twitter_card":"summary_large_image","schema":{"@context":"https:\/\/schema.org","@graph":[{"@type":"WebPage","@id":"https:\/\/theworldbilliards.com\/fr\/produit\/bar-american-heritage-port-royal\/","url":"https:\/\/theworldbilliards.com\/fr\/produit\/bar-american-heritage-port-royal\/","name":"Acheter Bar American Heritage Port Royal - The World Billiards","isPartOf":{"@id":"https:\/\/theworldbilliards.com\/fr\/#website"},"primaryImageOfPage":{"@id":"https:\/\/theworldbilliards.com\/fr\/produit\/bar-american-heritage-port-royal\/#primaryimage"},"image":{"@id":"https:\/\/theworldbilliards.com\/fr\/produit\/bar-american-heritage-port-royal\/#primaryimage"},"thumbnailUrl":"https:\/\/theworldbilliards.com\/wp-content\/uploads\/2026\/01\/Port-royal-HomeBar.png","datePublished":"2026-01-30T10:32:09+00:00","dateModified":"2026-01-30T10:38:15+00:00","description":"Le bar Port Royal vous transporte instantan\u00e9ment dans une ambiance de vacances \u00e0 la plage, o\u00f9 que vous soyez. Avec ses lignes \u00e9pur\u00e9es et ses formes simples, sa finition en ch\u00eane blanchi lui conf\u00e8re un design contemporain \u00e0 la fois d\u00e9contract\u00e9 et \u00e9l\u00e9gant, id\u00e9al pour une d\u00e9coration raffin\u00e9e et polyvalente. Ce meuble moderne et multifonctionnel est \u00e9quip\u00e9 d'un seau \u00e0 glace amovible, de porte-verres, d'un repose-pieds d\u00e9coratif et de nombreux rangements. Pour plus de s\u00e9curit\u00e9, il dispose \u00e9galement de placards verrouillables et de tiroirs coulissants pratiques.","breadcrumb":{"@id":"https:\/\/theworldbilliards.com\/fr\/produit\/bar-american-heritage-port-royal\/#breadcrumb"},"inLanguage":"fr-FR","potentialAction":[{"@type":"ReadAction","target":["https:\/\/theworldbilliards.com\/fr\/produit\/bar-american-heritage-port-royal\/"]}]},{"@type":"ImageObject","inLanguage":"fr-FR","@id":"https:\/\/theworldbilliards.com\/fr\/produit\/bar-american-heritage-port-royal\/#primaryimage","url":"https:\/\/theworldbilliards.com\/wp-content\/uploads\/2026\/01\/Port-royal-HomeBar.png","contentUrl":"https:\/\/theworldbilliards.com\/wp-content\/uploads\/2026\/01\/Port-royal-HomeBar.png","width":1378,"height":1376},{"@type":"BreadcrumbList","@id":"https:\/\/theworldbilliards.com\/fr\/produit\/bar-american-heritage-port-royal\/#breadcrumb","itemListElement":[{"@type":"ListItem","position":1,"name":"In\u00edcio","item":"https:\/\/theworldbilliards.com\/fr\/"},{"@type":"ListItem","position":2,"name":"Boutique en ligne","item":"https:\/\/theworldbilliards.com\/fr\/boutique-theworldbilliards\/"},{"@type":"ListItem","position":3,"name":"Bar American Heritage Port Royal"}]},{"@type":"WebSite","@id":"https:\/\/theworldbilliards.com\/fr\/#website","url":"https:\/\/theworldbilliards.com\/fr\/","name":"TheWorldBilliards","description":"Achetez ici billard, baby-foot, ping-pong et bowling","publisher":{"@id":"https:\/\/theworldbilliards.com\/fr\/#organization"},"alternateName":"The world billiards","potentialAction":[{"@type":"SearchAction","target":{"@type":"EntryPoint","urlTemplate":"https:\/\/theworldbilliards.com\/fr\/?s={search_term_string}"},"query-input":{"@type":"PropertyValueSpecification","valueRequired":true,"valueName":"search_term_string"}}],"inLanguage":"fr-FR"},{"@type":"Organization","@id":"https:\/\/theworldbilliards.com\/fr\/#organization","name":"The World Billiards","alternateName":"The World Billiards","url":"https:\/\/theworldbilliards.com\/fr\/","logo":{"@type":"ImageObject","inLanguage":"fr-FR","@id":"https:\/\/theworldbilliards.com\/fr\/#\/schema\/logo\/image\/","url":"","contentUrl":"","caption":"The World Billiards"},"image":{"@id":"https:\/\/theworldbilliards.com\/fr\/#\/schema\/logo\/image\/"},"sameAs":["https:\/\/www.facebook.com\/baby.foot.superbes","https:\/\/www.youtube.com\/channel\/UCIMuOVAaUcH6UpZcsZlH0Tg","https:\/\/www.facebook.com\/people\/Brunswick-Billiards-EspaaPortugal\/100066446264309\/","https:\/\/www.instagram.com\/the_world_billiards\/","https:\/\/www.pinterest.es\/Theworldbilliards\/"]}]}},"_links":{"self":[{"href":"https:\/\/theworldbilliards.com\/fr\/wp-json\/wp\/v2\/product\/110813","targetHints":{"allow":["GET"]}}],"collection":[{"href":"https:\/\/theworldbilliards.com\/fr\/wp-json\/wp\/v2\/product"}],"about":[{"href":"https:\/\/theworldbilliards.com\/fr\/wp-json\/wp\/v2\/types\/product"}],"wp:featuredmedia":[{"embeddable":true,"href":"https:\/\/theworldbilliards.com\/fr\/wp-json\/wp\/v2\/media\/110846"}],"wp:attachment":[{"href":"https:\/\/theworldbilliards.com\/fr\/wp-json\/wp\/v2\/media?parent=110813"}],"wp:term":[{"taxonomy":"product_brand","embeddable":true,"href":"https:\/\/theworldbilliards.com\/fr\/wp-json\/wp\/v2\/product_brand?post=110813"},{"taxonomy":"product_cat","embeddable":true,"href":"https:\/\/theworldbilliards.com\/fr\/wp-json\/wp\/v2\/product_cat?post=110813"},{"taxonomy":"product_tag","embeddable":true,"href":"https:\/\/theworldbilliards.com\/fr\/wp-json\/wp\/v2\/product_tag?post=110813"}],"curies":[{"name":"wp","href":"https:\/\/api.w.org\/{rel}","templated":true}]}}