{"id":110850,"date":"2026-01-30T12:06:34","date_gmt":"2026-01-30T11:06:34","guid":{"rendered":"https:\/\/theworldbilliards.com\/?post_type=product&#038;p=110850"},"modified":"2026-01-30T12:22:49","modified_gmt":"2026-01-30T11:22:49","slug":"bar-console-american-heritage-port-royal","status":"publish","type":"product","link":"https:\/\/theworldbilliards.com\/fr\/produit\/bar-console-american-heritage-port-royal\/","title":{"rendered":"Bar Console American Heritage Port Royal"},"content":{"rendered":"<p>Avec ses lignes \u00e9l\u00e9gantes et fusel\u00e9es et sa magnifique finition en ch\u00eane blanc, la console bar Port Royal est un meuble tr\u00e8s fonctionnel qui s&rsquo;harmonisera parfaitement avec votre d\u00e9coration int\u00e9rieure. Id\u00e9ale dans une entr\u00e9e ou en remplacement d&rsquo;une cave \u00e0 vin ou d&rsquo;un bar traditionnel, elle offre de nombreux rangements et des fonctionnalit\u00e9s astucieuses. Elle comprend un grand espace pour pr\u00e9parer des cocktails, des compartiments pour bouteilles de vin, des porte-verres, un porte-serviettes et un ouvre-bouteille dissimul\u00e9 qui ne manquera pas de vous s\u00e9duire.<\/p>\n","protected":false},"excerpt":{"rendered":"<p>Avec ses lignes \u00e9l\u00e9gantes et fusel\u00e9es et sa magnifique finition en ch\u00eane blanc, la console bar Port Royal est un [&hellip;]<\/p>\n","protected":false},"featured_media":110878,"template":"","meta":{"site-sidebar-layout":"default","site-content-layout":"","ast-site-content-layout":"default","site-content-style":"default","site-sidebar-style":"default","ast-global-header-display":"","ast-banner-title-visibility":"","ast-main-header-display":"","ast-hfb-above-header-display":"","ast-hfb-below-header-display":"","ast-hfb-mobile-header-display":"","site-post-title":"","ast-breadcrumbs-content":"","ast-featured-img":"","footer-sml-layout":"","ast-disable-related-posts":"","theme-transparent-header-meta":"default","adv-header-id-meta":"","stick-header-meta":"","header-above-stick-meta":"","header-main-stick-meta":"","header-below-stick-meta":"","astra-migrate-meta-layouts":"default","ast-page-background-enabled":"default","ast-page-background-meta":{"desktop":{"background-color":"var(--ast-global-color-4)","background-image":"","background-repeat":"repeat","background-position":"center center","background-size":"auto","background-attachment":"scroll","background-type":"","background-media":"","overlay-type":"","overlay-color":"","overlay-opacity":"","overlay-gradient":""},"tablet":{"background-color":"","background-image":"","background-repeat":"repeat","background-position":"center center","background-size":"auto","background-attachment":"scroll","background-type":"","background-media":"","overlay-type":"","overlay-color":"","overlay-opacity":"","overlay-gradient":""},"mobile":{"background-color":"","background-image":"","background-repeat":"repeat","background-position":"center center","background-size":"auto","background-attachment":"scroll","background-type":"","background-media":"","overlay-type":"","overlay-color":"","overlay-opacity":"","overlay-gradient":""}},"ast-content-background-meta":{"desktop":{"background-color":"var(--ast-global-color-5)","background-image":"","background-repeat":"repeat","background-position":"center center","background-size":"auto","background-attachment":"scroll","background-type":"","background-media":"","overlay-type":"","overlay-color":"","overlay-opacity":"","overlay-gradient":""},"tablet":{"background-color":"var(--ast-global-color-5)","background-image":"","background-repeat":"repeat","background-position":"center center","background-size":"auto","background-attachment":"scroll","background-type":"","background-media":"","overlay-type":"","overlay-color":"","overlay-opacity":"","overlay-gradient":""},"mobile":{"background-color":"var(--ast-global-color-5)","background-image":"","background-repeat":"repeat","background-position":"center center","background-size":"auto","background-attachment":"scroll","background-type":"","background-media":"","overlay-type":"","overlay-color":"","overlay-opacity":"","overlay-gradient":""}}},"product_brand":[5210],"product_cat":[4097],"product_tag":[],"class_list":{"0":"post-110850","1":"product","2":"type-product","3":"status-publish","4":"has-post-thumbnail","6":"product_brand-american-heritage-billiards-fr","7":"product_cat-meubles","8":"product_shipping_class-baby-foot","9":"desktop-align-center","10":"tablet-align-left","11":"mobile-align-left","13":"first","14":"onbackorder","15":"taxable","16":"shipping-taxable","17":"purchasable","18":"product-type-simple"},"yoast_head":"<!-- This site is optimized with the Yoast SEO plugin v27.4 - https:\/\/yoast.com\/product\/yoast-seo-wordpress\/ -->\n<title>Acheter Bar Console American Heritage Port Royal - The World Billiards<\/title>\n<meta name=\"description\" content=\"Avec ses lignes \u00e9l\u00e9gantes et fusel\u00e9es et sa magnifique finition en ch\u00eane blanc, la console bar Port Royal est un meuble tr\u00e8s fonctionnel qui s&#039;harmonisera parfaitement avec votre d\u00e9coration int\u00e9rieure. Id\u00e9ale dans une entr\u00e9e ou en remplacement d&#039;une cave \u00e0 vin ou d&#039;un bar traditionnel, elle offre de nombreux rangements et des fonctionnalit\u00e9s astucieuses. Elle comprend un grand espace pour pr\u00e9parer des cocktails, des compartiments pour bouteilles de vin, des porte-verres, un porte-serviettes et un ouvre-bouteille dissimul\u00e9 qui ne manquera pas de vous s\u00e9duire.\" \/>\n<meta name=\"robots\" content=\"index, follow, max-snippet:-1, max-image-preview:large, max-video-preview:-1\" \/>\n<link rel=\"canonical\" href=\"https:\/\/theworldbilliards.com\/fr\/produit\/bar-console-american-heritage-port-royal\/\" \/>\n<meta property=\"og:locale\" content=\"fr_FR\" \/>\n<meta property=\"og:type\" content=\"article\" \/>\n<meta property=\"og:title\" content=\"Acheter Bar Console American Heritage Port Royal - The World Billiards\" \/>\n<meta property=\"og:description\" content=\"Avec ses lignes \u00e9l\u00e9gantes et fusel\u00e9es et sa magnifique finition en ch\u00eane blanc, la console bar Port Royal est un meuble tr\u00e8s fonctionnel qui s&#039;harmonisera parfaitement avec votre d\u00e9coration int\u00e9rieure. Id\u00e9ale dans une entr\u00e9e ou en remplacement d&#039;une cave \u00e0 vin ou d&#039;un bar traditionnel, elle offre de nombreux rangements et des fonctionnalit\u00e9s astucieuses. Elle comprend un grand espace pour pr\u00e9parer des cocktails, des compartiments pour bouteilles de vin, des porte-verres, un porte-serviettes et un ouvre-bouteille dissimul\u00e9 qui ne manquera pas de vous s\u00e9duire.\" \/>\n<meta property=\"og:url\" content=\"https:\/\/theworldbilliards.com\/fr\/produit\/bar-console-american-heritage-port-royal\/\" \/>\n<meta property=\"og:site_name\" content=\"The World Billiards\" \/>\n<meta property=\"article:publisher\" content=\"https:\/\/www.facebook.com\/baby.foot.superbes\" \/>\n<meta property=\"article:modified_time\" content=\"2026-01-30T11:22:49+00:00\" \/>\n<meta property=\"og:image\" content=\"https:\/\/theworldbilliards.com\/wp-content\/uploads\/2026\/01\/Port-royal-bar-console.png\" \/>\n\t<meta property=\"og:image:width\" content=\"1104\" \/>\n\t<meta property=\"og:image:height\" content=\"1105\" \/>\n\t<meta property=\"og:image:type\" content=\"image\/png\" \/>\n<meta name=\"twitter:card\" content=\"summary_large_image\" \/>\n<script type=\"application\/ld+json\" class=\"yoast-schema-graph\">{\"@context\":\"https:\\\/\\\/schema.org\",\"@graph\":[{\"@type\":\"WebPage\",\"@id\":\"https:\\\/\\\/theworldbilliards.com\\\/fr\\\/produit\\\/bar-console-american-heritage-port-royal\\\/\",\"url\":\"https:\\\/\\\/theworldbilliards.com\\\/fr\\\/produit\\\/bar-console-american-heritage-port-royal\\\/\",\"name\":\"Acheter Bar Console American Heritage Port Royal - The World Billiards\",\"isPartOf\":{\"@id\":\"https:\\\/\\\/theworldbilliards.com\\\/fr\\\/#website\"},\"primaryImageOfPage\":{\"@id\":\"https:\\\/\\\/theworldbilliards.com\\\/fr\\\/produit\\\/bar-console-american-heritage-port-royal\\\/#primaryimage\"},\"image\":{\"@id\":\"https:\\\/\\\/theworldbilliards.com\\\/fr\\\/produit\\\/bar-console-american-heritage-port-royal\\\/#primaryimage\"},\"thumbnailUrl\":\"https:\\\/\\\/theworldbilliards.com\\\/wp-content\\\/uploads\\\/2026\\\/01\\\/Port-royal-bar-console.png\",\"datePublished\":\"2026-01-30T11:06:34+00:00\",\"dateModified\":\"2026-01-30T11:22:49+00:00\",\"description\":\"Avec ses lignes \u00e9l\u00e9gantes et fusel\u00e9es et sa magnifique finition en ch\u00eane blanc, la console bar Port Royal est un meuble tr\u00e8s fonctionnel qui s'harmonisera parfaitement avec votre d\u00e9coration int\u00e9rieure. Id\u00e9ale dans une entr\u00e9e ou en remplacement d'une cave \u00e0 vin ou d'un bar traditionnel, elle offre de nombreux rangements et des fonctionnalit\u00e9s astucieuses. Elle comprend un grand espace pour pr\u00e9parer des cocktails, des compartiments pour bouteilles de vin, des porte-verres, un porte-serviettes et un ouvre-bouteille dissimul\u00e9 qui ne manquera pas de vous s\u00e9duire.\",\"breadcrumb\":{\"@id\":\"https:\\\/\\\/theworldbilliards.com\\\/fr\\\/produit\\\/bar-console-american-heritage-port-royal\\\/#breadcrumb\"},\"inLanguage\":\"fr-FR\",\"potentialAction\":[{\"@type\":\"ReadAction\",\"target\":[\"https:\\\/\\\/theworldbilliards.com\\\/fr\\\/produit\\\/bar-console-american-heritage-port-royal\\\/\"]}]},{\"@type\":\"ImageObject\",\"inLanguage\":\"fr-FR\",\"@id\":\"https:\\\/\\\/theworldbilliards.com\\\/fr\\\/produit\\\/bar-console-american-heritage-port-royal\\\/#primaryimage\",\"url\":\"https:\\\/\\\/theworldbilliards.com\\\/wp-content\\\/uploads\\\/2026\\\/01\\\/Port-royal-bar-console.png\",\"contentUrl\":\"https:\\\/\\\/theworldbilliards.com\\\/wp-content\\\/uploads\\\/2026\\\/01\\\/Port-royal-bar-console.png\",\"width\":1104,\"height\":1105},{\"@type\":\"BreadcrumbList\",\"@id\":\"https:\\\/\\\/theworldbilliards.com\\\/fr\\\/produit\\\/bar-console-american-heritage-port-royal\\\/#breadcrumb\",\"itemListElement\":[{\"@type\":\"ListItem\",\"position\":1,\"name\":\"In\u00edcio\",\"item\":\"https:\\\/\\\/theworldbilliards.com\\\/fr\\\/\"},{\"@type\":\"ListItem\",\"position\":2,\"name\":\"Boutique en ligne\",\"item\":\"https:\\\/\\\/theworldbilliards.com\\\/fr\\\/boutique-theworldbilliards\\\/\"},{\"@type\":\"ListItem\",\"position\":3,\"name\":\"Bar Console American Heritage Port Royal\"}]},{\"@type\":\"WebSite\",\"@id\":\"https:\\\/\\\/theworldbilliards.com\\\/fr\\\/#website\",\"url\":\"https:\\\/\\\/theworldbilliards.com\\\/fr\\\/\",\"name\":\"TheWorldBilliards\",\"description\":\"Achetez ici billard, baby-foot, ping-pong et bowling\",\"publisher\":{\"@id\":\"https:\\\/\\\/theworldbilliards.com\\\/fr\\\/#organization\"},\"alternateName\":\"The world billiards\",\"potentialAction\":[{\"@type\":\"SearchAction\",\"target\":{\"@type\":\"EntryPoint\",\"urlTemplate\":\"https:\\\/\\\/theworldbilliards.com\\\/fr\\\/?s={search_term_string}\"},\"query-input\":{\"@type\":\"PropertyValueSpecification\",\"valueRequired\":true,\"valueName\":\"search_term_string\"}}],\"inLanguage\":\"fr-FR\"},{\"@type\":\"Organization\",\"@id\":\"https:\\\/\\\/theworldbilliards.com\\\/fr\\\/#organization\",\"name\":\"The World Billiards\",\"alternateName\":\"The World Billiards\",\"url\":\"https:\\\/\\\/theworldbilliards.com\\\/fr\\\/\",\"logo\":{\"@type\":\"ImageObject\",\"inLanguage\":\"fr-FR\",\"@id\":\"https:\\\/\\\/theworldbilliards.com\\\/fr\\\/#\\\/schema\\\/logo\\\/image\\\/\",\"url\":\"\",\"contentUrl\":\"\",\"caption\":\"The World Billiards\"},\"image\":{\"@id\":\"https:\\\/\\\/theworldbilliards.com\\\/fr\\\/#\\\/schema\\\/logo\\\/image\\\/\"},\"sameAs\":[\"https:\\\/\\\/www.facebook.com\\\/baby.foot.superbes\",\"https:\\\/\\\/www.youtube.com\\\/channel\\\/UCIMuOVAaUcH6UpZcsZlH0Tg\",\"https:\\\/\\\/www.facebook.com\\\/people\\\/Brunswick-Billiards-EspaaPortugal\\\/100066446264309\\\/\",\"https:\\\/\\\/www.instagram.com\\\/the_world_billiards\\\/\",\"https:\\\/\\\/www.pinterest.es\\\/Theworldbilliards\\\/\"]}]}<\/script>\n<!-- \/ Yoast SEO plugin. -->","yoast_head_json":{"title":"Acheter Bar Console American Heritage Port Royal - The World Billiards","description":"Avec ses lignes \u00e9l\u00e9gantes et fusel\u00e9es et sa magnifique finition en ch\u00eane blanc, la console bar Port Royal est un meuble tr\u00e8s fonctionnel qui s'harmonisera parfaitement avec votre d\u00e9coration int\u00e9rieure. Id\u00e9ale dans une entr\u00e9e ou en remplacement d'une cave \u00e0 vin ou d'un bar traditionnel, elle offre de nombreux rangements et des fonctionnalit\u00e9s astucieuses. Elle comprend un grand espace pour pr\u00e9parer des cocktails, des compartiments pour bouteilles de vin, des porte-verres, un porte-serviettes et un ouvre-bouteille dissimul\u00e9 qui ne manquera pas de vous s\u00e9duire.","robots":{"index":"index","follow":"follow","max-snippet":"max-snippet:-1","max-image-preview":"max-image-preview:large","max-video-preview":"max-video-preview:-1"},"canonical":"https:\/\/theworldbilliards.com\/fr\/produit\/bar-console-american-heritage-port-royal\/","og_locale":"fr_FR","og_type":"article","og_title":"Acheter Bar Console American Heritage Port Royal - The World Billiards","og_description":"Avec ses lignes \u00e9l\u00e9gantes et fusel\u00e9es et sa magnifique finition en ch\u00eane blanc, la console bar Port Royal est un meuble tr\u00e8s fonctionnel qui s'harmonisera parfaitement avec votre d\u00e9coration int\u00e9rieure. Id\u00e9ale dans une entr\u00e9e ou en remplacement d'une cave \u00e0 vin ou d'un bar traditionnel, elle offre de nombreux rangements et des fonctionnalit\u00e9s astucieuses. Elle comprend un grand espace pour pr\u00e9parer des cocktails, des compartiments pour bouteilles de vin, des porte-verres, un porte-serviettes et un ouvre-bouteille dissimul\u00e9 qui ne manquera pas de vous s\u00e9duire.","og_url":"https:\/\/theworldbilliards.com\/fr\/produit\/bar-console-american-heritage-port-royal\/","og_site_name":"The World Billiards","article_publisher":"https:\/\/www.facebook.com\/baby.foot.superbes","article_modified_time":"2026-01-30T11:22:49+00:00","og_image":[{"width":1104,"height":1105,"url":"https:\/\/theworldbilliards.com\/wp-content\/uploads\/2026\/01\/Port-royal-bar-console.png","type":"image\/png"}],"twitter_card":"summary_large_image","schema":{"@context":"https:\/\/schema.org","@graph":[{"@type":"WebPage","@id":"https:\/\/theworldbilliards.com\/fr\/produit\/bar-console-american-heritage-port-royal\/","url":"https:\/\/theworldbilliards.com\/fr\/produit\/bar-console-american-heritage-port-royal\/","name":"Acheter Bar Console American Heritage Port Royal - The World Billiards","isPartOf":{"@id":"https:\/\/theworldbilliards.com\/fr\/#website"},"primaryImageOfPage":{"@id":"https:\/\/theworldbilliards.com\/fr\/produit\/bar-console-american-heritage-port-royal\/#primaryimage"},"image":{"@id":"https:\/\/theworldbilliards.com\/fr\/produit\/bar-console-american-heritage-port-royal\/#primaryimage"},"thumbnailUrl":"https:\/\/theworldbilliards.com\/wp-content\/uploads\/2026\/01\/Port-royal-bar-console.png","datePublished":"2026-01-30T11:06:34+00:00","dateModified":"2026-01-30T11:22:49+00:00","description":"Avec ses lignes \u00e9l\u00e9gantes et fusel\u00e9es et sa magnifique finition en ch\u00eane blanc, la console bar Port Royal est un meuble tr\u00e8s fonctionnel qui s'harmonisera parfaitement avec votre d\u00e9coration int\u00e9rieure. Id\u00e9ale dans une entr\u00e9e ou en remplacement d'une cave \u00e0 vin ou d'un bar traditionnel, elle offre de nombreux rangements et des fonctionnalit\u00e9s astucieuses. Elle comprend un grand espace pour pr\u00e9parer des cocktails, des compartiments pour bouteilles de vin, des porte-verres, un porte-serviettes et un ouvre-bouteille dissimul\u00e9 qui ne manquera pas de vous s\u00e9duire.","breadcrumb":{"@id":"https:\/\/theworldbilliards.com\/fr\/produit\/bar-console-american-heritage-port-royal\/#breadcrumb"},"inLanguage":"fr-FR","potentialAction":[{"@type":"ReadAction","target":["https:\/\/theworldbilliards.com\/fr\/produit\/bar-console-american-heritage-port-royal\/"]}]},{"@type":"ImageObject","inLanguage":"fr-FR","@id":"https:\/\/theworldbilliards.com\/fr\/produit\/bar-console-american-heritage-port-royal\/#primaryimage","url":"https:\/\/theworldbilliards.com\/wp-content\/uploads\/2026\/01\/Port-royal-bar-console.png","contentUrl":"https:\/\/theworldbilliards.com\/wp-content\/uploads\/2026\/01\/Port-royal-bar-console.png","width":1104,"height":1105},{"@type":"BreadcrumbList","@id":"https:\/\/theworldbilliards.com\/fr\/produit\/bar-console-american-heritage-port-royal\/#breadcrumb","itemListElement":[{"@type":"ListItem","position":1,"name":"In\u00edcio","item":"https:\/\/theworldbilliards.com\/fr\/"},{"@type":"ListItem","position":2,"name":"Boutique en ligne","item":"https:\/\/theworldbilliards.com\/fr\/boutique-theworldbilliards\/"},{"@type":"ListItem","position":3,"name":"Bar Console American Heritage Port Royal"}]},{"@type":"WebSite","@id":"https:\/\/theworldbilliards.com\/fr\/#website","url":"https:\/\/theworldbilliards.com\/fr\/","name":"TheWorldBilliards","description":"Achetez ici billard, baby-foot, ping-pong et bowling","publisher":{"@id":"https:\/\/theworldbilliards.com\/fr\/#organization"},"alternateName":"The world billiards","potentialAction":[{"@type":"SearchAction","target":{"@type":"EntryPoint","urlTemplate":"https:\/\/theworldbilliards.com\/fr\/?s={search_term_string}"},"query-input":{"@type":"PropertyValueSpecification","valueRequired":true,"valueName":"search_term_string"}}],"inLanguage":"fr-FR"},{"@type":"Organization","@id":"https:\/\/theworldbilliards.com\/fr\/#organization","name":"The World Billiards","alternateName":"The World Billiards","url":"https:\/\/theworldbilliards.com\/fr\/","logo":{"@type":"ImageObject","inLanguage":"fr-FR","@id":"https:\/\/theworldbilliards.com\/fr\/#\/schema\/logo\/image\/","url":"","contentUrl":"","caption":"The World Billiards"},"image":{"@id":"https:\/\/theworldbilliards.com\/fr\/#\/schema\/logo\/image\/"},"sameAs":["https:\/\/www.facebook.com\/baby.foot.superbes","https:\/\/www.youtube.com\/channel\/UCIMuOVAaUcH6UpZcsZlH0Tg","https:\/\/www.facebook.com\/people\/Brunswick-Billiards-EspaaPortugal\/100066446264309\/","https:\/\/www.instagram.com\/the_world_billiards\/","https:\/\/www.pinterest.es\/Theworldbilliards\/"]}]}},"_links":{"self":[{"href":"https:\/\/theworldbilliards.com\/fr\/wp-json\/wp\/v2\/product\/110850","targetHints":{"allow":["GET"]}}],"collection":[{"href":"https:\/\/theworldbilliards.com\/fr\/wp-json\/wp\/v2\/product"}],"about":[{"href":"https:\/\/theworldbilliards.com\/fr\/wp-json\/wp\/v2\/types\/product"}],"wp:featuredmedia":[{"embeddable":true,"href":"https:\/\/theworldbilliards.com\/fr\/wp-json\/wp\/v2\/media\/110878"}],"wp:attachment":[{"href":"https:\/\/theworldbilliards.com\/fr\/wp-json\/wp\/v2\/media?parent=110850"}],"wp:term":[{"taxonomy":"product_brand","embeddable":true,"href":"https:\/\/theworldbilliards.com\/fr\/wp-json\/wp\/v2\/product_brand?post=110850"},{"taxonomy":"product_cat","embeddable":true,"href":"https:\/\/theworldbilliards.com\/fr\/wp-json\/wp\/v2\/product_cat?post=110850"},{"taxonomy":"product_tag","embeddable":true,"href":"https:\/\/theworldbilliards.com\/fr\/wp-json\/wp\/v2\/product_tag?post=110850"}],"curies":[{"name":"wp","href":"https:\/\/api.w.org\/{rel}","templated":true}]}}