{"id":111012,"date":"2026-02-02T12:24:43","date_gmt":"2026-02-02T11:24:43","guid":{"rendered":"https:\/\/theworldbilliards.com\/?post_type=product&#038;p=111012"},"modified":"2026-02-02T12:49:50","modified_gmt":"2026-02-02T11:49:50","slug":"meuble-a-vin-et-spiritueux-american-heritage-alta","status":"publish","type":"product","link":"https:\/\/theworldbilliards.com\/fr\/produit\/meuble-a-vin-et-spiritueux-american-heritage-alta\/","title":{"rendered":"Meuble \u00e0 vin et spiritueux American Heritage Alta"},"content":{"rendered":"<p>Le meuble \u00e0 vin et spiritueux Alta allie design moderne et fonctionnalit\u00e9 au quotidien. Sa finition noyer bross\u00e9 et ses accents noirs mats lui conf\u00e8rent une allure \u00e9pur\u00e9e et contemporaine qui s&rsquo;int\u00e8gre \u00e0 tous les espaces. \u00c0 l&rsquo;int\u00e9rieur, un casier \u00e0 bouteilles compartiment\u00e9, des supports pour verres \u00e0 pied et des \u00e9tag\u00e8res r\u00e9glables permettent d&rsquo;organiser bouteilles et accessoires de bar. Un plan de travail en verre noir offre un espace g\u00e9n\u00e9reux pour la pr\u00e9paration et le service, tandis qu&rsquo;un \u00e9clairage int\u00e9rieur cr\u00e9e une ambiance chaleureuse qui s&rsquo;\u00e9teint automatiquement \u00e0 la fermeture des portes. Dot\u00e9 de charni\u00e8res piano robustes, ce meuble est con\u00e7u pour une utilisation fluide et durable.<\/p>\n","protected":false},"excerpt":{"rendered":"<p>Le meuble \u00e0 vin et spiritueux Alta allie design moderne et fonctionnalit\u00e9 au quotidien. Sa finition noyer bross\u00e9 et ses [&hellip;]<\/p>\n","protected":false},"featured_media":111036,"template":"","meta":{"site-sidebar-layout":"default","site-content-layout":"","ast-site-content-layout":"default","site-content-style":"default","site-sidebar-style":"default","ast-global-header-display":"","ast-banner-title-visibility":"","ast-main-header-display":"","ast-hfb-above-header-display":"","ast-hfb-below-header-display":"","ast-hfb-mobile-header-display":"","site-post-title":"","ast-breadcrumbs-content":"","ast-featured-img":"","footer-sml-layout":"","ast-disable-related-posts":"","theme-transparent-header-meta":"default","adv-header-id-meta":"","stick-header-meta":"","header-above-stick-meta":"","header-main-stick-meta":"","header-below-stick-meta":"","astra-migrate-meta-layouts":"default","ast-page-background-enabled":"default","ast-page-background-meta":{"desktop":{"background-color":"var(--ast-global-color-4)","background-image":"","background-repeat":"repeat","background-position":"center center","background-size":"auto","background-attachment":"scroll","background-type":"","background-media":"","overlay-type":"","overlay-color":"","overlay-opacity":"","overlay-gradient":""},"tablet":{"background-color":"","background-image":"","background-repeat":"repeat","background-position":"center center","background-size":"auto","background-attachment":"scroll","background-type":"","background-media":"","overlay-type":"","overlay-color":"","overlay-opacity":"","overlay-gradient":""},"mobile":{"background-color":"","background-image":"","background-repeat":"repeat","background-position":"center center","background-size":"auto","background-attachment":"scroll","background-type":"","background-media":"","overlay-type":"","overlay-color":"","overlay-opacity":"","overlay-gradient":""}},"ast-content-background-meta":{"desktop":{"background-color":"var(--ast-global-color-5)","background-image":"","background-repeat":"repeat","background-position":"center center","background-size":"auto","background-attachment":"scroll","background-type":"","background-media":"","overlay-type":"","overlay-color":"","overlay-opacity":"","overlay-gradient":""},"tablet":{"background-color":"var(--ast-global-color-5)","background-image":"","background-repeat":"repeat","background-position":"center center","background-size":"auto","background-attachment":"scroll","background-type":"","background-media":"","overlay-type":"","overlay-color":"","overlay-opacity":"","overlay-gradient":""},"mobile":{"background-color":"var(--ast-global-color-5)","background-image":"","background-repeat":"repeat","background-position":"center center","background-size":"auto","background-attachment":"scroll","background-type":"","background-media":"","overlay-type":"","overlay-color":"","overlay-opacity":"","overlay-gradient":""}}},"product_brand":[5210],"product_cat":[4097],"product_tag":[],"class_list":{"0":"post-111012","1":"product","2":"type-product","3":"status-publish","4":"has-post-thumbnail","6":"product_brand-american-heritage-billiards-fr","7":"product_cat-meubles","8":"product_shipping_class-grand-baby-foot","9":"desktop-align-center","10":"tablet-align-left","11":"mobile-align-left","13":"first","14":"onbackorder","15":"taxable","16":"shipping-taxable","17":"purchasable","18":"product-type-simple"},"yoast_head":"<!-- This site is optimized with the Yoast SEO plugin v27.4 - https:\/\/yoast.com\/product\/yoast-seo-wordpress\/ -->\n<title>Acheter Meuble \u00e0 vin et spiritueux American Heritage Alta - The World Billiards<\/title>\n<meta name=\"description\" content=\"Le meuble \u00e0 vin et spiritueux Alta allie design moderne et fonctionnalit\u00e9 au quotidien. Sa finition noyer bross\u00e9 et ses accents noirs mats lui conf\u00e8rent une allure \u00e9pur\u00e9e et contemporaine qui s&#039;int\u00e8gre \u00e0 tous les espaces. \u00c0 l&#039;int\u00e9rieur, un casier \u00e0 bouteilles compartiment\u00e9, des supports pour verres \u00e0 pied et des \u00e9tag\u00e8res r\u00e9glables permettent d&#039;organiser bouteilles et accessoires de bar. Un plan de travail en verre noir offre un espace g\u00e9n\u00e9reux pour la pr\u00e9paration et le service, tandis qu&#039;un \u00e9clairage int\u00e9rieur cr\u00e9e une ambiance chaleureuse qui s&#039;\u00e9teint automatiquement \u00e0 la fermeture des portes. Dot\u00e9 de charni\u00e8res piano robustes, ce meuble est con\u00e7u pour une utilisation fluide et durable.\" \/>\n<meta name=\"robots\" content=\"index, follow, max-snippet:-1, max-image-preview:large, max-video-preview:-1\" \/>\n<link rel=\"canonical\" href=\"https:\/\/theworldbilliards.com\/fr\/produit\/meuble-a-vin-et-spiritueux-american-heritage-alta\/\" \/>\n<meta property=\"og:locale\" content=\"fr_FR\" \/>\n<meta property=\"og:type\" content=\"article\" \/>\n<meta property=\"og:title\" content=\"Acheter Meuble \u00e0 vin et spiritueux American Heritage Alta - The World Billiards\" \/>\n<meta property=\"og:description\" content=\"Le meuble \u00e0 vin et spiritueux Alta allie design moderne et fonctionnalit\u00e9 au quotidien. Sa finition noyer bross\u00e9 et ses accents noirs mats lui conf\u00e8rent une allure \u00e9pur\u00e9e et contemporaine qui s&#039;int\u00e8gre \u00e0 tous les espaces. \u00c0 l&#039;int\u00e9rieur, un casier \u00e0 bouteilles compartiment\u00e9, des supports pour verres \u00e0 pied et des \u00e9tag\u00e8res r\u00e9glables permettent d&#039;organiser bouteilles et accessoires de bar. Un plan de travail en verre noir offre un espace g\u00e9n\u00e9reux pour la pr\u00e9paration et le service, tandis qu&#039;un \u00e9clairage int\u00e9rieur cr\u00e9e une ambiance chaleureuse qui s&#039;\u00e9teint automatiquement \u00e0 la fermeture des portes. Dot\u00e9 de charni\u00e8res piano robustes, ce meuble est con\u00e7u pour une utilisation fluide et durable.\" \/>\n<meta property=\"og:url\" content=\"https:\/\/theworldbilliards.com\/fr\/produit\/meuble-a-vin-et-spiritueux-american-heritage-alta\/\" \/>\n<meta property=\"og:site_name\" content=\"The World Billiards\" \/>\n<meta property=\"article:publisher\" content=\"https:\/\/www.facebook.com\/baby.foot.superbes\" \/>\n<meta property=\"article:modified_time\" content=\"2026-02-02T11:49:50+00:00\" \/>\n<meta property=\"og:image\" content=\"https:\/\/theworldbilliards.com\/wp-content\/uploads\/2026\/02\/WineCabinet-Alta.jpg\" \/>\n\t<meta property=\"og:image:width\" content=\"991\" \/>\n\t<meta property=\"og:image:height\" content=\"991\" \/>\n\t<meta property=\"og:image:type\" content=\"image\/jpeg\" \/>\n<meta name=\"twitter:card\" content=\"summary_large_image\" \/>\n<script type=\"application\/ld+json\" class=\"yoast-schema-graph\">{\"@context\":\"https:\\\/\\\/schema.org\",\"@graph\":[{\"@type\":\"WebPage\",\"@id\":\"https:\\\/\\\/theworldbilliards.com\\\/fr\\\/produit\\\/meuble-a-vin-et-spiritueux-american-heritage-alta\\\/\",\"url\":\"https:\\\/\\\/theworldbilliards.com\\\/fr\\\/produit\\\/meuble-a-vin-et-spiritueux-american-heritage-alta\\\/\",\"name\":\"Acheter Meuble \u00e0 vin et spiritueux American Heritage Alta - The World Billiards\",\"isPartOf\":{\"@id\":\"https:\\\/\\\/theworldbilliards.com\\\/fr\\\/#website\"},\"primaryImageOfPage\":{\"@id\":\"https:\\\/\\\/theworldbilliards.com\\\/fr\\\/produit\\\/meuble-a-vin-et-spiritueux-american-heritage-alta\\\/#primaryimage\"},\"image\":{\"@id\":\"https:\\\/\\\/theworldbilliards.com\\\/fr\\\/produit\\\/meuble-a-vin-et-spiritueux-american-heritage-alta\\\/#primaryimage\"},\"thumbnailUrl\":\"https:\\\/\\\/theworldbilliards.com\\\/wp-content\\\/uploads\\\/2026\\\/02\\\/WineCabinet-Alta.jpg\",\"datePublished\":\"2026-02-02T11:24:43+00:00\",\"dateModified\":\"2026-02-02T11:49:50+00:00\",\"description\":\"Le meuble \u00e0 vin et spiritueux Alta allie design moderne et fonctionnalit\u00e9 au quotidien. Sa finition noyer bross\u00e9 et ses accents noirs mats lui conf\u00e8rent une allure \u00e9pur\u00e9e et contemporaine qui s'int\u00e8gre \u00e0 tous les espaces. \u00c0 l'int\u00e9rieur, un casier \u00e0 bouteilles compartiment\u00e9, des supports pour verres \u00e0 pied et des \u00e9tag\u00e8res r\u00e9glables permettent d'organiser bouteilles et accessoires de bar. Un plan de travail en verre noir offre un espace g\u00e9n\u00e9reux pour la pr\u00e9paration et le service, tandis qu'un \u00e9clairage int\u00e9rieur cr\u00e9e une ambiance chaleureuse qui s'\u00e9teint automatiquement \u00e0 la fermeture des portes. Dot\u00e9 de charni\u00e8res piano robustes, ce meuble est con\u00e7u pour une utilisation fluide et durable.\",\"breadcrumb\":{\"@id\":\"https:\\\/\\\/theworldbilliards.com\\\/fr\\\/produit\\\/meuble-a-vin-et-spiritueux-american-heritage-alta\\\/#breadcrumb\"},\"inLanguage\":\"fr-FR\",\"potentialAction\":[{\"@type\":\"ReadAction\",\"target\":[\"https:\\\/\\\/theworldbilliards.com\\\/fr\\\/produit\\\/meuble-a-vin-et-spiritueux-american-heritage-alta\\\/\"]}]},{\"@type\":\"ImageObject\",\"inLanguage\":\"fr-FR\",\"@id\":\"https:\\\/\\\/theworldbilliards.com\\\/fr\\\/produit\\\/meuble-a-vin-et-spiritueux-american-heritage-alta\\\/#primaryimage\",\"url\":\"https:\\\/\\\/theworldbilliards.com\\\/wp-content\\\/uploads\\\/2026\\\/02\\\/WineCabinet-Alta.jpg\",\"contentUrl\":\"https:\\\/\\\/theworldbilliards.com\\\/wp-content\\\/uploads\\\/2026\\\/02\\\/WineCabinet-Alta.jpg\",\"width\":991,\"height\":991},{\"@type\":\"BreadcrumbList\",\"@id\":\"https:\\\/\\\/theworldbilliards.com\\\/fr\\\/produit\\\/meuble-a-vin-et-spiritueux-american-heritage-alta\\\/#breadcrumb\",\"itemListElement\":[{\"@type\":\"ListItem\",\"position\":1,\"name\":\"In\u00edcio\",\"item\":\"https:\\\/\\\/theworldbilliards.com\\\/fr\\\/\"},{\"@type\":\"ListItem\",\"position\":2,\"name\":\"Boutique en ligne\",\"item\":\"https:\\\/\\\/theworldbilliards.com\\\/fr\\\/boutique-theworldbilliards\\\/\"},{\"@type\":\"ListItem\",\"position\":3,\"name\":\"Meuble \u00e0 vin et spiritueux American Heritage Alta\"}]},{\"@type\":\"WebSite\",\"@id\":\"https:\\\/\\\/theworldbilliards.com\\\/fr\\\/#website\",\"url\":\"https:\\\/\\\/theworldbilliards.com\\\/fr\\\/\",\"name\":\"TheWorldBilliards\",\"description\":\"Achetez ici billard, baby-foot, ping-pong et bowling\",\"publisher\":{\"@id\":\"https:\\\/\\\/theworldbilliards.com\\\/fr\\\/#organization\"},\"alternateName\":\"The world billiards\",\"potentialAction\":[{\"@type\":\"SearchAction\",\"target\":{\"@type\":\"EntryPoint\",\"urlTemplate\":\"https:\\\/\\\/theworldbilliards.com\\\/fr\\\/?s={search_term_string}\"},\"query-input\":{\"@type\":\"PropertyValueSpecification\",\"valueRequired\":true,\"valueName\":\"search_term_string\"}}],\"inLanguage\":\"fr-FR\"},{\"@type\":\"Organization\",\"@id\":\"https:\\\/\\\/theworldbilliards.com\\\/fr\\\/#organization\",\"name\":\"The World Billiards\",\"alternateName\":\"The World Billiards\",\"url\":\"https:\\\/\\\/theworldbilliards.com\\\/fr\\\/\",\"logo\":{\"@type\":\"ImageObject\",\"inLanguage\":\"fr-FR\",\"@id\":\"https:\\\/\\\/theworldbilliards.com\\\/fr\\\/#\\\/schema\\\/logo\\\/image\\\/\",\"url\":\"\",\"contentUrl\":\"\",\"caption\":\"The World Billiards\"},\"image\":{\"@id\":\"https:\\\/\\\/theworldbilliards.com\\\/fr\\\/#\\\/schema\\\/logo\\\/image\\\/\"},\"sameAs\":[\"https:\\\/\\\/www.facebook.com\\\/baby.foot.superbes\",\"https:\\\/\\\/www.youtube.com\\\/channel\\\/UCIMuOVAaUcH6UpZcsZlH0Tg\",\"https:\\\/\\\/www.facebook.com\\\/people\\\/Brunswick-Billiards-EspaaPortugal\\\/100066446264309\\\/\",\"https:\\\/\\\/www.instagram.com\\\/the_world_billiards\\\/\",\"https:\\\/\\\/www.pinterest.es\\\/Theworldbilliards\\\/\"]}]}<\/script>\n<!-- \/ Yoast SEO plugin. -->","yoast_head_json":{"title":"Acheter Meuble \u00e0 vin et spiritueux American Heritage Alta - The World Billiards","description":"Le meuble \u00e0 vin et spiritueux Alta allie design moderne et fonctionnalit\u00e9 au quotidien. Sa finition noyer bross\u00e9 et ses accents noirs mats lui conf\u00e8rent une allure \u00e9pur\u00e9e et contemporaine qui s'int\u00e8gre \u00e0 tous les espaces. \u00c0 l'int\u00e9rieur, un casier \u00e0 bouteilles compartiment\u00e9, des supports pour verres \u00e0 pied et des \u00e9tag\u00e8res r\u00e9glables permettent d'organiser bouteilles et accessoires de bar. Un plan de travail en verre noir offre un espace g\u00e9n\u00e9reux pour la pr\u00e9paration et le service, tandis qu'un \u00e9clairage int\u00e9rieur cr\u00e9e une ambiance chaleureuse qui s'\u00e9teint automatiquement \u00e0 la fermeture des portes. Dot\u00e9 de charni\u00e8res piano robustes, ce meuble est con\u00e7u pour une utilisation fluide et durable.","robots":{"index":"index","follow":"follow","max-snippet":"max-snippet:-1","max-image-preview":"max-image-preview:large","max-video-preview":"max-video-preview:-1"},"canonical":"https:\/\/theworldbilliards.com\/fr\/produit\/meuble-a-vin-et-spiritueux-american-heritage-alta\/","og_locale":"fr_FR","og_type":"article","og_title":"Acheter Meuble \u00e0 vin et spiritueux American Heritage Alta - The World Billiards","og_description":"Le meuble \u00e0 vin et spiritueux Alta allie design moderne et fonctionnalit\u00e9 au quotidien. Sa finition noyer bross\u00e9 et ses accents noirs mats lui conf\u00e8rent une allure \u00e9pur\u00e9e et contemporaine qui s'int\u00e8gre \u00e0 tous les espaces. \u00c0 l'int\u00e9rieur, un casier \u00e0 bouteilles compartiment\u00e9, des supports pour verres \u00e0 pied et des \u00e9tag\u00e8res r\u00e9glables permettent d'organiser bouteilles et accessoires de bar. Un plan de travail en verre noir offre un espace g\u00e9n\u00e9reux pour la pr\u00e9paration et le service, tandis qu'un \u00e9clairage int\u00e9rieur cr\u00e9e une ambiance chaleureuse qui s'\u00e9teint automatiquement \u00e0 la fermeture des portes. Dot\u00e9 de charni\u00e8res piano robustes, ce meuble est con\u00e7u pour une utilisation fluide et durable.","og_url":"https:\/\/theworldbilliards.com\/fr\/produit\/meuble-a-vin-et-spiritueux-american-heritage-alta\/","og_site_name":"The World Billiards","article_publisher":"https:\/\/www.facebook.com\/baby.foot.superbes","article_modified_time":"2026-02-02T11:49:50+00:00","og_image":[{"width":991,"height":991,"url":"https:\/\/theworldbilliards.com\/wp-content\/uploads\/2026\/02\/WineCabinet-Alta.jpg","type":"image\/jpeg"}],"twitter_card":"summary_large_image","schema":{"@context":"https:\/\/schema.org","@graph":[{"@type":"WebPage","@id":"https:\/\/theworldbilliards.com\/fr\/produit\/meuble-a-vin-et-spiritueux-american-heritage-alta\/","url":"https:\/\/theworldbilliards.com\/fr\/produit\/meuble-a-vin-et-spiritueux-american-heritage-alta\/","name":"Acheter Meuble \u00e0 vin et spiritueux American Heritage Alta - The World Billiards","isPartOf":{"@id":"https:\/\/theworldbilliards.com\/fr\/#website"},"primaryImageOfPage":{"@id":"https:\/\/theworldbilliards.com\/fr\/produit\/meuble-a-vin-et-spiritueux-american-heritage-alta\/#primaryimage"},"image":{"@id":"https:\/\/theworldbilliards.com\/fr\/produit\/meuble-a-vin-et-spiritueux-american-heritage-alta\/#primaryimage"},"thumbnailUrl":"https:\/\/theworldbilliards.com\/wp-content\/uploads\/2026\/02\/WineCabinet-Alta.jpg","datePublished":"2026-02-02T11:24:43+00:00","dateModified":"2026-02-02T11:49:50+00:00","description":"Le meuble \u00e0 vin et spiritueux Alta allie design moderne et fonctionnalit\u00e9 au quotidien. Sa finition noyer bross\u00e9 et ses accents noirs mats lui conf\u00e8rent une allure \u00e9pur\u00e9e et contemporaine qui s'int\u00e8gre \u00e0 tous les espaces. \u00c0 l'int\u00e9rieur, un casier \u00e0 bouteilles compartiment\u00e9, des supports pour verres \u00e0 pied et des \u00e9tag\u00e8res r\u00e9glables permettent d'organiser bouteilles et accessoires de bar. Un plan de travail en verre noir offre un espace g\u00e9n\u00e9reux pour la pr\u00e9paration et le service, tandis qu'un \u00e9clairage int\u00e9rieur cr\u00e9e une ambiance chaleureuse qui s'\u00e9teint automatiquement \u00e0 la fermeture des portes. Dot\u00e9 de charni\u00e8res piano robustes, ce meuble est con\u00e7u pour une utilisation fluide et durable.","breadcrumb":{"@id":"https:\/\/theworldbilliards.com\/fr\/produit\/meuble-a-vin-et-spiritueux-american-heritage-alta\/#breadcrumb"},"inLanguage":"fr-FR","potentialAction":[{"@type":"ReadAction","target":["https:\/\/theworldbilliards.com\/fr\/produit\/meuble-a-vin-et-spiritueux-american-heritage-alta\/"]}]},{"@type":"ImageObject","inLanguage":"fr-FR","@id":"https:\/\/theworldbilliards.com\/fr\/produit\/meuble-a-vin-et-spiritueux-american-heritage-alta\/#primaryimage","url":"https:\/\/theworldbilliards.com\/wp-content\/uploads\/2026\/02\/WineCabinet-Alta.jpg","contentUrl":"https:\/\/theworldbilliards.com\/wp-content\/uploads\/2026\/02\/WineCabinet-Alta.jpg","width":991,"height":991},{"@type":"BreadcrumbList","@id":"https:\/\/theworldbilliards.com\/fr\/produit\/meuble-a-vin-et-spiritueux-american-heritage-alta\/#breadcrumb","itemListElement":[{"@type":"ListItem","position":1,"name":"In\u00edcio","item":"https:\/\/theworldbilliards.com\/fr\/"},{"@type":"ListItem","position":2,"name":"Boutique en ligne","item":"https:\/\/theworldbilliards.com\/fr\/boutique-theworldbilliards\/"},{"@type":"ListItem","position":3,"name":"Meuble \u00e0 vin et spiritueux American Heritage Alta"}]},{"@type":"WebSite","@id":"https:\/\/theworldbilliards.com\/fr\/#website","url":"https:\/\/theworldbilliards.com\/fr\/","name":"TheWorldBilliards","description":"Achetez ici billard, baby-foot, ping-pong et bowling","publisher":{"@id":"https:\/\/theworldbilliards.com\/fr\/#organization"},"alternateName":"The world billiards","potentialAction":[{"@type":"SearchAction","target":{"@type":"EntryPoint","urlTemplate":"https:\/\/theworldbilliards.com\/fr\/?s={search_term_string}"},"query-input":{"@type":"PropertyValueSpecification","valueRequired":true,"valueName":"search_term_string"}}],"inLanguage":"fr-FR"},{"@type":"Organization","@id":"https:\/\/theworldbilliards.com\/fr\/#organization","name":"The World Billiards","alternateName":"The World Billiards","url":"https:\/\/theworldbilliards.com\/fr\/","logo":{"@type":"ImageObject","inLanguage":"fr-FR","@id":"https:\/\/theworldbilliards.com\/fr\/#\/schema\/logo\/image\/","url":"","contentUrl":"","caption":"The World Billiards"},"image":{"@id":"https:\/\/theworldbilliards.com\/fr\/#\/schema\/logo\/image\/"},"sameAs":["https:\/\/www.facebook.com\/baby.foot.superbes","https:\/\/www.youtube.com\/channel\/UCIMuOVAaUcH6UpZcsZlH0Tg","https:\/\/www.facebook.com\/people\/Brunswick-Billiards-EspaaPortugal\/100066446264309\/","https:\/\/www.instagram.com\/the_world_billiards\/","https:\/\/www.pinterest.es\/Theworldbilliards\/"]}]}},"_links":{"self":[{"href":"https:\/\/theworldbilliards.com\/fr\/wp-json\/wp\/v2\/product\/111012","targetHints":{"allow":["GET"]}}],"collection":[{"href":"https:\/\/theworldbilliards.com\/fr\/wp-json\/wp\/v2\/product"}],"about":[{"href":"https:\/\/theworldbilliards.com\/fr\/wp-json\/wp\/v2\/types\/product"}],"wp:featuredmedia":[{"embeddable":true,"href":"https:\/\/theworldbilliards.com\/fr\/wp-json\/wp\/v2\/media\/111036"}],"wp:attachment":[{"href":"https:\/\/theworldbilliards.com\/fr\/wp-json\/wp\/v2\/media?parent=111012"}],"wp:term":[{"taxonomy":"product_brand","embeddable":true,"href":"https:\/\/theworldbilliards.com\/fr\/wp-json\/wp\/v2\/product_brand?post=111012"},{"taxonomy":"product_cat","embeddable":true,"href":"https:\/\/theworldbilliards.com\/fr\/wp-json\/wp\/v2\/product_cat?post=111012"},{"taxonomy":"product_tag","embeddable":true,"href":"https:\/\/theworldbilliards.com\/fr\/wp-json\/wp\/v2\/product_tag?post=111012"}],"curies":[{"name":"wp","href":"https:\/\/api.w.org\/{rel}","templated":true}]}}